{"id":409,"date":"2024-08-14T22:47:24","date_gmt":"2024-08-15T02:47:24","guid":{"rendered":"https:\/\/www.lepetitepicurien.com\/?post_type=product&#038;p=409"},"modified":"2025-11-17T12:47:31","modified_gmt":"2025-11-17T17:47:31","slug":"flavor-pearls-yuzu-japanese-lemon-200g-7-06oz","status":"publish","type":"product","link":"http:\/\/www.lepetitepicurien.com\/es\/product\/flavor-pearls-yuzu-japanese-lemon-200g-7-06oz\/","title":{"rendered":"Perlas de sabor a yuzu y lim\u00f3n japon\u00e9s \u2013 200 g\/7,06 oz"},"content":{"rendered":"<p>Despierta tu paladar en un viaje sensorial con las perlas de sabor a yuzu de Christine Le Tennier. Envueltas en una delicada esfera, estas perlas estallan para liberar la esencia arom\u00e1tica y picante del yuzu, la codiciada fruta c\u00edtrica asi\u00e1tica conocida por su combinaci\u00f3n \u00fanica de acidez y dulzura sutil. Presentadas en un elegante frasco, estas perlas son un testimonio de la innovaci\u00f3n culinaria, que combina la tradici\u00f3n con el estilo gastron\u00f3mico moderno. Perfectas como guarnici\u00f3n para c\u00f3cteles, platos de mariscos, postres o ensaladas, prometen elevar tu experiencia gastron\u00f3mica con un toque de elegancia y una explosi\u00f3n de sabor. Sum\u00e9rgete en el mundo de las sorpresas gourmet con estas exquisitas perlas de yuzu.<\/p>","protected":false},"excerpt":{"rendered":"<p>Awaken your palate to a sensory voyage with Christine Le Tennier&#8217;s Yuzu Flavor Pearls. Encased in a delicate sphere, these pearls burst to release the zesty, aromatic essence of yuzu, the coveted Asian citrus fruit known for its unique blend of tartness and subtle sweetness. Presented in a stylish jar, these pearls are a testament [&hellip;]<\/p>\n","protected":false},"featured_media":439,"template":"","meta":[],"product_brand":[],"product_cat":[36],"product_tag":[],"class_list":{"0":"post-409","1":"product","2":"type-product","3":"status-publish","4":"has-post-thumbnail","6":"product_cat-flavor-pearls","7":"product_shipping_class-cooler","9":"first","10":"instock","11":"taxable","12":"shipping-taxable","13":"purchasable","14":"product-type-simple"},"yoast_head":"<!-- This site is optimized with the Yoast SEO plugin v27.5 - https:\/\/yoast.com\/product\/yoast-seo-wordpress\/ -->\n<title>Flavor Pearls Yuzu Japanese Lemon - 200g\/7.06oz - Le Petit Epicurien<\/title>\n<meta name=\"robots\" content=\"index, follow, max-snippet:-1, max-image-preview:large, max-video-preview:-1\" \/>\n<link rel=\"canonical\" href=\"https:\/\/www.lepetitepicurien.com\/es\/producto\/perlas-de-sabor-a-yuzu-y-limon-japones-200-g-706-oz\/\" \/>\n<meta property=\"og:locale\" content=\"es_ES\" \/>\n<meta property=\"og:type\" content=\"article\" \/>\n<meta property=\"og:title\" content=\"Flavor Pearls Yuzu Japanese Lemon - 200g\/7.06oz - Le Petit Epicurien\" \/>\n<meta property=\"og:description\" content=\"Awaken your palate to a sensory voyage with Christine Le Tennier&#8217;s Yuzu Flavor Pearls. Encased in a delicate sphere, these pearls burst to release the zesty, aromatic essence of yuzu, the coveted Asian citrus fruit known for its unique blend of tartness and subtle sweetness. Presented in a stylish jar, these pearls are a testament [&hellip;]\" \/>\n<meta property=\"og:url\" content=\"https:\/\/www.lepetitepicurien.com\/es\/producto\/perlas-de-sabor-a-yuzu-y-limon-japones-200-g-706-oz\/\" \/>\n<meta property=\"og:site_name\" content=\"Le Petit Epicurien\" \/>\n<meta property=\"article:modified_time\" content=\"2025-11-17T17:47:31+00:00\" \/>\n<meta property=\"og:image\" content=\"https:\/\/www.lepetitepicurien.com\/wp-content\/uploads\/2024\/08\/P94583-2-1.jpg\" \/>\n\t<meta property=\"og:image:width\" content=\"600\" \/>\n\t<meta property=\"og:image:height\" content=\"600\" \/>\n\t<meta property=\"og:image:type\" content=\"image\/jpeg\" \/>\n<meta name=\"twitter:card\" content=\"summary_large_image\" \/>\n<meta name=\"twitter:label1\" content=\"Tiempo de lectura\" \/>\n\t<meta name=\"twitter:data1\" content=\"1 minuto\" \/>\n<script type=\"application\/ld+json\" class=\"yoast-schema-graph\">{\"@context\":\"https:\\\/\\\/schema.org\",\"@graph\":[{\"@type\":\"WebPage\",\"@id\":\"https:\\\/\\\/www.lepetitepicurien.com\\\/product\\\/flavor-pearls-yuzu-japanese-lemon-200g-7-06oz\\\/\",\"url\":\"https:\\\/\\\/www.lepetitepicurien.com\\\/product\\\/flavor-pearls-yuzu-japanese-lemon-200g-7-06oz\\\/\",\"name\":\"Flavor Pearls Yuzu Japanese Lemon - 200g\\\/7.06oz - Le Petit Epicurien\",\"isPartOf\":{\"@id\":\"https:\\\/\\\/www.lepetitepicurien.com\\\/#website\"},\"primaryImageOfPage\":{\"@id\":\"https:\\\/\\\/www.lepetitepicurien.com\\\/product\\\/flavor-pearls-yuzu-japanese-lemon-200g-7-06oz\\\/#primaryimage\"},\"image\":{\"@id\":\"https:\\\/\\\/www.lepetitepicurien.com\\\/product\\\/flavor-pearls-yuzu-japanese-lemon-200g-7-06oz\\\/#primaryimage\"},\"thumbnailUrl\":\"https:\\\/\\\/www.lepetitepicurien.com\\\/wp-content\\\/uploads\\\/2024\\\/08\\\/P94583-2-1.jpg\",\"datePublished\":\"2024-08-15T02:47:24+00:00\",\"dateModified\":\"2025-11-17T17:47:31+00:00\",\"breadcrumb\":{\"@id\":\"https:\\\/\\\/www.lepetitepicurien.com\\\/product\\\/flavor-pearls-yuzu-japanese-lemon-200g-7-06oz\\\/#breadcrumb\"},\"inLanguage\":\"es\",\"potentialAction\":[{\"@type\":\"ReadAction\",\"target\":[\"https:\\\/\\\/www.lepetitepicurien.com\\\/product\\\/flavor-pearls-yuzu-japanese-lemon-200g-7-06oz\\\/\"]}]},{\"@type\":\"ImageObject\",\"inLanguage\":\"es\",\"@id\":\"https:\\\/\\\/www.lepetitepicurien.com\\\/product\\\/flavor-pearls-yuzu-japanese-lemon-200g-7-06oz\\\/#primaryimage\",\"url\":\"https:\\\/\\\/www.lepetitepicurien.com\\\/wp-content\\\/uploads\\\/2024\\\/08\\\/P94583-2-1.jpg\",\"contentUrl\":\"https:\\\/\\\/www.lepetitepicurien.com\\\/wp-content\\\/uploads\\\/2024\\\/08\\\/P94583-2-1.jpg\",\"width\":600,\"height\":600},{\"@type\":\"BreadcrumbList\",\"@id\":\"https:\\\/\\\/www.lepetitepicurien.com\\\/product\\\/flavor-pearls-yuzu-japanese-lemon-200g-7-06oz\\\/#breadcrumb\",\"itemListElement\":[{\"@type\":\"ListItem\",\"position\":1,\"name\":\"Home\",\"item\":\"https:\\\/\\\/www.lepetitepicurien.com\\\/\"},{\"@type\":\"ListItem\",\"position\":2,\"name\":\"Shop\",\"item\":\"https:\\\/\\\/www.lepetitepicurien.com\\\/shop\\\/\"},{\"@type\":\"ListItem\",\"position\":3,\"name\":\"Flavor Pearls Yuzu Japanese Lemon &#8211; 200g\\\/7.06oz\"}]},{\"@type\":\"WebSite\",\"@id\":\"https:\\\/\\\/www.lepetitepicurien.com\\\/#website\",\"url\":\"https:\\\/\\\/www.lepetitepicurien.com\\\/\",\"name\":\"Le Petit Epicurien\",\"description\":\"Online Grocery for European Gourmet Food\",\"publisher\":{\"@id\":\"https:\\\/\\\/www.lepetitepicurien.com\\\/#organization\"},\"potentialAction\":[{\"@type\":\"SearchAction\",\"target\":{\"@type\":\"EntryPoint\",\"urlTemplate\":\"https:\\\/\\\/www.lepetitepicurien.com\\\/?s={search_term_string}\"},\"query-input\":{\"@type\":\"PropertyValueSpecification\",\"valueRequired\":true,\"valueName\":\"search_term_string\"}}],\"inLanguage\":\"es\"},{\"@type\":\"Organization\",\"@id\":\"https:\\\/\\\/www.lepetitepicurien.com\\\/#organization\",\"name\":\"Le Petit Epicurien\",\"url\":\"https:\\\/\\\/www.lepetitepicurien.com\\\/\",\"logo\":{\"@type\":\"ImageObject\",\"inLanguage\":\"es\",\"@id\":\"https:\\\/\\\/www.lepetitepicurien.com\\\/#\\\/schema\\\/logo\\\/image\\\/\",\"url\":\"https:\\\/\\\/www.lepetitepicurien.com\\\/wp-content\\\/uploads\\\/2024\\\/03\\\/logo.png\",\"contentUrl\":\"https:\\\/\\\/www.lepetitepicurien.com\\\/wp-content\\\/uploads\\\/2024\\\/03\\\/logo.png\",\"width\":1024,\"height\":1024,\"caption\":\"Le Petit Epicurien\"},\"image\":{\"@id\":\"https:\\\/\\\/www.lepetitepicurien.com\\\/#\\\/schema\\\/logo\\\/image\\\/\"}}]}<\/script>\n<!-- \/ Yoast SEO plugin. -->","yoast_head_json":{"title":"Perlas de sabor a yuzu y lim\u00f3n japon\u00e9s - 200 g\/7,06 oz - Le Petit Epicurien","robots":{"index":"index","follow":"follow","max-snippet":"max-snippet:-1","max-image-preview":"max-image-preview:large","max-video-preview":"max-video-preview:-1"},"canonical":"https:\/\/www.lepetitepicurien.com\/es\/producto\/perlas-de-sabor-a-yuzu-y-limon-japones-200-g-706-oz\/","og_locale":"es_ES","og_type":"article","og_title":"Flavor Pearls Yuzu Japanese Lemon - 200g\/7.06oz - Le Petit Epicurien","og_description":"Awaken your palate to a sensory voyage with Christine Le Tennier&#8217;s Yuzu Flavor Pearls. Encased in a delicate sphere, these pearls burst to release the zesty, aromatic essence of yuzu, the coveted Asian citrus fruit known for its unique blend of tartness and subtle sweetness. Presented in a stylish jar, these pearls are a testament [&hellip;]","og_url":"https:\/\/www.lepetitepicurien.com\/es\/producto\/perlas-de-sabor-a-yuzu-y-limon-japones-200-g-706-oz\/","og_site_name":"Le Petit Epicurien","article_modified_time":"2025-11-17T17:47:31+00:00","og_image":[{"width":600,"height":600,"url":"https:\/\/www.lepetitepicurien.com\/wp-content\/uploads\/2024\/08\/P94583-2-1.jpg","type":"image\/jpeg"}],"twitter_card":"summary_large_image","twitter_misc":{"Tiempo de lectura":"1 minuto"},"schema":{"@context":"https:\/\/schema.org","@graph":[{"@type":"WebPage","@id":"https:\/\/www.lepetitepicurien.com\/product\/flavor-pearls-yuzu-japanese-lemon-200g-7-06oz\/","url":"https:\/\/www.lepetitepicurien.com\/product\/flavor-pearls-yuzu-japanese-lemon-200g-7-06oz\/","name":"Perlas de sabor a yuzu y lim\u00f3n japon\u00e9s - 200 g\/7,06 oz - Le Petit Epicurien","isPartOf":{"@id":"https:\/\/www.lepetitepicurien.com\/#website"},"primaryImageOfPage":{"@id":"https:\/\/www.lepetitepicurien.com\/product\/flavor-pearls-yuzu-japanese-lemon-200g-7-06oz\/#primaryimage"},"image":{"@id":"https:\/\/www.lepetitepicurien.com\/product\/flavor-pearls-yuzu-japanese-lemon-200g-7-06oz\/#primaryimage"},"thumbnailUrl":"https:\/\/www.lepetitepicurien.com\/wp-content\/uploads\/2024\/08\/P94583-2-1.jpg","datePublished":"2024-08-15T02:47:24+00:00","dateModified":"2025-11-17T17:47:31+00:00","breadcrumb":{"@id":"https:\/\/www.lepetitepicurien.com\/product\/flavor-pearls-yuzu-japanese-lemon-200g-7-06oz\/#breadcrumb"},"inLanguage":"es","potentialAction":[{"@type":"ReadAction","target":["https:\/\/www.lepetitepicurien.com\/product\/flavor-pearls-yuzu-japanese-lemon-200g-7-06oz\/"]}]},{"@type":"ImageObject","inLanguage":"es","@id":"https:\/\/www.lepetitepicurien.com\/product\/flavor-pearls-yuzu-japanese-lemon-200g-7-06oz\/#primaryimage","url":"https:\/\/www.lepetitepicurien.com\/wp-content\/uploads\/2024\/08\/P94583-2-1.jpg","contentUrl":"https:\/\/www.lepetitepicurien.com\/wp-content\/uploads\/2024\/08\/P94583-2-1.jpg","width":600,"height":600},{"@type":"BreadcrumbList","@id":"https:\/\/www.lepetitepicurien.com\/product\/flavor-pearls-yuzu-japanese-lemon-200g-7-06oz\/#breadcrumb","itemListElement":[{"@type":"ListItem","position":1,"name":"Home","item":"https:\/\/www.lepetitepicurien.com\/"},{"@type":"ListItem","position":2,"name":"Shop","item":"https:\/\/www.lepetitepicurien.com\/shop\/"},{"@type":"ListItem","position":3,"name":"Flavor Pearls Yuzu Japanese Lemon &#8211; 200g\/7.06oz"}]},{"@type":"WebSite","@id":"https:\/\/www.lepetitepicurien.com\/#website","url":"https:\/\/www.lepetitepicurien.com\/","name":"El peque\u00f1o epicurien","description":"Tienda de alimentaci\u00f3n online de comida gourmet europea","publisher":{"@id":"https:\/\/www.lepetitepicurien.com\/#organization"},"potentialAction":[{"@type":"SearchAction","target":{"@type":"EntryPoint","urlTemplate":"https:\/\/www.lepetitepicurien.com\/?s={search_term_string}"},"query-input":{"@type":"PropertyValueSpecification","valueRequired":true,"valueName":"search_term_string"}}],"inLanguage":"es"},{"@type":"Organization","@id":"https:\/\/www.lepetitepicurien.com\/#organization","name":"El peque\u00f1o epicurien","url":"https:\/\/www.lepetitepicurien.com\/","logo":{"@type":"ImageObject","inLanguage":"es","@id":"https:\/\/www.lepetitepicurien.com\/#\/schema\/logo\/image\/","url":"https:\/\/www.lepetitepicurien.com\/wp-content\/uploads\/2024\/03\/logo.png","contentUrl":"https:\/\/www.lepetitepicurien.com\/wp-content\/uploads\/2024\/03\/logo.png","width":1024,"height":1024,"caption":"Le Petit Epicurien"},"image":{"@id":"https:\/\/www.lepetitepicurien.com\/#\/schema\/logo\/image\/"}}]}},"jetpack_sharing_enabled":true,"_links":{"self":[{"href":"http:\/\/www.lepetitepicurien.com\/es\/wp-json\/wp\/v2\/product\/409","targetHints":{"allow":["GET"]}}],"collection":[{"href":"http:\/\/www.lepetitepicurien.com\/es\/wp-json\/wp\/v2\/product"}],"about":[{"href":"http:\/\/www.lepetitepicurien.com\/es\/wp-json\/wp\/v2\/types\/product"}],"wp:featuredmedia":[{"embeddable":true,"href":"http:\/\/www.lepetitepicurien.com\/es\/wp-json\/wp\/v2\/media\/439"}],"wp:attachment":[{"href":"http:\/\/www.lepetitepicurien.com\/es\/wp-json\/wp\/v2\/media?parent=409"}],"wp:term":[{"taxonomy":"product_brand","embeddable":true,"href":"http:\/\/www.lepetitepicurien.com\/es\/wp-json\/wp\/v2\/product_brand?post=409"},{"taxonomy":"product_cat","embeddable":true,"href":"http:\/\/www.lepetitepicurien.com\/es\/wp-json\/wp\/v2\/product_cat?post=409"},{"taxonomy":"product_tag","embeddable":true,"href":"http:\/\/www.lepetitepicurien.com\/es\/wp-json\/wp\/v2\/product_tag?post=409"}],"curies":[{"name":"wp","href":"https:\/\/api.w.org\/{rel}","templated":true}]}}