{"id":586,"date":"2024-08-14T22:48:57","date_gmt":"2024-08-15T02:48:57","guid":{"rendered":"https:\/\/www.lepetitepicurien.com\/?post_type=product&#038;p=586"},"modified":"2026-01-06T08:48:07","modified_gmt":"2026-01-06T13:48:07","slug":"pate-campagne-with-black-pepper-1-6kg-3-5lb","status":"publish","type":"product","link":"http:\/\/www.lepetitepicurien.com\/es\/product\/pate-campagne-with-black-pepper-1-6kg-3-5lb\/","title":{"rendered":"Pat\u00e9 Campagne con pimienta negra \u2013 1,6 kg\/3,5 lb"},"content":{"rendered":"<p>Sum\u00e9rgete en los aut\u00e9nticos sabores de la campi\u00f1a francesa con nuestro P\u00e2t\u00e9 Campagne. Elaborado artesanalmente con recetas tradicionales, este grueso pat\u00e9 de cerdo se realza con una generosa infusi\u00f3n de rica pimienta negra. Perfectamente equilibrado, ofrece una deliciosa combinaci\u00f3n de sabrosa carne y un toque picante. Ya sea que lo untes sobre una baguette fresca o lo sirvas como parte de una tabla de embutidos, este pat\u00e9 promete una experiencia gourmet que recuerda al arte culinario franc\u00e9s milenario. El peso puede variar levemente.<\/p>","protected":false},"excerpt":{"rendered":"<p>Dive into the authentic flavors of the French countryside with our P\u00e2t\u00e9 Campagne. Handcrafted using traditional recipes, this coarse pork p\u00e2t\u00e9 is elevated with a generous infusion of rich black pepper. Perfectly balanced, it offers a delectable combination of savory meat and a spicy kick. Whether you&#8217;re spreading it on fresh baguette or serving as [&hellip;]<\/p>\n","protected":false},"featured_media":602,"template":"","meta":[],"product_brand":[],"product_cat":[32],"product_tag":[],"class_list":{"0":"post-586","1":"product","2":"type-product","3":"status-publish","4":"has-post-thumbnail","6":"product_cat-delicatessen","7":"product_shipping_class-frozen","9":"first","10":"instock","11":"taxable","12":"shipping-taxable","13":"purchasable","14":"product-type-simple"},"yoast_head":"<!-- This site is optimized with the Yoast SEO plugin v27.3 - https:\/\/yoast.com\/product\/yoast-seo-wordpress\/ -->\n<title>P\u00e2t\u00e9 Campagne with Black Pepper - 1.6kg\/3.5lb - Le Petit Epicurien<\/title>\n<meta name=\"robots\" content=\"index, follow, max-snippet:-1, max-image-preview:large, max-video-preview:-1\" \/>\n<link rel=\"canonical\" href=\"https:\/\/www.lepetitepicurien.com\/es\/producto\/pate-de-campana-con-pimienta-negra-1-6-kg-3-5-lb\/\" \/>\n<meta property=\"og:locale\" content=\"es_ES\" \/>\n<meta property=\"og:type\" content=\"article\" \/>\n<meta property=\"og:title\" content=\"P\u00e2t\u00e9 Campagne with Black Pepper - 1.6kg\/3.5lb - Le Petit Epicurien\" \/>\n<meta property=\"og:description\" content=\"Dive into the authentic flavors of the French countryside with our P\u00e2t\u00e9 Campagne. Handcrafted using traditional recipes, this coarse pork p\u00e2t\u00e9 is elevated with a generous infusion of rich black pepper. Perfectly balanced, it offers a delectable combination of savory meat and a spicy kick. Whether you&#8217;re spreading it on fresh baguette or serving as [&hellip;]\" \/>\n<meta property=\"og:url\" content=\"https:\/\/www.lepetitepicurien.com\/es\/producto\/pate-de-campana-con-pimienta-negra-1-6-kg-3-5-lb\/\" \/>\n<meta property=\"og:site_name\" content=\"Le Petit Epicurien\" \/>\n<meta property=\"article:modified_time\" content=\"2026-01-06T13:48:07+00:00\" \/>\n<meta property=\"og:image\" content=\"https:\/\/www.lepetitepicurien.com\/wp-content\/uploads\/2024\/08\/FGT0012-2-1.jpg\" \/>\n\t<meta property=\"og:image:width\" content=\"600\" \/>\n\t<meta property=\"og:image:height\" content=\"600\" \/>\n\t<meta property=\"og:image:type\" content=\"image\/jpeg\" \/>\n<meta name=\"twitter:card\" content=\"summary_large_image\" \/>\n<meta name=\"twitter:label1\" content=\"Tiempo de lectura\" \/>\n\t<meta name=\"twitter:data1\" content=\"1 minuto\" \/>\n<script type=\"application\/ld+json\" class=\"yoast-schema-graph\">{\"@context\":\"https:\\\/\\\/schema.org\",\"@graph\":[{\"@type\":\"WebPage\",\"@id\":\"https:\\\/\\\/www.lepetitepicurien.com\\\/product\\\/pate-campagne-with-black-pepper-1-6kg-3-5lb\\\/\",\"url\":\"https:\\\/\\\/www.lepetitepicurien.com\\\/product\\\/pate-campagne-with-black-pepper-1-6kg-3-5lb\\\/\",\"name\":\"P\u00e2t\u00e9 Campagne with Black Pepper - 1.6kg\\\/3.5lb - Le Petit Epicurien\",\"isPartOf\":{\"@id\":\"https:\\\/\\\/www.lepetitepicurien.com\\\/#website\"},\"primaryImageOfPage\":{\"@id\":\"https:\\\/\\\/www.lepetitepicurien.com\\\/product\\\/pate-campagne-with-black-pepper-1-6kg-3-5lb\\\/#primaryimage\"},\"image\":{\"@id\":\"https:\\\/\\\/www.lepetitepicurien.com\\\/product\\\/pate-campagne-with-black-pepper-1-6kg-3-5lb\\\/#primaryimage\"},\"thumbnailUrl\":\"https:\\\/\\\/www.lepetitepicurien.com\\\/wp-content\\\/uploads\\\/2024\\\/08\\\/FGT0012-2-1.jpg\",\"datePublished\":\"2024-08-15T02:48:57+00:00\",\"dateModified\":\"2026-01-06T13:48:07+00:00\",\"breadcrumb\":{\"@id\":\"https:\\\/\\\/www.lepetitepicurien.com\\\/product\\\/pate-campagne-with-black-pepper-1-6kg-3-5lb\\\/#breadcrumb\"},\"inLanguage\":\"es\",\"potentialAction\":[{\"@type\":\"ReadAction\",\"target\":[\"https:\\\/\\\/www.lepetitepicurien.com\\\/product\\\/pate-campagne-with-black-pepper-1-6kg-3-5lb\\\/\"]}]},{\"@type\":\"ImageObject\",\"inLanguage\":\"es\",\"@id\":\"https:\\\/\\\/www.lepetitepicurien.com\\\/product\\\/pate-campagne-with-black-pepper-1-6kg-3-5lb\\\/#primaryimage\",\"url\":\"https:\\\/\\\/www.lepetitepicurien.com\\\/wp-content\\\/uploads\\\/2024\\\/08\\\/FGT0012-2-1.jpg\",\"contentUrl\":\"https:\\\/\\\/www.lepetitepicurien.com\\\/wp-content\\\/uploads\\\/2024\\\/08\\\/FGT0012-2-1.jpg\",\"width\":600,\"height\":600},{\"@type\":\"BreadcrumbList\",\"@id\":\"https:\\\/\\\/www.lepetitepicurien.com\\\/product\\\/pate-campagne-with-black-pepper-1-6kg-3-5lb\\\/#breadcrumb\",\"itemListElement\":[{\"@type\":\"ListItem\",\"position\":1,\"name\":\"Home\",\"item\":\"https:\\\/\\\/www.lepetitepicurien.com\\\/\"},{\"@type\":\"ListItem\",\"position\":2,\"name\":\"Shop\",\"item\":\"https:\\\/\\\/www.lepetitepicurien.com\\\/shop\\\/\"},{\"@type\":\"ListItem\",\"position\":3,\"name\":\"P\u00e2t\u00e9 Campagne with Black Pepper &#8211; 1.6kg\\\/3.5lb\"}]},{\"@type\":\"WebSite\",\"@id\":\"https:\\\/\\\/www.lepetitepicurien.com\\\/#website\",\"url\":\"https:\\\/\\\/www.lepetitepicurien.com\\\/\",\"name\":\"Le Petit Epicurien\",\"description\":\"Online Grocery for European Gourmet Food\",\"publisher\":{\"@id\":\"https:\\\/\\\/www.lepetitepicurien.com\\\/#organization\"},\"potentialAction\":[{\"@type\":\"SearchAction\",\"target\":{\"@type\":\"EntryPoint\",\"urlTemplate\":\"https:\\\/\\\/www.lepetitepicurien.com\\\/?s={search_term_string}\"},\"query-input\":{\"@type\":\"PropertyValueSpecification\",\"valueRequired\":true,\"valueName\":\"search_term_string\"}}],\"inLanguage\":\"es\"},{\"@type\":\"Organization\",\"@id\":\"https:\\\/\\\/www.lepetitepicurien.com\\\/#organization\",\"name\":\"Le Petit Epicurien\",\"url\":\"https:\\\/\\\/www.lepetitepicurien.com\\\/\",\"logo\":{\"@type\":\"ImageObject\",\"inLanguage\":\"es\",\"@id\":\"https:\\\/\\\/www.lepetitepicurien.com\\\/#\\\/schema\\\/logo\\\/image\\\/\",\"url\":\"https:\\\/\\\/www.lepetitepicurien.com\\\/wp-content\\\/uploads\\\/2024\\\/03\\\/logo.png\",\"contentUrl\":\"https:\\\/\\\/www.lepetitepicurien.com\\\/wp-content\\\/uploads\\\/2024\\\/03\\\/logo.png\",\"width\":1024,\"height\":1024,\"caption\":\"Le Petit Epicurien\"},\"image\":{\"@id\":\"https:\\\/\\\/www.lepetitepicurien.com\\\/#\\\/schema\\\/logo\\\/image\\\/\"}}]}<\/script>\n<!-- \/ Yoast SEO plugin. -->","yoast_head_json":{"title":"Pat\u00e9 Campagne con Pimienta Negra - 1,6kg\/3,5lb - Le Petit Epicurien","robots":{"index":"index","follow":"follow","max-snippet":"max-snippet:-1","max-image-preview":"max-image-preview:large","max-video-preview":"max-video-preview:-1"},"canonical":"https:\/\/www.lepetitepicurien.com\/es\/producto\/pate-de-campana-con-pimienta-negra-1-6-kg-3-5-lb\/","og_locale":"es_ES","og_type":"article","og_title":"P\u00e2t\u00e9 Campagne with Black Pepper - 1.6kg\/3.5lb - Le Petit Epicurien","og_description":"Dive into the authentic flavors of the French countryside with our P\u00e2t\u00e9 Campagne. Handcrafted using traditional recipes, this coarse pork p\u00e2t\u00e9 is elevated with a generous infusion of rich black pepper. Perfectly balanced, it offers a delectable combination of savory meat and a spicy kick. Whether you&#8217;re spreading it on fresh baguette or serving as [&hellip;]","og_url":"https:\/\/www.lepetitepicurien.com\/es\/producto\/pate-de-campana-con-pimienta-negra-1-6-kg-3-5-lb\/","og_site_name":"Le Petit Epicurien","article_modified_time":"2026-01-06T13:48:07+00:00","og_image":[{"width":600,"height":600,"url":"https:\/\/www.lepetitepicurien.com\/wp-content\/uploads\/2024\/08\/FGT0012-2-1.jpg","type":"image\/jpeg"}],"twitter_card":"summary_large_image","twitter_misc":{"Tiempo de lectura":"1 minuto"},"schema":{"@context":"https:\/\/schema.org","@graph":[{"@type":"WebPage","@id":"https:\/\/www.lepetitepicurien.com\/product\/pate-campagne-with-black-pepper-1-6kg-3-5lb\/","url":"https:\/\/www.lepetitepicurien.com\/product\/pate-campagne-with-black-pepper-1-6kg-3-5lb\/","name":"Pat\u00e9 Campagne con Pimienta Negra - 1,6kg\/3,5lb - Le Petit Epicurien","isPartOf":{"@id":"https:\/\/www.lepetitepicurien.com\/#website"},"primaryImageOfPage":{"@id":"https:\/\/www.lepetitepicurien.com\/product\/pate-campagne-with-black-pepper-1-6kg-3-5lb\/#primaryimage"},"image":{"@id":"https:\/\/www.lepetitepicurien.com\/product\/pate-campagne-with-black-pepper-1-6kg-3-5lb\/#primaryimage"},"thumbnailUrl":"https:\/\/www.lepetitepicurien.com\/wp-content\/uploads\/2024\/08\/FGT0012-2-1.jpg","datePublished":"2024-08-15T02:48:57+00:00","dateModified":"2026-01-06T13:48:07+00:00","breadcrumb":{"@id":"https:\/\/www.lepetitepicurien.com\/product\/pate-campagne-with-black-pepper-1-6kg-3-5lb\/#breadcrumb"},"inLanguage":"es","potentialAction":[{"@type":"ReadAction","target":["https:\/\/www.lepetitepicurien.com\/product\/pate-campagne-with-black-pepper-1-6kg-3-5lb\/"]}]},{"@type":"ImageObject","inLanguage":"es","@id":"https:\/\/www.lepetitepicurien.com\/product\/pate-campagne-with-black-pepper-1-6kg-3-5lb\/#primaryimage","url":"https:\/\/www.lepetitepicurien.com\/wp-content\/uploads\/2024\/08\/FGT0012-2-1.jpg","contentUrl":"https:\/\/www.lepetitepicurien.com\/wp-content\/uploads\/2024\/08\/FGT0012-2-1.jpg","width":600,"height":600},{"@type":"BreadcrumbList","@id":"https:\/\/www.lepetitepicurien.com\/product\/pate-campagne-with-black-pepper-1-6kg-3-5lb\/#breadcrumb","itemListElement":[{"@type":"ListItem","position":1,"name":"Home","item":"https:\/\/www.lepetitepicurien.com\/"},{"@type":"ListItem","position":2,"name":"Shop","item":"https:\/\/www.lepetitepicurien.com\/shop\/"},{"@type":"ListItem","position":3,"name":"P\u00e2t\u00e9 Campagne with Black Pepper &#8211; 1.6kg\/3.5lb"}]},{"@type":"WebSite","@id":"https:\/\/www.lepetitepicurien.com\/#website","url":"https:\/\/www.lepetitepicurien.com\/","name":"El peque\u00f1o epicurien","description":"Tienda de alimentaci\u00f3n online de comida gourmet europea","publisher":{"@id":"https:\/\/www.lepetitepicurien.com\/#organization"},"potentialAction":[{"@type":"SearchAction","target":{"@type":"EntryPoint","urlTemplate":"https:\/\/www.lepetitepicurien.com\/?s={search_term_string}"},"query-input":{"@type":"PropertyValueSpecification","valueRequired":true,"valueName":"search_term_string"}}],"inLanguage":"es"},{"@type":"Organization","@id":"https:\/\/www.lepetitepicurien.com\/#organization","name":"El peque\u00f1o epicurien","url":"https:\/\/www.lepetitepicurien.com\/","logo":{"@type":"ImageObject","inLanguage":"es","@id":"https:\/\/www.lepetitepicurien.com\/#\/schema\/logo\/image\/","url":"https:\/\/www.lepetitepicurien.com\/wp-content\/uploads\/2024\/03\/logo.png","contentUrl":"https:\/\/www.lepetitepicurien.com\/wp-content\/uploads\/2024\/03\/logo.png","width":1024,"height":1024,"caption":"Le Petit Epicurien"},"image":{"@id":"https:\/\/www.lepetitepicurien.com\/#\/schema\/logo\/image\/"}}]}},"jetpack_sharing_enabled":true,"_links":{"self":[{"href":"http:\/\/www.lepetitepicurien.com\/es\/wp-json\/wp\/v2\/product\/586","targetHints":{"allow":["GET"]}}],"collection":[{"href":"http:\/\/www.lepetitepicurien.com\/es\/wp-json\/wp\/v2\/product"}],"about":[{"href":"http:\/\/www.lepetitepicurien.com\/es\/wp-json\/wp\/v2\/types\/product"}],"wp:featuredmedia":[{"embeddable":true,"href":"http:\/\/www.lepetitepicurien.com\/es\/wp-json\/wp\/v2\/media\/602"}],"wp:attachment":[{"href":"http:\/\/www.lepetitepicurien.com\/es\/wp-json\/wp\/v2\/media?parent=586"}],"wp:term":[{"taxonomy":"product_brand","embeddable":true,"href":"http:\/\/www.lepetitepicurien.com\/es\/wp-json\/wp\/v2\/product_brand?post=586"},{"taxonomy":"product_cat","embeddable":true,"href":"http:\/\/www.lepetitepicurien.com\/es\/wp-json\/wp\/v2\/product_cat?post=586"},{"taxonomy":"product_tag","embeddable":true,"href":"http:\/\/www.lepetitepicurien.com\/es\/wp-json\/wp\/v2\/product_tag?post=586"}],"curies":[{"name":"wp","href":"https:\/\/api.w.org\/{rel}","templated":true}]}}