{"id":592,"date":"2024-08-14T22:48:58","date_gmt":"2024-08-15T02:48:58","guid":{"rendered":"https:\/\/www.lepetitepicurien.com\/?post_type=product&#038;p=592"},"modified":"2025-10-29T13:10:52","modified_gmt":"2025-10-29T17:10:52","slug":"white-anchovies-marinated-boqueron-380g-13-40oz","status":"publish","type":"product","link":"http:\/\/www.lepetitepicurien.com\/es\/product\/white-anchovies-marinated-boqueron-380g-13-40oz\/","title":{"rendered":"Boquerones Marinados Blancos BOQUERON \u2013 380g\/13.40oz"},"content":{"rendered":"<p>Los boquerones marinados BOQUERON (380 g) son un manjar originario de las regiones costeras de Espa\u00f1a, apreciado por su textura tierna y carnosa y su sabor suave y ligeramente \u00e1cido. Estos boquerones premium, tambi\u00e9n conocidos como &quot;boquerones&quot;, se seleccionan a mano y se marinan en una mezcla de vinagre, aceite de oliva y hierbas, lo que les da un sabor brillante y fresco distinto al de las anchoas saladas tradicionales. Ideales como plato de tapas, aperitivo o ingrediente gourmet, estos boquerones blancos marinados son perfectos para agregar un toque sofisticado a ensaladas, bruschetta o simplemente para servir con pan crujiente y aceitunas. Su preparaci\u00f3n de alta calidad y su aut\u00e9ntico sabor mediterr\u00e1neo los convierten en los favoritos entre los amantes y conocedores de los mariscos.<\/p>","protected":false},"excerpt":{"rendered":"<p>White Anchovies Marinated BOQUERON (380g) is a delicacy originating from the coastal regions of Spain, prized for its tender, meaty texture and mild, slightly tangy flavor. These premium white anchovies, also known as &#8220;boquerones,&#8221; are hand-selected and marinated in a blend of vinegar, olive oil, and herbs, which gives them a bright, fresh taste distinct [&hellip;]<\/p>\n","protected":false},"featured_media":690,"template":"","meta":[],"product_brand":[],"product_cat":[32],"product_tag":[],"class_list":{"0":"post-592","1":"product","2":"type-product","3":"status-publish","4":"has-post-thumbnail","6":"product_cat-delicatessen","7":"product_shipping_class-frozen","9":"first","10":"outofstock","11":"taxable","12":"shipping-taxable","13":"purchasable","14":"product-type-simple"},"yoast_head":"<!-- This site is optimized with the Yoast SEO plugin v27.3 - https:\/\/yoast.com\/product\/yoast-seo-wordpress\/ -->\n<title>White Anchovies Marinated BOQUERON - 380g\/13.40oz - Le Petit Epicurien<\/title>\n<meta name=\"robots\" content=\"index, follow, max-snippet:-1, max-image-preview:large, max-video-preview:-1\" \/>\n<link rel=\"canonical\" href=\"https:\/\/www.lepetitepicurien.com\/es\/producto\/boqueron-de-anchoas-blancas-marinadas-380g-13-40oz\/\" \/>\n<meta property=\"og:locale\" content=\"es_ES\" \/>\n<meta property=\"og:type\" content=\"article\" \/>\n<meta property=\"og:title\" content=\"White Anchovies Marinated BOQUERON - 380g\/13.40oz - Le Petit Epicurien\" \/>\n<meta property=\"og:description\" content=\"White Anchovies Marinated BOQUERON (380g) is a delicacy originating from the coastal regions of Spain, prized for its tender, meaty texture and mild, slightly tangy flavor. These premium white anchovies, also known as &#8220;boquerones,&#8221; are hand-selected and marinated in a blend of vinegar, olive oil, and herbs, which gives them a bright, fresh taste distinct [&hellip;]\" \/>\n<meta property=\"og:url\" content=\"https:\/\/www.lepetitepicurien.com\/es\/producto\/boqueron-de-anchoas-blancas-marinadas-380g-13-40oz\/\" \/>\n<meta property=\"og:site_name\" content=\"Le Petit Epicurien\" \/>\n<meta property=\"article:modified_time\" content=\"2025-10-29T17:10:52+00:00\" \/>\n<meta property=\"og:image\" content=\"https:\/\/www.lepetitepicurien.com\/wp-content\/uploads\/2024\/08\/anchovies-boqueron.jpg\" \/>\n\t<meta property=\"og:image:width\" content=\"1500\" \/>\n\t<meta property=\"og:image:height\" content=\"1500\" \/>\n\t<meta property=\"og:image:type\" content=\"image\/jpeg\" \/>\n<meta name=\"twitter:card\" content=\"summary_large_image\" \/>\n<meta name=\"twitter:label1\" content=\"Tiempo de lectura\" \/>\n\t<meta name=\"twitter:data1\" content=\"1 minuto\" \/>\n<script type=\"application\/ld+json\" class=\"yoast-schema-graph\">{\"@context\":\"https:\\\/\\\/schema.org\",\"@graph\":[{\"@type\":\"WebPage\",\"@id\":\"https:\\\/\\\/www.lepetitepicurien.com\\\/product\\\/white-anchovies-marinated-boqueron-380g-13-40oz\\\/\",\"url\":\"https:\\\/\\\/www.lepetitepicurien.com\\\/product\\\/white-anchovies-marinated-boqueron-380g-13-40oz\\\/\",\"name\":\"White Anchovies Marinated BOQUERON - 380g\\\/13.40oz - Le Petit Epicurien\",\"isPartOf\":{\"@id\":\"https:\\\/\\\/www.lepetitepicurien.com\\\/#website\"},\"primaryImageOfPage\":{\"@id\":\"https:\\\/\\\/www.lepetitepicurien.com\\\/product\\\/white-anchovies-marinated-boqueron-380g-13-40oz\\\/#primaryimage\"},\"image\":{\"@id\":\"https:\\\/\\\/www.lepetitepicurien.com\\\/product\\\/white-anchovies-marinated-boqueron-380g-13-40oz\\\/#primaryimage\"},\"thumbnailUrl\":\"https:\\\/\\\/www.lepetitepicurien.com\\\/wp-content\\\/uploads\\\/2024\\\/08\\\/anchovies-boqueron.jpg\",\"datePublished\":\"2024-08-15T02:48:58+00:00\",\"dateModified\":\"2025-10-29T17:10:52+00:00\",\"breadcrumb\":{\"@id\":\"https:\\\/\\\/www.lepetitepicurien.com\\\/product\\\/white-anchovies-marinated-boqueron-380g-13-40oz\\\/#breadcrumb\"},\"inLanguage\":\"es\",\"potentialAction\":[{\"@type\":\"ReadAction\",\"target\":[\"https:\\\/\\\/www.lepetitepicurien.com\\\/product\\\/white-anchovies-marinated-boqueron-380g-13-40oz\\\/\"]}]},{\"@type\":\"ImageObject\",\"inLanguage\":\"es\",\"@id\":\"https:\\\/\\\/www.lepetitepicurien.com\\\/product\\\/white-anchovies-marinated-boqueron-380g-13-40oz\\\/#primaryimage\",\"url\":\"https:\\\/\\\/www.lepetitepicurien.com\\\/wp-content\\\/uploads\\\/2024\\\/08\\\/anchovies-boqueron.jpg\",\"contentUrl\":\"https:\\\/\\\/www.lepetitepicurien.com\\\/wp-content\\\/uploads\\\/2024\\\/08\\\/anchovies-boqueron.jpg\",\"width\":1500,\"height\":1500},{\"@type\":\"BreadcrumbList\",\"@id\":\"https:\\\/\\\/www.lepetitepicurien.com\\\/product\\\/white-anchovies-marinated-boqueron-380g-13-40oz\\\/#breadcrumb\",\"itemListElement\":[{\"@type\":\"ListItem\",\"position\":1,\"name\":\"Home\",\"item\":\"https:\\\/\\\/www.lepetitepicurien.com\\\/\"},{\"@type\":\"ListItem\",\"position\":2,\"name\":\"Shop\",\"item\":\"https:\\\/\\\/www.lepetitepicurien.com\\\/shop\\\/\"},{\"@type\":\"ListItem\",\"position\":3,\"name\":\"White Anchovies Marinated BOQUERON &#8211; 380g\\\/13.40oz\"}]},{\"@type\":\"WebSite\",\"@id\":\"https:\\\/\\\/www.lepetitepicurien.com\\\/#website\",\"url\":\"https:\\\/\\\/www.lepetitepicurien.com\\\/\",\"name\":\"Le Petit Epicurien\",\"description\":\"Online Grocery for European Gourmet Food\",\"publisher\":{\"@id\":\"https:\\\/\\\/www.lepetitepicurien.com\\\/#organization\"},\"potentialAction\":[{\"@type\":\"SearchAction\",\"target\":{\"@type\":\"EntryPoint\",\"urlTemplate\":\"https:\\\/\\\/www.lepetitepicurien.com\\\/?s={search_term_string}\"},\"query-input\":{\"@type\":\"PropertyValueSpecification\",\"valueRequired\":true,\"valueName\":\"search_term_string\"}}],\"inLanguage\":\"es\"},{\"@type\":\"Organization\",\"@id\":\"https:\\\/\\\/www.lepetitepicurien.com\\\/#organization\",\"name\":\"Le Petit Epicurien\",\"url\":\"https:\\\/\\\/www.lepetitepicurien.com\\\/\",\"logo\":{\"@type\":\"ImageObject\",\"inLanguage\":\"es\",\"@id\":\"https:\\\/\\\/www.lepetitepicurien.com\\\/#\\\/schema\\\/logo\\\/image\\\/\",\"url\":\"https:\\\/\\\/www.lepetitepicurien.com\\\/wp-content\\\/uploads\\\/2024\\\/03\\\/logo.png\",\"contentUrl\":\"https:\\\/\\\/www.lepetitepicurien.com\\\/wp-content\\\/uploads\\\/2024\\\/03\\\/logo.png\",\"width\":1024,\"height\":1024,\"caption\":\"Le Petit Epicurien\"},\"image\":{\"@id\":\"https:\\\/\\\/www.lepetitepicurien.com\\\/#\\\/schema\\\/logo\\\/image\\\/\"}}]}<\/script>\n<!-- \/ Yoast SEO plugin. -->","yoast_head_json":{"title":"Boquerones en escabeche BOQUERON - 380g\/13,40oz - Le Petit Epicurien","robots":{"index":"index","follow":"follow","max-snippet":"max-snippet:-1","max-image-preview":"max-image-preview:large","max-video-preview":"max-video-preview:-1"},"canonical":"https:\/\/www.lepetitepicurien.com\/es\/producto\/boqueron-de-anchoas-blancas-marinadas-380g-13-40oz\/","og_locale":"es_ES","og_type":"article","og_title":"White Anchovies Marinated BOQUERON - 380g\/13.40oz - Le Petit Epicurien","og_description":"White Anchovies Marinated BOQUERON (380g) is a delicacy originating from the coastal regions of Spain, prized for its tender, meaty texture and mild, slightly tangy flavor. These premium white anchovies, also known as &#8220;boquerones,&#8221; are hand-selected and marinated in a blend of vinegar, olive oil, and herbs, which gives them a bright, fresh taste distinct [&hellip;]","og_url":"https:\/\/www.lepetitepicurien.com\/es\/producto\/boqueron-de-anchoas-blancas-marinadas-380g-13-40oz\/","og_site_name":"Le Petit Epicurien","article_modified_time":"2025-10-29T17:10:52+00:00","og_image":[{"width":1500,"height":1500,"url":"https:\/\/www.lepetitepicurien.com\/wp-content\/uploads\/2024\/08\/anchovies-boqueron.jpg","type":"image\/jpeg"}],"twitter_card":"summary_large_image","twitter_misc":{"Tiempo de lectura":"1 minuto"},"schema":{"@context":"https:\/\/schema.org","@graph":[{"@type":"WebPage","@id":"https:\/\/www.lepetitepicurien.com\/product\/white-anchovies-marinated-boqueron-380g-13-40oz\/","url":"https:\/\/www.lepetitepicurien.com\/product\/white-anchovies-marinated-boqueron-380g-13-40oz\/","name":"Boquerones en escabeche BOQUERON - 380g\/13,40oz - Le Petit Epicurien","isPartOf":{"@id":"https:\/\/www.lepetitepicurien.com\/#website"},"primaryImageOfPage":{"@id":"https:\/\/www.lepetitepicurien.com\/product\/white-anchovies-marinated-boqueron-380g-13-40oz\/#primaryimage"},"image":{"@id":"https:\/\/www.lepetitepicurien.com\/product\/white-anchovies-marinated-boqueron-380g-13-40oz\/#primaryimage"},"thumbnailUrl":"https:\/\/www.lepetitepicurien.com\/wp-content\/uploads\/2024\/08\/anchovies-boqueron.jpg","datePublished":"2024-08-15T02:48:58+00:00","dateModified":"2025-10-29T17:10:52+00:00","breadcrumb":{"@id":"https:\/\/www.lepetitepicurien.com\/product\/white-anchovies-marinated-boqueron-380g-13-40oz\/#breadcrumb"},"inLanguage":"es","potentialAction":[{"@type":"ReadAction","target":["https:\/\/www.lepetitepicurien.com\/product\/white-anchovies-marinated-boqueron-380g-13-40oz\/"]}]},{"@type":"ImageObject","inLanguage":"es","@id":"https:\/\/www.lepetitepicurien.com\/product\/white-anchovies-marinated-boqueron-380g-13-40oz\/#primaryimage","url":"https:\/\/www.lepetitepicurien.com\/wp-content\/uploads\/2024\/08\/anchovies-boqueron.jpg","contentUrl":"https:\/\/www.lepetitepicurien.com\/wp-content\/uploads\/2024\/08\/anchovies-boqueron.jpg","width":1500,"height":1500},{"@type":"BreadcrumbList","@id":"https:\/\/www.lepetitepicurien.com\/product\/white-anchovies-marinated-boqueron-380g-13-40oz\/#breadcrumb","itemListElement":[{"@type":"ListItem","position":1,"name":"Home","item":"https:\/\/www.lepetitepicurien.com\/"},{"@type":"ListItem","position":2,"name":"Shop","item":"https:\/\/www.lepetitepicurien.com\/shop\/"},{"@type":"ListItem","position":3,"name":"White Anchovies Marinated BOQUERON &#8211; 380g\/13.40oz"}]},{"@type":"WebSite","@id":"https:\/\/www.lepetitepicurien.com\/#website","url":"https:\/\/www.lepetitepicurien.com\/","name":"El peque\u00f1o epicurien","description":"Tienda de alimentaci\u00f3n online de comida gourmet europea","publisher":{"@id":"https:\/\/www.lepetitepicurien.com\/#organization"},"potentialAction":[{"@type":"SearchAction","target":{"@type":"EntryPoint","urlTemplate":"https:\/\/www.lepetitepicurien.com\/?s={search_term_string}"},"query-input":{"@type":"PropertyValueSpecification","valueRequired":true,"valueName":"search_term_string"}}],"inLanguage":"es"},{"@type":"Organization","@id":"https:\/\/www.lepetitepicurien.com\/#organization","name":"El peque\u00f1o epicurien","url":"https:\/\/www.lepetitepicurien.com\/","logo":{"@type":"ImageObject","inLanguage":"es","@id":"https:\/\/www.lepetitepicurien.com\/#\/schema\/logo\/image\/","url":"https:\/\/www.lepetitepicurien.com\/wp-content\/uploads\/2024\/03\/logo.png","contentUrl":"https:\/\/www.lepetitepicurien.com\/wp-content\/uploads\/2024\/03\/logo.png","width":1024,"height":1024,"caption":"Le Petit Epicurien"},"image":{"@id":"https:\/\/www.lepetitepicurien.com\/#\/schema\/logo\/image\/"}}]}},"jetpack_sharing_enabled":true,"_links":{"self":[{"href":"http:\/\/www.lepetitepicurien.com\/es\/wp-json\/wp\/v2\/product\/592","targetHints":{"allow":["GET"]}}],"collection":[{"href":"http:\/\/www.lepetitepicurien.com\/es\/wp-json\/wp\/v2\/product"}],"about":[{"href":"http:\/\/www.lepetitepicurien.com\/es\/wp-json\/wp\/v2\/types\/product"}],"wp:featuredmedia":[{"embeddable":true,"href":"http:\/\/www.lepetitepicurien.com\/es\/wp-json\/wp\/v2\/media\/690"}],"wp:attachment":[{"href":"http:\/\/www.lepetitepicurien.com\/es\/wp-json\/wp\/v2\/media?parent=592"}],"wp:term":[{"taxonomy":"product_brand","embeddable":true,"href":"http:\/\/www.lepetitepicurien.com\/es\/wp-json\/wp\/v2\/product_brand?post=592"},{"taxonomy":"product_cat","embeddable":true,"href":"http:\/\/www.lepetitepicurien.com\/es\/wp-json\/wp\/v2\/product_cat?post=592"},{"taxonomy":"product_tag","embeddable":true,"href":"http:\/\/www.lepetitepicurien.com\/es\/wp-json\/wp\/v2\/product_tag?post=592"}],"curies":[{"name":"wp","href":"https:\/\/api.w.org\/{rel}","templated":true}]}}