{"id":11,"date":"2024-10-05T17:04:16","date_gmt":"2024-10-05T21:04:16","guid":{"rendered":"https:\/\/lepetitepicurien.com\/?page_id=11"},"modified":"2024-10-05T17:04:18","modified_gmt":"2024-10-05T21:04:18","slug":"shipping-delivery","status":"publish","type":"page","link":"http:\/\/www.lepetitepicurien.com\/fr\/shipping-delivery\/","title":{"rendered":"Exp\u00e9dition et livraison"},"content":{"rendered":"<p>Votre commande sera soigneusement emball\u00e9e dans une bo\u00eete isotherme r\u00e9utilisable avec des blocs r\u00e9frig\u00e9rants pour maintenir la temp\u00e9rature ad\u00e9quate. Votre commande peut \u00eatre livr\u00e9e aux adresses \u00e9ligibles dans les 50 \u00c9tats am\u00e9ricains et dans le district de Columbia.<br><br>Votre commande sera exp\u00e9di\u00e9e via UPS Next Day Air ou terrestre si elle est uniquement s\u00e8che pour arriver \u00e0 la date sp\u00e9cifique que vous avez s\u00e9lectionn\u00e9e lors de votre commande.<\/p>\n\n\n\n<h2 class=\"wp-block-heading\">Questions sur l&#039;exp\u00e9dition<\/h2>\n\n\n\n<p>Vous trouverez ci-dessous des r\u00e9ponses sp\u00e9cifiques \u00e0 certaines de nos questions les plus fr\u00e9quemment pos\u00e9es sur l&#039;exp\u00e9dition. Si votre question n&#039;appara\u00eet pas ci-dessous, n&#039;h\u00e9sitez pas \u00e0 nous contacter \u00e0 tout moment.<\/p>\n\n\n\n<p>Les frais de livraison chez Le Petit Epicurien sont calcul\u00e9s en fonction du poids de votre commande, du mode de livraison s\u00e9lectionn\u00e9 et de la distance que votre commande doit parcourir. Notre entrep\u00f4t principal \u00e9tant situ\u00e9 en Floride, l&#039;exp\u00e9dition vers une adresse dans le centre et l&#039;ouest des \u00c9tats-Unis co\u00fbte g\u00e9n\u00e9ralement plus cher que l&#039;exp\u00e9dition vers une adresse dans l&#039;est des \u00c9tats-Unis.<br>Les dates d&#039;exp\u00e9dition pr\u00e9f\u00e9r\u00e9es sont propos\u00e9es\/disponibles sur les commandes qui r\u00e9pondent aux crit\u00e8res suivants\u00a0: 1. Les commandes doivent \u00eatre exp\u00e9di\u00e9es \u00e0 des adresses situ\u00e9es dans les pays suivants\u00a0: Arizona, Arkansas, Colorado, Idaho, Illinois, Indiana, Iowa, Kansas, Louisiane, Michigan, Minnesota, Missouri, Montana, Nebraska, Nevada, Nouveau-Mexique, Dakota du Nord, Oklahoma, Oregon, Dakota du Sud, Texas, Utah, Washington, Wisconsin, Wyoming.<br>Autres conditions : Les frais de livraison peuvent varier en fonction de la taille et\/ou du poids et\/ou du mode de livraison s\u00e9lectionn\u00e9 pour la commande. Une fois la commande pass\u00e9e, la modification de la date de livraison n\u00e9cessitera g\u00e9n\u00e9ralement l&#039;annulation de la commande initiale et la passation d&#039;une nouvelle commande. D&#039;autres restrictions peuvent s&#039;appliquer.<\/p>\n\n\n\n<h3 class=\"wp-block-heading\">Quelles sont mes options d\u2019exp\u00e9dition ?<\/h3>\n\n\n\n<p>Votre commande sera exp\u00e9di\u00e9e via UPS terrestre (sec) ou UPS le jour suivant\/par avion ou via nos camions si vous \u00eates situ\u00e9 dans la r\u00e9gion de Miami.<\/p>\n\n\n\n<p>Livraison UPS Ground (sec uniquement) et Le Petit Epicurien<\/p>\n\n\n\n<p>Si vous commandez avant 11h00 du lundi au jeudi, vous pouvez \u00eatre livr\u00e9 le lendemain avant 20h00 pour la Floride, le reste des \u00c9tats-Unis est de 7 jours (selon l&#039;\u00e9tat).<\/p>\n\n\n\n<p><strong>Nous n&#039;exp\u00e9dions pas les commandes le vendredi via UPS, ni ne proposons de livraisons le week-end via Le Petit Epicurien.<\/strong><\/p>\n\n\n\n<p>UPS le lendemain\/par avion (plus frais\/congel\u00e9 sans produits de boulangerie et p\u00e2tisserie)<\/p>\n\n\n\n<p>Si vous commandez avant 11h00 du lundi au jeudi, vous pouvez \u00eatre livr\u00e9 le lendemain avant 10h30 (heure de l&#039;Est) pour la plupart des adresses. Livraison avant 17h00 (heure de l&#039;Est) pour certaines adresses RURALES.<\/p>\n\n\n\n<h3 class=\"wp-block-heading\">Comment mes frais d&#039;exp\u00e9dition sont-ils calcul\u00e9s ?<\/h3>\n\n\n\n<p>Les frais d&#039;exp\u00e9dition sont calcul\u00e9s en fonction du poids total estim\u00e9 de votre commande, de l&#039;adresse \u00e0 laquelle vous exp\u00e9diez, si le produit est congel\u00e9\/frais (livraison le lendemain) ou sec (livraison terrestre) et de la date de livraison que vous choisissez lors du paiement.<\/p>\n\n\n\n<h3 class=\"wp-block-heading\"><br>Ma commande peut-elle \u00eatre livr\u00e9e demain ?<\/h3>\n\n\n\n<p>Oui. Si vous passez votre commande avant 11h00 HNE, du lundi au jeudi, vous pouvez g\u00e9n\u00e9ralement s\u00e9lectionner le jour suivant pour la livraison.<\/p>\n\n\n\n<h3 class=\"wp-block-heading\"><br>Puis-je s\u00e9lectionner ma date de livraison ?<\/h3>\n\n\n\n<p>Oui. Nous aimons quand les gens planifient \u00e0 l&#039;avance. Au moment du paiement, vous pouvez laisser un message demandant une date de livraison sp\u00e9cifique.<\/p>\n\n\n\n<h3 class=\"wp-block-heading\"><br>Quels jours ma commande peut-elle \u00eatre livr\u00e9e ?<\/h3>\n\n\n\n<p>Votre commande peut \u00eatre livr\u00e9e le mardi, le mercredi, le jeudi ou le vendredi (sauf dans les cas o\u00f9 UPS observe un jour f\u00e9ri\u00e9\/d&#039;interdiction).&nbsp;<\/p>\n\n\n\n<p>Nous cessons d&#039;exp\u00e9dier les commandes le jeudi apr\u00e8s-midi pour garantir que les produits arrivent frais avec livraison UPS le lendemain. Aucune commande n&#039;est livr\u00e9e le week-end.\u00a0<\/p>\n\n\n\n<p><\/p>\n\n\n\n<h3 class=\"wp-block-heading\">Quand dois-je commander pour garantir la livraison lors des jours f\u00e9ri\u00e9s et des occasions sp\u00e9ciales ?<\/h3>\n\n\n\n<p>Veuillez consulter notre livraison pendant les vacances.<\/p>\n\n\n\n<h3 class=\"wp-block-heading\"><br>Puis-je exp\u00e9dier ma commande \u00e0 plusieurs adresses ?<\/h3>\n\n\n\n<p>Non. Chaque commande doit \u00eatre exp\u00e9di\u00e9e \u00e0 une seule adresse \u00e9ligible. Si vous souhaitez exp\u00e9dier \u00e0 plusieurs adresses, vous devez passer des commandes distinctes.<br>Mon adresse de livraison peut-elle \u00eatre diff\u00e9rente de mon adresse de facturation ?<br>Oui.<\/p>\n\n\n\n<h3 class=\"wp-block-heading\"><br>Pourquoi un num\u00e9ro de t\u00e9l\u00e9phone est-il obligatoire sur l&#039;adresse de livraison ?<\/h3>\n\n\n\n<p>UPS exige que les adresses de livraison disposent d&#039;un num\u00e9ro de t\u00e9l\u00e9phone valide pour fournir une m\u00e9thode suppl\u00e9mentaire pour contacter le destinataire en cas de complications ou de probl\u00e8mes avec l&#039;exp\u00e9dition.<\/p>\n\n\n\n<h3 class=\"wp-block-heading\"><br>Existe-t-il des restrictions d\u2019exp\u00e9dition ou de livraison ?<\/h3>\n\n\n\n<p>Oui. Les commandes doivent \u00eatre exp\u00e9di\u00e9es \u00e0 une seule adresse dans les 50 \u00c9tats am\u00e9ricains ou dans le district de Columbia. De plus, nous ne sommes pas en mesure de livrer les commandes \u00e0 :<br>Adresses de bo\u00eetes postales (tous les envois n\u00e9cessitent une adresse physique).<br>Adresses APO\/FPO (en raison de la nature p\u00e9rissable de nos produits).<br>Adresses internationales (en raison des lois douani\u00e8res).<\/p>\n\n\n\n<h3 class=\"wp-block-heading\">Puis-je modifier ou reprogrammer ma date de livraison<\/h3>\n\n\n\n<p>Parfois. Si vous souhaitez modifier une date de livraison, vous devez contacter imm\u00e9diatement le service client. \u00c0 condition que votre commande n&#039;ait pas d\u00e9j\u00e0 \u00e9t\u00e9 emball\u00e9e et\/ou quitt\u00e9 nos locaux, nous ferons tout notre possible pour r\u00e9pondre \u00e0 votre demande. Dans CERTAINS cas, la modification d&#039;une date de livraison n\u00e9cessitera l&#039;annulation de votre commande initiale et la passation d&#039;une nouvelle commande, car les frais d&#039;exp\u00e9dition peuvent varier en fonction de la date de livraison.<\/p>\n\n\n\n<h3 class=\"wp-block-heading\"><br>Puis-je modifier mon adresse de livraison ?<\/h3>\n\n\n\n<p>Si votre commande n&#039;a pas encore \u00e9t\u00e9 emball\u00e9e et\/ou n&#039;a pas quitt\u00e9 notre entrep\u00f4t, vous pouvez contacter notre service client pour le faire. Dans la plupart des cas, changer l&#039;adresse de livraison n\u00e9cessite d&#039;annuler votre commande initiale et de passer une nouvelle commande (les tarifs d&#039;exp\u00e9dition varient en fonction du lieu de livraison).<\/p>\n\n\n\n<h3 class=\"wp-block-heading\"><br>Que faire si ma commande est exp\u00e9di\u00e9e \u00e0 une adresse erron\u00e9e et\/ou invalide ?<\/h3>\n\n\n\n<p>Le Petit Epicurien n&#039;est pas responsable de la validation des adresses de livraison. Tout envoi non livrable et\/ou livr\u00e9 de mani\u00e8re incorrecte en raison d&#039;adresses de livraison incorrectes, incompl\u00e8tes et\/ou invalides annule notre garantie et\/ou la possibilit\u00e9 de rembourser la commande en question. C&#039;est pourquoi Le Petit Epicurien vous recommande vivement de v\u00e9rifier et de v\u00e9rifier soigneusement toutes les adresses et tous les codes postaux lors de votre commande.<\/p>\n\n\n\n<h3 class=\"wp-block-heading\"><br>Dois-je \u00eatre \u00e0 la maison pour recevoir ma livraison ?<\/h3>\n\n\n\n<p>Nous envoyons nos colis sans signature et UPS laissera normalement votre colis \u00e0 quelques exceptions pr\u00e8s : le chauffeur UPS d\u00e9cide si le colis peut \u00eatre laiss\u00e9 dans un complexe d&#039;appartements\/condos lorsqu&#039;il n&#039;y a pas d&#039;endroit s\u00fbr pour le laisser ou s&#039;il ne peut pas acc\u00e9der directement \u00e0 votre logement. Si vous livrez \u00e0 une adresse professionnelle, UPS exige g\u00e9n\u00e9ralement une signature et ne pourra pas laisser de colis si l&#039;entreprise est ferm\u00e9e. Les commandes sup\u00e9rieures \u00e0 $500 peuvent n\u00e9cessiter une signature. Le Petit Epicurien ne peut pas assumer la responsabilit\u00e9 des colis qui ne peuvent pas \u00eatre livr\u00e9s pour ces raisons, veuillez donc planifier en cons\u00e9quence.<\/p>\n\n\n\n<h3 class=\"wp-block-heading\"><br>Que se passe-t-il si UPS n\u2019a pas livr\u00e9 ma commande \u00e0 la date\/heure sp\u00e9cifi\u00e9e\u00a0?<\/h3>\n\n\n\n<p>Dans la plupart des cas, nous vous recommandons de contacter directement le service client UPS, car c&#039;est g\u00e9n\u00e9ralement le moyen le plus rapide de r\u00e9soudre le probl\u00e8me, car UPS en saura plus sur l&#039;\u00e9tat de la livraison, aura des informations sur l&#039;endroit o\u00f9 r\u00e9cup\u00e9rer la commande et\/ou saura si\/quand une deuxi\u00e8me livraison sera tent\u00e9e.<\/p>\n\n\n\n<h3 class=\"wp-block-heading\"><br>Puis-je r\u00e9cup\u00e9rer ma commande directement \u00e0 votre entrep\u00f4t ?<\/h3>\n\n\n\n<p>Oui, faites votre commande en ligne et s\u00e9lectionnez \u00ab retrait \u00bb. Notre entrep\u00f4t est situ\u00e9 \u00e0 :<br>2311 NW 149th St, Opa-Locka, FL 33054<\/p>\n\n\n\n<h3 class=\"wp-block-heading\"><br>Serai-je averti lorsque ma commande sera exp\u00e9di\u00e9e ?<\/h3>\n\n\n\n<p>Oui. Le jour o\u00f9 votre commande doit \u00eatre exp\u00e9di\u00e9e, un e-mail de confirmation d&#039;exp\u00e9dition contenant votre num\u00e9ro de suivi UPS et un lien vers le site Web UPS sera envoy\u00e9 \u00e0 l&#039;adresse e-mail que vous avez utilis\u00e9e lors de votre commande. Si vous ne recevez pas d&#039;e-mail de suivi, n&#039;h\u00e9sitez pas \u00e0 contacter le service client.<\/p>\n\n\n\n<h3 class=\"wp-block-heading\"><br>Pourquoi les informations de suivi ne sont-elles pas disponibles sur le site Web d&#039;UPS ?<\/h3>\n\n\n\n<p>Il est probable que votre commande n&#039;ait pas \u00e9t\u00e9 r\u00e9cup\u00e9r\u00e9e par UPS dans nos locaux et\/ou qu&#039;UPS soit en train de mettre \u00e0 jour son site Web. Apr\u00e8s avoir re\u00e7u votre e-mail de confirmation d&#039;exp\u00e9dition, il peut parfois falloir quelques heures pour que vos informations de suivi apparaissent sur le site Web d&#039;UPS et\/ou indiquent le statut\/le mouvement de votre envoi.<\/p>\n\n\n\n<h3 class=\"wp-block-heading\"><br>Comment ma commande sera-t-elle emball\u00e9e ?<\/h3>\n\n\n\n<p>Votre commande sera s\u00e9lectionn\u00e9e \u00e0 la main dans le stock conserv\u00e9 dans notre entrep\u00f4t r\u00e9frig\u00e9r\u00e9. Elle sera soigneusement emball\u00e9e dans une bo\u00eete isotherme avec des packs de glace\/gel r\u00e9utilisables con\u00e7us pour maintenir vos articles en bon \u00e9tat jusqu&#039;\u00e0 48 heures. (Remarque\u00a0: les articles congel\u00e9s peuvent d\u00e9congeler pendant le transport.)<\/p>\n\n\n\n<h3 class=\"wp-block-heading\"><br>Que dois-je faire avec les packs de glace de ma commande ?<\/h3>\n\n\n\n<p>Les packs de gel r\u00e9frig\u00e9rant sont r\u00e9utilisables. Rangez-les dans votre cong\u00e9lateur et utilisez-les pour garder les aliments au frais lors de vos voyages en voiture, de vos pique-niques ou de vos sorties. Jetez-les d\u00e8s qu&#039;ils sont perfor\u00e9s ou fuient.<\/p>\n\n\n\n<h2 class=\"wp-block-heading\">Livraisons pour les f\u00eates<\/h2>\n\n\n\n<p>Pour la livraison UPS<br>Remarque : les intemp\u00e9ries, les retards d&#039;UPS et d&#039;autres circonstances impr\u00e9vues peuvent entra\u00eener une arriv\u00e9e plus tardive que pr\u00e9vu des exp\u00e9ditions. Nous vous encourageons donc \u00e0 planifier \u00e0 l&#039;avance et \u00e0 s\u00e9lectionner la date de livraison la plus proche possible qui vous convient.<br>Pas de livraison : Jour de l&#039;An, Memorial Day, Jour de l&#039;Ind\u00e9pendance, F\u00eate du Travail, Thanksgiving, Jour de No\u00ebl<br>Pour la livraison Le Petit Epicurien &amp; partenaires (zone de Miami uniquement, voir le code postal concern\u00e9) :<br>Suppl\u00e9ment 50% pour la livraison ces jours-ci : anniversaire de Martin Luther King, Jr. (troisi\u00e8me lundi de janvier), President&#039;s Day (troisi\u00e8me lundi de f\u00e9vrier), Columbus Day (deuxi\u00e8me lundi d&#039;octobre) et le lendemain de Thanksgiving.<\/p>\n\n\n\n<p>Il n&#039;y aura pas de livraisons les : dimanche de P\u00e2ques, Thanksgiving, jour de No\u00ebl, jour de l&#039;An, Memorial Day (dernier lundi de mai), Independence Day, Labor Day (premier lundi de septembre)<\/p>","protected":false},"excerpt":{"rendered":"<p>Your order will be carefully packed in a reusable, insulated box with ice packs to maintain proper temperature. Your order can be delivered to qualifying addresses in the 50 U.S. states and the District of Columbia. Your order will ship via UPS Next Day Air or ground if only dry to arrive on the specific [&hellip;]<\/p>\n","protected":false},"author":1,"featured_media":0,"parent":0,"menu_order":0,"comment_status":"closed","ping_status":"closed","template":"","meta":{"footnotes":""},"class_list":["post-11","page","type-page","status-publish","hentry"],"yoast_head":"<!-- This site is optimized with the Yoast SEO plugin v27.5 - https:\/\/yoast.com\/product\/yoast-seo-wordpress\/ -->\n<title>Shipping &amp; Delivery - Le Petit Epicurien<\/title>\n<meta name=\"robots\" content=\"index, follow, max-snippet:-1, max-image-preview:large, max-video-preview:-1\" \/>\n<link rel=\"canonical\" href=\"https:\/\/www.lepetitepicurien.com\/fr\/expedition-livraison\/\" \/>\n<meta property=\"og:locale\" content=\"fr_FR\" \/>\n<meta property=\"og:type\" content=\"article\" \/>\n<meta property=\"og:title\" content=\"Shipping &amp; Delivery - Le Petit Epicurien\" \/>\n<meta property=\"og:description\" content=\"Your order will be carefully packed in a reusable, insulated box with ice packs to maintain proper temperature. Your order can be delivered to qualifying addresses in the 50 U.S. states and the District of Columbia. Your order will ship via UPS Next Day Air or ground if only dry to arrive on the specific [&hellip;]\" \/>\n<meta property=\"og:url\" content=\"https:\/\/www.lepetitepicurien.com\/fr\/expedition-livraison\/\" \/>\n<meta property=\"og:site_name\" content=\"Le Petit Epicurien\" \/>\n<meta property=\"article:modified_time\" content=\"2024-10-05T21:04:18+00:00\" \/>\n<meta name=\"twitter:card\" content=\"summary_large_image\" \/>\n<meta name=\"twitter:label1\" content=\"Dur\u00e9e de lecture estim\u00e9e\" \/>\n\t<meta name=\"twitter:data1\" content=\"7 minutes\" \/>\n<script type=\"application\/ld+json\" class=\"yoast-schema-graph\">{\"@context\":\"https:\\\/\\\/schema.org\",\"@graph\":[{\"@type\":\"WebPage\",\"@id\":\"https:\\\/\\\/www.lepetitepicurien.com\\\/shipping-delivery\\\/\",\"url\":\"https:\\\/\\\/www.lepetitepicurien.com\\\/shipping-delivery\\\/\",\"name\":\"Shipping &amp; Delivery - Le Petit Epicurien\",\"isPartOf\":{\"@id\":\"https:\\\/\\\/www.lepetitepicurien.com\\\/#website\"},\"datePublished\":\"2024-10-05T21:04:16+00:00\",\"dateModified\":\"2024-10-05T21:04:18+00:00\",\"breadcrumb\":{\"@id\":\"https:\\\/\\\/www.lepetitepicurien.com\\\/shipping-delivery\\\/#breadcrumb\"},\"inLanguage\":\"fr-FR\",\"potentialAction\":[{\"@type\":\"ReadAction\",\"target\":[\"https:\\\/\\\/www.lepetitepicurien.com\\\/shipping-delivery\\\/\"]}]},{\"@type\":\"BreadcrumbList\",\"@id\":\"https:\\\/\\\/www.lepetitepicurien.com\\\/shipping-delivery\\\/#breadcrumb\",\"itemListElement\":[{\"@type\":\"ListItem\",\"position\":1,\"name\":\"Home\",\"item\":\"https:\\\/\\\/www.lepetitepicurien.com\\\/\"},{\"@type\":\"ListItem\",\"position\":2,\"name\":\"Shipping &amp; Delivery\"}]},{\"@type\":\"WebSite\",\"@id\":\"https:\\\/\\\/www.lepetitepicurien.com\\\/#website\",\"url\":\"https:\\\/\\\/www.lepetitepicurien.com\\\/\",\"name\":\"Le Petit Epicurien\",\"description\":\"Online Grocery for European Gourmet Food\",\"publisher\":{\"@id\":\"https:\\\/\\\/www.lepetitepicurien.com\\\/#organization\"},\"potentialAction\":[{\"@type\":\"SearchAction\",\"target\":{\"@type\":\"EntryPoint\",\"urlTemplate\":\"https:\\\/\\\/www.lepetitepicurien.com\\\/?s={search_term_string}\"},\"query-input\":{\"@type\":\"PropertyValueSpecification\",\"valueRequired\":true,\"valueName\":\"search_term_string\"}}],\"inLanguage\":\"fr-FR\"},{\"@type\":\"Organization\",\"@id\":\"https:\\\/\\\/www.lepetitepicurien.com\\\/#organization\",\"name\":\"Le Petit Epicurien\",\"url\":\"https:\\\/\\\/www.lepetitepicurien.com\\\/\",\"logo\":{\"@type\":\"ImageObject\",\"inLanguage\":\"fr-FR\",\"@id\":\"https:\\\/\\\/www.lepetitepicurien.com\\\/#\\\/schema\\\/logo\\\/image\\\/\",\"url\":\"https:\\\/\\\/www.lepetitepicurien.com\\\/wp-content\\\/uploads\\\/2024\\\/03\\\/logo.png\",\"contentUrl\":\"https:\\\/\\\/www.lepetitepicurien.com\\\/wp-content\\\/uploads\\\/2024\\\/03\\\/logo.png\",\"width\":1024,\"height\":1024,\"caption\":\"Le Petit Epicurien\"},\"image\":{\"@id\":\"https:\\\/\\\/www.lepetitepicurien.com\\\/#\\\/schema\\\/logo\\\/image\\\/\"}}]}<\/script>\n<!-- \/ Yoast SEO plugin. -->","yoast_head_json":{"title":"Exp\u00e9dition et livraison - Le Petit Epicurien","robots":{"index":"index","follow":"follow","max-snippet":"max-snippet:-1","max-image-preview":"max-image-preview:large","max-video-preview":"max-video-preview:-1"},"canonical":"https:\/\/www.lepetitepicurien.com\/fr\/expedition-livraison\/","og_locale":"fr_FR","og_type":"article","og_title":"Shipping &amp; Delivery - Le Petit Epicurien","og_description":"Your order will be carefully packed in a reusable, insulated box with ice packs to maintain proper temperature. Your order can be delivered to qualifying addresses in the 50 U.S. states and the District of Columbia. Your order will ship via UPS Next Day Air or ground if only dry to arrive on the specific [&hellip;]","og_url":"https:\/\/www.lepetitepicurien.com\/fr\/expedition-livraison\/","og_site_name":"Le Petit Epicurien","article_modified_time":"2024-10-05T21:04:18+00:00","twitter_card":"summary_large_image","twitter_misc":{"Dur\u00e9e de lecture estim\u00e9e":"7 minutes"},"schema":{"@context":"https:\/\/schema.org","@graph":[{"@type":"WebPage","@id":"https:\/\/www.lepetitepicurien.com\/shipping-delivery\/","url":"https:\/\/www.lepetitepicurien.com\/shipping-delivery\/","name":"Exp\u00e9dition et livraison - Le Petit Epicurien","isPartOf":{"@id":"https:\/\/www.lepetitepicurien.com\/#website"},"datePublished":"2024-10-05T21:04:16+00:00","dateModified":"2024-10-05T21:04:18+00:00","breadcrumb":{"@id":"https:\/\/www.lepetitepicurien.com\/shipping-delivery\/#breadcrumb"},"inLanguage":"fr-FR","potentialAction":[{"@type":"ReadAction","target":["https:\/\/www.lepetitepicurien.com\/shipping-delivery\/"]}]},{"@type":"BreadcrumbList","@id":"https:\/\/www.lepetitepicurien.com\/shipping-delivery\/#breadcrumb","itemListElement":[{"@type":"ListItem","position":1,"name":"Home","item":"https:\/\/www.lepetitepicurien.com\/"},{"@type":"ListItem","position":2,"name":"Shipping &amp; Delivery"}]},{"@type":"WebSite","@id":"https:\/\/www.lepetitepicurien.com\/#website","url":"https:\/\/www.lepetitepicurien.com\/","name":"Le Petit \u00c9picurien","description":"\u00c9picerie en ligne pour la gastronomie europ\u00e9enne","publisher":{"@id":"https:\/\/www.lepetitepicurien.com\/#organization"},"potentialAction":[{"@type":"SearchAction","target":{"@type":"EntryPoint","urlTemplate":"https:\/\/www.lepetitepicurien.com\/?s={search_term_string}"},"query-input":{"@type":"PropertyValueSpecification","valueRequired":true,"valueName":"search_term_string"}}],"inLanguage":"fr-FR"},{"@type":"Organization","@id":"https:\/\/www.lepetitepicurien.com\/#organization","name":"Le Petit \u00c9picurien","url":"https:\/\/www.lepetitepicurien.com\/","logo":{"@type":"ImageObject","inLanguage":"fr-FR","@id":"https:\/\/www.lepetitepicurien.com\/#\/schema\/logo\/image\/","url":"https:\/\/www.lepetitepicurien.com\/wp-content\/uploads\/2024\/03\/logo.png","contentUrl":"https:\/\/www.lepetitepicurien.com\/wp-content\/uploads\/2024\/03\/logo.png","width":1024,"height":1024,"caption":"Le Petit Epicurien"},"image":{"@id":"https:\/\/www.lepetitepicurien.com\/#\/schema\/logo\/image\/"}}]}},"jetpack_sharing_enabled":true,"_links":{"self":[{"href":"http:\/\/www.lepetitepicurien.com\/fr\/wp-json\/wp\/v2\/pages\/11","targetHints":{"allow":["GET"]}}],"collection":[{"href":"http:\/\/www.lepetitepicurien.com\/fr\/wp-json\/wp\/v2\/pages"}],"about":[{"href":"http:\/\/www.lepetitepicurien.com\/fr\/wp-json\/wp\/v2\/types\/page"}],"author":[{"embeddable":true,"href":"http:\/\/www.lepetitepicurien.com\/fr\/wp-json\/wp\/v2\/users\/1"}],"replies":[{"embeddable":true,"href":"http:\/\/www.lepetitepicurien.com\/fr\/wp-json\/wp\/v2\/comments?post=11"}],"version-history":[{"count":1,"href":"http:\/\/www.lepetitepicurien.com\/fr\/wp-json\/wp\/v2\/pages\/11\/revisions"}],"predecessor-version":[{"id":791,"href":"http:\/\/www.lepetitepicurien.com\/fr\/wp-json\/wp\/v2\/pages\/11\/revisions\/791"}],"wp:attachment":[{"href":"http:\/\/www.lepetitepicurien.com\/fr\/wp-json\/wp\/v2\/media?parent=11"}],"curies":[{"name":"wp","href":"https:\/\/api.w.org\/{rel}","templated":true}]}}