{"id":8,"date":"2024-03-08T22:16:12","date_gmt":"2024-03-08T22:16:12","guid":{"rendered":"https:\/\/lepetitepicurien.com\/cart\/"},"modified":"2024-03-08T22:16:12","modified_gmt":"2024-03-08T22:16:12","slug":"cart","status":"publish","type":"page","link":"http:\/\/www.lepetitepicurien.com\/fr\/cart\/","title":{"rendered":"Chariot"},"content":{"rendered":"<div data-block-name=\"woocommerce\/cart\" class=\"wp-block-woocommerce-cart alignwide is-loading\">\n<div data-block-name=\"woocommerce\/filled-cart-block\" class=\"wp-block-woocommerce-filled-cart-block\">\n<div data-block-name=\"woocommerce\/cart-items-block\" class=\"wp-block-woocommerce-cart-items-block\">\n<div data-block-name=\"woocommerce\/cart-line-items-block\" class=\"wp-block-woocommerce-cart-line-items-block\"><\/div>\n\n\n\n<div data-block-name=\"woocommerce\/cart-cross-sells-block\" class=\"wp-block-woocommerce-cart-cross-sells-block\">\n<h2 class=\"wp-block-heading has-large-font-size\">Vous etes peut etre int\u00e9ress\u00e9\u2026<\/h2>\n\n\n\n<div data-block-name=\"woocommerce\/cart-cross-sells-products-block\" class=\"wp-block-woocommerce-cart-cross-sells-products-block\"><\/div>\n<\/div>\n<\/div>\n\n\n\n<div data-block-name=\"woocommerce\/cart-totals-block\" class=\"wp-block-woocommerce-cart-totals-block\">\n<div data-block-name=\"woocommerce\/cart-order-summary-block\" class=\"wp-block-woocommerce-cart-order-summary-block\">\n<div data-block-name=\"woocommerce\/cart-order-summary-heading-block\" class=\"wp-block-woocommerce-cart-order-summary-heading-block\"><\/div><div data-block-name=\"woocommerce\/cart-order-summary-coupon-form-block\" class=\"wp-block-woocommerce-cart-order-summary-coupon-form-block\"><\/div><div data-block-name=\"woocommerce\/cart-order-summary-totals-block\" class=\"wp-block-woocommerce-cart-order-summary-totals-block\">\n<div data-block-name=\"woocommerce\/cart-order-summary-subtotal-block\" class=\"wp-block-woocommerce-cart-order-summary-subtotal-block\"><\/div>\n<div data-block-name=\"woocommerce\/cart-order-summary-discount-block\" class=\"wp-block-woocommerce-cart-order-summary-discount-block\"><\/div>\n<div data-block-name=\"woocommerce\/cart-order-summary-fee-block\" class=\"wp-block-woocommerce-cart-order-summary-fee-block\"><\/div>\n<div data-block-name=\"woocommerce\/cart-order-summary-shipping-block\" class=\"wp-block-woocommerce-cart-order-summary-shipping-block\"><\/div>\n<div data-block-name=\"woocommerce\/cart-order-summary-taxes-block\" class=\"wp-block-woocommerce-cart-order-summary-taxes-block\"><\/div><\/div>\n<\/div>\n\n\n\n<div data-block-name=\"woocommerce\/cart-express-payment-block\" class=\"wp-block-woocommerce-cart-express-payment-block\"><\/div>\n\n\n\n<div data-block-name=\"woocommerce\/proceed-to-checkout-block\" class=\"wp-block-woocommerce-proceed-to-checkout-block\"><\/div>\n\n\n\n<div data-block-name=\"woocommerce\/cart-accepted-payment-methods-block\" class=\"wp-block-woocommerce-cart-accepted-payment-methods-block\"><\/div>\n<\/div>\n<\/div>\n\n\n\n<div data-block-name=\"woocommerce\/empty-cart-block\" class=\"wp-block-woocommerce-empty-cart-block\">\n<h2 class=\"wp-block-heading has-text-align-center with-empty-cart-icon wc-block-cart__empty-cart__title\">Votre carte est actuellement vide!<\/h2>\n\n\n\n<hr class=\"wp-block-separator has-alpha-channel-opacity is-style-dots\"\/>\n\n\n\n<h2 class=\"wp-block-heading has-text-align-center\">Nouveau en magasin<\/h2>\n\n\n<div data-block-name=\"woocommerce\/product-new\" data-columns=\"4\" data-rows=\"1\" class=\"wc-block-grid wp-block-product-new wp-block-woocommerce-product-new wc-block-product-new has-4-columns\"><ul class=\"wc-block-grid__products\"><li class=\"wc-block-grid__product\">\n\t\t\t\t<a href=\"http:\/\/www.lepetitepicurien.com\/fr\/product\/butter-echire-salted-30g-1-06oz-pack-of-100\/\" class=\"wc-block-grid__product-link\">\n\t\t\t\t\t\n\t\t\t\t\t<div class=\"wc-block-grid__product-image\"><img loading=\"lazy\" decoding=\"async\" width=\"300\" height=\"300\" src=\"https:\/\/www.lepetitepicurien.com\/wp-content\/uploads\/2024\/08\/butter-echire-salted-30g-300x300.jpg\" class=\"attachment-woocommerce_thumbnail size-woocommerce_thumbnail\" alt=\"Butter Echir\u00e9 Salted mini - 30g\/1.06oz - pack of 100\" srcset=\"https:\/\/www.lepetitepicurien.com\/wp-content\/uploads\/2024\/08\/butter-echire-salted-30g-300x300.jpg 300w, https:\/\/www.lepetitepicurien.com\/wp-content\/uploads\/2024\/08\/butter-echire-salted-30g-100x100.jpg 100w, https:\/\/www.lepetitepicurien.com\/wp-content\/uploads\/2024\/08\/butter-echire-salted-30g-600x600.jpg 600w, https:\/\/www.lepetitepicurien.com\/wp-content\/uploads\/2024\/08\/butter-echire-salted-30g-150x150.jpg 150w, https:\/\/www.lepetitepicurien.com\/wp-content\/uploads\/2024\/08\/butter-echire-salted-30g-12x12.jpg 12w, https:\/\/www.lepetitepicurien.com\/wp-content\/uploads\/2024\/08\/butter-echire-salted-30g.jpg 650w\" sizes=\"auto, (max-width: 300px) 100vw, 300px\" \/><\/div>\n\t\t\t\t\t<div class=\"wc-block-grid__product-title\">Butter Echir\u00e9 Salted mini &#8211; 30g\/1.06oz &#8211; pack of 100<\/div>\n\t\t\t\t<\/a>\n\t\t\t\t<div class=\"wc-block-grid__product-price price\"><span class=\"woocommerce-Price-amount amount\"><span class=\"woocommerce-Price-currencySymbol\">&#036;<\/span>199.00<\/span><\/div>\n\t\t\t\t\n\t\t\t\t<div class=\"wp-block-button wc-block-grid__product-add-to-cart\"><a href=\"\/fr\/wp-json\/wp\/v2\/pages\/8?add-to-cart=2307\" aria-label=\"Ajouter au panier\u00a0: \u201cButter Echir\u00e9 Salted mini - 30g\/1.06oz - pack of 100\u201d\" data-quantity=\"1\" data-product_id=\"2307\" data-product_sku=\"DAB0001C\" data-price=\"199\" rel=\"nofollow\" class=\"wp-block-button__link wp-element-button add_to_cart_button ajax_add_to_cart\" data-no-translation=\"\" data-trp-gettext=\"\" data-no-translation-aria-label=\"\">Ajouter au panier<\/a><\/div>\n\t\t\t<\/li><li class=\"wc-block-grid__product\">\n\t\t\t\t<a href=\"http:\/\/www.lepetitepicurien.com\/fr\/product\/jambon-de-paris\/\" class=\"wc-block-grid__product-link\">\n\t\t\t\t\t<div class=\"wc-block-grid__product-onsale\">\n\t\t\t<span aria-hidden=\"true\" data-no-translation=\"\" data-trp-gettext=\"\">Promo<\/span>\n\t\t\t<span class=\"screen-reader-text\" data-no-translation=\"\" data-trp-gettext=\"\">Produit en promotion<\/span>\n\t\t<\/div>\n\t\t\t\t\t<div class=\"wc-block-grid__product-image\"><img loading=\"lazy\" decoding=\"async\" width=\"300\" height=\"300\" src=\"https:\/\/www.lepetitepicurien.com\/wp-content\/uploads\/2025\/08\/NAT-JDPwhole_slices_1296x-300x300.webp\" class=\"attachment-woocommerce_thumbnail size-woocommerce_thumbnail\" alt=\"Jambon de Paris \/ Ham - All Natural 4.5kg\/10lb\" srcset=\"https:\/\/www.lepetitepicurien.com\/wp-content\/uploads\/2025\/08\/NAT-JDPwhole_slices_1296x-300x300.webp 300w, https:\/\/www.lepetitepicurien.com\/wp-content\/uploads\/2025\/08\/NAT-JDPwhole_slices_1296x-1024x1024.webp 1024w, https:\/\/www.lepetitepicurien.com\/wp-content\/uploads\/2025\/08\/NAT-JDPwhole_slices_1296x-150x150.webp 150w, https:\/\/www.lepetitepicurien.com\/wp-content\/uploads\/2025\/08\/NAT-JDPwhole_slices_1296x-768x768.webp 768w, https:\/\/www.lepetitepicurien.com\/wp-content\/uploads\/2025\/08\/NAT-JDPwhole_slices_1296x-12x12.webp 12w, https:\/\/www.lepetitepicurien.com\/wp-content\/uploads\/2025\/08\/NAT-JDPwhole_slices_1296x-600x600.webp 600w, https:\/\/www.lepetitepicurien.com\/wp-content\/uploads\/2025\/08\/NAT-JDPwhole_slices_1296x-100x100.webp 100w, https:\/\/www.lepetitepicurien.com\/wp-content\/uploads\/2025\/08\/NAT-JDPwhole_slices_1296x.webp 1296w\" sizes=\"auto, (max-width: 300px) 100vw, 300px\" \/><\/div>\n\t\t\t\t\t<div class=\"wc-block-grid__product-title\">Jambon de Paris \/ Ham &#8211; All Natural 4.5kg\/10lb<\/div>\n\t\t\t\t<\/a>\n\t\t\t\t<div class=\"wc-block-grid__product-price price\"><del aria-hidden=\"true\"><span class=\"woocommerce-Price-amount amount\"><span class=\"woocommerce-Price-currencySymbol\">&#036;<\/span>128.00<\/span><\/del> <span class=\"screen-reader-text\" data-no-translation=\"\" data-trp-gettext=\"\">Le prix initial \u00e9tait\u00a0: &#036;128.00.<\/span><ins aria-hidden=\"true\"><span class=\"woocommerce-Price-amount amount\"><span class=\"woocommerce-Price-currencySymbol\">&#036;<\/span>99.00<\/span><\/ins><span class=\"screen-reader-text\" data-no-translation=\"\" data-trp-gettext=\"\">Le prix actuel est\u00a0: &#036;99.00.<\/span><\/div>\n\t\t\t\t\n\t\t\t\t<div class=\"wp-block-button wc-block-grid__product-add-to-cart\"><a href=\"\/fr\/wp-json\/wp\/v2\/pages\/8?add-to-cart=2038\" aria-label=\"Ajouter au panier\u00a0: \u201cJambon de Paris \/ Ham - All Natural 4.5kg\/10lb\u201d\" data-quantity=\"1\" data-product_id=\"2038\" data-product_sku=\"FJD0010\" data-price=\"99\" rel=\"nofollow\" class=\"wp-block-button__link wp-element-button add_to_cart_button ajax_add_to_cart\" data-no-translation=\"\" data-trp-gettext=\"\" data-no-translation-aria-label=\"\">Ajouter au panier<\/a><\/div>\n\t\t\t<\/li><li class=\"wc-block-grid__product\">\n\t\t\t\t<a href=\"http:\/\/www.lepetitepicurien.com\/fr\/product\/terrine-of-whole-foie-gras-rougie-1kg\/\" class=\"wc-block-grid__product-link\">\n\t\t\t\t\t\n\t\t\t\t\t<div class=\"wc-block-grid__product-image\"><img loading=\"lazy\" decoding=\"async\" width=\"300\" height=\"300\" src=\"https:\/\/www.lepetitepicurien.com\/wp-content\/uploads\/2024\/03\/FG0007-2-300x300.jpg\" class=\"attachment-woocommerce_thumbnail size-woocommerce_thumbnail\" alt=\"Terrine de Foie Gras Entier ROUGIE - 1kg\/2.2lb\" srcset=\"https:\/\/www.lepetitepicurien.com\/wp-content\/uploads\/2024\/03\/FG0007-2-300x300.jpg 300w, https:\/\/www.lepetitepicurien.com\/wp-content\/uploads\/2024\/03\/FG0007-2-100x100.jpg 100w, https:\/\/www.lepetitepicurien.com\/wp-content\/uploads\/2024\/03\/FG0007-2-150x150.jpg 150w, https:\/\/www.lepetitepicurien.com\/wp-content\/uploads\/2024\/03\/FG0007-2.jpg 600w\" sizes=\"auto, (max-width: 300px) 100vw, 300px\" \/><\/div>\n\t\t\t\t\t<div class=\"wc-block-grid__product-title\">Terrine de Foie Gras Entier ROUGIE \u2013 1kg\/2.2lb<\/div>\n\t\t\t\t<\/a>\n\t\t\t\t<div class=\"wc-block-grid__product-price price\"><span class=\"woocommerce-Price-amount amount\"><span class=\"woocommerce-Price-currencySymbol\">&#036;<\/span>195.00<\/span><\/div>\n\t\t\t\t\n\t\t\t\t<div class=\"wp-block-button wc-block-grid__product-add-to-cart\"><a href=\"\/fr\/wp-json\/wp\/v2\/pages\/8?add-to-cart=1126\" aria-label=\"Ajouter au panier\u00a0: \u201cTerrine of Whole Foie Gras ROUGIE - 1kg\/2.2lb\u201d\" data-quantity=\"1\" data-product_id=\"1126\" data-product_sku=\"FJ0003\" data-price=\"195\" rel=\"nofollow\" class=\"wp-block-button__link wp-element-button add_to_cart_button ajax_add_to_cart\" data-no-translation=\"\" data-trp-gettext=\"\" data-no-translation-aria-label=\"\">Ajouter au panier<\/a><\/div>\n\t\t\t<\/li><li class=\"wc-block-grid__product\">\n\t\t\t\t<a href=\"http:\/\/www.lepetitepicurien.com\/fr\/product\/murcia-al-vino-cheese\/\" class=\"wc-block-grid__product-link\">\n\t\t\t\t\t\n\t\t\t\t\t<div class=\"wc-block-grid__product-image\"><img loading=\"lazy\" decoding=\"async\" width=\"300\" height=\"300\" src=\"https:\/\/www.lepetitepicurien.com\/wp-content\/uploads\/2024\/08\/DAS0031-2-1-300x300.jpg\" class=\"attachment-woocommerce_thumbnail size-woocommerce_thumbnail\" alt=\"Fromage de Murcie au vin - 500 g\" srcset=\"https:\/\/www.lepetitepicurien.com\/wp-content\/uploads\/2024\/08\/DAS0031-2-1-300x300.jpg 300w, https:\/\/www.lepetitepicurien.com\/wp-content\/uploads\/2024\/08\/DAS0031-2-1-100x100.jpg 100w, https:\/\/www.lepetitepicurien.com\/wp-content\/uploads\/2024\/08\/DAS0031-2-1-150x150.jpg 150w, https:\/\/www.lepetitepicurien.com\/wp-content\/uploads\/2024\/08\/DAS0031-2-1-12x12.jpg 12w, https:\/\/www.lepetitepicurien.com\/wp-content\/uploads\/2024\/08\/DAS0031-2-1.jpg 600w\" sizes=\"auto, (max-width: 300px) 100vw, 300px\" \/><\/div>\n\t\t\t\t\t<div class=\"wc-block-grid__product-title\">Fromage de Murcie au vin \u2013 500 g<\/div>\n\t\t\t\t<\/a>\n\t\t\t\t<div class=\"wc-block-grid__product-price price\"><span class=\"woocommerce-Price-amount amount\"><span class=\"woocommerce-Price-currencySymbol\">&#036;<\/span>30.00<\/span><\/div>\n\t\t\t\t\n\t\t\t\t<div class=\"wp-block-button wc-block-grid__product-add-to-cart\"><a href=\"\/fr\/wp-json\/wp\/v2\/pages\/8?add-to-cart=658\" aria-label=\"Ajouter au panier\u00a0: \u201cMurcia Al Vino Cheese - 500g\/1.1lb\u201d\" data-quantity=\"1\" data-product_id=\"658\" data-product_sku=\"DAS0031\" data-price=\"30\" rel=\"nofollow\" class=\"wp-block-button__link wp-element-button add_to_cart_button ajax_add_to_cart\" data-no-translation=\"\" data-trp-gettext=\"\" data-no-translation-aria-label=\"\">Ajouter au panier<\/a><\/div>\n\t\t\t<\/li><\/ul><\/div><\/div>\n<\/div>","protected":false},"excerpt":{"rendered":"","protected":false},"author":1,"featured_media":0,"parent":0,"menu_order":0,"comment_status":"closed","ping_status":"closed","template":"","meta":{"footnotes":""},"class_list":["post-8","page","type-page","status-publish","hentry"],"yoast_head":"<!-- This site is optimized with the Yoast SEO plugin v27.5 - https:\/\/yoast.com\/product\/yoast-seo-wordpress\/ -->\n<title>Cart - Le Petit Epicurien<\/title>\n<meta name=\"robots\" content=\"index, follow, max-snippet:-1, max-image-preview:large, max-video-preview:-1\" \/>\n<link rel=\"canonical\" href=\"https:\/\/www.lepetitepicurien.com\/fr\/chariot\/\" \/>\n<meta property=\"og:locale\" content=\"fr_FR\" \/>\n<meta property=\"og:type\" content=\"article\" \/>\n<meta property=\"og:title\" content=\"Cart - Le Petit Epicurien\" \/>\n<meta property=\"og:url\" content=\"https:\/\/www.lepetitepicurien.com\/fr\/chariot\/\" \/>\n<meta property=\"og:site_name\" content=\"Le Petit Epicurien\" \/>\n<meta name=\"twitter:card\" content=\"summary_large_image\" \/>\n<script type=\"application\/ld+json\" class=\"yoast-schema-graph\">{\"@context\":\"https:\\\/\\\/schema.org\",\"@graph\":[{\"@type\":\"WebPage\",\"@id\":\"https:\\\/\\\/www.lepetitepicurien.com\\\/cart\\\/\",\"url\":\"https:\\\/\\\/www.lepetitepicurien.com\\\/cart\\\/\",\"name\":\"Cart - Le Petit Epicurien\",\"isPartOf\":{\"@id\":\"https:\\\/\\\/www.lepetitepicurien.com\\\/#website\"},\"datePublished\":\"2024-03-08T22:16:12+00:00\",\"breadcrumb\":{\"@id\":\"https:\\\/\\\/www.lepetitepicurien.com\\\/cart\\\/#breadcrumb\"},\"inLanguage\":\"fr-FR\",\"potentialAction\":[{\"@type\":\"ReadAction\",\"target\":[\"https:\\\/\\\/www.lepetitepicurien.com\\\/cart\\\/\"]}]},{\"@type\":\"BreadcrumbList\",\"@id\":\"https:\\\/\\\/www.lepetitepicurien.com\\\/cart\\\/#breadcrumb\",\"itemListElement\":[{\"@type\":\"ListItem\",\"position\":1,\"name\":\"Home\",\"item\":\"https:\\\/\\\/www.lepetitepicurien.com\\\/\"},{\"@type\":\"ListItem\",\"position\":2,\"name\":\"Cart\"}]},{\"@type\":\"WebSite\",\"@id\":\"https:\\\/\\\/www.lepetitepicurien.com\\\/#website\",\"url\":\"https:\\\/\\\/www.lepetitepicurien.com\\\/\",\"name\":\"Le Petit Epicurien\",\"description\":\"Online Grocery for European Gourmet Food\",\"publisher\":{\"@id\":\"https:\\\/\\\/www.lepetitepicurien.com\\\/#organization\"},\"potentialAction\":[{\"@type\":\"SearchAction\",\"target\":{\"@type\":\"EntryPoint\",\"urlTemplate\":\"https:\\\/\\\/www.lepetitepicurien.com\\\/?s={search_term_string}\"},\"query-input\":{\"@type\":\"PropertyValueSpecification\",\"valueRequired\":true,\"valueName\":\"search_term_string\"}}],\"inLanguage\":\"fr-FR\"},{\"@type\":\"Organization\",\"@id\":\"https:\\\/\\\/www.lepetitepicurien.com\\\/#organization\",\"name\":\"Le Petit Epicurien\",\"url\":\"https:\\\/\\\/www.lepetitepicurien.com\\\/\",\"logo\":{\"@type\":\"ImageObject\",\"inLanguage\":\"fr-FR\",\"@id\":\"https:\\\/\\\/www.lepetitepicurien.com\\\/#\\\/schema\\\/logo\\\/image\\\/\",\"url\":\"https:\\\/\\\/www.lepetitepicurien.com\\\/wp-content\\\/uploads\\\/2024\\\/03\\\/logo.png\",\"contentUrl\":\"https:\\\/\\\/www.lepetitepicurien.com\\\/wp-content\\\/uploads\\\/2024\\\/03\\\/logo.png\",\"width\":1024,\"height\":1024,\"caption\":\"Le Petit Epicurien\"},\"image\":{\"@id\":\"https:\\\/\\\/www.lepetitepicurien.com\\\/#\\\/schema\\\/logo\\\/image\\\/\"}}]}<\/script>\n<!-- \/ Yoast SEO plugin. -->","yoast_head_json":{"title":"Panier - Le Petit Epicurien","robots":{"index":"index","follow":"follow","max-snippet":"max-snippet:-1","max-image-preview":"max-image-preview:large","max-video-preview":"max-video-preview:-1"},"canonical":"https:\/\/www.lepetitepicurien.com\/fr\/chariot\/","og_locale":"fr_FR","og_type":"article","og_title":"Cart - Le Petit Epicurien","og_url":"https:\/\/www.lepetitepicurien.com\/fr\/chariot\/","og_site_name":"Le Petit Epicurien","twitter_card":"summary_large_image","schema":{"@context":"https:\/\/schema.org","@graph":[{"@type":"WebPage","@id":"https:\/\/www.lepetitepicurien.com\/cart\/","url":"https:\/\/www.lepetitepicurien.com\/cart\/","name":"Panier - Le Petit Epicurien","isPartOf":{"@id":"https:\/\/www.lepetitepicurien.com\/#website"},"datePublished":"2024-03-08T22:16:12+00:00","breadcrumb":{"@id":"https:\/\/www.lepetitepicurien.com\/cart\/#breadcrumb"},"inLanguage":"fr-FR","potentialAction":[{"@type":"ReadAction","target":["https:\/\/www.lepetitepicurien.com\/cart\/"]}]},{"@type":"BreadcrumbList","@id":"https:\/\/www.lepetitepicurien.com\/cart\/#breadcrumb","itemListElement":[{"@type":"ListItem","position":1,"name":"Home","item":"https:\/\/www.lepetitepicurien.com\/"},{"@type":"ListItem","position":2,"name":"Cart"}]},{"@type":"WebSite","@id":"https:\/\/www.lepetitepicurien.com\/#website","url":"https:\/\/www.lepetitepicurien.com\/","name":"Le Petit \u00c9picurien","description":"\u00c9picerie en ligne pour la gastronomie europ\u00e9enne","publisher":{"@id":"https:\/\/www.lepetitepicurien.com\/#organization"},"potentialAction":[{"@type":"SearchAction","target":{"@type":"EntryPoint","urlTemplate":"https:\/\/www.lepetitepicurien.com\/?s={search_term_string}"},"query-input":{"@type":"PropertyValueSpecification","valueRequired":true,"valueName":"search_term_string"}}],"inLanguage":"fr-FR"},{"@type":"Organization","@id":"https:\/\/www.lepetitepicurien.com\/#organization","name":"Le Petit \u00c9picurien","url":"https:\/\/www.lepetitepicurien.com\/","logo":{"@type":"ImageObject","inLanguage":"fr-FR","@id":"https:\/\/www.lepetitepicurien.com\/#\/schema\/logo\/image\/","url":"https:\/\/www.lepetitepicurien.com\/wp-content\/uploads\/2024\/03\/logo.png","contentUrl":"https:\/\/www.lepetitepicurien.com\/wp-content\/uploads\/2024\/03\/logo.png","width":1024,"height":1024,"caption":"Le Petit Epicurien"},"image":{"@id":"https:\/\/www.lepetitepicurien.com\/#\/schema\/logo\/image\/"}}]}},"jetpack_sharing_enabled":true,"_links":{"self":[{"href":"http:\/\/www.lepetitepicurien.com\/fr\/wp-json\/wp\/v2\/pages\/8","targetHints":{"allow":["GET"]}}],"collection":[{"href":"http:\/\/www.lepetitepicurien.com\/fr\/wp-json\/wp\/v2\/pages"}],"about":[{"href":"http:\/\/www.lepetitepicurien.com\/fr\/wp-json\/wp\/v2\/types\/page"}],"author":[{"embeddable":true,"href":"http:\/\/www.lepetitepicurien.com\/fr\/wp-json\/wp\/v2\/users\/1"}],"replies":[{"embeddable":true,"href":"http:\/\/www.lepetitepicurien.com\/fr\/wp-json\/wp\/v2\/comments?post=8"}],"version-history":[{"count":0,"href":"http:\/\/www.lepetitepicurien.com\/fr\/wp-json\/wp\/v2\/pages\/8\/revisions"}],"wp:attachment":[{"href":"http:\/\/www.lepetitepicurien.com\/fr\/wp-json\/wp\/v2\/media?parent=8"}],"curies":[{"name":"wp","href":"https:\/\/api.w.org\/{rel}","templated":true}]}}