{"id":298,"date":"2024-08-14T22:46:34","date_gmt":"2024-08-15T02:46:34","guid":{"rendered":"https:\/\/www.lepetitepicurien.com\/?post_type=product&#038;p=298"},"modified":"2026-01-04T12:21:34","modified_gmt":"2026-01-04T17:21:34","slug":"blinis-french-premium-1-8-4-6cm-box-of-12pcs","status":"publish","type":"product","link":"http:\/\/www.lepetitepicurien.com\/fr\/product\/blinis-french-premium-1-8-4-6cm-box-of-12pcs\/","title":{"rendered":"Blinis French Premium &#8211; 1.8&#8221;\/4.6cm &#8211; box of 16pcs"},"content":{"rendered":"<p>Rehaussez vos rassemblements gastronomiques avec nos Blinis fran\u00e7ais de qualit\u00e9 sup\u00e9rieure, mesurant un diam\u00e8tre parfait de 1,8 pouces.<\/p>\n<p>Fabriqu\u00e9es selon les techniques traditionnelles fran\u00e7aises, ces mini-cr\u00eapes sont moelleuses, moelleuses et pr\u00eates \u00e0 \u00eatre garnies de votre choix de tartinades luxueuses. Qu&#039;elles soient accompagn\u00e9es de caviar, de saumon fum\u00e9 ou de fromages cr\u00e9meux, ces blinis offrent la toile de fond id\u00e9ale pour mettre en valeur des saveurs exquises. C\u00e9l\u00e9brez l&#039;essence de la gastronomie fran\u00e7aise \u00e0 chaque bouch\u00e9e !<\/p>","protected":false},"excerpt":{"rendered":"<p>One pack of 16 blinis of 1.8 inches<\/p>","protected":false},"featured_media":329,"template":"","meta":[],"product_brand":[],"product_cat":[39],"product_tag":[],"class_list":{"0":"post-298","1":"product","2":"type-product","3":"status-publish","4":"has-post-thumbnail","6":"product_cat-caviar","7":"product_shipping_class-frozen","9":"first","10":"instock","11":"taxable","12":"shipping-taxable","13":"purchasable","14":"product-type-simple"},"yoast_head":"<!-- This site is optimized with the Yoast SEO plugin v27.4 - https:\/\/yoast.com\/product\/yoast-seo-wordpress\/ -->\n<title>Blinis French Premium - 1.8&#039;&#039;\/4.6cm - box of 16pcs - Le Petit Epicurien<\/title>\n<meta name=\"robots\" content=\"index, follow, max-snippet:-1, max-image-preview:large, max-video-preview:-1\" \/>\n<link rel=\"canonical\" href=\"https:\/\/www.lepetitepicurien.com\/fr\/produit\/blinis-francais-premium-1-8-4-6-cm-boite-de-12-pieces\/\" \/>\n<meta property=\"og:locale\" content=\"fr_FR\" \/>\n<meta property=\"og:type\" content=\"article\" \/>\n<meta property=\"og:title\" content=\"Blinis French Premium - 1.8&#039;&#039;\/4.6cm - box of 16pcs - Le Petit Epicurien\" \/>\n<meta property=\"og:description\" content=\"One pack of 16 blinis of 1.8 inches\" \/>\n<meta property=\"og:url\" content=\"https:\/\/www.lepetitepicurien.com\/fr\/produit\/blinis-francais-premium-1-8-4-6-cm-boite-de-12-pieces\/\" \/>\n<meta property=\"og:site_name\" content=\"Le Petit Epicurien\" \/>\n<meta property=\"article:modified_time\" content=\"2026-01-04T17:21:34+00:00\" \/>\n<meta property=\"og:image\" content=\"https:\/\/www.lepetitepicurien.com\/wp-content\/uploads\/2024\/08\/blinis-1.jpg\" \/>\n\t<meta property=\"og:image:width\" content=\"1000\" \/>\n\t<meta property=\"og:image:height\" content=\"1000\" \/>\n\t<meta property=\"og:image:type\" content=\"image\/jpeg\" \/>\n<meta name=\"twitter:card\" content=\"summary_large_image\" \/>\n<meta name=\"twitter:label1\" content=\"Dur\u00e9e de lecture estim\u00e9e\" \/>\n\t<meta name=\"twitter:data1\" content=\"1 minute\" \/>\n<script type=\"application\/ld+json\" class=\"yoast-schema-graph\">{\"@context\":\"https:\\\/\\\/schema.org\",\"@graph\":[{\"@type\":\"WebPage\",\"@id\":\"https:\\\/\\\/www.lepetitepicurien.com\\\/product\\\/blinis-french-premium-1-8-4-6cm-box-of-12pcs\\\/\",\"url\":\"https:\\\/\\\/www.lepetitepicurien.com\\\/product\\\/blinis-french-premium-1-8-4-6cm-box-of-12pcs\\\/\",\"name\":\"Blinis French Premium - 1.8''\\\/4.6cm - box of 16pcs - Le Petit Epicurien\",\"isPartOf\":{\"@id\":\"https:\\\/\\\/www.lepetitepicurien.com\\\/#website\"},\"primaryImageOfPage\":{\"@id\":\"https:\\\/\\\/www.lepetitepicurien.com\\\/product\\\/blinis-french-premium-1-8-4-6cm-box-of-12pcs\\\/#primaryimage\"},\"image\":{\"@id\":\"https:\\\/\\\/www.lepetitepicurien.com\\\/product\\\/blinis-french-premium-1-8-4-6cm-box-of-12pcs\\\/#primaryimage\"},\"thumbnailUrl\":\"https:\\\/\\\/www.lepetitepicurien.com\\\/wp-content\\\/uploads\\\/2024\\\/08\\\/blinis-1.jpg\",\"datePublished\":\"2024-08-15T02:46:34+00:00\",\"dateModified\":\"2026-01-04T17:21:34+00:00\",\"breadcrumb\":{\"@id\":\"https:\\\/\\\/www.lepetitepicurien.com\\\/product\\\/blinis-french-premium-1-8-4-6cm-box-of-12pcs\\\/#breadcrumb\"},\"inLanguage\":\"fr-FR\",\"potentialAction\":[{\"@type\":\"ReadAction\",\"target\":[\"https:\\\/\\\/www.lepetitepicurien.com\\\/product\\\/blinis-french-premium-1-8-4-6cm-box-of-12pcs\\\/\"]}]},{\"@type\":\"ImageObject\",\"inLanguage\":\"fr-FR\",\"@id\":\"https:\\\/\\\/www.lepetitepicurien.com\\\/product\\\/blinis-french-premium-1-8-4-6cm-box-of-12pcs\\\/#primaryimage\",\"url\":\"https:\\\/\\\/www.lepetitepicurien.com\\\/wp-content\\\/uploads\\\/2024\\\/08\\\/blinis-1.jpg\",\"contentUrl\":\"https:\\\/\\\/www.lepetitepicurien.com\\\/wp-content\\\/uploads\\\/2024\\\/08\\\/blinis-1.jpg\",\"width\":1000,\"height\":1000},{\"@type\":\"BreadcrumbList\",\"@id\":\"https:\\\/\\\/www.lepetitepicurien.com\\\/product\\\/blinis-french-premium-1-8-4-6cm-box-of-12pcs\\\/#breadcrumb\",\"itemListElement\":[{\"@type\":\"ListItem\",\"position\":1,\"name\":\"Home\",\"item\":\"https:\\\/\\\/www.lepetitepicurien.com\\\/\"},{\"@type\":\"ListItem\",\"position\":2,\"name\":\"Shop\",\"item\":\"https:\\\/\\\/www.lepetitepicurien.com\\\/shop\\\/\"},{\"@type\":\"ListItem\",\"position\":3,\"name\":\"Blinis French Premium &#8211; 1.8&#8221;\\\/4.6cm &#8211; box of 16pcs\"}]},{\"@type\":\"WebSite\",\"@id\":\"https:\\\/\\\/www.lepetitepicurien.com\\\/#website\",\"url\":\"https:\\\/\\\/www.lepetitepicurien.com\\\/\",\"name\":\"Le Petit Epicurien\",\"description\":\"Online Grocery for European Gourmet Food\",\"publisher\":{\"@id\":\"https:\\\/\\\/www.lepetitepicurien.com\\\/#organization\"},\"potentialAction\":[{\"@type\":\"SearchAction\",\"target\":{\"@type\":\"EntryPoint\",\"urlTemplate\":\"https:\\\/\\\/www.lepetitepicurien.com\\\/?s={search_term_string}\"},\"query-input\":{\"@type\":\"PropertyValueSpecification\",\"valueRequired\":true,\"valueName\":\"search_term_string\"}}],\"inLanguage\":\"fr-FR\"},{\"@type\":\"Organization\",\"@id\":\"https:\\\/\\\/www.lepetitepicurien.com\\\/#organization\",\"name\":\"Le Petit Epicurien\",\"url\":\"https:\\\/\\\/www.lepetitepicurien.com\\\/\",\"logo\":{\"@type\":\"ImageObject\",\"inLanguage\":\"fr-FR\",\"@id\":\"https:\\\/\\\/www.lepetitepicurien.com\\\/#\\\/schema\\\/logo\\\/image\\\/\",\"url\":\"https:\\\/\\\/www.lepetitepicurien.com\\\/wp-content\\\/uploads\\\/2024\\\/03\\\/logo.png\",\"contentUrl\":\"https:\\\/\\\/www.lepetitepicurien.com\\\/wp-content\\\/uploads\\\/2024\\\/03\\\/logo.png\",\"width\":1024,\"height\":1024,\"caption\":\"Le Petit Epicurien\"},\"image\":{\"@id\":\"https:\\\/\\\/www.lepetitepicurien.com\\\/#\\\/schema\\\/logo\\\/image\\\/\"}}]}<\/script>\n<!-- \/ Yoast SEO plugin. -->","yoast_head_json":{"title":"Blinis French Premium - 1.8''\/4.6cm - box of 16pcs - Le Petit Epicurien","robots":{"index":"index","follow":"follow","max-snippet":"max-snippet:-1","max-image-preview":"max-image-preview:large","max-video-preview":"max-video-preview:-1"},"canonical":"https:\/\/www.lepetitepicurien.com\/fr\/produit\/blinis-francais-premium-1-8-4-6-cm-boite-de-12-pieces\/","og_locale":"fr_FR","og_type":"article","og_title":"Blinis French Premium - 1.8''\/4.6cm - box of 16pcs - Le Petit Epicurien","og_description":"One pack of 16 blinis of 1.8 inches","og_url":"https:\/\/www.lepetitepicurien.com\/fr\/produit\/blinis-francais-premium-1-8-4-6-cm-boite-de-12-pieces\/","og_site_name":"Le Petit Epicurien","article_modified_time":"2026-01-04T17:21:34+00:00","og_image":[{"width":1000,"height":1000,"url":"https:\/\/www.lepetitepicurien.com\/wp-content\/uploads\/2024\/08\/blinis-1.jpg","type":"image\/jpeg"}],"twitter_card":"summary_large_image","twitter_misc":{"Dur\u00e9e de lecture estim\u00e9e":"1 minute"},"schema":{"@context":"https:\/\/schema.org","@graph":[{"@type":"WebPage","@id":"https:\/\/www.lepetitepicurien.com\/product\/blinis-french-premium-1-8-4-6cm-box-of-12pcs\/","url":"https:\/\/www.lepetitepicurien.com\/product\/blinis-french-premium-1-8-4-6cm-box-of-12pcs\/","name":"Blinis French Premium - 1.8''\/4.6cm - box of 16pcs - Le Petit Epicurien","isPartOf":{"@id":"https:\/\/www.lepetitepicurien.com\/#website"},"primaryImageOfPage":{"@id":"https:\/\/www.lepetitepicurien.com\/product\/blinis-french-premium-1-8-4-6cm-box-of-12pcs\/#primaryimage"},"image":{"@id":"https:\/\/www.lepetitepicurien.com\/product\/blinis-french-premium-1-8-4-6cm-box-of-12pcs\/#primaryimage"},"thumbnailUrl":"https:\/\/www.lepetitepicurien.com\/wp-content\/uploads\/2024\/08\/blinis-1.jpg","datePublished":"2024-08-15T02:46:34+00:00","dateModified":"2026-01-04T17:21:34+00:00","breadcrumb":{"@id":"https:\/\/www.lepetitepicurien.com\/product\/blinis-french-premium-1-8-4-6cm-box-of-12pcs\/#breadcrumb"},"inLanguage":"fr-FR","potentialAction":[{"@type":"ReadAction","target":["https:\/\/www.lepetitepicurien.com\/product\/blinis-french-premium-1-8-4-6cm-box-of-12pcs\/"]}]},{"@type":"ImageObject","inLanguage":"fr-FR","@id":"https:\/\/www.lepetitepicurien.com\/product\/blinis-french-premium-1-8-4-6cm-box-of-12pcs\/#primaryimage","url":"https:\/\/www.lepetitepicurien.com\/wp-content\/uploads\/2024\/08\/blinis-1.jpg","contentUrl":"https:\/\/www.lepetitepicurien.com\/wp-content\/uploads\/2024\/08\/blinis-1.jpg","width":1000,"height":1000},{"@type":"BreadcrumbList","@id":"https:\/\/www.lepetitepicurien.com\/product\/blinis-french-premium-1-8-4-6cm-box-of-12pcs\/#breadcrumb","itemListElement":[{"@type":"ListItem","position":1,"name":"Home","item":"https:\/\/www.lepetitepicurien.com\/"},{"@type":"ListItem","position":2,"name":"Shop","item":"https:\/\/www.lepetitepicurien.com\/shop\/"},{"@type":"ListItem","position":3,"name":"Blinis French Premium &#8211; 1.8&#8221;\/4.6cm &#8211; box of 16pcs"}]},{"@type":"WebSite","@id":"https:\/\/www.lepetitepicurien.com\/#website","url":"https:\/\/www.lepetitepicurien.com\/","name":"Le Petit \u00c9picurien","description":"\u00c9picerie en ligne pour la gastronomie europ\u00e9enne","publisher":{"@id":"https:\/\/www.lepetitepicurien.com\/#organization"},"potentialAction":[{"@type":"SearchAction","target":{"@type":"EntryPoint","urlTemplate":"https:\/\/www.lepetitepicurien.com\/?s={search_term_string}"},"query-input":{"@type":"PropertyValueSpecification","valueRequired":true,"valueName":"search_term_string"}}],"inLanguage":"fr-FR"},{"@type":"Organization","@id":"https:\/\/www.lepetitepicurien.com\/#organization","name":"Le Petit \u00c9picurien","url":"https:\/\/www.lepetitepicurien.com\/","logo":{"@type":"ImageObject","inLanguage":"fr-FR","@id":"https:\/\/www.lepetitepicurien.com\/#\/schema\/logo\/image\/","url":"https:\/\/www.lepetitepicurien.com\/wp-content\/uploads\/2024\/03\/logo.png","contentUrl":"https:\/\/www.lepetitepicurien.com\/wp-content\/uploads\/2024\/03\/logo.png","width":1024,"height":1024,"caption":"Le Petit Epicurien"},"image":{"@id":"https:\/\/www.lepetitepicurien.com\/#\/schema\/logo\/image\/"}}]}},"jetpack_sharing_enabled":true,"_links":{"self":[{"href":"http:\/\/www.lepetitepicurien.com\/fr\/wp-json\/wp\/v2\/product\/298","targetHints":{"allow":["GET"]}}],"collection":[{"href":"http:\/\/www.lepetitepicurien.com\/fr\/wp-json\/wp\/v2\/product"}],"about":[{"href":"http:\/\/www.lepetitepicurien.com\/fr\/wp-json\/wp\/v2\/types\/product"}],"wp:featuredmedia":[{"embeddable":true,"href":"http:\/\/www.lepetitepicurien.com\/fr\/wp-json\/wp\/v2\/media\/329"}],"wp:attachment":[{"href":"http:\/\/www.lepetitepicurien.com\/fr\/wp-json\/wp\/v2\/media?parent=298"}],"wp:term":[{"taxonomy":"product_brand","embeddable":true,"href":"http:\/\/www.lepetitepicurien.com\/fr\/wp-json\/wp\/v2\/product_brand?post=298"},{"taxonomy":"product_cat","embeddable":true,"href":"http:\/\/www.lepetitepicurien.com\/fr\/wp-json\/wp\/v2\/product_cat?post=298"},{"taxonomy":"product_tag","embeddable":true,"href":"http:\/\/www.lepetitepicurien.com\/fr\/wp-json\/wp\/v2\/product_tag?post=298"}],"curies":[{"name":"wp","href":"https:\/\/api.w.org\/{rel}","templated":true}]}}