{"id":407,"date":"2024-08-14T22:47:23","date_gmt":"2024-08-15T02:47:23","guid":{"rendered":"https:\/\/www.lepetitepicurien.com\/?post_type=product&#038;p=407"},"modified":"2025-11-17T12:47:31","modified_gmt":"2025-11-17T17:47:31","slug":"flavor-pearls-passion-fruit-200g-7-06oz","status":"publish","type":"product","link":"http:\/\/www.lepetitepicurien.com\/fr\/product\/flavor-pearls-passion-fruit-200g-7-06oz\/","title":{"rendered":"Perles de saveur Fruit de la passion \u2013 200g\/7.06oz"},"content":{"rendered":"<p>Plongez dans une sensation tropicale avec les perles de saveur de fruit de la passion de Christine Le Tennier. Chaque perle est un minuscule r\u00e9servoir de l&#039;essence exotique, acidul\u00e9e et sucr\u00e9e du fruit de la passion, pr\u00eate \u00e0 \u00e9clater avec un go\u00fbt des tropiques. Contenues dans un pot chic et \u00e9l\u00e9gant, ces perles sont un m\u00e9lange de dynamisme de la nature et d&#039;artisanat culinaire de pointe. Elles constituent un ajout exquis aux desserts, cocktails, salades ou m\u00eame sur des plats de fruits de mer frais. Chaque perle promet d&#039;offrir une touche de saveur vibrante, transportant vos sens directement dans des vergers ensoleill\u00e9s. Plongez dans l&#039;attrait tropical de ces perles de fruit de la passion.<\/p>","protected":false},"excerpt":{"rendered":"<p>Dive into a tropical sensation with Christine Le Tennier&#8217;s Passion Fruit Flavor Pearls. Each pearl is a tiny reservoir of the exotic, tangy, and sweet essence of passion fruit, ready to burst forth with a taste of the tropics. Contained in a chic and sleek jar, these pearls are a blend of nature&#8217;s vibrancy with [&hellip;]<\/p>\n","protected":false},"featured_media":437,"template":"","meta":[],"product_brand":[],"product_cat":[36],"product_tag":[],"class_list":{"0":"post-407","1":"product","2":"type-product","3":"status-publish","4":"has-post-thumbnail","6":"product_cat-flavor-pearls","7":"product_shipping_class-cooler","9":"first","10":"instock","11":"taxable","12":"shipping-taxable","13":"purchasable","14":"product-type-simple"},"yoast_head":"<!-- This site is optimized with the Yoast SEO plugin v27.5 - https:\/\/yoast.com\/product\/yoast-seo-wordpress\/ -->\n<title>Flavor Pearls Passion Fruit - 200g\/7.06oz - Le Petit Epicurien<\/title>\n<meta name=\"robots\" content=\"index, follow, max-snippet:-1, max-image-preview:large, max-video-preview:-1\" \/>\n<link rel=\"canonical\" href=\"https:\/\/www.lepetitepicurien.com\/fr\/produit\/perles-de-saveur-fruit-de-la-passion-200g-7-06oz\/\" \/>\n<meta property=\"og:locale\" content=\"fr_FR\" \/>\n<meta property=\"og:type\" content=\"article\" \/>\n<meta property=\"og:title\" content=\"Flavor Pearls Passion Fruit - 200g\/7.06oz - Le Petit Epicurien\" \/>\n<meta property=\"og:description\" content=\"Dive into a tropical sensation with Christine Le Tennier&#8217;s Passion Fruit Flavor Pearls. Each pearl is a tiny reservoir of the exotic, tangy, and sweet essence of passion fruit, ready to burst forth with a taste of the tropics. Contained in a chic and sleek jar, these pearls are a blend of nature&#8217;s vibrancy with [&hellip;]\" \/>\n<meta property=\"og:url\" content=\"https:\/\/www.lepetitepicurien.com\/fr\/produit\/perles-de-saveur-fruit-de-la-passion-200g-7-06oz\/\" \/>\n<meta property=\"og:site_name\" content=\"Le Petit Epicurien\" \/>\n<meta property=\"article:modified_time\" content=\"2025-11-17T17:47:31+00:00\" \/>\n<meta property=\"og:image\" content=\"https:\/\/www.lepetitepicurien.com\/wp-content\/uploads\/2024\/08\/P59229-2-1.jpg\" \/>\n\t<meta property=\"og:image:width\" content=\"600\" \/>\n\t<meta property=\"og:image:height\" content=\"600\" \/>\n\t<meta property=\"og:image:type\" content=\"image\/jpeg\" \/>\n<meta name=\"twitter:card\" content=\"summary_large_image\" \/>\n<meta name=\"twitter:label1\" content=\"Dur\u00e9e de lecture estim\u00e9e\" \/>\n\t<meta name=\"twitter:data1\" content=\"1 minute\" \/>\n<script type=\"application\/ld+json\" class=\"yoast-schema-graph\">{\"@context\":\"https:\\\/\\\/schema.org\",\"@graph\":[{\"@type\":\"WebPage\",\"@id\":\"https:\\\/\\\/www.lepetitepicurien.com\\\/product\\\/flavor-pearls-passion-fruit-200g-7-06oz\\\/\",\"url\":\"https:\\\/\\\/www.lepetitepicurien.com\\\/product\\\/flavor-pearls-passion-fruit-200g-7-06oz\\\/\",\"name\":\"Flavor Pearls Passion Fruit - 200g\\\/7.06oz - Le Petit Epicurien\",\"isPartOf\":{\"@id\":\"https:\\\/\\\/www.lepetitepicurien.com\\\/#website\"},\"primaryImageOfPage\":{\"@id\":\"https:\\\/\\\/www.lepetitepicurien.com\\\/product\\\/flavor-pearls-passion-fruit-200g-7-06oz\\\/#primaryimage\"},\"image\":{\"@id\":\"https:\\\/\\\/www.lepetitepicurien.com\\\/product\\\/flavor-pearls-passion-fruit-200g-7-06oz\\\/#primaryimage\"},\"thumbnailUrl\":\"https:\\\/\\\/www.lepetitepicurien.com\\\/wp-content\\\/uploads\\\/2024\\\/08\\\/P59229-2-1.jpg\",\"datePublished\":\"2024-08-15T02:47:23+00:00\",\"dateModified\":\"2025-11-17T17:47:31+00:00\",\"breadcrumb\":{\"@id\":\"https:\\\/\\\/www.lepetitepicurien.com\\\/product\\\/flavor-pearls-passion-fruit-200g-7-06oz\\\/#breadcrumb\"},\"inLanguage\":\"fr-FR\",\"potentialAction\":[{\"@type\":\"ReadAction\",\"target\":[\"https:\\\/\\\/www.lepetitepicurien.com\\\/product\\\/flavor-pearls-passion-fruit-200g-7-06oz\\\/\"]}]},{\"@type\":\"ImageObject\",\"inLanguage\":\"fr-FR\",\"@id\":\"https:\\\/\\\/www.lepetitepicurien.com\\\/product\\\/flavor-pearls-passion-fruit-200g-7-06oz\\\/#primaryimage\",\"url\":\"https:\\\/\\\/www.lepetitepicurien.com\\\/wp-content\\\/uploads\\\/2024\\\/08\\\/P59229-2-1.jpg\",\"contentUrl\":\"https:\\\/\\\/www.lepetitepicurien.com\\\/wp-content\\\/uploads\\\/2024\\\/08\\\/P59229-2-1.jpg\",\"width\":600,\"height\":600},{\"@type\":\"BreadcrumbList\",\"@id\":\"https:\\\/\\\/www.lepetitepicurien.com\\\/product\\\/flavor-pearls-passion-fruit-200g-7-06oz\\\/#breadcrumb\",\"itemListElement\":[{\"@type\":\"ListItem\",\"position\":1,\"name\":\"Home\",\"item\":\"https:\\\/\\\/www.lepetitepicurien.com\\\/\"},{\"@type\":\"ListItem\",\"position\":2,\"name\":\"Shop\",\"item\":\"https:\\\/\\\/www.lepetitepicurien.com\\\/shop\\\/\"},{\"@type\":\"ListItem\",\"position\":3,\"name\":\"Flavor Pearls Passion Fruit &#8211; 200g\\\/7.06oz\"}]},{\"@type\":\"WebSite\",\"@id\":\"https:\\\/\\\/www.lepetitepicurien.com\\\/#website\",\"url\":\"https:\\\/\\\/www.lepetitepicurien.com\\\/\",\"name\":\"Le Petit Epicurien\",\"description\":\"Online Grocery for European Gourmet Food\",\"publisher\":{\"@id\":\"https:\\\/\\\/www.lepetitepicurien.com\\\/#organization\"},\"potentialAction\":[{\"@type\":\"SearchAction\",\"target\":{\"@type\":\"EntryPoint\",\"urlTemplate\":\"https:\\\/\\\/www.lepetitepicurien.com\\\/?s={search_term_string}\"},\"query-input\":{\"@type\":\"PropertyValueSpecification\",\"valueRequired\":true,\"valueName\":\"search_term_string\"}}],\"inLanguage\":\"fr-FR\"},{\"@type\":\"Organization\",\"@id\":\"https:\\\/\\\/www.lepetitepicurien.com\\\/#organization\",\"name\":\"Le Petit Epicurien\",\"url\":\"https:\\\/\\\/www.lepetitepicurien.com\\\/\",\"logo\":{\"@type\":\"ImageObject\",\"inLanguage\":\"fr-FR\",\"@id\":\"https:\\\/\\\/www.lepetitepicurien.com\\\/#\\\/schema\\\/logo\\\/image\\\/\",\"url\":\"https:\\\/\\\/www.lepetitepicurien.com\\\/wp-content\\\/uploads\\\/2024\\\/03\\\/logo.png\",\"contentUrl\":\"https:\\\/\\\/www.lepetitepicurien.com\\\/wp-content\\\/uploads\\\/2024\\\/03\\\/logo.png\",\"width\":1024,\"height\":1024,\"caption\":\"Le Petit Epicurien\"},\"image\":{\"@id\":\"https:\\\/\\\/www.lepetitepicurien.com\\\/#\\\/schema\\\/logo\\\/image\\\/\"}}]}<\/script>\n<!-- \/ Yoast SEO plugin. -->","yoast_head_json":{"title":"Perles de saveur Fruit de la Passion - 200g - Le Petit Epicurien","robots":{"index":"index","follow":"follow","max-snippet":"max-snippet:-1","max-image-preview":"max-image-preview:large","max-video-preview":"max-video-preview:-1"},"canonical":"https:\/\/www.lepetitepicurien.com\/fr\/produit\/perles-de-saveur-fruit-de-la-passion-200g-7-06oz\/","og_locale":"fr_FR","og_type":"article","og_title":"Flavor Pearls Passion Fruit - 200g\/7.06oz - Le Petit Epicurien","og_description":"Dive into a tropical sensation with Christine Le Tennier&#8217;s Passion Fruit Flavor Pearls. Each pearl is a tiny reservoir of the exotic, tangy, and sweet essence of passion fruit, ready to burst forth with a taste of the tropics. Contained in a chic and sleek jar, these pearls are a blend of nature&#8217;s vibrancy with [&hellip;]","og_url":"https:\/\/www.lepetitepicurien.com\/fr\/produit\/perles-de-saveur-fruit-de-la-passion-200g-7-06oz\/","og_site_name":"Le Petit Epicurien","article_modified_time":"2025-11-17T17:47:31+00:00","og_image":[{"width":600,"height":600,"url":"https:\/\/www.lepetitepicurien.com\/wp-content\/uploads\/2024\/08\/P59229-2-1.jpg","type":"image\/jpeg"}],"twitter_card":"summary_large_image","twitter_misc":{"Dur\u00e9e de lecture estim\u00e9e":"1 minute"},"schema":{"@context":"https:\/\/schema.org","@graph":[{"@type":"WebPage","@id":"https:\/\/www.lepetitepicurien.com\/product\/flavor-pearls-passion-fruit-200g-7-06oz\/","url":"https:\/\/www.lepetitepicurien.com\/product\/flavor-pearls-passion-fruit-200g-7-06oz\/","name":"Perles de saveur Fruit de la Passion - 200g - Le Petit Epicurien","isPartOf":{"@id":"https:\/\/www.lepetitepicurien.com\/#website"},"primaryImageOfPage":{"@id":"https:\/\/www.lepetitepicurien.com\/product\/flavor-pearls-passion-fruit-200g-7-06oz\/#primaryimage"},"image":{"@id":"https:\/\/www.lepetitepicurien.com\/product\/flavor-pearls-passion-fruit-200g-7-06oz\/#primaryimage"},"thumbnailUrl":"https:\/\/www.lepetitepicurien.com\/wp-content\/uploads\/2024\/08\/P59229-2-1.jpg","datePublished":"2024-08-15T02:47:23+00:00","dateModified":"2025-11-17T17:47:31+00:00","breadcrumb":{"@id":"https:\/\/www.lepetitepicurien.com\/product\/flavor-pearls-passion-fruit-200g-7-06oz\/#breadcrumb"},"inLanguage":"fr-FR","potentialAction":[{"@type":"ReadAction","target":["https:\/\/www.lepetitepicurien.com\/product\/flavor-pearls-passion-fruit-200g-7-06oz\/"]}]},{"@type":"ImageObject","inLanguage":"fr-FR","@id":"https:\/\/www.lepetitepicurien.com\/product\/flavor-pearls-passion-fruit-200g-7-06oz\/#primaryimage","url":"https:\/\/www.lepetitepicurien.com\/wp-content\/uploads\/2024\/08\/P59229-2-1.jpg","contentUrl":"https:\/\/www.lepetitepicurien.com\/wp-content\/uploads\/2024\/08\/P59229-2-1.jpg","width":600,"height":600},{"@type":"BreadcrumbList","@id":"https:\/\/www.lepetitepicurien.com\/product\/flavor-pearls-passion-fruit-200g-7-06oz\/#breadcrumb","itemListElement":[{"@type":"ListItem","position":1,"name":"Home","item":"https:\/\/www.lepetitepicurien.com\/"},{"@type":"ListItem","position":2,"name":"Shop","item":"https:\/\/www.lepetitepicurien.com\/shop\/"},{"@type":"ListItem","position":3,"name":"Flavor Pearls Passion Fruit &#8211; 200g\/7.06oz"}]},{"@type":"WebSite","@id":"https:\/\/www.lepetitepicurien.com\/#website","url":"https:\/\/www.lepetitepicurien.com\/","name":"Le Petit \u00c9picurien","description":"\u00c9picerie en ligne pour la gastronomie europ\u00e9enne","publisher":{"@id":"https:\/\/www.lepetitepicurien.com\/#organization"},"potentialAction":[{"@type":"SearchAction","target":{"@type":"EntryPoint","urlTemplate":"https:\/\/www.lepetitepicurien.com\/?s={search_term_string}"},"query-input":{"@type":"PropertyValueSpecification","valueRequired":true,"valueName":"search_term_string"}}],"inLanguage":"fr-FR"},{"@type":"Organization","@id":"https:\/\/www.lepetitepicurien.com\/#organization","name":"Le Petit \u00c9picurien","url":"https:\/\/www.lepetitepicurien.com\/","logo":{"@type":"ImageObject","inLanguage":"fr-FR","@id":"https:\/\/www.lepetitepicurien.com\/#\/schema\/logo\/image\/","url":"https:\/\/www.lepetitepicurien.com\/wp-content\/uploads\/2024\/03\/logo.png","contentUrl":"https:\/\/www.lepetitepicurien.com\/wp-content\/uploads\/2024\/03\/logo.png","width":1024,"height":1024,"caption":"Le Petit Epicurien"},"image":{"@id":"https:\/\/www.lepetitepicurien.com\/#\/schema\/logo\/image\/"}}]}},"jetpack_sharing_enabled":true,"_links":{"self":[{"href":"http:\/\/www.lepetitepicurien.com\/fr\/wp-json\/wp\/v2\/product\/407","targetHints":{"allow":["GET"]}}],"collection":[{"href":"http:\/\/www.lepetitepicurien.com\/fr\/wp-json\/wp\/v2\/product"}],"about":[{"href":"http:\/\/www.lepetitepicurien.com\/fr\/wp-json\/wp\/v2\/types\/product"}],"wp:featuredmedia":[{"embeddable":true,"href":"http:\/\/www.lepetitepicurien.com\/fr\/wp-json\/wp\/v2\/media\/437"}],"wp:attachment":[{"href":"http:\/\/www.lepetitepicurien.com\/fr\/wp-json\/wp\/v2\/media?parent=407"}],"wp:term":[{"taxonomy":"product_brand","embeddable":true,"href":"http:\/\/www.lepetitepicurien.com\/fr\/wp-json\/wp\/v2\/product_brand?post=407"},{"taxonomy":"product_cat","embeddable":true,"href":"http:\/\/www.lepetitepicurien.com\/fr\/wp-json\/wp\/v2\/product_cat?post=407"},{"taxonomy":"product_tag","embeddable":true,"href":"http:\/\/www.lepetitepicurien.com\/fr\/wp-json\/wp\/v2\/product_tag?post=407"}],"curies":[{"name":"wp","href":"https:\/\/api.w.org\/{rel}","templated":true}]}}