{"id":515,"date":"2024-08-14T22:48:13","date_gmt":"2024-08-15T02:48:13","guid":{"rendered":"https:\/\/www.lepetitepicurien.com\/?post_type=product&#038;p=515"},"modified":"2025-12-23T11:51:44","modified_gmt":"2025-12-23T16:51:44","slug":"cannele-bordelais","status":"publish","type":"product","link":"http:\/\/www.lepetitepicurien.com\/fr\/product\/cannele-bordelais\/","title":{"rendered":"Canel\u00e9 Bordelais \u2013 60g\/2.12oz \u2013 paquet de 10 pi\u00e8ces"},"content":{"rendered":"<p>Le Canel\u00e9 Bordelais est une p\u00e2tisserie traditionnelle fran\u00e7aise originaire de la r\u00e9gion de Bordeaux, r\u00e9put\u00e9e pour son contraste unique de textures et ses saveurs riches. Chaque Canel\u00e9 pr\u00e9sente un ext\u00e9rieur caram\u00e9lis\u00e9 et croquant et un int\u00e9rieur moelleux semblable \u00e0 de la cr\u00e8me anglaise, infus\u00e9 de notes de vanille et de rhum. Soigneusement \u00e9labor\u00e9es selon une recette vieille de plusieurs si\u00e8cles, ces petites friandises gourmandes sont cuites dans des moules en cuivre pour obtenir leur forme embl\u00e9matique et leur consistance parfaite. Id\u00e9al pour accompagner le caf\u00e9 ou le th\u00e9, ou pour servir comme dessert \u00e9l\u00e9gant, ce paquet de 10 Canel\u00e9s offre un avant-go\u00fbt de l&#039;excellence de la p\u00e2tisserie fran\u00e7aise, ce qui en fait un choix d\u00e9licieux pour les rassemblements, les cadeaux ou les plaisirs personnels.<\/p>","protected":false},"excerpt":{"rendered":"<p>Canel\u00e9 Bordelais is a traditional French pastry hailing from the Bordeaux region, renowned for its unique contrast of textures and rich flavors. Each Canel\u00e9 features a caramelized, crunchy exterior and a soft, custard-like interior, infused with hints of vanilla and rum. Carefully crafted with a centuries-old recipe, these small yet indulgent treats are baked in [&hellip;]<\/p>\n","protected":false},"featured_media":888,"template":"","meta":[],"product_brand":[],"product_cat":[27],"product_tag":[],"class_list":{"0":"post-515","1":"product","2":"type-product","3":"status-publish","4":"has-post-thumbnail","6":"product_cat-desserts","7":"product_shipping_class-frozen","9":"first","10":"instock","11":"sale","12":"taxable","13":"shipping-taxable","14":"purchasable","15":"product-type-simple"},"yoast_head":"<!-- This site is optimized with the Yoast SEO plugin v27.5 - https:\/\/yoast.com\/product\/yoast-seo-wordpress\/ -->\n<title>Canel\u00e9 Bordelais - 60g\/2.12oz - pack of 10 pcs - Le Petit Epicurien<\/title>\n<meta name=\"description\" content=\"Canel\u00e9 Bordelais is a traditional French pastry hailing from the Bordeaux region, renowned for its unique contrast of textures and rich flavors.\" \/>\n<meta name=\"robots\" content=\"index, follow, max-snippet:-1, max-image-preview:large, max-video-preview:-1\" \/>\n<link rel=\"canonical\" href=\"https:\/\/www.lepetitepicurien.com\/fr\/produit\/canele-bordelais-60g-2-12oz-paquet-de-10-pcs\/\" \/>\n<meta property=\"og:locale\" content=\"fr_FR\" \/>\n<meta property=\"og:type\" content=\"article\" \/>\n<meta property=\"og:title\" content=\"Canel\u00e9 Bordelais - 60g\/2.12oz - pack of 10 pcs - Le Petit Epicurien\" \/>\n<meta property=\"og:description\" content=\"Canel\u00e9 Bordelais is a traditional French pastry hailing from the Bordeaux region, renowned for its unique contrast of textures and rich flavors.\" \/>\n<meta property=\"og:url\" content=\"https:\/\/www.lepetitepicurien.com\/fr\/produit\/canele-bordelais-60g-2-12oz-paquet-de-10-pcs\/\" \/>\n<meta property=\"og:site_name\" content=\"Le Petit Epicurien\" \/>\n<meta property=\"article:modified_time\" content=\"2025-12-23T16:51:44+00:00\" \/>\n<meta property=\"og:image\" content=\"https:\/\/www.lepetitepicurien.com\/wp-content\/uploads\/2024\/08\/cannelle-bordelais.jpg\" \/>\n\t<meta property=\"og:image:width\" content=\"1024\" \/>\n\t<meta property=\"og:image:height\" content=\"1024\" \/>\n\t<meta property=\"og:image:type\" content=\"image\/jpeg\" \/>\n<meta name=\"twitter:card\" content=\"summary_large_image\" \/>\n<meta name=\"twitter:label1\" content=\"Dur\u00e9e de lecture estim\u00e9e\" \/>\n\t<meta name=\"twitter:data1\" content=\"1 minute\" \/>\n<script type=\"application\/ld+json\" class=\"yoast-schema-graph\">{\"@context\":\"https:\\\/\\\/schema.org\",\"@graph\":[{\"@type\":\"WebPage\",\"@id\":\"https:\\\/\\\/www.lepetitepicurien.com\\\/product\\\/cannele-bordelais\\\/\",\"url\":\"https:\\\/\\\/www.lepetitepicurien.com\\\/product\\\/cannele-bordelais\\\/\",\"name\":\"Canel\u00e9 Bordelais - 60g\\\/2.12oz - pack of 10 pcs - Le Petit Epicurien\",\"isPartOf\":{\"@id\":\"https:\\\/\\\/www.lepetitepicurien.com\\\/#website\"},\"primaryImageOfPage\":{\"@id\":\"https:\\\/\\\/www.lepetitepicurien.com\\\/product\\\/cannele-bordelais\\\/#primaryimage\"},\"image\":{\"@id\":\"https:\\\/\\\/www.lepetitepicurien.com\\\/product\\\/cannele-bordelais\\\/#primaryimage\"},\"thumbnailUrl\":\"https:\\\/\\\/www.lepetitepicurien.com\\\/wp-content\\\/uploads\\\/2024\\\/08\\\/cannelle-bordelais.jpg\",\"datePublished\":\"2024-08-15T02:48:13+00:00\",\"dateModified\":\"2025-12-23T16:51:44+00:00\",\"description\":\"Canel\u00e9 Bordelais is a traditional French pastry hailing from the Bordeaux region, renowned for its unique contrast of textures and rich flavors.\",\"breadcrumb\":{\"@id\":\"https:\\\/\\\/www.lepetitepicurien.com\\\/product\\\/cannele-bordelais\\\/#breadcrumb\"},\"inLanguage\":\"fr-FR\",\"potentialAction\":[{\"@type\":\"ReadAction\",\"target\":[\"https:\\\/\\\/www.lepetitepicurien.com\\\/product\\\/cannele-bordelais\\\/\"]}]},{\"@type\":\"ImageObject\",\"inLanguage\":\"fr-FR\",\"@id\":\"https:\\\/\\\/www.lepetitepicurien.com\\\/product\\\/cannele-bordelais\\\/#primaryimage\",\"url\":\"https:\\\/\\\/www.lepetitepicurien.com\\\/wp-content\\\/uploads\\\/2024\\\/08\\\/cannelle-bordelais.jpg\",\"contentUrl\":\"https:\\\/\\\/www.lepetitepicurien.com\\\/wp-content\\\/uploads\\\/2024\\\/08\\\/cannelle-bordelais.jpg\",\"width\":1024,\"height\":1024},{\"@type\":\"BreadcrumbList\",\"@id\":\"https:\\\/\\\/www.lepetitepicurien.com\\\/product\\\/cannele-bordelais\\\/#breadcrumb\",\"itemListElement\":[{\"@type\":\"ListItem\",\"position\":1,\"name\":\"Home\",\"item\":\"https:\\\/\\\/www.lepetitepicurien.com\\\/\"},{\"@type\":\"ListItem\",\"position\":2,\"name\":\"Shop\",\"item\":\"https:\\\/\\\/www.lepetitepicurien.com\\\/shop\\\/\"},{\"@type\":\"ListItem\",\"position\":3,\"name\":\"Canel\u00e9 Bordelais &#8211; 60g\\\/2.12oz &#8211; pack of 10 pcs\"}]},{\"@type\":\"WebSite\",\"@id\":\"https:\\\/\\\/www.lepetitepicurien.com\\\/#website\",\"url\":\"https:\\\/\\\/www.lepetitepicurien.com\\\/\",\"name\":\"Le Petit Epicurien\",\"description\":\"Online Grocery for European Gourmet Food\",\"publisher\":{\"@id\":\"https:\\\/\\\/www.lepetitepicurien.com\\\/#organization\"},\"potentialAction\":[{\"@type\":\"SearchAction\",\"target\":{\"@type\":\"EntryPoint\",\"urlTemplate\":\"https:\\\/\\\/www.lepetitepicurien.com\\\/?s={search_term_string}\"},\"query-input\":{\"@type\":\"PropertyValueSpecification\",\"valueRequired\":true,\"valueName\":\"search_term_string\"}}],\"inLanguage\":\"fr-FR\"},{\"@type\":\"Organization\",\"@id\":\"https:\\\/\\\/www.lepetitepicurien.com\\\/#organization\",\"name\":\"Le Petit Epicurien\",\"url\":\"https:\\\/\\\/www.lepetitepicurien.com\\\/\",\"logo\":{\"@type\":\"ImageObject\",\"inLanguage\":\"fr-FR\",\"@id\":\"https:\\\/\\\/www.lepetitepicurien.com\\\/#\\\/schema\\\/logo\\\/image\\\/\",\"url\":\"https:\\\/\\\/www.lepetitepicurien.com\\\/wp-content\\\/uploads\\\/2024\\\/03\\\/logo.png\",\"contentUrl\":\"https:\\\/\\\/www.lepetitepicurien.com\\\/wp-content\\\/uploads\\\/2024\\\/03\\\/logo.png\",\"width\":1024,\"height\":1024,\"caption\":\"Le Petit Epicurien\"},\"image\":{\"@id\":\"https:\\\/\\\/www.lepetitepicurien.com\\\/#\\\/schema\\\/logo\\\/image\\\/\"}}]}<\/script>\n<!-- \/ Yoast SEO plugin. -->","yoast_head_json":{"title":"Canel\u00e9 Bordelais - 60g - paquet de 10 pi\u00e8ces - Le Petit Epicurien","description":"Le Canel\u00e9 Bordelais est une p\u00e2tisserie traditionnelle fran\u00e7aise originaire de la r\u00e9gion de Bordeaux, r\u00e9put\u00e9e pour son contraste unique de textures et ses saveurs riches.","robots":{"index":"index","follow":"follow","max-snippet":"max-snippet:-1","max-image-preview":"max-image-preview:large","max-video-preview":"max-video-preview:-1"},"canonical":"https:\/\/www.lepetitepicurien.com\/fr\/produit\/canele-bordelais-60g-2-12oz-paquet-de-10-pcs\/","og_locale":"fr_FR","og_type":"article","og_title":"Canel\u00e9 Bordelais - 60g\/2.12oz - pack of 10 pcs - Le Petit Epicurien","og_description":"Canel\u00e9 Bordelais is a traditional French pastry hailing from the Bordeaux region, renowned for its unique contrast of textures and rich flavors.","og_url":"https:\/\/www.lepetitepicurien.com\/fr\/produit\/canele-bordelais-60g-2-12oz-paquet-de-10-pcs\/","og_site_name":"Le Petit Epicurien","article_modified_time":"2025-12-23T16:51:44+00:00","og_image":[{"width":1024,"height":1024,"url":"https:\/\/www.lepetitepicurien.com\/wp-content\/uploads\/2024\/08\/cannelle-bordelais.jpg","type":"image\/jpeg"}],"twitter_card":"summary_large_image","twitter_misc":{"Dur\u00e9e de lecture estim\u00e9e":"1 minute"},"schema":{"@context":"https:\/\/schema.org","@graph":[{"@type":"WebPage","@id":"https:\/\/www.lepetitepicurien.com\/product\/cannele-bordelais\/","url":"https:\/\/www.lepetitepicurien.com\/product\/cannele-bordelais\/","name":"Canel\u00e9 Bordelais - 60g - paquet de 10 pi\u00e8ces - Le Petit Epicurien","isPartOf":{"@id":"https:\/\/www.lepetitepicurien.com\/#website"},"primaryImageOfPage":{"@id":"https:\/\/www.lepetitepicurien.com\/product\/cannele-bordelais\/#primaryimage"},"image":{"@id":"https:\/\/www.lepetitepicurien.com\/product\/cannele-bordelais\/#primaryimage"},"thumbnailUrl":"https:\/\/www.lepetitepicurien.com\/wp-content\/uploads\/2024\/08\/cannelle-bordelais.jpg","datePublished":"2024-08-15T02:48:13+00:00","dateModified":"2025-12-23T16:51:44+00:00","description":"Le Canel\u00e9 Bordelais est une p\u00e2tisserie traditionnelle fran\u00e7aise originaire de la r\u00e9gion de Bordeaux, r\u00e9put\u00e9e pour son contraste unique de textures et ses saveurs riches.","breadcrumb":{"@id":"https:\/\/www.lepetitepicurien.com\/product\/cannele-bordelais\/#breadcrumb"},"inLanguage":"fr-FR","potentialAction":[{"@type":"ReadAction","target":["https:\/\/www.lepetitepicurien.com\/product\/cannele-bordelais\/"]}]},{"@type":"ImageObject","inLanguage":"fr-FR","@id":"https:\/\/www.lepetitepicurien.com\/product\/cannele-bordelais\/#primaryimage","url":"https:\/\/www.lepetitepicurien.com\/wp-content\/uploads\/2024\/08\/cannelle-bordelais.jpg","contentUrl":"https:\/\/www.lepetitepicurien.com\/wp-content\/uploads\/2024\/08\/cannelle-bordelais.jpg","width":1024,"height":1024},{"@type":"BreadcrumbList","@id":"https:\/\/www.lepetitepicurien.com\/product\/cannele-bordelais\/#breadcrumb","itemListElement":[{"@type":"ListItem","position":1,"name":"Home","item":"https:\/\/www.lepetitepicurien.com\/"},{"@type":"ListItem","position":2,"name":"Shop","item":"https:\/\/www.lepetitepicurien.com\/shop\/"},{"@type":"ListItem","position":3,"name":"Canel\u00e9 Bordelais &#8211; 60g\/2.12oz &#8211; pack of 10 pcs"}]},{"@type":"WebSite","@id":"https:\/\/www.lepetitepicurien.com\/#website","url":"https:\/\/www.lepetitepicurien.com\/","name":"Le Petit \u00c9picurien","description":"\u00c9picerie en ligne pour la gastronomie europ\u00e9enne","publisher":{"@id":"https:\/\/www.lepetitepicurien.com\/#organization"},"potentialAction":[{"@type":"SearchAction","target":{"@type":"EntryPoint","urlTemplate":"https:\/\/www.lepetitepicurien.com\/?s={search_term_string}"},"query-input":{"@type":"PropertyValueSpecification","valueRequired":true,"valueName":"search_term_string"}}],"inLanguage":"fr-FR"},{"@type":"Organization","@id":"https:\/\/www.lepetitepicurien.com\/#organization","name":"Le Petit \u00c9picurien","url":"https:\/\/www.lepetitepicurien.com\/","logo":{"@type":"ImageObject","inLanguage":"fr-FR","@id":"https:\/\/www.lepetitepicurien.com\/#\/schema\/logo\/image\/","url":"https:\/\/www.lepetitepicurien.com\/wp-content\/uploads\/2024\/03\/logo.png","contentUrl":"https:\/\/www.lepetitepicurien.com\/wp-content\/uploads\/2024\/03\/logo.png","width":1024,"height":1024,"caption":"Le Petit Epicurien"},"image":{"@id":"https:\/\/www.lepetitepicurien.com\/#\/schema\/logo\/image\/"}}]}},"jetpack_sharing_enabled":true,"_links":{"self":[{"href":"http:\/\/www.lepetitepicurien.com\/fr\/wp-json\/wp\/v2\/product\/515","targetHints":{"allow":["GET"]}}],"collection":[{"href":"http:\/\/www.lepetitepicurien.com\/fr\/wp-json\/wp\/v2\/product"}],"about":[{"href":"http:\/\/www.lepetitepicurien.com\/fr\/wp-json\/wp\/v2\/types\/product"}],"wp:featuredmedia":[{"embeddable":true,"href":"http:\/\/www.lepetitepicurien.com\/fr\/wp-json\/wp\/v2\/media\/888"}],"wp:attachment":[{"href":"http:\/\/www.lepetitepicurien.com\/fr\/wp-json\/wp\/v2\/media?parent=515"}],"wp:term":[{"taxonomy":"product_brand","embeddable":true,"href":"http:\/\/www.lepetitepicurien.com\/fr\/wp-json\/wp\/v2\/product_brand?post=515"},{"taxonomy":"product_cat","embeddable":true,"href":"http:\/\/www.lepetitepicurien.com\/fr\/wp-json\/wp\/v2\/product_cat?post=515"},{"taxonomy":"product_tag","embeddable":true,"href":"http:\/\/www.lepetitepicurien.com\/fr\/wp-json\/wp\/v2\/product_tag?post=515"}],"curies":[{"name":"wp","href":"https:\/\/api.w.org\/{rel}","templated":true}]}}