{"id":614,"date":"2024-08-14T22:49:10","date_gmt":"2024-08-15T02:49:10","guid":{"rendered":"https:\/\/www.lepetitepicurien.com\/?post_type=product&#038;p=614"},"modified":"2025-12-18T11:08:56","modified_gmt":"2025-12-18T16:08:56","slug":"duck-foie-gras-lobe-grade-b-rougie","status":"publish","type":"product","link":"http:\/\/www.lepetitepicurien.com\/fr\/product\/duck-foie-gras-lobe-grade-b-rougie\/","title":{"rendered":"Duck Foie Gras Lobe Grade B ROUGIE ~500g\/1.1lb"},"content":{"rendered":"<p>Le foie gras est le foie agrandi d&#039;un canard engraiss\u00e9, chaque centim\u00e8tre est soigneusement manipul\u00e9 par un individu tr\u00e8s exp\u00e9riment\u00e9 de Hudson Valley Farms, qu&#039;ils d\u00e9taillent fi\u00e8rement \u00e0 partir de leurs canards nourris \u00e0 la main, captur\u00e9s avec un soin particulier et dans des environnements sans stress.<\/p>\n<p>Son go\u00fbt subtil et distinctif fond litt\u00e9ralement \u00e0 chaque bouch\u00e9e, il peut \u00eatre utilis\u00e9 pour plusieurs plats et g\u00e9n\u00e9ralement accompagn\u00e9 de truffes. La cat\u00e9gorie B a tendance \u00e0 \u00eatre plus douce et moins ronde car elle rend plus de gras, ce qui la rend id\u00e9ale pour un saut\u00e9 rapide ou une cuisson \u00e0 la po\u00eale.<\/p>","protected":false},"excerpt":{"rendered":"<p>Le foie gras de canard \u00ab cat\u00e9gorie A \u00bb est un tr\u00e8s bon choix pour une pr\u00e9paration de d\u00eener. Il a une \u00ab apparence imparfaite \u00bb avec des veines et des d\u00e9colorations visibles, mais cela n\u2019enl\u00e8ve rien \u00e0 son go\u00fbt cr\u00e9meux unique.<\/p>\n<p>Il doit \u00eatre conserv\u00e9 au r\u00e9frig\u00e9rateur \u00e0 environ 0 \u00b0C et peut durer jusqu&#039;\u00e0 un an au cong\u00e9lateur.<\/p>","protected":false},"featured_media":688,"template":"","meta":[],"product_brand":[],"product_cat":[31],"product_tag":[],"class_list":{"0":"post-614","1":"product","2":"type-product","3":"status-publish","4":"has-post-thumbnail","6":"product_cat-duck-foie-gras","7":"product_shipping_class-frozen","9":"first","10":"instock","11":"taxable","12":"shipping-taxable","13":"purchasable","14":"product-type-simple"},"yoast_head":"<!-- This site is optimized with the Yoast SEO plugin v27.4 - https:\/\/yoast.com\/product\/yoast-seo-wordpress\/ -->\n<title>Duck Foie Gras Lobe Grade B ROUGIE ~500g\/1.1lb - Le Petit Epicurien<\/title>\n<meta name=\"description\" content=\"Best Quality Foie Gras Grade, ideal for your Foie gras recipe like Tournedos Rossini. Used by many private Chef in Miami, sourced from French Quebec.\" \/>\n<meta name=\"robots\" content=\"index, follow, max-snippet:-1, max-image-preview:large, max-video-preview:-1\" \/>\n<link rel=\"canonical\" href=\"https:\/\/www.lepetitepicurien.com\/fr\/produit\/foie-gras-de-canard-lobe-grade-b-rougie-730g-1-6lb\/\" \/>\n<meta property=\"og:locale\" content=\"fr_FR\" \/>\n<meta property=\"og:type\" content=\"article\" \/>\n<meta property=\"og:title\" content=\"Duck Foie Gras Lobe Grade B ROUGIE ~500g\/1.1lb - Le Petit Epicurien\" \/>\n<meta property=\"og:description\" content=\"Best Quality Foie Gras Grade, ideal for your Foie gras recipe like Tournedos Rossini. Used by many private Chef in Miami, sourced from French Quebec.\" \/>\n<meta property=\"og:url\" content=\"https:\/\/www.lepetitepicurien.com\/fr\/produit\/foie-gras-de-canard-lobe-grade-b-rougie-730g-1-6lb\/\" \/>\n<meta property=\"og:site_name\" content=\"Le Petit Epicurien\" \/>\n<meta property=\"article:modified_time\" content=\"2025-12-18T16:08:56+00:00\" \/>\n<meta property=\"og:image\" content=\"https:\/\/www.lepetitepicurien.com\/wp-content\/uploads\/2024\/08\/rougie-duck-moulard.jpg\" \/>\n\t<meta property=\"og:image:width\" content=\"1500\" \/>\n\t<meta property=\"og:image:height\" content=\"1500\" \/>\n\t<meta property=\"og:image:type\" content=\"image\/jpeg\" \/>\n<meta name=\"twitter:card\" content=\"summary_large_image\" \/>\n<meta name=\"twitter:label1\" content=\"Dur\u00e9e de lecture estim\u00e9e\" \/>\n\t<meta name=\"twitter:data1\" content=\"1 minute\" \/>\n<script type=\"application\/ld+json\" class=\"yoast-schema-graph\">{\"@context\":\"https:\\\/\\\/schema.org\",\"@graph\":[{\"@type\":\"WebPage\",\"@id\":\"https:\\\/\\\/www.lepetitepicurien.com\\\/product\\\/duck-foie-gras-lobe-grade-b-rougie\\\/\",\"url\":\"https:\\\/\\\/www.lepetitepicurien.com\\\/product\\\/duck-foie-gras-lobe-grade-b-rougie\\\/\",\"name\":\"Duck Foie Gras Lobe Grade B ROUGIE ~500g\\\/1.1lb - Le Petit Epicurien\",\"isPartOf\":{\"@id\":\"https:\\\/\\\/www.lepetitepicurien.com\\\/#website\"},\"primaryImageOfPage\":{\"@id\":\"https:\\\/\\\/www.lepetitepicurien.com\\\/product\\\/duck-foie-gras-lobe-grade-b-rougie\\\/#primaryimage\"},\"image\":{\"@id\":\"https:\\\/\\\/www.lepetitepicurien.com\\\/product\\\/duck-foie-gras-lobe-grade-b-rougie\\\/#primaryimage\"},\"thumbnailUrl\":\"https:\\\/\\\/www.lepetitepicurien.com\\\/wp-content\\\/uploads\\\/2024\\\/08\\\/rougie-duck-moulard.jpg\",\"datePublished\":\"2024-08-15T02:49:10+00:00\",\"dateModified\":\"2025-12-18T16:08:56+00:00\",\"description\":\"Best Quality Foie Gras Grade, ideal for your Foie gras recipe like Tournedos Rossini. Used by many private Chef in Miami, sourced from French Quebec.\",\"breadcrumb\":{\"@id\":\"https:\\\/\\\/www.lepetitepicurien.com\\\/product\\\/duck-foie-gras-lobe-grade-b-rougie\\\/#breadcrumb\"},\"inLanguage\":\"fr-FR\",\"potentialAction\":[{\"@type\":\"ReadAction\",\"target\":[\"https:\\\/\\\/www.lepetitepicurien.com\\\/product\\\/duck-foie-gras-lobe-grade-b-rougie\\\/\"]}]},{\"@type\":\"ImageObject\",\"inLanguage\":\"fr-FR\",\"@id\":\"https:\\\/\\\/www.lepetitepicurien.com\\\/product\\\/duck-foie-gras-lobe-grade-b-rougie\\\/#primaryimage\",\"url\":\"https:\\\/\\\/www.lepetitepicurien.com\\\/wp-content\\\/uploads\\\/2024\\\/08\\\/rougie-duck-moulard.jpg\",\"contentUrl\":\"https:\\\/\\\/www.lepetitepicurien.com\\\/wp-content\\\/uploads\\\/2024\\\/08\\\/rougie-duck-moulard.jpg\",\"width\":1500,\"height\":1500},{\"@type\":\"BreadcrumbList\",\"@id\":\"https:\\\/\\\/www.lepetitepicurien.com\\\/product\\\/duck-foie-gras-lobe-grade-b-rougie\\\/#breadcrumb\",\"itemListElement\":[{\"@type\":\"ListItem\",\"position\":1,\"name\":\"Home\",\"item\":\"https:\\\/\\\/www.lepetitepicurien.com\\\/\"},{\"@type\":\"ListItem\",\"position\":2,\"name\":\"Shop\",\"item\":\"https:\\\/\\\/www.lepetitepicurien.com\\\/shop\\\/\"},{\"@type\":\"ListItem\",\"position\":3,\"name\":\"Duck Foie Gras Lobe Grade B ROUGIE ~500g\\\/1.1lb\"}]},{\"@type\":\"WebSite\",\"@id\":\"https:\\\/\\\/www.lepetitepicurien.com\\\/#website\",\"url\":\"https:\\\/\\\/www.lepetitepicurien.com\\\/\",\"name\":\"Le Petit Epicurien\",\"description\":\"Online Grocery for European Gourmet Food\",\"publisher\":{\"@id\":\"https:\\\/\\\/www.lepetitepicurien.com\\\/#organization\"},\"potentialAction\":[{\"@type\":\"SearchAction\",\"target\":{\"@type\":\"EntryPoint\",\"urlTemplate\":\"https:\\\/\\\/www.lepetitepicurien.com\\\/?s={search_term_string}\"},\"query-input\":{\"@type\":\"PropertyValueSpecification\",\"valueRequired\":true,\"valueName\":\"search_term_string\"}}],\"inLanguage\":\"fr-FR\"},{\"@type\":\"Organization\",\"@id\":\"https:\\\/\\\/www.lepetitepicurien.com\\\/#organization\",\"name\":\"Le Petit Epicurien\",\"url\":\"https:\\\/\\\/www.lepetitepicurien.com\\\/\",\"logo\":{\"@type\":\"ImageObject\",\"inLanguage\":\"fr-FR\",\"@id\":\"https:\\\/\\\/www.lepetitepicurien.com\\\/#\\\/schema\\\/logo\\\/image\\\/\",\"url\":\"https:\\\/\\\/www.lepetitepicurien.com\\\/wp-content\\\/uploads\\\/2024\\\/03\\\/logo.png\",\"contentUrl\":\"https:\\\/\\\/www.lepetitepicurien.com\\\/wp-content\\\/uploads\\\/2024\\\/03\\\/logo.png\",\"width\":1024,\"height\":1024,\"caption\":\"Le Petit Epicurien\"},\"image\":{\"@id\":\"https:\\\/\\\/www.lepetitepicurien.com\\\/#\\\/schema\\\/logo\\\/image\\\/\"}}]}<\/script>\n<!-- \/ Yoast SEO plugin. -->","yoast_head_json":{"title":"Duck Foie Gras Lobe Grade B ROUGIE ~500g\/1.1lb - Le Petit Epicurien","description":"Best Quality Foie Gras Grade, ideal for your Foie gras recipe like Tournedos Rossini. Used by many private Chef in Miami, sourced from French Quebec.","robots":{"index":"index","follow":"follow","max-snippet":"max-snippet:-1","max-image-preview":"max-image-preview:large","max-video-preview":"max-video-preview:-1"},"canonical":"https:\/\/www.lepetitepicurien.com\/fr\/produit\/foie-gras-de-canard-lobe-grade-b-rougie-730g-1-6lb\/","og_locale":"fr_FR","og_type":"article","og_title":"Duck Foie Gras Lobe Grade B ROUGIE ~500g\/1.1lb - Le Petit Epicurien","og_description":"Best Quality Foie Gras Grade, ideal for your Foie gras recipe like Tournedos Rossini. Used by many private Chef in Miami, sourced from French Quebec.","og_url":"https:\/\/www.lepetitepicurien.com\/fr\/produit\/foie-gras-de-canard-lobe-grade-b-rougie-730g-1-6lb\/","og_site_name":"Le Petit Epicurien","article_modified_time":"2025-12-18T16:08:56+00:00","og_image":[{"width":1500,"height":1500,"url":"https:\/\/www.lepetitepicurien.com\/wp-content\/uploads\/2024\/08\/rougie-duck-moulard.jpg","type":"image\/jpeg"}],"twitter_card":"summary_large_image","twitter_misc":{"Dur\u00e9e de lecture estim\u00e9e":"1 minute"},"schema":{"@context":"https:\/\/schema.org","@graph":[{"@type":"WebPage","@id":"https:\/\/www.lepetitepicurien.com\/product\/duck-foie-gras-lobe-grade-b-rougie\/","url":"https:\/\/www.lepetitepicurien.com\/product\/duck-foie-gras-lobe-grade-b-rougie\/","name":"Duck Foie Gras Lobe Grade B ROUGIE ~500g\/1.1lb - Le Petit Epicurien","isPartOf":{"@id":"https:\/\/www.lepetitepicurien.com\/#website"},"primaryImageOfPage":{"@id":"https:\/\/www.lepetitepicurien.com\/product\/duck-foie-gras-lobe-grade-b-rougie\/#primaryimage"},"image":{"@id":"https:\/\/www.lepetitepicurien.com\/product\/duck-foie-gras-lobe-grade-b-rougie\/#primaryimage"},"thumbnailUrl":"https:\/\/www.lepetitepicurien.com\/wp-content\/uploads\/2024\/08\/rougie-duck-moulard.jpg","datePublished":"2024-08-15T02:49:10+00:00","dateModified":"2025-12-18T16:08:56+00:00","description":"Best Quality Foie Gras Grade, ideal for your Foie gras recipe like Tournedos Rossini. Used by many private Chef in Miami, sourced from French Quebec.","breadcrumb":{"@id":"https:\/\/www.lepetitepicurien.com\/product\/duck-foie-gras-lobe-grade-b-rougie\/#breadcrumb"},"inLanguage":"fr-FR","potentialAction":[{"@type":"ReadAction","target":["https:\/\/www.lepetitepicurien.com\/product\/duck-foie-gras-lobe-grade-b-rougie\/"]}]},{"@type":"ImageObject","inLanguage":"fr-FR","@id":"https:\/\/www.lepetitepicurien.com\/product\/duck-foie-gras-lobe-grade-b-rougie\/#primaryimage","url":"https:\/\/www.lepetitepicurien.com\/wp-content\/uploads\/2024\/08\/rougie-duck-moulard.jpg","contentUrl":"https:\/\/www.lepetitepicurien.com\/wp-content\/uploads\/2024\/08\/rougie-duck-moulard.jpg","width":1500,"height":1500},{"@type":"BreadcrumbList","@id":"https:\/\/www.lepetitepicurien.com\/product\/duck-foie-gras-lobe-grade-b-rougie\/#breadcrumb","itemListElement":[{"@type":"ListItem","position":1,"name":"Home","item":"https:\/\/www.lepetitepicurien.com\/"},{"@type":"ListItem","position":2,"name":"Shop","item":"https:\/\/www.lepetitepicurien.com\/shop\/"},{"@type":"ListItem","position":3,"name":"Duck Foie Gras Lobe Grade B ROUGIE ~500g\/1.1lb"}]},{"@type":"WebSite","@id":"https:\/\/www.lepetitepicurien.com\/#website","url":"https:\/\/www.lepetitepicurien.com\/","name":"Le Petit \u00c9picurien","description":"\u00c9picerie en ligne pour la gastronomie europ\u00e9enne","publisher":{"@id":"https:\/\/www.lepetitepicurien.com\/#organization"},"potentialAction":[{"@type":"SearchAction","target":{"@type":"EntryPoint","urlTemplate":"https:\/\/www.lepetitepicurien.com\/?s={search_term_string}"},"query-input":{"@type":"PropertyValueSpecification","valueRequired":true,"valueName":"search_term_string"}}],"inLanguage":"fr-FR"},{"@type":"Organization","@id":"https:\/\/www.lepetitepicurien.com\/#organization","name":"Le Petit \u00c9picurien","url":"https:\/\/www.lepetitepicurien.com\/","logo":{"@type":"ImageObject","inLanguage":"fr-FR","@id":"https:\/\/www.lepetitepicurien.com\/#\/schema\/logo\/image\/","url":"https:\/\/www.lepetitepicurien.com\/wp-content\/uploads\/2024\/03\/logo.png","contentUrl":"https:\/\/www.lepetitepicurien.com\/wp-content\/uploads\/2024\/03\/logo.png","width":1024,"height":1024,"caption":"Le Petit Epicurien"},"image":{"@id":"https:\/\/www.lepetitepicurien.com\/#\/schema\/logo\/image\/"}}]}},"jetpack_sharing_enabled":true,"_links":{"self":[{"href":"http:\/\/www.lepetitepicurien.com\/fr\/wp-json\/wp\/v2\/product\/614","targetHints":{"allow":["GET"]}}],"collection":[{"href":"http:\/\/www.lepetitepicurien.com\/fr\/wp-json\/wp\/v2\/product"}],"about":[{"href":"http:\/\/www.lepetitepicurien.com\/fr\/wp-json\/wp\/v2\/types\/product"}],"wp:featuredmedia":[{"embeddable":true,"href":"http:\/\/www.lepetitepicurien.com\/fr\/wp-json\/wp\/v2\/media\/688"}],"wp:attachment":[{"href":"http:\/\/www.lepetitepicurien.com\/fr\/wp-json\/wp\/v2\/media?parent=614"}],"wp:term":[{"taxonomy":"product_brand","embeddable":true,"href":"http:\/\/www.lepetitepicurien.com\/fr\/wp-json\/wp\/v2\/product_brand?post=614"},{"taxonomy":"product_cat","embeddable":true,"href":"http:\/\/www.lepetitepicurien.com\/fr\/wp-json\/wp\/v2\/product_cat?post=614"},{"taxonomy":"product_tag","embeddable":true,"href":"http:\/\/www.lepetitepicurien.com\/fr\/wp-json\/wp\/v2\/product_tag?post=614"}],"curies":[{"name":"wp","href":"https:\/\/api.w.org\/{rel}","templated":true}]}}