{"id":122,"date":"2024-03-09T00:57:19","date_gmt":"2024-03-09T05:57:19","guid":{"rendered":"https:\/\/www.lepetitepicurien.com\/?post_type=product&#038;p=122"},"modified":"2025-12-23T11:51:44","modified_gmt":"2025-12-23T16:51:44","slug":"le-fraisier-strawberry-strip-cake-serves-8-12","status":"publish","type":"product","link":"http:\/\/www.lepetitepicurien.com\/es\/product\/le-fraisier-strawberry-strip-cake-serves-8-12\/","title":{"rendered":"Bizcocho de fresas Fraisier en tiras \u2013 12\u00d74\u201d\/30x10cm \u2013 para 12 personas \u2013 900 g\/32 oz"},"content":{"rendered":"<p>El nombre Fraisier simplemente proviene de la palabra francesa &quot;Fraises&quot; y es uno de los postres favoritos en Francia.<br \/>\nTambi\u00e9n puedes adornar nuestro Fraisier con una capa de pasta de almendras rosadas para que quede a\u00fan m\u00e1s \u201cgourmand\u201d.<\/p>","protected":false},"excerpt":{"rendered":"<p>Nuestro \u201cFraisier\u201d es un postre franc\u00e9s tradicional y cl\u00e1sico elaborado en verano con Fresas Frescas y una cl\u00e1sica crema diplom\u00e1tica de vainilla.<\/p>\n<p>Sirve de 8 a 12 personas.<\/p>","protected":false},"featured_media":176,"template":"","meta":[],"product_brand":[],"product_cat":[27],"product_tag":[],"class_list":{"0":"post-122","1":"product","2":"type-product","3":"status-publish","4":"has-post-thumbnail","6":"product_cat-desserts","7":"product_shipping_class-frozen","9":"first","10":"instock","11":"taxable","12":"shipping-taxable","13":"purchasable","14":"product-type-simple"},"yoast_head":"<!-- This site is optimized with the Yoast SEO plugin v27.4 - https:\/\/yoast.com\/product\/yoast-seo-wordpress\/ -->\n<title>Fraisier Strawberry Strip Cake - 12x4&#039;&#039;\/30x10cm - serves up to 12 - 900g\/32oz - Le Petit Epicurien<\/title>\n<meta name=\"description\" content=\"Our &quot;Fraisier&quot; is a traditional and classic French Dessert made in summer with Fresh Strawberries. Its name simply comes from the French word &quot;Fraises&quot;.\" \/>\n<meta name=\"robots\" content=\"index, follow, max-snippet:-1, max-image-preview:large, max-video-preview:-1\" \/>\n<link rel=\"canonical\" href=\"https:\/\/www.lepetitepicurien.com\/es\/producto\/\/\" \/>\n<meta property=\"og:locale\" content=\"es_ES\" \/>\n<meta property=\"og:type\" content=\"article\" \/>\n<meta property=\"og:title\" content=\"Fraisier Strawberry Strip Cake - 12x4&#039;&#039;\/30x10cm - serves up to 12 - 900g\/32oz - Le Petit Epicurien\" \/>\n<meta property=\"og:description\" content=\"Our &quot;Fraisier&quot; is a traditional and classic French Dessert made in summer with Fresh Strawberries. Its name simply comes from the French word &quot;Fraises&quot;.\" \/>\n<meta property=\"og:url\" content=\"https:\/\/www.lepetitepicurien.com\/es\/producto\/\/\" \/>\n<meta property=\"og:site_name\" content=\"Le Petit Epicurien\" \/>\n<meta property=\"article:modified_time\" content=\"2025-12-23T16:51:44+00:00\" \/>\n<meta property=\"og:image\" content=\"https:\/\/www.lepetitepicurien.com\/wp-content\/uploads\/2024\/03\/fraisier.jpg\" \/>\n\t<meta property=\"og:image:width\" content=\"1000\" \/>\n\t<meta property=\"og:image:height\" content=\"1000\" \/>\n\t<meta property=\"og:image:type\" content=\"image\/jpeg\" \/>\n<meta name=\"twitter:card\" content=\"summary_large_image\" \/>\n<meta name=\"twitter:label1\" content=\"Tiempo de lectura\" \/>\n\t<meta name=\"twitter:data1\" content=\"1 minuto\" \/>\n<script type=\"application\/ld+json\" class=\"yoast-schema-graph\">{\"@context\":\"https:\\\/\\\/schema.org\",\"@graph\":[{\"@type\":\"WebPage\",\"@id\":\"https:\\\/\\\/www.lepetitepicurien.com\\\/product\\\/le-fraisier-strawberry-strip-cake-serves-8-12\\\/\",\"url\":\"https:\\\/\\\/www.lepetitepicurien.com\\\/product\\\/le-fraisier-strawberry-strip-cake-serves-8-12\\\/\",\"name\":\"Fraisier Strawberry Strip Cake - 12x4''\\\/30x10cm - serves up to 12 - 900g\\\/32oz - Le Petit Epicurien\",\"isPartOf\":{\"@id\":\"https:\\\/\\\/www.lepetitepicurien.com\\\/#website\"},\"primaryImageOfPage\":{\"@id\":\"https:\\\/\\\/www.lepetitepicurien.com\\\/product\\\/le-fraisier-strawberry-strip-cake-serves-8-12\\\/#primaryimage\"},\"image\":{\"@id\":\"https:\\\/\\\/www.lepetitepicurien.com\\\/product\\\/le-fraisier-strawberry-strip-cake-serves-8-12\\\/#primaryimage\"},\"thumbnailUrl\":\"https:\\\/\\\/www.lepetitepicurien.com\\\/wp-content\\\/uploads\\\/2024\\\/03\\\/fraisier.jpg\",\"datePublished\":\"2024-03-09T05:57:19+00:00\",\"dateModified\":\"2025-12-23T16:51:44+00:00\",\"description\":\"Our \\\"Fraisier\\\" is a traditional and classic French Dessert made in summer with Fresh Strawberries. Its name simply comes from the French word \\\"Fraises\\\".\",\"breadcrumb\":{\"@id\":\"https:\\\/\\\/www.lepetitepicurien.com\\\/product\\\/le-fraisier-strawberry-strip-cake-serves-8-12\\\/#breadcrumb\"},\"inLanguage\":\"es\",\"potentialAction\":[{\"@type\":\"ReadAction\",\"target\":[\"https:\\\/\\\/www.lepetitepicurien.com\\\/product\\\/le-fraisier-strawberry-strip-cake-serves-8-12\\\/\"]}]},{\"@type\":\"ImageObject\",\"inLanguage\":\"es\",\"@id\":\"https:\\\/\\\/www.lepetitepicurien.com\\\/product\\\/le-fraisier-strawberry-strip-cake-serves-8-12\\\/#primaryimage\",\"url\":\"https:\\\/\\\/www.lepetitepicurien.com\\\/wp-content\\\/uploads\\\/2024\\\/03\\\/fraisier.jpg\",\"contentUrl\":\"https:\\\/\\\/www.lepetitepicurien.com\\\/wp-content\\\/uploads\\\/2024\\\/03\\\/fraisier.jpg\",\"width\":1000,\"height\":1000},{\"@type\":\"BreadcrumbList\",\"@id\":\"https:\\\/\\\/www.lepetitepicurien.com\\\/product\\\/le-fraisier-strawberry-strip-cake-serves-8-12\\\/#breadcrumb\",\"itemListElement\":[{\"@type\":\"ListItem\",\"position\":1,\"name\":\"Home\",\"item\":\"https:\\\/\\\/www.lepetitepicurien.com\\\/\"},{\"@type\":\"ListItem\",\"position\":2,\"name\":\"Shop\",\"item\":\"https:\\\/\\\/www.lepetitepicurien.com\\\/shop\\\/\"},{\"@type\":\"ListItem\",\"position\":3,\"name\":\"Fraisier Strawberry Strip Cake &#8211; 12&#215;4&#8221;\\\/30x10cm &#8211; serves up to 12 &#8211; 900g\\\/32oz\"}]},{\"@type\":\"WebSite\",\"@id\":\"https:\\\/\\\/www.lepetitepicurien.com\\\/#website\",\"url\":\"https:\\\/\\\/www.lepetitepicurien.com\\\/\",\"name\":\"Le Petit Epicurien\",\"description\":\"Online Grocery for European Gourmet Food\",\"publisher\":{\"@id\":\"https:\\\/\\\/www.lepetitepicurien.com\\\/#organization\"},\"potentialAction\":[{\"@type\":\"SearchAction\",\"target\":{\"@type\":\"EntryPoint\",\"urlTemplate\":\"https:\\\/\\\/www.lepetitepicurien.com\\\/?s={search_term_string}\"},\"query-input\":{\"@type\":\"PropertyValueSpecification\",\"valueRequired\":true,\"valueName\":\"search_term_string\"}}],\"inLanguage\":\"es\"},{\"@type\":\"Organization\",\"@id\":\"https:\\\/\\\/www.lepetitepicurien.com\\\/#organization\",\"name\":\"Le Petit Epicurien\",\"url\":\"https:\\\/\\\/www.lepetitepicurien.com\\\/\",\"logo\":{\"@type\":\"ImageObject\",\"inLanguage\":\"es\",\"@id\":\"https:\\\/\\\/www.lepetitepicurien.com\\\/#\\\/schema\\\/logo\\\/image\\\/\",\"url\":\"https:\\\/\\\/www.lepetitepicurien.com\\\/wp-content\\\/uploads\\\/2024\\\/03\\\/logo.png\",\"contentUrl\":\"https:\\\/\\\/www.lepetitepicurien.com\\\/wp-content\\\/uploads\\\/2024\\\/03\\\/logo.png\",\"width\":1024,\"height\":1024,\"caption\":\"Le Petit Epicurien\"},\"image\":{\"@id\":\"https:\\\/\\\/www.lepetitepicurien.com\\\/#\\\/schema\\\/logo\\\/image\\\/\"}}]}<\/script>\n<!-- \/ Yoast SEO plugin. -->","yoast_head_json":{"title":"Bizcocho de fresa Fraisier - 12x4&#039;&#039;\/30x10cm - para 12 personas - 900 g\/32 oz - Le Petit Epicurien","description":"Nuestro &quot;Fraisier&quot; es un postre franc\u00e9s tradicional y cl\u00e1sico elaborado en verano con Fresas Frescas. Su nombre proviene simplemente de la palabra francesa &quot;Fraises&quot;.","robots":{"index":"index","follow":"follow","max-snippet":"max-snippet:-1","max-image-preview":"max-image-preview:large","max-video-preview":"max-video-preview:-1"},"canonical":"https:\/\/www.lepetitepicurien.com\/es\/producto\/\/","og_locale":"es_ES","og_type":"article","og_title":"Fraisier Strawberry Strip Cake - 12x4''\/30x10cm - serves up to 12 - 900g\/32oz - Le Petit Epicurien","og_description":"Our \"Fraisier\" is a traditional and classic French Dessert made in summer with Fresh Strawberries. Its name simply comes from the French word \"Fraises\".","og_url":"https:\/\/www.lepetitepicurien.com\/es\/producto\/\/","og_site_name":"Le Petit Epicurien","article_modified_time":"2025-12-23T16:51:44+00:00","og_image":[{"width":1000,"height":1000,"url":"https:\/\/www.lepetitepicurien.com\/wp-content\/uploads\/2024\/03\/fraisier.jpg","type":"image\/jpeg"}],"twitter_card":"summary_large_image","twitter_misc":{"Tiempo de lectura":"1 minuto"},"schema":{"@context":"https:\/\/schema.org","@graph":[{"@type":"WebPage","@id":"https:\/\/www.lepetitepicurien.com\/product\/le-fraisier-strawberry-strip-cake-serves-8-12\/","url":"https:\/\/www.lepetitepicurien.com\/product\/le-fraisier-strawberry-strip-cake-serves-8-12\/","name":"Bizcocho de fresa Fraisier - 12x4&#039;&#039;\/30x10cm - para 12 personas - 900 g\/32 oz - Le Petit Epicurien","isPartOf":{"@id":"https:\/\/www.lepetitepicurien.com\/#website"},"primaryImageOfPage":{"@id":"https:\/\/www.lepetitepicurien.com\/product\/le-fraisier-strawberry-strip-cake-serves-8-12\/#primaryimage"},"image":{"@id":"https:\/\/www.lepetitepicurien.com\/product\/le-fraisier-strawberry-strip-cake-serves-8-12\/#primaryimage"},"thumbnailUrl":"https:\/\/www.lepetitepicurien.com\/wp-content\/uploads\/2024\/03\/fraisier.jpg","datePublished":"2024-03-09T05:57:19+00:00","dateModified":"2025-12-23T16:51:44+00:00","description":"Nuestro &quot;Fraisier&quot; es un postre franc\u00e9s tradicional y cl\u00e1sico elaborado en verano con Fresas Frescas. Su nombre proviene simplemente de la palabra francesa &quot;Fraises&quot;.","breadcrumb":{"@id":"https:\/\/www.lepetitepicurien.com\/product\/le-fraisier-strawberry-strip-cake-serves-8-12\/#breadcrumb"},"inLanguage":"es","potentialAction":[{"@type":"ReadAction","target":["https:\/\/www.lepetitepicurien.com\/product\/le-fraisier-strawberry-strip-cake-serves-8-12\/"]}]},{"@type":"ImageObject","inLanguage":"es","@id":"https:\/\/www.lepetitepicurien.com\/product\/le-fraisier-strawberry-strip-cake-serves-8-12\/#primaryimage","url":"https:\/\/www.lepetitepicurien.com\/wp-content\/uploads\/2024\/03\/fraisier.jpg","contentUrl":"https:\/\/www.lepetitepicurien.com\/wp-content\/uploads\/2024\/03\/fraisier.jpg","width":1000,"height":1000},{"@type":"BreadcrumbList","@id":"https:\/\/www.lepetitepicurien.com\/product\/le-fraisier-strawberry-strip-cake-serves-8-12\/#breadcrumb","itemListElement":[{"@type":"ListItem","position":1,"name":"Home","item":"https:\/\/www.lepetitepicurien.com\/"},{"@type":"ListItem","position":2,"name":"Shop","item":"https:\/\/www.lepetitepicurien.com\/shop\/"},{"@type":"ListItem","position":3,"name":"Fraisier Strawberry Strip Cake &#8211; 12&#215;4&#8221;\/30x10cm &#8211; serves up to 12 &#8211; 900g\/32oz"}]},{"@type":"WebSite","@id":"https:\/\/www.lepetitepicurien.com\/#website","url":"https:\/\/www.lepetitepicurien.com\/","name":"El peque\u00f1o epicurien","description":"Tienda de alimentaci\u00f3n online de comida gourmet europea","publisher":{"@id":"https:\/\/www.lepetitepicurien.com\/#organization"},"potentialAction":[{"@type":"SearchAction","target":{"@type":"EntryPoint","urlTemplate":"https:\/\/www.lepetitepicurien.com\/?s={search_term_string}"},"query-input":{"@type":"PropertyValueSpecification","valueRequired":true,"valueName":"search_term_string"}}],"inLanguage":"es"},{"@type":"Organization","@id":"https:\/\/www.lepetitepicurien.com\/#organization","name":"El peque\u00f1o epicurien","url":"https:\/\/www.lepetitepicurien.com\/","logo":{"@type":"ImageObject","inLanguage":"es","@id":"https:\/\/www.lepetitepicurien.com\/#\/schema\/logo\/image\/","url":"https:\/\/www.lepetitepicurien.com\/wp-content\/uploads\/2024\/03\/logo.png","contentUrl":"https:\/\/www.lepetitepicurien.com\/wp-content\/uploads\/2024\/03\/logo.png","width":1024,"height":1024,"caption":"Le Petit Epicurien"},"image":{"@id":"https:\/\/www.lepetitepicurien.com\/#\/schema\/logo\/image\/"}}]}},"jetpack_sharing_enabled":true,"_links":{"self":[{"href":"http:\/\/www.lepetitepicurien.com\/es\/wp-json\/wp\/v2\/product\/122","targetHints":{"allow":["GET"]}}],"collection":[{"href":"http:\/\/www.lepetitepicurien.com\/es\/wp-json\/wp\/v2\/product"}],"about":[{"href":"http:\/\/www.lepetitepicurien.com\/es\/wp-json\/wp\/v2\/types\/product"}],"wp:featuredmedia":[{"embeddable":true,"href":"http:\/\/www.lepetitepicurien.com\/es\/wp-json\/wp\/v2\/media\/176"}],"wp:attachment":[{"href":"http:\/\/www.lepetitepicurien.com\/es\/wp-json\/wp\/v2\/media?parent=122"}],"wp:term":[{"taxonomy":"product_brand","embeddable":true,"href":"http:\/\/www.lepetitepicurien.com\/es\/wp-json\/wp\/v2\/product_brand?post=122"},{"taxonomy":"product_cat","embeddable":true,"href":"http:\/\/www.lepetitepicurien.com\/es\/wp-json\/wp\/v2\/product_cat?post=122"},{"taxonomy":"product_tag","embeddable":true,"href":"http:\/\/www.lepetitepicurien.com\/es\/wp-json\/wp\/v2\/product_tag?post=122"}],"curies":[{"name":"wp","href":"https:\/\/api.w.org\/{rel}","templated":true}]}}