{"id":285,"date":"2024-08-14T22:46:33","date_gmt":"2024-08-15T02:46:33","guid":{"rendered":"https:\/\/www.lepetitepicurien.com\/?post_type=product&#038;p=285"},"modified":"2025-04-02T21:31:02","modified_gmt":"2025-04-03T01:31:02","slug":"flying-fish-roe-tobico-orange-green-black-yellow-500g-1-1lb","status":"publish","type":"product","link":"http:\/\/www.lepetitepicurien.com\/es\/product\/flying-fish-roe-tobico-orange-green-black-yellow-500g-1-1lb\/","title":{"rendered":"Huevas de pez volador Tobico naranja\/verde\/negro\/amarillo \u2013 500 g\/1,1 lb"},"content":{"rendered":"","protected":false},"excerpt":{"rendered":"<p>Nuestro Tobico se obtiene de peces voladores de la m\u00e1s alta calidad, lo que garantiza un sabor ahumado y crujiente con cada bocado. Los colores brillantes no solo son visualmente atractivos, sino que tambi\u00e9n realzan el perfil de sabor de cada hueva. El Tobico naranja tiene una dulzura sutil, el verde est\u00e1 te\u00f1ido de wasabi para darle un toque picante, el negro ofrece un matiz ahumado intenso y el amarillo estalla con una ligera ralladura de lim\u00f3n.<br \/>\nUn poco m\u00e1s grande pero menos sospechoso que el Masago (pez capel\u00e1n), es la opci\u00f3n ideal para recetas de comida de fusi\u00f3n asi\u00e1tica.<\/p>","protected":false},"featured_media":744,"template":"","meta":[],"product_brand":[],"product_cat":[39],"product_tag":[],"class_list":{"0":"post-285","1":"product","2":"type-product","3":"status-publish","4":"has-post-thumbnail","6":"product_cat-caviar","8":"first","9":"instock","10":"taxable","11":"shipping-taxable","12":"purchasable","13":"product-type-simple"},"yoast_head":"<!-- This site is optimized with the Yoast SEO plugin v27.4 - https:\/\/yoast.com\/product\/yoast-seo-wordpress\/ -->\n<title>Flying Fish Roe Tobico Orange\/Green\/Black\/Yellow - 500g\/1.1lb - Le Petit Epicurien<\/title>\n<meta name=\"description\" content=\"Discover the vibrant and flavorful Flying Fish Roe Tobico in Orange, Green, Black, and Yellow. Perfect for sushi and culinary garnishes.\" \/>\n<meta name=\"robots\" content=\"index, follow, max-snippet:-1, max-image-preview:large, max-video-preview:-1\" \/>\n<link rel=\"canonical\" href=\"https:\/\/www.lepetitepicurien.com\/es\/producto\/huevas-de-pez-volador-tobico-naranja-verde-negro-amarillo-500g-1-1lb\/\" \/>\n<meta property=\"og:locale\" content=\"es_ES\" \/>\n<meta property=\"og:type\" content=\"article\" \/>\n<meta property=\"og:title\" content=\"Flying Fish Roe Tobico Orange\/Green\/Black\/Yellow - 500g\/1.1lb - Le Petit Epicurien\" \/>\n<meta property=\"og:description\" content=\"Discover the vibrant and flavorful Flying Fish Roe Tobico in Orange, Green, Black, and Yellow. Perfect for sushi and culinary garnishes.\" \/>\n<meta property=\"og:url\" content=\"https:\/\/www.lepetitepicurien.com\/es\/producto\/huevas-de-pez-volador-tobico-naranja-verde-negro-amarillo-500g-1-1lb\/\" \/>\n<meta property=\"og:site_name\" content=\"Le Petit Epicurien\" \/>\n<meta property=\"article:modified_time\" content=\"2025-04-03T01:31:02+00:00\" \/>\n<meta property=\"og:image\" content=\"https:\/\/www.lepetitepicurien.com\/wp-content\/uploads\/2024\/08\/tobiko.jpg\" \/>\n\t<meta property=\"og:image:width\" content=\"800\" \/>\n\t<meta property=\"og:image:height\" content=\"800\" \/>\n\t<meta property=\"og:image:type\" content=\"image\/jpeg\" \/>\n<meta name=\"twitter:card\" content=\"summary_large_image\" \/>\n<meta name=\"twitter:label1\" content=\"Tiempo de lectura\" \/>\n\t<meta name=\"twitter:data1\" content=\"1 minuto\" \/>\n<script type=\"application\/ld+json\" class=\"yoast-schema-graph\">{\"@context\":\"https:\\\/\\\/schema.org\",\"@graph\":[{\"@type\":\"WebPage\",\"@id\":\"https:\\\/\\\/www.lepetitepicurien.com\\\/product\\\/flying-fish-roe-tobico-orange-green-black-yellow-500g-1-1lb\\\/\",\"url\":\"https:\\\/\\\/www.lepetitepicurien.com\\\/product\\\/flying-fish-roe-tobico-orange-green-black-yellow-500g-1-1lb\\\/\",\"name\":\"Flying Fish Roe Tobico Orange\\\/Green\\\/Black\\\/Yellow - 500g\\\/1.1lb - Le Petit Epicurien\",\"isPartOf\":{\"@id\":\"https:\\\/\\\/www.lepetitepicurien.com\\\/#website\"},\"primaryImageOfPage\":{\"@id\":\"https:\\\/\\\/www.lepetitepicurien.com\\\/product\\\/flying-fish-roe-tobico-orange-green-black-yellow-500g-1-1lb\\\/#primaryimage\"},\"image\":{\"@id\":\"https:\\\/\\\/www.lepetitepicurien.com\\\/product\\\/flying-fish-roe-tobico-orange-green-black-yellow-500g-1-1lb\\\/#primaryimage\"},\"thumbnailUrl\":\"https:\\\/\\\/www.lepetitepicurien.com\\\/wp-content\\\/uploads\\\/2024\\\/08\\\/tobiko.jpg\",\"datePublished\":\"2024-08-15T02:46:33+00:00\",\"dateModified\":\"2025-04-03T01:31:02+00:00\",\"description\":\"Discover the vibrant and flavorful Flying Fish Roe Tobico in Orange, Green, Black, and Yellow. Perfect for sushi and culinary garnishes.\",\"breadcrumb\":{\"@id\":\"https:\\\/\\\/www.lepetitepicurien.com\\\/product\\\/flying-fish-roe-tobico-orange-green-black-yellow-500g-1-1lb\\\/#breadcrumb\"},\"inLanguage\":\"es\",\"potentialAction\":[{\"@type\":\"ReadAction\",\"target\":[\"https:\\\/\\\/www.lepetitepicurien.com\\\/product\\\/flying-fish-roe-tobico-orange-green-black-yellow-500g-1-1lb\\\/\"]}]},{\"@type\":\"ImageObject\",\"inLanguage\":\"es\",\"@id\":\"https:\\\/\\\/www.lepetitepicurien.com\\\/product\\\/flying-fish-roe-tobico-orange-green-black-yellow-500g-1-1lb\\\/#primaryimage\",\"url\":\"https:\\\/\\\/www.lepetitepicurien.com\\\/wp-content\\\/uploads\\\/2024\\\/08\\\/tobiko.jpg\",\"contentUrl\":\"https:\\\/\\\/www.lepetitepicurien.com\\\/wp-content\\\/uploads\\\/2024\\\/08\\\/tobiko.jpg\",\"width\":800,\"height\":800},{\"@type\":\"BreadcrumbList\",\"@id\":\"https:\\\/\\\/www.lepetitepicurien.com\\\/product\\\/flying-fish-roe-tobico-orange-green-black-yellow-500g-1-1lb\\\/#breadcrumb\",\"itemListElement\":[{\"@type\":\"ListItem\",\"position\":1,\"name\":\"Home\",\"item\":\"https:\\\/\\\/www.lepetitepicurien.com\\\/\"},{\"@type\":\"ListItem\",\"position\":2,\"name\":\"Shop\",\"item\":\"https:\\\/\\\/www.lepetitepicurien.com\\\/shop\\\/\"},{\"@type\":\"ListItem\",\"position\":3,\"name\":\"Flying Fish Roe Tobico Orange\\\/Green\\\/Black\\\/Yellow &#8211; 500g\\\/1.1lb\"}]},{\"@type\":\"WebSite\",\"@id\":\"https:\\\/\\\/www.lepetitepicurien.com\\\/#website\",\"url\":\"https:\\\/\\\/www.lepetitepicurien.com\\\/\",\"name\":\"Le Petit Epicurien\",\"description\":\"Online Grocery for European Gourmet Food\",\"publisher\":{\"@id\":\"https:\\\/\\\/www.lepetitepicurien.com\\\/#organization\"},\"potentialAction\":[{\"@type\":\"SearchAction\",\"target\":{\"@type\":\"EntryPoint\",\"urlTemplate\":\"https:\\\/\\\/www.lepetitepicurien.com\\\/?s={search_term_string}\"},\"query-input\":{\"@type\":\"PropertyValueSpecification\",\"valueRequired\":true,\"valueName\":\"search_term_string\"}}],\"inLanguage\":\"es\"},{\"@type\":\"Organization\",\"@id\":\"https:\\\/\\\/www.lepetitepicurien.com\\\/#organization\",\"name\":\"Le Petit Epicurien\",\"url\":\"https:\\\/\\\/www.lepetitepicurien.com\\\/\",\"logo\":{\"@type\":\"ImageObject\",\"inLanguage\":\"es\",\"@id\":\"https:\\\/\\\/www.lepetitepicurien.com\\\/#\\\/schema\\\/logo\\\/image\\\/\",\"url\":\"https:\\\/\\\/www.lepetitepicurien.com\\\/wp-content\\\/uploads\\\/2024\\\/03\\\/logo.png\",\"contentUrl\":\"https:\\\/\\\/www.lepetitepicurien.com\\\/wp-content\\\/uploads\\\/2024\\\/03\\\/logo.png\",\"width\":1024,\"height\":1024,\"caption\":\"Le Petit Epicurien\"},\"image\":{\"@id\":\"https:\\\/\\\/www.lepetitepicurien.com\\\/#\\\/schema\\\/logo\\\/image\\\/\"}}]}<\/script>\n<!-- \/ Yoast SEO plugin. -->","yoast_head_json":{"title":"Huevas de pez volador Tobico naranja\/verde\/negro\/amarillo - 500 g\/1,1 lb - Le Petit Epicurien","description":"Descubra las vibrantes y sabrosas huevas de pez volador Tobico en naranja, verde, negro y amarillo. Perfectas para sushi y guarniciones culinarias.","robots":{"index":"index","follow":"follow","max-snippet":"max-snippet:-1","max-image-preview":"max-image-preview:large","max-video-preview":"max-video-preview:-1"},"canonical":"https:\/\/www.lepetitepicurien.com\/es\/producto\/huevas-de-pez-volador-tobico-naranja-verde-negro-amarillo-500g-1-1lb\/","og_locale":"es_ES","og_type":"article","og_title":"Flying Fish Roe Tobico Orange\/Green\/Black\/Yellow - 500g\/1.1lb - Le Petit Epicurien","og_description":"Discover the vibrant and flavorful Flying Fish Roe Tobico in Orange, Green, Black, and Yellow. Perfect for sushi and culinary garnishes.","og_url":"https:\/\/www.lepetitepicurien.com\/es\/producto\/huevas-de-pez-volador-tobico-naranja-verde-negro-amarillo-500g-1-1lb\/","og_site_name":"Le Petit Epicurien","article_modified_time":"2025-04-03T01:31:02+00:00","og_image":[{"width":800,"height":800,"url":"https:\/\/www.lepetitepicurien.com\/wp-content\/uploads\/2024\/08\/tobiko.jpg","type":"image\/jpeg"}],"twitter_card":"summary_large_image","twitter_misc":{"Tiempo de lectura":"1 minuto"},"schema":{"@context":"https:\/\/schema.org","@graph":[{"@type":"WebPage","@id":"https:\/\/www.lepetitepicurien.com\/product\/flying-fish-roe-tobico-orange-green-black-yellow-500g-1-1lb\/","url":"https:\/\/www.lepetitepicurien.com\/product\/flying-fish-roe-tobico-orange-green-black-yellow-500g-1-1lb\/","name":"Huevas de pez volador Tobico naranja\/verde\/negro\/amarillo - 500 g\/1,1 lb - Le Petit Epicurien","isPartOf":{"@id":"https:\/\/www.lepetitepicurien.com\/#website"},"primaryImageOfPage":{"@id":"https:\/\/www.lepetitepicurien.com\/product\/flying-fish-roe-tobico-orange-green-black-yellow-500g-1-1lb\/#primaryimage"},"image":{"@id":"https:\/\/www.lepetitepicurien.com\/product\/flying-fish-roe-tobico-orange-green-black-yellow-500g-1-1lb\/#primaryimage"},"thumbnailUrl":"https:\/\/www.lepetitepicurien.com\/wp-content\/uploads\/2024\/08\/tobiko.jpg","datePublished":"2024-08-15T02:46:33+00:00","dateModified":"2025-04-03T01:31:02+00:00","description":"Descubra las vibrantes y sabrosas huevas de pez volador Tobico en naranja, verde, negro y amarillo. Perfectas para sushi y guarniciones culinarias.","breadcrumb":{"@id":"https:\/\/www.lepetitepicurien.com\/product\/flying-fish-roe-tobico-orange-green-black-yellow-500g-1-1lb\/#breadcrumb"},"inLanguage":"es","potentialAction":[{"@type":"ReadAction","target":["https:\/\/www.lepetitepicurien.com\/product\/flying-fish-roe-tobico-orange-green-black-yellow-500g-1-1lb\/"]}]},{"@type":"ImageObject","inLanguage":"es","@id":"https:\/\/www.lepetitepicurien.com\/product\/flying-fish-roe-tobico-orange-green-black-yellow-500g-1-1lb\/#primaryimage","url":"https:\/\/www.lepetitepicurien.com\/wp-content\/uploads\/2024\/08\/tobiko.jpg","contentUrl":"https:\/\/www.lepetitepicurien.com\/wp-content\/uploads\/2024\/08\/tobiko.jpg","width":800,"height":800},{"@type":"BreadcrumbList","@id":"https:\/\/www.lepetitepicurien.com\/product\/flying-fish-roe-tobico-orange-green-black-yellow-500g-1-1lb\/#breadcrumb","itemListElement":[{"@type":"ListItem","position":1,"name":"Home","item":"https:\/\/www.lepetitepicurien.com\/"},{"@type":"ListItem","position":2,"name":"Shop","item":"https:\/\/www.lepetitepicurien.com\/shop\/"},{"@type":"ListItem","position":3,"name":"Flying Fish Roe Tobico Orange\/Green\/Black\/Yellow &#8211; 500g\/1.1lb"}]},{"@type":"WebSite","@id":"https:\/\/www.lepetitepicurien.com\/#website","url":"https:\/\/www.lepetitepicurien.com\/","name":"El peque\u00f1o epicurien","description":"Tienda de alimentaci\u00f3n online de comida gourmet europea","publisher":{"@id":"https:\/\/www.lepetitepicurien.com\/#organization"},"potentialAction":[{"@type":"SearchAction","target":{"@type":"EntryPoint","urlTemplate":"https:\/\/www.lepetitepicurien.com\/?s={search_term_string}"},"query-input":{"@type":"PropertyValueSpecification","valueRequired":true,"valueName":"search_term_string"}}],"inLanguage":"es"},{"@type":"Organization","@id":"https:\/\/www.lepetitepicurien.com\/#organization","name":"El peque\u00f1o epicurien","url":"https:\/\/www.lepetitepicurien.com\/","logo":{"@type":"ImageObject","inLanguage":"es","@id":"https:\/\/www.lepetitepicurien.com\/#\/schema\/logo\/image\/","url":"https:\/\/www.lepetitepicurien.com\/wp-content\/uploads\/2024\/03\/logo.png","contentUrl":"https:\/\/www.lepetitepicurien.com\/wp-content\/uploads\/2024\/03\/logo.png","width":1024,"height":1024,"caption":"Le Petit Epicurien"},"image":{"@id":"https:\/\/www.lepetitepicurien.com\/#\/schema\/logo\/image\/"}}]}},"jetpack_sharing_enabled":true,"_links":{"self":[{"href":"http:\/\/www.lepetitepicurien.com\/es\/wp-json\/wp\/v2\/product\/285","targetHints":{"allow":["GET"]}}],"collection":[{"href":"http:\/\/www.lepetitepicurien.com\/es\/wp-json\/wp\/v2\/product"}],"about":[{"href":"http:\/\/www.lepetitepicurien.com\/es\/wp-json\/wp\/v2\/types\/product"}],"wp:featuredmedia":[{"embeddable":true,"href":"http:\/\/www.lepetitepicurien.com\/es\/wp-json\/wp\/v2\/media\/744"}],"wp:attachment":[{"href":"http:\/\/www.lepetitepicurien.com\/es\/wp-json\/wp\/v2\/media?parent=285"}],"wp:term":[{"taxonomy":"product_brand","embeddable":true,"href":"http:\/\/www.lepetitepicurien.com\/es\/wp-json\/wp\/v2\/product_brand?post=285"},{"taxonomy":"product_cat","embeddable":true,"href":"http:\/\/www.lepetitepicurien.com\/es\/wp-json\/wp\/v2\/product_cat?post=285"},{"taxonomy":"product_tag","embeddable":true,"href":"http:\/\/www.lepetitepicurien.com\/es\/wp-json\/wp\/v2\/product_tag?post=285"}],"curies":[{"name":"wp","href":"https:\/\/api.w.org\/{rel}","templated":true}]}}