{"id":303,"date":"2024-08-14T22:46:35","date_gmt":"2024-08-15T02:46:35","guid":{"rendered":"https:\/\/www.lepetitepicurien.com\/?post_type=product&#038;p=303"},"modified":"2025-04-02T21:31:05","modified_gmt":"2025-04-03T01:31:05","slug":"gold-edible-23-75k-leaf-booklet-large-square-25-sheets","status":"publish","type":"product","link":"https:\/\/www.lepetitepicurien.com\/es\/product\/gold-edible-23-75k-leaf-booklet-large-square-25-sheets\/","title":{"rendered":"Folleto de hojas comestibles de oro de 23,75 k, cuadrado grande, 25 hojas"},"content":{"rendered":"<p>Realce sus creaciones culinarias con nuestras l\u00e1minas de oro genuino comestibles de 23,75 quilates. Cada l\u00e1mina mide 80 x 80 mm (31,5 x 31,5 pulgadas) y es perfecta para agregar un toque de lujo a pasteles, bebidas, c\u00f3cteles, chocolates y m\u00e1s. Realce postres, pasteles e incluso pasteles de boda con la opulencia del oro genuino. <\/p>\n<p><strong>Pureza:<\/strong> 23,75k<br \/>\n<strong>Clasificado:<\/strong> Aditivo alimentario natural E175<\/p>","protected":false},"excerpt":{"rendered":"<p>Eleve sus creaciones culinarias con nuestras hojas de oro comestibles genuinas de 23,75 quilates. Estas hojas cuadradas de 31,5 pulgadas (80 mm) son perfectas para agregar un toque de lujo a pasteles, bebidas, c\u00f3cteles, chocolates y m\u00e1s. Eleve los postres, pasteles e incluso pasteles de bodas con la opulencia del oro genuino. Clasificada como aditivo alimentario natural (E175), nuestra hoja de oro comestible es su clave para la elegancia culinaria.<\/p>","protected":false},"featured_media":336,"template":"","meta":[],"product_brand":[],"product_cat":[96],"product_tag":[],"class_list":{"0":"post-303","1":"product","2":"type-product","3":"status-publish","4":"has-post-thumbnail","6":"product_cat-chef-products","7":"product_shipping_class-dry","9":"first","10":"instock","11":"taxable","12":"shipping-taxable","13":"purchasable","14":"product-type-simple"},"yoast_head":"<!-- This site is optimized with the Yoast SEO plugin v27.5 - https:\/\/yoast.com\/product\/yoast-seo-wordpress\/ -->\n<title>Gold Edible 23.75k Leaf Booklet large square - 25 sheets - Le Petit Epicurien<\/title>\n<meta name=\"robots\" content=\"index, follow, max-snippet:-1, max-image-preview:large, max-video-preview:-1\" \/>\n<link rel=\"canonical\" href=\"https:\/\/www.lepetitepicurien.com\/es\/producto\/folleto-de-oro-comestible-de-23-75k-cuadrado-grande-25-hojas\/\" \/>\n<meta property=\"og:locale\" content=\"es_ES\" \/>\n<meta property=\"og:type\" content=\"article\" \/>\n<meta property=\"og:title\" content=\"Gold Edible 23.75k Leaf Booklet large square - 25 sheets - Le Petit Epicurien\" \/>\n<meta property=\"og:description\" content=\"Elevate your culinary creations with our 23.75K Edible Genuine Gold Leaf. These 31.5 inch (80 mm) square leaves are perfect for adding a touch of luxury to cakes, drinks, cocktails, chocolates, and more. Elevate desserts, pastries, and even wedding cakes with the opulence of genuine gold. Classified as a Natural Food Additive (E175), our Edible Gold Leaf is your key to culinary elegance.\" \/>\n<meta property=\"og:url\" content=\"https:\/\/www.lepetitepicurien.com\/es\/producto\/folleto-de-oro-comestible-de-23-75k-cuadrado-grande-25-hojas\/\" \/>\n<meta property=\"og:site_name\" content=\"Le Petit Epicurien\" \/>\n<meta property=\"article:modified_time\" content=\"2025-04-03T01:31:05+00:00\" \/>\n<meta name=\"twitter:card\" content=\"summary_large_image\" \/>\n<script type=\"application\/ld+json\" class=\"yoast-schema-graph\">{\"@context\":\"https:\\\/\\\/schema.org\",\"@graph\":[{\"@type\":\"WebPage\",\"@id\":\"https:\\\/\\\/www.lepetitepicurien.com\\\/product\\\/gold-edible-23-75k-leaf-booklet-large-square-25-sheets\\\/\",\"url\":\"https:\\\/\\\/www.lepetitepicurien.com\\\/product\\\/gold-edible-23-75k-leaf-booklet-large-square-25-sheets\\\/\",\"name\":\"Gold Edible 23.75k Leaf Booklet large square - 25 sheets - Le Petit Epicurien\",\"isPartOf\":{\"@id\":\"https:\\\/\\\/www.lepetitepicurien.com\\\/#website\"},\"primaryImageOfPage\":{\"@id\":\"https:\\\/\\\/www.lepetitepicurien.com\\\/product\\\/gold-edible-23-75k-leaf-booklet-large-square-25-sheets\\\/#primaryimage\"},\"image\":{\"@id\":\"https:\\\/\\\/www.lepetitepicurien.com\\\/product\\\/gold-edible-23-75k-leaf-booklet-large-square-25-sheets\\\/#primaryimage\"},\"thumbnailUrl\":\"https:\\\/\\\/www.lepetitepicurien.com\\\/wp-content\\\/uploads\\\/2024\\\/08\\\/gold-leaf-1.jpg\",\"datePublished\":\"2024-08-15T02:46:35+00:00\",\"dateModified\":\"2025-04-03T01:31:05+00:00\",\"breadcrumb\":{\"@id\":\"https:\\\/\\\/www.lepetitepicurien.com\\\/product\\\/gold-edible-23-75k-leaf-booklet-large-square-25-sheets\\\/#breadcrumb\"},\"inLanguage\":\"es\",\"potentialAction\":[{\"@type\":\"ReadAction\",\"target\":[\"https:\\\/\\\/www.lepetitepicurien.com\\\/product\\\/gold-edible-23-75k-leaf-booklet-large-square-25-sheets\\\/\"]}]},{\"@type\":\"ImageObject\",\"inLanguage\":\"es\",\"@id\":\"https:\\\/\\\/www.lepetitepicurien.com\\\/product\\\/gold-edible-23-75k-leaf-booklet-large-square-25-sheets\\\/#primaryimage\",\"url\":\"https:\\\/\\\/www.lepetitepicurien.com\\\/wp-content\\\/uploads\\\/2024\\\/08\\\/gold-leaf-1.jpg\",\"contentUrl\":\"https:\\\/\\\/www.lepetitepicurien.com\\\/wp-content\\\/uploads\\\/2024\\\/08\\\/gold-leaf-1.jpg\",\"width\":884,\"height\":884},{\"@type\":\"BreadcrumbList\",\"@id\":\"https:\\\/\\\/www.lepetitepicurien.com\\\/product\\\/gold-edible-23-75k-leaf-booklet-large-square-25-sheets\\\/#breadcrumb\",\"itemListElement\":[{\"@type\":\"ListItem\",\"position\":1,\"name\":\"Home\",\"item\":\"https:\\\/\\\/www.lepetitepicurien.com\\\/\"},{\"@type\":\"ListItem\",\"position\":2,\"name\":\"Shop\",\"item\":\"https:\\\/\\\/www.lepetitepicurien.com\\\/shop\\\/\"},{\"@type\":\"ListItem\",\"position\":3,\"name\":\"Gold Edible 23.75k Leaf Booklet large square &#8211; 25 sheets\"}]},{\"@type\":\"WebSite\",\"@id\":\"https:\\\/\\\/www.lepetitepicurien.com\\\/#website\",\"url\":\"https:\\\/\\\/www.lepetitepicurien.com\\\/\",\"name\":\"Le Petit Epicurien\",\"description\":\"Online Grocery for European Gourmet Food\",\"publisher\":{\"@id\":\"https:\\\/\\\/www.lepetitepicurien.com\\\/#organization\"},\"potentialAction\":[{\"@type\":\"SearchAction\",\"target\":{\"@type\":\"EntryPoint\",\"urlTemplate\":\"https:\\\/\\\/www.lepetitepicurien.com\\\/?s={search_term_string}\"},\"query-input\":{\"@type\":\"PropertyValueSpecification\",\"valueRequired\":true,\"valueName\":\"search_term_string\"}}],\"inLanguage\":\"es\"},{\"@type\":\"Organization\",\"@id\":\"https:\\\/\\\/www.lepetitepicurien.com\\\/#organization\",\"name\":\"Le Petit Epicurien\",\"url\":\"https:\\\/\\\/www.lepetitepicurien.com\\\/\",\"logo\":{\"@type\":\"ImageObject\",\"inLanguage\":\"es\",\"@id\":\"https:\\\/\\\/www.lepetitepicurien.com\\\/#\\\/schema\\\/logo\\\/image\\\/\",\"url\":\"https:\\\/\\\/www.lepetitepicurien.com\\\/wp-content\\\/uploads\\\/2024\\\/03\\\/logo.png\",\"contentUrl\":\"https:\\\/\\\/www.lepetitepicurien.com\\\/wp-content\\\/uploads\\\/2024\\\/03\\\/logo.png\",\"width\":1024,\"height\":1024,\"caption\":\"Le Petit Epicurien\"},\"image\":{\"@id\":\"https:\\\/\\\/www.lepetitepicurien.com\\\/#\\\/schema\\\/logo\\\/image\\\/\"}}]}<\/script>\n<!-- \/ Yoast SEO plugin. -->","yoast_head_json":{"title":"Folleto de hojas comestibles doradas de 23,75 k, cuadrado grande - 25 hojas - Le Petit Epicurien","robots":{"index":"index","follow":"follow","max-snippet":"max-snippet:-1","max-image-preview":"max-image-preview:large","max-video-preview":"max-video-preview:-1"},"canonical":"https:\/\/www.lepetitepicurien.com\/es\/producto\/folleto-de-oro-comestible-de-23-75k-cuadrado-grande-25-hojas\/","og_locale":"es_ES","og_type":"article","og_title":"Gold Edible 23.75k Leaf Booklet large square - 25 sheets - Le Petit Epicurien","og_description":"Elevate your culinary creations with our 23.75K Edible Genuine Gold Leaf. These 31.5 inch (80 mm) square leaves are perfect for adding a touch of luxury to cakes, drinks, cocktails, chocolates, and more. Elevate desserts, pastries, and even wedding cakes with the opulence of genuine gold. Classified as a Natural Food Additive (E175), our Edible Gold Leaf is your key to culinary elegance.","og_url":"https:\/\/www.lepetitepicurien.com\/es\/producto\/folleto-de-oro-comestible-de-23-75k-cuadrado-grande-25-hojas\/","og_site_name":"Le Petit Epicurien","article_modified_time":"2025-04-03T01:31:05+00:00","twitter_card":"summary_large_image","schema":{"@context":"https:\/\/schema.org","@graph":[{"@type":"WebPage","@id":"https:\/\/www.lepetitepicurien.com\/product\/gold-edible-23-75k-leaf-booklet-large-square-25-sheets\/","url":"https:\/\/www.lepetitepicurien.com\/product\/gold-edible-23-75k-leaf-booklet-large-square-25-sheets\/","name":"Folleto de hojas comestibles doradas de 23,75 k, cuadrado grande - 25 hojas - Le Petit Epicurien","isPartOf":{"@id":"https:\/\/www.lepetitepicurien.com\/#website"},"primaryImageOfPage":{"@id":"https:\/\/www.lepetitepicurien.com\/product\/gold-edible-23-75k-leaf-booklet-large-square-25-sheets\/#primaryimage"},"image":{"@id":"https:\/\/www.lepetitepicurien.com\/product\/gold-edible-23-75k-leaf-booklet-large-square-25-sheets\/#primaryimage"},"thumbnailUrl":"https:\/\/www.lepetitepicurien.com\/wp-content\/uploads\/2024\/08\/gold-leaf-1.jpg","datePublished":"2024-08-15T02:46:35+00:00","dateModified":"2025-04-03T01:31:05+00:00","breadcrumb":{"@id":"https:\/\/www.lepetitepicurien.com\/product\/gold-edible-23-75k-leaf-booklet-large-square-25-sheets\/#breadcrumb"},"inLanguage":"es","potentialAction":[{"@type":"ReadAction","target":["https:\/\/www.lepetitepicurien.com\/product\/gold-edible-23-75k-leaf-booklet-large-square-25-sheets\/"]}]},{"@type":"ImageObject","inLanguage":"es","@id":"https:\/\/www.lepetitepicurien.com\/product\/gold-edible-23-75k-leaf-booklet-large-square-25-sheets\/#primaryimage","url":"https:\/\/www.lepetitepicurien.com\/wp-content\/uploads\/2024\/08\/gold-leaf-1.jpg","contentUrl":"https:\/\/www.lepetitepicurien.com\/wp-content\/uploads\/2024\/08\/gold-leaf-1.jpg","width":884,"height":884},{"@type":"BreadcrumbList","@id":"https:\/\/www.lepetitepicurien.com\/product\/gold-edible-23-75k-leaf-booklet-large-square-25-sheets\/#breadcrumb","itemListElement":[{"@type":"ListItem","position":1,"name":"Home","item":"https:\/\/www.lepetitepicurien.com\/"},{"@type":"ListItem","position":2,"name":"Shop","item":"https:\/\/www.lepetitepicurien.com\/shop\/"},{"@type":"ListItem","position":3,"name":"Gold Edible 23.75k Leaf Booklet large square &#8211; 25 sheets"}]},{"@type":"WebSite","@id":"https:\/\/www.lepetitepicurien.com\/#website","url":"https:\/\/www.lepetitepicurien.com\/","name":"El peque\u00f1o epicurien","description":"Tienda de alimentaci\u00f3n online de comida gourmet europea","publisher":{"@id":"https:\/\/www.lepetitepicurien.com\/#organization"},"potentialAction":[{"@type":"SearchAction","target":{"@type":"EntryPoint","urlTemplate":"https:\/\/www.lepetitepicurien.com\/?s={search_term_string}"},"query-input":{"@type":"PropertyValueSpecification","valueRequired":true,"valueName":"search_term_string"}}],"inLanguage":"es"},{"@type":"Organization","@id":"https:\/\/www.lepetitepicurien.com\/#organization","name":"El peque\u00f1o epicurien","url":"https:\/\/www.lepetitepicurien.com\/","logo":{"@type":"ImageObject","inLanguage":"es","@id":"https:\/\/www.lepetitepicurien.com\/#\/schema\/logo\/image\/","url":"https:\/\/www.lepetitepicurien.com\/wp-content\/uploads\/2024\/03\/logo.png","contentUrl":"https:\/\/www.lepetitepicurien.com\/wp-content\/uploads\/2024\/03\/logo.png","width":1024,"height":1024,"caption":"Le Petit Epicurien"},"image":{"@id":"https:\/\/www.lepetitepicurien.com\/#\/schema\/logo\/image\/"}}]}},"jetpack_sharing_enabled":true,"_links":{"self":[{"href":"https:\/\/www.lepetitepicurien.com\/es\/wp-json\/wp\/v2\/product\/303","targetHints":{"allow":["GET"]}}],"collection":[{"href":"https:\/\/www.lepetitepicurien.com\/es\/wp-json\/wp\/v2\/product"}],"about":[{"href":"https:\/\/www.lepetitepicurien.com\/es\/wp-json\/wp\/v2\/types\/product"}],"wp:featuredmedia":[{"embeddable":true,"href":"https:\/\/www.lepetitepicurien.com\/es\/wp-json\/wp\/v2\/media\/336"}],"wp:attachment":[{"href":"https:\/\/www.lepetitepicurien.com\/es\/wp-json\/wp\/v2\/media?parent=303"}],"wp:term":[{"taxonomy":"product_brand","embeddable":true,"href":"https:\/\/www.lepetitepicurien.com\/es\/wp-json\/wp\/v2\/product_brand?post=303"},{"taxonomy":"product_cat","embeddable":true,"href":"https:\/\/www.lepetitepicurien.com\/es\/wp-json\/wp\/v2\/product_cat?post=303"},{"taxonomy":"product_tag","embeddable":true,"href":"https:\/\/www.lepetitepicurien.com\/es\/wp-json\/wp\/v2\/product_tag?post=303"}],"curies":[{"name":"wp","href":"https:\/\/api.w.org\/{rel}","templated":true}]}}