{"id":304,"date":"2024-08-14T22:46:35","date_gmt":"2024-08-15T02:46:35","guid":{"rendered":"https:\/\/www.lepetitepicurien.com\/?post_type=product&#038;p=304"},"modified":"2025-04-02T21:31:05","modified_gmt":"2025-04-03T01:31:05","slug":"lemon-peel-confit-strips-1kg-2-2lbs","status":"publish","type":"product","link":"http:\/\/www.lepetitepicurien.com\/es\/product\/lemon-peel-confit-strips-1kg-2-2lbs\/","title":{"rendered":"Tiras de c\u00e1scara de lim\u00f3n confitada \u2013 1 kg\/2,2 lb"},"content":{"rendered":"","protected":false},"excerpt":{"rendered":"<p>Del\u00e9itese con los vibrantes sabores de nuestras tiras de c\u00e1scara de lim\u00f3n confitada. Estas c\u00e1scaras de lim\u00f3n confitadas se preparan cuidadosamente para preservar la esencia brillante y \u00e1cida de los limones frescos, a la vez que agregan un matiz dulce y suave que realza una variedad de recetas. Ideales para incorporar en productos horneados como pasteles, galletas y panes, estas tiras de c\u00e1scara de lim\u00f3n tambi\u00e9n son una fant\u00e1stica guarnici\u00f3n para c\u00f3cteles y postres.<\/p>","protected":false},"featured_media":753,"template":"","meta":[],"product_brand":[],"product_cat":[96],"product_tag":[],"class_list":{"0":"post-304","1":"product","2":"type-product","3":"status-publish","4":"has-post-thumbnail","6":"product_cat-chef-products","7":"product_shipping_class-dry","9":"first","10":"instock","11":"taxable","12":"shipping-taxable","13":"purchasable","14":"product-type-simple"},"yoast_head":"<!-- This site is optimized with the Yoast SEO plugin v27.5 - https:\/\/yoast.com\/product\/yoast-seo-wordpress\/ -->\n<title>Lemon Peel Confit Strips - 1kg\/2.2lbs - Le Petit Epicurien<\/title>\n<meta name=\"description\" content=\"Brighten your dishes with our Lemon Peel Confit Strips, perfect for adding a citrusy zest to pastries, cocktails, and savory dishes.\" \/>\n<meta name=\"robots\" content=\"index, follow, max-snippet:-1, max-image-preview:large, max-video-preview:-1\" \/>\n<link rel=\"canonical\" href=\"https:\/\/www.lepetitepicurien.com\/es\/producto\/tiras-de-confit-de-cascara-de-limon-1-kg-2-2-libras\/\" \/>\n<meta property=\"og:locale\" content=\"es_ES\" \/>\n<meta property=\"og:type\" content=\"article\" \/>\n<meta property=\"og:title\" content=\"Lemon Peel Confit Strips - 1kg\/2.2lbs - Le Petit Epicurien\" \/>\n<meta property=\"og:description\" content=\"Brighten your dishes with our Lemon Peel Confit Strips, perfect for adding a citrusy zest to pastries, cocktails, and savory dishes.\" \/>\n<meta property=\"og:url\" content=\"https:\/\/www.lepetitepicurien.com\/es\/producto\/tiras-de-confit-de-cascara-de-limon-1-kg-2-2-libras\/\" \/>\n<meta property=\"og:site_name\" content=\"Le Petit Epicurien\" \/>\n<meta property=\"article:modified_time\" content=\"2025-04-03T01:31:05+00:00\" \/>\n<meta property=\"og:image\" content=\"https:\/\/www.lepetitepicurien.com\/wp-content\/uploads\/2024\/08\/BAK1625-1.jpg\" \/>\n\t<meta property=\"og:image:width\" content=\"1200\" \/>\n\t<meta property=\"og:image:height\" content=\"1200\" \/>\n\t<meta property=\"og:image:type\" content=\"image\/jpeg\" \/>\n<meta name=\"twitter:card\" content=\"summary_large_image\" \/>\n<meta name=\"twitter:label1\" content=\"Tiempo de lectura\" \/>\n\t<meta name=\"twitter:data1\" content=\"1 minuto\" \/>\n<script type=\"application\/ld+json\" class=\"yoast-schema-graph\">{\"@context\":\"https:\\\/\\\/schema.org\",\"@graph\":[{\"@type\":\"WebPage\",\"@id\":\"https:\\\/\\\/www.lepetitepicurien.com\\\/product\\\/lemon-peel-confit-strips-1kg-2-2lbs\\\/\",\"url\":\"https:\\\/\\\/www.lepetitepicurien.com\\\/product\\\/lemon-peel-confit-strips-1kg-2-2lbs\\\/\",\"name\":\"Lemon Peel Confit Strips - 1kg\\\/2.2lbs - Le Petit Epicurien\",\"isPartOf\":{\"@id\":\"https:\\\/\\\/www.lepetitepicurien.com\\\/#website\"},\"primaryImageOfPage\":{\"@id\":\"https:\\\/\\\/www.lepetitepicurien.com\\\/product\\\/lemon-peel-confit-strips-1kg-2-2lbs\\\/#primaryimage\"},\"image\":{\"@id\":\"https:\\\/\\\/www.lepetitepicurien.com\\\/product\\\/lemon-peel-confit-strips-1kg-2-2lbs\\\/#primaryimage\"},\"thumbnailUrl\":\"https:\\\/\\\/www.lepetitepicurien.com\\\/wp-content\\\/uploads\\\/2024\\\/08\\\/BAK1625-1.jpg\",\"datePublished\":\"2024-08-15T02:46:35+00:00\",\"dateModified\":\"2025-04-03T01:31:05+00:00\",\"description\":\"Brighten your dishes with our Lemon Peel Confit Strips, perfect for adding a citrusy zest to pastries, cocktails, and savory dishes.\",\"breadcrumb\":{\"@id\":\"https:\\\/\\\/www.lepetitepicurien.com\\\/product\\\/lemon-peel-confit-strips-1kg-2-2lbs\\\/#breadcrumb\"},\"inLanguage\":\"es\",\"potentialAction\":[{\"@type\":\"ReadAction\",\"target\":[\"https:\\\/\\\/www.lepetitepicurien.com\\\/product\\\/lemon-peel-confit-strips-1kg-2-2lbs\\\/\"]}]},{\"@type\":\"ImageObject\",\"inLanguage\":\"es\",\"@id\":\"https:\\\/\\\/www.lepetitepicurien.com\\\/product\\\/lemon-peel-confit-strips-1kg-2-2lbs\\\/#primaryimage\",\"url\":\"https:\\\/\\\/www.lepetitepicurien.com\\\/wp-content\\\/uploads\\\/2024\\\/08\\\/BAK1625-1.jpg\",\"contentUrl\":\"https:\\\/\\\/www.lepetitepicurien.com\\\/wp-content\\\/uploads\\\/2024\\\/08\\\/BAK1625-1.jpg\",\"width\":1200,\"height\":1200},{\"@type\":\"BreadcrumbList\",\"@id\":\"https:\\\/\\\/www.lepetitepicurien.com\\\/product\\\/lemon-peel-confit-strips-1kg-2-2lbs\\\/#breadcrumb\",\"itemListElement\":[{\"@type\":\"ListItem\",\"position\":1,\"name\":\"Home\",\"item\":\"https:\\\/\\\/www.lepetitepicurien.com\\\/\"},{\"@type\":\"ListItem\",\"position\":2,\"name\":\"Shop\",\"item\":\"https:\\\/\\\/www.lepetitepicurien.com\\\/shop\\\/\"},{\"@type\":\"ListItem\",\"position\":3,\"name\":\"Lemon Peel Confit Strips &#8211; 1kg\\\/2.2lbs\"}]},{\"@type\":\"WebSite\",\"@id\":\"https:\\\/\\\/www.lepetitepicurien.com\\\/#website\",\"url\":\"https:\\\/\\\/www.lepetitepicurien.com\\\/\",\"name\":\"Le Petit Epicurien\",\"description\":\"Online Grocery for European Gourmet Food\",\"publisher\":{\"@id\":\"https:\\\/\\\/www.lepetitepicurien.com\\\/#organization\"},\"potentialAction\":[{\"@type\":\"SearchAction\",\"target\":{\"@type\":\"EntryPoint\",\"urlTemplate\":\"https:\\\/\\\/www.lepetitepicurien.com\\\/?s={search_term_string}\"},\"query-input\":{\"@type\":\"PropertyValueSpecification\",\"valueRequired\":true,\"valueName\":\"search_term_string\"}}],\"inLanguage\":\"es\"},{\"@type\":\"Organization\",\"@id\":\"https:\\\/\\\/www.lepetitepicurien.com\\\/#organization\",\"name\":\"Le Petit Epicurien\",\"url\":\"https:\\\/\\\/www.lepetitepicurien.com\\\/\",\"logo\":{\"@type\":\"ImageObject\",\"inLanguage\":\"es\",\"@id\":\"https:\\\/\\\/www.lepetitepicurien.com\\\/#\\\/schema\\\/logo\\\/image\\\/\",\"url\":\"https:\\\/\\\/www.lepetitepicurien.com\\\/wp-content\\\/uploads\\\/2024\\\/03\\\/logo.png\",\"contentUrl\":\"https:\\\/\\\/www.lepetitepicurien.com\\\/wp-content\\\/uploads\\\/2024\\\/03\\\/logo.png\",\"width\":1024,\"height\":1024,\"caption\":\"Le Petit Epicurien\"},\"image\":{\"@id\":\"https:\\\/\\\/www.lepetitepicurien.com\\\/#\\\/schema\\\/logo\\\/image\\\/\"}}]}<\/script>\n<!-- \/ Yoast SEO plugin. -->","yoast_head_json":{"title":"Tiras confitadas de piel de lim\u00f3n - 1kg\/2.2lbs - Le Petit Epicurien","description":"Dale color a tus platos con nuestras Tiras de C\u00e1scara de Lim\u00f3n Confitada, perfectas para a\u00f1adir un toque c\u00edtrico a pasteles, c\u00f3cteles y platos salados.","robots":{"index":"index","follow":"follow","max-snippet":"max-snippet:-1","max-image-preview":"max-image-preview:large","max-video-preview":"max-video-preview:-1"},"canonical":"https:\/\/www.lepetitepicurien.com\/es\/producto\/tiras-de-confit-de-cascara-de-limon-1-kg-2-2-libras\/","og_locale":"es_ES","og_type":"article","og_title":"Lemon Peel Confit Strips - 1kg\/2.2lbs - Le Petit Epicurien","og_description":"Brighten your dishes with our Lemon Peel Confit Strips, perfect for adding a citrusy zest to pastries, cocktails, and savory dishes.","og_url":"https:\/\/www.lepetitepicurien.com\/es\/producto\/tiras-de-confit-de-cascara-de-limon-1-kg-2-2-libras\/","og_site_name":"Le Petit Epicurien","article_modified_time":"2025-04-03T01:31:05+00:00","og_image":[{"width":1200,"height":1200,"url":"https:\/\/www.lepetitepicurien.com\/wp-content\/uploads\/2024\/08\/BAK1625-1.jpg","type":"image\/jpeg"}],"twitter_card":"summary_large_image","twitter_misc":{"Tiempo de lectura":"1 minuto"},"schema":{"@context":"https:\/\/schema.org","@graph":[{"@type":"WebPage","@id":"https:\/\/www.lepetitepicurien.com\/product\/lemon-peel-confit-strips-1kg-2-2lbs\/","url":"https:\/\/www.lepetitepicurien.com\/product\/lemon-peel-confit-strips-1kg-2-2lbs\/","name":"Tiras confitadas de piel de lim\u00f3n - 1kg\/2.2lbs - Le Petit Epicurien","isPartOf":{"@id":"https:\/\/www.lepetitepicurien.com\/#website"},"primaryImageOfPage":{"@id":"https:\/\/www.lepetitepicurien.com\/product\/lemon-peel-confit-strips-1kg-2-2lbs\/#primaryimage"},"image":{"@id":"https:\/\/www.lepetitepicurien.com\/product\/lemon-peel-confit-strips-1kg-2-2lbs\/#primaryimage"},"thumbnailUrl":"https:\/\/www.lepetitepicurien.com\/wp-content\/uploads\/2024\/08\/BAK1625-1.jpg","datePublished":"2024-08-15T02:46:35+00:00","dateModified":"2025-04-03T01:31:05+00:00","description":"Dale color a tus platos con nuestras Tiras de C\u00e1scara de Lim\u00f3n Confitada, perfectas para a\u00f1adir un toque c\u00edtrico a pasteles, c\u00f3cteles y platos salados.","breadcrumb":{"@id":"https:\/\/www.lepetitepicurien.com\/product\/lemon-peel-confit-strips-1kg-2-2lbs\/#breadcrumb"},"inLanguage":"es","potentialAction":[{"@type":"ReadAction","target":["https:\/\/www.lepetitepicurien.com\/product\/lemon-peel-confit-strips-1kg-2-2lbs\/"]}]},{"@type":"ImageObject","inLanguage":"es","@id":"https:\/\/www.lepetitepicurien.com\/product\/lemon-peel-confit-strips-1kg-2-2lbs\/#primaryimage","url":"https:\/\/www.lepetitepicurien.com\/wp-content\/uploads\/2024\/08\/BAK1625-1.jpg","contentUrl":"https:\/\/www.lepetitepicurien.com\/wp-content\/uploads\/2024\/08\/BAK1625-1.jpg","width":1200,"height":1200},{"@type":"BreadcrumbList","@id":"https:\/\/www.lepetitepicurien.com\/product\/lemon-peel-confit-strips-1kg-2-2lbs\/#breadcrumb","itemListElement":[{"@type":"ListItem","position":1,"name":"Home","item":"https:\/\/www.lepetitepicurien.com\/"},{"@type":"ListItem","position":2,"name":"Shop","item":"https:\/\/www.lepetitepicurien.com\/shop\/"},{"@type":"ListItem","position":3,"name":"Lemon Peel Confit Strips &#8211; 1kg\/2.2lbs"}]},{"@type":"WebSite","@id":"https:\/\/www.lepetitepicurien.com\/#website","url":"https:\/\/www.lepetitepicurien.com\/","name":"El peque\u00f1o epicurien","description":"Tienda de alimentaci\u00f3n online de comida gourmet europea","publisher":{"@id":"https:\/\/www.lepetitepicurien.com\/#organization"},"potentialAction":[{"@type":"SearchAction","target":{"@type":"EntryPoint","urlTemplate":"https:\/\/www.lepetitepicurien.com\/?s={search_term_string}"},"query-input":{"@type":"PropertyValueSpecification","valueRequired":true,"valueName":"search_term_string"}}],"inLanguage":"es"},{"@type":"Organization","@id":"https:\/\/www.lepetitepicurien.com\/#organization","name":"El peque\u00f1o epicurien","url":"https:\/\/www.lepetitepicurien.com\/","logo":{"@type":"ImageObject","inLanguage":"es","@id":"https:\/\/www.lepetitepicurien.com\/#\/schema\/logo\/image\/","url":"https:\/\/www.lepetitepicurien.com\/wp-content\/uploads\/2024\/03\/logo.png","contentUrl":"https:\/\/www.lepetitepicurien.com\/wp-content\/uploads\/2024\/03\/logo.png","width":1024,"height":1024,"caption":"Le Petit Epicurien"},"image":{"@id":"https:\/\/www.lepetitepicurien.com\/#\/schema\/logo\/image\/"}}]}},"jetpack_sharing_enabled":true,"_links":{"self":[{"href":"http:\/\/www.lepetitepicurien.com\/es\/wp-json\/wp\/v2\/product\/304","targetHints":{"allow":["GET"]}}],"collection":[{"href":"http:\/\/www.lepetitepicurien.com\/es\/wp-json\/wp\/v2\/product"}],"about":[{"href":"http:\/\/www.lepetitepicurien.com\/es\/wp-json\/wp\/v2\/types\/product"}],"wp:featuredmedia":[{"embeddable":true,"href":"http:\/\/www.lepetitepicurien.com\/es\/wp-json\/wp\/v2\/media\/753"}],"wp:attachment":[{"href":"http:\/\/www.lepetitepicurien.com\/es\/wp-json\/wp\/v2\/media?parent=304"}],"wp:term":[{"taxonomy":"product_brand","embeddable":true,"href":"http:\/\/www.lepetitepicurien.com\/es\/wp-json\/wp\/v2\/product_brand?post=304"},{"taxonomy":"product_cat","embeddable":true,"href":"http:\/\/www.lepetitepicurien.com\/es\/wp-json\/wp\/v2\/product_cat?post=304"},{"taxonomy":"product_tag","embeddable":true,"href":"http:\/\/www.lepetitepicurien.com\/es\/wp-json\/wp\/v2\/product_tag?post=304"}],"curies":[{"name":"wp","href":"https:\/\/api.w.org\/{rel}","templated":true}]}}