{"id":312,"date":"2024-08-14T22:46:36","date_gmt":"2024-08-15T02:46:36","guid":{"rendered":"https:\/\/www.lepetitepicurien.com\/?post_type=product&#038;p=312"},"modified":"2025-04-02T21:31:07","modified_gmt":"2025-04-03T01:31:07","slug":"gelatin-sheets-silver-450g-1lb","status":"publish","type":"product","link":"https:\/\/www.lepetitepicurien.com\/es\/product\/gelatin-sheets-silver-450g-1lb\/","title":{"rendered":"L\u00e1minas de gelatina de plata \u2013 450 g\/1 lb"},"content":{"rendered":"","protected":false},"excerpt":{"rendered":"<p>La gelatina es un agente espesante inodoro e ins\u00edpido que forma un gel cuando se combina con un l\u00edquido y se calienta. Es termorreversible, lo que significa que el gel se vuelve l\u00edquido cuando se calienta por encima de su punto de fusi\u00f3n, pero recupera una consistencia gelatinosa cuando se enfr\u00eda nuevamente. El punto de fusi\u00f3n de la gelatina es cercano a la temperatura corporal del animal del que est\u00e1 hecha.<\/p>","protected":false},"featured_media":365,"template":"","meta":[],"product_brand":[],"product_cat":[96],"product_tag":[],"class_list":{"0":"post-312","1":"product","2":"type-product","3":"status-publish","4":"has-post-thumbnail","6":"product_cat-chef-products","7":"product_shipping_class-dry","9":"first","10":"instock","11":"taxable","12":"shipping-taxable","13":"purchasable","14":"product-type-simple"},"yoast_head":"<!-- This site is optimized with the Yoast SEO plugin v27.5 - https:\/\/yoast.com\/product\/yoast-seo-wordpress\/ -->\n<title>Gelatin sheets Silver - 450g\/1lb - Le Petit Epicurien<\/title>\n<meta name=\"robots\" content=\"index, follow, max-snippet:-1, max-image-preview:large, max-video-preview:-1\" \/>\n<link rel=\"canonical\" href=\"https:\/\/www.lepetitepicurien.com\/es\/producto\/hojas-de-gelatina-de-plata-450g-1lb\/\" \/>\n<meta property=\"og:locale\" content=\"es_ES\" \/>\n<meta property=\"og:type\" content=\"article\" \/>\n<meta property=\"og:title\" content=\"Gelatin sheets Silver - 450g\/1lb - Le Petit Epicurien\" \/>\n<meta property=\"og:description\" content=\"Gelatin is an odorless, tasteless thickening agent that forms a gel when combined with liquid and heated. It is thermo-reversible, which means that the gel liquefies when heated above its melting point but regains a jelly-like consistency when cooled again. The melting point of gelatin is close to the body temperature of the animal from which it is made.\" \/>\n<meta property=\"og:url\" content=\"https:\/\/www.lepetitepicurien.com\/es\/producto\/hojas-de-gelatina-de-plata-450g-1lb\/\" \/>\n<meta property=\"og:site_name\" content=\"Le Petit Epicurien\" \/>\n<meta property=\"article:modified_time\" content=\"2025-04-03T01:31:07+00:00\" \/>\n<meta name=\"twitter:card\" content=\"summary_large_image\" \/>\n<script type=\"application\/ld+json\" class=\"yoast-schema-graph\">{\"@context\":\"https:\\\/\\\/schema.org\",\"@graph\":[{\"@type\":\"WebPage\",\"@id\":\"https:\\\/\\\/www.lepetitepicurien.com\\\/product\\\/gelatin-sheets-silver-450g-1lb\\\/\",\"url\":\"https:\\\/\\\/www.lepetitepicurien.com\\\/product\\\/gelatin-sheets-silver-450g-1lb\\\/\",\"name\":\"Gelatin sheets Silver - 450g\\\/1lb - Le Petit Epicurien\",\"isPartOf\":{\"@id\":\"https:\\\/\\\/www.lepetitepicurien.com\\\/#website\"},\"primaryImageOfPage\":{\"@id\":\"https:\\\/\\\/www.lepetitepicurien.com\\\/product\\\/gelatin-sheets-silver-450g-1lb\\\/#primaryimage\"},\"image\":{\"@id\":\"https:\\\/\\\/www.lepetitepicurien.com\\\/product\\\/gelatin-sheets-silver-450g-1lb\\\/#primaryimage\"},\"thumbnailUrl\":\"https:\\\/\\\/www.lepetitepicurien.com\\\/wp-content\\\/uploads\\\/2024\\\/08\\\/CT0400-2-1.jpg\",\"datePublished\":\"2024-08-15T02:46:36+00:00\",\"dateModified\":\"2025-04-03T01:31:07+00:00\",\"breadcrumb\":{\"@id\":\"https:\\\/\\\/www.lepetitepicurien.com\\\/product\\\/gelatin-sheets-silver-450g-1lb\\\/#breadcrumb\"},\"inLanguage\":\"es\",\"potentialAction\":[{\"@type\":\"ReadAction\",\"target\":[\"https:\\\/\\\/www.lepetitepicurien.com\\\/product\\\/gelatin-sheets-silver-450g-1lb\\\/\"]}]},{\"@type\":\"ImageObject\",\"inLanguage\":\"es\",\"@id\":\"https:\\\/\\\/www.lepetitepicurien.com\\\/product\\\/gelatin-sheets-silver-450g-1lb\\\/#primaryimage\",\"url\":\"https:\\\/\\\/www.lepetitepicurien.com\\\/wp-content\\\/uploads\\\/2024\\\/08\\\/CT0400-2-1.jpg\",\"contentUrl\":\"https:\\\/\\\/www.lepetitepicurien.com\\\/wp-content\\\/uploads\\\/2024\\\/08\\\/CT0400-2-1.jpg\",\"width\":600,\"height\":600},{\"@type\":\"BreadcrumbList\",\"@id\":\"https:\\\/\\\/www.lepetitepicurien.com\\\/product\\\/gelatin-sheets-silver-450g-1lb\\\/#breadcrumb\",\"itemListElement\":[{\"@type\":\"ListItem\",\"position\":1,\"name\":\"Home\",\"item\":\"https:\\\/\\\/www.lepetitepicurien.com\\\/\"},{\"@type\":\"ListItem\",\"position\":2,\"name\":\"Shop\",\"item\":\"https:\\\/\\\/www.lepetitepicurien.com\\\/shop\\\/\"},{\"@type\":\"ListItem\",\"position\":3,\"name\":\"Gelatin sheets Silver &#8211; 450g\\\/1lb\"}]},{\"@type\":\"WebSite\",\"@id\":\"https:\\\/\\\/www.lepetitepicurien.com\\\/#website\",\"url\":\"https:\\\/\\\/www.lepetitepicurien.com\\\/\",\"name\":\"Le Petit Epicurien\",\"description\":\"Online Grocery for European Gourmet Food\",\"publisher\":{\"@id\":\"https:\\\/\\\/www.lepetitepicurien.com\\\/#organization\"},\"potentialAction\":[{\"@type\":\"SearchAction\",\"target\":{\"@type\":\"EntryPoint\",\"urlTemplate\":\"https:\\\/\\\/www.lepetitepicurien.com\\\/?s={search_term_string}\"},\"query-input\":{\"@type\":\"PropertyValueSpecification\",\"valueRequired\":true,\"valueName\":\"search_term_string\"}}],\"inLanguage\":\"es\"},{\"@type\":\"Organization\",\"@id\":\"https:\\\/\\\/www.lepetitepicurien.com\\\/#organization\",\"name\":\"Le Petit Epicurien\",\"url\":\"https:\\\/\\\/www.lepetitepicurien.com\\\/\",\"logo\":{\"@type\":\"ImageObject\",\"inLanguage\":\"es\",\"@id\":\"https:\\\/\\\/www.lepetitepicurien.com\\\/#\\\/schema\\\/logo\\\/image\\\/\",\"url\":\"https:\\\/\\\/www.lepetitepicurien.com\\\/wp-content\\\/uploads\\\/2024\\\/03\\\/logo.png\",\"contentUrl\":\"https:\\\/\\\/www.lepetitepicurien.com\\\/wp-content\\\/uploads\\\/2024\\\/03\\\/logo.png\",\"width\":1024,\"height\":1024,\"caption\":\"Le Petit Epicurien\"},\"image\":{\"@id\":\"https:\\\/\\\/www.lepetitepicurien.com\\\/#\\\/schema\\\/logo\\\/image\\\/\"}}]}<\/script>\n<!-- \/ Yoast SEO plugin. -->","yoast_head_json":{"title":"Hojas de gelatina de plata - 450 g\/1 lb - Le Petit Epicurien","robots":{"index":"index","follow":"follow","max-snippet":"max-snippet:-1","max-image-preview":"max-image-preview:large","max-video-preview":"max-video-preview:-1"},"canonical":"https:\/\/www.lepetitepicurien.com\/es\/producto\/hojas-de-gelatina-de-plata-450g-1lb\/","og_locale":"es_ES","og_type":"article","og_title":"Gelatin sheets Silver - 450g\/1lb - Le Petit Epicurien","og_description":"Gelatin is an odorless, tasteless thickening agent that forms a gel when combined with liquid and heated. It is thermo-reversible, which means that the gel liquefies when heated above its melting point but regains a jelly-like consistency when cooled again. The melting point of gelatin is close to the body temperature of the animal from which it is made.","og_url":"https:\/\/www.lepetitepicurien.com\/es\/producto\/hojas-de-gelatina-de-plata-450g-1lb\/","og_site_name":"Le Petit Epicurien","article_modified_time":"2025-04-03T01:31:07+00:00","twitter_card":"summary_large_image","schema":{"@context":"https:\/\/schema.org","@graph":[{"@type":"WebPage","@id":"https:\/\/www.lepetitepicurien.com\/product\/gelatin-sheets-silver-450g-1lb\/","url":"https:\/\/www.lepetitepicurien.com\/product\/gelatin-sheets-silver-450g-1lb\/","name":"Hojas de gelatina de plata - 450 g\/1 lb - Le Petit Epicurien","isPartOf":{"@id":"https:\/\/www.lepetitepicurien.com\/#website"},"primaryImageOfPage":{"@id":"https:\/\/www.lepetitepicurien.com\/product\/gelatin-sheets-silver-450g-1lb\/#primaryimage"},"image":{"@id":"https:\/\/www.lepetitepicurien.com\/product\/gelatin-sheets-silver-450g-1lb\/#primaryimage"},"thumbnailUrl":"https:\/\/www.lepetitepicurien.com\/wp-content\/uploads\/2024\/08\/CT0400-2-1.jpg","datePublished":"2024-08-15T02:46:36+00:00","dateModified":"2025-04-03T01:31:07+00:00","breadcrumb":{"@id":"https:\/\/www.lepetitepicurien.com\/product\/gelatin-sheets-silver-450g-1lb\/#breadcrumb"},"inLanguage":"es","potentialAction":[{"@type":"ReadAction","target":["https:\/\/www.lepetitepicurien.com\/product\/gelatin-sheets-silver-450g-1lb\/"]}]},{"@type":"ImageObject","inLanguage":"es","@id":"https:\/\/www.lepetitepicurien.com\/product\/gelatin-sheets-silver-450g-1lb\/#primaryimage","url":"https:\/\/www.lepetitepicurien.com\/wp-content\/uploads\/2024\/08\/CT0400-2-1.jpg","contentUrl":"https:\/\/www.lepetitepicurien.com\/wp-content\/uploads\/2024\/08\/CT0400-2-1.jpg","width":600,"height":600},{"@type":"BreadcrumbList","@id":"https:\/\/www.lepetitepicurien.com\/product\/gelatin-sheets-silver-450g-1lb\/#breadcrumb","itemListElement":[{"@type":"ListItem","position":1,"name":"Home","item":"https:\/\/www.lepetitepicurien.com\/"},{"@type":"ListItem","position":2,"name":"Shop","item":"https:\/\/www.lepetitepicurien.com\/shop\/"},{"@type":"ListItem","position":3,"name":"Gelatin sheets Silver &#8211; 450g\/1lb"}]},{"@type":"WebSite","@id":"https:\/\/www.lepetitepicurien.com\/#website","url":"https:\/\/www.lepetitepicurien.com\/","name":"El peque\u00f1o epicurien","description":"Tienda de alimentaci\u00f3n online de comida gourmet europea","publisher":{"@id":"https:\/\/www.lepetitepicurien.com\/#organization"},"potentialAction":[{"@type":"SearchAction","target":{"@type":"EntryPoint","urlTemplate":"https:\/\/www.lepetitepicurien.com\/?s={search_term_string}"},"query-input":{"@type":"PropertyValueSpecification","valueRequired":true,"valueName":"search_term_string"}}],"inLanguage":"es"},{"@type":"Organization","@id":"https:\/\/www.lepetitepicurien.com\/#organization","name":"El peque\u00f1o epicurien","url":"https:\/\/www.lepetitepicurien.com\/","logo":{"@type":"ImageObject","inLanguage":"es","@id":"https:\/\/www.lepetitepicurien.com\/#\/schema\/logo\/image\/","url":"https:\/\/www.lepetitepicurien.com\/wp-content\/uploads\/2024\/03\/logo.png","contentUrl":"https:\/\/www.lepetitepicurien.com\/wp-content\/uploads\/2024\/03\/logo.png","width":1024,"height":1024,"caption":"Le Petit Epicurien"},"image":{"@id":"https:\/\/www.lepetitepicurien.com\/#\/schema\/logo\/image\/"}}]}},"jetpack_sharing_enabled":true,"_links":{"self":[{"href":"https:\/\/www.lepetitepicurien.com\/es\/wp-json\/wp\/v2\/product\/312","targetHints":{"allow":["GET"]}}],"collection":[{"href":"https:\/\/www.lepetitepicurien.com\/es\/wp-json\/wp\/v2\/product"}],"about":[{"href":"https:\/\/www.lepetitepicurien.com\/es\/wp-json\/wp\/v2\/types\/product"}],"wp:featuredmedia":[{"embeddable":true,"href":"https:\/\/www.lepetitepicurien.com\/es\/wp-json\/wp\/v2\/media\/365"}],"wp:attachment":[{"href":"https:\/\/www.lepetitepicurien.com\/es\/wp-json\/wp\/v2\/media?parent=312"}],"wp:term":[{"taxonomy":"product_brand","embeddable":true,"href":"https:\/\/www.lepetitepicurien.com\/es\/wp-json\/wp\/v2\/product_brand?post=312"},{"taxonomy":"product_cat","embeddable":true,"href":"https:\/\/www.lepetitepicurien.com\/es\/wp-json\/wp\/v2\/product_cat?post=312"},{"taxonomy":"product_tag","embeddable":true,"href":"https:\/\/www.lepetitepicurien.com\/es\/wp-json\/wp\/v2\/product_tag?post=312"}],"curies":[{"name":"wp","href":"https:\/\/api.w.org\/{rel}","templated":true}]}}