{"id":347,"date":"2024-08-14T22:47:00","date_gmt":"2024-08-15T02:47:00","guid":{"rendered":"https:\/\/www.lepetitepicurien.com\/?post_type=product&#038;p=347"},"modified":"2025-04-02T21:31:07","modified_gmt":"2025-04-03T01:31:07","slug":"walnut-olive-oil-500ml-1-01lb","status":"publish","type":"product","link":"https:\/\/www.lepetitepicurien.com\/es\/product\/walnut-olive-oil-500ml-1-01lb\/","title":{"rendered":"Aceite de oliva y nueces \u2013 500 ml\/1,01 lb"},"content":{"rendered":"<p>Las nueces y sus aceites son excelentes fuentes de \u00e1cidos grasos omega-3. La mayor parte de la investigaci\u00f3n sobre los beneficios para la salud de las nueces se ha centrado en el consumo de los frutos secos en s\u00ed, aunque el inter\u00e9s por el aceite de nueces ha aumentado en la \u00faltima d\u00e9cada. Los beneficios para la salud de las nueces y el aceite de nueces son similares si el aceite no est\u00e1 refinado, fresco (se conserva durante 6 meses) y crudo. Sin embargo, el tama\u00f1o de la porci\u00f3n de aceite de nueces es menor que la cantidad de nueces necesarias para obtener el mismo beneficio nutricional.<\/p>\n<p>Una porci\u00f3n de 35 gramos de aceite de nuez proporciona los mismos beneficios nutricionales que 50 gramos de nueces.<\/p>\n<p>Las nueces son ricas en fitonutrientes y son una excelente fuente de selenio, f\u00f3sforo, magnesio, zinc, hierro y calcio.<\/p>\n<p>Las nueces y\/o el aceite de nueces aportan altos niveles de vitaminas B-1, B-2 y B-3, adem\u00e1s de vitamina E y niacina.<\/p>","protected":false},"excerpt":{"rendered":"<p>El aceite de nuez es un aceite extra\u00eddo de la nuez Juglans regia. Cada 100 g de aceite aporta aproximadamente 63,3 g de \u00e1cidos grasos poliinsaturados, 22,8 g de grasas monoinsaturadas y 9,1 g de grasas saturadas. No contiene colesterol.<\/p>","protected":false},"featured_media":371,"template":"","meta":[],"product_brand":[],"product_cat":[96],"product_tag":[],"class_list":{"0":"post-347","1":"product","2":"type-product","3":"status-publish","4":"has-post-thumbnail","6":"product_cat-chef-products","7":"product_shipping_class-dry","9":"first","10":"instock","11":"taxable","12":"shipping-taxable","13":"purchasable","14":"product-type-simple"},"yoast_head":"<!-- This site is optimized with the Yoast SEO plugin v27.5 - https:\/\/yoast.com\/product\/yoast-seo-wordpress\/ -->\n<title>Walnut Olive Oil - 500ml\/1.01lb - Le Petit Epicurien<\/title>\n<meta name=\"robots\" content=\"index, follow, max-snippet:-1, max-image-preview:large, max-video-preview:-1\" \/>\n<link rel=\"canonical\" href=\"https:\/\/www.lepetitepicurien.com\/es\/producto\/aceite-de-oliva-con-nueces-500ml-1-01lb\/\" \/>\n<meta property=\"og:locale\" content=\"es_ES\" \/>\n<meta property=\"og:type\" content=\"article\" \/>\n<meta property=\"og:title\" content=\"Walnut Olive Oil - 500ml\/1.01lb - Le Petit Epicurien\" \/>\n<meta property=\"og:description\" content=\"Walnut oil is oil extracted from walnuts Juglans regia. Each 100 g of oil provides about 63.3 g polyunsaturated fatty acids, 22.8 g monounsaturated fats, and 9.1 g saturated fats. It contains no cholesterol.\" \/>\n<meta property=\"og:url\" content=\"https:\/\/www.lepetitepicurien.com\/es\/producto\/aceite-de-oliva-con-nueces-500ml-1-01lb\/\" \/>\n<meta property=\"og:site_name\" content=\"Le Petit Epicurien\" \/>\n<meta property=\"article:modified_time\" content=\"2025-04-03T01:31:07+00:00\" \/>\n<meta name=\"twitter:card\" content=\"summary_large_image\" \/>\n<meta name=\"twitter:label1\" content=\"Tiempo de lectura\" \/>\n\t<meta name=\"twitter:data1\" content=\"1 minuto\" \/>\n<script type=\"application\/ld+json\" class=\"yoast-schema-graph\">{\"@context\":\"https:\\\/\\\/schema.org\",\"@graph\":[{\"@type\":\"WebPage\",\"@id\":\"https:\\\/\\\/www.lepetitepicurien.com\\\/product\\\/walnut-olive-oil-500ml-1-01lb\\\/\",\"url\":\"https:\\\/\\\/www.lepetitepicurien.com\\\/product\\\/walnut-olive-oil-500ml-1-01lb\\\/\",\"name\":\"Walnut Olive Oil - 500ml\\\/1.01lb - Le Petit Epicurien\",\"isPartOf\":{\"@id\":\"https:\\\/\\\/www.lepetitepicurien.com\\\/#website\"},\"primaryImageOfPage\":{\"@id\":\"https:\\\/\\\/www.lepetitepicurien.com\\\/product\\\/walnut-olive-oil-500ml-1-01lb\\\/#primaryimage\"},\"image\":{\"@id\":\"https:\\\/\\\/www.lepetitepicurien.com\\\/product\\\/walnut-olive-oil-500ml-1-01lb\\\/#primaryimage\"},\"thumbnailUrl\":\"https:\\\/\\\/www.lepetitepicurien.com\\\/wp-content\\\/uploads\\\/2024\\\/08\\\/OIL0001-2-1.jpg\",\"datePublished\":\"2024-08-15T02:47:00+00:00\",\"dateModified\":\"2025-04-03T01:31:07+00:00\",\"breadcrumb\":{\"@id\":\"https:\\\/\\\/www.lepetitepicurien.com\\\/product\\\/walnut-olive-oil-500ml-1-01lb\\\/#breadcrumb\"},\"inLanguage\":\"es\",\"potentialAction\":[{\"@type\":\"ReadAction\",\"target\":[\"https:\\\/\\\/www.lepetitepicurien.com\\\/product\\\/walnut-olive-oil-500ml-1-01lb\\\/\"]}]},{\"@type\":\"ImageObject\",\"inLanguage\":\"es\",\"@id\":\"https:\\\/\\\/www.lepetitepicurien.com\\\/product\\\/walnut-olive-oil-500ml-1-01lb\\\/#primaryimage\",\"url\":\"https:\\\/\\\/www.lepetitepicurien.com\\\/wp-content\\\/uploads\\\/2024\\\/08\\\/OIL0001-2-1.jpg\",\"contentUrl\":\"https:\\\/\\\/www.lepetitepicurien.com\\\/wp-content\\\/uploads\\\/2024\\\/08\\\/OIL0001-2-1.jpg\",\"width\":600,\"height\":600},{\"@type\":\"BreadcrumbList\",\"@id\":\"https:\\\/\\\/www.lepetitepicurien.com\\\/product\\\/walnut-olive-oil-500ml-1-01lb\\\/#breadcrumb\",\"itemListElement\":[{\"@type\":\"ListItem\",\"position\":1,\"name\":\"Home\",\"item\":\"https:\\\/\\\/www.lepetitepicurien.com\\\/\"},{\"@type\":\"ListItem\",\"position\":2,\"name\":\"Shop\",\"item\":\"https:\\\/\\\/www.lepetitepicurien.com\\\/shop\\\/\"},{\"@type\":\"ListItem\",\"position\":3,\"name\":\"Walnut Olive Oil &#8211; 500ml\\\/1.01lb\"}]},{\"@type\":\"WebSite\",\"@id\":\"https:\\\/\\\/www.lepetitepicurien.com\\\/#website\",\"url\":\"https:\\\/\\\/www.lepetitepicurien.com\\\/\",\"name\":\"Le Petit Epicurien\",\"description\":\"Online Grocery for European Gourmet Food\",\"publisher\":{\"@id\":\"https:\\\/\\\/www.lepetitepicurien.com\\\/#organization\"},\"potentialAction\":[{\"@type\":\"SearchAction\",\"target\":{\"@type\":\"EntryPoint\",\"urlTemplate\":\"https:\\\/\\\/www.lepetitepicurien.com\\\/?s={search_term_string}\"},\"query-input\":{\"@type\":\"PropertyValueSpecification\",\"valueRequired\":true,\"valueName\":\"search_term_string\"}}],\"inLanguage\":\"es\"},{\"@type\":\"Organization\",\"@id\":\"https:\\\/\\\/www.lepetitepicurien.com\\\/#organization\",\"name\":\"Le Petit Epicurien\",\"url\":\"https:\\\/\\\/www.lepetitepicurien.com\\\/\",\"logo\":{\"@type\":\"ImageObject\",\"inLanguage\":\"es\",\"@id\":\"https:\\\/\\\/www.lepetitepicurien.com\\\/#\\\/schema\\\/logo\\\/image\\\/\",\"url\":\"https:\\\/\\\/www.lepetitepicurien.com\\\/wp-content\\\/uploads\\\/2024\\\/03\\\/logo.png\",\"contentUrl\":\"https:\\\/\\\/www.lepetitepicurien.com\\\/wp-content\\\/uploads\\\/2024\\\/03\\\/logo.png\",\"width\":1024,\"height\":1024,\"caption\":\"Le Petit Epicurien\"},\"image\":{\"@id\":\"https:\\\/\\\/www.lepetitepicurien.com\\\/#\\\/schema\\\/logo\\\/image\\\/\"}}]}<\/script>\n<!-- \/ Yoast SEO plugin. -->","yoast_head_json":{"title":"Aceite de oliva y nueces - 500 ml\/1,01 lb - Le Petit Epicurien","robots":{"index":"index","follow":"follow","max-snippet":"max-snippet:-1","max-image-preview":"max-image-preview:large","max-video-preview":"max-video-preview:-1"},"canonical":"https:\/\/www.lepetitepicurien.com\/es\/producto\/aceite-de-oliva-con-nueces-500ml-1-01lb\/","og_locale":"es_ES","og_type":"article","og_title":"Walnut Olive Oil - 500ml\/1.01lb - Le Petit Epicurien","og_description":"Walnut oil is oil extracted from walnuts Juglans regia. Each 100 g of oil provides about 63.3 g polyunsaturated fatty acids, 22.8 g monounsaturated fats, and 9.1 g saturated fats. It contains no cholesterol.","og_url":"https:\/\/www.lepetitepicurien.com\/es\/producto\/aceite-de-oliva-con-nueces-500ml-1-01lb\/","og_site_name":"Le Petit Epicurien","article_modified_time":"2025-04-03T01:31:07+00:00","twitter_card":"summary_large_image","twitter_misc":{"Tiempo de lectura":"1 minuto"},"schema":{"@context":"https:\/\/schema.org","@graph":[{"@type":"WebPage","@id":"https:\/\/www.lepetitepicurien.com\/product\/walnut-olive-oil-500ml-1-01lb\/","url":"https:\/\/www.lepetitepicurien.com\/product\/walnut-olive-oil-500ml-1-01lb\/","name":"Aceite de oliva y nueces - 500 ml\/1,01 lb - Le Petit Epicurien","isPartOf":{"@id":"https:\/\/www.lepetitepicurien.com\/#website"},"primaryImageOfPage":{"@id":"https:\/\/www.lepetitepicurien.com\/product\/walnut-olive-oil-500ml-1-01lb\/#primaryimage"},"image":{"@id":"https:\/\/www.lepetitepicurien.com\/product\/walnut-olive-oil-500ml-1-01lb\/#primaryimage"},"thumbnailUrl":"https:\/\/www.lepetitepicurien.com\/wp-content\/uploads\/2024\/08\/OIL0001-2-1.jpg","datePublished":"2024-08-15T02:47:00+00:00","dateModified":"2025-04-03T01:31:07+00:00","breadcrumb":{"@id":"https:\/\/www.lepetitepicurien.com\/product\/walnut-olive-oil-500ml-1-01lb\/#breadcrumb"},"inLanguage":"es","potentialAction":[{"@type":"ReadAction","target":["https:\/\/www.lepetitepicurien.com\/product\/walnut-olive-oil-500ml-1-01lb\/"]}]},{"@type":"ImageObject","inLanguage":"es","@id":"https:\/\/www.lepetitepicurien.com\/product\/walnut-olive-oil-500ml-1-01lb\/#primaryimage","url":"https:\/\/www.lepetitepicurien.com\/wp-content\/uploads\/2024\/08\/OIL0001-2-1.jpg","contentUrl":"https:\/\/www.lepetitepicurien.com\/wp-content\/uploads\/2024\/08\/OIL0001-2-1.jpg","width":600,"height":600},{"@type":"BreadcrumbList","@id":"https:\/\/www.lepetitepicurien.com\/product\/walnut-olive-oil-500ml-1-01lb\/#breadcrumb","itemListElement":[{"@type":"ListItem","position":1,"name":"Home","item":"https:\/\/www.lepetitepicurien.com\/"},{"@type":"ListItem","position":2,"name":"Shop","item":"https:\/\/www.lepetitepicurien.com\/shop\/"},{"@type":"ListItem","position":3,"name":"Walnut Olive Oil &#8211; 500ml\/1.01lb"}]},{"@type":"WebSite","@id":"https:\/\/www.lepetitepicurien.com\/#website","url":"https:\/\/www.lepetitepicurien.com\/","name":"El peque\u00f1o epicurien","description":"Tienda de alimentaci\u00f3n online de comida gourmet europea","publisher":{"@id":"https:\/\/www.lepetitepicurien.com\/#organization"},"potentialAction":[{"@type":"SearchAction","target":{"@type":"EntryPoint","urlTemplate":"https:\/\/www.lepetitepicurien.com\/?s={search_term_string}"},"query-input":{"@type":"PropertyValueSpecification","valueRequired":true,"valueName":"search_term_string"}}],"inLanguage":"es"},{"@type":"Organization","@id":"https:\/\/www.lepetitepicurien.com\/#organization","name":"El peque\u00f1o epicurien","url":"https:\/\/www.lepetitepicurien.com\/","logo":{"@type":"ImageObject","inLanguage":"es","@id":"https:\/\/www.lepetitepicurien.com\/#\/schema\/logo\/image\/","url":"https:\/\/www.lepetitepicurien.com\/wp-content\/uploads\/2024\/03\/logo.png","contentUrl":"https:\/\/www.lepetitepicurien.com\/wp-content\/uploads\/2024\/03\/logo.png","width":1024,"height":1024,"caption":"Le Petit Epicurien"},"image":{"@id":"https:\/\/www.lepetitepicurien.com\/#\/schema\/logo\/image\/"}}]}},"jetpack_sharing_enabled":true,"_links":{"self":[{"href":"https:\/\/www.lepetitepicurien.com\/es\/wp-json\/wp\/v2\/product\/347","targetHints":{"allow":["GET"]}}],"collection":[{"href":"https:\/\/www.lepetitepicurien.com\/es\/wp-json\/wp\/v2\/product"}],"about":[{"href":"https:\/\/www.lepetitepicurien.com\/es\/wp-json\/wp\/v2\/types\/product"}],"wp:featuredmedia":[{"embeddable":true,"href":"https:\/\/www.lepetitepicurien.com\/es\/wp-json\/wp\/v2\/media\/371"}],"wp:attachment":[{"href":"https:\/\/www.lepetitepicurien.com\/es\/wp-json\/wp\/v2\/media?parent=347"}],"wp:term":[{"taxonomy":"product_brand","embeddable":true,"href":"https:\/\/www.lepetitepicurien.com\/es\/wp-json\/wp\/v2\/product_brand?post=347"},{"taxonomy":"product_cat","embeddable":true,"href":"https:\/\/www.lepetitepicurien.com\/es\/wp-json\/wp\/v2\/product_cat?post=347"},{"taxonomy":"product_tag","embeddable":true,"href":"https:\/\/www.lepetitepicurien.com\/es\/wp-json\/wp\/v2\/product_tag?post=347"}],"curies":[{"name":"wp","href":"https:\/\/api.w.org\/{rel}","templated":true}]}}