{"id":348,"date":"2024-08-14T22:47:00","date_gmt":"2024-08-15T02:47:00","guid":{"rendered":"https:\/\/www.lepetitepicurien.com\/?post_type=product&#038;p=348"},"modified":"2025-04-02T21:31:07","modified_gmt":"2025-04-03T01:31:07","slug":"hazelnut-olive-oil-500ml-1-01lb","status":"publish","type":"product","link":"https:\/\/www.lepetitepicurien.com\/es\/product\/hazelnut-olive-oil-500ml-1-01lb\/","title":{"rendered":"Aceite de oliva con avellanas \u2013 500 ml\/1,01 lb"},"content":{"rendered":"<p>El aceite de avellana es un maravilloso aceite astringente para preparaciones de cuidado de la piel, ideal para f\u00f3rmulas para pieles grasas o mixtas. Se absorbe r\u00e1pidamente en la piel y no deber\u00eda dejar residuos aceitosos. Se suele utilizar como aceite portador para mezclas de aceites para masajes y diluciones de aceites esenciales. Este aceite sin refinar puede a\u00f1adir un ligero aroma a frutos secos al aroma final de una mezcla.<\/p>\n<p>Nuestro aceite de avellana org\u00e1nico sin refinar tambi\u00e9n se puede agregar a su creaci\u00f3n culinaria favorita. Este aceite de cocci\u00f3n lenta se compone principalmente de \u00e1cido oleico, que se clasifica como un \u00e1cido graso omega-9 monoinsaturado. Se puede usar como aceite de cocina a bajas temperaturas y es un delicioso agregado a aderezos para ensaladas y salsas, ya que agrega un perfil de sabor a nueces.<\/p>","protected":false},"excerpt":{"rendered":"<p>Este NUEVO aceite org\u00e1nico y sin refinar es bastante diferente del aceite de avellana refinado que vend\u00edamos en el pasado. En comparaci\u00f3n, nuestro aceite de avellana org\u00e1nico tiene un ligero aroma graso y a nueces y un color m\u00e1s oscuro que el aceite refinado. \u00a1Tambi\u00e9n es la \u00faltima incorporaci\u00f3n a nuestros aceites culinarios!<\/p>","protected":false},"featured_media":372,"template":"","meta":[],"product_brand":[],"product_cat":[96],"product_tag":[],"class_list":{"0":"post-348","1":"product","2":"type-product","3":"status-publish","4":"has-post-thumbnail","6":"product_cat-chef-products","7":"product_shipping_class-dry","9":"first","10":"instock","11":"taxable","12":"shipping-taxable","13":"purchasable","14":"product-type-simple"},"yoast_head":"<!-- This site is optimized with the Yoast SEO plugin v27.5 - https:\/\/yoast.com\/product\/yoast-seo-wordpress\/ -->\n<title>Hazelnut Olive Oil - 500ml\/1.01lb - Le Petit Epicurien<\/title>\n<meta name=\"robots\" content=\"index, follow, max-snippet:-1, max-image-preview:large, max-video-preview:-1\" \/>\n<link rel=\"canonical\" href=\"https:\/\/www.lepetitepicurien.com\/es\/producto\/aceite-de-oliva-con-avellanas-500ml-1-01lb\/\" \/>\n<meta property=\"og:locale\" content=\"es_ES\" \/>\n<meta property=\"og:type\" content=\"article\" \/>\n<meta property=\"og:title\" content=\"Hazelnut Olive Oil - 500ml\/1.01lb - Le Petit Epicurien\" \/>\n<meta property=\"og:description\" content=\"This\u00a0NEW\u00a0organic and unrefined oil is quite different than the refined Hazelnut oil that we have sold in the past. In comparison, our organic Hazelnut oil has a light fatty, nutty aroma and darker color than the refined oil. It is also the newest addition to our culinary oils!\" \/>\n<meta property=\"og:url\" content=\"https:\/\/www.lepetitepicurien.com\/es\/producto\/aceite-de-oliva-con-avellanas-500ml-1-01lb\/\" \/>\n<meta property=\"og:site_name\" content=\"Le Petit Epicurien\" \/>\n<meta property=\"article:modified_time\" content=\"2025-04-03T01:31:07+00:00\" \/>\n<meta name=\"twitter:card\" content=\"summary_large_image\" \/>\n<meta name=\"twitter:label1\" content=\"Tiempo de lectura\" \/>\n\t<meta name=\"twitter:data1\" content=\"1 minuto\" \/>\n<script type=\"application\/ld+json\" class=\"yoast-schema-graph\">{\"@context\":\"https:\\\/\\\/schema.org\",\"@graph\":[{\"@type\":\"WebPage\",\"@id\":\"https:\\\/\\\/www.lepetitepicurien.com\\\/product\\\/hazelnut-olive-oil-500ml-1-01lb\\\/\",\"url\":\"https:\\\/\\\/www.lepetitepicurien.com\\\/product\\\/hazelnut-olive-oil-500ml-1-01lb\\\/\",\"name\":\"Hazelnut Olive Oil - 500ml\\\/1.01lb - Le Petit Epicurien\",\"isPartOf\":{\"@id\":\"https:\\\/\\\/www.lepetitepicurien.com\\\/#website\"},\"primaryImageOfPage\":{\"@id\":\"https:\\\/\\\/www.lepetitepicurien.com\\\/product\\\/hazelnut-olive-oil-500ml-1-01lb\\\/#primaryimage\"},\"image\":{\"@id\":\"https:\\\/\\\/www.lepetitepicurien.com\\\/product\\\/hazelnut-olive-oil-500ml-1-01lb\\\/#primaryimage\"},\"thumbnailUrl\":\"https:\\\/\\\/www.lepetitepicurien.com\\\/wp-content\\\/uploads\\\/2024\\\/08\\\/OIL0005-2-1.jpg\",\"datePublished\":\"2024-08-15T02:47:00+00:00\",\"dateModified\":\"2025-04-03T01:31:07+00:00\",\"breadcrumb\":{\"@id\":\"https:\\\/\\\/www.lepetitepicurien.com\\\/product\\\/hazelnut-olive-oil-500ml-1-01lb\\\/#breadcrumb\"},\"inLanguage\":\"es\",\"potentialAction\":[{\"@type\":\"ReadAction\",\"target\":[\"https:\\\/\\\/www.lepetitepicurien.com\\\/product\\\/hazelnut-olive-oil-500ml-1-01lb\\\/\"]}]},{\"@type\":\"ImageObject\",\"inLanguage\":\"es\",\"@id\":\"https:\\\/\\\/www.lepetitepicurien.com\\\/product\\\/hazelnut-olive-oil-500ml-1-01lb\\\/#primaryimage\",\"url\":\"https:\\\/\\\/www.lepetitepicurien.com\\\/wp-content\\\/uploads\\\/2024\\\/08\\\/OIL0005-2-1.jpg\",\"contentUrl\":\"https:\\\/\\\/www.lepetitepicurien.com\\\/wp-content\\\/uploads\\\/2024\\\/08\\\/OIL0005-2-1.jpg\",\"width\":600,\"height\":600},{\"@type\":\"BreadcrumbList\",\"@id\":\"https:\\\/\\\/www.lepetitepicurien.com\\\/product\\\/hazelnut-olive-oil-500ml-1-01lb\\\/#breadcrumb\",\"itemListElement\":[{\"@type\":\"ListItem\",\"position\":1,\"name\":\"Home\",\"item\":\"https:\\\/\\\/www.lepetitepicurien.com\\\/\"},{\"@type\":\"ListItem\",\"position\":2,\"name\":\"Shop\",\"item\":\"https:\\\/\\\/www.lepetitepicurien.com\\\/shop\\\/\"},{\"@type\":\"ListItem\",\"position\":3,\"name\":\"Hazelnut Olive Oil &#8211; 500ml\\\/1.01lb\"}]},{\"@type\":\"WebSite\",\"@id\":\"https:\\\/\\\/www.lepetitepicurien.com\\\/#website\",\"url\":\"https:\\\/\\\/www.lepetitepicurien.com\\\/\",\"name\":\"Le Petit Epicurien\",\"description\":\"Online Grocery for European Gourmet Food\",\"publisher\":{\"@id\":\"https:\\\/\\\/www.lepetitepicurien.com\\\/#organization\"},\"potentialAction\":[{\"@type\":\"SearchAction\",\"target\":{\"@type\":\"EntryPoint\",\"urlTemplate\":\"https:\\\/\\\/www.lepetitepicurien.com\\\/?s={search_term_string}\"},\"query-input\":{\"@type\":\"PropertyValueSpecification\",\"valueRequired\":true,\"valueName\":\"search_term_string\"}}],\"inLanguage\":\"es\"},{\"@type\":\"Organization\",\"@id\":\"https:\\\/\\\/www.lepetitepicurien.com\\\/#organization\",\"name\":\"Le Petit Epicurien\",\"url\":\"https:\\\/\\\/www.lepetitepicurien.com\\\/\",\"logo\":{\"@type\":\"ImageObject\",\"inLanguage\":\"es\",\"@id\":\"https:\\\/\\\/www.lepetitepicurien.com\\\/#\\\/schema\\\/logo\\\/image\\\/\",\"url\":\"https:\\\/\\\/www.lepetitepicurien.com\\\/wp-content\\\/uploads\\\/2024\\\/03\\\/logo.png\",\"contentUrl\":\"https:\\\/\\\/www.lepetitepicurien.com\\\/wp-content\\\/uploads\\\/2024\\\/03\\\/logo.png\",\"width\":1024,\"height\":1024,\"caption\":\"Le Petit Epicurien\"},\"image\":{\"@id\":\"https:\\\/\\\/www.lepetitepicurien.com\\\/#\\\/schema\\\/logo\\\/image\\\/\"}}]}<\/script>\n<!-- \/ Yoast SEO plugin. -->","yoast_head_json":{"title":"Aceite de oliva con avellanas - 500 ml\/1,01 lb - Le Petit Epicurien","robots":{"index":"index","follow":"follow","max-snippet":"max-snippet:-1","max-image-preview":"max-image-preview:large","max-video-preview":"max-video-preview:-1"},"canonical":"https:\/\/www.lepetitepicurien.com\/es\/producto\/aceite-de-oliva-con-avellanas-500ml-1-01lb\/","og_locale":"es_ES","og_type":"article","og_title":"Hazelnut Olive Oil - 500ml\/1.01lb - Le Petit Epicurien","og_description":"This\u00a0NEW\u00a0organic and unrefined oil is quite different than the refined Hazelnut oil that we have sold in the past. In comparison, our organic Hazelnut oil has a light fatty, nutty aroma and darker color than the refined oil. It is also the newest addition to our culinary oils!","og_url":"https:\/\/www.lepetitepicurien.com\/es\/producto\/aceite-de-oliva-con-avellanas-500ml-1-01lb\/","og_site_name":"Le Petit Epicurien","article_modified_time":"2025-04-03T01:31:07+00:00","twitter_card":"summary_large_image","twitter_misc":{"Tiempo de lectura":"1 minuto"},"schema":{"@context":"https:\/\/schema.org","@graph":[{"@type":"WebPage","@id":"https:\/\/www.lepetitepicurien.com\/product\/hazelnut-olive-oil-500ml-1-01lb\/","url":"https:\/\/www.lepetitepicurien.com\/product\/hazelnut-olive-oil-500ml-1-01lb\/","name":"Aceite de oliva con avellanas - 500 ml\/1,01 lb - Le Petit Epicurien","isPartOf":{"@id":"https:\/\/www.lepetitepicurien.com\/#website"},"primaryImageOfPage":{"@id":"https:\/\/www.lepetitepicurien.com\/product\/hazelnut-olive-oil-500ml-1-01lb\/#primaryimage"},"image":{"@id":"https:\/\/www.lepetitepicurien.com\/product\/hazelnut-olive-oil-500ml-1-01lb\/#primaryimage"},"thumbnailUrl":"https:\/\/www.lepetitepicurien.com\/wp-content\/uploads\/2024\/08\/OIL0005-2-1.jpg","datePublished":"2024-08-15T02:47:00+00:00","dateModified":"2025-04-03T01:31:07+00:00","breadcrumb":{"@id":"https:\/\/www.lepetitepicurien.com\/product\/hazelnut-olive-oil-500ml-1-01lb\/#breadcrumb"},"inLanguage":"es","potentialAction":[{"@type":"ReadAction","target":["https:\/\/www.lepetitepicurien.com\/product\/hazelnut-olive-oil-500ml-1-01lb\/"]}]},{"@type":"ImageObject","inLanguage":"es","@id":"https:\/\/www.lepetitepicurien.com\/product\/hazelnut-olive-oil-500ml-1-01lb\/#primaryimage","url":"https:\/\/www.lepetitepicurien.com\/wp-content\/uploads\/2024\/08\/OIL0005-2-1.jpg","contentUrl":"https:\/\/www.lepetitepicurien.com\/wp-content\/uploads\/2024\/08\/OIL0005-2-1.jpg","width":600,"height":600},{"@type":"BreadcrumbList","@id":"https:\/\/www.lepetitepicurien.com\/product\/hazelnut-olive-oil-500ml-1-01lb\/#breadcrumb","itemListElement":[{"@type":"ListItem","position":1,"name":"Home","item":"https:\/\/www.lepetitepicurien.com\/"},{"@type":"ListItem","position":2,"name":"Shop","item":"https:\/\/www.lepetitepicurien.com\/shop\/"},{"@type":"ListItem","position":3,"name":"Hazelnut Olive Oil &#8211; 500ml\/1.01lb"}]},{"@type":"WebSite","@id":"https:\/\/www.lepetitepicurien.com\/#website","url":"https:\/\/www.lepetitepicurien.com\/","name":"El peque\u00f1o epicurien","description":"Tienda de alimentaci\u00f3n online de comida gourmet europea","publisher":{"@id":"https:\/\/www.lepetitepicurien.com\/#organization"},"potentialAction":[{"@type":"SearchAction","target":{"@type":"EntryPoint","urlTemplate":"https:\/\/www.lepetitepicurien.com\/?s={search_term_string}"},"query-input":{"@type":"PropertyValueSpecification","valueRequired":true,"valueName":"search_term_string"}}],"inLanguage":"es"},{"@type":"Organization","@id":"https:\/\/www.lepetitepicurien.com\/#organization","name":"El peque\u00f1o epicurien","url":"https:\/\/www.lepetitepicurien.com\/","logo":{"@type":"ImageObject","inLanguage":"es","@id":"https:\/\/www.lepetitepicurien.com\/#\/schema\/logo\/image\/","url":"https:\/\/www.lepetitepicurien.com\/wp-content\/uploads\/2024\/03\/logo.png","contentUrl":"https:\/\/www.lepetitepicurien.com\/wp-content\/uploads\/2024\/03\/logo.png","width":1024,"height":1024,"caption":"Le Petit Epicurien"},"image":{"@id":"https:\/\/www.lepetitepicurien.com\/#\/schema\/logo\/image\/"}}]}},"jetpack_sharing_enabled":true,"_links":{"self":[{"href":"https:\/\/www.lepetitepicurien.com\/es\/wp-json\/wp\/v2\/product\/348","targetHints":{"allow":["GET"]}}],"collection":[{"href":"https:\/\/www.lepetitepicurien.com\/es\/wp-json\/wp\/v2\/product"}],"about":[{"href":"https:\/\/www.lepetitepicurien.com\/es\/wp-json\/wp\/v2\/types\/product"}],"wp:featuredmedia":[{"embeddable":true,"href":"https:\/\/www.lepetitepicurien.com\/es\/wp-json\/wp\/v2\/media\/372"}],"wp:attachment":[{"href":"https:\/\/www.lepetitepicurien.com\/es\/wp-json\/wp\/v2\/media?parent=348"}],"wp:term":[{"taxonomy":"product_brand","embeddable":true,"href":"https:\/\/www.lepetitepicurien.com\/es\/wp-json\/wp\/v2\/product_brand?post=348"},{"taxonomy":"product_cat","embeddable":true,"href":"https:\/\/www.lepetitepicurien.com\/es\/wp-json\/wp\/v2\/product_cat?post=348"},{"taxonomy":"product_tag","embeddable":true,"href":"https:\/\/www.lepetitepicurien.com\/es\/wp-json\/wp\/v2\/product_tag?post=348"}],"curies":[{"name":"wp","href":"https:\/\/api.w.org\/{rel}","templated":true}]}}