{"id":352,"date":"2024-08-14T22:47:01","date_gmt":"2024-08-15T02:47:01","guid":{"rendered":"https:\/\/www.lepetitepicurien.com\/?post_type=product&#038;p=352"},"modified":"2025-04-02T21:31:08","modified_gmt":"2025-04-03T01:31:08","slug":"curry-madras-style-vadouvan-565g-1-25lb","status":"publish","type":"product","link":"http:\/\/www.lepetitepicurien.com\/es\/product\/curry-madras-style-vadouvan-565g-1-25lb\/","title":{"rendered":"Vadouvan al curry estilo Madr\u00e1s \u2013 565 g\/1,25 lb"},"content":{"rendered":"","protected":false},"excerpt":{"rendered":"<p>Experimente la riqueza arom\u00e1tica de nuestro curry Vadouvan estilo Madr\u00e1s. Esta sofisticada mezcla de especias combina sabores tradicionales del sur de la India con influencias culinarias francesas, creando un curry en polvo vers\u00e1til y muy sabroso.<\/p>\n<p>El vadouvan es un derivado franc\u00e9s de un masala indio tradicional, conocido por su excepcional combinaci\u00f3n de especias tostadas, como c\u00farcuma, fenogreco, semillas de mostaza y elementos adicionales como chalotes y ajo, que a menudo se secan y se mezclan. Esto da como resultado un curry en polvo arom\u00e1tico y complejo, con un matiz ligeramente ahumado y dulce.<\/p>","protected":false},"featured_media":755,"template":"","meta":[],"product_brand":[],"product_cat":[96],"product_tag":[],"class_list":{"0":"post-352","1":"product","2":"type-product","3":"status-publish","4":"has-post-thumbnail","6":"product_cat-chef-products","7":"product_shipping_class-dry","9":"first","10":"instock","11":"taxable","12":"shipping-taxable","13":"purchasable","14":"product-type-simple"},"yoast_head":"<!-- This site is optimized with the Yoast SEO plugin v27.4 - https:\/\/yoast.com\/product\/yoast-seo-wordpress\/ -->\n<title>Curry Madras Style Vadouvan - 565g\/1.25lb - Le Petit Epicurien<\/title>\n<meta name=\"description\" content=\"Discover the rich, complex flavors of our Madras Style Vadouvan Curry - French Masala, a unique blend perfect for adding depth to any dish.\" \/>\n<meta name=\"robots\" content=\"index, follow, max-snippet:-1, max-image-preview:large, max-video-preview:-1\" \/>\n<link rel=\"canonical\" href=\"https:\/\/www.lepetitepicurien.com\/es\/producto\/vadouvan-al-curry-estilo-madras-565-g-1-25-lb\/\" \/>\n<meta property=\"og:locale\" content=\"es_ES\" \/>\n<meta property=\"og:type\" content=\"article\" \/>\n<meta property=\"og:title\" content=\"Curry Madras Style Vadouvan - 565g\/1.25lb - Le Petit Epicurien\" \/>\n<meta property=\"og:description\" content=\"Discover the rich, complex flavors of our Madras Style Vadouvan Curry - French Masala, a unique blend perfect for adding depth to any dish.\" \/>\n<meta property=\"og:url\" content=\"https:\/\/www.lepetitepicurien.com\/es\/producto\/vadouvan-al-curry-estilo-madras-565-g-1-25-lb\/\" \/>\n<meta property=\"og:site_name\" content=\"Le Petit Epicurien\" \/>\n<meta property=\"article:modified_time\" content=\"2025-04-03T01:31:08+00:00\" \/>\n<meta property=\"og:image\" content=\"https:\/\/www.lepetitepicurien.com\/wp-content\/uploads\/2024\/08\/curry-vadouvan.jpg\" \/>\n\t<meta property=\"og:image:width\" content=\"1652\" \/>\n\t<meta property=\"og:image:height\" content=\"1652\" \/>\n\t<meta property=\"og:image:type\" content=\"image\/jpeg\" \/>\n<meta name=\"twitter:card\" content=\"summary_large_image\" \/>\n<meta name=\"twitter:label1\" content=\"Tiempo de lectura\" \/>\n\t<meta name=\"twitter:data1\" content=\"1 minuto\" \/>\n<script type=\"application\/ld+json\" class=\"yoast-schema-graph\">{\"@context\":\"https:\\\/\\\/schema.org\",\"@graph\":[{\"@type\":\"WebPage\",\"@id\":\"https:\\\/\\\/www.lepetitepicurien.com\\\/product\\\/curry-madras-style-vadouvan-565g-1-25lb\\\/\",\"url\":\"https:\\\/\\\/www.lepetitepicurien.com\\\/product\\\/curry-madras-style-vadouvan-565g-1-25lb\\\/\",\"name\":\"Curry Madras Style Vadouvan - 565g\\\/1.25lb - Le Petit Epicurien\",\"isPartOf\":{\"@id\":\"https:\\\/\\\/www.lepetitepicurien.com\\\/#website\"},\"primaryImageOfPage\":{\"@id\":\"https:\\\/\\\/www.lepetitepicurien.com\\\/product\\\/curry-madras-style-vadouvan-565g-1-25lb\\\/#primaryimage\"},\"image\":{\"@id\":\"https:\\\/\\\/www.lepetitepicurien.com\\\/product\\\/curry-madras-style-vadouvan-565g-1-25lb\\\/#primaryimage\"},\"thumbnailUrl\":\"https:\\\/\\\/www.lepetitepicurien.com\\\/wp-content\\\/uploads\\\/2024\\\/08\\\/curry-vadouvan.jpg\",\"datePublished\":\"2024-08-15T02:47:01+00:00\",\"dateModified\":\"2025-04-03T01:31:08+00:00\",\"description\":\"Discover the rich, complex flavors of our Madras Style Vadouvan Curry - French Masala, a unique blend perfect for adding depth to any dish.\",\"breadcrumb\":{\"@id\":\"https:\\\/\\\/www.lepetitepicurien.com\\\/product\\\/curry-madras-style-vadouvan-565g-1-25lb\\\/#breadcrumb\"},\"inLanguage\":\"es\",\"potentialAction\":[{\"@type\":\"ReadAction\",\"target\":[\"https:\\\/\\\/www.lepetitepicurien.com\\\/product\\\/curry-madras-style-vadouvan-565g-1-25lb\\\/\"]}]},{\"@type\":\"ImageObject\",\"inLanguage\":\"es\",\"@id\":\"https:\\\/\\\/www.lepetitepicurien.com\\\/product\\\/curry-madras-style-vadouvan-565g-1-25lb\\\/#primaryimage\",\"url\":\"https:\\\/\\\/www.lepetitepicurien.com\\\/wp-content\\\/uploads\\\/2024\\\/08\\\/curry-vadouvan.jpg\",\"contentUrl\":\"https:\\\/\\\/www.lepetitepicurien.com\\\/wp-content\\\/uploads\\\/2024\\\/08\\\/curry-vadouvan.jpg\",\"width\":1652,\"height\":1652},{\"@type\":\"BreadcrumbList\",\"@id\":\"https:\\\/\\\/www.lepetitepicurien.com\\\/product\\\/curry-madras-style-vadouvan-565g-1-25lb\\\/#breadcrumb\",\"itemListElement\":[{\"@type\":\"ListItem\",\"position\":1,\"name\":\"Home\",\"item\":\"https:\\\/\\\/www.lepetitepicurien.com\\\/\"},{\"@type\":\"ListItem\",\"position\":2,\"name\":\"Shop\",\"item\":\"https:\\\/\\\/www.lepetitepicurien.com\\\/shop\\\/\"},{\"@type\":\"ListItem\",\"position\":3,\"name\":\"Curry Madras Style Vadouvan &#8211; 565g\\\/1.25lb\"}]},{\"@type\":\"WebSite\",\"@id\":\"https:\\\/\\\/www.lepetitepicurien.com\\\/#website\",\"url\":\"https:\\\/\\\/www.lepetitepicurien.com\\\/\",\"name\":\"Le Petit Epicurien\",\"description\":\"Online Grocery for European Gourmet Food\",\"publisher\":{\"@id\":\"https:\\\/\\\/www.lepetitepicurien.com\\\/#organization\"},\"potentialAction\":[{\"@type\":\"SearchAction\",\"target\":{\"@type\":\"EntryPoint\",\"urlTemplate\":\"https:\\\/\\\/www.lepetitepicurien.com\\\/?s={search_term_string}\"},\"query-input\":{\"@type\":\"PropertyValueSpecification\",\"valueRequired\":true,\"valueName\":\"search_term_string\"}}],\"inLanguage\":\"es\"},{\"@type\":\"Organization\",\"@id\":\"https:\\\/\\\/www.lepetitepicurien.com\\\/#organization\",\"name\":\"Le Petit Epicurien\",\"url\":\"https:\\\/\\\/www.lepetitepicurien.com\\\/\",\"logo\":{\"@type\":\"ImageObject\",\"inLanguage\":\"es\",\"@id\":\"https:\\\/\\\/www.lepetitepicurien.com\\\/#\\\/schema\\\/logo\\\/image\\\/\",\"url\":\"https:\\\/\\\/www.lepetitepicurien.com\\\/wp-content\\\/uploads\\\/2024\\\/03\\\/logo.png\",\"contentUrl\":\"https:\\\/\\\/www.lepetitepicurien.com\\\/wp-content\\\/uploads\\\/2024\\\/03\\\/logo.png\",\"width\":1024,\"height\":1024,\"caption\":\"Le Petit Epicurien\"},\"image\":{\"@id\":\"https:\\\/\\\/www.lepetitepicurien.com\\\/#\\\/schema\\\/logo\\\/image\\\/\"}}]}<\/script>\n<!-- \/ Yoast SEO plugin. -->","yoast_head_json":{"title":"Curry estilo Madr\u00e1s Vadouvan - 565 g\/1,25 lb - Le Petit Epicurien","description":"Descubra los sabores ricos y complejos de nuestro Curry Vadouvan estilo Madr\u00e1s - Masala franc\u00e9s, una mezcla \u00fanica perfecta para agregar profundidad a cualquier plato.","robots":{"index":"index","follow":"follow","max-snippet":"max-snippet:-1","max-image-preview":"max-image-preview:large","max-video-preview":"max-video-preview:-1"},"canonical":"https:\/\/www.lepetitepicurien.com\/es\/producto\/vadouvan-al-curry-estilo-madras-565-g-1-25-lb\/","og_locale":"es_ES","og_type":"article","og_title":"Curry Madras Style Vadouvan - 565g\/1.25lb - Le Petit Epicurien","og_description":"Discover the rich, complex flavors of our Madras Style Vadouvan Curry - French Masala, a unique blend perfect for adding depth to any dish.","og_url":"https:\/\/www.lepetitepicurien.com\/es\/producto\/vadouvan-al-curry-estilo-madras-565-g-1-25-lb\/","og_site_name":"Le Petit Epicurien","article_modified_time":"2025-04-03T01:31:08+00:00","og_image":[{"width":1652,"height":1652,"url":"https:\/\/www.lepetitepicurien.com\/wp-content\/uploads\/2024\/08\/curry-vadouvan.jpg","type":"image\/jpeg"}],"twitter_card":"summary_large_image","twitter_misc":{"Tiempo de lectura":"1 minuto"},"schema":{"@context":"https:\/\/schema.org","@graph":[{"@type":"WebPage","@id":"https:\/\/www.lepetitepicurien.com\/product\/curry-madras-style-vadouvan-565g-1-25lb\/","url":"https:\/\/www.lepetitepicurien.com\/product\/curry-madras-style-vadouvan-565g-1-25lb\/","name":"Curry estilo Madr\u00e1s Vadouvan - 565 g\/1,25 lb - Le Petit Epicurien","isPartOf":{"@id":"https:\/\/www.lepetitepicurien.com\/#website"},"primaryImageOfPage":{"@id":"https:\/\/www.lepetitepicurien.com\/product\/curry-madras-style-vadouvan-565g-1-25lb\/#primaryimage"},"image":{"@id":"https:\/\/www.lepetitepicurien.com\/product\/curry-madras-style-vadouvan-565g-1-25lb\/#primaryimage"},"thumbnailUrl":"https:\/\/www.lepetitepicurien.com\/wp-content\/uploads\/2024\/08\/curry-vadouvan.jpg","datePublished":"2024-08-15T02:47:01+00:00","dateModified":"2025-04-03T01:31:08+00:00","description":"Descubra los sabores ricos y complejos de nuestro Curry Vadouvan estilo Madr\u00e1s - Masala franc\u00e9s, una mezcla \u00fanica perfecta para agregar profundidad a cualquier plato.","breadcrumb":{"@id":"https:\/\/www.lepetitepicurien.com\/product\/curry-madras-style-vadouvan-565g-1-25lb\/#breadcrumb"},"inLanguage":"es","potentialAction":[{"@type":"ReadAction","target":["https:\/\/www.lepetitepicurien.com\/product\/curry-madras-style-vadouvan-565g-1-25lb\/"]}]},{"@type":"ImageObject","inLanguage":"es","@id":"https:\/\/www.lepetitepicurien.com\/product\/curry-madras-style-vadouvan-565g-1-25lb\/#primaryimage","url":"https:\/\/www.lepetitepicurien.com\/wp-content\/uploads\/2024\/08\/curry-vadouvan.jpg","contentUrl":"https:\/\/www.lepetitepicurien.com\/wp-content\/uploads\/2024\/08\/curry-vadouvan.jpg","width":1652,"height":1652},{"@type":"BreadcrumbList","@id":"https:\/\/www.lepetitepicurien.com\/product\/curry-madras-style-vadouvan-565g-1-25lb\/#breadcrumb","itemListElement":[{"@type":"ListItem","position":1,"name":"Home","item":"https:\/\/www.lepetitepicurien.com\/"},{"@type":"ListItem","position":2,"name":"Shop","item":"https:\/\/www.lepetitepicurien.com\/shop\/"},{"@type":"ListItem","position":3,"name":"Curry Madras Style Vadouvan &#8211; 565g\/1.25lb"}]},{"@type":"WebSite","@id":"https:\/\/www.lepetitepicurien.com\/#website","url":"https:\/\/www.lepetitepicurien.com\/","name":"El peque\u00f1o epicurien","description":"Tienda de alimentaci\u00f3n online de comida gourmet europea","publisher":{"@id":"https:\/\/www.lepetitepicurien.com\/#organization"},"potentialAction":[{"@type":"SearchAction","target":{"@type":"EntryPoint","urlTemplate":"https:\/\/www.lepetitepicurien.com\/?s={search_term_string}"},"query-input":{"@type":"PropertyValueSpecification","valueRequired":true,"valueName":"search_term_string"}}],"inLanguage":"es"},{"@type":"Organization","@id":"https:\/\/www.lepetitepicurien.com\/#organization","name":"El peque\u00f1o epicurien","url":"https:\/\/www.lepetitepicurien.com\/","logo":{"@type":"ImageObject","inLanguage":"es","@id":"https:\/\/www.lepetitepicurien.com\/#\/schema\/logo\/image\/","url":"https:\/\/www.lepetitepicurien.com\/wp-content\/uploads\/2024\/03\/logo.png","contentUrl":"https:\/\/www.lepetitepicurien.com\/wp-content\/uploads\/2024\/03\/logo.png","width":1024,"height":1024,"caption":"Le Petit Epicurien"},"image":{"@id":"https:\/\/www.lepetitepicurien.com\/#\/schema\/logo\/image\/"}}]}},"jetpack_sharing_enabled":true,"_links":{"self":[{"href":"http:\/\/www.lepetitepicurien.com\/es\/wp-json\/wp\/v2\/product\/352","targetHints":{"allow":["GET"]}}],"collection":[{"href":"http:\/\/www.lepetitepicurien.com\/es\/wp-json\/wp\/v2\/product"}],"about":[{"href":"http:\/\/www.lepetitepicurien.com\/es\/wp-json\/wp\/v2\/types\/product"}],"wp:featuredmedia":[{"embeddable":true,"href":"http:\/\/www.lepetitepicurien.com\/es\/wp-json\/wp\/v2\/media\/755"}],"wp:attachment":[{"href":"http:\/\/www.lepetitepicurien.com\/es\/wp-json\/wp\/v2\/media?parent=352"}],"wp:term":[{"taxonomy":"product_brand","embeddable":true,"href":"http:\/\/www.lepetitepicurien.com\/es\/wp-json\/wp\/v2\/product_brand?post=352"},{"taxonomy":"product_cat","embeddable":true,"href":"http:\/\/www.lepetitepicurien.com\/es\/wp-json\/wp\/v2\/product_cat?post=352"},{"taxonomy":"product_tag","embeddable":true,"href":"http:\/\/www.lepetitepicurien.com\/es\/wp-json\/wp\/v2\/product_tag?post=352"}],"curies":[{"name":"wp","href":"https:\/\/api.w.org\/{rel}","templated":true}]}}