{"id":495,"date":"2024-08-14T22:48:10","date_gmt":"2024-08-15T02:48:10","guid":{"rendered":"https:\/\/www.lepetitepicurien.com\/?post_type=product&#038;p=495"},"modified":"2025-10-20T17:14:11","modified_gmt":"2025-10-20T21:14:11","slug":"puree-passion-fruit-no-added-sugar-1kg-2-2lb","status":"publish","type":"product","link":"http:\/\/www.lepetitepicurien.com\/es\/product\/puree-passion-fruit-no-added-sugar-1kg-2-2lb\/","title":{"rendered":"Pur\u00e9 de maracuy\u00e1 \u2013 sin az\u00facar a\u00f1adido \u2013 1 kg\/2,2 lb"},"content":{"rendered":"","protected":false},"excerpt":{"rendered":"<p>Originaria de Am\u00e9rica del Sur, la maracuy\u00e1 es el fruto de una planta trepadora, la pasiflora. La flor s\u00f3lo puede ser fecundada durante un breve periodo de 24 horas. Si no hay suficientes insectos en las plantaciones, esto se hace a mano.<\/p>\n<p>Este producto es extremadamente fr\u00e1gil y no admite otras opciones de env\u00edo que no sean el env\u00edo local (\u00e1rea de Miami).<\/p>","protected":false},"featured_media":521,"template":"","meta":[],"product_brand":[],"product_cat":[97],"product_tag":[],"class_list":{"0":"post-495","1":"product","2":"type-product","3":"status-publish","4":"has-post-thumbnail","6":"product_cat-jams","7":"product_shipping_class-frozen","9":"first","10":"instock","11":"taxable","12":"shipping-taxable","13":"purchasable","14":"product-type-simple"},"yoast_head":"<!-- This site is optimized with the Yoast SEO plugin v27.5 - https:\/\/yoast.com\/product\/yoast-seo-wordpress\/ -->\n<title>Puree Passion Fruit - no added sugar - 1kg\/2.2lb - Le Petit Epicurien<\/title>\n<meta name=\"robots\" content=\"index, follow, max-snippet:-1, max-image-preview:large, max-video-preview:-1\" \/>\n<link rel=\"canonical\" href=\"https:\/\/www.lepetitepicurien.com\/es\/producto\/pure-de-maracuya-sin-azucar-anadido-1-kg-2-2-lb\/\" \/>\n<meta property=\"og:locale\" content=\"es_ES\" \/>\n<meta property=\"og:type\" content=\"article\" \/>\n<meta property=\"og:title\" content=\"Puree Passion Fruit - no added sugar - 1kg\/2.2lb - Le Petit Epicurien\" \/>\n<meta property=\"og:description\" content=\"Originally from South America, passion fruit is the fruit of a climbing vine, the passiflora. The flower may only be fertilized during a short period of 24 hours. If there are not enough insects in the plantations, this is done by hand.  This product is extremely fragile and will not support any other delivery options than local shipping. (Miami area)\" \/>\n<meta property=\"og:url\" content=\"https:\/\/www.lepetitepicurien.com\/es\/producto\/pure-de-maracuya-sin-azucar-anadido-1-kg-2-2-lb\/\" \/>\n<meta property=\"og:site_name\" content=\"Le Petit Epicurien\" \/>\n<meta property=\"article:modified_time\" content=\"2025-10-20T21:14:11+00:00\" \/>\n<meta name=\"twitter:card\" content=\"summary_large_image\" \/>\n<script type=\"application\/ld+json\" class=\"yoast-schema-graph\">{\"@context\":\"https:\\\/\\\/schema.org\",\"@graph\":[{\"@type\":\"WebPage\",\"@id\":\"https:\\\/\\\/www.lepetitepicurien.com\\\/product\\\/puree-passion-fruit-no-added-sugar-1kg-2-2lb\\\/\",\"url\":\"https:\\\/\\\/www.lepetitepicurien.com\\\/product\\\/puree-passion-fruit-no-added-sugar-1kg-2-2lb\\\/\",\"name\":\"Puree Passion Fruit - no added sugar - 1kg\\\/2.2lb - Le Petit Epicurien\",\"isPartOf\":{\"@id\":\"https:\\\/\\\/www.lepetitepicurien.com\\\/#website\"},\"primaryImageOfPage\":{\"@id\":\"https:\\\/\\\/www.lepetitepicurien.com\\\/product\\\/puree-passion-fruit-no-added-sugar-1kg-2-2lb\\\/#primaryimage\"},\"image\":{\"@id\":\"https:\\\/\\\/www.lepetitepicurien.com\\\/product\\\/puree-passion-fruit-no-added-sugar-1kg-2-2lb\\\/#primaryimage\"},\"thumbnailUrl\":\"https:\\\/\\\/www.lepetitepicurien.com\\\/wp-content\\\/uploads\\\/2024\\\/08\\\/DES0720-3-1.jpg\",\"datePublished\":\"2024-08-15T02:48:10+00:00\",\"dateModified\":\"2025-10-20T21:14:11+00:00\",\"breadcrumb\":{\"@id\":\"https:\\\/\\\/www.lepetitepicurien.com\\\/product\\\/puree-passion-fruit-no-added-sugar-1kg-2-2lb\\\/#breadcrumb\"},\"inLanguage\":\"es\",\"potentialAction\":[{\"@type\":\"ReadAction\",\"target\":[\"https:\\\/\\\/www.lepetitepicurien.com\\\/product\\\/puree-passion-fruit-no-added-sugar-1kg-2-2lb\\\/\"]}]},{\"@type\":\"ImageObject\",\"inLanguage\":\"es\",\"@id\":\"https:\\\/\\\/www.lepetitepicurien.com\\\/product\\\/puree-passion-fruit-no-added-sugar-1kg-2-2lb\\\/#primaryimage\",\"url\":\"https:\\\/\\\/www.lepetitepicurien.com\\\/wp-content\\\/uploads\\\/2024\\\/08\\\/DES0720-3-1.jpg\",\"contentUrl\":\"https:\\\/\\\/www.lepetitepicurien.com\\\/wp-content\\\/uploads\\\/2024\\\/08\\\/DES0720-3-1.jpg\",\"width\":600,\"height\":600},{\"@type\":\"BreadcrumbList\",\"@id\":\"https:\\\/\\\/www.lepetitepicurien.com\\\/product\\\/puree-passion-fruit-no-added-sugar-1kg-2-2lb\\\/#breadcrumb\",\"itemListElement\":[{\"@type\":\"ListItem\",\"position\":1,\"name\":\"Home\",\"item\":\"https:\\\/\\\/www.lepetitepicurien.com\\\/\"},{\"@type\":\"ListItem\",\"position\":2,\"name\":\"Shop\",\"item\":\"https:\\\/\\\/www.lepetitepicurien.com\\\/shop\\\/\"},{\"@type\":\"ListItem\",\"position\":3,\"name\":\"Puree Passion Fruit &#8211; no added sugar &#8211; 1kg\\\/2.2lb\"}]},{\"@type\":\"WebSite\",\"@id\":\"https:\\\/\\\/www.lepetitepicurien.com\\\/#website\",\"url\":\"https:\\\/\\\/www.lepetitepicurien.com\\\/\",\"name\":\"Le Petit Epicurien\",\"description\":\"Online Grocery for European Gourmet Food\",\"publisher\":{\"@id\":\"https:\\\/\\\/www.lepetitepicurien.com\\\/#organization\"},\"potentialAction\":[{\"@type\":\"SearchAction\",\"target\":{\"@type\":\"EntryPoint\",\"urlTemplate\":\"https:\\\/\\\/www.lepetitepicurien.com\\\/?s={search_term_string}\"},\"query-input\":{\"@type\":\"PropertyValueSpecification\",\"valueRequired\":true,\"valueName\":\"search_term_string\"}}],\"inLanguage\":\"es\"},{\"@type\":\"Organization\",\"@id\":\"https:\\\/\\\/www.lepetitepicurien.com\\\/#organization\",\"name\":\"Le Petit Epicurien\",\"url\":\"https:\\\/\\\/www.lepetitepicurien.com\\\/\",\"logo\":{\"@type\":\"ImageObject\",\"inLanguage\":\"es\",\"@id\":\"https:\\\/\\\/www.lepetitepicurien.com\\\/#\\\/schema\\\/logo\\\/image\\\/\",\"url\":\"https:\\\/\\\/www.lepetitepicurien.com\\\/wp-content\\\/uploads\\\/2024\\\/03\\\/logo.png\",\"contentUrl\":\"https:\\\/\\\/www.lepetitepicurien.com\\\/wp-content\\\/uploads\\\/2024\\\/03\\\/logo.png\",\"width\":1024,\"height\":1024,\"caption\":\"Le Petit Epicurien\"},\"image\":{\"@id\":\"https:\\\/\\\/www.lepetitepicurien.com\\\/#\\\/schema\\\/logo\\\/image\\\/\"}}]}<\/script>\n<!-- \/ Yoast SEO plugin. -->","yoast_head_json":{"title":"Pur\u00e9 de maracuy\u00e1 - sin az\u00facar a\u00f1adido - 1 kg\/2,2 lb - Le Petit Epicurien","robots":{"index":"index","follow":"follow","max-snippet":"max-snippet:-1","max-image-preview":"max-image-preview:large","max-video-preview":"max-video-preview:-1"},"canonical":"https:\/\/www.lepetitepicurien.com\/es\/producto\/pure-de-maracuya-sin-azucar-anadido-1-kg-2-2-lb\/","og_locale":"es_ES","og_type":"article","og_title":"Puree Passion Fruit - no added sugar - 1kg\/2.2lb - Le Petit Epicurien","og_description":"Originally from South America, passion fruit is the fruit of a climbing vine, the passiflora. The flower may only be fertilized during a short period of 24 hours. If there are not enough insects in the plantations, this is done by hand.  This product is extremely fragile and will not support any other delivery options than local shipping. (Miami area)","og_url":"https:\/\/www.lepetitepicurien.com\/es\/producto\/pure-de-maracuya-sin-azucar-anadido-1-kg-2-2-lb\/","og_site_name":"Le Petit Epicurien","article_modified_time":"2025-10-20T21:14:11+00:00","twitter_card":"summary_large_image","schema":{"@context":"https:\/\/schema.org","@graph":[{"@type":"WebPage","@id":"https:\/\/www.lepetitepicurien.com\/product\/puree-passion-fruit-no-added-sugar-1kg-2-2lb\/","url":"https:\/\/www.lepetitepicurien.com\/product\/puree-passion-fruit-no-added-sugar-1kg-2-2lb\/","name":"Pur\u00e9 de maracuy\u00e1 - sin az\u00facar a\u00f1adido - 1 kg\/2,2 lb - Le Petit Epicurien","isPartOf":{"@id":"https:\/\/www.lepetitepicurien.com\/#website"},"primaryImageOfPage":{"@id":"https:\/\/www.lepetitepicurien.com\/product\/puree-passion-fruit-no-added-sugar-1kg-2-2lb\/#primaryimage"},"image":{"@id":"https:\/\/www.lepetitepicurien.com\/product\/puree-passion-fruit-no-added-sugar-1kg-2-2lb\/#primaryimage"},"thumbnailUrl":"https:\/\/www.lepetitepicurien.com\/wp-content\/uploads\/2024\/08\/DES0720-3-1.jpg","datePublished":"2024-08-15T02:48:10+00:00","dateModified":"2025-10-20T21:14:11+00:00","breadcrumb":{"@id":"https:\/\/www.lepetitepicurien.com\/product\/puree-passion-fruit-no-added-sugar-1kg-2-2lb\/#breadcrumb"},"inLanguage":"es","potentialAction":[{"@type":"ReadAction","target":["https:\/\/www.lepetitepicurien.com\/product\/puree-passion-fruit-no-added-sugar-1kg-2-2lb\/"]}]},{"@type":"ImageObject","inLanguage":"es","@id":"https:\/\/www.lepetitepicurien.com\/product\/puree-passion-fruit-no-added-sugar-1kg-2-2lb\/#primaryimage","url":"https:\/\/www.lepetitepicurien.com\/wp-content\/uploads\/2024\/08\/DES0720-3-1.jpg","contentUrl":"https:\/\/www.lepetitepicurien.com\/wp-content\/uploads\/2024\/08\/DES0720-3-1.jpg","width":600,"height":600},{"@type":"BreadcrumbList","@id":"https:\/\/www.lepetitepicurien.com\/product\/puree-passion-fruit-no-added-sugar-1kg-2-2lb\/#breadcrumb","itemListElement":[{"@type":"ListItem","position":1,"name":"Home","item":"https:\/\/www.lepetitepicurien.com\/"},{"@type":"ListItem","position":2,"name":"Shop","item":"https:\/\/www.lepetitepicurien.com\/shop\/"},{"@type":"ListItem","position":3,"name":"Puree Passion Fruit &#8211; no added sugar &#8211; 1kg\/2.2lb"}]},{"@type":"WebSite","@id":"https:\/\/www.lepetitepicurien.com\/#website","url":"https:\/\/www.lepetitepicurien.com\/","name":"El peque\u00f1o epicurien","description":"Tienda de alimentaci\u00f3n online de comida gourmet europea","publisher":{"@id":"https:\/\/www.lepetitepicurien.com\/#organization"},"potentialAction":[{"@type":"SearchAction","target":{"@type":"EntryPoint","urlTemplate":"https:\/\/www.lepetitepicurien.com\/?s={search_term_string}"},"query-input":{"@type":"PropertyValueSpecification","valueRequired":true,"valueName":"search_term_string"}}],"inLanguage":"es"},{"@type":"Organization","@id":"https:\/\/www.lepetitepicurien.com\/#organization","name":"El peque\u00f1o epicurien","url":"https:\/\/www.lepetitepicurien.com\/","logo":{"@type":"ImageObject","inLanguage":"es","@id":"https:\/\/www.lepetitepicurien.com\/#\/schema\/logo\/image\/","url":"https:\/\/www.lepetitepicurien.com\/wp-content\/uploads\/2024\/03\/logo.png","contentUrl":"https:\/\/www.lepetitepicurien.com\/wp-content\/uploads\/2024\/03\/logo.png","width":1024,"height":1024,"caption":"Le Petit Epicurien"},"image":{"@id":"https:\/\/www.lepetitepicurien.com\/#\/schema\/logo\/image\/"}}]}},"jetpack_sharing_enabled":true,"_links":{"self":[{"href":"http:\/\/www.lepetitepicurien.com\/es\/wp-json\/wp\/v2\/product\/495","targetHints":{"allow":["GET"]}}],"collection":[{"href":"http:\/\/www.lepetitepicurien.com\/es\/wp-json\/wp\/v2\/product"}],"about":[{"href":"http:\/\/www.lepetitepicurien.com\/es\/wp-json\/wp\/v2\/types\/product"}],"wp:featuredmedia":[{"embeddable":true,"href":"http:\/\/www.lepetitepicurien.com\/es\/wp-json\/wp\/v2\/media\/521"}],"wp:attachment":[{"href":"http:\/\/www.lepetitepicurien.com\/es\/wp-json\/wp\/v2\/media?parent=495"}],"wp:term":[{"taxonomy":"product_brand","embeddable":true,"href":"http:\/\/www.lepetitepicurien.com\/es\/wp-json\/wp\/v2\/product_brand?post=495"},{"taxonomy":"product_cat","embeddable":true,"href":"http:\/\/www.lepetitepicurien.com\/es\/wp-json\/wp\/v2\/product_cat?post=495"},{"taxonomy":"product_tag","embeddable":true,"href":"http:\/\/www.lepetitepicurien.com\/es\/wp-json\/wp\/v2\/product_tag?post=495"}],"curies":[{"name":"wp","href":"https:\/\/api.w.org\/{rel}","templated":true}]}}