{"id":497,"date":"2024-08-14T22:48:10","date_gmt":"2024-08-15T02:48:10","guid":{"rendered":"https:\/\/www.lepetitepicurien.com\/?post_type=product&#038;p=497"},"modified":"2025-04-02T21:31:17","modified_gmt":"2025-04-03T01:31:17","slug":"puree-pear-no-added-sugar-1kg-2-2lb","status":"publish","type":"product","link":"http:\/\/www.lepetitepicurien.com\/es\/product\/puree-pear-no-added-sugar-1kg-2-2lb\/","title":{"rendered":"Pur\u00e9 de pera \u2013 sin az\u00facar a\u00f1adido \u2013 1 kg\/2,2 lb"},"content":{"rendered":"","protected":false},"excerpt":{"rendered":"<p>Originario de Asia Central, el peral es uno de los \u00e1rboles frutales cultivados m\u00e1s antiguos del mundo. Seg\u00fan la tradici\u00f3n, los soberanos que acud\u00edan a ser coronados en Reims recib\u00edan como regalo una copa de champ\u00e1n... y una pera.<\/p>\n<p>Este producto es extremadamente fr\u00e1gil y no admite otras opciones de env\u00edo que no sean el env\u00edo local (\u00e1rea de Miami).<\/p>","protected":false},"featured_media":523,"template":"","meta":[],"product_brand":[],"product_cat":[97],"product_tag":[],"class_list":{"0":"post-497","1":"product","2":"type-product","3":"status-publish","4":"has-post-thumbnail","6":"product_cat-jams","7":"product_shipping_class-frozen","9":"first","10":"instock","11":"taxable","12":"shipping-taxable","13":"purchasable","14":"product-type-simple"},"yoast_head":"<!-- This site is optimized with the Yoast SEO plugin v27.5 - https:\/\/yoast.com\/product\/yoast-seo-wordpress\/ -->\n<title>Puree Pear - no added sugar - 1kg\/2.2lb - Le Petit Epicurien<\/title>\n<meta name=\"robots\" content=\"index, follow, max-snippet:-1, max-image-preview:large, max-video-preview:-1\" \/>\n<link rel=\"canonical\" href=\"https:\/\/www.lepetitepicurien.com\/es\/producto\/pure-de-pera-sin-azucar-anadido-1-kg-2-2-lb\/\" \/>\n<meta property=\"og:locale\" content=\"es_ES\" \/>\n<meta property=\"og:type\" content=\"article\" \/>\n<meta property=\"og:title\" content=\"Puree Pear - no added sugar - 1kg\/2.2lb - Le Petit Epicurien\" \/>\n<meta property=\"og:description\" content=\"Native to Central Asia, the pear tree is one of the oldest cultivated fruit trees in the world. Tradition has it that the rulers who came to be crowned at Reims received the gift of a glass of champagne ... and a pear.  This product is extremely fragile and will not support any other delivery options than local shipping. (Miami area)\" \/>\n<meta property=\"og:url\" content=\"https:\/\/www.lepetitepicurien.com\/es\/producto\/pure-de-pera-sin-azucar-anadido-1-kg-2-2-lb\/\" \/>\n<meta property=\"og:site_name\" content=\"Le Petit Epicurien\" \/>\n<meta property=\"article:modified_time\" content=\"2025-04-03T01:31:17+00:00\" \/>\n<meta name=\"twitter:card\" content=\"summary_large_image\" \/>\n<script type=\"application\/ld+json\" class=\"yoast-schema-graph\">{\"@context\":\"https:\\\/\\\/schema.org\",\"@graph\":[{\"@type\":\"WebPage\",\"@id\":\"https:\\\/\\\/www.lepetitepicurien.com\\\/product\\\/puree-pear-no-added-sugar-1kg-2-2lb\\\/\",\"url\":\"https:\\\/\\\/www.lepetitepicurien.com\\\/product\\\/puree-pear-no-added-sugar-1kg-2-2lb\\\/\",\"name\":\"Puree Pear - no added sugar - 1kg\\\/2.2lb - Le Petit Epicurien\",\"isPartOf\":{\"@id\":\"https:\\\/\\\/www.lepetitepicurien.com\\\/#website\"},\"primaryImageOfPage\":{\"@id\":\"https:\\\/\\\/www.lepetitepicurien.com\\\/product\\\/puree-pear-no-added-sugar-1kg-2-2lb\\\/#primaryimage\"},\"image\":{\"@id\":\"https:\\\/\\\/www.lepetitepicurien.com\\\/product\\\/puree-pear-no-added-sugar-1kg-2-2lb\\\/#primaryimage\"},\"thumbnailUrl\":\"https:\\\/\\\/www.lepetitepicurien.com\\\/wp-content\\\/uploads\\\/2024\\\/08\\\/DES0735-2-1.jpg\",\"datePublished\":\"2024-08-15T02:48:10+00:00\",\"dateModified\":\"2025-04-03T01:31:17+00:00\",\"breadcrumb\":{\"@id\":\"https:\\\/\\\/www.lepetitepicurien.com\\\/product\\\/puree-pear-no-added-sugar-1kg-2-2lb\\\/#breadcrumb\"},\"inLanguage\":\"es\",\"potentialAction\":[{\"@type\":\"ReadAction\",\"target\":[\"https:\\\/\\\/www.lepetitepicurien.com\\\/product\\\/puree-pear-no-added-sugar-1kg-2-2lb\\\/\"]}]},{\"@type\":\"ImageObject\",\"inLanguage\":\"es\",\"@id\":\"https:\\\/\\\/www.lepetitepicurien.com\\\/product\\\/puree-pear-no-added-sugar-1kg-2-2lb\\\/#primaryimage\",\"url\":\"https:\\\/\\\/www.lepetitepicurien.com\\\/wp-content\\\/uploads\\\/2024\\\/08\\\/DES0735-2-1.jpg\",\"contentUrl\":\"https:\\\/\\\/www.lepetitepicurien.com\\\/wp-content\\\/uploads\\\/2024\\\/08\\\/DES0735-2-1.jpg\",\"width\":600,\"height\":600},{\"@type\":\"BreadcrumbList\",\"@id\":\"https:\\\/\\\/www.lepetitepicurien.com\\\/product\\\/puree-pear-no-added-sugar-1kg-2-2lb\\\/#breadcrumb\",\"itemListElement\":[{\"@type\":\"ListItem\",\"position\":1,\"name\":\"Home\",\"item\":\"https:\\\/\\\/www.lepetitepicurien.com\\\/\"},{\"@type\":\"ListItem\",\"position\":2,\"name\":\"Shop\",\"item\":\"https:\\\/\\\/www.lepetitepicurien.com\\\/shop\\\/\"},{\"@type\":\"ListItem\",\"position\":3,\"name\":\"Puree Pear &#8211; no added sugar &#8211; 1kg\\\/2.2lb\"}]},{\"@type\":\"WebSite\",\"@id\":\"https:\\\/\\\/www.lepetitepicurien.com\\\/#website\",\"url\":\"https:\\\/\\\/www.lepetitepicurien.com\\\/\",\"name\":\"Le Petit Epicurien\",\"description\":\"Online Grocery for European Gourmet Food\",\"publisher\":{\"@id\":\"https:\\\/\\\/www.lepetitepicurien.com\\\/#organization\"},\"potentialAction\":[{\"@type\":\"SearchAction\",\"target\":{\"@type\":\"EntryPoint\",\"urlTemplate\":\"https:\\\/\\\/www.lepetitepicurien.com\\\/?s={search_term_string}\"},\"query-input\":{\"@type\":\"PropertyValueSpecification\",\"valueRequired\":true,\"valueName\":\"search_term_string\"}}],\"inLanguage\":\"es\"},{\"@type\":\"Organization\",\"@id\":\"https:\\\/\\\/www.lepetitepicurien.com\\\/#organization\",\"name\":\"Le Petit Epicurien\",\"url\":\"https:\\\/\\\/www.lepetitepicurien.com\\\/\",\"logo\":{\"@type\":\"ImageObject\",\"inLanguage\":\"es\",\"@id\":\"https:\\\/\\\/www.lepetitepicurien.com\\\/#\\\/schema\\\/logo\\\/image\\\/\",\"url\":\"https:\\\/\\\/www.lepetitepicurien.com\\\/wp-content\\\/uploads\\\/2024\\\/03\\\/logo.png\",\"contentUrl\":\"https:\\\/\\\/www.lepetitepicurien.com\\\/wp-content\\\/uploads\\\/2024\\\/03\\\/logo.png\",\"width\":1024,\"height\":1024,\"caption\":\"Le Petit Epicurien\"},\"image\":{\"@id\":\"https:\\\/\\\/www.lepetitepicurien.com\\\/#\\\/schema\\\/logo\\\/image\\\/\"}}]}<\/script>\n<!-- \/ Yoast SEO plugin. -->","yoast_head_json":{"title":"Pur\u00e9 de pera - sin az\u00facar a\u00f1adido - 1 kg\/2,2 lb - Le Petit Epicurien","robots":{"index":"index","follow":"follow","max-snippet":"max-snippet:-1","max-image-preview":"max-image-preview:large","max-video-preview":"max-video-preview:-1"},"canonical":"https:\/\/www.lepetitepicurien.com\/es\/producto\/pure-de-pera-sin-azucar-anadido-1-kg-2-2-lb\/","og_locale":"es_ES","og_type":"article","og_title":"Puree Pear - no added sugar - 1kg\/2.2lb - Le Petit Epicurien","og_description":"Native to Central Asia, the pear tree is one of the oldest cultivated fruit trees in the world. Tradition has it that the rulers who came to be crowned at Reims received the gift of a glass of champagne ... and a pear.  This product is extremely fragile and will not support any other delivery options than local shipping. (Miami area)","og_url":"https:\/\/www.lepetitepicurien.com\/es\/producto\/pure-de-pera-sin-azucar-anadido-1-kg-2-2-lb\/","og_site_name":"Le Petit Epicurien","article_modified_time":"2025-04-03T01:31:17+00:00","twitter_card":"summary_large_image","schema":{"@context":"https:\/\/schema.org","@graph":[{"@type":"WebPage","@id":"https:\/\/www.lepetitepicurien.com\/product\/puree-pear-no-added-sugar-1kg-2-2lb\/","url":"https:\/\/www.lepetitepicurien.com\/product\/puree-pear-no-added-sugar-1kg-2-2lb\/","name":"Pur\u00e9 de pera - sin az\u00facar a\u00f1adido - 1 kg\/2,2 lb - Le Petit Epicurien","isPartOf":{"@id":"https:\/\/www.lepetitepicurien.com\/#website"},"primaryImageOfPage":{"@id":"https:\/\/www.lepetitepicurien.com\/product\/puree-pear-no-added-sugar-1kg-2-2lb\/#primaryimage"},"image":{"@id":"https:\/\/www.lepetitepicurien.com\/product\/puree-pear-no-added-sugar-1kg-2-2lb\/#primaryimage"},"thumbnailUrl":"https:\/\/www.lepetitepicurien.com\/wp-content\/uploads\/2024\/08\/DES0735-2-1.jpg","datePublished":"2024-08-15T02:48:10+00:00","dateModified":"2025-04-03T01:31:17+00:00","breadcrumb":{"@id":"https:\/\/www.lepetitepicurien.com\/product\/puree-pear-no-added-sugar-1kg-2-2lb\/#breadcrumb"},"inLanguage":"es","potentialAction":[{"@type":"ReadAction","target":["https:\/\/www.lepetitepicurien.com\/product\/puree-pear-no-added-sugar-1kg-2-2lb\/"]}]},{"@type":"ImageObject","inLanguage":"es","@id":"https:\/\/www.lepetitepicurien.com\/product\/puree-pear-no-added-sugar-1kg-2-2lb\/#primaryimage","url":"https:\/\/www.lepetitepicurien.com\/wp-content\/uploads\/2024\/08\/DES0735-2-1.jpg","contentUrl":"https:\/\/www.lepetitepicurien.com\/wp-content\/uploads\/2024\/08\/DES0735-2-1.jpg","width":600,"height":600},{"@type":"BreadcrumbList","@id":"https:\/\/www.lepetitepicurien.com\/product\/puree-pear-no-added-sugar-1kg-2-2lb\/#breadcrumb","itemListElement":[{"@type":"ListItem","position":1,"name":"Home","item":"https:\/\/www.lepetitepicurien.com\/"},{"@type":"ListItem","position":2,"name":"Shop","item":"https:\/\/www.lepetitepicurien.com\/shop\/"},{"@type":"ListItem","position":3,"name":"Puree Pear &#8211; no added sugar &#8211; 1kg\/2.2lb"}]},{"@type":"WebSite","@id":"https:\/\/www.lepetitepicurien.com\/#website","url":"https:\/\/www.lepetitepicurien.com\/","name":"El peque\u00f1o epicurien","description":"Tienda de alimentaci\u00f3n online de comida gourmet europea","publisher":{"@id":"https:\/\/www.lepetitepicurien.com\/#organization"},"potentialAction":[{"@type":"SearchAction","target":{"@type":"EntryPoint","urlTemplate":"https:\/\/www.lepetitepicurien.com\/?s={search_term_string}"},"query-input":{"@type":"PropertyValueSpecification","valueRequired":true,"valueName":"search_term_string"}}],"inLanguage":"es"},{"@type":"Organization","@id":"https:\/\/www.lepetitepicurien.com\/#organization","name":"El peque\u00f1o epicurien","url":"https:\/\/www.lepetitepicurien.com\/","logo":{"@type":"ImageObject","inLanguage":"es","@id":"https:\/\/www.lepetitepicurien.com\/#\/schema\/logo\/image\/","url":"https:\/\/www.lepetitepicurien.com\/wp-content\/uploads\/2024\/03\/logo.png","contentUrl":"https:\/\/www.lepetitepicurien.com\/wp-content\/uploads\/2024\/03\/logo.png","width":1024,"height":1024,"caption":"Le Petit Epicurien"},"image":{"@id":"https:\/\/www.lepetitepicurien.com\/#\/schema\/logo\/image\/"}}]}},"jetpack_sharing_enabled":true,"_links":{"self":[{"href":"http:\/\/www.lepetitepicurien.com\/es\/wp-json\/wp\/v2\/product\/497","targetHints":{"allow":["GET"]}}],"collection":[{"href":"http:\/\/www.lepetitepicurien.com\/es\/wp-json\/wp\/v2\/product"}],"about":[{"href":"http:\/\/www.lepetitepicurien.com\/es\/wp-json\/wp\/v2\/types\/product"}],"wp:featuredmedia":[{"embeddable":true,"href":"http:\/\/www.lepetitepicurien.com\/es\/wp-json\/wp\/v2\/media\/523"}],"wp:attachment":[{"href":"http:\/\/www.lepetitepicurien.com\/es\/wp-json\/wp\/v2\/media?parent=497"}],"wp:term":[{"taxonomy":"product_brand","embeddable":true,"href":"http:\/\/www.lepetitepicurien.com\/es\/wp-json\/wp\/v2\/product_brand?post=497"},{"taxonomy":"product_cat","embeddable":true,"href":"http:\/\/www.lepetitepicurien.com\/es\/wp-json\/wp\/v2\/product_cat?post=497"},{"taxonomy":"product_tag","embeddable":true,"href":"http:\/\/www.lepetitepicurien.com\/es\/wp-json\/wp\/v2\/product_tag?post=497"}],"curies":[{"name":"wp","href":"https:\/\/api.w.org\/{rel}","templated":true}]}}