{"id":504,"date":"2024-08-14T22:48:11","date_gmt":"2024-08-15T02:48:11","guid":{"rendered":"https:\/\/www.lepetitepicurien.com\/?post_type=product&#038;p=504"},"modified":"2025-04-02T21:31:19","modified_gmt":"2025-04-03T01:31:19","slug":"noel-chocolate-classic-line-noir-55-5kg-11lb","status":"publish","type":"product","link":"http:\/\/www.lepetitepicurien.com\/es\/product\/noel-chocolate-classic-line-noir-55-5kg-11lb\/","title":{"rendered":"Chocolate franc\u00e9s L\u00ednea cl\u00e1sica Noir 55% \u2013 5 kg\/11 lb"},"content":{"rendered":"<p><strong>Ingredientes: <\/strong>Az\u00facar, pasta de cacao, manteca de cacao, emulgente: lecitina de soja, aroma de vainilla.<\/p>","protected":false},"excerpt":{"rendered":"<p>Cocoa Noel es el chocolate de referencia de los pasteleros gracias a su sabor perfectamente equilibrado y su facilidad de uso. Sus pistolas de chocolate negro semidulce 55% Classique son el ejemplo perfecto de ello. Con un gran sabor y un color intenso, aportar\u00e1n un gusto fenomenal y una calidad sedosa y lujosa a tus recetas. Ideales para usar en ganache, crema de mantequilla, glaseados y m\u00e1s, \u00a1te encantar\u00e1n los postres que puedes elaborar con este chocolate negro de primera calidad de Cocoa Noel!<\/p>","protected":false},"featured_media":1671,"template":"","meta":[],"product_brand":[],"product_cat":[26],"product_tag":[],"class_list":{"0":"post-504","1":"product","2":"type-product","3":"status-publish","4":"has-post-thumbnail","6":"product_cat-chocolates","7":"product_shipping_class-dry","9":"first","10":"instock","11":"sale","12":"taxable","13":"shipping-taxable","14":"purchasable","15":"product-type-simple"},"yoast_head":"<!-- This site is optimized with the Yoast SEO plugin v27.5 - https:\/\/yoast.com\/product\/yoast-seo-wordpress\/ -->\n<title>French Chocolate Classic Line Noir 55% - 5kg\/11lb - Le Petit Epicurien<\/title>\n<meta name=\"description\" content=\"Noel Dark Chocolate Couverture Pistoles - Semisweet 55%\" \/>\n<meta name=\"robots\" content=\"index, follow, max-snippet:-1, max-image-preview:large, max-video-preview:-1\" \/>\n<link rel=\"canonical\" href=\"https:\/\/www.lepetitepicurien.com\/es\/producto\/chocolate-noel-linea-clasica-noir-55-5kg-11lb\/\" \/>\n<meta property=\"og:locale\" content=\"es_ES\" \/>\n<meta property=\"og:type\" content=\"article\" \/>\n<meta property=\"og:title\" content=\"French Chocolate Classic Line Noir 55% - 5kg\/11lb - Le Petit Epicurien\" \/>\n<meta property=\"og:description\" content=\"Noel Dark Chocolate Couverture Pistoles - Semisweet 55%\" \/>\n<meta property=\"og:url\" content=\"https:\/\/www.lepetitepicurien.com\/es\/producto\/chocolate-noel-linea-clasica-noir-55-5kg-11lb\/\" \/>\n<meta property=\"og:site_name\" content=\"Le Petit Epicurien\" \/>\n<meta property=\"article:modified_time\" content=\"2025-04-03T01:31:19+00:00\" \/>\n<meta property=\"og:image\" content=\"https:\/\/www.lepetitepicurien.com\/wp-content\/uploads\/2024\/08\/noel-dark-chocolate-pistoles-semisweet-55.jpg\" \/>\n\t<meta property=\"og:image:width\" content=\"504\" \/>\n\t<meta property=\"og:image:height\" content=\"504\" \/>\n\t<meta property=\"og:image:type\" content=\"image\/jpeg\" \/>\n<meta name=\"twitter:card\" content=\"summary_large_image\" \/>\n<meta name=\"twitter:label1\" content=\"Tiempo de lectura\" \/>\n\t<meta name=\"twitter:data1\" content=\"1 minuto\" \/>\n<script type=\"application\/ld+json\" class=\"yoast-schema-graph\">{\"@context\":\"https:\\\/\\\/schema.org\",\"@graph\":[{\"@type\":\"WebPage\",\"@id\":\"https:\\\/\\\/www.lepetitepicurien.com\\\/product\\\/noel-chocolate-classic-line-noir-55-5kg-11lb\\\/\",\"url\":\"https:\\\/\\\/www.lepetitepicurien.com\\\/product\\\/noel-chocolate-classic-line-noir-55-5kg-11lb\\\/\",\"name\":\"French Chocolate Classic Line Noir 55% - 5kg\\\/11lb - Le Petit Epicurien\",\"isPartOf\":{\"@id\":\"https:\\\/\\\/www.lepetitepicurien.com\\\/#website\"},\"primaryImageOfPage\":{\"@id\":\"https:\\\/\\\/www.lepetitepicurien.com\\\/product\\\/noel-chocolate-classic-line-noir-55-5kg-11lb\\\/#primaryimage\"},\"image\":{\"@id\":\"https:\\\/\\\/www.lepetitepicurien.com\\\/product\\\/noel-chocolate-classic-line-noir-55-5kg-11lb\\\/#primaryimage\"},\"thumbnailUrl\":\"https:\\\/\\\/www.lepetitepicurien.com\\\/wp-content\\\/uploads\\\/2024\\\/08\\\/noel-dark-chocolate-pistoles-semisweet-55.jpg\",\"datePublished\":\"2024-08-15T02:48:11+00:00\",\"dateModified\":\"2025-04-03T01:31:19+00:00\",\"description\":\"Noel Dark Chocolate Couverture Pistoles - Semisweet 55%\",\"breadcrumb\":{\"@id\":\"https:\\\/\\\/www.lepetitepicurien.com\\\/product\\\/noel-chocolate-classic-line-noir-55-5kg-11lb\\\/#breadcrumb\"},\"inLanguage\":\"es\",\"potentialAction\":[{\"@type\":\"ReadAction\",\"target\":[\"https:\\\/\\\/www.lepetitepicurien.com\\\/product\\\/noel-chocolate-classic-line-noir-55-5kg-11lb\\\/\"]}]},{\"@type\":\"ImageObject\",\"inLanguage\":\"es\",\"@id\":\"https:\\\/\\\/www.lepetitepicurien.com\\\/product\\\/noel-chocolate-classic-line-noir-55-5kg-11lb\\\/#primaryimage\",\"url\":\"https:\\\/\\\/www.lepetitepicurien.com\\\/wp-content\\\/uploads\\\/2024\\\/08\\\/noel-dark-chocolate-pistoles-semisweet-55.jpg\",\"contentUrl\":\"https:\\\/\\\/www.lepetitepicurien.com\\\/wp-content\\\/uploads\\\/2024\\\/08\\\/noel-dark-chocolate-pistoles-semisweet-55.jpg\",\"width\":504,\"height\":504},{\"@type\":\"BreadcrumbList\",\"@id\":\"https:\\\/\\\/www.lepetitepicurien.com\\\/product\\\/noel-chocolate-classic-line-noir-55-5kg-11lb\\\/#breadcrumb\",\"itemListElement\":[{\"@type\":\"ListItem\",\"position\":1,\"name\":\"Home\",\"item\":\"https:\\\/\\\/www.lepetitepicurien.com\\\/\"},{\"@type\":\"ListItem\",\"position\":2,\"name\":\"Shop\",\"item\":\"https:\\\/\\\/www.lepetitepicurien.com\\\/shop\\\/\"},{\"@type\":\"ListItem\",\"position\":3,\"name\":\"French Chocolate Classic Line Noir 55% &#8211; 5kg\\\/11lb\"}]},{\"@type\":\"WebSite\",\"@id\":\"https:\\\/\\\/www.lepetitepicurien.com\\\/#website\",\"url\":\"https:\\\/\\\/www.lepetitepicurien.com\\\/\",\"name\":\"Le Petit Epicurien\",\"description\":\"Online Grocery for European Gourmet Food\",\"publisher\":{\"@id\":\"https:\\\/\\\/www.lepetitepicurien.com\\\/#organization\"},\"potentialAction\":[{\"@type\":\"SearchAction\",\"target\":{\"@type\":\"EntryPoint\",\"urlTemplate\":\"https:\\\/\\\/www.lepetitepicurien.com\\\/?s={search_term_string}\"},\"query-input\":{\"@type\":\"PropertyValueSpecification\",\"valueRequired\":true,\"valueName\":\"search_term_string\"}}],\"inLanguage\":\"es\"},{\"@type\":\"Organization\",\"@id\":\"https:\\\/\\\/www.lepetitepicurien.com\\\/#organization\",\"name\":\"Le Petit Epicurien\",\"url\":\"https:\\\/\\\/www.lepetitepicurien.com\\\/\",\"logo\":{\"@type\":\"ImageObject\",\"inLanguage\":\"es\",\"@id\":\"https:\\\/\\\/www.lepetitepicurien.com\\\/#\\\/schema\\\/logo\\\/image\\\/\",\"url\":\"https:\\\/\\\/www.lepetitepicurien.com\\\/wp-content\\\/uploads\\\/2024\\\/03\\\/logo.png\",\"contentUrl\":\"https:\\\/\\\/www.lepetitepicurien.com\\\/wp-content\\\/uploads\\\/2024\\\/03\\\/logo.png\",\"width\":1024,\"height\":1024,\"caption\":\"Le Petit Epicurien\"},\"image\":{\"@id\":\"https:\\\/\\\/www.lepetitepicurien.com\\\/#\\\/schema\\\/logo\\\/image\\\/\"}}]}<\/script>\n<!-- \/ Yoast SEO plugin. -->","yoast_head_json":{"title":"Chocolate franc\u00e9s L\u00ednea cl\u00e1sica Noir 55% - 5 kg\/11 lb - Le Petit Epicurien","description":"Pistolas de cobertura de chocolate amargo Noel - Semidulce 55%","robots":{"index":"index","follow":"follow","max-snippet":"max-snippet:-1","max-image-preview":"max-image-preview:large","max-video-preview":"max-video-preview:-1"},"canonical":"https:\/\/www.lepetitepicurien.com\/es\/producto\/chocolate-noel-linea-clasica-noir-55-5kg-11lb\/","og_locale":"es_ES","og_type":"article","og_title":"French Chocolate Classic Line Noir 55% - 5kg\/11lb - Le Petit Epicurien","og_description":"Noel Dark Chocolate Couverture Pistoles - Semisweet 55%","og_url":"https:\/\/www.lepetitepicurien.com\/es\/producto\/chocolate-noel-linea-clasica-noir-55-5kg-11lb\/","og_site_name":"Le Petit Epicurien","article_modified_time":"2025-04-03T01:31:19+00:00","og_image":[{"width":504,"height":504,"url":"https:\/\/www.lepetitepicurien.com\/wp-content\/uploads\/2024\/08\/noel-dark-chocolate-pistoles-semisweet-55.jpg","type":"image\/jpeg"}],"twitter_card":"summary_large_image","twitter_misc":{"Tiempo de lectura":"1 minuto"},"schema":{"@context":"https:\/\/schema.org","@graph":[{"@type":"WebPage","@id":"https:\/\/www.lepetitepicurien.com\/product\/noel-chocolate-classic-line-noir-55-5kg-11lb\/","url":"https:\/\/www.lepetitepicurien.com\/product\/noel-chocolate-classic-line-noir-55-5kg-11lb\/","name":"Chocolate franc\u00e9s L\u00ednea cl\u00e1sica Noir 55% - 5 kg\/11 lb - Le Petit Epicurien","isPartOf":{"@id":"https:\/\/www.lepetitepicurien.com\/#website"},"primaryImageOfPage":{"@id":"https:\/\/www.lepetitepicurien.com\/product\/noel-chocolate-classic-line-noir-55-5kg-11lb\/#primaryimage"},"image":{"@id":"https:\/\/www.lepetitepicurien.com\/product\/noel-chocolate-classic-line-noir-55-5kg-11lb\/#primaryimage"},"thumbnailUrl":"https:\/\/www.lepetitepicurien.com\/wp-content\/uploads\/2024\/08\/noel-dark-chocolate-pistoles-semisweet-55.jpg","datePublished":"2024-08-15T02:48:11+00:00","dateModified":"2025-04-03T01:31:19+00:00","description":"Pistolas de cobertura de chocolate amargo Noel - Semidulce 55%","breadcrumb":{"@id":"https:\/\/www.lepetitepicurien.com\/product\/noel-chocolate-classic-line-noir-55-5kg-11lb\/#breadcrumb"},"inLanguage":"es","potentialAction":[{"@type":"ReadAction","target":["https:\/\/www.lepetitepicurien.com\/product\/noel-chocolate-classic-line-noir-55-5kg-11lb\/"]}]},{"@type":"ImageObject","inLanguage":"es","@id":"https:\/\/www.lepetitepicurien.com\/product\/noel-chocolate-classic-line-noir-55-5kg-11lb\/#primaryimage","url":"https:\/\/www.lepetitepicurien.com\/wp-content\/uploads\/2024\/08\/noel-dark-chocolate-pistoles-semisweet-55.jpg","contentUrl":"https:\/\/www.lepetitepicurien.com\/wp-content\/uploads\/2024\/08\/noel-dark-chocolate-pistoles-semisweet-55.jpg","width":504,"height":504},{"@type":"BreadcrumbList","@id":"https:\/\/www.lepetitepicurien.com\/product\/noel-chocolate-classic-line-noir-55-5kg-11lb\/#breadcrumb","itemListElement":[{"@type":"ListItem","position":1,"name":"Home","item":"https:\/\/www.lepetitepicurien.com\/"},{"@type":"ListItem","position":2,"name":"Shop","item":"https:\/\/www.lepetitepicurien.com\/shop\/"},{"@type":"ListItem","position":3,"name":"French Chocolate Classic Line Noir 55% &#8211; 5kg\/11lb"}]},{"@type":"WebSite","@id":"https:\/\/www.lepetitepicurien.com\/#website","url":"https:\/\/www.lepetitepicurien.com\/","name":"El peque\u00f1o epicurien","description":"Tienda de alimentaci\u00f3n online de comida gourmet europea","publisher":{"@id":"https:\/\/www.lepetitepicurien.com\/#organization"},"potentialAction":[{"@type":"SearchAction","target":{"@type":"EntryPoint","urlTemplate":"https:\/\/www.lepetitepicurien.com\/?s={search_term_string}"},"query-input":{"@type":"PropertyValueSpecification","valueRequired":true,"valueName":"search_term_string"}}],"inLanguage":"es"},{"@type":"Organization","@id":"https:\/\/www.lepetitepicurien.com\/#organization","name":"El peque\u00f1o epicurien","url":"https:\/\/www.lepetitepicurien.com\/","logo":{"@type":"ImageObject","inLanguage":"es","@id":"https:\/\/www.lepetitepicurien.com\/#\/schema\/logo\/image\/","url":"https:\/\/www.lepetitepicurien.com\/wp-content\/uploads\/2024\/03\/logo.png","contentUrl":"https:\/\/www.lepetitepicurien.com\/wp-content\/uploads\/2024\/03\/logo.png","width":1024,"height":1024,"caption":"Le Petit Epicurien"},"image":{"@id":"https:\/\/www.lepetitepicurien.com\/#\/schema\/logo\/image\/"}}]}},"jetpack_sharing_enabled":true,"_links":{"self":[{"href":"http:\/\/www.lepetitepicurien.com\/es\/wp-json\/wp\/v2\/product\/504","targetHints":{"allow":["GET"]}}],"collection":[{"href":"http:\/\/www.lepetitepicurien.com\/es\/wp-json\/wp\/v2\/product"}],"about":[{"href":"http:\/\/www.lepetitepicurien.com\/es\/wp-json\/wp\/v2\/types\/product"}],"wp:featuredmedia":[{"embeddable":true,"href":"http:\/\/www.lepetitepicurien.com\/es\/wp-json\/wp\/v2\/media\/1671"}],"wp:attachment":[{"href":"http:\/\/www.lepetitepicurien.com\/es\/wp-json\/wp\/v2\/media?parent=504"}],"wp:term":[{"taxonomy":"product_brand","embeddable":true,"href":"http:\/\/www.lepetitepicurien.com\/es\/wp-json\/wp\/v2\/product_brand?post=504"},{"taxonomy":"product_cat","embeddable":true,"href":"http:\/\/www.lepetitepicurien.com\/es\/wp-json\/wp\/v2\/product_cat?post=504"},{"taxonomy":"product_tag","embeddable":true,"href":"http:\/\/www.lepetitepicurien.com\/es\/wp-json\/wp\/v2\/product_tag?post=504"}],"curies":[{"name":"wp","href":"https:\/\/api.w.org\/{rel}","templated":true}]}}