{"id":540,"date":"2024-08-14T22:48:31","date_gmt":"2024-08-15T02:48:31","guid":{"rendered":"https:\/\/www.lepetitepicurien.com\/?post_type=product&#038;p=540"},"modified":"2025-04-02T21:31:20","modified_gmt":"2025-04-03T01:31:20","slug":"ciabatta-dinner-roll-boulart-pack-of-20","status":"publish","type":"product","link":"http:\/\/www.lepetitepicurien.com\/es\/product\/ciabatta-dinner-roll-boulart-pack-of-20\/","title":{"rendered":"Panecillo ciabatta BOULART \u2013 paquete de 20"},"content":{"rendered":"<p>Eleve su experiencia gastron\u00f3mica con el pan ciabatta de BOULART. Con un delicioso peso de 45 g, este pan encarna la esencia de la reposter\u00eda artesanal italiana. Elaborado con dedicaci\u00f3n, cada pan muestra un exterior crujiente que da paso a un interior suave y poroso, caracter\u00edstico de la ciabatta cl\u00e1sica. Elaborado solo con los mejores ingredientes, sin aditivos ni conservantes artificiales, ofrece un sabor r\u00fastico y genuino. Ideal como acompa\u00f1amiento de sopas, ensaladas o simplemente para disfrutar con aceite de oliva y bals\u00e1mico, este pan ciabatta promete un toque de autenticidad mediterr\u00e1nea. Saboree la artesan\u00eda de BOULART en cada bocado.<\/p>","protected":false},"excerpt":{"rendered":"<p>Pan ciabatta artesanal de BOULART (45 g).<\/p>\n<p>\u2013 Paquete de 20 panes ciabatta<br \/>\n\u2013 Preparaci\u00f3n: 375\u00b0F \u2022 5-8 min o dejar descongelar el pan durante 1 hora a temperatura ambiente<\/p>","protected":false},"featured_media":538,"template":"","meta":[],"product_brand":[],"product_cat":[29],"product_tag":[],"class_list":{"0":"post-540","1":"product","2":"type-product","3":"status-publish","4":"has-post-thumbnail","6":"product_cat-bakery","7":"product_shipping_class-frozen","9":"first","10":"instock","11":"taxable","12":"shipping-taxable","13":"purchasable","14":"product-type-simple"},"yoast_head":"<!-- This site is optimized with the Yoast SEO plugin v27.5 - https:\/\/yoast.com\/product\/yoast-seo-wordpress\/ -->\n<title>Ciabatta Dinner Roll BOULART - pack of 20 - Le Petit Epicurien<\/title>\n<meta name=\"robots\" content=\"index, follow, max-snippet:-1, max-image-preview:large, max-video-preview:-1\" \/>\n<link rel=\"canonical\" href=\"https:\/\/www.lepetitepicurien.com\/es\/producto\/pan-ciabatta-para-la-cena-paquete-de-20-de-boulart\/\" \/>\n<meta property=\"og:locale\" content=\"es_ES\" \/>\n<meta property=\"og:type\" content=\"article\" \/>\n<meta property=\"og:title\" content=\"Ciabatta Dinner Roll BOULART - pack of 20 - Le Petit Epicurien\" \/>\n<meta property=\"og:description\" content=\"Artisanal Ciabatta Dinner Roll from BOULART (45g).  - Pack of 20 ciabatta roll - Preparation: 375\u00b0F \u2022 5-8 min or let the bread thaw for 1 hour at room temperature\" \/>\n<meta property=\"og:url\" content=\"https:\/\/www.lepetitepicurien.com\/es\/producto\/pan-ciabatta-para-la-cena-paquete-de-20-de-boulart\/\" \/>\n<meta property=\"og:site_name\" content=\"Le Petit Epicurien\" \/>\n<meta property=\"article:modified_time\" content=\"2025-04-03T01:31:20+00:00\" \/>\n<meta name=\"twitter:card\" content=\"summary_large_image\" \/>\n<script type=\"application\/ld+json\" class=\"yoast-schema-graph\">{\"@context\":\"https:\\\/\\\/schema.org\",\"@graph\":[{\"@type\":\"WebPage\",\"@id\":\"https:\\\/\\\/www.lepetitepicurien.com\\\/product\\\/ciabatta-dinner-roll-boulart-pack-of-20\\\/\",\"url\":\"https:\\\/\\\/www.lepetitepicurien.com\\\/product\\\/ciabatta-dinner-roll-boulart-pack-of-20\\\/\",\"name\":\"Ciabatta Dinner Roll BOULART - pack of 20 - Le Petit Epicurien\",\"isPartOf\":{\"@id\":\"https:\\\/\\\/www.lepetitepicurien.com\\\/#website\"},\"primaryImageOfPage\":{\"@id\":\"https:\\\/\\\/www.lepetitepicurien.com\\\/product\\\/ciabatta-dinner-roll-boulart-pack-of-20\\\/#primaryimage\"},\"image\":{\"@id\":\"https:\\\/\\\/www.lepetitepicurien.com\\\/product\\\/ciabatta-dinner-roll-boulart-pack-of-20\\\/#primaryimage\"},\"thumbnailUrl\":\"https:\\\/\\\/www.lepetitepicurien.com\\\/wp-content\\\/uploads\\\/2024\\\/08\\\/BB13701-4-1.jpg\",\"datePublished\":\"2024-08-15T02:48:31+00:00\",\"dateModified\":\"2025-04-03T01:31:20+00:00\",\"breadcrumb\":{\"@id\":\"https:\\\/\\\/www.lepetitepicurien.com\\\/product\\\/ciabatta-dinner-roll-boulart-pack-of-20\\\/#breadcrumb\"},\"inLanguage\":\"es\",\"potentialAction\":[{\"@type\":\"ReadAction\",\"target\":[\"https:\\\/\\\/www.lepetitepicurien.com\\\/product\\\/ciabatta-dinner-roll-boulart-pack-of-20\\\/\"]}]},{\"@type\":\"ImageObject\",\"inLanguage\":\"es\",\"@id\":\"https:\\\/\\\/www.lepetitepicurien.com\\\/product\\\/ciabatta-dinner-roll-boulart-pack-of-20\\\/#primaryimage\",\"url\":\"https:\\\/\\\/www.lepetitepicurien.com\\\/wp-content\\\/uploads\\\/2024\\\/08\\\/BB13701-4-1.jpg\",\"contentUrl\":\"https:\\\/\\\/www.lepetitepicurien.com\\\/wp-content\\\/uploads\\\/2024\\\/08\\\/BB13701-4-1.jpg\",\"width\":600,\"height\":600},{\"@type\":\"BreadcrumbList\",\"@id\":\"https:\\\/\\\/www.lepetitepicurien.com\\\/product\\\/ciabatta-dinner-roll-boulart-pack-of-20\\\/#breadcrumb\",\"itemListElement\":[{\"@type\":\"ListItem\",\"position\":1,\"name\":\"Home\",\"item\":\"https:\\\/\\\/www.lepetitepicurien.com\\\/\"},{\"@type\":\"ListItem\",\"position\":2,\"name\":\"Shop\",\"item\":\"https:\\\/\\\/www.lepetitepicurien.com\\\/shop\\\/\"},{\"@type\":\"ListItem\",\"position\":3,\"name\":\"Ciabatta Dinner Roll BOULART &#8211; pack of 20\"}]},{\"@type\":\"WebSite\",\"@id\":\"https:\\\/\\\/www.lepetitepicurien.com\\\/#website\",\"url\":\"https:\\\/\\\/www.lepetitepicurien.com\\\/\",\"name\":\"Le Petit Epicurien\",\"description\":\"Online Grocery for European Gourmet Food\",\"publisher\":{\"@id\":\"https:\\\/\\\/www.lepetitepicurien.com\\\/#organization\"},\"potentialAction\":[{\"@type\":\"SearchAction\",\"target\":{\"@type\":\"EntryPoint\",\"urlTemplate\":\"https:\\\/\\\/www.lepetitepicurien.com\\\/?s={search_term_string}\"},\"query-input\":{\"@type\":\"PropertyValueSpecification\",\"valueRequired\":true,\"valueName\":\"search_term_string\"}}],\"inLanguage\":\"es\"},{\"@type\":\"Organization\",\"@id\":\"https:\\\/\\\/www.lepetitepicurien.com\\\/#organization\",\"name\":\"Le Petit Epicurien\",\"url\":\"https:\\\/\\\/www.lepetitepicurien.com\\\/\",\"logo\":{\"@type\":\"ImageObject\",\"inLanguage\":\"es\",\"@id\":\"https:\\\/\\\/www.lepetitepicurien.com\\\/#\\\/schema\\\/logo\\\/image\\\/\",\"url\":\"https:\\\/\\\/www.lepetitepicurien.com\\\/wp-content\\\/uploads\\\/2024\\\/03\\\/logo.png\",\"contentUrl\":\"https:\\\/\\\/www.lepetitepicurien.com\\\/wp-content\\\/uploads\\\/2024\\\/03\\\/logo.png\",\"width\":1024,\"height\":1024,\"caption\":\"Le Petit Epicurien\"},\"image\":{\"@id\":\"https:\\\/\\\/www.lepetitepicurien.com\\\/#\\\/schema\\\/logo\\\/image\\\/\"}}]}<\/script>\n<!-- \/ Yoast SEO plugin. -->","yoast_head_json":{"title":"Pan ciabatta BOULART para la cena - paquete de 20 - Le Petit Epicurien","robots":{"index":"index","follow":"follow","max-snippet":"max-snippet:-1","max-image-preview":"max-image-preview:large","max-video-preview":"max-video-preview:-1"},"canonical":"https:\/\/www.lepetitepicurien.com\/es\/producto\/pan-ciabatta-para-la-cena-paquete-de-20-de-boulart\/","og_locale":"es_ES","og_type":"article","og_title":"Ciabatta Dinner Roll BOULART - pack of 20 - Le Petit Epicurien","og_description":"Artisanal Ciabatta Dinner Roll from BOULART (45g).  - Pack of 20 ciabatta roll - Preparation: 375\u00b0F \u2022 5-8 min or let the bread thaw for 1 hour at room temperature","og_url":"https:\/\/www.lepetitepicurien.com\/es\/producto\/pan-ciabatta-para-la-cena-paquete-de-20-de-boulart\/","og_site_name":"Le Petit Epicurien","article_modified_time":"2025-04-03T01:31:20+00:00","twitter_card":"summary_large_image","schema":{"@context":"https:\/\/schema.org","@graph":[{"@type":"WebPage","@id":"https:\/\/www.lepetitepicurien.com\/product\/ciabatta-dinner-roll-boulart-pack-of-20\/","url":"https:\/\/www.lepetitepicurien.com\/product\/ciabatta-dinner-roll-boulart-pack-of-20\/","name":"Pan ciabatta BOULART para la cena - paquete de 20 - Le Petit Epicurien","isPartOf":{"@id":"https:\/\/www.lepetitepicurien.com\/#website"},"primaryImageOfPage":{"@id":"https:\/\/www.lepetitepicurien.com\/product\/ciabatta-dinner-roll-boulart-pack-of-20\/#primaryimage"},"image":{"@id":"https:\/\/www.lepetitepicurien.com\/product\/ciabatta-dinner-roll-boulart-pack-of-20\/#primaryimage"},"thumbnailUrl":"https:\/\/www.lepetitepicurien.com\/wp-content\/uploads\/2024\/08\/BB13701-4-1.jpg","datePublished":"2024-08-15T02:48:31+00:00","dateModified":"2025-04-03T01:31:20+00:00","breadcrumb":{"@id":"https:\/\/www.lepetitepicurien.com\/product\/ciabatta-dinner-roll-boulart-pack-of-20\/#breadcrumb"},"inLanguage":"es","potentialAction":[{"@type":"ReadAction","target":["https:\/\/www.lepetitepicurien.com\/product\/ciabatta-dinner-roll-boulart-pack-of-20\/"]}]},{"@type":"ImageObject","inLanguage":"es","@id":"https:\/\/www.lepetitepicurien.com\/product\/ciabatta-dinner-roll-boulart-pack-of-20\/#primaryimage","url":"https:\/\/www.lepetitepicurien.com\/wp-content\/uploads\/2024\/08\/BB13701-4-1.jpg","contentUrl":"https:\/\/www.lepetitepicurien.com\/wp-content\/uploads\/2024\/08\/BB13701-4-1.jpg","width":600,"height":600},{"@type":"BreadcrumbList","@id":"https:\/\/www.lepetitepicurien.com\/product\/ciabatta-dinner-roll-boulart-pack-of-20\/#breadcrumb","itemListElement":[{"@type":"ListItem","position":1,"name":"Home","item":"https:\/\/www.lepetitepicurien.com\/"},{"@type":"ListItem","position":2,"name":"Shop","item":"https:\/\/www.lepetitepicurien.com\/shop\/"},{"@type":"ListItem","position":3,"name":"Ciabatta Dinner Roll BOULART &#8211; pack of 20"}]},{"@type":"WebSite","@id":"https:\/\/www.lepetitepicurien.com\/#website","url":"https:\/\/www.lepetitepicurien.com\/","name":"El peque\u00f1o epicurien","description":"Tienda de alimentaci\u00f3n online de comida gourmet europea","publisher":{"@id":"https:\/\/www.lepetitepicurien.com\/#organization"},"potentialAction":[{"@type":"SearchAction","target":{"@type":"EntryPoint","urlTemplate":"https:\/\/www.lepetitepicurien.com\/?s={search_term_string}"},"query-input":{"@type":"PropertyValueSpecification","valueRequired":true,"valueName":"search_term_string"}}],"inLanguage":"es"},{"@type":"Organization","@id":"https:\/\/www.lepetitepicurien.com\/#organization","name":"El peque\u00f1o epicurien","url":"https:\/\/www.lepetitepicurien.com\/","logo":{"@type":"ImageObject","inLanguage":"es","@id":"https:\/\/www.lepetitepicurien.com\/#\/schema\/logo\/image\/","url":"https:\/\/www.lepetitepicurien.com\/wp-content\/uploads\/2024\/03\/logo.png","contentUrl":"https:\/\/www.lepetitepicurien.com\/wp-content\/uploads\/2024\/03\/logo.png","width":1024,"height":1024,"caption":"Le Petit Epicurien"},"image":{"@id":"https:\/\/www.lepetitepicurien.com\/#\/schema\/logo\/image\/"}}]}},"jetpack_sharing_enabled":true,"_links":{"self":[{"href":"http:\/\/www.lepetitepicurien.com\/es\/wp-json\/wp\/v2\/product\/540","targetHints":{"allow":["GET"]}}],"collection":[{"href":"http:\/\/www.lepetitepicurien.com\/es\/wp-json\/wp\/v2\/product"}],"about":[{"href":"http:\/\/www.lepetitepicurien.com\/es\/wp-json\/wp\/v2\/types\/product"}],"wp:featuredmedia":[{"embeddable":true,"href":"http:\/\/www.lepetitepicurien.com\/es\/wp-json\/wp\/v2\/media\/538"}],"wp:attachment":[{"href":"http:\/\/www.lepetitepicurien.com\/es\/wp-json\/wp\/v2\/media?parent=540"}],"wp:term":[{"taxonomy":"product_brand","embeddable":true,"href":"http:\/\/www.lepetitepicurien.com\/es\/wp-json\/wp\/v2\/product_brand?post=540"},{"taxonomy":"product_cat","embeddable":true,"href":"http:\/\/www.lepetitepicurien.com\/es\/wp-json\/wp\/v2\/product_cat?post=540"},{"taxonomy":"product_tag","embeddable":true,"href":"http:\/\/www.lepetitepicurien.com\/es\/wp-json\/wp\/v2\/product_tag?post=540"}],"curies":[{"name":"wp","href":"https:\/\/api.w.org\/{rel}","templated":true}]}}