{"id":541,"date":"2024-08-14T22:48:31","date_gmt":"2024-08-15T02:48:31","guid":{"rendered":"https:\/\/www.lepetitepicurien.com\/?post_type=product&#038;p=541"},"modified":"2026-03-07T09:22:06","modified_gmt":"2026-03-07T14:22:06","slug":"ciabatta-olive-dinner-roll-45g-boulart-pack-of-20","status":"publish","type":"product","link":"http:\/\/www.lepetitepicurien.com\/es\/product\/ciabatta-olive-dinner-roll-45g-boulart-pack-of-20\/","title":{"rendered":"Panecillo ciabatta con aceitunas 45 g BOULART \u2013 paquete de 20"},"content":{"rendered":"<p>Disfrute de una escapada al Mediterr\u00e1neo con el panecillo ciabatta con aceitunas de BOULART. Esta creaci\u00f3n artesanal de 45 g combina la textura y el sabor tradicionales de la ciabatta con las ricas y sabrosas notas de las aceitunas incrustadas. Fiel al compromiso de BOULART con la autenticidad, este panecillo presenta una corteza perfectamente crujiente que rodea un centro suave y aireado, acentuado con sabrosos trocitos de aceitunas. Elaborado sin aditivos ni conservantes artificiales, es la encarnaci\u00f3n de la reposter\u00eda pura y saludable. Perfecto para complementar platos de antipasto, mojar en aceite de oliva y vinagre o acompa\u00f1ar una abundante comida italiana. Con el panecillo ciabatta con aceitunas de BOULART, cada bocado es una celebraci\u00f3n de la tradici\u00f3n y el sabor.<\/p>","protected":false},"excerpt":{"rendered":"<p>Panecillo ciabatta artesanal con aceitunas de BOULART (45 g).<\/p>\n<p>\u2013 Paquete de 20 panes ciabatta<br \/>\n\u2013 Preparaci\u00f3n: 375\u00b0F \u2022 5-8 min o dejar descongelar el pan durante 1 hora a temperatura ambiente<\/p>","protected":false},"featured_media":559,"template":"","meta":[],"product_brand":[],"product_cat":[29],"product_tag":[],"class_list":{"0":"post-541","1":"product","2":"type-product","3":"status-publish","4":"has-post-thumbnail","6":"product_cat-bakery","7":"product_shipping_class-frozen","9":"first","10":"instock","11":"taxable","12":"shipping-taxable","13":"purchasable","14":"product-type-simple"},"yoast_head":"<!-- This site is optimized with the Yoast SEO plugin v27.5 - https:\/\/yoast.com\/product\/yoast-seo-wordpress\/ -->\n<title>Ciabatta Olive Dinner Roll 45g BOULART - pack of 20 - Le Petit Epicurien<\/title>\n<meta name=\"robots\" content=\"index, follow, max-snippet:-1, max-image-preview:large, max-video-preview:-1\" \/>\n<link rel=\"canonical\" href=\"https:\/\/www.lepetitepicurien.com\/es\/producto\/pan-ciabatta-con-aceitunas-45-g-paquete-de-20-unidades-de-boulart\/\" \/>\n<meta property=\"og:locale\" content=\"es_ES\" \/>\n<meta property=\"og:type\" content=\"article\" \/>\n<meta property=\"og:title\" content=\"Ciabatta Olive Dinner Roll 45g BOULART - pack of 20 - Le Petit Epicurien\" \/>\n<meta property=\"og:description\" content=\"Artisanal Ciabatta Olive Dinner Roll from BOULART (45g).  - Pack of 20 ciabatta roll - Preparation: 375\u00b0F \u2022 5-8 min or let the bread thaw for 1 hour at room temperature\" \/>\n<meta property=\"og:url\" content=\"https:\/\/www.lepetitepicurien.com\/es\/producto\/pan-ciabatta-con-aceitunas-45-g-paquete-de-20-unidades-de-boulart\/\" \/>\n<meta property=\"og:site_name\" content=\"Le Petit Epicurien\" \/>\n<meta property=\"article:modified_time\" content=\"2026-03-07T14:22:06+00:00\" \/>\n<meta name=\"twitter:card\" content=\"summary_large_image\" \/>\n<script type=\"application\/ld+json\" class=\"yoast-schema-graph\">{\"@context\":\"https:\\\/\\\/schema.org\",\"@graph\":[{\"@type\":\"WebPage\",\"@id\":\"https:\\\/\\\/www.lepetitepicurien.com\\\/product\\\/ciabatta-olive-dinner-roll-45g-boulart-pack-of-20\\\/\",\"url\":\"https:\\\/\\\/www.lepetitepicurien.com\\\/product\\\/ciabatta-olive-dinner-roll-45g-boulart-pack-of-20\\\/\",\"name\":\"Ciabatta Olive Dinner Roll 45g BOULART - pack of 20 - Le Petit Epicurien\",\"isPartOf\":{\"@id\":\"https:\\\/\\\/www.lepetitepicurien.com\\\/#website\"},\"primaryImageOfPage\":{\"@id\":\"https:\\\/\\\/www.lepetitepicurien.com\\\/product\\\/ciabatta-olive-dinner-roll-45g-boulart-pack-of-20\\\/#primaryimage\"},\"image\":{\"@id\":\"https:\\\/\\\/www.lepetitepicurien.com\\\/product\\\/ciabatta-olive-dinner-roll-45g-boulart-pack-of-20\\\/#primaryimage\"},\"thumbnailUrl\":\"https:\\\/\\\/www.lepetitepicurien.com\\\/wp-content\\\/uploads\\\/2024\\\/08\\\/BB13706-4-1.jpg\",\"datePublished\":\"2024-08-15T02:48:31+00:00\",\"dateModified\":\"2026-03-07T14:22:06+00:00\",\"breadcrumb\":{\"@id\":\"https:\\\/\\\/www.lepetitepicurien.com\\\/product\\\/ciabatta-olive-dinner-roll-45g-boulart-pack-of-20\\\/#breadcrumb\"},\"inLanguage\":\"es\",\"potentialAction\":[{\"@type\":\"ReadAction\",\"target\":[\"https:\\\/\\\/www.lepetitepicurien.com\\\/product\\\/ciabatta-olive-dinner-roll-45g-boulart-pack-of-20\\\/\"]}]},{\"@type\":\"ImageObject\",\"inLanguage\":\"es\",\"@id\":\"https:\\\/\\\/www.lepetitepicurien.com\\\/product\\\/ciabatta-olive-dinner-roll-45g-boulart-pack-of-20\\\/#primaryimage\",\"url\":\"https:\\\/\\\/www.lepetitepicurien.com\\\/wp-content\\\/uploads\\\/2024\\\/08\\\/BB13706-4-1.jpg\",\"contentUrl\":\"https:\\\/\\\/www.lepetitepicurien.com\\\/wp-content\\\/uploads\\\/2024\\\/08\\\/BB13706-4-1.jpg\",\"width\":600,\"height\":600},{\"@type\":\"BreadcrumbList\",\"@id\":\"https:\\\/\\\/www.lepetitepicurien.com\\\/product\\\/ciabatta-olive-dinner-roll-45g-boulart-pack-of-20\\\/#breadcrumb\",\"itemListElement\":[{\"@type\":\"ListItem\",\"position\":1,\"name\":\"Home\",\"item\":\"https:\\\/\\\/www.lepetitepicurien.com\\\/\"},{\"@type\":\"ListItem\",\"position\":2,\"name\":\"Shop\",\"item\":\"https:\\\/\\\/www.lepetitepicurien.com\\\/shop\\\/\"},{\"@type\":\"ListItem\",\"position\":3,\"name\":\"Ciabatta Olive Dinner Roll 45g BOULART &#8211; pack of 20\"}]},{\"@type\":\"WebSite\",\"@id\":\"https:\\\/\\\/www.lepetitepicurien.com\\\/#website\",\"url\":\"https:\\\/\\\/www.lepetitepicurien.com\\\/\",\"name\":\"Le Petit Epicurien\",\"description\":\"Online Grocery for European Gourmet Food\",\"publisher\":{\"@id\":\"https:\\\/\\\/www.lepetitepicurien.com\\\/#organization\"},\"potentialAction\":[{\"@type\":\"SearchAction\",\"target\":{\"@type\":\"EntryPoint\",\"urlTemplate\":\"https:\\\/\\\/www.lepetitepicurien.com\\\/?s={search_term_string}\"},\"query-input\":{\"@type\":\"PropertyValueSpecification\",\"valueRequired\":true,\"valueName\":\"search_term_string\"}}],\"inLanguage\":\"es\"},{\"@type\":\"Organization\",\"@id\":\"https:\\\/\\\/www.lepetitepicurien.com\\\/#organization\",\"name\":\"Le Petit Epicurien\",\"url\":\"https:\\\/\\\/www.lepetitepicurien.com\\\/\",\"logo\":{\"@type\":\"ImageObject\",\"inLanguage\":\"es\",\"@id\":\"https:\\\/\\\/www.lepetitepicurien.com\\\/#\\\/schema\\\/logo\\\/image\\\/\",\"url\":\"https:\\\/\\\/www.lepetitepicurien.com\\\/wp-content\\\/uploads\\\/2024\\\/03\\\/logo.png\",\"contentUrl\":\"https:\\\/\\\/www.lepetitepicurien.com\\\/wp-content\\\/uploads\\\/2024\\\/03\\\/logo.png\",\"width\":1024,\"height\":1024,\"caption\":\"Le Petit Epicurien\"},\"image\":{\"@id\":\"https:\\\/\\\/www.lepetitepicurien.com\\\/#\\\/schema\\\/logo\\\/image\\\/\"}}]}<\/script>\n<!-- \/ Yoast SEO plugin. -->","yoast_head_json":{"title":"Pan ciabatta con aceitunas para la cena 45 g BOULART - paquete de 20 - Le Petit Epicurien","robots":{"index":"index","follow":"follow","max-snippet":"max-snippet:-1","max-image-preview":"max-image-preview:large","max-video-preview":"max-video-preview:-1"},"canonical":"https:\/\/www.lepetitepicurien.com\/es\/producto\/pan-ciabatta-con-aceitunas-45-g-paquete-de-20-unidades-de-boulart\/","og_locale":"es_ES","og_type":"article","og_title":"Ciabatta Olive Dinner Roll 45g BOULART - pack of 20 - Le Petit Epicurien","og_description":"Artisanal Ciabatta Olive Dinner Roll from BOULART (45g).  - Pack of 20 ciabatta roll - Preparation: 375\u00b0F \u2022 5-8 min or let the bread thaw for 1 hour at room temperature","og_url":"https:\/\/www.lepetitepicurien.com\/es\/producto\/pan-ciabatta-con-aceitunas-45-g-paquete-de-20-unidades-de-boulart\/","og_site_name":"Le Petit Epicurien","article_modified_time":"2026-03-07T14:22:06+00:00","twitter_card":"summary_large_image","schema":{"@context":"https:\/\/schema.org","@graph":[{"@type":"WebPage","@id":"https:\/\/www.lepetitepicurien.com\/product\/ciabatta-olive-dinner-roll-45g-boulart-pack-of-20\/","url":"https:\/\/www.lepetitepicurien.com\/product\/ciabatta-olive-dinner-roll-45g-boulart-pack-of-20\/","name":"Pan ciabatta con aceitunas para la cena 45 g BOULART - paquete de 20 - Le Petit Epicurien","isPartOf":{"@id":"https:\/\/www.lepetitepicurien.com\/#website"},"primaryImageOfPage":{"@id":"https:\/\/www.lepetitepicurien.com\/product\/ciabatta-olive-dinner-roll-45g-boulart-pack-of-20\/#primaryimage"},"image":{"@id":"https:\/\/www.lepetitepicurien.com\/product\/ciabatta-olive-dinner-roll-45g-boulart-pack-of-20\/#primaryimage"},"thumbnailUrl":"https:\/\/www.lepetitepicurien.com\/wp-content\/uploads\/2024\/08\/BB13706-4-1.jpg","datePublished":"2024-08-15T02:48:31+00:00","dateModified":"2026-03-07T14:22:06+00:00","breadcrumb":{"@id":"https:\/\/www.lepetitepicurien.com\/product\/ciabatta-olive-dinner-roll-45g-boulart-pack-of-20\/#breadcrumb"},"inLanguage":"es","potentialAction":[{"@type":"ReadAction","target":["https:\/\/www.lepetitepicurien.com\/product\/ciabatta-olive-dinner-roll-45g-boulart-pack-of-20\/"]}]},{"@type":"ImageObject","inLanguage":"es","@id":"https:\/\/www.lepetitepicurien.com\/product\/ciabatta-olive-dinner-roll-45g-boulart-pack-of-20\/#primaryimage","url":"https:\/\/www.lepetitepicurien.com\/wp-content\/uploads\/2024\/08\/BB13706-4-1.jpg","contentUrl":"https:\/\/www.lepetitepicurien.com\/wp-content\/uploads\/2024\/08\/BB13706-4-1.jpg","width":600,"height":600},{"@type":"BreadcrumbList","@id":"https:\/\/www.lepetitepicurien.com\/product\/ciabatta-olive-dinner-roll-45g-boulart-pack-of-20\/#breadcrumb","itemListElement":[{"@type":"ListItem","position":1,"name":"Home","item":"https:\/\/www.lepetitepicurien.com\/"},{"@type":"ListItem","position":2,"name":"Shop","item":"https:\/\/www.lepetitepicurien.com\/shop\/"},{"@type":"ListItem","position":3,"name":"Ciabatta Olive Dinner Roll 45g BOULART &#8211; pack of 20"}]},{"@type":"WebSite","@id":"https:\/\/www.lepetitepicurien.com\/#website","url":"https:\/\/www.lepetitepicurien.com\/","name":"El peque\u00f1o epicurien","description":"Tienda de alimentaci\u00f3n online de comida gourmet europea","publisher":{"@id":"https:\/\/www.lepetitepicurien.com\/#organization"},"potentialAction":[{"@type":"SearchAction","target":{"@type":"EntryPoint","urlTemplate":"https:\/\/www.lepetitepicurien.com\/?s={search_term_string}"},"query-input":{"@type":"PropertyValueSpecification","valueRequired":true,"valueName":"search_term_string"}}],"inLanguage":"es"},{"@type":"Organization","@id":"https:\/\/www.lepetitepicurien.com\/#organization","name":"El peque\u00f1o epicurien","url":"https:\/\/www.lepetitepicurien.com\/","logo":{"@type":"ImageObject","inLanguage":"es","@id":"https:\/\/www.lepetitepicurien.com\/#\/schema\/logo\/image\/","url":"https:\/\/www.lepetitepicurien.com\/wp-content\/uploads\/2024\/03\/logo.png","contentUrl":"https:\/\/www.lepetitepicurien.com\/wp-content\/uploads\/2024\/03\/logo.png","width":1024,"height":1024,"caption":"Le Petit Epicurien"},"image":{"@id":"https:\/\/www.lepetitepicurien.com\/#\/schema\/logo\/image\/"}}]}},"jetpack_sharing_enabled":true,"_links":{"self":[{"href":"http:\/\/www.lepetitepicurien.com\/es\/wp-json\/wp\/v2\/product\/541","targetHints":{"allow":["GET"]}}],"collection":[{"href":"http:\/\/www.lepetitepicurien.com\/es\/wp-json\/wp\/v2\/product"}],"about":[{"href":"http:\/\/www.lepetitepicurien.com\/es\/wp-json\/wp\/v2\/types\/product"}],"wp:featuredmedia":[{"embeddable":true,"href":"http:\/\/www.lepetitepicurien.com\/es\/wp-json\/wp\/v2\/media\/559"}],"wp:attachment":[{"href":"http:\/\/www.lepetitepicurien.com\/es\/wp-json\/wp\/v2\/media?parent=541"}],"wp:term":[{"taxonomy":"product_brand","embeddable":true,"href":"http:\/\/www.lepetitepicurien.com\/es\/wp-json\/wp\/v2\/product_brand?post=541"},{"taxonomy":"product_cat","embeddable":true,"href":"http:\/\/www.lepetitepicurien.com\/es\/wp-json\/wp\/v2\/product_cat?post=541"},{"taxonomy":"product_tag","embeddable":true,"href":"http:\/\/www.lepetitepicurien.com\/es\/wp-json\/wp\/v2\/product_tag?post=541"}],"curies":[{"name":"wp","href":"https:\/\/api.w.org\/{rel}","templated":true}]}}