{"id":542,"date":"2024-08-14T22:48:31","date_gmt":"2024-08-15T02:48:31","guid":{"rendered":"https:\/\/www.lepetitepicurien.com\/?post_type=product&#038;p=542"},"modified":"2026-02-27T17:38:49","modified_gmt":"2026-02-27T22:38:49","slug":"large-raisins-premium-croissant-swirl-aoc-french-butter-pack-of-6","status":"publish","type":"product","link":"http:\/\/www.lepetitepicurien.com\/es\/product\/large-raisins-premium-croissant-swirl-aoc-french-butter-pack-of-6\/","title":{"rendered":"Croissant premium con pasas grandes y mantequilla francesa AOC (paquete de 6)"},"content":{"rendered":"<div class=\"flex flex-grow flex-col gap-3\">\n<div class=\"min-h-[20px] flex flex-col items-start gap-4 whitespace-pre-wrap break-words\">\n<div class=\"markdown prose w-full break-words dark:prose-invert light\">\n<p>Introducing the Large Butter Raisin Croissant, a delightful French pastry that will transport your taste buds to the streets of Paris. Made with the finest quality ingredients, our croissants are baked fresh daily to ensure that you receive a delicious and crispy treat every time. The buttery and flaky croissant dough is enriched with plump and juicy raisins that have been soaked in sweet syrup, creating a deliciously sweet and tangy flavor that is sure to satisfy your cravings. Each croissant is generously coated with a layer of rich, creamy AOC butter, adding an indulgent and savory taste to every bite.<\/p>\n<\/div>\n<\/div>\n<\/div>\n","protected":false},"excerpt":{"rendered":"<p>Presentamos el Croissant Grande de Mantequilla y Pasas, un delicioso pastel franc\u00e9s que transportar\u00e1 tus papilas gustativas a las calles de Par\u00eds.<\/p>\n<p>Paquete de 6<\/p>\n<p><strong>Horneando:<\/strong> 338 \u00b0F (170 \u00b0C) durante 18-20 minutos<\/p>","protected":false},"featured_media":560,"template":"","meta":[],"product_brand":[],"product_cat":[29],"product_tag":[],"class_list":{"0":"post-542","1":"product","2":"type-product","3":"status-publish","4":"has-post-thumbnail","6":"product_cat-bakery","7":"product_shipping_class-frozen","9":"first","10":"instock","11":"taxable","12":"shipping-taxable","13":"purchasable","14":"product-type-simple"},"yoast_head":"<!-- This site is optimized with the Yoast SEO plugin v27.5 - https:\/\/yoast.com\/product\/yoast-seo-wordpress\/ -->\n<title>Large Raisins Premium Croissant Swirl AOC french butter - pack of 6 - Le Petit Epicurien<\/title>\n<meta name=\"robots\" content=\"index, follow, max-snippet:-1, max-image-preview:large, max-video-preview:-1\" \/>\n<link rel=\"canonical\" href=\"https:\/\/www.lepetitepicurien.com\/es\/producto\/croissant-premium-con-pasas-grandes-y-remolino-de-mantequilla-francesa-aoc-paquete-de-6\/\" \/>\n<meta property=\"og:locale\" content=\"es_ES\" \/>\n<meta property=\"og:type\" content=\"article\" \/>\n<meta property=\"og:title\" content=\"Large Raisins Premium Croissant Swirl AOC french butter - pack of 6 - Le Petit Epicurien\" \/>\n<meta property=\"og:description\" content=\"Introducing the Large Butter Raisin Croissant, a delightful French pastry that will transport your taste buds to the streets of Paris. Pack of 6  Baking: 338\u00b0F (170\u00b0C) for 18-20 minutes\" \/>\n<meta property=\"og:url\" content=\"https:\/\/www.lepetitepicurien.com\/es\/producto\/croissant-premium-con-pasas-grandes-y-remolino-de-mantequilla-francesa-aoc-paquete-de-6\/\" \/>\n<meta property=\"og:site_name\" content=\"Le Petit Epicurien\" \/>\n<meta property=\"article:modified_time\" content=\"2026-02-27T22:38:49+00:00\" \/>\n<meta property=\"og:image\" content=\"https:\/\/www.lepetitepicurien.com\/wp-content\/uploads\/2024\/08\/lepetitepicurien-pain-au-raisin-1.jpg\" \/>\n\t<meta property=\"og:image:width\" content=\"600\" \/>\n\t<meta property=\"og:image:height\" content=\"600\" \/>\n\t<meta property=\"og:image:type\" content=\"image\/jpeg\" \/>\n<meta name=\"twitter:card\" content=\"summary_large_image\" \/>\n<meta name=\"twitter:label1\" content=\"Tiempo de lectura\" \/>\n\t<meta name=\"twitter:data1\" content=\"1 minuto\" \/>\n<script type=\"application\/ld+json\" class=\"yoast-schema-graph\">{\"@context\":\"https:\\\/\\\/schema.org\",\"@graph\":[{\"@type\":\"WebPage\",\"@id\":\"https:\\\/\\\/www.lepetitepicurien.com\\\/product\\\/large-raisins-premium-croissant-swirl-aoc-french-butter-pack-of-6\\\/\",\"url\":\"https:\\\/\\\/www.lepetitepicurien.com\\\/product\\\/large-raisins-premium-croissant-swirl-aoc-french-butter-pack-of-6\\\/\",\"name\":\"Large Raisins Premium Croissant Swirl AOC french butter - pack of 6 - Le Petit Epicurien\",\"isPartOf\":{\"@id\":\"https:\\\/\\\/www.lepetitepicurien.com\\\/#website\"},\"primaryImageOfPage\":{\"@id\":\"https:\\\/\\\/www.lepetitepicurien.com\\\/product\\\/large-raisins-premium-croissant-swirl-aoc-french-butter-pack-of-6\\\/#primaryimage\"},\"image\":{\"@id\":\"https:\\\/\\\/www.lepetitepicurien.com\\\/product\\\/large-raisins-premium-croissant-swirl-aoc-french-butter-pack-of-6\\\/#primaryimage\"},\"thumbnailUrl\":\"https:\\\/\\\/www.lepetitepicurien.com\\\/wp-content\\\/uploads\\\/2024\\\/08\\\/lepetitepicurien-pain-au-raisin-1.jpg\",\"datePublished\":\"2024-08-15T02:48:31+00:00\",\"dateModified\":\"2026-02-27T22:38:49+00:00\",\"breadcrumb\":{\"@id\":\"https:\\\/\\\/www.lepetitepicurien.com\\\/product\\\/large-raisins-premium-croissant-swirl-aoc-french-butter-pack-of-6\\\/#breadcrumb\"},\"inLanguage\":\"es\",\"potentialAction\":[{\"@type\":\"ReadAction\",\"target\":[\"https:\\\/\\\/www.lepetitepicurien.com\\\/product\\\/large-raisins-premium-croissant-swirl-aoc-french-butter-pack-of-6\\\/\"]}]},{\"@type\":\"ImageObject\",\"inLanguage\":\"es\",\"@id\":\"https:\\\/\\\/www.lepetitepicurien.com\\\/product\\\/large-raisins-premium-croissant-swirl-aoc-french-butter-pack-of-6\\\/#primaryimage\",\"url\":\"https:\\\/\\\/www.lepetitepicurien.com\\\/wp-content\\\/uploads\\\/2024\\\/08\\\/lepetitepicurien-pain-au-raisin-1.jpg\",\"contentUrl\":\"https:\\\/\\\/www.lepetitepicurien.com\\\/wp-content\\\/uploads\\\/2024\\\/08\\\/lepetitepicurien-pain-au-raisin-1.jpg\",\"width\":600,\"height\":600},{\"@type\":\"BreadcrumbList\",\"@id\":\"https:\\\/\\\/www.lepetitepicurien.com\\\/product\\\/large-raisins-premium-croissant-swirl-aoc-french-butter-pack-of-6\\\/#breadcrumb\",\"itemListElement\":[{\"@type\":\"ListItem\",\"position\":1,\"name\":\"Home\",\"item\":\"https:\\\/\\\/www.lepetitepicurien.com\\\/\"},{\"@type\":\"ListItem\",\"position\":2,\"name\":\"Shop\",\"item\":\"https:\\\/\\\/www.lepetitepicurien.com\\\/shop\\\/\"},{\"@type\":\"ListItem\",\"position\":3,\"name\":\"Large Raisins Premium Croissant Swirl AOC french butter &#8211; pack of 6\"}]},{\"@type\":\"WebSite\",\"@id\":\"https:\\\/\\\/www.lepetitepicurien.com\\\/#website\",\"url\":\"https:\\\/\\\/www.lepetitepicurien.com\\\/\",\"name\":\"Le Petit Epicurien\",\"description\":\"Online Grocery for European Gourmet Food\",\"publisher\":{\"@id\":\"https:\\\/\\\/www.lepetitepicurien.com\\\/#organization\"},\"potentialAction\":[{\"@type\":\"SearchAction\",\"target\":{\"@type\":\"EntryPoint\",\"urlTemplate\":\"https:\\\/\\\/www.lepetitepicurien.com\\\/?s={search_term_string}\"},\"query-input\":{\"@type\":\"PropertyValueSpecification\",\"valueRequired\":true,\"valueName\":\"search_term_string\"}}],\"inLanguage\":\"es\"},{\"@type\":\"Organization\",\"@id\":\"https:\\\/\\\/www.lepetitepicurien.com\\\/#organization\",\"name\":\"Le Petit Epicurien\",\"url\":\"https:\\\/\\\/www.lepetitepicurien.com\\\/\",\"logo\":{\"@type\":\"ImageObject\",\"inLanguage\":\"es\",\"@id\":\"https:\\\/\\\/www.lepetitepicurien.com\\\/#\\\/schema\\\/logo\\\/image\\\/\",\"url\":\"https:\\\/\\\/www.lepetitepicurien.com\\\/wp-content\\\/uploads\\\/2024\\\/03\\\/logo.png\",\"contentUrl\":\"https:\\\/\\\/www.lepetitepicurien.com\\\/wp-content\\\/uploads\\\/2024\\\/03\\\/logo.png\",\"width\":1024,\"height\":1024,\"caption\":\"Le Petit Epicurien\"},\"image\":{\"@id\":\"https:\\\/\\\/www.lepetitepicurien.com\\\/#\\\/schema\\\/logo\\\/image\\\/\"}}]}<\/script>\n<!-- \/ Yoast SEO plugin. -->","yoast_head_json":{"title":"Croissant premium con pasas grandes y mantequilla francesa AOC - paquete de 6 - Le Petit Epicurien","robots":{"index":"index","follow":"follow","max-snippet":"max-snippet:-1","max-image-preview":"max-image-preview:large","max-video-preview":"max-video-preview:-1"},"canonical":"https:\/\/www.lepetitepicurien.com\/es\/producto\/croissant-premium-con-pasas-grandes-y-remolino-de-mantequilla-francesa-aoc-paquete-de-6\/","og_locale":"es_ES","og_type":"article","og_title":"Large Raisins Premium Croissant Swirl AOC french butter - pack of 6 - Le Petit Epicurien","og_description":"Introducing the Large Butter Raisin Croissant, a delightful French pastry that will transport your taste buds to the streets of Paris. Pack of 6  Baking: 338\u00b0F (170\u00b0C) for 18-20 minutes","og_url":"https:\/\/www.lepetitepicurien.com\/es\/producto\/croissant-premium-con-pasas-grandes-y-remolino-de-mantequilla-francesa-aoc-paquete-de-6\/","og_site_name":"Le Petit Epicurien","article_modified_time":"2026-02-27T22:38:49+00:00","og_image":[{"width":600,"height":600,"url":"https:\/\/www.lepetitepicurien.com\/wp-content\/uploads\/2024\/08\/lepetitepicurien-pain-au-raisin-1.jpg","type":"image\/jpeg"}],"twitter_card":"summary_large_image","twitter_misc":{"Tiempo de lectura":"1 minuto"},"schema":{"@context":"https:\/\/schema.org","@graph":[{"@type":"WebPage","@id":"https:\/\/www.lepetitepicurien.com\/product\/large-raisins-premium-croissant-swirl-aoc-french-butter-pack-of-6\/","url":"https:\/\/www.lepetitepicurien.com\/product\/large-raisins-premium-croissant-swirl-aoc-french-butter-pack-of-6\/","name":"Croissant premium con pasas grandes y mantequilla francesa AOC - paquete de 6 - Le Petit Epicurien","isPartOf":{"@id":"https:\/\/www.lepetitepicurien.com\/#website"},"primaryImageOfPage":{"@id":"https:\/\/www.lepetitepicurien.com\/product\/large-raisins-premium-croissant-swirl-aoc-french-butter-pack-of-6\/#primaryimage"},"image":{"@id":"https:\/\/www.lepetitepicurien.com\/product\/large-raisins-premium-croissant-swirl-aoc-french-butter-pack-of-6\/#primaryimage"},"thumbnailUrl":"https:\/\/www.lepetitepicurien.com\/wp-content\/uploads\/2024\/08\/lepetitepicurien-pain-au-raisin-1.jpg","datePublished":"2024-08-15T02:48:31+00:00","dateModified":"2026-02-27T22:38:49+00:00","breadcrumb":{"@id":"https:\/\/www.lepetitepicurien.com\/product\/large-raisins-premium-croissant-swirl-aoc-french-butter-pack-of-6\/#breadcrumb"},"inLanguage":"es","potentialAction":[{"@type":"ReadAction","target":["https:\/\/www.lepetitepicurien.com\/product\/large-raisins-premium-croissant-swirl-aoc-french-butter-pack-of-6\/"]}]},{"@type":"ImageObject","inLanguage":"es","@id":"https:\/\/www.lepetitepicurien.com\/product\/large-raisins-premium-croissant-swirl-aoc-french-butter-pack-of-6\/#primaryimage","url":"https:\/\/www.lepetitepicurien.com\/wp-content\/uploads\/2024\/08\/lepetitepicurien-pain-au-raisin-1.jpg","contentUrl":"https:\/\/www.lepetitepicurien.com\/wp-content\/uploads\/2024\/08\/lepetitepicurien-pain-au-raisin-1.jpg","width":600,"height":600},{"@type":"BreadcrumbList","@id":"https:\/\/www.lepetitepicurien.com\/product\/large-raisins-premium-croissant-swirl-aoc-french-butter-pack-of-6\/#breadcrumb","itemListElement":[{"@type":"ListItem","position":1,"name":"Home","item":"https:\/\/www.lepetitepicurien.com\/"},{"@type":"ListItem","position":2,"name":"Shop","item":"https:\/\/www.lepetitepicurien.com\/shop\/"},{"@type":"ListItem","position":3,"name":"Large Raisins Premium Croissant Swirl AOC french butter &#8211; pack of 6"}]},{"@type":"WebSite","@id":"https:\/\/www.lepetitepicurien.com\/#website","url":"https:\/\/www.lepetitepicurien.com\/","name":"El peque\u00f1o epicurien","description":"Tienda de alimentaci\u00f3n online de comida gourmet europea","publisher":{"@id":"https:\/\/www.lepetitepicurien.com\/#organization"},"potentialAction":[{"@type":"SearchAction","target":{"@type":"EntryPoint","urlTemplate":"https:\/\/www.lepetitepicurien.com\/?s={search_term_string}"},"query-input":{"@type":"PropertyValueSpecification","valueRequired":true,"valueName":"search_term_string"}}],"inLanguage":"es"},{"@type":"Organization","@id":"https:\/\/www.lepetitepicurien.com\/#organization","name":"El peque\u00f1o epicurien","url":"https:\/\/www.lepetitepicurien.com\/","logo":{"@type":"ImageObject","inLanguage":"es","@id":"https:\/\/www.lepetitepicurien.com\/#\/schema\/logo\/image\/","url":"https:\/\/www.lepetitepicurien.com\/wp-content\/uploads\/2024\/03\/logo.png","contentUrl":"https:\/\/www.lepetitepicurien.com\/wp-content\/uploads\/2024\/03\/logo.png","width":1024,"height":1024,"caption":"Le Petit Epicurien"},"image":{"@id":"https:\/\/www.lepetitepicurien.com\/#\/schema\/logo\/image\/"}}]}},"jetpack_sharing_enabled":true,"_links":{"self":[{"href":"http:\/\/www.lepetitepicurien.com\/es\/wp-json\/wp\/v2\/product\/542","targetHints":{"allow":["GET"]}}],"collection":[{"href":"http:\/\/www.lepetitepicurien.com\/es\/wp-json\/wp\/v2\/product"}],"about":[{"href":"http:\/\/www.lepetitepicurien.com\/es\/wp-json\/wp\/v2\/types\/product"}],"wp:featuredmedia":[{"embeddable":true,"href":"http:\/\/www.lepetitepicurien.com\/es\/wp-json\/wp\/v2\/media\/560"}],"wp:attachment":[{"href":"http:\/\/www.lepetitepicurien.com\/es\/wp-json\/wp\/v2\/media?parent=542"}],"wp:term":[{"taxonomy":"product_brand","embeddable":true,"href":"http:\/\/www.lepetitepicurien.com\/es\/wp-json\/wp\/v2\/product_brand?post=542"},{"taxonomy":"product_cat","embeddable":true,"href":"http:\/\/www.lepetitepicurien.com\/es\/wp-json\/wp\/v2\/product_cat?post=542"},{"taxonomy":"product_tag","embeddable":true,"href":"http:\/\/www.lepetitepicurien.com\/es\/wp-json\/wp\/v2\/product_tag?post=542"}],"curies":[{"name":"wp","href":"https:\/\/api.w.org\/{rel}","templated":true}]}}