{"id":543,"date":"2024-08-14T22:48:32","date_gmt":"2024-08-15T02:48:32","guid":{"rendered":"https:\/\/www.lepetitepicurien.com\/?post_type=product&#038;p=543"},"modified":"2026-03-16T21:29:06","modified_gmt":"2026-03-17T01:29:06","slug":"large-choco-twist-aoc-french-butter-pack-of-6","status":"publish","type":"product","link":"http:\/\/www.lepetitepicurien.com\/es\/product\/large-choco-twist-aoc-french-butter-pack-of-6\/","title":{"rendered":"Mantequilla francesa AOC Choco Twist grande: paquete de 6"},"content":{"rendered":"<p>El Choco Twist grande est\u00e1 elaborado con harina francesa AOC fina y de primera calidad, manteca de cacao pura, huevos de gallinas camperas y masa madre. Esta boller\u00eda de forma retorcida est\u00e1 rellena de chocolate y crema pastelera que se derrite en la boca. Nuestra receta se parece al brioche suizo tambi\u00e9n llamado &quot;Pain Suisse au Chocolat&quot; y es un imprescindible para cualquier aperitivo.<\/p>","protected":false},"excerpt":{"rendered":"<p>El paquete de 6 bollitos Choco Twist grandes est\u00e1 elaborado con harina francesa AOC fina y de primera calidad, manteca de cacao pura, huevos de gallinas camperas y masa madre. Esta boller\u00eda de forma retorcida est\u00e1 rellena de chocolate y crema pastelera que se derrite en la boca. Nuestra receta se parece al brioche suizo, tambi\u00e9n llamado &quot;Pain Suisse au Chocolat&quot;, y es un imprescindible para cualquier aperitivo.<\/p>\n<p><strong>Horneando:<\/strong> 338 \u00b0F (170 \u00b0C) durante 18-20 minutos<\/p>","protected":false},"featured_media":563,"template":"","meta":[],"product_brand":[],"product_cat":[29],"product_tag":[],"class_list":{"0":"post-543","1":"product","2":"type-product","3":"status-publish","4":"has-post-thumbnail","6":"product_cat-bakery","7":"product_shipping_class-frozen","9":"first","10":"instock","11":"sale","12":"taxable","13":"shipping-taxable","14":"purchasable","15":"product-type-simple"},"yoast_head":"<!-- This site is optimized with the Yoast SEO plugin v27.5 - https:\/\/yoast.com\/product\/yoast-seo-wordpress\/ -->\n<title>Large Choco Twist AOC French Butter - pack of 6 - Le Petit Epicurien<\/title>\n<meta name=\"description\" content=\"Pack of 6 Large Choco Twist is made with AOC French fine and top quality French flour, pure cocoa butter, cage-range eggs and sourdough\" \/>\n<meta name=\"robots\" content=\"index, follow, max-snippet:-1, max-image-preview:large, max-video-preview:-1\" \/>\n<link rel=\"canonical\" href=\"https:\/\/www.lepetitepicurien.com\/es\/producto\/paquete-de-6-mantequillas-francesas-aoc-choco-twist-grandes\/\" \/>\n<meta property=\"og:locale\" content=\"es_ES\" \/>\n<meta property=\"og:type\" content=\"article\" \/>\n<meta property=\"og:title\" content=\"Large Choco Twist AOC French Butter - pack of 6 - Le Petit Epicurien\" \/>\n<meta property=\"og:description\" content=\"Pack of 6 Large Choco Twist is made with AOC French fine and top quality French flour, pure cocoa butter, cage-range eggs and sourdough\" \/>\n<meta property=\"og:url\" content=\"https:\/\/www.lepetitepicurien.com\/es\/producto\/paquete-de-6-mantequillas-francesas-aoc-choco-twist-grandes\/\" \/>\n<meta property=\"og:site_name\" content=\"Le Petit Epicurien\" \/>\n<meta property=\"article:modified_time\" content=\"2026-03-17T01:29:06+00:00\" \/>\n<meta property=\"og:image\" content=\"https:\/\/www.lepetitepicurien.com\/wp-content\/uploads\/2024\/08\/lepetitepicurien-choco-twist-1.jpg\" \/>\n\t<meta property=\"og:image:width\" content=\"741\" \/>\n\t<meta property=\"og:image:height\" content=\"741\" \/>\n\t<meta property=\"og:image:type\" content=\"image\/jpeg\" \/>\n<meta name=\"twitter:card\" content=\"summary_large_image\" \/>\n<meta name=\"twitter:label1\" content=\"Tiempo de lectura\" \/>\n\t<meta name=\"twitter:data1\" content=\"1 minuto\" \/>\n<script type=\"application\/ld+json\" class=\"yoast-schema-graph\">{\"@context\":\"https:\\\/\\\/schema.org\",\"@graph\":[{\"@type\":\"WebPage\",\"@id\":\"https:\\\/\\\/www.lepetitepicurien.com\\\/product\\\/large-choco-twist-aoc-french-butter-pack-of-6\\\/\",\"url\":\"https:\\\/\\\/www.lepetitepicurien.com\\\/product\\\/large-choco-twist-aoc-french-butter-pack-of-6\\\/\",\"name\":\"Large Choco Twist AOC French Butter - pack of 6 - Le Petit Epicurien\",\"isPartOf\":{\"@id\":\"https:\\\/\\\/www.lepetitepicurien.com\\\/#website\"},\"primaryImageOfPage\":{\"@id\":\"https:\\\/\\\/www.lepetitepicurien.com\\\/product\\\/large-choco-twist-aoc-french-butter-pack-of-6\\\/#primaryimage\"},\"image\":{\"@id\":\"https:\\\/\\\/www.lepetitepicurien.com\\\/product\\\/large-choco-twist-aoc-french-butter-pack-of-6\\\/#primaryimage\"},\"thumbnailUrl\":\"https:\\\/\\\/www.lepetitepicurien.com\\\/wp-content\\\/uploads\\\/2024\\\/08\\\/lepetitepicurien-choco-twist-1.jpg\",\"datePublished\":\"2024-08-15T02:48:32+00:00\",\"dateModified\":\"2026-03-17T01:29:06+00:00\",\"description\":\"Pack of 6 Large Choco Twist is made with AOC French fine and top quality French flour, pure cocoa butter, cage-range eggs and sourdough\",\"breadcrumb\":{\"@id\":\"https:\\\/\\\/www.lepetitepicurien.com\\\/product\\\/large-choco-twist-aoc-french-butter-pack-of-6\\\/#breadcrumb\"},\"inLanguage\":\"es\",\"potentialAction\":[{\"@type\":\"ReadAction\",\"target\":[\"https:\\\/\\\/www.lepetitepicurien.com\\\/product\\\/large-choco-twist-aoc-french-butter-pack-of-6\\\/\"]}]},{\"@type\":\"ImageObject\",\"inLanguage\":\"es\",\"@id\":\"https:\\\/\\\/www.lepetitepicurien.com\\\/product\\\/large-choco-twist-aoc-french-butter-pack-of-6\\\/#primaryimage\",\"url\":\"https:\\\/\\\/www.lepetitepicurien.com\\\/wp-content\\\/uploads\\\/2024\\\/08\\\/lepetitepicurien-choco-twist-1.jpg\",\"contentUrl\":\"https:\\\/\\\/www.lepetitepicurien.com\\\/wp-content\\\/uploads\\\/2024\\\/08\\\/lepetitepicurien-choco-twist-1.jpg\",\"width\":741,\"height\":741},{\"@type\":\"BreadcrumbList\",\"@id\":\"https:\\\/\\\/www.lepetitepicurien.com\\\/product\\\/large-choco-twist-aoc-french-butter-pack-of-6\\\/#breadcrumb\",\"itemListElement\":[{\"@type\":\"ListItem\",\"position\":1,\"name\":\"Home\",\"item\":\"https:\\\/\\\/www.lepetitepicurien.com\\\/\"},{\"@type\":\"ListItem\",\"position\":2,\"name\":\"Shop\",\"item\":\"https:\\\/\\\/www.lepetitepicurien.com\\\/shop\\\/\"},{\"@type\":\"ListItem\",\"position\":3,\"name\":\"Large Choco Twist AOC French Butter &#8211; pack of 6\"}]},{\"@type\":\"WebSite\",\"@id\":\"https:\\\/\\\/www.lepetitepicurien.com\\\/#website\",\"url\":\"https:\\\/\\\/www.lepetitepicurien.com\\\/\",\"name\":\"Le Petit Epicurien\",\"description\":\"Online Grocery for European Gourmet Food\",\"publisher\":{\"@id\":\"https:\\\/\\\/www.lepetitepicurien.com\\\/#organization\"},\"potentialAction\":[{\"@type\":\"SearchAction\",\"target\":{\"@type\":\"EntryPoint\",\"urlTemplate\":\"https:\\\/\\\/www.lepetitepicurien.com\\\/?s={search_term_string}\"},\"query-input\":{\"@type\":\"PropertyValueSpecification\",\"valueRequired\":true,\"valueName\":\"search_term_string\"}}],\"inLanguage\":\"es\"},{\"@type\":\"Organization\",\"@id\":\"https:\\\/\\\/www.lepetitepicurien.com\\\/#organization\",\"name\":\"Le Petit Epicurien\",\"url\":\"https:\\\/\\\/www.lepetitepicurien.com\\\/\",\"logo\":{\"@type\":\"ImageObject\",\"inLanguage\":\"es\",\"@id\":\"https:\\\/\\\/www.lepetitepicurien.com\\\/#\\\/schema\\\/logo\\\/image\\\/\",\"url\":\"https:\\\/\\\/www.lepetitepicurien.com\\\/wp-content\\\/uploads\\\/2024\\\/03\\\/logo.png\",\"contentUrl\":\"https:\\\/\\\/www.lepetitepicurien.com\\\/wp-content\\\/uploads\\\/2024\\\/03\\\/logo.png\",\"width\":1024,\"height\":1024,\"caption\":\"Le Petit Epicurien\"},\"image\":{\"@id\":\"https:\\\/\\\/www.lepetitepicurien.com\\\/#\\\/schema\\\/logo\\\/image\\\/\"}}]}<\/script>\n<!-- \/ Yoast SEO plugin. -->","yoast_head_json":{"title":"Mantequilla francesa AOC Choco Twist grande - paquete de 6 - Le Petit Epicurien","description":"El paquete de 6 Choco Twist grande est\u00e1 elaborado con harina francesa AOC fina y de primera calidad, manteca de cacao pura, huevos de gallinas camperas y masa madre.","robots":{"index":"index","follow":"follow","max-snippet":"max-snippet:-1","max-image-preview":"max-image-preview:large","max-video-preview":"max-video-preview:-1"},"canonical":"https:\/\/www.lepetitepicurien.com\/es\/producto\/paquete-de-6-mantequillas-francesas-aoc-choco-twist-grandes\/","og_locale":"es_ES","og_type":"article","og_title":"Large Choco Twist AOC French Butter - pack of 6 - Le Petit Epicurien","og_description":"Pack of 6 Large Choco Twist is made with AOC French fine and top quality French flour, pure cocoa butter, cage-range eggs and sourdough","og_url":"https:\/\/www.lepetitepicurien.com\/es\/producto\/paquete-de-6-mantequillas-francesas-aoc-choco-twist-grandes\/","og_site_name":"Le Petit Epicurien","article_modified_time":"2026-03-17T01:29:06+00:00","og_image":[{"width":741,"height":741,"url":"https:\/\/www.lepetitepicurien.com\/wp-content\/uploads\/2024\/08\/lepetitepicurien-choco-twist-1.jpg","type":"image\/jpeg"}],"twitter_card":"summary_large_image","twitter_misc":{"Tiempo de lectura":"1 minuto"},"schema":{"@context":"https:\/\/schema.org","@graph":[{"@type":"WebPage","@id":"https:\/\/www.lepetitepicurien.com\/product\/large-choco-twist-aoc-french-butter-pack-of-6\/","url":"https:\/\/www.lepetitepicurien.com\/product\/large-choco-twist-aoc-french-butter-pack-of-6\/","name":"Mantequilla francesa AOC Choco Twist grande - paquete de 6 - Le Petit Epicurien","isPartOf":{"@id":"https:\/\/www.lepetitepicurien.com\/#website"},"primaryImageOfPage":{"@id":"https:\/\/www.lepetitepicurien.com\/product\/large-choco-twist-aoc-french-butter-pack-of-6\/#primaryimage"},"image":{"@id":"https:\/\/www.lepetitepicurien.com\/product\/large-choco-twist-aoc-french-butter-pack-of-6\/#primaryimage"},"thumbnailUrl":"https:\/\/www.lepetitepicurien.com\/wp-content\/uploads\/2024\/08\/lepetitepicurien-choco-twist-1.jpg","datePublished":"2024-08-15T02:48:32+00:00","dateModified":"2026-03-17T01:29:06+00:00","description":"El paquete de 6 Choco Twist grande est\u00e1 elaborado con harina francesa AOC fina y de primera calidad, manteca de cacao pura, huevos de gallinas camperas y masa madre.","breadcrumb":{"@id":"https:\/\/www.lepetitepicurien.com\/product\/large-choco-twist-aoc-french-butter-pack-of-6\/#breadcrumb"},"inLanguage":"es","potentialAction":[{"@type":"ReadAction","target":["https:\/\/www.lepetitepicurien.com\/product\/large-choco-twist-aoc-french-butter-pack-of-6\/"]}]},{"@type":"ImageObject","inLanguage":"es","@id":"https:\/\/www.lepetitepicurien.com\/product\/large-choco-twist-aoc-french-butter-pack-of-6\/#primaryimage","url":"https:\/\/www.lepetitepicurien.com\/wp-content\/uploads\/2024\/08\/lepetitepicurien-choco-twist-1.jpg","contentUrl":"https:\/\/www.lepetitepicurien.com\/wp-content\/uploads\/2024\/08\/lepetitepicurien-choco-twist-1.jpg","width":741,"height":741},{"@type":"BreadcrumbList","@id":"https:\/\/www.lepetitepicurien.com\/product\/large-choco-twist-aoc-french-butter-pack-of-6\/#breadcrumb","itemListElement":[{"@type":"ListItem","position":1,"name":"Home","item":"https:\/\/www.lepetitepicurien.com\/"},{"@type":"ListItem","position":2,"name":"Shop","item":"https:\/\/www.lepetitepicurien.com\/shop\/"},{"@type":"ListItem","position":3,"name":"Large Choco Twist AOC French Butter &#8211; pack of 6"}]},{"@type":"WebSite","@id":"https:\/\/www.lepetitepicurien.com\/#website","url":"https:\/\/www.lepetitepicurien.com\/","name":"El peque\u00f1o epicurien","description":"Tienda de alimentaci\u00f3n online de comida gourmet europea","publisher":{"@id":"https:\/\/www.lepetitepicurien.com\/#organization"},"potentialAction":[{"@type":"SearchAction","target":{"@type":"EntryPoint","urlTemplate":"https:\/\/www.lepetitepicurien.com\/?s={search_term_string}"},"query-input":{"@type":"PropertyValueSpecification","valueRequired":true,"valueName":"search_term_string"}}],"inLanguage":"es"},{"@type":"Organization","@id":"https:\/\/www.lepetitepicurien.com\/#organization","name":"El peque\u00f1o epicurien","url":"https:\/\/www.lepetitepicurien.com\/","logo":{"@type":"ImageObject","inLanguage":"es","@id":"https:\/\/www.lepetitepicurien.com\/#\/schema\/logo\/image\/","url":"https:\/\/www.lepetitepicurien.com\/wp-content\/uploads\/2024\/03\/logo.png","contentUrl":"https:\/\/www.lepetitepicurien.com\/wp-content\/uploads\/2024\/03\/logo.png","width":1024,"height":1024,"caption":"Le Petit Epicurien"},"image":{"@id":"https:\/\/www.lepetitepicurien.com\/#\/schema\/logo\/image\/"}}]}},"jetpack_sharing_enabled":true,"_links":{"self":[{"href":"http:\/\/www.lepetitepicurien.com\/es\/wp-json\/wp\/v2\/product\/543","targetHints":{"allow":["GET"]}}],"collection":[{"href":"http:\/\/www.lepetitepicurien.com\/es\/wp-json\/wp\/v2\/product"}],"about":[{"href":"http:\/\/www.lepetitepicurien.com\/es\/wp-json\/wp\/v2\/types\/product"}],"wp:featuredmedia":[{"embeddable":true,"href":"http:\/\/www.lepetitepicurien.com\/es\/wp-json\/wp\/v2\/media\/563"}],"wp:attachment":[{"href":"http:\/\/www.lepetitepicurien.com\/es\/wp-json\/wp\/v2\/media?parent=543"}],"wp:term":[{"taxonomy":"product_brand","embeddable":true,"href":"http:\/\/www.lepetitepicurien.com\/es\/wp-json\/wp\/v2\/product_brand?post=543"},{"taxonomy":"product_cat","embeddable":true,"href":"http:\/\/www.lepetitepicurien.com\/es\/wp-json\/wp\/v2\/product_cat?post=543"},{"taxonomy":"product_tag","embeddable":true,"href":"http:\/\/www.lepetitepicurien.com\/es\/wp-json\/wp\/v2\/product_tag?post=543"}],"curies":[{"name":"wp","href":"https:\/\/api.w.org\/{rel}","templated":true}]}}