{"id":553,"date":"2024-08-14T22:48:33","date_gmt":"2024-08-15T02:48:33","guid":{"rendered":"https:\/\/www.lepetitepicurien.com\/?post_type=product&#038;p=553"},"modified":"2026-01-06T08:48:07","modified_gmt":"2026-01-06T13:48:07","slug":"hand-braided-brioche-gache-600g-1-33lb","status":"publish","type":"product","link":"http:\/\/www.lepetitepicurien.com\/es\/product\/hand-braided-brioche-gache-600g-1-33lb\/","title":{"rendered":"Brioche Gache trenzado a mano \u2013 600 g\/1,33 lb"},"content":{"rendered":"<p>Brioche Tress\u00e9e: En cada hebra trenzada se teje una historia: una historia de pasteler\u00edas francesas, ma\u00f1anas con mantequilla y un toque de dulce lujo. Elaborado con los mejores ingredientes, nuestro brioche tress\u00e9e es un testimonio de tradiciones de panader\u00eda ancestrales, transmitidas de generaci\u00f3n en generaci\u00f3n.<\/p>\n<p>G\u00e2che: Originario de Vend\u00e9e, el g\u00e2che es m\u00e1s que un simple pan. Es un reflejo de su tierra natal: rica, deliciosa y llena de historia. Nuestro g\u00e2che es una oda a esta tradici\u00f3n, que combina la cremosidad de la mantequilla con fragancias sutiles que evocan recuerdos de la campi\u00f1a francesa.<\/p>","protected":false},"excerpt":{"rendered":"<p>Emb\u00e1rcate en un viaje culinario al coraz\u00f3n de Francia, donde cada giro de nuestro brioche tress\u00e9e y la riqueza aterciopelada de nuestro g\u00e2che cuentan una historia de tradici\u00f3n, arte y pasi\u00f3n.<\/p>\n<p>\u2013 Paquete de 1 Brioche (~600g)<br \/>\n\u2013 Descongelar y servir<\/p>","protected":false},"featured_media":581,"template":"","meta":[],"product_brand":[],"product_cat":[29],"product_tag":[],"class_list":{"0":"post-553","1":"product","2":"type-product","3":"status-publish","4":"has-post-thumbnail","6":"product_cat-bakery","7":"product_shipping_class-frozen","9":"first","10":"instock","11":"taxable","12":"shipping-taxable","13":"purchasable","14":"product-type-simple"},"yoast_head":"<!-- This site is optimized with the Yoast SEO plugin v27.5 - https:\/\/yoast.com\/product\/yoast-seo-wordpress\/ -->\n<title>Hand Braided Brioche Gache - 600g\/1.33lb - Le Petit Epicurien<\/title>\n<meta name=\"robots\" content=\"index, follow, max-snippet:-1, max-image-preview:large, max-video-preview:-1\" \/>\n<link rel=\"canonical\" href=\"https:\/\/www.lepetitepicurien.com\/es\/producto\/brioche-trenzado-a-mano-gache-600g-1-33lb\/\" \/>\n<meta property=\"og:locale\" content=\"es_ES\" \/>\n<meta property=\"og:type\" content=\"article\" \/>\n<meta property=\"og:title\" content=\"Hand Braided Brioche Gache - 600g\/1.33lb - Le Petit Epicurien\" \/>\n<meta property=\"og:description\" content=\"Embark on a culinary journey to the heart of France, where every twist and turn of our brioche tress\u00e9e and the velvety richness of our g\u00e2che tell a tale of tradition, artistry, and passion.  - Pack of 1 Brioche (~600g) - Thaw &amp; Serve\" \/>\n<meta property=\"og:url\" content=\"https:\/\/www.lepetitepicurien.com\/es\/producto\/brioche-trenzado-a-mano-gache-600g-1-33lb\/\" \/>\n<meta property=\"og:site_name\" content=\"Le Petit Epicurien\" \/>\n<meta property=\"article:modified_time\" content=\"2026-01-06T13:48:07+00:00\" \/>\n<meta property=\"og:image\" content=\"https:\/\/www.lepetitepicurien.com\/wp-content\/uploads\/2024\/08\/brioche2-1.jpg\" \/>\n\t<meta property=\"og:image:width\" content=\"1000\" \/>\n\t<meta property=\"og:image:height\" content=\"1000\" \/>\n\t<meta property=\"og:image:type\" content=\"image\/jpeg\" \/>\n<meta name=\"twitter:card\" content=\"summary_large_image\" \/>\n<meta name=\"twitter:label1\" content=\"Tiempo de lectura\" \/>\n\t<meta name=\"twitter:data1\" content=\"1 minuto\" \/>\n<script type=\"application\/ld+json\" class=\"yoast-schema-graph\">{\"@context\":\"https:\\\/\\\/schema.org\",\"@graph\":[{\"@type\":\"WebPage\",\"@id\":\"https:\\\/\\\/www.lepetitepicurien.com\\\/product\\\/hand-braided-brioche-gache-600g-1-33lb\\\/\",\"url\":\"https:\\\/\\\/www.lepetitepicurien.com\\\/product\\\/hand-braided-brioche-gache-600g-1-33lb\\\/\",\"name\":\"Hand Braided Brioche Gache - 600g\\\/1.33lb - Le Petit Epicurien\",\"isPartOf\":{\"@id\":\"https:\\\/\\\/www.lepetitepicurien.com\\\/#website\"},\"primaryImageOfPage\":{\"@id\":\"https:\\\/\\\/www.lepetitepicurien.com\\\/product\\\/hand-braided-brioche-gache-600g-1-33lb\\\/#primaryimage\"},\"image\":{\"@id\":\"https:\\\/\\\/www.lepetitepicurien.com\\\/product\\\/hand-braided-brioche-gache-600g-1-33lb\\\/#primaryimage\"},\"thumbnailUrl\":\"https:\\\/\\\/www.lepetitepicurien.com\\\/wp-content\\\/uploads\\\/2024\\\/08\\\/brioche2-1.jpg\",\"datePublished\":\"2024-08-15T02:48:33+00:00\",\"dateModified\":\"2026-01-06T13:48:07+00:00\",\"breadcrumb\":{\"@id\":\"https:\\\/\\\/www.lepetitepicurien.com\\\/product\\\/hand-braided-brioche-gache-600g-1-33lb\\\/#breadcrumb\"},\"inLanguage\":\"es\",\"potentialAction\":[{\"@type\":\"ReadAction\",\"target\":[\"https:\\\/\\\/www.lepetitepicurien.com\\\/product\\\/hand-braided-brioche-gache-600g-1-33lb\\\/\"]}]},{\"@type\":\"ImageObject\",\"inLanguage\":\"es\",\"@id\":\"https:\\\/\\\/www.lepetitepicurien.com\\\/product\\\/hand-braided-brioche-gache-600g-1-33lb\\\/#primaryimage\",\"url\":\"https:\\\/\\\/www.lepetitepicurien.com\\\/wp-content\\\/uploads\\\/2024\\\/08\\\/brioche2-1.jpg\",\"contentUrl\":\"https:\\\/\\\/www.lepetitepicurien.com\\\/wp-content\\\/uploads\\\/2024\\\/08\\\/brioche2-1.jpg\",\"width\":1000,\"height\":1000},{\"@type\":\"BreadcrumbList\",\"@id\":\"https:\\\/\\\/www.lepetitepicurien.com\\\/product\\\/hand-braided-brioche-gache-600g-1-33lb\\\/#breadcrumb\",\"itemListElement\":[{\"@type\":\"ListItem\",\"position\":1,\"name\":\"Home\",\"item\":\"https:\\\/\\\/www.lepetitepicurien.com\\\/\"},{\"@type\":\"ListItem\",\"position\":2,\"name\":\"Shop\",\"item\":\"https:\\\/\\\/www.lepetitepicurien.com\\\/shop\\\/\"},{\"@type\":\"ListItem\",\"position\":3,\"name\":\"Hand Braided Brioche Gache &#8211; 600g\\\/1.33lb\"}]},{\"@type\":\"WebSite\",\"@id\":\"https:\\\/\\\/www.lepetitepicurien.com\\\/#website\",\"url\":\"https:\\\/\\\/www.lepetitepicurien.com\\\/\",\"name\":\"Le Petit Epicurien\",\"description\":\"Online Grocery for European Gourmet Food\",\"publisher\":{\"@id\":\"https:\\\/\\\/www.lepetitepicurien.com\\\/#organization\"},\"potentialAction\":[{\"@type\":\"SearchAction\",\"target\":{\"@type\":\"EntryPoint\",\"urlTemplate\":\"https:\\\/\\\/www.lepetitepicurien.com\\\/?s={search_term_string}\"},\"query-input\":{\"@type\":\"PropertyValueSpecification\",\"valueRequired\":true,\"valueName\":\"search_term_string\"}}],\"inLanguage\":\"es\"},{\"@type\":\"Organization\",\"@id\":\"https:\\\/\\\/www.lepetitepicurien.com\\\/#organization\",\"name\":\"Le Petit Epicurien\",\"url\":\"https:\\\/\\\/www.lepetitepicurien.com\\\/\",\"logo\":{\"@type\":\"ImageObject\",\"inLanguage\":\"es\",\"@id\":\"https:\\\/\\\/www.lepetitepicurien.com\\\/#\\\/schema\\\/logo\\\/image\\\/\",\"url\":\"https:\\\/\\\/www.lepetitepicurien.com\\\/wp-content\\\/uploads\\\/2024\\\/03\\\/logo.png\",\"contentUrl\":\"https:\\\/\\\/www.lepetitepicurien.com\\\/wp-content\\\/uploads\\\/2024\\\/03\\\/logo.png\",\"width\":1024,\"height\":1024,\"caption\":\"Le Petit Epicurien\"},\"image\":{\"@id\":\"https:\\\/\\\/www.lepetitepicurien.com\\\/#\\\/schema\\\/logo\\\/image\\\/\"}}]}<\/script>\n<!-- \/ Yoast SEO plugin. -->","yoast_head_json":{"title":"Brioche Gache trenzado a mano - 600 g\/1,33 lb - Le Petit Epicurien","robots":{"index":"index","follow":"follow","max-snippet":"max-snippet:-1","max-image-preview":"max-image-preview:large","max-video-preview":"max-video-preview:-1"},"canonical":"https:\/\/www.lepetitepicurien.com\/es\/producto\/brioche-trenzado-a-mano-gache-600g-1-33lb\/","og_locale":"es_ES","og_type":"article","og_title":"Hand Braided Brioche Gache - 600g\/1.33lb - Le Petit Epicurien","og_description":"Embark on a culinary journey to the heart of France, where every twist and turn of our brioche tress\u00e9e and the velvety richness of our g\u00e2che tell a tale of tradition, artistry, and passion.  - Pack of 1 Brioche (~600g) - Thaw &amp; Serve","og_url":"https:\/\/www.lepetitepicurien.com\/es\/producto\/brioche-trenzado-a-mano-gache-600g-1-33lb\/","og_site_name":"Le Petit Epicurien","article_modified_time":"2026-01-06T13:48:07+00:00","og_image":[{"width":1000,"height":1000,"url":"https:\/\/www.lepetitepicurien.com\/wp-content\/uploads\/2024\/08\/brioche2-1.jpg","type":"image\/jpeg"}],"twitter_card":"summary_large_image","twitter_misc":{"Tiempo de lectura":"1 minuto"},"schema":{"@context":"https:\/\/schema.org","@graph":[{"@type":"WebPage","@id":"https:\/\/www.lepetitepicurien.com\/product\/hand-braided-brioche-gache-600g-1-33lb\/","url":"https:\/\/www.lepetitepicurien.com\/product\/hand-braided-brioche-gache-600g-1-33lb\/","name":"Brioche Gache trenzado a mano - 600 g\/1,33 lb - Le Petit Epicurien","isPartOf":{"@id":"https:\/\/www.lepetitepicurien.com\/#website"},"primaryImageOfPage":{"@id":"https:\/\/www.lepetitepicurien.com\/product\/hand-braided-brioche-gache-600g-1-33lb\/#primaryimage"},"image":{"@id":"https:\/\/www.lepetitepicurien.com\/product\/hand-braided-brioche-gache-600g-1-33lb\/#primaryimage"},"thumbnailUrl":"https:\/\/www.lepetitepicurien.com\/wp-content\/uploads\/2024\/08\/brioche2-1.jpg","datePublished":"2024-08-15T02:48:33+00:00","dateModified":"2026-01-06T13:48:07+00:00","breadcrumb":{"@id":"https:\/\/www.lepetitepicurien.com\/product\/hand-braided-brioche-gache-600g-1-33lb\/#breadcrumb"},"inLanguage":"es","potentialAction":[{"@type":"ReadAction","target":["https:\/\/www.lepetitepicurien.com\/product\/hand-braided-brioche-gache-600g-1-33lb\/"]}]},{"@type":"ImageObject","inLanguage":"es","@id":"https:\/\/www.lepetitepicurien.com\/product\/hand-braided-brioche-gache-600g-1-33lb\/#primaryimage","url":"https:\/\/www.lepetitepicurien.com\/wp-content\/uploads\/2024\/08\/brioche2-1.jpg","contentUrl":"https:\/\/www.lepetitepicurien.com\/wp-content\/uploads\/2024\/08\/brioche2-1.jpg","width":1000,"height":1000},{"@type":"BreadcrumbList","@id":"https:\/\/www.lepetitepicurien.com\/product\/hand-braided-brioche-gache-600g-1-33lb\/#breadcrumb","itemListElement":[{"@type":"ListItem","position":1,"name":"Home","item":"https:\/\/www.lepetitepicurien.com\/"},{"@type":"ListItem","position":2,"name":"Shop","item":"https:\/\/www.lepetitepicurien.com\/shop\/"},{"@type":"ListItem","position":3,"name":"Hand Braided Brioche Gache &#8211; 600g\/1.33lb"}]},{"@type":"WebSite","@id":"https:\/\/www.lepetitepicurien.com\/#website","url":"https:\/\/www.lepetitepicurien.com\/","name":"El peque\u00f1o epicurien","description":"Tienda de alimentaci\u00f3n online de comida gourmet europea","publisher":{"@id":"https:\/\/www.lepetitepicurien.com\/#organization"},"potentialAction":[{"@type":"SearchAction","target":{"@type":"EntryPoint","urlTemplate":"https:\/\/www.lepetitepicurien.com\/?s={search_term_string}"},"query-input":{"@type":"PropertyValueSpecification","valueRequired":true,"valueName":"search_term_string"}}],"inLanguage":"es"},{"@type":"Organization","@id":"https:\/\/www.lepetitepicurien.com\/#organization","name":"El peque\u00f1o epicurien","url":"https:\/\/www.lepetitepicurien.com\/","logo":{"@type":"ImageObject","inLanguage":"es","@id":"https:\/\/www.lepetitepicurien.com\/#\/schema\/logo\/image\/","url":"https:\/\/www.lepetitepicurien.com\/wp-content\/uploads\/2024\/03\/logo.png","contentUrl":"https:\/\/www.lepetitepicurien.com\/wp-content\/uploads\/2024\/03\/logo.png","width":1024,"height":1024,"caption":"Le Petit Epicurien"},"image":{"@id":"https:\/\/www.lepetitepicurien.com\/#\/schema\/logo\/image\/"}}]}},"jetpack_sharing_enabled":true,"_links":{"self":[{"href":"http:\/\/www.lepetitepicurien.com\/es\/wp-json\/wp\/v2\/product\/553","targetHints":{"allow":["GET"]}}],"collection":[{"href":"http:\/\/www.lepetitepicurien.com\/es\/wp-json\/wp\/v2\/product"}],"about":[{"href":"http:\/\/www.lepetitepicurien.com\/es\/wp-json\/wp\/v2\/types\/product"}],"wp:featuredmedia":[{"embeddable":true,"href":"http:\/\/www.lepetitepicurien.com\/es\/wp-json\/wp\/v2\/media\/581"}],"wp:attachment":[{"href":"http:\/\/www.lepetitepicurien.com\/es\/wp-json\/wp\/v2\/media?parent=553"}],"wp:term":[{"taxonomy":"product_brand","embeddable":true,"href":"http:\/\/www.lepetitepicurien.com\/es\/wp-json\/wp\/v2\/product_brand?post=553"},{"taxonomy":"product_cat","embeddable":true,"href":"http:\/\/www.lepetitepicurien.com\/es\/wp-json\/wp\/v2\/product_cat?post=553"},{"taxonomy":"product_tag","embeddable":true,"href":"http:\/\/www.lepetitepicurien.com\/es\/wp-json\/wp\/v2\/product_tag?post=553"}],"curies":[{"name":"wp","href":"https:\/\/api.w.org\/{rel}","templated":true}]}}