{"id":589,"date":"2024-08-14T22:48:58","date_gmt":"2024-08-15T02:48:58","guid":{"rendered":"https:\/\/www.lepetitepicurien.com\/?post_type=product&#038;p=589"},"modified":"2026-03-07T09:22:06","modified_gmt":"2026-03-07T14:22:06","slug":"small-pate-campagne-with-black-pepper-200g-7-05oz","status":"publish","type":"product","link":"http:\/\/www.lepetitepicurien.com\/es\/product\/small-pate-campagne-with-black-pepper-200g-7-05oz\/","title":{"rendered":"Pat\u00e9 Campestre Peque\u00f1o con Pimienta Negra \u2013 200g\/7,05oz"},"content":{"rendered":"<p>El pat\u00e9 de Campagne se presenta en muchas formas. En esencia, es una mezcla de carnes picadas; el cerdo y la ternera son los cl\u00e1sicos, a veces con jam\u00f3n o, como en esta receta, tocino, y siempre con h\u00edgado. A diferencia de un pat\u00e9 de h\u00edgado, el pat\u00e9 de Campagne utiliza el h\u00edgado como condimento, no como protagonista. Las carnes suelen picarse o triturarse con una picadora de carne para lograr la textura gruesa caracter\u00edstica de un pat\u00e9 de campo. Las especias suelen incluir ajo, tomillo, clavo, nuez moscada, macis, jengibre, cilantro, canela y pimienta blanca o negra, entre otras. El \u00e2t\u00e9 de Campagne se sirve fr\u00edo, lo que permite que el d\u00eda se asiente por completo y desarrolle su sabor, y los pepinillos y una buena mostaza de Dijon o chutney son los acompa\u00f1amientos t\u00edpicos, as\u00ed como una baguette francesa.<\/p>","protected":false},"excerpt":{"rendered":"<p>Un pat\u00e9 de estilo campestre aromatizado con pimienta negra. Baguette francesa tradicional, pan toscano, pan r\u00fastico y vino a elecci\u00f3n. El p\u00e2t\u00e9 de campagne, o terrina de campo, es una preparaci\u00f3n r\u00fastica, ligeramente m\u00e1s refinada que un p\u00e2t\u00e9 grandm\u00e8re, principalmente porque utiliza solo una peque\u00f1a cantidad de h\u00edgado; aqu\u00ed el h\u00edgado es un condimento en lugar del sabor dominante.<\/p>","protected":false},"featured_media":689,"template":"","meta":[],"product_brand":[],"product_cat":[32],"product_tag":[],"class_list":{"0":"post-589","1":"product","2":"type-product","3":"status-publish","4":"has-post-thumbnail","6":"product_cat-delicatessen","7":"product_shipping_class-frozen","9":"first","10":"instock","11":"taxable","12":"shipping-taxable","13":"purchasable","14":"product-type-simple"},"yoast_head":"<!-- This site is optimized with the Yoast SEO plugin v27.5 - https:\/\/yoast.com\/product\/yoast-seo-wordpress\/ -->\n<title>Small Pate Campagne with Black Pepper - 200g\/7.05oz - Le Petit Epicurien<\/title>\n<meta name=\"robots\" content=\"index, follow, max-snippet:-1, max-image-preview:large, max-video-preview:-1\" \/>\n<link rel=\"canonical\" href=\"https:\/\/www.lepetitepicurien.com\/es\/producto\/pate-de-campana-pequeno-con-pimienta-negra-200-g-7-05-oz\/\" \/>\n<meta property=\"og:locale\" content=\"es_ES\" \/>\n<meta property=\"og:type\" content=\"article\" \/>\n<meta property=\"og:title\" content=\"Small Pate Campagne with Black Pepper - 200g\/7.05oz - Le Petit Epicurien\" \/>\n<meta property=\"og:description\" content=\"A country style p\u00e2t\u00e9 flavored with black pepper.Traditional French Baguette, Tuscan Bread, Rustic Bread and wine of choice.\u00a0\u00a0p\u00e2t\u00e9 de campagne, or country terrine, is a rustic preparation, slightly more refined than a p\u00e2t\u00e9 grandm\u00e8re mainly in that it uses only a small amount of liver\u2014liver is a seasoning device here rather than the dominant flavor.\" \/>\n<meta property=\"og:url\" content=\"https:\/\/www.lepetitepicurien.com\/es\/producto\/pate-de-campana-pequeno-con-pimienta-negra-200-g-7-05-oz\/\" \/>\n<meta property=\"og:site_name\" content=\"Le Petit Epicurien\" \/>\n<meta property=\"article:modified_time\" content=\"2026-03-07T14:22:06+00:00\" \/>\n<meta property=\"og:image\" content=\"https:\/\/www.lepetitepicurien.com\/wp-content\/uploads\/2024\/08\/pate-black-pepper.jpg\" \/>\n\t<meta property=\"og:image:width\" content=\"1200\" \/>\n\t<meta property=\"og:image:height\" content=\"1200\" \/>\n\t<meta property=\"og:image:type\" content=\"image\/jpeg\" \/>\n<meta name=\"twitter:card\" content=\"summary_large_image\" \/>\n<meta name=\"twitter:label1\" content=\"Tiempo de lectura\" \/>\n\t<meta name=\"twitter:data1\" content=\"1 minuto\" \/>\n<script type=\"application\/ld+json\" class=\"yoast-schema-graph\">{\"@context\":\"https:\\\/\\\/schema.org\",\"@graph\":[{\"@type\":\"WebPage\",\"@id\":\"https:\\\/\\\/www.lepetitepicurien.com\\\/product\\\/small-pate-campagne-with-black-pepper-200g-7-05oz\\\/\",\"url\":\"https:\\\/\\\/www.lepetitepicurien.com\\\/product\\\/small-pate-campagne-with-black-pepper-200g-7-05oz\\\/\",\"name\":\"Small Pate Campagne with Black Pepper - 200g\\\/7.05oz - Le Petit Epicurien\",\"isPartOf\":{\"@id\":\"https:\\\/\\\/www.lepetitepicurien.com\\\/#website\"},\"primaryImageOfPage\":{\"@id\":\"https:\\\/\\\/www.lepetitepicurien.com\\\/product\\\/small-pate-campagne-with-black-pepper-200g-7-05oz\\\/#primaryimage\"},\"image\":{\"@id\":\"https:\\\/\\\/www.lepetitepicurien.com\\\/product\\\/small-pate-campagne-with-black-pepper-200g-7-05oz\\\/#primaryimage\"},\"thumbnailUrl\":\"https:\\\/\\\/www.lepetitepicurien.com\\\/wp-content\\\/uploads\\\/2024\\\/08\\\/pate-black-pepper.jpg\",\"datePublished\":\"2024-08-15T02:48:58+00:00\",\"dateModified\":\"2026-03-07T14:22:06+00:00\",\"breadcrumb\":{\"@id\":\"https:\\\/\\\/www.lepetitepicurien.com\\\/product\\\/small-pate-campagne-with-black-pepper-200g-7-05oz\\\/#breadcrumb\"},\"inLanguage\":\"es\",\"potentialAction\":[{\"@type\":\"ReadAction\",\"target\":[\"https:\\\/\\\/www.lepetitepicurien.com\\\/product\\\/small-pate-campagne-with-black-pepper-200g-7-05oz\\\/\"]}]},{\"@type\":\"ImageObject\",\"inLanguage\":\"es\",\"@id\":\"https:\\\/\\\/www.lepetitepicurien.com\\\/product\\\/small-pate-campagne-with-black-pepper-200g-7-05oz\\\/#primaryimage\",\"url\":\"https:\\\/\\\/www.lepetitepicurien.com\\\/wp-content\\\/uploads\\\/2024\\\/08\\\/pate-black-pepper.jpg\",\"contentUrl\":\"https:\\\/\\\/www.lepetitepicurien.com\\\/wp-content\\\/uploads\\\/2024\\\/08\\\/pate-black-pepper.jpg\",\"width\":1200,\"height\":1200},{\"@type\":\"BreadcrumbList\",\"@id\":\"https:\\\/\\\/www.lepetitepicurien.com\\\/product\\\/small-pate-campagne-with-black-pepper-200g-7-05oz\\\/#breadcrumb\",\"itemListElement\":[{\"@type\":\"ListItem\",\"position\":1,\"name\":\"Home\",\"item\":\"https:\\\/\\\/www.lepetitepicurien.com\\\/\"},{\"@type\":\"ListItem\",\"position\":2,\"name\":\"Shop\",\"item\":\"https:\\\/\\\/www.lepetitepicurien.com\\\/shop\\\/\"},{\"@type\":\"ListItem\",\"position\":3,\"name\":\"Small Pate Campagne with Black Pepper &#8211; 200g\\\/7.05oz\"}]},{\"@type\":\"WebSite\",\"@id\":\"https:\\\/\\\/www.lepetitepicurien.com\\\/#website\",\"url\":\"https:\\\/\\\/www.lepetitepicurien.com\\\/\",\"name\":\"Le Petit Epicurien\",\"description\":\"Online Grocery for European Gourmet Food\",\"publisher\":{\"@id\":\"https:\\\/\\\/www.lepetitepicurien.com\\\/#organization\"},\"potentialAction\":[{\"@type\":\"SearchAction\",\"target\":{\"@type\":\"EntryPoint\",\"urlTemplate\":\"https:\\\/\\\/www.lepetitepicurien.com\\\/?s={search_term_string}\"},\"query-input\":{\"@type\":\"PropertyValueSpecification\",\"valueRequired\":true,\"valueName\":\"search_term_string\"}}],\"inLanguage\":\"es\"},{\"@type\":\"Organization\",\"@id\":\"https:\\\/\\\/www.lepetitepicurien.com\\\/#organization\",\"name\":\"Le Petit Epicurien\",\"url\":\"https:\\\/\\\/www.lepetitepicurien.com\\\/\",\"logo\":{\"@type\":\"ImageObject\",\"inLanguage\":\"es\",\"@id\":\"https:\\\/\\\/www.lepetitepicurien.com\\\/#\\\/schema\\\/logo\\\/image\\\/\",\"url\":\"https:\\\/\\\/www.lepetitepicurien.com\\\/wp-content\\\/uploads\\\/2024\\\/03\\\/logo.png\",\"contentUrl\":\"https:\\\/\\\/www.lepetitepicurien.com\\\/wp-content\\\/uploads\\\/2024\\\/03\\\/logo.png\",\"width\":1024,\"height\":1024,\"caption\":\"Le Petit Epicurien\"},\"image\":{\"@id\":\"https:\\\/\\\/www.lepetitepicurien.com\\\/#\\\/schema\\\/logo\\\/image\\\/\"}}]}<\/script>\n<!-- \/ Yoast SEO plugin. -->","yoast_head_json":{"title":"Pat\u00e9 Campestre Peque\u00f1o con Pimienta Negra - 200g\/7,05oz - Le Petit Epicurien","robots":{"index":"index","follow":"follow","max-snippet":"max-snippet:-1","max-image-preview":"max-image-preview:large","max-video-preview":"max-video-preview:-1"},"canonical":"https:\/\/www.lepetitepicurien.com\/es\/producto\/pate-de-campana-pequeno-con-pimienta-negra-200-g-7-05-oz\/","og_locale":"es_ES","og_type":"article","og_title":"Small Pate Campagne with Black Pepper - 200g\/7.05oz - Le Petit Epicurien","og_description":"A country style p\u00e2t\u00e9 flavored with black pepper.Traditional French Baguette, Tuscan Bread, Rustic Bread and wine of choice.\u00a0\u00a0p\u00e2t\u00e9 de campagne, or country terrine, is a rustic preparation, slightly more refined than a p\u00e2t\u00e9 grandm\u00e8re mainly in that it uses only a small amount of liver\u2014liver is a seasoning device here rather than the dominant flavor.","og_url":"https:\/\/www.lepetitepicurien.com\/es\/producto\/pate-de-campana-pequeno-con-pimienta-negra-200-g-7-05-oz\/","og_site_name":"Le Petit Epicurien","article_modified_time":"2026-03-07T14:22:06+00:00","og_image":[{"width":1200,"height":1200,"url":"https:\/\/www.lepetitepicurien.com\/wp-content\/uploads\/2024\/08\/pate-black-pepper.jpg","type":"image\/jpeg"}],"twitter_card":"summary_large_image","twitter_misc":{"Tiempo de lectura":"1 minuto"},"schema":{"@context":"https:\/\/schema.org","@graph":[{"@type":"WebPage","@id":"https:\/\/www.lepetitepicurien.com\/product\/small-pate-campagne-with-black-pepper-200g-7-05oz\/","url":"https:\/\/www.lepetitepicurien.com\/product\/small-pate-campagne-with-black-pepper-200g-7-05oz\/","name":"Pat\u00e9 Campestre Peque\u00f1o con Pimienta Negra - 200g\/7,05oz - Le Petit Epicurien","isPartOf":{"@id":"https:\/\/www.lepetitepicurien.com\/#website"},"primaryImageOfPage":{"@id":"https:\/\/www.lepetitepicurien.com\/product\/small-pate-campagne-with-black-pepper-200g-7-05oz\/#primaryimage"},"image":{"@id":"https:\/\/www.lepetitepicurien.com\/product\/small-pate-campagne-with-black-pepper-200g-7-05oz\/#primaryimage"},"thumbnailUrl":"https:\/\/www.lepetitepicurien.com\/wp-content\/uploads\/2024\/08\/pate-black-pepper.jpg","datePublished":"2024-08-15T02:48:58+00:00","dateModified":"2026-03-07T14:22:06+00:00","breadcrumb":{"@id":"https:\/\/www.lepetitepicurien.com\/product\/small-pate-campagne-with-black-pepper-200g-7-05oz\/#breadcrumb"},"inLanguage":"es","potentialAction":[{"@type":"ReadAction","target":["https:\/\/www.lepetitepicurien.com\/product\/small-pate-campagne-with-black-pepper-200g-7-05oz\/"]}]},{"@type":"ImageObject","inLanguage":"es","@id":"https:\/\/www.lepetitepicurien.com\/product\/small-pate-campagne-with-black-pepper-200g-7-05oz\/#primaryimage","url":"https:\/\/www.lepetitepicurien.com\/wp-content\/uploads\/2024\/08\/pate-black-pepper.jpg","contentUrl":"https:\/\/www.lepetitepicurien.com\/wp-content\/uploads\/2024\/08\/pate-black-pepper.jpg","width":1200,"height":1200},{"@type":"BreadcrumbList","@id":"https:\/\/www.lepetitepicurien.com\/product\/small-pate-campagne-with-black-pepper-200g-7-05oz\/#breadcrumb","itemListElement":[{"@type":"ListItem","position":1,"name":"Home","item":"https:\/\/www.lepetitepicurien.com\/"},{"@type":"ListItem","position":2,"name":"Shop","item":"https:\/\/www.lepetitepicurien.com\/shop\/"},{"@type":"ListItem","position":3,"name":"Small Pate Campagne with Black Pepper &#8211; 200g\/7.05oz"}]},{"@type":"WebSite","@id":"https:\/\/www.lepetitepicurien.com\/#website","url":"https:\/\/www.lepetitepicurien.com\/","name":"El peque\u00f1o epicurien","description":"Tienda de alimentaci\u00f3n online de comida gourmet europea","publisher":{"@id":"https:\/\/www.lepetitepicurien.com\/#organization"},"potentialAction":[{"@type":"SearchAction","target":{"@type":"EntryPoint","urlTemplate":"https:\/\/www.lepetitepicurien.com\/?s={search_term_string}"},"query-input":{"@type":"PropertyValueSpecification","valueRequired":true,"valueName":"search_term_string"}}],"inLanguage":"es"},{"@type":"Organization","@id":"https:\/\/www.lepetitepicurien.com\/#organization","name":"El peque\u00f1o epicurien","url":"https:\/\/www.lepetitepicurien.com\/","logo":{"@type":"ImageObject","inLanguage":"es","@id":"https:\/\/www.lepetitepicurien.com\/#\/schema\/logo\/image\/","url":"https:\/\/www.lepetitepicurien.com\/wp-content\/uploads\/2024\/03\/logo.png","contentUrl":"https:\/\/www.lepetitepicurien.com\/wp-content\/uploads\/2024\/03\/logo.png","width":1024,"height":1024,"caption":"Le Petit Epicurien"},"image":{"@id":"https:\/\/www.lepetitepicurien.com\/#\/schema\/logo\/image\/"}}]}},"jetpack_sharing_enabled":true,"_links":{"self":[{"href":"http:\/\/www.lepetitepicurien.com\/es\/wp-json\/wp\/v2\/product\/589","targetHints":{"allow":["GET"]}}],"collection":[{"href":"http:\/\/www.lepetitepicurien.com\/es\/wp-json\/wp\/v2\/product"}],"about":[{"href":"http:\/\/www.lepetitepicurien.com\/es\/wp-json\/wp\/v2\/types\/product"}],"wp:featuredmedia":[{"embeddable":true,"href":"http:\/\/www.lepetitepicurien.com\/es\/wp-json\/wp\/v2\/media\/689"}],"wp:attachment":[{"href":"http:\/\/www.lepetitepicurien.com\/es\/wp-json\/wp\/v2\/media?parent=589"}],"wp:term":[{"taxonomy":"product_brand","embeddable":true,"href":"http:\/\/www.lepetitepicurien.com\/es\/wp-json\/wp\/v2\/product_brand?post=589"},{"taxonomy":"product_cat","embeddable":true,"href":"http:\/\/www.lepetitepicurien.com\/es\/wp-json\/wp\/v2\/product_cat?post=589"},{"taxonomy":"product_tag","embeddable":true,"href":"http:\/\/www.lepetitepicurien.com\/es\/wp-json\/wp\/v2\/product_tag?post=589"}],"curies":[{"name":"wp","href":"https:\/\/api.w.org\/{rel}","templated":true}]}}