{"id":593,"date":"2024-08-14T22:48:58","date_gmt":"2024-08-15T02:48:58","guid":{"rendered":"https:\/\/www.lepetitepicurien.com\/?post_type=product&#038;p=593"},"modified":"2025-04-02T21:31:25","modified_gmt":"2025-04-03T01:31:25","slug":"atlantic-smoked-salmon-sliced-1-7kg-3-25lb","status":"publish","type":"product","link":"http:\/\/www.lepetitepicurien.com\/es\/product\/atlantic-smoked-salmon-sliced-1-7kg-3-25lb\/","title":{"rendered":"Salm\u00f3n ahumado del Atl\u00e1ntico en lonchas \u2013 1,7 kg\/3,25 lb"},"content":{"rendered":"<p>El salm\u00f3n del Atl\u00e1ntico se cr\u00eda con cuidado, se cosecha y luego se ahuma cuidadosamente. La carne es moderadamente firme y aceitosa, rica en grasas poliinsaturadas omega 3, pero no tan grasosa como la del salm\u00f3n real o chinook salvaje. A todos les encanta el sabor y la textura del salm\u00f3n ahumado chileno.<\/p>","protected":false},"excerpt":{"rendered":"<p>Cosechado en las g\u00e9lidas aguas del Atl\u00e1ntico Norte, ahumado en fr\u00edo en nuestro propio ahumadero seg\u00fan nuestro lento y constante m\u00e9todo de cinco d\u00edas. Cortado a mano. Fresco, fragante, verdaderamente sublime.<\/p>","protected":false},"featured_media":606,"template":"","meta":[],"product_brand":[],"product_cat":[32],"product_tag":[],"class_list":{"0":"post-593","1":"product","2":"type-product","3":"status-publish","4":"has-post-thumbnail","6":"product_cat-delicatessen","7":"product_shipping_class-frozen","9":"first","10":"instock","11":"taxable","12":"shipping-taxable","13":"purchasable","14":"product-type-simple"},"yoast_head":"<!-- This site is optimized with the Yoast SEO plugin v27.4 - https:\/\/yoast.com\/product\/yoast-seo-wordpress\/ -->\n<title>Atlantic Smoked Salmon Sliced - 1.7kg\/3.25lb - Le Petit Epicurien<\/title>\n<meta name=\"robots\" content=\"index, follow, max-snippet:-1, max-image-preview:large, max-video-preview:-1\" \/>\n<link rel=\"canonical\" href=\"https:\/\/www.lepetitepicurien.com\/es\/producto\/salmon-ahumado-del-atlantico-en-lonchas-17-kg-325-lb\/\" \/>\n<meta property=\"og:locale\" content=\"es_ES\" \/>\n<meta property=\"og:type\" content=\"article\" \/>\n<meta property=\"og:title\" content=\"Atlantic Smoked Salmon Sliced - 1.7kg\/3.25lb - Le Petit Epicurien\" \/>\n<meta property=\"og:description\" content=\"Harvested from the icy waters of the North Atlantic, then cold-smoked in our own smokehouse according to our slow and steady five-day method. Sliced by hand. Fresh, fragrant, truly sublime.\" \/>\n<meta property=\"og:url\" content=\"https:\/\/www.lepetitepicurien.com\/es\/producto\/salmon-ahumado-del-atlantico-en-lonchas-17-kg-325-lb\/\" \/>\n<meta property=\"og:site_name\" content=\"Le Petit Epicurien\" \/>\n<meta property=\"article:modified_time\" content=\"2025-04-03T01:31:25+00:00\" \/>\n<meta property=\"og:image\" content=\"https:\/\/www.lepetitepicurien.com\/wp-content\/uploads\/2024\/08\/SAN001A-2-1.jpg\" \/>\n\t<meta property=\"og:image:width\" content=\"600\" \/>\n\t<meta property=\"og:image:height\" content=\"600\" \/>\n\t<meta property=\"og:image:type\" content=\"image\/jpeg\" \/>\n<meta name=\"twitter:card\" content=\"summary_large_image\" \/>\n<meta name=\"twitter:label1\" content=\"Tiempo de lectura\" \/>\n\t<meta name=\"twitter:data1\" content=\"1 minuto\" \/>\n<script type=\"application\/ld+json\" class=\"yoast-schema-graph\">{\"@context\":\"https:\\\/\\\/schema.org\",\"@graph\":[{\"@type\":\"WebPage\",\"@id\":\"https:\\\/\\\/www.lepetitepicurien.com\\\/product\\\/atlantic-smoked-salmon-sliced-1-7kg-3-25lb\\\/\",\"url\":\"https:\\\/\\\/www.lepetitepicurien.com\\\/product\\\/atlantic-smoked-salmon-sliced-1-7kg-3-25lb\\\/\",\"name\":\"Atlantic Smoked Salmon Sliced - 1.7kg\\\/3.25lb - Le Petit Epicurien\",\"isPartOf\":{\"@id\":\"https:\\\/\\\/www.lepetitepicurien.com\\\/#website\"},\"primaryImageOfPage\":{\"@id\":\"https:\\\/\\\/www.lepetitepicurien.com\\\/product\\\/atlantic-smoked-salmon-sliced-1-7kg-3-25lb\\\/#primaryimage\"},\"image\":{\"@id\":\"https:\\\/\\\/www.lepetitepicurien.com\\\/product\\\/atlantic-smoked-salmon-sliced-1-7kg-3-25lb\\\/#primaryimage\"},\"thumbnailUrl\":\"https:\\\/\\\/www.lepetitepicurien.com\\\/wp-content\\\/uploads\\\/2024\\\/08\\\/SAN001A-2-1.jpg\",\"datePublished\":\"2024-08-15T02:48:58+00:00\",\"dateModified\":\"2025-04-03T01:31:25+00:00\",\"breadcrumb\":{\"@id\":\"https:\\\/\\\/www.lepetitepicurien.com\\\/product\\\/atlantic-smoked-salmon-sliced-1-7kg-3-25lb\\\/#breadcrumb\"},\"inLanguage\":\"es\",\"potentialAction\":[{\"@type\":\"ReadAction\",\"target\":[\"https:\\\/\\\/www.lepetitepicurien.com\\\/product\\\/atlantic-smoked-salmon-sliced-1-7kg-3-25lb\\\/\"]}]},{\"@type\":\"ImageObject\",\"inLanguage\":\"es\",\"@id\":\"https:\\\/\\\/www.lepetitepicurien.com\\\/product\\\/atlantic-smoked-salmon-sliced-1-7kg-3-25lb\\\/#primaryimage\",\"url\":\"https:\\\/\\\/www.lepetitepicurien.com\\\/wp-content\\\/uploads\\\/2024\\\/08\\\/SAN001A-2-1.jpg\",\"contentUrl\":\"https:\\\/\\\/www.lepetitepicurien.com\\\/wp-content\\\/uploads\\\/2024\\\/08\\\/SAN001A-2-1.jpg\",\"width\":600,\"height\":600},{\"@type\":\"BreadcrumbList\",\"@id\":\"https:\\\/\\\/www.lepetitepicurien.com\\\/product\\\/atlantic-smoked-salmon-sliced-1-7kg-3-25lb\\\/#breadcrumb\",\"itemListElement\":[{\"@type\":\"ListItem\",\"position\":1,\"name\":\"Home\",\"item\":\"https:\\\/\\\/www.lepetitepicurien.com\\\/\"},{\"@type\":\"ListItem\",\"position\":2,\"name\":\"Shop\",\"item\":\"https:\\\/\\\/www.lepetitepicurien.com\\\/shop\\\/\"},{\"@type\":\"ListItem\",\"position\":3,\"name\":\"Atlantic Smoked Salmon Sliced &#8211; 1.7kg\\\/3.25lb\"}]},{\"@type\":\"WebSite\",\"@id\":\"https:\\\/\\\/www.lepetitepicurien.com\\\/#website\",\"url\":\"https:\\\/\\\/www.lepetitepicurien.com\\\/\",\"name\":\"Le Petit Epicurien\",\"description\":\"Online Grocery for European Gourmet Food\",\"publisher\":{\"@id\":\"https:\\\/\\\/www.lepetitepicurien.com\\\/#organization\"},\"potentialAction\":[{\"@type\":\"SearchAction\",\"target\":{\"@type\":\"EntryPoint\",\"urlTemplate\":\"https:\\\/\\\/www.lepetitepicurien.com\\\/?s={search_term_string}\"},\"query-input\":{\"@type\":\"PropertyValueSpecification\",\"valueRequired\":true,\"valueName\":\"search_term_string\"}}],\"inLanguage\":\"es\"},{\"@type\":\"Organization\",\"@id\":\"https:\\\/\\\/www.lepetitepicurien.com\\\/#organization\",\"name\":\"Le Petit Epicurien\",\"url\":\"https:\\\/\\\/www.lepetitepicurien.com\\\/\",\"logo\":{\"@type\":\"ImageObject\",\"inLanguage\":\"es\",\"@id\":\"https:\\\/\\\/www.lepetitepicurien.com\\\/#\\\/schema\\\/logo\\\/image\\\/\",\"url\":\"https:\\\/\\\/www.lepetitepicurien.com\\\/wp-content\\\/uploads\\\/2024\\\/03\\\/logo.png\",\"contentUrl\":\"https:\\\/\\\/www.lepetitepicurien.com\\\/wp-content\\\/uploads\\\/2024\\\/03\\\/logo.png\",\"width\":1024,\"height\":1024,\"caption\":\"Le Petit Epicurien\"},\"image\":{\"@id\":\"https:\\\/\\\/www.lepetitepicurien.com\\\/#\\\/schema\\\/logo\\\/image\\\/\"}}]}<\/script>\n<!-- \/ Yoast SEO plugin. -->","yoast_head_json":{"title":"Salm\u00f3n ahumado del Atl\u00e1ntico en lonchas - 1,7 kg\/3,25 lb - Le Petit Epicurien","robots":{"index":"index","follow":"follow","max-snippet":"max-snippet:-1","max-image-preview":"max-image-preview:large","max-video-preview":"max-video-preview:-1"},"canonical":"https:\/\/www.lepetitepicurien.com\/es\/producto\/salmon-ahumado-del-atlantico-en-lonchas-17-kg-325-lb\/","og_locale":"es_ES","og_type":"article","og_title":"Atlantic Smoked Salmon Sliced - 1.7kg\/3.25lb - Le Petit Epicurien","og_description":"Harvested from the icy waters of the North Atlantic, then cold-smoked in our own smokehouse according to our slow and steady five-day method. Sliced by hand. Fresh, fragrant, truly sublime.","og_url":"https:\/\/www.lepetitepicurien.com\/es\/producto\/salmon-ahumado-del-atlantico-en-lonchas-17-kg-325-lb\/","og_site_name":"Le Petit Epicurien","article_modified_time":"2025-04-03T01:31:25+00:00","og_image":[{"width":600,"height":600,"url":"https:\/\/www.lepetitepicurien.com\/wp-content\/uploads\/2024\/08\/SAN001A-2-1.jpg","type":"image\/jpeg"}],"twitter_card":"summary_large_image","twitter_misc":{"Tiempo de lectura":"1 minuto"},"schema":{"@context":"https:\/\/schema.org","@graph":[{"@type":"WebPage","@id":"https:\/\/www.lepetitepicurien.com\/product\/atlantic-smoked-salmon-sliced-1-7kg-3-25lb\/","url":"https:\/\/www.lepetitepicurien.com\/product\/atlantic-smoked-salmon-sliced-1-7kg-3-25lb\/","name":"Salm\u00f3n ahumado del Atl\u00e1ntico en lonchas - 1,7 kg\/3,25 lb - Le Petit Epicurien","isPartOf":{"@id":"https:\/\/www.lepetitepicurien.com\/#website"},"primaryImageOfPage":{"@id":"https:\/\/www.lepetitepicurien.com\/product\/atlantic-smoked-salmon-sliced-1-7kg-3-25lb\/#primaryimage"},"image":{"@id":"https:\/\/www.lepetitepicurien.com\/product\/atlantic-smoked-salmon-sliced-1-7kg-3-25lb\/#primaryimage"},"thumbnailUrl":"https:\/\/www.lepetitepicurien.com\/wp-content\/uploads\/2024\/08\/SAN001A-2-1.jpg","datePublished":"2024-08-15T02:48:58+00:00","dateModified":"2025-04-03T01:31:25+00:00","breadcrumb":{"@id":"https:\/\/www.lepetitepicurien.com\/product\/atlantic-smoked-salmon-sliced-1-7kg-3-25lb\/#breadcrumb"},"inLanguage":"es","potentialAction":[{"@type":"ReadAction","target":["https:\/\/www.lepetitepicurien.com\/product\/atlantic-smoked-salmon-sliced-1-7kg-3-25lb\/"]}]},{"@type":"ImageObject","inLanguage":"es","@id":"https:\/\/www.lepetitepicurien.com\/product\/atlantic-smoked-salmon-sliced-1-7kg-3-25lb\/#primaryimage","url":"https:\/\/www.lepetitepicurien.com\/wp-content\/uploads\/2024\/08\/SAN001A-2-1.jpg","contentUrl":"https:\/\/www.lepetitepicurien.com\/wp-content\/uploads\/2024\/08\/SAN001A-2-1.jpg","width":600,"height":600},{"@type":"BreadcrumbList","@id":"https:\/\/www.lepetitepicurien.com\/product\/atlantic-smoked-salmon-sliced-1-7kg-3-25lb\/#breadcrumb","itemListElement":[{"@type":"ListItem","position":1,"name":"Home","item":"https:\/\/www.lepetitepicurien.com\/"},{"@type":"ListItem","position":2,"name":"Shop","item":"https:\/\/www.lepetitepicurien.com\/shop\/"},{"@type":"ListItem","position":3,"name":"Atlantic Smoked Salmon Sliced &#8211; 1.7kg\/3.25lb"}]},{"@type":"WebSite","@id":"https:\/\/www.lepetitepicurien.com\/#website","url":"https:\/\/www.lepetitepicurien.com\/","name":"El peque\u00f1o epicurien","description":"Tienda de alimentaci\u00f3n online de comida gourmet europea","publisher":{"@id":"https:\/\/www.lepetitepicurien.com\/#organization"},"potentialAction":[{"@type":"SearchAction","target":{"@type":"EntryPoint","urlTemplate":"https:\/\/www.lepetitepicurien.com\/?s={search_term_string}"},"query-input":{"@type":"PropertyValueSpecification","valueRequired":true,"valueName":"search_term_string"}}],"inLanguage":"es"},{"@type":"Organization","@id":"https:\/\/www.lepetitepicurien.com\/#organization","name":"El peque\u00f1o epicurien","url":"https:\/\/www.lepetitepicurien.com\/","logo":{"@type":"ImageObject","inLanguage":"es","@id":"https:\/\/www.lepetitepicurien.com\/#\/schema\/logo\/image\/","url":"https:\/\/www.lepetitepicurien.com\/wp-content\/uploads\/2024\/03\/logo.png","contentUrl":"https:\/\/www.lepetitepicurien.com\/wp-content\/uploads\/2024\/03\/logo.png","width":1024,"height":1024,"caption":"Le Petit Epicurien"},"image":{"@id":"https:\/\/www.lepetitepicurien.com\/#\/schema\/logo\/image\/"}}]}},"jetpack_sharing_enabled":true,"_links":{"self":[{"href":"http:\/\/www.lepetitepicurien.com\/es\/wp-json\/wp\/v2\/product\/593","targetHints":{"allow":["GET"]}}],"collection":[{"href":"http:\/\/www.lepetitepicurien.com\/es\/wp-json\/wp\/v2\/product"}],"about":[{"href":"http:\/\/www.lepetitepicurien.com\/es\/wp-json\/wp\/v2\/types\/product"}],"wp:featuredmedia":[{"embeddable":true,"href":"http:\/\/www.lepetitepicurien.com\/es\/wp-json\/wp\/v2\/media\/606"}],"wp:attachment":[{"href":"http:\/\/www.lepetitepicurien.com\/es\/wp-json\/wp\/v2\/media?parent=593"}],"wp:term":[{"taxonomy":"product_brand","embeddable":true,"href":"http:\/\/www.lepetitepicurien.com\/es\/wp-json\/wp\/v2\/product_brand?post=593"},{"taxonomy":"product_cat","embeddable":true,"href":"http:\/\/www.lepetitepicurien.com\/es\/wp-json\/wp\/v2\/product_cat?post=593"},{"taxonomy":"product_tag","embeddable":true,"href":"http:\/\/www.lepetitepicurien.com\/es\/wp-json\/wp\/v2\/product_tag?post=593"}],"curies":[{"name":"wp","href":"https:\/\/api.w.org\/{rel}","templated":true}]}}