{"id":614,"date":"2024-08-14T22:49:10","date_gmt":"2024-08-15T02:49:10","guid":{"rendered":"https:\/\/www.lepetitepicurien.com\/?post_type=product&#038;p=614"},"modified":"2025-12-18T11:08:56","modified_gmt":"2025-12-18T16:08:56","slug":"duck-foie-gras-lobe-grade-b-rougie","status":"publish","type":"product","link":"http:\/\/www.lepetitepicurien.com\/es\/product\/duck-foie-gras-lobe-grade-b-rougie\/","title":{"rendered":"Duck Foie Gras Lobe Grade B ROUGIE ~500g\/1.1lb"},"content":{"rendered":"<p>Foie Gras es el h\u00edgado agrandado de un pato cebado, cada cent\u00edmetro es manejado cuidadosamente por un individuo altamente experimentado de Hudson Valley Farms, que con orgullo detalla sus patos alimentados a mano y tomados con especial cuidado y entornos libres de estr\u00e9s.<\/p>\n<p>Su sabor sutil y distintivo se derrite literalmente con cada bocado, se puede usar para varios platos y generalmente se acompa\u00f1a con trufas. El grado B tiende a ser m\u00e1s suave y menos redondo, ya que despega m\u00e1s grasa, lo que lo hace ideal para salteados r\u00e1pidos o para saltear en sart\u00e9n.<\/p>","protected":false},"excerpt":{"rendered":"<p>El l\u00f3bulo de foie gras de pato de grado A es una excelente opci\u00f3n para preparar una cena. Tiene un aspecto \u201cimperfecto\u201d con vetas y decoloraciones visibles, pero definitivamente no le quita nada a su sabor cremoso \u00fanico.<\/p>\n<p>Debe mantenerse refrigerado a unos 33 grados Fahrenheit y puede durar hasta un a\u00f1o en el congelador.<\/p>","protected":false},"featured_media":688,"template":"","meta":[],"product_brand":[],"product_cat":[31],"product_tag":[],"class_list":{"0":"post-614","1":"product","2":"type-product","3":"status-publish","4":"has-post-thumbnail","6":"product_cat-duck-foie-gras","7":"product_shipping_class-frozen","9":"first","10":"instock","11":"taxable","12":"shipping-taxable","13":"purchasable","14":"product-type-simple"},"yoast_head":"<!-- This site is optimized with the Yoast SEO plugin v27.4 - https:\/\/yoast.com\/product\/yoast-seo-wordpress\/ -->\n<title>Duck Foie Gras Lobe Grade B ROUGIE ~500g\/1.1lb - Le Petit Epicurien<\/title>\n<meta name=\"description\" content=\"Best Quality Foie Gras Grade, ideal for your Foie gras recipe like Tournedos Rossini. Used by many private Chef in Miami, sourced from French Quebec.\" \/>\n<meta name=\"robots\" content=\"index, follow, max-snippet:-1, max-image-preview:large, max-video-preview:-1\" \/>\n<link rel=\"canonical\" href=\"https:\/\/www.lepetitepicurien.com\/es\/producto\/foie-gras-de-pato-lobulo-grado-b-rougie-730g-1-6lb\/\" \/>\n<meta property=\"og:locale\" content=\"es_ES\" \/>\n<meta property=\"og:type\" content=\"article\" \/>\n<meta property=\"og:title\" content=\"Duck Foie Gras Lobe Grade B ROUGIE ~500g\/1.1lb - Le Petit Epicurien\" \/>\n<meta property=\"og:description\" content=\"Best Quality Foie Gras Grade, ideal for your Foie gras recipe like Tournedos Rossini. Used by many private Chef in Miami, sourced from French Quebec.\" \/>\n<meta property=\"og:url\" content=\"https:\/\/www.lepetitepicurien.com\/es\/producto\/foie-gras-de-pato-lobulo-grado-b-rougie-730g-1-6lb\/\" \/>\n<meta property=\"og:site_name\" content=\"Le Petit Epicurien\" \/>\n<meta property=\"article:modified_time\" content=\"2025-12-18T16:08:56+00:00\" \/>\n<meta property=\"og:image\" content=\"https:\/\/www.lepetitepicurien.com\/wp-content\/uploads\/2024\/08\/rougie-duck-moulard.jpg\" \/>\n\t<meta property=\"og:image:width\" content=\"1500\" \/>\n\t<meta property=\"og:image:height\" content=\"1500\" \/>\n\t<meta property=\"og:image:type\" content=\"image\/jpeg\" \/>\n<meta name=\"twitter:card\" content=\"summary_large_image\" \/>\n<meta name=\"twitter:label1\" content=\"Tiempo de lectura\" \/>\n\t<meta name=\"twitter:data1\" content=\"1 minuto\" \/>\n<script type=\"application\/ld+json\" class=\"yoast-schema-graph\">{\"@context\":\"https:\\\/\\\/schema.org\",\"@graph\":[{\"@type\":\"WebPage\",\"@id\":\"https:\\\/\\\/www.lepetitepicurien.com\\\/product\\\/duck-foie-gras-lobe-grade-b-rougie\\\/\",\"url\":\"https:\\\/\\\/www.lepetitepicurien.com\\\/product\\\/duck-foie-gras-lobe-grade-b-rougie\\\/\",\"name\":\"Duck Foie Gras Lobe Grade B ROUGIE ~500g\\\/1.1lb - Le Petit Epicurien\",\"isPartOf\":{\"@id\":\"https:\\\/\\\/www.lepetitepicurien.com\\\/#website\"},\"primaryImageOfPage\":{\"@id\":\"https:\\\/\\\/www.lepetitepicurien.com\\\/product\\\/duck-foie-gras-lobe-grade-b-rougie\\\/#primaryimage\"},\"image\":{\"@id\":\"https:\\\/\\\/www.lepetitepicurien.com\\\/product\\\/duck-foie-gras-lobe-grade-b-rougie\\\/#primaryimage\"},\"thumbnailUrl\":\"https:\\\/\\\/www.lepetitepicurien.com\\\/wp-content\\\/uploads\\\/2024\\\/08\\\/rougie-duck-moulard.jpg\",\"datePublished\":\"2024-08-15T02:49:10+00:00\",\"dateModified\":\"2025-12-18T16:08:56+00:00\",\"description\":\"Best Quality Foie Gras Grade, ideal for your Foie gras recipe like Tournedos Rossini. Used by many private Chef in Miami, sourced from French Quebec.\",\"breadcrumb\":{\"@id\":\"https:\\\/\\\/www.lepetitepicurien.com\\\/product\\\/duck-foie-gras-lobe-grade-b-rougie\\\/#breadcrumb\"},\"inLanguage\":\"es\",\"potentialAction\":[{\"@type\":\"ReadAction\",\"target\":[\"https:\\\/\\\/www.lepetitepicurien.com\\\/product\\\/duck-foie-gras-lobe-grade-b-rougie\\\/\"]}]},{\"@type\":\"ImageObject\",\"inLanguage\":\"es\",\"@id\":\"https:\\\/\\\/www.lepetitepicurien.com\\\/product\\\/duck-foie-gras-lobe-grade-b-rougie\\\/#primaryimage\",\"url\":\"https:\\\/\\\/www.lepetitepicurien.com\\\/wp-content\\\/uploads\\\/2024\\\/08\\\/rougie-duck-moulard.jpg\",\"contentUrl\":\"https:\\\/\\\/www.lepetitepicurien.com\\\/wp-content\\\/uploads\\\/2024\\\/08\\\/rougie-duck-moulard.jpg\",\"width\":1500,\"height\":1500},{\"@type\":\"BreadcrumbList\",\"@id\":\"https:\\\/\\\/www.lepetitepicurien.com\\\/product\\\/duck-foie-gras-lobe-grade-b-rougie\\\/#breadcrumb\",\"itemListElement\":[{\"@type\":\"ListItem\",\"position\":1,\"name\":\"Home\",\"item\":\"https:\\\/\\\/www.lepetitepicurien.com\\\/\"},{\"@type\":\"ListItem\",\"position\":2,\"name\":\"Shop\",\"item\":\"https:\\\/\\\/www.lepetitepicurien.com\\\/shop\\\/\"},{\"@type\":\"ListItem\",\"position\":3,\"name\":\"Duck Foie Gras Lobe Grade B ROUGIE ~500g\\\/1.1lb\"}]},{\"@type\":\"WebSite\",\"@id\":\"https:\\\/\\\/www.lepetitepicurien.com\\\/#website\",\"url\":\"https:\\\/\\\/www.lepetitepicurien.com\\\/\",\"name\":\"Le Petit Epicurien\",\"description\":\"Online Grocery for European Gourmet Food\",\"publisher\":{\"@id\":\"https:\\\/\\\/www.lepetitepicurien.com\\\/#organization\"},\"potentialAction\":[{\"@type\":\"SearchAction\",\"target\":{\"@type\":\"EntryPoint\",\"urlTemplate\":\"https:\\\/\\\/www.lepetitepicurien.com\\\/?s={search_term_string}\"},\"query-input\":{\"@type\":\"PropertyValueSpecification\",\"valueRequired\":true,\"valueName\":\"search_term_string\"}}],\"inLanguage\":\"es\"},{\"@type\":\"Organization\",\"@id\":\"https:\\\/\\\/www.lepetitepicurien.com\\\/#organization\",\"name\":\"Le Petit Epicurien\",\"url\":\"https:\\\/\\\/www.lepetitepicurien.com\\\/\",\"logo\":{\"@type\":\"ImageObject\",\"inLanguage\":\"es\",\"@id\":\"https:\\\/\\\/www.lepetitepicurien.com\\\/#\\\/schema\\\/logo\\\/image\\\/\",\"url\":\"https:\\\/\\\/www.lepetitepicurien.com\\\/wp-content\\\/uploads\\\/2024\\\/03\\\/logo.png\",\"contentUrl\":\"https:\\\/\\\/www.lepetitepicurien.com\\\/wp-content\\\/uploads\\\/2024\\\/03\\\/logo.png\",\"width\":1024,\"height\":1024,\"caption\":\"Le Petit Epicurien\"},\"image\":{\"@id\":\"https:\\\/\\\/www.lepetitepicurien.com\\\/#\\\/schema\\\/logo\\\/image\\\/\"}}]}<\/script>\n<!-- \/ Yoast SEO plugin. -->","yoast_head_json":{"title":"Duck Foie Gras Lobe Grade B ROUGIE ~500g\/1.1lb - Le Petit Epicurien","description":"Best Quality Foie Gras Grade, ideal for your Foie gras recipe like Tournedos Rossini. Used by many private Chef in Miami, sourced from French Quebec.","robots":{"index":"index","follow":"follow","max-snippet":"max-snippet:-1","max-image-preview":"max-image-preview:large","max-video-preview":"max-video-preview:-1"},"canonical":"https:\/\/www.lepetitepicurien.com\/es\/producto\/foie-gras-de-pato-lobulo-grado-b-rougie-730g-1-6lb\/","og_locale":"es_ES","og_type":"article","og_title":"Duck Foie Gras Lobe Grade B ROUGIE ~500g\/1.1lb - Le Petit Epicurien","og_description":"Best Quality Foie Gras Grade, ideal for your Foie gras recipe like Tournedos Rossini. Used by many private Chef in Miami, sourced from French Quebec.","og_url":"https:\/\/www.lepetitepicurien.com\/es\/producto\/foie-gras-de-pato-lobulo-grado-b-rougie-730g-1-6lb\/","og_site_name":"Le Petit Epicurien","article_modified_time":"2025-12-18T16:08:56+00:00","og_image":[{"width":1500,"height":1500,"url":"https:\/\/www.lepetitepicurien.com\/wp-content\/uploads\/2024\/08\/rougie-duck-moulard.jpg","type":"image\/jpeg"}],"twitter_card":"summary_large_image","twitter_misc":{"Tiempo de lectura":"1 minuto"},"schema":{"@context":"https:\/\/schema.org","@graph":[{"@type":"WebPage","@id":"https:\/\/www.lepetitepicurien.com\/product\/duck-foie-gras-lobe-grade-b-rougie\/","url":"https:\/\/www.lepetitepicurien.com\/product\/duck-foie-gras-lobe-grade-b-rougie\/","name":"Duck Foie Gras Lobe Grade B ROUGIE ~500g\/1.1lb - Le Petit Epicurien","isPartOf":{"@id":"https:\/\/www.lepetitepicurien.com\/#website"},"primaryImageOfPage":{"@id":"https:\/\/www.lepetitepicurien.com\/product\/duck-foie-gras-lobe-grade-b-rougie\/#primaryimage"},"image":{"@id":"https:\/\/www.lepetitepicurien.com\/product\/duck-foie-gras-lobe-grade-b-rougie\/#primaryimage"},"thumbnailUrl":"https:\/\/www.lepetitepicurien.com\/wp-content\/uploads\/2024\/08\/rougie-duck-moulard.jpg","datePublished":"2024-08-15T02:49:10+00:00","dateModified":"2025-12-18T16:08:56+00:00","description":"Best Quality Foie Gras Grade, ideal for your Foie gras recipe like Tournedos Rossini. Used by many private Chef in Miami, sourced from French Quebec.","breadcrumb":{"@id":"https:\/\/www.lepetitepicurien.com\/product\/duck-foie-gras-lobe-grade-b-rougie\/#breadcrumb"},"inLanguage":"es","potentialAction":[{"@type":"ReadAction","target":["https:\/\/www.lepetitepicurien.com\/product\/duck-foie-gras-lobe-grade-b-rougie\/"]}]},{"@type":"ImageObject","inLanguage":"es","@id":"https:\/\/www.lepetitepicurien.com\/product\/duck-foie-gras-lobe-grade-b-rougie\/#primaryimage","url":"https:\/\/www.lepetitepicurien.com\/wp-content\/uploads\/2024\/08\/rougie-duck-moulard.jpg","contentUrl":"https:\/\/www.lepetitepicurien.com\/wp-content\/uploads\/2024\/08\/rougie-duck-moulard.jpg","width":1500,"height":1500},{"@type":"BreadcrumbList","@id":"https:\/\/www.lepetitepicurien.com\/product\/duck-foie-gras-lobe-grade-b-rougie\/#breadcrumb","itemListElement":[{"@type":"ListItem","position":1,"name":"Home","item":"https:\/\/www.lepetitepicurien.com\/"},{"@type":"ListItem","position":2,"name":"Shop","item":"https:\/\/www.lepetitepicurien.com\/shop\/"},{"@type":"ListItem","position":3,"name":"Duck Foie Gras Lobe Grade B ROUGIE ~500g\/1.1lb"}]},{"@type":"WebSite","@id":"https:\/\/www.lepetitepicurien.com\/#website","url":"https:\/\/www.lepetitepicurien.com\/","name":"El peque\u00f1o epicurien","description":"Tienda de alimentaci\u00f3n online de comida gourmet europea","publisher":{"@id":"https:\/\/www.lepetitepicurien.com\/#organization"},"potentialAction":[{"@type":"SearchAction","target":{"@type":"EntryPoint","urlTemplate":"https:\/\/www.lepetitepicurien.com\/?s={search_term_string}"},"query-input":{"@type":"PropertyValueSpecification","valueRequired":true,"valueName":"search_term_string"}}],"inLanguage":"es"},{"@type":"Organization","@id":"https:\/\/www.lepetitepicurien.com\/#organization","name":"El peque\u00f1o epicurien","url":"https:\/\/www.lepetitepicurien.com\/","logo":{"@type":"ImageObject","inLanguage":"es","@id":"https:\/\/www.lepetitepicurien.com\/#\/schema\/logo\/image\/","url":"https:\/\/www.lepetitepicurien.com\/wp-content\/uploads\/2024\/03\/logo.png","contentUrl":"https:\/\/www.lepetitepicurien.com\/wp-content\/uploads\/2024\/03\/logo.png","width":1024,"height":1024,"caption":"Le Petit Epicurien"},"image":{"@id":"https:\/\/www.lepetitepicurien.com\/#\/schema\/logo\/image\/"}}]}},"jetpack_sharing_enabled":true,"_links":{"self":[{"href":"http:\/\/www.lepetitepicurien.com\/es\/wp-json\/wp\/v2\/product\/614","targetHints":{"allow":["GET"]}}],"collection":[{"href":"http:\/\/www.lepetitepicurien.com\/es\/wp-json\/wp\/v2\/product"}],"about":[{"href":"http:\/\/www.lepetitepicurien.com\/es\/wp-json\/wp\/v2\/types\/product"}],"wp:featuredmedia":[{"embeddable":true,"href":"http:\/\/www.lepetitepicurien.com\/es\/wp-json\/wp\/v2\/media\/688"}],"wp:attachment":[{"href":"http:\/\/www.lepetitepicurien.com\/es\/wp-json\/wp\/v2\/media?parent=614"}],"wp:term":[{"taxonomy":"product_brand","embeddable":true,"href":"http:\/\/www.lepetitepicurien.com\/es\/wp-json\/wp\/v2\/product_brand?post=614"},{"taxonomy":"product_cat","embeddable":true,"href":"http:\/\/www.lepetitepicurien.com\/es\/wp-json\/wp\/v2\/product_cat?post=614"},{"taxonomy":"product_tag","embeddable":true,"href":"http:\/\/www.lepetitepicurien.com\/es\/wp-json\/wp\/v2\/product_tag?post=614"}],"curies":[{"name":"wp","href":"https:\/\/api.w.org\/{rel}","templated":true}]}}