{"id":615,"date":"2024-08-14T22:49:11","date_gmt":"2024-08-15T02:49:11","guid":{"rendered":"https:\/\/www.lepetitepicurien.com\/?post_type=product&#038;p=615"},"modified":"2025-04-02T21:31:27","modified_gmt":"2025-04-03T01:31:27","slug":"duck-foie-gras-chunks-grade-a-rougie","status":"publish","type":"product","link":"http:\/\/www.lepetitepicurien.com\/es\/product\/duck-foie-gras-chunks-grade-a-rougie\/","title":{"rendered":"Foie Gras de Pato \u201cTrozos\u201d Grado A ROUGIE \u2013 1kg\/2.2lb"},"content":{"rendered":"<p>Los \u201ctrozos\u201d de foie gras de pato son muy f\u00e1ciles de preparar en la comodidad de su hogar. Es la porci\u00f3n justa que necesita para agregar a un delicioso bistec o hamburguesa y llevar su plato al siguiente nivel. Para obtener resultados espectaculares, recomendamos usar una sart\u00e9n caliente y seca.<\/p>","protected":false},"excerpt":{"rendered":"<p>Trozos de foie gras de pato El foie gras, tan venerado por unos como vilipendiado por otros, es uno de los ingredientes m\u00e1s preciados y \u00fanicos en el mundo de la gastronom\u00eda. Seg\u00fan la preparaci\u00f3n, se pueden preparar diferentes platos para cada ocasi\u00f3n.<\/p>","protected":false},"featured_media":684,"template":"","meta":[],"product_brand":[],"product_cat":[31],"product_tag":[],"class_list":{"0":"post-615","1":"product","2":"type-product","3":"status-publish","4":"has-post-thumbnail","6":"product_cat-duck-foie-gras","7":"product_shipping_class-frozen","9":"first","10":"instock","11":"sale","12":"taxable","13":"shipping-taxable","14":"purchasable","15":"product-type-simple"},"yoast_head":"<!-- This site is optimized with the Yoast SEO plugin v27.4 - https:\/\/yoast.com\/product\/yoast-seo-wordpress\/ -->\n<title>Duck Foie Gras \u201cChunks\u201d Grade A ROUGIE - 1kg\/2.2lb - Le Petit Epicurien<\/title>\n<meta name=\"description\" content=\"Duck Foie Gras cubes are made only from the highest quality duck foie gras, making them the perfect ingredient for a gourmet dish\" \/>\n<meta name=\"robots\" content=\"index, follow, max-snippet:-1, max-image-preview:large, max-video-preview:-1\" \/>\n<link rel=\"canonical\" href=\"https:\/\/www.lepetitepicurien.com\/es\/producto\/trozos-de-foie-gras-de-pato-grado-a-rougie-700-g-1-55-lb\/\" \/>\n<meta property=\"og:locale\" content=\"es_ES\" \/>\n<meta property=\"og:type\" content=\"article\" \/>\n<meta property=\"og:title\" content=\"Duck Foie Gras \u201cChunks\u201d Grade A ROUGIE - 1kg\/2.2lb - Le Petit Epicurien\" \/>\n<meta property=\"og:description\" content=\"Duck Foie Gras cubes are made only from the highest quality duck foie gras, making them the perfect ingredient for a gourmet dish\" \/>\n<meta property=\"og:url\" content=\"https:\/\/www.lepetitepicurien.com\/es\/producto\/trozos-de-foie-gras-de-pato-grado-a-rougie-700-g-1-55-lb\/\" \/>\n<meta property=\"og:site_name\" content=\"Le Petit Epicurien\" \/>\n<meta property=\"article:modified_time\" content=\"2025-04-03T01:31:27+00:00\" \/>\n<meta property=\"og:image\" content=\"https:\/\/www.lepetitepicurien.com\/wp-content\/uploads\/2024\/08\/rougie-chunk.jpg\" \/>\n\t<meta property=\"og:image:width\" content=\"1500\" \/>\n\t<meta property=\"og:image:height\" content=\"1500\" \/>\n\t<meta property=\"og:image:type\" content=\"image\/jpeg\" \/>\n<meta name=\"twitter:card\" content=\"summary_large_image\" \/>\n<meta name=\"twitter:label1\" content=\"Tiempo de lectura\" \/>\n\t<meta name=\"twitter:data1\" content=\"1 minuto\" \/>\n<script type=\"application\/ld+json\" class=\"yoast-schema-graph\">{\"@context\":\"https:\\\/\\\/schema.org\",\"@graph\":[{\"@type\":\"WebPage\",\"@id\":\"https:\\\/\\\/www.lepetitepicurien.com\\\/product\\\/duck-foie-gras-chunks-grade-a-rougie\\\/\",\"url\":\"https:\\\/\\\/www.lepetitepicurien.com\\\/product\\\/duck-foie-gras-chunks-grade-a-rougie\\\/\",\"name\":\"Duck Foie Gras \u201cChunks\u201d Grade A ROUGIE - 1kg\\\/2.2lb - Le Petit Epicurien\",\"isPartOf\":{\"@id\":\"https:\\\/\\\/www.lepetitepicurien.com\\\/#website\"},\"primaryImageOfPage\":{\"@id\":\"https:\\\/\\\/www.lepetitepicurien.com\\\/product\\\/duck-foie-gras-chunks-grade-a-rougie\\\/#primaryimage\"},\"image\":{\"@id\":\"https:\\\/\\\/www.lepetitepicurien.com\\\/product\\\/duck-foie-gras-chunks-grade-a-rougie\\\/#primaryimage\"},\"thumbnailUrl\":\"https:\\\/\\\/www.lepetitepicurien.com\\\/wp-content\\\/uploads\\\/2024\\\/08\\\/rougie-chunk.jpg\",\"datePublished\":\"2024-08-15T02:49:11+00:00\",\"dateModified\":\"2025-04-03T01:31:27+00:00\",\"description\":\"Duck Foie Gras cubes are made only from the highest quality duck foie gras, making them the perfect ingredient for a gourmet dish\",\"breadcrumb\":{\"@id\":\"https:\\\/\\\/www.lepetitepicurien.com\\\/product\\\/duck-foie-gras-chunks-grade-a-rougie\\\/#breadcrumb\"},\"inLanguage\":\"es\",\"potentialAction\":[{\"@type\":\"ReadAction\",\"target\":[\"https:\\\/\\\/www.lepetitepicurien.com\\\/product\\\/duck-foie-gras-chunks-grade-a-rougie\\\/\"]}]},{\"@type\":\"ImageObject\",\"inLanguage\":\"es\",\"@id\":\"https:\\\/\\\/www.lepetitepicurien.com\\\/product\\\/duck-foie-gras-chunks-grade-a-rougie\\\/#primaryimage\",\"url\":\"https:\\\/\\\/www.lepetitepicurien.com\\\/wp-content\\\/uploads\\\/2024\\\/08\\\/rougie-chunk.jpg\",\"contentUrl\":\"https:\\\/\\\/www.lepetitepicurien.com\\\/wp-content\\\/uploads\\\/2024\\\/08\\\/rougie-chunk.jpg\",\"width\":1500,\"height\":1500},{\"@type\":\"BreadcrumbList\",\"@id\":\"https:\\\/\\\/www.lepetitepicurien.com\\\/product\\\/duck-foie-gras-chunks-grade-a-rougie\\\/#breadcrumb\",\"itemListElement\":[{\"@type\":\"ListItem\",\"position\":1,\"name\":\"Home\",\"item\":\"https:\\\/\\\/www.lepetitepicurien.com\\\/\"},{\"@type\":\"ListItem\",\"position\":2,\"name\":\"Shop\",\"item\":\"https:\\\/\\\/www.lepetitepicurien.com\\\/shop\\\/\"},{\"@type\":\"ListItem\",\"position\":3,\"name\":\"Duck Foie Gras \u201cChunks\u201d Grade A ROUGIE &#8211; 1kg\\\/2.2lb\"}]},{\"@type\":\"WebSite\",\"@id\":\"https:\\\/\\\/www.lepetitepicurien.com\\\/#website\",\"url\":\"https:\\\/\\\/www.lepetitepicurien.com\\\/\",\"name\":\"Le Petit Epicurien\",\"description\":\"Online Grocery for European Gourmet Food\",\"publisher\":{\"@id\":\"https:\\\/\\\/www.lepetitepicurien.com\\\/#organization\"},\"potentialAction\":[{\"@type\":\"SearchAction\",\"target\":{\"@type\":\"EntryPoint\",\"urlTemplate\":\"https:\\\/\\\/www.lepetitepicurien.com\\\/?s={search_term_string}\"},\"query-input\":{\"@type\":\"PropertyValueSpecification\",\"valueRequired\":true,\"valueName\":\"search_term_string\"}}],\"inLanguage\":\"es\"},{\"@type\":\"Organization\",\"@id\":\"https:\\\/\\\/www.lepetitepicurien.com\\\/#organization\",\"name\":\"Le Petit Epicurien\",\"url\":\"https:\\\/\\\/www.lepetitepicurien.com\\\/\",\"logo\":{\"@type\":\"ImageObject\",\"inLanguage\":\"es\",\"@id\":\"https:\\\/\\\/www.lepetitepicurien.com\\\/#\\\/schema\\\/logo\\\/image\\\/\",\"url\":\"https:\\\/\\\/www.lepetitepicurien.com\\\/wp-content\\\/uploads\\\/2024\\\/03\\\/logo.png\",\"contentUrl\":\"https:\\\/\\\/www.lepetitepicurien.com\\\/wp-content\\\/uploads\\\/2024\\\/03\\\/logo.png\",\"width\":1024,\"height\":1024,\"caption\":\"Le Petit Epicurien\"},\"image\":{\"@id\":\"https:\\\/\\\/www.lepetitepicurien.com\\\/#\\\/schema\\\/logo\\\/image\\\/\"}}]}<\/script>\n<!-- \/ Yoast SEO plugin. -->","yoast_head_json":{"title":"Foie Gras de Pato \u201cTrozos\u201d Grado A ROUGIE - 1kg\/2.2lb - Le Petit Epicurien","description":"Los cubos de foie gras de pato est\u00e1n elaborados \u00fanicamente con foie gras de pato de la m\u00e1s alta calidad, lo que los convierte en el ingrediente perfecto para un plato gourmet.","robots":{"index":"index","follow":"follow","max-snippet":"max-snippet:-1","max-image-preview":"max-image-preview:large","max-video-preview":"max-video-preview:-1"},"canonical":"https:\/\/www.lepetitepicurien.com\/es\/producto\/trozos-de-foie-gras-de-pato-grado-a-rougie-700-g-1-55-lb\/","og_locale":"es_ES","og_type":"article","og_title":"Duck Foie Gras \u201cChunks\u201d Grade A ROUGIE - 1kg\/2.2lb - Le Petit Epicurien","og_description":"Duck Foie Gras cubes are made only from the highest quality duck foie gras, making them the perfect ingredient for a gourmet dish","og_url":"https:\/\/www.lepetitepicurien.com\/es\/producto\/trozos-de-foie-gras-de-pato-grado-a-rougie-700-g-1-55-lb\/","og_site_name":"Le Petit Epicurien","article_modified_time":"2025-04-03T01:31:27+00:00","og_image":[{"width":1500,"height":1500,"url":"https:\/\/www.lepetitepicurien.com\/wp-content\/uploads\/2024\/08\/rougie-chunk.jpg","type":"image\/jpeg"}],"twitter_card":"summary_large_image","twitter_misc":{"Tiempo de lectura":"1 minuto"},"schema":{"@context":"https:\/\/schema.org","@graph":[{"@type":"WebPage","@id":"https:\/\/www.lepetitepicurien.com\/product\/duck-foie-gras-chunks-grade-a-rougie\/","url":"https:\/\/www.lepetitepicurien.com\/product\/duck-foie-gras-chunks-grade-a-rougie\/","name":"Foie Gras de Pato \u201cTrozos\u201d Grado A ROUGIE - 1kg\/2.2lb - Le Petit Epicurien","isPartOf":{"@id":"https:\/\/www.lepetitepicurien.com\/#website"},"primaryImageOfPage":{"@id":"https:\/\/www.lepetitepicurien.com\/product\/duck-foie-gras-chunks-grade-a-rougie\/#primaryimage"},"image":{"@id":"https:\/\/www.lepetitepicurien.com\/product\/duck-foie-gras-chunks-grade-a-rougie\/#primaryimage"},"thumbnailUrl":"https:\/\/www.lepetitepicurien.com\/wp-content\/uploads\/2024\/08\/rougie-chunk.jpg","datePublished":"2024-08-15T02:49:11+00:00","dateModified":"2025-04-03T01:31:27+00:00","description":"Los cubos de foie gras de pato est\u00e1n elaborados \u00fanicamente con foie gras de pato de la m\u00e1s alta calidad, lo que los convierte en el ingrediente perfecto para un plato gourmet.","breadcrumb":{"@id":"https:\/\/www.lepetitepicurien.com\/product\/duck-foie-gras-chunks-grade-a-rougie\/#breadcrumb"},"inLanguage":"es","potentialAction":[{"@type":"ReadAction","target":["https:\/\/www.lepetitepicurien.com\/product\/duck-foie-gras-chunks-grade-a-rougie\/"]}]},{"@type":"ImageObject","inLanguage":"es","@id":"https:\/\/www.lepetitepicurien.com\/product\/duck-foie-gras-chunks-grade-a-rougie\/#primaryimage","url":"https:\/\/www.lepetitepicurien.com\/wp-content\/uploads\/2024\/08\/rougie-chunk.jpg","contentUrl":"https:\/\/www.lepetitepicurien.com\/wp-content\/uploads\/2024\/08\/rougie-chunk.jpg","width":1500,"height":1500},{"@type":"BreadcrumbList","@id":"https:\/\/www.lepetitepicurien.com\/product\/duck-foie-gras-chunks-grade-a-rougie\/#breadcrumb","itemListElement":[{"@type":"ListItem","position":1,"name":"Home","item":"https:\/\/www.lepetitepicurien.com\/"},{"@type":"ListItem","position":2,"name":"Shop","item":"https:\/\/www.lepetitepicurien.com\/shop\/"},{"@type":"ListItem","position":3,"name":"Duck Foie Gras \u201cChunks\u201d Grade A ROUGIE &#8211; 1kg\/2.2lb"}]},{"@type":"WebSite","@id":"https:\/\/www.lepetitepicurien.com\/#website","url":"https:\/\/www.lepetitepicurien.com\/","name":"El peque\u00f1o epicurien","description":"Tienda de alimentaci\u00f3n online de comida gourmet europea","publisher":{"@id":"https:\/\/www.lepetitepicurien.com\/#organization"},"potentialAction":[{"@type":"SearchAction","target":{"@type":"EntryPoint","urlTemplate":"https:\/\/www.lepetitepicurien.com\/?s={search_term_string}"},"query-input":{"@type":"PropertyValueSpecification","valueRequired":true,"valueName":"search_term_string"}}],"inLanguage":"es"},{"@type":"Organization","@id":"https:\/\/www.lepetitepicurien.com\/#organization","name":"El peque\u00f1o epicurien","url":"https:\/\/www.lepetitepicurien.com\/","logo":{"@type":"ImageObject","inLanguage":"es","@id":"https:\/\/www.lepetitepicurien.com\/#\/schema\/logo\/image\/","url":"https:\/\/www.lepetitepicurien.com\/wp-content\/uploads\/2024\/03\/logo.png","contentUrl":"https:\/\/www.lepetitepicurien.com\/wp-content\/uploads\/2024\/03\/logo.png","width":1024,"height":1024,"caption":"Le Petit Epicurien"},"image":{"@id":"https:\/\/www.lepetitepicurien.com\/#\/schema\/logo\/image\/"}}]}},"jetpack_sharing_enabled":true,"_links":{"self":[{"href":"http:\/\/www.lepetitepicurien.com\/es\/wp-json\/wp\/v2\/product\/615","targetHints":{"allow":["GET"]}}],"collection":[{"href":"http:\/\/www.lepetitepicurien.com\/es\/wp-json\/wp\/v2\/product"}],"about":[{"href":"http:\/\/www.lepetitepicurien.com\/es\/wp-json\/wp\/v2\/types\/product"}],"wp:featuredmedia":[{"embeddable":true,"href":"http:\/\/www.lepetitepicurien.com\/es\/wp-json\/wp\/v2\/media\/684"}],"wp:attachment":[{"href":"http:\/\/www.lepetitepicurien.com\/es\/wp-json\/wp\/v2\/media?parent=615"}],"wp:term":[{"taxonomy":"product_brand","embeddable":true,"href":"http:\/\/www.lepetitepicurien.com\/es\/wp-json\/wp\/v2\/product_brand?post=615"},{"taxonomy":"product_cat","embeddable":true,"href":"http:\/\/www.lepetitepicurien.com\/es\/wp-json\/wp\/v2\/product_cat?post=615"},{"taxonomy":"product_tag","embeddable":true,"href":"http:\/\/www.lepetitepicurien.com\/es\/wp-json\/wp\/v2\/product_tag?post=615"}],"curies":[{"name":"wp","href":"https:\/\/api.w.org\/{rel}","templated":true}]}}