{"id":616,"date":"2024-08-14T22:49:11","date_gmt":"2024-08-15T02:49:11","guid":{"rendered":"https:\/\/www.lepetitepicurien.com\/?post_type=product&#038;p=616"},"modified":"2025-04-02T21:31:27","modified_gmt":"2025-04-03T01:31:27","slug":"duck-mousse-w-porto-wine-pork-free-1-6kg-3-5lb","status":"publish","type":"product","link":"http:\/\/www.lepetitepicurien.com\/es\/product\/duck-mousse-w-porto-wine-pork-free-1-6kg-3-5lb\/","title":{"rendered":"Mousse de pato con vino de Oporto (sin cerdo) 1,6 kg\/3,5 lb"},"content":{"rendered":"<p>Los pat\u00e9s y mousses horneados al horno de Fabrique Delices se elaboran de forma artesanal seg\u00fan aut\u00e9nticas recetas francesas. No contienen ning\u00fan saborizante artificial, colorante ni glutamato monos\u00f3dico. Esta mousse sedosa est\u00e1 hecha de h\u00edgados de pato frescos marinados en vino de Oporto. Es un excelente aperitivo y combina bien con buena mostaza, pepinillos franceses, aceitunas y pan tostado. Muchos de los productos de Fabrique Delices se han servido en la Casa Blanca.<\/p>","protected":false},"excerpt":{"rendered":"<p>Una mousse sedosa de h\u00edgados de pato frescos marinados en vino de Oporto. Una mousse sedosa de h\u00edgados de pato frescos con vino de Oporto. Delicioso sobre una crujiente baguette francesa. Se puede servir como aperitivo o como un tradicional s\u00e1ndwich de pat\u00e9 franc\u00e9s con pepinillos.<\/p>","protected":false},"featured_media":634,"template":"","meta":[],"product_brand":[],"product_cat":[31],"product_tag":[],"class_list":{"0":"post-616","1":"product","2":"type-product","3":"status-publish","4":"has-post-thumbnail","6":"product_cat-duck-foie-gras","7":"product_shipping_class-frozen","9":"first","10":"instock","11":"taxable","12":"shipping-taxable","13":"purchasable","14":"product-type-simple"},"yoast_head":"<!-- This site is optimized with the Yoast SEO plugin v27.4 - https:\/\/yoast.com\/product\/yoast-seo-wordpress\/ -->\n<title>Duck Mousse W\/Porto Wine - pork free - 1.6kg\/3.5lb - Le Petit Epicurien<\/title>\n<meta name=\"robots\" content=\"index, follow, max-snippet:-1, max-image-preview:large, max-video-preview:-1\" \/>\n<link rel=\"canonical\" href=\"https:\/\/www.lepetitepicurien.com\/es\/producto\/mousse-de-pato-al-vino-de-oporto-sin-cerdo-16-kg-35-lb\/\" \/>\n<meta property=\"og:locale\" content=\"es_ES\" \/>\n<meta property=\"og:type\" content=\"article\" \/>\n<meta property=\"og:title\" content=\"Duck Mousse W\/Porto Wine - pork free - 1.6kg\/3.5lb - Le Petit Epicurien\" \/>\n<meta property=\"og:description\" content=\"A silky mousse of fresh duck livers marinated in Port wine.\u00a0A silky mousse of fresh duck livers with port wine. Delicious on crusty French baguette. It can be served as an apetizer or a traditional French Pat\u00e9 sandwich with cornichons.\" \/>\n<meta property=\"og:url\" content=\"https:\/\/www.lepetitepicurien.com\/es\/producto\/mousse-de-pato-al-vino-de-oporto-sin-cerdo-16-kg-35-lb\/\" \/>\n<meta property=\"og:site_name\" content=\"Le Petit Epicurien\" \/>\n<meta property=\"article:modified_time\" content=\"2025-04-03T01:31:27+00:00\" \/>\n<meta property=\"og:image\" content=\"https:\/\/www.lepetitepicurien.com\/wp-content\/uploads\/2024\/08\/FGT0002-2-1.jpg\" \/>\n\t<meta property=\"og:image:width\" content=\"600\" \/>\n\t<meta property=\"og:image:height\" content=\"600\" \/>\n\t<meta property=\"og:image:type\" content=\"image\/jpeg\" \/>\n<meta name=\"twitter:card\" content=\"summary_large_image\" \/>\n<meta name=\"twitter:label1\" content=\"Tiempo de lectura\" \/>\n\t<meta name=\"twitter:data1\" content=\"1 minuto\" \/>\n<script type=\"application\/ld+json\" class=\"yoast-schema-graph\">{\"@context\":\"https:\\\/\\\/schema.org\",\"@graph\":[{\"@type\":\"WebPage\",\"@id\":\"https:\\\/\\\/www.lepetitepicurien.com\\\/product\\\/duck-mousse-w-porto-wine-pork-free-1-6kg-3-5lb\\\/\",\"url\":\"https:\\\/\\\/www.lepetitepicurien.com\\\/product\\\/duck-mousse-w-porto-wine-pork-free-1-6kg-3-5lb\\\/\",\"name\":\"Duck Mousse W\\\/Porto Wine - pork free - 1.6kg\\\/3.5lb - Le Petit Epicurien\",\"isPartOf\":{\"@id\":\"https:\\\/\\\/www.lepetitepicurien.com\\\/#website\"},\"primaryImageOfPage\":{\"@id\":\"https:\\\/\\\/www.lepetitepicurien.com\\\/product\\\/duck-mousse-w-porto-wine-pork-free-1-6kg-3-5lb\\\/#primaryimage\"},\"image\":{\"@id\":\"https:\\\/\\\/www.lepetitepicurien.com\\\/product\\\/duck-mousse-w-porto-wine-pork-free-1-6kg-3-5lb\\\/#primaryimage\"},\"thumbnailUrl\":\"https:\\\/\\\/www.lepetitepicurien.com\\\/wp-content\\\/uploads\\\/2024\\\/08\\\/FGT0002-2-1.jpg\",\"datePublished\":\"2024-08-15T02:49:11+00:00\",\"dateModified\":\"2025-04-03T01:31:27+00:00\",\"breadcrumb\":{\"@id\":\"https:\\\/\\\/www.lepetitepicurien.com\\\/product\\\/duck-mousse-w-porto-wine-pork-free-1-6kg-3-5lb\\\/#breadcrumb\"},\"inLanguage\":\"es\",\"potentialAction\":[{\"@type\":\"ReadAction\",\"target\":[\"https:\\\/\\\/www.lepetitepicurien.com\\\/product\\\/duck-mousse-w-porto-wine-pork-free-1-6kg-3-5lb\\\/\"]}]},{\"@type\":\"ImageObject\",\"inLanguage\":\"es\",\"@id\":\"https:\\\/\\\/www.lepetitepicurien.com\\\/product\\\/duck-mousse-w-porto-wine-pork-free-1-6kg-3-5lb\\\/#primaryimage\",\"url\":\"https:\\\/\\\/www.lepetitepicurien.com\\\/wp-content\\\/uploads\\\/2024\\\/08\\\/FGT0002-2-1.jpg\",\"contentUrl\":\"https:\\\/\\\/www.lepetitepicurien.com\\\/wp-content\\\/uploads\\\/2024\\\/08\\\/FGT0002-2-1.jpg\",\"width\":600,\"height\":600},{\"@type\":\"BreadcrumbList\",\"@id\":\"https:\\\/\\\/www.lepetitepicurien.com\\\/product\\\/duck-mousse-w-porto-wine-pork-free-1-6kg-3-5lb\\\/#breadcrumb\",\"itemListElement\":[{\"@type\":\"ListItem\",\"position\":1,\"name\":\"Home\",\"item\":\"https:\\\/\\\/www.lepetitepicurien.com\\\/\"},{\"@type\":\"ListItem\",\"position\":2,\"name\":\"Shop\",\"item\":\"https:\\\/\\\/www.lepetitepicurien.com\\\/shop\\\/\"},{\"@type\":\"ListItem\",\"position\":3,\"name\":\"Duck Mousse W\\\/Porto Wine &#8211; pork free &#8211; 1.6kg\\\/3.5lb\"}]},{\"@type\":\"WebSite\",\"@id\":\"https:\\\/\\\/www.lepetitepicurien.com\\\/#website\",\"url\":\"https:\\\/\\\/www.lepetitepicurien.com\\\/\",\"name\":\"Le Petit Epicurien\",\"description\":\"Online Grocery for European Gourmet Food\",\"publisher\":{\"@id\":\"https:\\\/\\\/www.lepetitepicurien.com\\\/#organization\"},\"potentialAction\":[{\"@type\":\"SearchAction\",\"target\":{\"@type\":\"EntryPoint\",\"urlTemplate\":\"https:\\\/\\\/www.lepetitepicurien.com\\\/?s={search_term_string}\"},\"query-input\":{\"@type\":\"PropertyValueSpecification\",\"valueRequired\":true,\"valueName\":\"search_term_string\"}}],\"inLanguage\":\"es\"},{\"@type\":\"Organization\",\"@id\":\"https:\\\/\\\/www.lepetitepicurien.com\\\/#organization\",\"name\":\"Le Petit Epicurien\",\"url\":\"https:\\\/\\\/www.lepetitepicurien.com\\\/\",\"logo\":{\"@type\":\"ImageObject\",\"inLanguage\":\"es\",\"@id\":\"https:\\\/\\\/www.lepetitepicurien.com\\\/#\\\/schema\\\/logo\\\/image\\\/\",\"url\":\"https:\\\/\\\/www.lepetitepicurien.com\\\/wp-content\\\/uploads\\\/2024\\\/03\\\/logo.png\",\"contentUrl\":\"https:\\\/\\\/www.lepetitepicurien.com\\\/wp-content\\\/uploads\\\/2024\\\/03\\\/logo.png\",\"width\":1024,\"height\":1024,\"caption\":\"Le Petit Epicurien\"},\"image\":{\"@id\":\"https:\\\/\\\/www.lepetitepicurien.com\\\/#\\\/schema\\\/logo\\\/image\\\/\"}}]}<\/script>\n<!-- \/ Yoast SEO plugin. -->","yoast_head_json":{"title":"Mousse de pato con vino de Oporto - sin cerdo - 1,6 kg\/3,5 lb - Le Petit Epicurien","robots":{"index":"index","follow":"follow","max-snippet":"max-snippet:-1","max-image-preview":"max-image-preview:large","max-video-preview":"max-video-preview:-1"},"canonical":"https:\/\/www.lepetitepicurien.com\/es\/producto\/mousse-de-pato-al-vino-de-oporto-sin-cerdo-16-kg-35-lb\/","og_locale":"es_ES","og_type":"article","og_title":"Duck Mousse W\/Porto Wine - pork free - 1.6kg\/3.5lb - Le Petit Epicurien","og_description":"A silky mousse of fresh duck livers marinated in Port wine.\u00a0A silky mousse of fresh duck livers with port wine. Delicious on crusty French baguette. It can be served as an apetizer or a traditional French Pat\u00e9 sandwich with cornichons.","og_url":"https:\/\/www.lepetitepicurien.com\/es\/producto\/mousse-de-pato-al-vino-de-oporto-sin-cerdo-16-kg-35-lb\/","og_site_name":"Le Petit Epicurien","article_modified_time":"2025-04-03T01:31:27+00:00","og_image":[{"width":600,"height":600,"url":"https:\/\/www.lepetitepicurien.com\/wp-content\/uploads\/2024\/08\/FGT0002-2-1.jpg","type":"image\/jpeg"}],"twitter_card":"summary_large_image","twitter_misc":{"Tiempo de lectura":"1 minuto"},"schema":{"@context":"https:\/\/schema.org","@graph":[{"@type":"WebPage","@id":"https:\/\/www.lepetitepicurien.com\/product\/duck-mousse-w-porto-wine-pork-free-1-6kg-3-5lb\/","url":"https:\/\/www.lepetitepicurien.com\/product\/duck-mousse-w-porto-wine-pork-free-1-6kg-3-5lb\/","name":"Mousse de pato con vino de Oporto - sin cerdo - 1,6 kg\/3,5 lb - Le Petit Epicurien","isPartOf":{"@id":"https:\/\/www.lepetitepicurien.com\/#website"},"primaryImageOfPage":{"@id":"https:\/\/www.lepetitepicurien.com\/product\/duck-mousse-w-porto-wine-pork-free-1-6kg-3-5lb\/#primaryimage"},"image":{"@id":"https:\/\/www.lepetitepicurien.com\/product\/duck-mousse-w-porto-wine-pork-free-1-6kg-3-5lb\/#primaryimage"},"thumbnailUrl":"https:\/\/www.lepetitepicurien.com\/wp-content\/uploads\/2024\/08\/FGT0002-2-1.jpg","datePublished":"2024-08-15T02:49:11+00:00","dateModified":"2025-04-03T01:31:27+00:00","breadcrumb":{"@id":"https:\/\/www.lepetitepicurien.com\/product\/duck-mousse-w-porto-wine-pork-free-1-6kg-3-5lb\/#breadcrumb"},"inLanguage":"es","potentialAction":[{"@type":"ReadAction","target":["https:\/\/www.lepetitepicurien.com\/product\/duck-mousse-w-porto-wine-pork-free-1-6kg-3-5lb\/"]}]},{"@type":"ImageObject","inLanguage":"es","@id":"https:\/\/www.lepetitepicurien.com\/product\/duck-mousse-w-porto-wine-pork-free-1-6kg-3-5lb\/#primaryimage","url":"https:\/\/www.lepetitepicurien.com\/wp-content\/uploads\/2024\/08\/FGT0002-2-1.jpg","contentUrl":"https:\/\/www.lepetitepicurien.com\/wp-content\/uploads\/2024\/08\/FGT0002-2-1.jpg","width":600,"height":600},{"@type":"BreadcrumbList","@id":"https:\/\/www.lepetitepicurien.com\/product\/duck-mousse-w-porto-wine-pork-free-1-6kg-3-5lb\/#breadcrumb","itemListElement":[{"@type":"ListItem","position":1,"name":"Home","item":"https:\/\/www.lepetitepicurien.com\/"},{"@type":"ListItem","position":2,"name":"Shop","item":"https:\/\/www.lepetitepicurien.com\/shop\/"},{"@type":"ListItem","position":3,"name":"Duck Mousse W\/Porto Wine &#8211; pork free &#8211; 1.6kg\/3.5lb"}]},{"@type":"WebSite","@id":"https:\/\/www.lepetitepicurien.com\/#website","url":"https:\/\/www.lepetitepicurien.com\/","name":"El peque\u00f1o epicurien","description":"Tienda de alimentaci\u00f3n online de comida gourmet europea","publisher":{"@id":"https:\/\/www.lepetitepicurien.com\/#organization"},"potentialAction":[{"@type":"SearchAction","target":{"@type":"EntryPoint","urlTemplate":"https:\/\/www.lepetitepicurien.com\/?s={search_term_string}"},"query-input":{"@type":"PropertyValueSpecification","valueRequired":true,"valueName":"search_term_string"}}],"inLanguage":"es"},{"@type":"Organization","@id":"https:\/\/www.lepetitepicurien.com\/#organization","name":"El peque\u00f1o epicurien","url":"https:\/\/www.lepetitepicurien.com\/","logo":{"@type":"ImageObject","inLanguage":"es","@id":"https:\/\/www.lepetitepicurien.com\/#\/schema\/logo\/image\/","url":"https:\/\/www.lepetitepicurien.com\/wp-content\/uploads\/2024\/03\/logo.png","contentUrl":"https:\/\/www.lepetitepicurien.com\/wp-content\/uploads\/2024\/03\/logo.png","width":1024,"height":1024,"caption":"Le Petit Epicurien"},"image":{"@id":"https:\/\/www.lepetitepicurien.com\/#\/schema\/logo\/image\/"}}]}},"jetpack_sharing_enabled":true,"_links":{"self":[{"href":"http:\/\/www.lepetitepicurien.com\/es\/wp-json\/wp\/v2\/product\/616","targetHints":{"allow":["GET"]}}],"collection":[{"href":"http:\/\/www.lepetitepicurien.com\/es\/wp-json\/wp\/v2\/product"}],"about":[{"href":"http:\/\/www.lepetitepicurien.com\/es\/wp-json\/wp\/v2\/types\/product"}],"wp:featuredmedia":[{"embeddable":true,"href":"http:\/\/www.lepetitepicurien.com\/es\/wp-json\/wp\/v2\/media\/634"}],"wp:attachment":[{"href":"http:\/\/www.lepetitepicurien.com\/es\/wp-json\/wp\/v2\/media?parent=616"}],"wp:term":[{"taxonomy":"product_brand","embeddable":true,"href":"http:\/\/www.lepetitepicurien.com\/es\/wp-json\/wp\/v2\/product_brand?post=616"},{"taxonomy":"product_cat","embeddable":true,"href":"http:\/\/www.lepetitepicurien.com\/es\/wp-json\/wp\/v2\/product_cat?post=616"},{"taxonomy":"product_tag","embeddable":true,"href":"http:\/\/www.lepetitepicurien.com\/es\/wp-json\/wp\/v2\/product_tag?post=616"}],"curies":[{"name":"wp","href":"https:\/\/api.w.org\/{rel}","templated":true}]}}