{"id":620,"date":"2024-08-14T22:49:11","date_gmt":"2024-08-15T02:49:11","guid":{"rendered":"https:\/\/www.lepetitepicurien.com\/?post_type=product&#038;p=620"},"modified":"2026-01-13T12:40:36","modified_gmt":"2026-01-13T17:40:36","slug":"butter-isigny-unsalted-82-250g-8-82oz","status":"publish","type":"product","link":"https:\/\/www.lepetitepicurien.com\/es\/product\/butter-isigny-unsalted-82-250g-8-82oz\/","title":{"rendered":"Mantequilla Isigny sin sal 82% \u2013 250 g\/8,82 oz"},"content":{"rendered":"<p>El suelo de Isigny es blando y h\u00famedo y las vacas se alimentan de pasto rico en yodo y betacaroteno. El origen de esta mantequilla suave est\u00e1 protegido por la AOC (Denominaci\u00f3n de Origen Controlada). En su envase tradicional y presentaci\u00f3n en barra. Sustituiremos productos similares o comparables si la mantequilla no est\u00e1 disponible.<\/p>","protected":false},"excerpt":{"rendered":"<p>El sabor es lo que distingue a esta mantequilla del resto: hecha con nata fermentada, tiene un sabor \u00e1cido y notas de avellana. La atractiva mantequilla amarilla tiene toques de sabor a avellana, una textura flexible, fina y el\u00e1stica, y est\u00e1 repleta de vitamina A.<\/p>","protected":false},"featured_media":712,"template":"","meta":[],"product_brand":[],"product_cat":[30],"product_tag":[],"class_list":{"0":"post-620","1":"product","2":"type-product","3":"status-publish","4":"has-post-thumbnail","6":"product_cat-cheeses","7":"product_shipping_class-cooler","9":"first","10":"outofstock","11":"taxable","12":"shipping-taxable","13":"purchasable","14":"product-type-simple"},"yoast_head":"<!-- This site is optimized with the Yoast SEO plugin v27.5 - https:\/\/yoast.com\/product\/yoast-seo-wordpress\/ -->\n<title>Butter Isigny Unsalted 82% - 250g\/8.82oz - Le Petit Epicurien<\/title>\n<meta name=\"robots\" content=\"index, follow, max-snippet:-1, max-image-preview:large, max-video-preview:-1\" \/>\n<link rel=\"canonical\" href=\"https:\/\/www.lepetitepicurien.com\/es\/producto\/mantequilla-isigny-sin-sal-82-250g-8-82oz\/\" \/>\n<meta property=\"og:locale\" content=\"es_ES\" \/>\n<meta property=\"og:type\" content=\"article\" \/>\n<meta property=\"og:title\" content=\"Butter Isigny Unsalted 82% - 250g\/8.82oz - Le Petit Epicurien\" \/>\n<meta property=\"og:description\" content=\"Taste is what sets this butter apart from the rest: made of cream that&#039;s allowed to culture, it has a tangy richness and hazelnut notes. The appealing yellow butter has hints of hazelnut flavors, a flexible, fine and elastic texture, and is full of vitamin A.\" \/>\n<meta property=\"og:url\" content=\"https:\/\/www.lepetitepicurien.com\/es\/producto\/mantequilla-isigny-sin-sal-82-250g-8-82oz\/\" \/>\n<meta property=\"og:site_name\" content=\"Le Petit Epicurien\" \/>\n<meta property=\"article:modified_time\" content=\"2026-01-13T17:40:36+00:00\" \/>\n<meta property=\"og:image\" content=\"https:\/\/www.lepetitepicurien.com\/wp-content\/uploads\/2024\/08\/butter-isigny-unsalted.jpg\" \/>\n\t<meta property=\"og:image:width\" content=\"650\" \/>\n\t<meta property=\"og:image:height\" content=\"650\" \/>\n\t<meta property=\"og:image:type\" content=\"image\/jpeg\" \/>\n<meta name=\"twitter:card\" content=\"summary_large_image\" \/>\n<meta name=\"twitter:label1\" content=\"Tiempo de lectura\" \/>\n\t<meta name=\"twitter:data1\" content=\"1 minuto\" \/>\n<script type=\"application\/ld+json\" class=\"yoast-schema-graph\">{\"@context\":\"https:\\\/\\\/schema.org\",\"@graph\":[{\"@type\":\"WebPage\",\"@id\":\"https:\\\/\\\/www.lepetitepicurien.com\\\/product\\\/butter-isigny-unsalted-82-250g-8-82oz\\\/\",\"url\":\"https:\\\/\\\/www.lepetitepicurien.com\\\/product\\\/butter-isigny-unsalted-82-250g-8-82oz\\\/\",\"name\":\"Butter Isigny Unsalted 82% - 250g\\\/8.82oz - Le Petit Epicurien\",\"isPartOf\":{\"@id\":\"https:\\\/\\\/www.lepetitepicurien.com\\\/#website\"},\"primaryImageOfPage\":{\"@id\":\"https:\\\/\\\/www.lepetitepicurien.com\\\/product\\\/butter-isigny-unsalted-82-250g-8-82oz\\\/#primaryimage\"},\"image\":{\"@id\":\"https:\\\/\\\/www.lepetitepicurien.com\\\/product\\\/butter-isigny-unsalted-82-250g-8-82oz\\\/#primaryimage\"},\"thumbnailUrl\":\"https:\\\/\\\/www.lepetitepicurien.com\\\/wp-content\\\/uploads\\\/2024\\\/08\\\/butter-isigny-unsalted.jpg\",\"datePublished\":\"2024-08-15T02:49:11+00:00\",\"dateModified\":\"2026-01-13T17:40:36+00:00\",\"breadcrumb\":{\"@id\":\"https:\\\/\\\/www.lepetitepicurien.com\\\/product\\\/butter-isigny-unsalted-82-250g-8-82oz\\\/#breadcrumb\"},\"inLanguage\":\"es\",\"potentialAction\":[{\"@type\":\"ReadAction\",\"target\":[\"https:\\\/\\\/www.lepetitepicurien.com\\\/product\\\/butter-isigny-unsalted-82-250g-8-82oz\\\/\"]}]},{\"@type\":\"ImageObject\",\"inLanguage\":\"es\",\"@id\":\"https:\\\/\\\/www.lepetitepicurien.com\\\/product\\\/butter-isigny-unsalted-82-250g-8-82oz\\\/#primaryimage\",\"url\":\"https:\\\/\\\/www.lepetitepicurien.com\\\/wp-content\\\/uploads\\\/2024\\\/08\\\/butter-isigny-unsalted.jpg\",\"contentUrl\":\"https:\\\/\\\/www.lepetitepicurien.com\\\/wp-content\\\/uploads\\\/2024\\\/08\\\/butter-isigny-unsalted.jpg\",\"width\":650,\"height\":650},{\"@type\":\"BreadcrumbList\",\"@id\":\"https:\\\/\\\/www.lepetitepicurien.com\\\/product\\\/butter-isigny-unsalted-82-250g-8-82oz\\\/#breadcrumb\",\"itemListElement\":[{\"@type\":\"ListItem\",\"position\":1,\"name\":\"Home\",\"item\":\"https:\\\/\\\/www.lepetitepicurien.com\\\/\"},{\"@type\":\"ListItem\",\"position\":2,\"name\":\"Shop\",\"item\":\"https:\\\/\\\/www.lepetitepicurien.com\\\/shop\\\/\"},{\"@type\":\"ListItem\",\"position\":3,\"name\":\"Butter Isigny Unsalted 82% &#8211; 250g\\\/8.82oz\"}]},{\"@type\":\"WebSite\",\"@id\":\"https:\\\/\\\/www.lepetitepicurien.com\\\/#website\",\"url\":\"https:\\\/\\\/www.lepetitepicurien.com\\\/\",\"name\":\"Le Petit Epicurien\",\"description\":\"Online Grocery for European Gourmet Food\",\"publisher\":{\"@id\":\"https:\\\/\\\/www.lepetitepicurien.com\\\/#organization\"},\"potentialAction\":[{\"@type\":\"SearchAction\",\"target\":{\"@type\":\"EntryPoint\",\"urlTemplate\":\"https:\\\/\\\/www.lepetitepicurien.com\\\/?s={search_term_string}\"},\"query-input\":{\"@type\":\"PropertyValueSpecification\",\"valueRequired\":true,\"valueName\":\"search_term_string\"}}],\"inLanguage\":\"es\"},{\"@type\":\"Organization\",\"@id\":\"https:\\\/\\\/www.lepetitepicurien.com\\\/#organization\",\"name\":\"Le Petit Epicurien\",\"url\":\"https:\\\/\\\/www.lepetitepicurien.com\\\/\",\"logo\":{\"@type\":\"ImageObject\",\"inLanguage\":\"es\",\"@id\":\"https:\\\/\\\/www.lepetitepicurien.com\\\/#\\\/schema\\\/logo\\\/image\\\/\",\"url\":\"https:\\\/\\\/www.lepetitepicurien.com\\\/wp-content\\\/uploads\\\/2024\\\/03\\\/logo.png\",\"contentUrl\":\"https:\\\/\\\/www.lepetitepicurien.com\\\/wp-content\\\/uploads\\\/2024\\\/03\\\/logo.png\",\"width\":1024,\"height\":1024,\"caption\":\"Le Petit Epicurien\"},\"image\":{\"@id\":\"https:\\\/\\\/www.lepetitepicurien.com\\\/#\\\/schema\\\/logo\\\/image\\\/\"}}]}<\/script>\n<!-- \/ Yoast SEO plugin. -->","yoast_head_json":{"title":"Mantequilla Isigny sin sal 82% - 250 g\/8,82 oz - Le Petit Epicurien","robots":{"index":"index","follow":"follow","max-snippet":"max-snippet:-1","max-image-preview":"max-image-preview:large","max-video-preview":"max-video-preview:-1"},"canonical":"https:\/\/www.lepetitepicurien.com\/es\/producto\/mantequilla-isigny-sin-sal-82-250g-8-82oz\/","og_locale":"es_ES","og_type":"article","og_title":"Butter Isigny Unsalted 82% - 250g\/8.82oz - Le Petit Epicurien","og_description":"Taste is what sets this butter apart from the rest: made of cream that's allowed to culture, it has a tangy richness and hazelnut notes. The appealing yellow butter has hints of hazelnut flavors, a flexible, fine and elastic texture, and is full of vitamin A.","og_url":"https:\/\/www.lepetitepicurien.com\/es\/producto\/mantequilla-isigny-sin-sal-82-250g-8-82oz\/","og_site_name":"Le Petit Epicurien","article_modified_time":"2026-01-13T17:40:36+00:00","og_image":[{"width":650,"height":650,"url":"https:\/\/www.lepetitepicurien.com\/wp-content\/uploads\/2024\/08\/butter-isigny-unsalted.jpg","type":"image\/jpeg"}],"twitter_card":"summary_large_image","twitter_misc":{"Tiempo de lectura":"1 minuto"},"schema":{"@context":"https:\/\/schema.org","@graph":[{"@type":"WebPage","@id":"https:\/\/www.lepetitepicurien.com\/product\/butter-isigny-unsalted-82-250g-8-82oz\/","url":"https:\/\/www.lepetitepicurien.com\/product\/butter-isigny-unsalted-82-250g-8-82oz\/","name":"Mantequilla Isigny sin sal 82% - 250 g\/8,82 oz - Le Petit Epicurien","isPartOf":{"@id":"https:\/\/www.lepetitepicurien.com\/#website"},"primaryImageOfPage":{"@id":"https:\/\/www.lepetitepicurien.com\/product\/butter-isigny-unsalted-82-250g-8-82oz\/#primaryimage"},"image":{"@id":"https:\/\/www.lepetitepicurien.com\/product\/butter-isigny-unsalted-82-250g-8-82oz\/#primaryimage"},"thumbnailUrl":"https:\/\/www.lepetitepicurien.com\/wp-content\/uploads\/2024\/08\/butter-isigny-unsalted.jpg","datePublished":"2024-08-15T02:49:11+00:00","dateModified":"2026-01-13T17:40:36+00:00","breadcrumb":{"@id":"https:\/\/www.lepetitepicurien.com\/product\/butter-isigny-unsalted-82-250g-8-82oz\/#breadcrumb"},"inLanguage":"es","potentialAction":[{"@type":"ReadAction","target":["https:\/\/www.lepetitepicurien.com\/product\/butter-isigny-unsalted-82-250g-8-82oz\/"]}]},{"@type":"ImageObject","inLanguage":"es","@id":"https:\/\/www.lepetitepicurien.com\/product\/butter-isigny-unsalted-82-250g-8-82oz\/#primaryimage","url":"https:\/\/www.lepetitepicurien.com\/wp-content\/uploads\/2024\/08\/butter-isigny-unsalted.jpg","contentUrl":"https:\/\/www.lepetitepicurien.com\/wp-content\/uploads\/2024\/08\/butter-isigny-unsalted.jpg","width":650,"height":650},{"@type":"BreadcrumbList","@id":"https:\/\/www.lepetitepicurien.com\/product\/butter-isigny-unsalted-82-250g-8-82oz\/#breadcrumb","itemListElement":[{"@type":"ListItem","position":1,"name":"Home","item":"https:\/\/www.lepetitepicurien.com\/"},{"@type":"ListItem","position":2,"name":"Shop","item":"https:\/\/www.lepetitepicurien.com\/shop\/"},{"@type":"ListItem","position":3,"name":"Butter Isigny Unsalted 82% &#8211; 250g\/8.82oz"}]},{"@type":"WebSite","@id":"https:\/\/www.lepetitepicurien.com\/#website","url":"https:\/\/www.lepetitepicurien.com\/","name":"El peque\u00f1o epicurien","description":"Tienda de alimentaci\u00f3n online de comida gourmet europea","publisher":{"@id":"https:\/\/www.lepetitepicurien.com\/#organization"},"potentialAction":[{"@type":"SearchAction","target":{"@type":"EntryPoint","urlTemplate":"https:\/\/www.lepetitepicurien.com\/?s={search_term_string}"},"query-input":{"@type":"PropertyValueSpecification","valueRequired":true,"valueName":"search_term_string"}}],"inLanguage":"es"},{"@type":"Organization","@id":"https:\/\/www.lepetitepicurien.com\/#organization","name":"El peque\u00f1o epicurien","url":"https:\/\/www.lepetitepicurien.com\/","logo":{"@type":"ImageObject","inLanguage":"es","@id":"https:\/\/www.lepetitepicurien.com\/#\/schema\/logo\/image\/","url":"https:\/\/www.lepetitepicurien.com\/wp-content\/uploads\/2024\/03\/logo.png","contentUrl":"https:\/\/www.lepetitepicurien.com\/wp-content\/uploads\/2024\/03\/logo.png","width":1024,"height":1024,"caption":"Le Petit Epicurien"},"image":{"@id":"https:\/\/www.lepetitepicurien.com\/#\/schema\/logo\/image\/"}}]}},"jetpack_sharing_enabled":true,"_links":{"self":[{"href":"https:\/\/www.lepetitepicurien.com\/es\/wp-json\/wp\/v2\/product\/620","targetHints":{"allow":["GET"]}}],"collection":[{"href":"https:\/\/www.lepetitepicurien.com\/es\/wp-json\/wp\/v2\/product"}],"about":[{"href":"https:\/\/www.lepetitepicurien.com\/es\/wp-json\/wp\/v2\/types\/product"}],"wp:featuredmedia":[{"embeddable":true,"href":"https:\/\/www.lepetitepicurien.com\/es\/wp-json\/wp\/v2\/media\/712"}],"wp:attachment":[{"href":"https:\/\/www.lepetitepicurien.com\/es\/wp-json\/wp\/v2\/media?parent=620"}],"wp:term":[{"taxonomy":"product_brand","embeddable":true,"href":"https:\/\/www.lepetitepicurien.com\/es\/wp-json\/wp\/v2\/product_brand?post=620"},{"taxonomy":"product_cat","embeddable":true,"href":"https:\/\/www.lepetitepicurien.com\/es\/wp-json\/wp\/v2\/product_cat?post=620"},{"taxonomy":"product_tag","embeddable":true,"href":"https:\/\/www.lepetitepicurien.com\/es\/wp-json\/wp\/v2\/product_tag?post=620"}],"curies":[{"name":"wp","href":"https:\/\/api.w.org\/{rel}","templated":true}]}}