{"id":653,"date":"2024-08-14T22:49:27","date_gmt":"2024-08-15T02:49:27","guid":{"rendered":"https:\/\/www.lepetitepicurien.com\/?post_type=product&#038;p=653"},"modified":"2025-11-17T12:20:20","modified_gmt":"2025-11-17T17:20:20","slug":"chabichou-aoc-cheese-150g-5-29oz","status":"publish","type":"product","link":"https:\/\/www.lepetitepicurien.com\/es\/product\/chabichou-aoc-cheese-150g-5-29oz\/","title":{"rendered":"Queso Chabichou AOC \u2013 150 g\/5,29 oz"},"content":{"rendered":"<p>Muchos quesos artesanales se producen \u00fanicamente en regiones espec\u00edficas para garantizar la calidad y la estandarizaci\u00f3n. En este caso, el Chabichou du Poitou se fabrica en una peque\u00f1a zona de las regiones de Poitou, Berry y Perigord de Francia. Elaborado con leche de cabra entera fresca, el queso obtuvo la Denominaci\u00f3n de Origen Controlada (AOC) en 1990, lo que garantiza la autenticidad del producto. El queso se produce \u00fanicamente en unas pocas granjas o queser\u00edas y se vende localmente.<\/p>\n<p>El queso tiene forma de cilindro truncado, llamado \u201cbonde\u201d, de unos 6 cm de altura y de 5 a 6 cm de di\u00e1metro. Despu\u00e9s de 10 d\u00edas de maduraci\u00f3n, el Chabichou contiene un m\u00ednimo de grasa 45% y est\u00e1 recubierto de una fina capa de islotes de color gris azulado. Si el queso se elabora en una granja, se deja que se desarrolle el moho de forma natural, mientras que si se elabora en una lecher\u00eda, se introduce Penicillium en el queso. El queso se vende con una edad m\u00ednima de maduraci\u00f3n de 2 semanas, pero puede madurar durante cinco o seis semanas para adquirir un aroma y un sabor intensos.<\/p>","protected":false},"excerpt":{"rendered":"<p>Corte el queso y ver\u00e1 un interior firme, cremoso y de color blanco brillante, pero no antes de desenrollar una fina capa de mantequilla. Los sabores son dulces con un toque salado y \u00e1cido al final. A medida que el queso envejece, se vuelve sabroso, picante y con sabor a nueces. Equilibre los sabores del queso con vino blanco ligero, champ\u00e1n y cerveza pilsner.<\/p>","protected":false},"featured_media":668,"template":"","meta":[],"product_brand":[],"product_cat":[30],"product_tag":[],"class_list":{"0":"post-653","1":"product","2":"type-product","3":"status-publish","4":"has-post-thumbnail","6":"product_cat-cheeses","7":"product_shipping_class-cooler","9":"first","10":"instock","11":"taxable","12":"shipping-taxable","13":"purchasable","14":"product-type-simple"},"yoast_head":"<!-- This site is optimized with the Yoast SEO plugin v27.5 - https:\/\/yoast.com\/product\/yoast-seo-wordpress\/ -->\n<title>Chabichou AOC Cheese - 150g\/5.29oz - Le Petit Epicurien<\/title>\n<meta name=\"robots\" content=\"index, follow, max-snippet:-1, max-image-preview:large, max-video-preview:-1\" \/>\n<link rel=\"canonical\" href=\"https:\/\/www.lepetitepicurien.com\/es\/producto\/queso-chabichou-aoc-150g-5-29oz\/\" \/>\n<meta property=\"og:locale\" content=\"es_ES\" \/>\n<meta property=\"og:type\" content=\"article\" \/>\n<meta property=\"og:title\" content=\"Chabichou AOC Cheese - 150g\/5.29oz - Le Petit Epicurien\" \/>\n<meta property=\"og:description\" content=\"Cut the cheese and it reveals a firm, creamy \u201cbright white\u201d interior but not before unwinding a thin buttery layer.The flavours are sweet with a bit of salty and tangy edge at the end. As the cheese ages, it becomes savory,\u00a0piquant and nutty. Balance the flavours of the cheese with light white wine,\u00a0champagne, and pilsner beer.\" \/>\n<meta property=\"og:url\" content=\"https:\/\/www.lepetitepicurien.com\/es\/producto\/queso-chabichou-aoc-150g-5-29oz\/\" \/>\n<meta property=\"og:site_name\" content=\"Le Petit Epicurien\" \/>\n<meta property=\"article:modified_time\" content=\"2025-11-17T17:20:20+00:00\" \/>\n<meta name=\"twitter:card\" content=\"summary_large_image\" \/>\n<meta name=\"twitter:label1\" content=\"Tiempo de lectura\" \/>\n\t<meta name=\"twitter:data1\" content=\"1 minuto\" \/>\n<script type=\"application\/ld+json\" class=\"yoast-schema-graph\">{\"@context\":\"https:\\\/\\\/schema.org\",\"@graph\":[{\"@type\":\"WebPage\",\"@id\":\"https:\\\/\\\/www.lepetitepicurien.com\\\/product\\\/chabichou-aoc-cheese-150g-5-29oz\\\/\",\"url\":\"https:\\\/\\\/www.lepetitepicurien.com\\\/product\\\/chabichou-aoc-cheese-150g-5-29oz\\\/\",\"name\":\"Chabichou AOC Cheese - 150g\\\/5.29oz - Le Petit Epicurien\",\"isPartOf\":{\"@id\":\"https:\\\/\\\/www.lepetitepicurien.com\\\/#website\"},\"primaryImageOfPage\":{\"@id\":\"https:\\\/\\\/www.lepetitepicurien.com\\\/product\\\/chabichou-aoc-cheese-150g-5-29oz\\\/#primaryimage\"},\"image\":{\"@id\":\"https:\\\/\\\/www.lepetitepicurien.com\\\/product\\\/chabichou-aoc-cheese-150g-5-29oz\\\/#primaryimage\"},\"thumbnailUrl\":\"https:\\\/\\\/www.lepetitepicurien.com\\\/wp-content\\\/uploads\\\/2024\\\/08\\\/DAF2451-2-1.jpg\",\"datePublished\":\"2024-08-15T02:49:27+00:00\",\"dateModified\":\"2025-11-17T17:20:20+00:00\",\"breadcrumb\":{\"@id\":\"https:\\\/\\\/www.lepetitepicurien.com\\\/product\\\/chabichou-aoc-cheese-150g-5-29oz\\\/#breadcrumb\"},\"inLanguage\":\"es\",\"potentialAction\":[{\"@type\":\"ReadAction\",\"target\":[\"https:\\\/\\\/www.lepetitepicurien.com\\\/product\\\/chabichou-aoc-cheese-150g-5-29oz\\\/\"]}]},{\"@type\":\"ImageObject\",\"inLanguage\":\"es\",\"@id\":\"https:\\\/\\\/www.lepetitepicurien.com\\\/product\\\/chabichou-aoc-cheese-150g-5-29oz\\\/#primaryimage\",\"url\":\"https:\\\/\\\/www.lepetitepicurien.com\\\/wp-content\\\/uploads\\\/2024\\\/08\\\/DAF2451-2-1.jpg\",\"contentUrl\":\"https:\\\/\\\/www.lepetitepicurien.com\\\/wp-content\\\/uploads\\\/2024\\\/08\\\/DAF2451-2-1.jpg\",\"width\":600,\"height\":600},{\"@type\":\"BreadcrumbList\",\"@id\":\"https:\\\/\\\/www.lepetitepicurien.com\\\/product\\\/chabichou-aoc-cheese-150g-5-29oz\\\/#breadcrumb\",\"itemListElement\":[{\"@type\":\"ListItem\",\"position\":1,\"name\":\"Home\",\"item\":\"https:\\\/\\\/www.lepetitepicurien.com\\\/\"},{\"@type\":\"ListItem\",\"position\":2,\"name\":\"Shop\",\"item\":\"https:\\\/\\\/www.lepetitepicurien.com\\\/shop\\\/\"},{\"@type\":\"ListItem\",\"position\":3,\"name\":\"Chabichou AOC Cheese &#8211; 150g\\\/5.29oz\"}]},{\"@type\":\"WebSite\",\"@id\":\"https:\\\/\\\/www.lepetitepicurien.com\\\/#website\",\"url\":\"https:\\\/\\\/www.lepetitepicurien.com\\\/\",\"name\":\"Le Petit Epicurien\",\"description\":\"Online Grocery for European Gourmet Food\",\"publisher\":{\"@id\":\"https:\\\/\\\/www.lepetitepicurien.com\\\/#organization\"},\"potentialAction\":[{\"@type\":\"SearchAction\",\"target\":{\"@type\":\"EntryPoint\",\"urlTemplate\":\"https:\\\/\\\/www.lepetitepicurien.com\\\/?s={search_term_string}\"},\"query-input\":{\"@type\":\"PropertyValueSpecification\",\"valueRequired\":true,\"valueName\":\"search_term_string\"}}],\"inLanguage\":\"es\"},{\"@type\":\"Organization\",\"@id\":\"https:\\\/\\\/www.lepetitepicurien.com\\\/#organization\",\"name\":\"Le Petit Epicurien\",\"url\":\"https:\\\/\\\/www.lepetitepicurien.com\\\/\",\"logo\":{\"@type\":\"ImageObject\",\"inLanguage\":\"es\",\"@id\":\"https:\\\/\\\/www.lepetitepicurien.com\\\/#\\\/schema\\\/logo\\\/image\\\/\",\"url\":\"https:\\\/\\\/www.lepetitepicurien.com\\\/wp-content\\\/uploads\\\/2024\\\/03\\\/logo.png\",\"contentUrl\":\"https:\\\/\\\/www.lepetitepicurien.com\\\/wp-content\\\/uploads\\\/2024\\\/03\\\/logo.png\",\"width\":1024,\"height\":1024,\"caption\":\"Le Petit Epicurien\"},\"image\":{\"@id\":\"https:\\\/\\\/www.lepetitepicurien.com\\\/#\\\/schema\\\/logo\\\/image\\\/\"}}]}<\/script>\n<!-- \/ Yoast SEO plugin. -->","yoast_head_json":{"title":"Queso Chabichou AOC - 150 g\/5,29 oz - Le Petit Epicurien","robots":{"index":"index","follow":"follow","max-snippet":"max-snippet:-1","max-image-preview":"max-image-preview:large","max-video-preview":"max-video-preview:-1"},"canonical":"https:\/\/www.lepetitepicurien.com\/es\/producto\/queso-chabichou-aoc-150g-5-29oz\/","og_locale":"es_ES","og_type":"article","og_title":"Chabichou AOC Cheese - 150g\/5.29oz - Le Petit Epicurien","og_description":"Cut the cheese and it reveals a firm, creamy \u201cbright white\u201d interior but not before unwinding a thin buttery layer.The flavours are sweet with a bit of salty and tangy edge at the end. As the cheese ages, it becomes savory,\u00a0piquant and nutty. Balance the flavours of the cheese with light white wine,\u00a0champagne, and pilsner beer.","og_url":"https:\/\/www.lepetitepicurien.com\/es\/producto\/queso-chabichou-aoc-150g-5-29oz\/","og_site_name":"Le Petit Epicurien","article_modified_time":"2025-11-17T17:20:20+00:00","twitter_card":"summary_large_image","twitter_misc":{"Tiempo de lectura":"1 minuto"},"schema":{"@context":"https:\/\/schema.org","@graph":[{"@type":"WebPage","@id":"https:\/\/www.lepetitepicurien.com\/product\/chabichou-aoc-cheese-150g-5-29oz\/","url":"https:\/\/www.lepetitepicurien.com\/product\/chabichou-aoc-cheese-150g-5-29oz\/","name":"Queso Chabichou AOC - 150 g\/5,29 oz - Le Petit Epicurien","isPartOf":{"@id":"https:\/\/www.lepetitepicurien.com\/#website"},"primaryImageOfPage":{"@id":"https:\/\/www.lepetitepicurien.com\/product\/chabichou-aoc-cheese-150g-5-29oz\/#primaryimage"},"image":{"@id":"https:\/\/www.lepetitepicurien.com\/product\/chabichou-aoc-cheese-150g-5-29oz\/#primaryimage"},"thumbnailUrl":"https:\/\/www.lepetitepicurien.com\/wp-content\/uploads\/2024\/08\/DAF2451-2-1.jpg","datePublished":"2024-08-15T02:49:27+00:00","dateModified":"2025-11-17T17:20:20+00:00","breadcrumb":{"@id":"https:\/\/www.lepetitepicurien.com\/product\/chabichou-aoc-cheese-150g-5-29oz\/#breadcrumb"},"inLanguage":"es","potentialAction":[{"@type":"ReadAction","target":["https:\/\/www.lepetitepicurien.com\/product\/chabichou-aoc-cheese-150g-5-29oz\/"]}]},{"@type":"ImageObject","inLanguage":"es","@id":"https:\/\/www.lepetitepicurien.com\/product\/chabichou-aoc-cheese-150g-5-29oz\/#primaryimage","url":"https:\/\/www.lepetitepicurien.com\/wp-content\/uploads\/2024\/08\/DAF2451-2-1.jpg","contentUrl":"https:\/\/www.lepetitepicurien.com\/wp-content\/uploads\/2024\/08\/DAF2451-2-1.jpg","width":600,"height":600},{"@type":"BreadcrumbList","@id":"https:\/\/www.lepetitepicurien.com\/product\/chabichou-aoc-cheese-150g-5-29oz\/#breadcrumb","itemListElement":[{"@type":"ListItem","position":1,"name":"Home","item":"https:\/\/www.lepetitepicurien.com\/"},{"@type":"ListItem","position":2,"name":"Shop","item":"https:\/\/www.lepetitepicurien.com\/shop\/"},{"@type":"ListItem","position":3,"name":"Chabichou AOC Cheese &#8211; 150g\/5.29oz"}]},{"@type":"WebSite","@id":"https:\/\/www.lepetitepicurien.com\/#website","url":"https:\/\/www.lepetitepicurien.com\/","name":"El peque\u00f1o epicurien","description":"Tienda de alimentaci\u00f3n online de comida gourmet europea","publisher":{"@id":"https:\/\/www.lepetitepicurien.com\/#organization"},"potentialAction":[{"@type":"SearchAction","target":{"@type":"EntryPoint","urlTemplate":"https:\/\/www.lepetitepicurien.com\/?s={search_term_string}"},"query-input":{"@type":"PropertyValueSpecification","valueRequired":true,"valueName":"search_term_string"}}],"inLanguage":"es"},{"@type":"Organization","@id":"https:\/\/www.lepetitepicurien.com\/#organization","name":"El peque\u00f1o epicurien","url":"https:\/\/www.lepetitepicurien.com\/","logo":{"@type":"ImageObject","inLanguage":"es","@id":"https:\/\/www.lepetitepicurien.com\/#\/schema\/logo\/image\/","url":"https:\/\/www.lepetitepicurien.com\/wp-content\/uploads\/2024\/03\/logo.png","contentUrl":"https:\/\/www.lepetitepicurien.com\/wp-content\/uploads\/2024\/03\/logo.png","width":1024,"height":1024,"caption":"Le Petit Epicurien"},"image":{"@id":"https:\/\/www.lepetitepicurien.com\/#\/schema\/logo\/image\/"}}]}},"jetpack_sharing_enabled":true,"_links":{"self":[{"href":"https:\/\/www.lepetitepicurien.com\/es\/wp-json\/wp\/v2\/product\/653","targetHints":{"allow":["GET"]}}],"collection":[{"href":"https:\/\/www.lepetitepicurien.com\/es\/wp-json\/wp\/v2\/product"}],"about":[{"href":"https:\/\/www.lepetitepicurien.com\/es\/wp-json\/wp\/v2\/types\/product"}],"wp:featuredmedia":[{"embeddable":true,"href":"https:\/\/www.lepetitepicurien.com\/es\/wp-json\/wp\/v2\/media\/668"}],"wp:attachment":[{"href":"https:\/\/www.lepetitepicurien.com\/es\/wp-json\/wp\/v2\/media?parent=653"}],"wp:term":[{"taxonomy":"product_brand","embeddable":true,"href":"https:\/\/www.lepetitepicurien.com\/es\/wp-json\/wp\/v2\/product_brand?post=653"},{"taxonomy":"product_cat","embeddable":true,"href":"https:\/\/www.lepetitepicurien.com\/es\/wp-json\/wp\/v2\/product_cat?post=653"},{"taxonomy":"product_tag","embeddable":true,"href":"https:\/\/www.lepetitepicurien.com\/es\/wp-json\/wp\/v2\/product_tag?post=653"}],"curies":[{"name":"wp","href":"https:\/\/api.w.org\/{rel}","templated":true}]}}