{"id":654,"date":"2024-08-14T22:49:27","date_gmt":"2024-08-15T02:49:27","guid":{"rendered":"https:\/\/www.lepetitepicurien.com\/?post_type=product&#038;p=654"},"modified":"2025-04-02T21:31:29","modified_gmt":"2025-04-03T01:31:29","slug":"triple-creme-le-pico-cheese-100g-3-53oz","status":"publish","type":"product","link":"https:\/\/www.lepetitepicurien.com\/es\/product\/triple-creme-le-pico-cheese-100g-3-53oz\/","title":{"rendered":"Queso LE PICO Triple Crema \u2013 100 g\/3,53 oz"},"content":{"rendered":"<p>Tu abuela francesa quesol\u00f3gica: tradicional, diminuta y adorablemente arrugada. El Pico podr\u00eda compararse con un camembert de leche de cabra m\u00e1s peque\u00f1o, pero su sabor es \u00fanico: aroma a suelo de granero reci\u00e9n cortado junto con una profunda mineralidad y un delicado toque a cabra, todo envuelto en la riqueza de la mantequilla y los hongos. Los queseros de Aquitania pasteurizan suavemente la leche de cabra y la vierten en moldes de queso en miniatura t\u00edpicos de la campi\u00f1a francesa. En unas pocas semanas, comienza a formarse una corteza elegantemente arrugada que recuerda a las rosquillas en polvo o a los hongos del mercado verde. Luego, envejecemos esa corteza a\u00fan m\u00e1s en nuestras cuevas, extrayendo notas de piedra h\u00fameda y suelo de bosque, una rica terrosidad que nunca abruma la pasta cremosa. Pru\u00e9belo con un champ\u00e1n afrutado y con levadura para lograr una armon\u00eda de sabores que seguramente le encantar\u00e1.<\/p>","protected":false},"excerpt":{"rendered":"<p>Pico es un queso de cabra \u00fanico de la regi\u00f3n de Perigord en Francia. Es cremoso y denso, de maduraci\u00f3n suave y mohoso. Generalmente comparado con el Camembert, el Pico se vende joven, pero se desarrollar\u00e1 a medida que envejezca y se convertir\u00e1 en un chevre mucho m\u00e1s complejo y picante. Muy sabroso y muy arom\u00e1tico, con notas de avellana.<\/p>","protected":false},"featured_media":669,"template":"","meta":[],"product_brand":[],"product_cat":[30],"product_tag":[],"class_list":{"0":"post-654","1":"product","2":"type-product","3":"status-publish","4":"has-post-thumbnail","6":"product_cat-cheeses","7":"product_shipping_class-cooler","9":"first","10":"instock","11":"taxable","12":"shipping-taxable","13":"purchasable","14":"product-type-simple"},"yoast_head":"<!-- This site is optimized with the Yoast SEO plugin v27.5 - https:\/\/yoast.com\/product\/yoast-seo-wordpress\/ -->\n<title>Triple Creme LE PICO Cheese - 100g\/3.53oz - Le Petit Epicurien<\/title>\n<meta name=\"robots\" content=\"index, follow, max-snippet:-1, max-image-preview:large, max-video-preview:-1\" \/>\n<link rel=\"canonical\" href=\"https:\/\/www.lepetitepicurien.com\/es\/producto\/queso-le-pico-triple-crema-100g-3-53oz\/\" \/>\n<meta property=\"og:locale\" content=\"es_ES\" \/>\n<meta property=\"og:type\" content=\"article\" \/>\n<meta property=\"og:title\" content=\"Triple Creme LE PICO Cheese - 100g\/3.53oz - Le Petit Epicurien\" \/>\n<meta property=\"og:description\" content=\"A unique goat cheese from the region of Perigord in France, Pico is creamy and dense, soft-ripened with mold. Typically compared to Camembert, Pico is sold young, it will develop as it ages, changing into a much more complex and pungent chevre. Very flavorful and very aromatic, with hazelnut notes.\" \/>\n<meta property=\"og:url\" content=\"https:\/\/www.lepetitepicurien.com\/es\/producto\/queso-le-pico-triple-crema-100g-3-53oz\/\" \/>\n<meta property=\"og:site_name\" content=\"Le Petit Epicurien\" \/>\n<meta property=\"article:modified_time\" content=\"2025-04-03T01:31:29+00:00\" \/>\n<meta name=\"twitter:card\" content=\"summary_large_image\" \/>\n<meta name=\"twitter:label1\" content=\"Tiempo de lectura\" \/>\n\t<meta name=\"twitter:data1\" content=\"1 minuto\" \/>\n<script type=\"application\/ld+json\" class=\"yoast-schema-graph\">{\"@context\":\"https:\\\/\\\/schema.org\",\"@graph\":[{\"@type\":\"WebPage\",\"@id\":\"https:\\\/\\\/www.lepetitepicurien.com\\\/product\\\/triple-creme-le-pico-cheese-100g-3-53oz\\\/\",\"url\":\"https:\\\/\\\/www.lepetitepicurien.com\\\/product\\\/triple-creme-le-pico-cheese-100g-3-53oz\\\/\",\"name\":\"Triple Creme LE PICO Cheese - 100g\\\/3.53oz - Le Petit Epicurien\",\"isPartOf\":{\"@id\":\"https:\\\/\\\/www.lepetitepicurien.com\\\/#website\"},\"primaryImageOfPage\":{\"@id\":\"https:\\\/\\\/www.lepetitepicurien.com\\\/product\\\/triple-creme-le-pico-cheese-100g-3-53oz\\\/#primaryimage\"},\"image\":{\"@id\":\"https:\\\/\\\/www.lepetitepicurien.com\\\/product\\\/triple-creme-le-pico-cheese-100g-3-53oz\\\/#primaryimage\"},\"thumbnailUrl\":\"https:\\\/\\\/www.lepetitepicurien.com\\\/wp-content\\\/uploads\\\/2024\\\/08\\\/DAF317-2-1.jpg\",\"datePublished\":\"2024-08-15T02:49:27+00:00\",\"dateModified\":\"2025-04-03T01:31:29+00:00\",\"breadcrumb\":{\"@id\":\"https:\\\/\\\/www.lepetitepicurien.com\\\/product\\\/triple-creme-le-pico-cheese-100g-3-53oz\\\/#breadcrumb\"},\"inLanguage\":\"es\",\"potentialAction\":[{\"@type\":\"ReadAction\",\"target\":[\"https:\\\/\\\/www.lepetitepicurien.com\\\/product\\\/triple-creme-le-pico-cheese-100g-3-53oz\\\/\"]}]},{\"@type\":\"ImageObject\",\"inLanguage\":\"es\",\"@id\":\"https:\\\/\\\/www.lepetitepicurien.com\\\/product\\\/triple-creme-le-pico-cheese-100g-3-53oz\\\/#primaryimage\",\"url\":\"https:\\\/\\\/www.lepetitepicurien.com\\\/wp-content\\\/uploads\\\/2024\\\/08\\\/DAF317-2-1.jpg\",\"contentUrl\":\"https:\\\/\\\/www.lepetitepicurien.com\\\/wp-content\\\/uploads\\\/2024\\\/08\\\/DAF317-2-1.jpg\",\"width\":600,\"height\":600},{\"@type\":\"BreadcrumbList\",\"@id\":\"https:\\\/\\\/www.lepetitepicurien.com\\\/product\\\/triple-creme-le-pico-cheese-100g-3-53oz\\\/#breadcrumb\",\"itemListElement\":[{\"@type\":\"ListItem\",\"position\":1,\"name\":\"Home\",\"item\":\"https:\\\/\\\/www.lepetitepicurien.com\\\/\"},{\"@type\":\"ListItem\",\"position\":2,\"name\":\"Shop\",\"item\":\"https:\\\/\\\/www.lepetitepicurien.com\\\/shop\\\/\"},{\"@type\":\"ListItem\",\"position\":3,\"name\":\"Triple Creme LE PICO Cheese &#8211; 100g\\\/3.53oz\"}]},{\"@type\":\"WebSite\",\"@id\":\"https:\\\/\\\/www.lepetitepicurien.com\\\/#website\",\"url\":\"https:\\\/\\\/www.lepetitepicurien.com\\\/\",\"name\":\"Le Petit Epicurien\",\"description\":\"Online Grocery for European Gourmet Food\",\"publisher\":{\"@id\":\"https:\\\/\\\/www.lepetitepicurien.com\\\/#organization\"},\"potentialAction\":[{\"@type\":\"SearchAction\",\"target\":{\"@type\":\"EntryPoint\",\"urlTemplate\":\"https:\\\/\\\/www.lepetitepicurien.com\\\/?s={search_term_string}\"},\"query-input\":{\"@type\":\"PropertyValueSpecification\",\"valueRequired\":true,\"valueName\":\"search_term_string\"}}],\"inLanguage\":\"es\"},{\"@type\":\"Organization\",\"@id\":\"https:\\\/\\\/www.lepetitepicurien.com\\\/#organization\",\"name\":\"Le Petit Epicurien\",\"url\":\"https:\\\/\\\/www.lepetitepicurien.com\\\/\",\"logo\":{\"@type\":\"ImageObject\",\"inLanguage\":\"es\",\"@id\":\"https:\\\/\\\/www.lepetitepicurien.com\\\/#\\\/schema\\\/logo\\\/image\\\/\",\"url\":\"https:\\\/\\\/www.lepetitepicurien.com\\\/wp-content\\\/uploads\\\/2024\\\/03\\\/logo.png\",\"contentUrl\":\"https:\\\/\\\/www.lepetitepicurien.com\\\/wp-content\\\/uploads\\\/2024\\\/03\\\/logo.png\",\"width\":1024,\"height\":1024,\"caption\":\"Le Petit Epicurien\"},\"image\":{\"@id\":\"https:\\\/\\\/www.lepetitepicurien.com\\\/#\\\/schema\\\/logo\\\/image\\\/\"}}]}<\/script>\n<!-- \/ Yoast SEO plugin. -->","yoast_head_json":{"title":"Queso Triple Crema LE PICO - 100g\/3.53oz - Le Petit Epicurien","robots":{"index":"index","follow":"follow","max-snippet":"max-snippet:-1","max-image-preview":"max-image-preview:large","max-video-preview":"max-video-preview:-1"},"canonical":"https:\/\/www.lepetitepicurien.com\/es\/producto\/queso-le-pico-triple-crema-100g-3-53oz\/","og_locale":"es_ES","og_type":"article","og_title":"Triple Creme LE PICO Cheese - 100g\/3.53oz - Le Petit Epicurien","og_description":"A unique goat cheese from the region of Perigord in France, Pico is creamy and dense, soft-ripened with mold. Typically compared to Camembert, Pico is sold young, it will develop as it ages, changing into a much more complex and pungent chevre. Very flavorful and very aromatic, with hazelnut notes.","og_url":"https:\/\/www.lepetitepicurien.com\/es\/producto\/queso-le-pico-triple-crema-100g-3-53oz\/","og_site_name":"Le Petit Epicurien","article_modified_time":"2025-04-03T01:31:29+00:00","twitter_card":"summary_large_image","twitter_misc":{"Tiempo de lectura":"1 minuto"},"schema":{"@context":"https:\/\/schema.org","@graph":[{"@type":"WebPage","@id":"https:\/\/www.lepetitepicurien.com\/product\/triple-creme-le-pico-cheese-100g-3-53oz\/","url":"https:\/\/www.lepetitepicurien.com\/product\/triple-creme-le-pico-cheese-100g-3-53oz\/","name":"Queso Triple Crema LE PICO - 100g\/3.53oz - Le Petit Epicurien","isPartOf":{"@id":"https:\/\/www.lepetitepicurien.com\/#website"},"primaryImageOfPage":{"@id":"https:\/\/www.lepetitepicurien.com\/product\/triple-creme-le-pico-cheese-100g-3-53oz\/#primaryimage"},"image":{"@id":"https:\/\/www.lepetitepicurien.com\/product\/triple-creme-le-pico-cheese-100g-3-53oz\/#primaryimage"},"thumbnailUrl":"https:\/\/www.lepetitepicurien.com\/wp-content\/uploads\/2024\/08\/DAF317-2-1.jpg","datePublished":"2024-08-15T02:49:27+00:00","dateModified":"2025-04-03T01:31:29+00:00","breadcrumb":{"@id":"https:\/\/www.lepetitepicurien.com\/product\/triple-creme-le-pico-cheese-100g-3-53oz\/#breadcrumb"},"inLanguage":"es","potentialAction":[{"@type":"ReadAction","target":["https:\/\/www.lepetitepicurien.com\/product\/triple-creme-le-pico-cheese-100g-3-53oz\/"]}]},{"@type":"ImageObject","inLanguage":"es","@id":"https:\/\/www.lepetitepicurien.com\/product\/triple-creme-le-pico-cheese-100g-3-53oz\/#primaryimage","url":"https:\/\/www.lepetitepicurien.com\/wp-content\/uploads\/2024\/08\/DAF317-2-1.jpg","contentUrl":"https:\/\/www.lepetitepicurien.com\/wp-content\/uploads\/2024\/08\/DAF317-2-1.jpg","width":600,"height":600},{"@type":"BreadcrumbList","@id":"https:\/\/www.lepetitepicurien.com\/product\/triple-creme-le-pico-cheese-100g-3-53oz\/#breadcrumb","itemListElement":[{"@type":"ListItem","position":1,"name":"Home","item":"https:\/\/www.lepetitepicurien.com\/"},{"@type":"ListItem","position":2,"name":"Shop","item":"https:\/\/www.lepetitepicurien.com\/shop\/"},{"@type":"ListItem","position":3,"name":"Triple Creme LE PICO Cheese &#8211; 100g\/3.53oz"}]},{"@type":"WebSite","@id":"https:\/\/www.lepetitepicurien.com\/#website","url":"https:\/\/www.lepetitepicurien.com\/","name":"El peque\u00f1o epicurien","description":"Tienda de alimentaci\u00f3n online de comida gourmet europea","publisher":{"@id":"https:\/\/www.lepetitepicurien.com\/#organization"},"potentialAction":[{"@type":"SearchAction","target":{"@type":"EntryPoint","urlTemplate":"https:\/\/www.lepetitepicurien.com\/?s={search_term_string}"},"query-input":{"@type":"PropertyValueSpecification","valueRequired":true,"valueName":"search_term_string"}}],"inLanguage":"es"},{"@type":"Organization","@id":"https:\/\/www.lepetitepicurien.com\/#organization","name":"El peque\u00f1o epicurien","url":"https:\/\/www.lepetitepicurien.com\/","logo":{"@type":"ImageObject","inLanguage":"es","@id":"https:\/\/www.lepetitepicurien.com\/#\/schema\/logo\/image\/","url":"https:\/\/www.lepetitepicurien.com\/wp-content\/uploads\/2024\/03\/logo.png","contentUrl":"https:\/\/www.lepetitepicurien.com\/wp-content\/uploads\/2024\/03\/logo.png","width":1024,"height":1024,"caption":"Le Petit Epicurien"},"image":{"@id":"https:\/\/www.lepetitepicurien.com\/#\/schema\/logo\/image\/"}}]}},"jetpack_sharing_enabled":true,"_links":{"self":[{"href":"https:\/\/www.lepetitepicurien.com\/es\/wp-json\/wp\/v2\/product\/654","targetHints":{"allow":["GET"]}}],"collection":[{"href":"https:\/\/www.lepetitepicurien.com\/es\/wp-json\/wp\/v2\/product"}],"about":[{"href":"https:\/\/www.lepetitepicurien.com\/es\/wp-json\/wp\/v2\/types\/product"}],"wp:featuredmedia":[{"embeddable":true,"href":"https:\/\/www.lepetitepicurien.com\/es\/wp-json\/wp\/v2\/media\/669"}],"wp:attachment":[{"href":"https:\/\/www.lepetitepicurien.com\/es\/wp-json\/wp\/v2\/media?parent=654"}],"wp:term":[{"taxonomy":"product_brand","embeddable":true,"href":"https:\/\/www.lepetitepicurien.com\/es\/wp-json\/wp\/v2\/product_brand?post=654"},{"taxonomy":"product_cat","embeddable":true,"href":"https:\/\/www.lepetitepicurien.com\/es\/wp-json\/wp\/v2\/product_cat?post=654"},{"taxonomy":"product_tag","embeddable":true,"href":"https:\/\/www.lepetitepicurien.com\/es\/wp-json\/wp\/v2\/product_tag?post=654"}],"curies":[{"name":"wp","href":"https:\/\/api.w.org\/{rel}","templated":true}]}}