{"id":655,"date":"2024-08-14T22:49:28","date_gmt":"2024-08-15T02:49:28","guid":{"rendered":"https:\/\/www.lepetitepicurien.com\/?post_type=product&#038;p=655"},"modified":"2025-04-02T21:31:29","modified_gmt":"2025-04-03T01:31:29","slug":"pyramid-valencay-cendree-cheese-fresh-250g-8-82oz","status":"publish","type":"product","link":"http:\/\/www.lepetitepicurien.com\/es\/product\/pyramid-valencay-cendree-cheese-fresh-250g-8-82oz\/","title":{"rendered":"Queso fresco Cendr\u00e9e de Valencay Pir\u00e1mide \u2013 250 g\/8,82 oz"},"content":{"rendered":"<p>Nuestro queso de cabra fresco es uno de los quesos franceses cl\u00e1sicos elaborados en la provincia de Berry, en el centro de Francia. Recibe su nombre de la ciudad francesa de Valen\u00e7ay, de donde proviene.<\/p>\n<p>Este sabroso queso de cabra es un queso fresco y blando espolvoreado con ceniza. Viene recubierto de ceniza vegetal y se elabora en lecher\u00edas. Tiene una textura cremosa y suave con un ligero dulzor y un sabor fresco y c\u00edtrico.<\/p>\n<p>\u00bfSab\u00edas que la forma del queso de cabra Valen\u00e7ay fue dise\u00f1ada por Napole\u00f3n?<\/p>\n<p>Lo que lo hace reconocible es su forma piramidal. Cuando el emperador regres\u00f3 a Valen\u00e7ay despu\u00e9s de su fallida expedici\u00f3n a Egipto, vio el queso piramidal y, en un ataque de ira, sac\u00f3 su espada y le cort\u00f3 la parte superior. Desde entonces, el queso siempre ha tenido la forma de una parte superior aplanada.<\/p>","protected":false},"excerpt":{"rendered":"<p>El Valen\u00e7ay es un queso elaborado con leche de cabra no pasteurizada. Su corteza tiene un color gris azulado r\u00fastico que se forma a partir de mohos naturales. La corteza se espolvorea con ceniza.<\/p>","protected":false},"featured_media":670,"template":"","meta":[],"product_brand":[],"product_cat":[30],"product_tag":[],"class_list":{"0":"post-655","1":"product","2":"type-product","3":"status-publish","4":"has-post-thumbnail","6":"product_cat-cheeses","7":"product_shipping_class-cooler","9":"first","10":"outofstock","11":"taxable","12":"shipping-taxable","13":"purchasable","14":"product-type-simple"},"yoast_head":"<!-- This site is optimized with the Yoast SEO plugin v27.5 - https:\/\/yoast.com\/product\/yoast-seo-wordpress\/ -->\n<title>Pyramid Valencay Cendr\u00e9e Cheese Fresh - 250g\/8.82oz - Le Petit Epicurien<\/title>\n<meta name=\"description\" content=\"Experience the rich, tangy flavor of Valen\u00e7ay Cendr\u00e9e Cheese. This imported French goat cheese features a unique pyramid shape and ash-coated rind\u2014fresh.\" \/>\n<meta name=\"robots\" content=\"index, follow, max-snippet:-1, max-image-preview:large, max-video-preview:-1\" \/>\n<link rel=\"canonical\" href=\"https:\/\/www.lepetitepicurien.com\/es\/producto\/piramide-valencay-queso-cendree-fresco-250g-8-82oz\/\" \/>\n<meta property=\"og:locale\" content=\"es_ES\" \/>\n<meta property=\"og:type\" content=\"article\" \/>\n<meta property=\"og:title\" content=\"Pyramid Valencay Cendr\u00e9e Cheese Fresh - 250g\/8.82oz - Le Petit Epicurien\" \/>\n<meta property=\"og:description\" content=\"Experience the rich, tangy flavor of Valen\u00e7ay Cendr\u00e9e Cheese. This imported French goat cheese features a unique pyramid shape and ash-coated rind\u2014fresh.\" \/>\n<meta property=\"og:url\" content=\"https:\/\/www.lepetitepicurien.com\/es\/producto\/piramide-valencay-queso-cendree-fresco-250g-8-82oz\/\" \/>\n<meta property=\"og:site_name\" content=\"Le Petit Epicurien\" \/>\n<meta property=\"article:modified_time\" content=\"2025-04-03T01:31:29+00:00\" \/>\n<meta property=\"og:image\" content=\"https:\/\/www.lepetitepicurien.com\/wp-content\/uploads\/2024\/08\/DAF705-2-1.jpg\" \/>\n\t<meta property=\"og:image:width\" content=\"600\" \/>\n\t<meta property=\"og:image:height\" content=\"600\" \/>\n\t<meta property=\"og:image:type\" content=\"image\/jpeg\" \/>\n<meta name=\"twitter:card\" content=\"summary_large_image\" \/>\n<meta name=\"twitter:label1\" content=\"Tiempo de lectura\" \/>\n\t<meta name=\"twitter:data1\" content=\"1 minuto\" \/>\n<script type=\"application\/ld+json\" class=\"yoast-schema-graph\">{\"@context\":\"https:\\\/\\\/schema.org\",\"@graph\":[{\"@type\":\"WebPage\",\"@id\":\"https:\\\/\\\/www.lepetitepicurien.com\\\/product\\\/pyramid-valencay-cendree-cheese-fresh-250g-8-82oz\\\/\",\"url\":\"https:\\\/\\\/www.lepetitepicurien.com\\\/product\\\/pyramid-valencay-cendree-cheese-fresh-250g-8-82oz\\\/\",\"name\":\"Pyramid Valencay Cendr\u00e9e Cheese Fresh - 250g\\\/8.82oz - Le Petit Epicurien\",\"isPartOf\":{\"@id\":\"https:\\\/\\\/www.lepetitepicurien.com\\\/#website\"},\"primaryImageOfPage\":{\"@id\":\"https:\\\/\\\/www.lepetitepicurien.com\\\/product\\\/pyramid-valencay-cendree-cheese-fresh-250g-8-82oz\\\/#primaryimage\"},\"image\":{\"@id\":\"https:\\\/\\\/www.lepetitepicurien.com\\\/product\\\/pyramid-valencay-cendree-cheese-fresh-250g-8-82oz\\\/#primaryimage\"},\"thumbnailUrl\":\"https:\\\/\\\/www.lepetitepicurien.com\\\/wp-content\\\/uploads\\\/2024\\\/08\\\/DAF705-2-1.jpg\",\"datePublished\":\"2024-08-15T02:49:28+00:00\",\"dateModified\":\"2025-04-03T01:31:29+00:00\",\"description\":\"Experience the rich, tangy flavor of Valen\u00e7ay Cendr\u00e9e Cheese. This imported French goat cheese features a unique pyramid shape and ash-coated rind\u2014fresh.\",\"breadcrumb\":{\"@id\":\"https:\\\/\\\/www.lepetitepicurien.com\\\/product\\\/pyramid-valencay-cendree-cheese-fresh-250g-8-82oz\\\/#breadcrumb\"},\"inLanguage\":\"es\",\"potentialAction\":[{\"@type\":\"ReadAction\",\"target\":[\"https:\\\/\\\/www.lepetitepicurien.com\\\/product\\\/pyramid-valencay-cendree-cheese-fresh-250g-8-82oz\\\/\"]}]},{\"@type\":\"ImageObject\",\"inLanguage\":\"es\",\"@id\":\"https:\\\/\\\/www.lepetitepicurien.com\\\/product\\\/pyramid-valencay-cendree-cheese-fresh-250g-8-82oz\\\/#primaryimage\",\"url\":\"https:\\\/\\\/www.lepetitepicurien.com\\\/wp-content\\\/uploads\\\/2024\\\/08\\\/DAF705-2-1.jpg\",\"contentUrl\":\"https:\\\/\\\/www.lepetitepicurien.com\\\/wp-content\\\/uploads\\\/2024\\\/08\\\/DAF705-2-1.jpg\",\"width\":600,\"height\":600},{\"@type\":\"BreadcrumbList\",\"@id\":\"https:\\\/\\\/www.lepetitepicurien.com\\\/product\\\/pyramid-valencay-cendree-cheese-fresh-250g-8-82oz\\\/#breadcrumb\",\"itemListElement\":[{\"@type\":\"ListItem\",\"position\":1,\"name\":\"Home\",\"item\":\"https:\\\/\\\/www.lepetitepicurien.com\\\/\"},{\"@type\":\"ListItem\",\"position\":2,\"name\":\"Shop\",\"item\":\"https:\\\/\\\/www.lepetitepicurien.com\\\/shop\\\/\"},{\"@type\":\"ListItem\",\"position\":3,\"name\":\"Pyramid Valencay Cendr\u00e9e Cheese Fresh &#8211; 250g\\\/8.82oz\"}]},{\"@type\":\"WebSite\",\"@id\":\"https:\\\/\\\/www.lepetitepicurien.com\\\/#website\",\"url\":\"https:\\\/\\\/www.lepetitepicurien.com\\\/\",\"name\":\"Le Petit Epicurien\",\"description\":\"Online Grocery for European Gourmet Food\",\"publisher\":{\"@id\":\"https:\\\/\\\/www.lepetitepicurien.com\\\/#organization\"},\"potentialAction\":[{\"@type\":\"SearchAction\",\"target\":{\"@type\":\"EntryPoint\",\"urlTemplate\":\"https:\\\/\\\/www.lepetitepicurien.com\\\/?s={search_term_string}\"},\"query-input\":{\"@type\":\"PropertyValueSpecification\",\"valueRequired\":true,\"valueName\":\"search_term_string\"}}],\"inLanguage\":\"es\"},{\"@type\":\"Organization\",\"@id\":\"https:\\\/\\\/www.lepetitepicurien.com\\\/#organization\",\"name\":\"Le Petit Epicurien\",\"url\":\"https:\\\/\\\/www.lepetitepicurien.com\\\/\",\"logo\":{\"@type\":\"ImageObject\",\"inLanguage\":\"es\",\"@id\":\"https:\\\/\\\/www.lepetitepicurien.com\\\/#\\\/schema\\\/logo\\\/image\\\/\",\"url\":\"https:\\\/\\\/www.lepetitepicurien.com\\\/wp-content\\\/uploads\\\/2024\\\/03\\\/logo.png\",\"contentUrl\":\"https:\\\/\\\/www.lepetitepicurien.com\\\/wp-content\\\/uploads\\\/2024\\\/03\\\/logo.png\",\"width\":1024,\"height\":1024,\"caption\":\"Le Petit Epicurien\"},\"image\":{\"@id\":\"https:\\\/\\\/www.lepetitepicurien.com\\\/#\\\/schema\\\/logo\\\/image\\\/\"}}]}<\/script>\n<!-- \/ Yoast SEO plugin. -->","yoast_head_json":{"title":"Queso Cendr\u00e9e Fresco Pyramid Valencay - 250g\/8.82oz - Le Petit Epicurien","description":"Experimente el rico y \u00e1cido sabor del queso Valen\u00e7ay Cendr\u00e9e. Este queso de cabra franc\u00e9s importado tiene una forma piramidal \u00fanica y una corteza cubierta de ceniza. Es fresco.","robots":{"index":"index","follow":"follow","max-snippet":"max-snippet:-1","max-image-preview":"max-image-preview:large","max-video-preview":"max-video-preview:-1"},"canonical":"https:\/\/www.lepetitepicurien.com\/es\/producto\/piramide-valencay-queso-cendree-fresco-250g-8-82oz\/","og_locale":"es_ES","og_type":"article","og_title":"Pyramid Valencay Cendr\u00e9e Cheese Fresh - 250g\/8.82oz - Le Petit Epicurien","og_description":"Experience the rich, tangy flavor of Valen\u00e7ay Cendr\u00e9e Cheese. This imported French goat cheese features a unique pyramid shape and ash-coated rind\u2014fresh.","og_url":"https:\/\/www.lepetitepicurien.com\/es\/producto\/piramide-valencay-queso-cendree-fresco-250g-8-82oz\/","og_site_name":"Le Petit Epicurien","article_modified_time":"2025-04-03T01:31:29+00:00","og_image":[{"width":600,"height":600,"url":"https:\/\/www.lepetitepicurien.com\/wp-content\/uploads\/2024\/08\/DAF705-2-1.jpg","type":"image\/jpeg"}],"twitter_card":"summary_large_image","twitter_misc":{"Tiempo de lectura":"1 minuto"},"schema":{"@context":"https:\/\/schema.org","@graph":[{"@type":"WebPage","@id":"https:\/\/www.lepetitepicurien.com\/product\/pyramid-valencay-cendree-cheese-fresh-250g-8-82oz\/","url":"https:\/\/www.lepetitepicurien.com\/product\/pyramid-valencay-cendree-cheese-fresh-250g-8-82oz\/","name":"Queso Cendr\u00e9e Fresco Pyramid Valencay - 250g\/8.82oz - Le Petit Epicurien","isPartOf":{"@id":"https:\/\/www.lepetitepicurien.com\/#website"},"primaryImageOfPage":{"@id":"https:\/\/www.lepetitepicurien.com\/product\/pyramid-valencay-cendree-cheese-fresh-250g-8-82oz\/#primaryimage"},"image":{"@id":"https:\/\/www.lepetitepicurien.com\/product\/pyramid-valencay-cendree-cheese-fresh-250g-8-82oz\/#primaryimage"},"thumbnailUrl":"https:\/\/www.lepetitepicurien.com\/wp-content\/uploads\/2024\/08\/DAF705-2-1.jpg","datePublished":"2024-08-15T02:49:28+00:00","dateModified":"2025-04-03T01:31:29+00:00","description":"Experimente el rico y \u00e1cido sabor del queso Valen\u00e7ay Cendr\u00e9e. Este queso de cabra franc\u00e9s importado tiene una forma piramidal \u00fanica y una corteza cubierta de ceniza. Es fresco.","breadcrumb":{"@id":"https:\/\/www.lepetitepicurien.com\/product\/pyramid-valencay-cendree-cheese-fresh-250g-8-82oz\/#breadcrumb"},"inLanguage":"es","potentialAction":[{"@type":"ReadAction","target":["https:\/\/www.lepetitepicurien.com\/product\/pyramid-valencay-cendree-cheese-fresh-250g-8-82oz\/"]}]},{"@type":"ImageObject","inLanguage":"es","@id":"https:\/\/www.lepetitepicurien.com\/product\/pyramid-valencay-cendree-cheese-fresh-250g-8-82oz\/#primaryimage","url":"https:\/\/www.lepetitepicurien.com\/wp-content\/uploads\/2024\/08\/DAF705-2-1.jpg","contentUrl":"https:\/\/www.lepetitepicurien.com\/wp-content\/uploads\/2024\/08\/DAF705-2-1.jpg","width":600,"height":600},{"@type":"BreadcrumbList","@id":"https:\/\/www.lepetitepicurien.com\/product\/pyramid-valencay-cendree-cheese-fresh-250g-8-82oz\/#breadcrumb","itemListElement":[{"@type":"ListItem","position":1,"name":"Home","item":"https:\/\/www.lepetitepicurien.com\/"},{"@type":"ListItem","position":2,"name":"Shop","item":"https:\/\/www.lepetitepicurien.com\/shop\/"},{"@type":"ListItem","position":3,"name":"Pyramid Valencay Cendr\u00e9e Cheese Fresh &#8211; 250g\/8.82oz"}]},{"@type":"WebSite","@id":"https:\/\/www.lepetitepicurien.com\/#website","url":"https:\/\/www.lepetitepicurien.com\/","name":"El peque\u00f1o epicurien","description":"Tienda de alimentaci\u00f3n online de comida gourmet europea","publisher":{"@id":"https:\/\/www.lepetitepicurien.com\/#organization"},"potentialAction":[{"@type":"SearchAction","target":{"@type":"EntryPoint","urlTemplate":"https:\/\/www.lepetitepicurien.com\/?s={search_term_string}"},"query-input":{"@type":"PropertyValueSpecification","valueRequired":true,"valueName":"search_term_string"}}],"inLanguage":"es"},{"@type":"Organization","@id":"https:\/\/www.lepetitepicurien.com\/#organization","name":"El peque\u00f1o epicurien","url":"https:\/\/www.lepetitepicurien.com\/","logo":{"@type":"ImageObject","inLanguage":"es","@id":"https:\/\/www.lepetitepicurien.com\/#\/schema\/logo\/image\/","url":"https:\/\/www.lepetitepicurien.com\/wp-content\/uploads\/2024\/03\/logo.png","contentUrl":"https:\/\/www.lepetitepicurien.com\/wp-content\/uploads\/2024\/03\/logo.png","width":1024,"height":1024,"caption":"Le Petit Epicurien"},"image":{"@id":"https:\/\/www.lepetitepicurien.com\/#\/schema\/logo\/image\/"}}]}},"jetpack_sharing_enabled":true,"_links":{"self":[{"href":"http:\/\/www.lepetitepicurien.com\/es\/wp-json\/wp\/v2\/product\/655","targetHints":{"allow":["GET"]}}],"collection":[{"href":"http:\/\/www.lepetitepicurien.com\/es\/wp-json\/wp\/v2\/product"}],"about":[{"href":"http:\/\/www.lepetitepicurien.com\/es\/wp-json\/wp\/v2\/types\/product"}],"wp:featuredmedia":[{"embeddable":true,"href":"http:\/\/www.lepetitepicurien.com\/es\/wp-json\/wp\/v2\/media\/670"}],"wp:attachment":[{"href":"http:\/\/www.lepetitepicurien.com\/es\/wp-json\/wp\/v2\/media?parent=655"}],"wp:term":[{"taxonomy":"product_brand","embeddable":true,"href":"http:\/\/www.lepetitepicurien.com\/es\/wp-json\/wp\/v2\/product_brand?post=655"},{"taxonomy":"product_cat","embeddable":true,"href":"http:\/\/www.lepetitepicurien.com\/es\/wp-json\/wp\/v2\/product_cat?post=655"},{"taxonomy":"product_tag","embeddable":true,"href":"http:\/\/www.lepetitepicurien.com\/es\/wp-json\/wp\/v2\/product_tag?post=655"}],"curies":[{"name":"wp","href":"https:\/\/api.w.org\/{rel}","templated":true}]}}