{"id":81,"date":"2024-03-09T00:57:02","date_gmt":"2024-03-09T05:57:02","guid":{"rendered":"https:\/\/www.lepetitepicurien.com\/?post_type=product&#038;p=81"},"modified":"2026-02-18T11:19:51","modified_gmt":"2026-02-18T16:19:51","slug":"raclette-750g-1-65-lbs-26-oz","status":"publish","type":"product","link":"https:\/\/www.lepetitepicurien.com\/es\/product\/raclette-750g-1-65-lbs-26-oz\/","title":{"rendered":"Queso para raclette \u2013 750 g\/1,65 lb"},"content":{"rendered":"<p>Queso tradicional de raclette que proviene de los Alpes franceses.<\/p>\n<p>Pida m\u00e1s para atender a m\u00e1s personas y obtener trozos de queso m\u00e1s grandes:<\/p>\n<p>\u2013 4\/7 personas: cantidad <strong>x2<\/strong>, ser\u00e1 un <strong>cuarto de queso<\/strong>\/Meule (~3,3 lbs \/ ~1,5 kg)<br \/>\n\u2013 10\/15 personas: cantidad de pedido <strong>x4<\/strong>, ser\u00e1 un <strong>medio queso<\/strong>\/Meule (~6,6 lbs \/ ~3 kg)<br \/>\n\u2013 20\/30 personas: cantidad de pedido <strong>x8<\/strong>, ser\u00e1 el <strong>queso entero<\/strong>\/Meule (~13,25 lbs \/ ~6 kg)<\/p>\n<p>&nbsp;<\/p>\n<p><strong>\u00bfC\u00f3mo preparar queso Raclette?<\/strong><br \/>\nCalienta la raclette, se funde en una m\u00e1quina especial y las partes fundidas se raspan sobre placas. Luego s\u00edrvelo con patatas, pepinillos, cebollas encurtidas y jam\u00f3n de tu elecci\u00f3n. El queso se presenta en formas redondas y cuadradas y se puede servir con cualquier tipo de vino.<\/p>","protected":false},"excerpt":{"rendered":"<p>Sirve para 2 o 3 personas (cortado en lonchas, se obtienen 24 o m\u00e1s lonchas). Se env\u00eda como un octavo de queso\/Meule (~750 g). Pide 2 para obtener un cuarto (~1,5 kg), 4 veces la mitad del queso (~3 kg) y 8 veces el queso entero.<\/p>","protected":false},"featured_media":111,"template":"","meta":[],"product_brand":[],"product_cat":[30],"product_tag":[],"class_list":{"0":"post-81","1":"product","2":"type-product","3":"status-publish","4":"has-post-thumbnail","6":"product_cat-cheeses","7":"product_shipping_class-cooler","9":"first","10":"instock","11":"sale","12":"taxable","13":"shipping-taxable","14":"purchasable","15":"product-type-simple"},"yoast_head":"<!-- This site is optimized with the Yoast SEO plugin v27.5 - https:\/\/yoast.com\/product\/yoast-seo-wordpress\/ -->\n<title>Raclette Cheese - 750g\/1.65lb - Le Petit Epicurien<\/title>\n<meta name=\"description\" content=\"Indulge our rich and creamy French Raclette cheese, perfect for grilling or slice. It&#039;s an essential choice for a heartwarming and traditional Alps meal with friends or family.\" \/>\n<meta name=\"robots\" content=\"index, follow, max-snippet:-1, max-image-preview:large, max-video-preview:-1\" \/>\n<link rel=\"canonical\" href=\"https:\/\/www.lepetitepicurien.com\/es\/producto\/queso-raclette\/\" \/>\n<meta property=\"og:locale\" content=\"es_ES\" \/>\n<meta property=\"og:type\" content=\"article\" \/>\n<meta property=\"og:title\" content=\"Raclette Cheese - 750g\/1.65lb - Le Petit Epicurien\" \/>\n<meta property=\"og:description\" content=\"Indulge our rich and creamy French Raclette cheese, perfect for grilling or slice. It&#039;s an essential choice for a heartwarming and traditional Alps meal with friends or family.\" \/>\n<meta property=\"og:url\" content=\"https:\/\/www.lepetitepicurien.com\/es\/producto\/queso-raclette\/\" \/>\n<meta property=\"og:site_name\" content=\"Le Petit Epicurien\" \/>\n<meta property=\"article:modified_time\" content=\"2026-02-18T16:19:51+00:00\" \/>\n<meta property=\"og:image\" content=\"https:\/\/www.lepetitepicurien.com\/wp-content\/uploads\/2024\/03\/DAF0015-3.jpg\" \/>\n\t<meta property=\"og:image:width\" content=\"600\" \/>\n\t<meta property=\"og:image:height\" content=\"600\" \/>\n\t<meta property=\"og:image:type\" content=\"image\/jpeg\" \/>\n<meta name=\"twitter:card\" content=\"summary_large_image\" \/>\n<meta name=\"twitter:label1\" content=\"Tiempo de lectura\" \/>\n\t<meta name=\"twitter:data1\" content=\"1 minuto\" \/>\n<script type=\"application\/ld+json\" class=\"yoast-schema-graph\">{\"@context\":\"https:\\\/\\\/schema.org\",\"@graph\":[{\"@type\":\"WebPage\",\"@id\":\"https:\\\/\\\/www.lepetitepicurien.com\\\/product\\\/raclette-750g-1-65-lbs-26-oz\\\/\",\"url\":\"https:\\\/\\\/www.lepetitepicurien.com\\\/product\\\/raclette-750g-1-65-lbs-26-oz\\\/\",\"name\":\"Raclette Cheese - 750g\\\/1.65lb - Le Petit Epicurien\",\"isPartOf\":{\"@id\":\"https:\\\/\\\/www.lepetitepicurien.com\\\/#website\"},\"primaryImageOfPage\":{\"@id\":\"https:\\\/\\\/www.lepetitepicurien.com\\\/product\\\/raclette-750g-1-65-lbs-26-oz\\\/#primaryimage\"},\"image\":{\"@id\":\"https:\\\/\\\/www.lepetitepicurien.com\\\/product\\\/raclette-750g-1-65-lbs-26-oz\\\/#primaryimage\"},\"thumbnailUrl\":\"https:\\\/\\\/www.lepetitepicurien.com\\\/wp-content\\\/uploads\\\/2024\\\/03\\\/DAF0015-3.jpg\",\"datePublished\":\"2024-03-09T05:57:02+00:00\",\"dateModified\":\"2026-02-18T16:19:51+00:00\",\"description\":\"Indulge our rich and creamy French Raclette cheese, perfect for grilling or slice. It's an essential choice for a heartwarming and traditional Alps meal with friends or family.\",\"breadcrumb\":{\"@id\":\"https:\\\/\\\/www.lepetitepicurien.com\\\/product\\\/raclette-750g-1-65-lbs-26-oz\\\/#breadcrumb\"},\"inLanguage\":\"es\",\"potentialAction\":[{\"@type\":\"ReadAction\",\"target\":[\"https:\\\/\\\/www.lepetitepicurien.com\\\/product\\\/raclette-750g-1-65-lbs-26-oz\\\/\"]}]},{\"@type\":\"ImageObject\",\"inLanguage\":\"es\",\"@id\":\"https:\\\/\\\/www.lepetitepicurien.com\\\/product\\\/raclette-750g-1-65-lbs-26-oz\\\/#primaryimage\",\"url\":\"https:\\\/\\\/www.lepetitepicurien.com\\\/wp-content\\\/uploads\\\/2024\\\/03\\\/DAF0015-3.jpg\",\"contentUrl\":\"https:\\\/\\\/www.lepetitepicurien.com\\\/wp-content\\\/uploads\\\/2024\\\/03\\\/DAF0015-3.jpg\",\"width\":600,\"height\":600},{\"@type\":\"BreadcrumbList\",\"@id\":\"https:\\\/\\\/www.lepetitepicurien.com\\\/product\\\/raclette-750g-1-65-lbs-26-oz\\\/#breadcrumb\",\"itemListElement\":[{\"@type\":\"ListItem\",\"position\":1,\"name\":\"Home\",\"item\":\"https:\\\/\\\/www.lepetitepicurien.com\\\/\"},{\"@type\":\"ListItem\",\"position\":2,\"name\":\"Shop\",\"item\":\"https:\\\/\\\/www.lepetitepicurien.com\\\/shop\\\/\"},{\"@type\":\"ListItem\",\"position\":3,\"name\":\"Raclette Cheese &#8211; 750g\\\/1.65lb\"}]},{\"@type\":\"WebSite\",\"@id\":\"https:\\\/\\\/www.lepetitepicurien.com\\\/#website\",\"url\":\"https:\\\/\\\/www.lepetitepicurien.com\\\/\",\"name\":\"Le Petit Epicurien\",\"description\":\"Online Grocery for European Gourmet Food\",\"publisher\":{\"@id\":\"https:\\\/\\\/www.lepetitepicurien.com\\\/#organization\"},\"potentialAction\":[{\"@type\":\"SearchAction\",\"target\":{\"@type\":\"EntryPoint\",\"urlTemplate\":\"https:\\\/\\\/www.lepetitepicurien.com\\\/?s={search_term_string}\"},\"query-input\":{\"@type\":\"PropertyValueSpecification\",\"valueRequired\":true,\"valueName\":\"search_term_string\"}}],\"inLanguage\":\"es\"},{\"@type\":\"Organization\",\"@id\":\"https:\\\/\\\/www.lepetitepicurien.com\\\/#organization\",\"name\":\"Le Petit Epicurien\",\"url\":\"https:\\\/\\\/www.lepetitepicurien.com\\\/\",\"logo\":{\"@type\":\"ImageObject\",\"inLanguage\":\"es\",\"@id\":\"https:\\\/\\\/www.lepetitepicurien.com\\\/#\\\/schema\\\/logo\\\/image\\\/\",\"url\":\"https:\\\/\\\/www.lepetitepicurien.com\\\/wp-content\\\/uploads\\\/2024\\\/03\\\/logo.png\",\"contentUrl\":\"https:\\\/\\\/www.lepetitepicurien.com\\\/wp-content\\\/uploads\\\/2024\\\/03\\\/logo.png\",\"width\":1024,\"height\":1024,\"caption\":\"Le Petit Epicurien\"},\"image\":{\"@id\":\"https:\\\/\\\/www.lepetitepicurien.com\\\/#\\\/schema\\\/logo\\\/image\\\/\"}}]}<\/script>\n<!-- \/ Yoast SEO plugin. -->","yoast_head_json":{"title":"Queso Raclette - 750g\/1.65lb - Le Petit Epicurien","description":"Del\u00e9itese con nuestro rico y cremoso queso raclette franc\u00e9s, perfecto para asar o rebanar. Es una opci\u00f3n imprescindible para una comida reconfortante y tradicional de los Alpes con amigos o familiares.","robots":{"index":"index","follow":"follow","max-snippet":"max-snippet:-1","max-image-preview":"max-image-preview:large","max-video-preview":"max-video-preview:-1"},"canonical":"https:\/\/www.lepetitepicurien.com\/es\/producto\/queso-raclette\/","og_locale":"es_ES","og_type":"article","og_title":"Raclette Cheese - 750g\/1.65lb - Le Petit Epicurien","og_description":"Indulge our rich and creamy French Raclette cheese, perfect for grilling or slice. It's an essential choice for a heartwarming and traditional Alps meal with friends or family.","og_url":"https:\/\/www.lepetitepicurien.com\/es\/producto\/queso-raclette\/","og_site_name":"Le Petit Epicurien","article_modified_time":"2026-02-18T16:19:51+00:00","og_image":[{"width":600,"height":600,"url":"https:\/\/www.lepetitepicurien.com\/wp-content\/uploads\/2024\/03\/DAF0015-3.jpg","type":"image\/jpeg"}],"twitter_card":"summary_large_image","twitter_misc":{"Tiempo de lectura":"1 minuto"},"schema":{"@context":"https:\/\/schema.org","@graph":[{"@type":"WebPage","@id":"https:\/\/www.lepetitepicurien.com\/product\/raclette-750g-1-65-lbs-26-oz\/","url":"https:\/\/www.lepetitepicurien.com\/product\/raclette-750g-1-65-lbs-26-oz\/","name":"Queso Raclette - 750g\/1.65lb - Le Petit Epicurien","isPartOf":{"@id":"https:\/\/www.lepetitepicurien.com\/#website"},"primaryImageOfPage":{"@id":"https:\/\/www.lepetitepicurien.com\/product\/raclette-750g-1-65-lbs-26-oz\/#primaryimage"},"image":{"@id":"https:\/\/www.lepetitepicurien.com\/product\/raclette-750g-1-65-lbs-26-oz\/#primaryimage"},"thumbnailUrl":"https:\/\/www.lepetitepicurien.com\/wp-content\/uploads\/2024\/03\/DAF0015-3.jpg","datePublished":"2024-03-09T05:57:02+00:00","dateModified":"2026-02-18T16:19:51+00:00","description":"Del\u00e9itese con nuestro rico y cremoso queso raclette franc\u00e9s, perfecto para asar o rebanar. Es una opci\u00f3n imprescindible para una comida reconfortante y tradicional de los Alpes con amigos o familiares.","breadcrumb":{"@id":"https:\/\/www.lepetitepicurien.com\/product\/raclette-750g-1-65-lbs-26-oz\/#breadcrumb"},"inLanguage":"es","potentialAction":[{"@type":"ReadAction","target":["https:\/\/www.lepetitepicurien.com\/product\/raclette-750g-1-65-lbs-26-oz\/"]}]},{"@type":"ImageObject","inLanguage":"es","@id":"https:\/\/www.lepetitepicurien.com\/product\/raclette-750g-1-65-lbs-26-oz\/#primaryimage","url":"https:\/\/www.lepetitepicurien.com\/wp-content\/uploads\/2024\/03\/DAF0015-3.jpg","contentUrl":"https:\/\/www.lepetitepicurien.com\/wp-content\/uploads\/2024\/03\/DAF0015-3.jpg","width":600,"height":600},{"@type":"BreadcrumbList","@id":"https:\/\/www.lepetitepicurien.com\/product\/raclette-750g-1-65-lbs-26-oz\/#breadcrumb","itemListElement":[{"@type":"ListItem","position":1,"name":"Home","item":"https:\/\/www.lepetitepicurien.com\/"},{"@type":"ListItem","position":2,"name":"Shop","item":"https:\/\/www.lepetitepicurien.com\/shop\/"},{"@type":"ListItem","position":3,"name":"Raclette Cheese &#8211; 750g\/1.65lb"}]},{"@type":"WebSite","@id":"https:\/\/www.lepetitepicurien.com\/#website","url":"https:\/\/www.lepetitepicurien.com\/","name":"El peque\u00f1o epicurien","description":"Tienda de alimentaci\u00f3n online de comida gourmet europea","publisher":{"@id":"https:\/\/www.lepetitepicurien.com\/#organization"},"potentialAction":[{"@type":"SearchAction","target":{"@type":"EntryPoint","urlTemplate":"https:\/\/www.lepetitepicurien.com\/?s={search_term_string}"},"query-input":{"@type":"PropertyValueSpecification","valueRequired":true,"valueName":"search_term_string"}}],"inLanguage":"es"},{"@type":"Organization","@id":"https:\/\/www.lepetitepicurien.com\/#organization","name":"El peque\u00f1o epicurien","url":"https:\/\/www.lepetitepicurien.com\/","logo":{"@type":"ImageObject","inLanguage":"es","@id":"https:\/\/www.lepetitepicurien.com\/#\/schema\/logo\/image\/","url":"https:\/\/www.lepetitepicurien.com\/wp-content\/uploads\/2024\/03\/logo.png","contentUrl":"https:\/\/www.lepetitepicurien.com\/wp-content\/uploads\/2024\/03\/logo.png","width":1024,"height":1024,"caption":"Le Petit Epicurien"},"image":{"@id":"https:\/\/www.lepetitepicurien.com\/#\/schema\/logo\/image\/"}}]}},"jetpack_sharing_enabled":true,"_links":{"self":[{"href":"https:\/\/www.lepetitepicurien.com\/es\/wp-json\/wp\/v2\/product\/81","targetHints":{"allow":["GET"]}}],"collection":[{"href":"https:\/\/www.lepetitepicurien.com\/es\/wp-json\/wp\/v2\/product"}],"about":[{"href":"https:\/\/www.lepetitepicurien.com\/es\/wp-json\/wp\/v2\/types\/product"}],"wp:featuredmedia":[{"embeddable":true,"href":"https:\/\/www.lepetitepicurien.com\/es\/wp-json\/wp\/v2\/media\/111"}],"wp:attachment":[{"href":"https:\/\/www.lepetitepicurien.com\/es\/wp-json\/wp\/v2\/media?parent=81"}],"wp:term":[{"taxonomy":"product_brand","embeddable":true,"href":"https:\/\/www.lepetitepicurien.com\/es\/wp-json\/wp\/v2\/product_brand?post=81"},{"taxonomy":"product_cat","embeddable":true,"href":"https:\/\/www.lepetitepicurien.com\/es\/wp-json\/wp\/v2\/product_cat?post=81"},{"taxonomy":"product_tag","embeddable":true,"href":"https:\/\/www.lepetitepicurien.com\/es\/wp-json\/wp\/v2\/product_tag?post=81"}],"curies":[{"name":"wp","href":"https:\/\/api.w.org\/{rel}","templated":true}]}}