{"id":88,"date":"2024-03-09T00:57:03","date_gmt":"2024-03-09T05:57:03","guid":{"rendered":"https:\/\/www.lepetitepicurien.com\/?post_type=product&#038;p=88"},"modified":"2025-12-23T01:24:16","modified_gmt":"2025-12-23T06:24:16","slug":"chipolata-w-herbes-de-provence-bag-of-6-pcs","status":"publish","type":"product","link":"http:\/\/www.lepetitepicurien.com\/es\/product\/chipolata-w-herbes-de-provence-bag-of-6-pcs\/","title":{"rendered":"Salchicha de bistr\u00f3 chipolata con hierbas provenzales \u2013 bolsa de 6 unidades"},"content":{"rendered":"<p>La salchicha chipolata es una salchicha popular para asar con hierbas provenzales. Es un tipo de embutido peque\u00f1o, fino y largo procedente de Francia. Elaborado con carne de cerdo molida gruesa y sazonado con sal y pimienta. Sin embargo, lo que hace que la salchicha chipolata sea tan especial es la combinaci\u00f3n de hierbas como salvia, tomillo, pimiento morr\u00f3n y\/o nuez moscada. <\/p>\n<p>Nuestra salchicha totalmente natural est\u00e1 hecha de:<\/p>\n<p>Carne y tripa de cerdo de primera calidad<br \/>\nMultitud de condimentos<br \/>\nSin antibi\u00f3ticos ni hormonas.<br \/>\nSin preservativos<br \/>\nSin ingredientes artificiales<br \/>\nSin nitritos<br \/>\nLos animales se alimentan con los piensos naturales m\u00e1s puros.<\/p>\n<p>La chipolata es una excelente alternativa a cualquier otra salchicha popular. Simplemente \u00e1selo en la barbacoa y s\u00edrvalo con ensalada o en una baguette tipo s\u00e1ndwich. Es sabroso y disfrutar\u00e1s de la influencia picante mediterr\u00e1nea en cada bocado.<\/p>\n<p>Nuestra salchicha chipolata es un producto para asar dif\u00edcil de encontrar en los EE. UU.<\/p>","protected":false},"excerpt":{"rendered":"<p>Una salchicha de cerdo tradicional francesa con hierbas provenzales. Ase a la parrilla o saltee en una sart\u00e9n.<\/p>","protected":false},"featured_media":129,"template":"","meta":[],"product_brand":[],"product_cat":[32],"product_tag":[],"class_list":{"0":"post-88","1":"product","2":"type-product","3":"status-publish","4":"has-post-thumbnail","6":"product_cat-delicatessen","7":"product_shipping_class-frozen","9":"first","10":"instock","11":"sale","12":"taxable","13":"shipping-taxable","14":"purchasable","15":"product-type-simple"},"yoast_head":"<!-- This site is optimized with the Yoast SEO plugin v27.3 - https:\/\/yoast.com\/product\/yoast-seo-wordpress\/ -->\n<title>Chipolata with Herbs of Provence Bistro Sausage - bag of 6 pcs - Le Petit Epicurien<\/title>\n<meta name=\"robots\" content=\"index, follow, max-snippet:-1, max-image-preview:large, max-video-preview:-1\" \/>\n<link rel=\"canonical\" href=\"https:\/\/www.lepetitepicurien.com\/es\/producto\/\/\" \/>\n<meta property=\"og:locale\" content=\"es_ES\" \/>\n<meta property=\"og:type\" content=\"article\" \/>\n<meta property=\"og:title\" content=\"Chipolata with Herbs of Provence Bistro Sausage - bag of 6 pcs - Le Petit Epicurien\" \/>\n<meta property=\"og:description\" content=\"A traditional French pork sausage with herbs de Provence. Grill on the barbecue or saute in a pan.\" \/>\n<meta property=\"og:url\" content=\"https:\/\/www.lepetitepicurien.com\/es\/producto\/\/\" \/>\n<meta property=\"og:site_name\" content=\"Le Petit Epicurien\" \/>\n<meta property=\"article:modified_time\" content=\"2025-12-23T06:24:16+00:00\" \/>\n<meta property=\"og:image\" content=\"https:\/\/www.lepetitepicurien.com\/wp-content\/uploads\/2024\/03\/MEA0021-2.jpg\" \/>\n\t<meta property=\"og:image:width\" content=\"600\" \/>\n\t<meta property=\"og:image:height\" content=\"600\" \/>\n\t<meta property=\"og:image:type\" content=\"image\/jpeg\" \/>\n<meta name=\"twitter:card\" content=\"summary_large_image\" \/>\n<meta name=\"twitter:label1\" content=\"Tiempo de lectura\" \/>\n\t<meta name=\"twitter:data1\" content=\"1 minuto\" \/>\n<script type=\"application\/ld+json\" class=\"yoast-schema-graph\">{\"@context\":\"https:\\\/\\\/schema.org\",\"@graph\":[{\"@type\":\"WebPage\",\"@id\":\"https:\\\/\\\/www.lepetitepicurien.com\\\/product\\\/chipolata-w-herbes-de-provence-bag-of-6-pcs\\\/\",\"url\":\"https:\\\/\\\/www.lepetitepicurien.com\\\/product\\\/chipolata-w-herbes-de-provence-bag-of-6-pcs\\\/\",\"name\":\"Chipolata with Herbs of Provence Bistro Sausage - bag of 6 pcs - Le Petit Epicurien\",\"isPartOf\":{\"@id\":\"https:\\\/\\\/www.lepetitepicurien.com\\\/#website\"},\"primaryImageOfPage\":{\"@id\":\"https:\\\/\\\/www.lepetitepicurien.com\\\/product\\\/chipolata-w-herbes-de-provence-bag-of-6-pcs\\\/#primaryimage\"},\"image\":{\"@id\":\"https:\\\/\\\/www.lepetitepicurien.com\\\/product\\\/chipolata-w-herbes-de-provence-bag-of-6-pcs\\\/#primaryimage\"},\"thumbnailUrl\":\"https:\\\/\\\/www.lepetitepicurien.com\\\/wp-content\\\/uploads\\\/2024\\\/03\\\/MEA0021-2.jpg\",\"datePublished\":\"2024-03-09T05:57:03+00:00\",\"dateModified\":\"2025-12-23T06:24:16+00:00\",\"breadcrumb\":{\"@id\":\"https:\\\/\\\/www.lepetitepicurien.com\\\/product\\\/chipolata-w-herbes-de-provence-bag-of-6-pcs\\\/#breadcrumb\"},\"inLanguage\":\"es\",\"potentialAction\":[{\"@type\":\"ReadAction\",\"target\":[\"https:\\\/\\\/www.lepetitepicurien.com\\\/product\\\/chipolata-w-herbes-de-provence-bag-of-6-pcs\\\/\"]}]},{\"@type\":\"ImageObject\",\"inLanguage\":\"es\",\"@id\":\"https:\\\/\\\/www.lepetitepicurien.com\\\/product\\\/chipolata-w-herbes-de-provence-bag-of-6-pcs\\\/#primaryimage\",\"url\":\"https:\\\/\\\/www.lepetitepicurien.com\\\/wp-content\\\/uploads\\\/2024\\\/03\\\/MEA0021-2.jpg\",\"contentUrl\":\"https:\\\/\\\/www.lepetitepicurien.com\\\/wp-content\\\/uploads\\\/2024\\\/03\\\/MEA0021-2.jpg\",\"width\":600,\"height\":600},{\"@type\":\"BreadcrumbList\",\"@id\":\"https:\\\/\\\/www.lepetitepicurien.com\\\/product\\\/chipolata-w-herbes-de-provence-bag-of-6-pcs\\\/#breadcrumb\",\"itemListElement\":[{\"@type\":\"ListItem\",\"position\":1,\"name\":\"Home\",\"item\":\"https:\\\/\\\/www.lepetitepicurien.com\\\/\"},{\"@type\":\"ListItem\",\"position\":2,\"name\":\"Shop\",\"item\":\"https:\\\/\\\/www.lepetitepicurien.com\\\/shop\\\/\"},{\"@type\":\"ListItem\",\"position\":3,\"name\":\"Chipolata with Herbs of Provence Bistro Sausage &#8211; bag of 6 pcs\"}]},{\"@type\":\"WebSite\",\"@id\":\"https:\\\/\\\/www.lepetitepicurien.com\\\/#website\",\"url\":\"https:\\\/\\\/www.lepetitepicurien.com\\\/\",\"name\":\"Le Petit Epicurien\",\"description\":\"Online Grocery for European Gourmet Food\",\"publisher\":{\"@id\":\"https:\\\/\\\/www.lepetitepicurien.com\\\/#organization\"},\"potentialAction\":[{\"@type\":\"SearchAction\",\"target\":{\"@type\":\"EntryPoint\",\"urlTemplate\":\"https:\\\/\\\/www.lepetitepicurien.com\\\/?s={search_term_string}\"},\"query-input\":{\"@type\":\"PropertyValueSpecification\",\"valueRequired\":true,\"valueName\":\"search_term_string\"}}],\"inLanguage\":\"es\"},{\"@type\":\"Organization\",\"@id\":\"https:\\\/\\\/www.lepetitepicurien.com\\\/#organization\",\"name\":\"Le Petit Epicurien\",\"url\":\"https:\\\/\\\/www.lepetitepicurien.com\\\/\",\"logo\":{\"@type\":\"ImageObject\",\"inLanguage\":\"es\",\"@id\":\"https:\\\/\\\/www.lepetitepicurien.com\\\/#\\\/schema\\\/logo\\\/image\\\/\",\"url\":\"https:\\\/\\\/www.lepetitepicurien.com\\\/wp-content\\\/uploads\\\/2024\\\/03\\\/logo.png\",\"contentUrl\":\"https:\\\/\\\/www.lepetitepicurien.com\\\/wp-content\\\/uploads\\\/2024\\\/03\\\/logo.png\",\"width\":1024,\"height\":1024,\"caption\":\"Le Petit Epicurien\"},\"image\":{\"@id\":\"https:\\\/\\\/www.lepetitepicurien.com\\\/#\\\/schema\\\/logo\\\/image\\\/\"}}]}<\/script>\n<!-- \/ Yoast SEO plugin. -->","yoast_head_json":{"title":"Salchicha de bistr\u00f3 chipolata con hierbas de Provenza - bolsa de 6 piezas - Le Petit Epicurien","robots":{"index":"index","follow":"follow","max-snippet":"max-snippet:-1","max-image-preview":"max-image-preview:large","max-video-preview":"max-video-preview:-1"},"canonical":"https:\/\/www.lepetitepicurien.com\/es\/producto\/\/","og_locale":"es_ES","og_type":"article","og_title":"Chipolata with Herbs of Provence Bistro Sausage - bag of 6 pcs - Le Petit Epicurien","og_description":"A traditional French pork sausage with herbs de Provence. Grill on the barbecue or saute in a pan.","og_url":"https:\/\/www.lepetitepicurien.com\/es\/producto\/\/","og_site_name":"Le Petit Epicurien","article_modified_time":"2025-12-23T06:24:16+00:00","og_image":[{"width":600,"height":600,"url":"https:\/\/www.lepetitepicurien.com\/wp-content\/uploads\/2024\/03\/MEA0021-2.jpg","type":"image\/jpeg"}],"twitter_card":"summary_large_image","twitter_misc":{"Tiempo de lectura":"1 minuto"},"schema":{"@context":"https:\/\/schema.org","@graph":[{"@type":"WebPage","@id":"https:\/\/www.lepetitepicurien.com\/product\/chipolata-w-herbes-de-provence-bag-of-6-pcs\/","url":"https:\/\/www.lepetitepicurien.com\/product\/chipolata-w-herbes-de-provence-bag-of-6-pcs\/","name":"Salchicha de bistr\u00f3 chipolata con hierbas de Provenza - bolsa de 6 piezas - Le Petit Epicurien","isPartOf":{"@id":"https:\/\/www.lepetitepicurien.com\/#website"},"primaryImageOfPage":{"@id":"https:\/\/www.lepetitepicurien.com\/product\/chipolata-w-herbes-de-provence-bag-of-6-pcs\/#primaryimage"},"image":{"@id":"https:\/\/www.lepetitepicurien.com\/product\/chipolata-w-herbes-de-provence-bag-of-6-pcs\/#primaryimage"},"thumbnailUrl":"https:\/\/www.lepetitepicurien.com\/wp-content\/uploads\/2024\/03\/MEA0021-2.jpg","datePublished":"2024-03-09T05:57:03+00:00","dateModified":"2025-12-23T06:24:16+00:00","breadcrumb":{"@id":"https:\/\/www.lepetitepicurien.com\/product\/chipolata-w-herbes-de-provence-bag-of-6-pcs\/#breadcrumb"},"inLanguage":"es","potentialAction":[{"@type":"ReadAction","target":["https:\/\/www.lepetitepicurien.com\/product\/chipolata-w-herbes-de-provence-bag-of-6-pcs\/"]}]},{"@type":"ImageObject","inLanguage":"es","@id":"https:\/\/www.lepetitepicurien.com\/product\/chipolata-w-herbes-de-provence-bag-of-6-pcs\/#primaryimage","url":"https:\/\/www.lepetitepicurien.com\/wp-content\/uploads\/2024\/03\/MEA0021-2.jpg","contentUrl":"https:\/\/www.lepetitepicurien.com\/wp-content\/uploads\/2024\/03\/MEA0021-2.jpg","width":600,"height":600},{"@type":"BreadcrumbList","@id":"https:\/\/www.lepetitepicurien.com\/product\/chipolata-w-herbes-de-provence-bag-of-6-pcs\/#breadcrumb","itemListElement":[{"@type":"ListItem","position":1,"name":"Home","item":"https:\/\/www.lepetitepicurien.com\/"},{"@type":"ListItem","position":2,"name":"Shop","item":"https:\/\/www.lepetitepicurien.com\/shop\/"},{"@type":"ListItem","position":3,"name":"Chipolata with Herbs of Provence Bistro Sausage &#8211; bag of 6 pcs"}]},{"@type":"WebSite","@id":"https:\/\/www.lepetitepicurien.com\/#website","url":"https:\/\/www.lepetitepicurien.com\/","name":"El peque\u00f1o epicurien","description":"Tienda de alimentaci\u00f3n online de comida gourmet europea","publisher":{"@id":"https:\/\/www.lepetitepicurien.com\/#organization"},"potentialAction":[{"@type":"SearchAction","target":{"@type":"EntryPoint","urlTemplate":"https:\/\/www.lepetitepicurien.com\/?s={search_term_string}"},"query-input":{"@type":"PropertyValueSpecification","valueRequired":true,"valueName":"search_term_string"}}],"inLanguage":"es"},{"@type":"Organization","@id":"https:\/\/www.lepetitepicurien.com\/#organization","name":"El peque\u00f1o epicurien","url":"https:\/\/www.lepetitepicurien.com\/","logo":{"@type":"ImageObject","inLanguage":"es","@id":"https:\/\/www.lepetitepicurien.com\/#\/schema\/logo\/image\/","url":"https:\/\/www.lepetitepicurien.com\/wp-content\/uploads\/2024\/03\/logo.png","contentUrl":"https:\/\/www.lepetitepicurien.com\/wp-content\/uploads\/2024\/03\/logo.png","width":1024,"height":1024,"caption":"Le Petit Epicurien"},"image":{"@id":"https:\/\/www.lepetitepicurien.com\/#\/schema\/logo\/image\/"}}]}},"jetpack_sharing_enabled":true,"_links":{"self":[{"href":"http:\/\/www.lepetitepicurien.com\/es\/wp-json\/wp\/v2\/product\/88","targetHints":{"allow":["GET"]}}],"collection":[{"href":"http:\/\/www.lepetitepicurien.com\/es\/wp-json\/wp\/v2\/product"}],"about":[{"href":"http:\/\/www.lepetitepicurien.com\/es\/wp-json\/wp\/v2\/types\/product"}],"wp:featuredmedia":[{"embeddable":true,"href":"http:\/\/www.lepetitepicurien.com\/es\/wp-json\/wp\/v2\/media\/129"}],"wp:attachment":[{"href":"http:\/\/www.lepetitepicurien.com\/es\/wp-json\/wp\/v2\/media?parent=88"}],"wp:term":[{"taxonomy":"product_brand","embeddable":true,"href":"http:\/\/www.lepetitepicurien.com\/es\/wp-json\/wp\/v2\/product_brand?post=88"},{"taxonomy":"product_cat","embeddable":true,"href":"http:\/\/www.lepetitepicurien.com\/es\/wp-json\/wp\/v2\/product_cat?post=88"},{"taxonomy":"product_tag","embeddable":true,"href":"http:\/\/www.lepetitepicurien.com\/es\/wp-json\/wp\/v2\/product_tag?post=88"}],"curies":[{"name":"wp","href":"https:\/\/api.w.org\/{rel}","templated":true}]}}