{"id":92,"date":"2024-03-09T00:57:03","date_gmt":"2024-03-09T05:57:03","guid":{"rendered":"https:\/\/www.lepetitepicurien.com\/?post_type=product&#038;p=92"},"modified":"2026-01-16T18:09:51","modified_gmt":"2026-01-16T23:09:51","slug":"merguez-100-lamb-pork-free-bag-of-6-pcs","status":"publish","type":"product","link":"http:\/\/www.lepetitepicurien.com\/es\/product\/merguez-100-lamb-pork-free-bag-of-6-pcs\/","title":{"rendered":"Salchicha de cordero Merguez 100% \u2013 sin cerdo \u2013 340 g\/0,75 lb \u2013 bolsa de 6 piezas"},"content":{"rendered":"<p>La salchicha Merguez es un plato popular para asar en Francia. Los franceses adoptaron la deliciosa y picante receta de salchicha de cordero de la comida tradicional del norte de \u00c1frica. Es tan f\u00e1cil de comer como cualquier otra salchicha americana popular. Simplemente s\u00edrvelo en una baguette tipo s\u00e1ndwich y agrega mostaza, como si fuera un hot dog. Es sabroso y disfrutar\u00e1s de la influencia picante mediterr\u00e1nea en cada bocado.<\/p>\n<p>Nuestro Salchich\u00f3n Merguez est\u00e1 elaborado con:<\/p>\n<p>Carne de cordero de primera calidad<br \/>\nMultitud de condimentos<br \/>\nSin preservativos<br \/>\nSin sabores artificiales<br \/>\nSin colorantes artificiales<br \/>\nTripa de oveja, sin cerdo<br \/>\n100% Lamb merguez es una salchicha para asar favorita dif\u00edcil de encontrar que estamos orgullosos de ofrecer a nuestros clientes franceses expatriados y maestros asadores estadounidenses.<\/p>","protected":false},"excerpt":{"rendered":"<p>Nuestra salchicha merguez no contiene carne de cerdo; Est\u00e1 elaborado con cordero 100% en tripa de oveja.<\/p>\n<p>Bolsa de 6 salchichas.<\/p>","protected":false},"featured_media":133,"template":"","meta":[],"product_brand":[],"product_cat":[32],"product_tag":[],"class_list":{"0":"post-92","1":"product","2":"type-product","3":"status-publish","4":"has-post-thumbnail","6":"product_cat-delicatessen","7":"product_shipping_class-frozen","9":"first","10":"instock","11":"sale","12":"taxable","13":"shipping-taxable","14":"purchasable","15":"product-type-simple"},"yoast_head":"<!-- This site is optimized with the Yoast SEO plugin v27.4 - https:\/\/yoast.com\/product\/yoast-seo-wordpress\/ -->\n<title>Merguez 100% Lamb Sausage - pork free - 340g\/0.75lb - bag of 6 pcs - Le Petit Epicurien<\/title>\n<meta name=\"description\" content=\"Experience the bold, spicy flavors of Merguez, a North African sausage made from lamb, seasoned with cumin, chili, and garlic. Perfect for grilling or adding to stews and couscous dishes, Merguez offers a taste of authentic Mediterranean cuisine.\" \/>\n<meta name=\"robots\" content=\"index, follow, max-snippet:-1, max-image-preview:large, max-video-preview:-1\" \/>\n<link rel=\"canonical\" href=\"https:\/\/www.lepetitepicurien.com\/es\/producto\/\/\" \/>\n<meta property=\"og:locale\" content=\"es_ES\" \/>\n<meta property=\"og:type\" content=\"article\" \/>\n<meta property=\"og:title\" content=\"Merguez 100% Lamb Sausage - pork free - 340g\/0.75lb - bag of 6 pcs - Le Petit Epicurien\" \/>\n<meta property=\"og:description\" content=\"Experience the bold, spicy flavors of Merguez, a North African sausage made from lamb, seasoned with cumin, chili, and garlic. Perfect for grilling or adding to stews and couscous dishes, Merguez offers a taste of authentic Mediterranean cuisine.\" \/>\n<meta property=\"og:url\" content=\"https:\/\/www.lepetitepicurien.com\/es\/producto\/\/\" \/>\n<meta property=\"og:site_name\" content=\"Le Petit Epicurien\" \/>\n<meta property=\"article:modified_time\" content=\"2026-01-16T23:09:51+00:00\" \/>\n<meta property=\"og:image\" content=\"https:\/\/www.lepetitepicurien.com\/wp-content\/uploads\/2024\/03\/MEA0006-2.jpg\" \/>\n\t<meta property=\"og:image:width\" content=\"600\" \/>\n\t<meta property=\"og:image:height\" content=\"600\" \/>\n\t<meta property=\"og:image:type\" content=\"image\/jpeg\" \/>\n<meta name=\"twitter:card\" content=\"summary_large_image\" \/>\n<meta name=\"twitter:label1\" content=\"Tiempo de lectura\" \/>\n\t<meta name=\"twitter:data1\" content=\"1 minuto\" \/>\n<script type=\"application\/ld+json\" class=\"yoast-schema-graph\">{\"@context\":\"https:\\\/\\\/schema.org\",\"@graph\":[{\"@type\":\"WebPage\",\"@id\":\"https:\\\/\\\/www.lepetitepicurien.com\\\/product\\\/merguez-100-lamb-pork-free-bag-of-6-pcs\\\/\",\"url\":\"https:\\\/\\\/www.lepetitepicurien.com\\\/product\\\/merguez-100-lamb-pork-free-bag-of-6-pcs\\\/\",\"name\":\"Merguez 100% Lamb Sausage - pork free - 340g\\\/0.75lb - bag of 6 pcs - Le Petit Epicurien\",\"isPartOf\":{\"@id\":\"https:\\\/\\\/www.lepetitepicurien.com\\\/#website\"},\"primaryImageOfPage\":{\"@id\":\"https:\\\/\\\/www.lepetitepicurien.com\\\/product\\\/merguez-100-lamb-pork-free-bag-of-6-pcs\\\/#primaryimage\"},\"image\":{\"@id\":\"https:\\\/\\\/www.lepetitepicurien.com\\\/product\\\/merguez-100-lamb-pork-free-bag-of-6-pcs\\\/#primaryimage\"},\"thumbnailUrl\":\"https:\\\/\\\/www.lepetitepicurien.com\\\/wp-content\\\/uploads\\\/2024\\\/03\\\/MEA0006-2.jpg\",\"datePublished\":\"2024-03-09T05:57:03+00:00\",\"dateModified\":\"2026-01-16T23:09:51+00:00\",\"description\":\"Experience the bold, spicy flavors of Merguez, a North African sausage made from lamb, seasoned with cumin, chili, and garlic. Perfect for grilling or adding to stews and couscous dishes, Merguez offers a taste of authentic Mediterranean cuisine.\",\"breadcrumb\":{\"@id\":\"https:\\\/\\\/www.lepetitepicurien.com\\\/product\\\/merguez-100-lamb-pork-free-bag-of-6-pcs\\\/#breadcrumb\"},\"inLanguage\":\"es\",\"potentialAction\":[{\"@type\":\"ReadAction\",\"target\":[\"https:\\\/\\\/www.lepetitepicurien.com\\\/product\\\/merguez-100-lamb-pork-free-bag-of-6-pcs\\\/\"]}]},{\"@type\":\"ImageObject\",\"inLanguage\":\"es\",\"@id\":\"https:\\\/\\\/www.lepetitepicurien.com\\\/product\\\/merguez-100-lamb-pork-free-bag-of-6-pcs\\\/#primaryimage\",\"url\":\"https:\\\/\\\/www.lepetitepicurien.com\\\/wp-content\\\/uploads\\\/2024\\\/03\\\/MEA0006-2.jpg\",\"contentUrl\":\"https:\\\/\\\/www.lepetitepicurien.com\\\/wp-content\\\/uploads\\\/2024\\\/03\\\/MEA0006-2.jpg\",\"width\":600,\"height\":600},{\"@type\":\"BreadcrumbList\",\"@id\":\"https:\\\/\\\/www.lepetitepicurien.com\\\/product\\\/merguez-100-lamb-pork-free-bag-of-6-pcs\\\/#breadcrumb\",\"itemListElement\":[{\"@type\":\"ListItem\",\"position\":1,\"name\":\"Home\",\"item\":\"https:\\\/\\\/www.lepetitepicurien.com\\\/\"},{\"@type\":\"ListItem\",\"position\":2,\"name\":\"Shop\",\"item\":\"https:\\\/\\\/www.lepetitepicurien.com\\\/shop\\\/\"},{\"@type\":\"ListItem\",\"position\":3,\"name\":\"Merguez 100% Lamb Sausage &#8211; pork free &#8211; 340g\\\/0.75lb &#8211; bag of 6 pcs\"}]},{\"@type\":\"WebSite\",\"@id\":\"https:\\\/\\\/www.lepetitepicurien.com\\\/#website\",\"url\":\"https:\\\/\\\/www.lepetitepicurien.com\\\/\",\"name\":\"Le Petit Epicurien\",\"description\":\"Online Grocery for European Gourmet Food\",\"publisher\":{\"@id\":\"https:\\\/\\\/www.lepetitepicurien.com\\\/#organization\"},\"potentialAction\":[{\"@type\":\"SearchAction\",\"target\":{\"@type\":\"EntryPoint\",\"urlTemplate\":\"https:\\\/\\\/www.lepetitepicurien.com\\\/?s={search_term_string}\"},\"query-input\":{\"@type\":\"PropertyValueSpecification\",\"valueRequired\":true,\"valueName\":\"search_term_string\"}}],\"inLanguage\":\"es\"},{\"@type\":\"Organization\",\"@id\":\"https:\\\/\\\/www.lepetitepicurien.com\\\/#organization\",\"name\":\"Le Petit Epicurien\",\"url\":\"https:\\\/\\\/www.lepetitepicurien.com\\\/\",\"logo\":{\"@type\":\"ImageObject\",\"inLanguage\":\"es\",\"@id\":\"https:\\\/\\\/www.lepetitepicurien.com\\\/#\\\/schema\\\/logo\\\/image\\\/\",\"url\":\"https:\\\/\\\/www.lepetitepicurien.com\\\/wp-content\\\/uploads\\\/2024\\\/03\\\/logo.png\",\"contentUrl\":\"https:\\\/\\\/www.lepetitepicurien.com\\\/wp-content\\\/uploads\\\/2024\\\/03\\\/logo.png\",\"width\":1024,\"height\":1024,\"caption\":\"Le Petit Epicurien\"},\"image\":{\"@id\":\"https:\\\/\\\/www.lepetitepicurien.com\\\/#\\\/schema\\\/logo\\\/image\\\/\"}}]}<\/script>\n<!-- \/ Yoast SEO plugin. -->","yoast_head_json":{"title":"Salchicha de cordero Merguez 100% - sin cerdo - 340 g\/0,75 lb - bolsa de 6 piezas - Le Petit Epicurien","description":"Experimente los sabores intensos y picantes de Merguez, una salchicha del norte de \u00c1frica hecha de cordero, condimentada con comino, chile y ajo. Perfecta para asar a la parrilla o agregar a guisos y platos de cusc\u00fas, Merguez ofrece un sabor de aut\u00e9ntica cocina mediterr\u00e1nea.","robots":{"index":"index","follow":"follow","max-snippet":"max-snippet:-1","max-image-preview":"max-image-preview:large","max-video-preview":"max-video-preview:-1"},"canonical":"https:\/\/www.lepetitepicurien.com\/es\/producto\/\/","og_locale":"es_ES","og_type":"article","og_title":"Merguez 100% Lamb Sausage - pork free - 340g\/0.75lb - bag of 6 pcs - Le Petit Epicurien","og_description":"Experience the bold, spicy flavors of Merguez, a North African sausage made from lamb, seasoned with cumin, chili, and garlic. Perfect for grilling or adding to stews and couscous dishes, Merguez offers a taste of authentic Mediterranean cuisine.","og_url":"https:\/\/www.lepetitepicurien.com\/es\/producto\/\/","og_site_name":"Le Petit Epicurien","article_modified_time":"2026-01-16T23:09:51+00:00","og_image":[{"width":600,"height":600,"url":"https:\/\/www.lepetitepicurien.com\/wp-content\/uploads\/2024\/03\/MEA0006-2.jpg","type":"image\/jpeg"}],"twitter_card":"summary_large_image","twitter_misc":{"Tiempo de lectura":"1 minuto"},"schema":{"@context":"https:\/\/schema.org","@graph":[{"@type":"WebPage","@id":"https:\/\/www.lepetitepicurien.com\/product\/merguez-100-lamb-pork-free-bag-of-6-pcs\/","url":"https:\/\/www.lepetitepicurien.com\/product\/merguez-100-lamb-pork-free-bag-of-6-pcs\/","name":"Salchicha de cordero Merguez 100% - sin cerdo - 340 g\/0,75 lb - bolsa de 6 piezas - Le Petit Epicurien","isPartOf":{"@id":"https:\/\/www.lepetitepicurien.com\/#website"},"primaryImageOfPage":{"@id":"https:\/\/www.lepetitepicurien.com\/product\/merguez-100-lamb-pork-free-bag-of-6-pcs\/#primaryimage"},"image":{"@id":"https:\/\/www.lepetitepicurien.com\/product\/merguez-100-lamb-pork-free-bag-of-6-pcs\/#primaryimage"},"thumbnailUrl":"https:\/\/www.lepetitepicurien.com\/wp-content\/uploads\/2024\/03\/MEA0006-2.jpg","datePublished":"2024-03-09T05:57:03+00:00","dateModified":"2026-01-16T23:09:51+00:00","description":"Experimente los sabores intensos y picantes de Merguez, una salchicha del norte de \u00c1frica hecha de cordero, condimentada con comino, chile y ajo. Perfecta para asar a la parrilla o agregar a guisos y platos de cusc\u00fas, Merguez ofrece un sabor de aut\u00e9ntica cocina mediterr\u00e1nea.","breadcrumb":{"@id":"https:\/\/www.lepetitepicurien.com\/product\/merguez-100-lamb-pork-free-bag-of-6-pcs\/#breadcrumb"},"inLanguage":"es","potentialAction":[{"@type":"ReadAction","target":["https:\/\/www.lepetitepicurien.com\/product\/merguez-100-lamb-pork-free-bag-of-6-pcs\/"]}]},{"@type":"ImageObject","inLanguage":"es","@id":"https:\/\/www.lepetitepicurien.com\/product\/merguez-100-lamb-pork-free-bag-of-6-pcs\/#primaryimage","url":"https:\/\/www.lepetitepicurien.com\/wp-content\/uploads\/2024\/03\/MEA0006-2.jpg","contentUrl":"https:\/\/www.lepetitepicurien.com\/wp-content\/uploads\/2024\/03\/MEA0006-2.jpg","width":600,"height":600},{"@type":"BreadcrumbList","@id":"https:\/\/www.lepetitepicurien.com\/product\/merguez-100-lamb-pork-free-bag-of-6-pcs\/#breadcrumb","itemListElement":[{"@type":"ListItem","position":1,"name":"Home","item":"https:\/\/www.lepetitepicurien.com\/"},{"@type":"ListItem","position":2,"name":"Shop","item":"https:\/\/www.lepetitepicurien.com\/shop\/"},{"@type":"ListItem","position":3,"name":"Merguez 100% Lamb Sausage &#8211; pork free &#8211; 340g\/0.75lb &#8211; bag of 6 pcs"}]},{"@type":"WebSite","@id":"https:\/\/www.lepetitepicurien.com\/#website","url":"https:\/\/www.lepetitepicurien.com\/","name":"El peque\u00f1o epicurien","description":"Tienda de alimentaci\u00f3n online de comida gourmet europea","publisher":{"@id":"https:\/\/www.lepetitepicurien.com\/#organization"},"potentialAction":[{"@type":"SearchAction","target":{"@type":"EntryPoint","urlTemplate":"https:\/\/www.lepetitepicurien.com\/?s={search_term_string}"},"query-input":{"@type":"PropertyValueSpecification","valueRequired":true,"valueName":"search_term_string"}}],"inLanguage":"es"},{"@type":"Organization","@id":"https:\/\/www.lepetitepicurien.com\/#organization","name":"El peque\u00f1o epicurien","url":"https:\/\/www.lepetitepicurien.com\/","logo":{"@type":"ImageObject","inLanguage":"es","@id":"https:\/\/www.lepetitepicurien.com\/#\/schema\/logo\/image\/","url":"https:\/\/www.lepetitepicurien.com\/wp-content\/uploads\/2024\/03\/logo.png","contentUrl":"https:\/\/www.lepetitepicurien.com\/wp-content\/uploads\/2024\/03\/logo.png","width":1024,"height":1024,"caption":"Le Petit Epicurien"},"image":{"@id":"https:\/\/www.lepetitepicurien.com\/#\/schema\/logo\/image\/"}}]}},"jetpack_sharing_enabled":true,"_links":{"self":[{"href":"http:\/\/www.lepetitepicurien.com\/es\/wp-json\/wp\/v2\/product\/92","targetHints":{"allow":["GET"]}}],"collection":[{"href":"http:\/\/www.lepetitepicurien.com\/es\/wp-json\/wp\/v2\/product"}],"about":[{"href":"http:\/\/www.lepetitepicurien.com\/es\/wp-json\/wp\/v2\/types\/product"}],"wp:featuredmedia":[{"embeddable":true,"href":"http:\/\/www.lepetitepicurien.com\/es\/wp-json\/wp\/v2\/media\/133"}],"wp:attachment":[{"href":"http:\/\/www.lepetitepicurien.com\/es\/wp-json\/wp\/v2\/media?parent=92"}],"wp:term":[{"taxonomy":"product_brand","embeddable":true,"href":"http:\/\/www.lepetitepicurien.com\/es\/wp-json\/wp\/v2\/product_brand?post=92"},{"taxonomy":"product_cat","embeddable":true,"href":"http:\/\/www.lepetitepicurien.com\/es\/wp-json\/wp\/v2\/product_cat?post=92"},{"taxonomy":"product_tag","embeddable":true,"href":"http:\/\/www.lepetitepicurien.com\/es\/wp-json\/wp\/v2\/product_tag?post=92"}],"curies":[{"name":"wp","href":"https:\/\/api.w.org\/{rel}","templated":true}]}}