{"id":94,"date":"2024-03-09T00:57:03","date_gmt":"2024-03-09T05:57:03","guid":{"rendered":"https:\/\/www.lepetitepicurien.com\/?post_type=product&#038;p=94"},"modified":"2025-12-23T01:21:46","modified_gmt":"2025-12-23T06:21:46","slug":"andouillette-dijonnaise-bag-of-4-pcs-450g","status":"publish","type":"product","link":"http:\/\/www.lepetitepicurien.com\/es\/product\/andouillette-dijonnaise-bag-of-4-pcs-450g\/","title":{"rendered":"Andouillette Dijonnaise \u2013 bolsa de 4 piezas \u2013 450g\/1lb"},"content":{"rendered":"<p>Las andouillettes se pueden servir fr\u00edas o calientes, siendo las primeras mucho m\u00e1s comunes. Como ocurre con todas las salchichas del intestino delgado, las andouillettes son, hasta cierto punto, un gusto adquirido. Su olor puede ofender a las personas que no est\u00e1n acostumbradas al plato. La textura es algo m\u00e1s \u00e1spera que la de la mayor\u00eda de las salchichas, ya que el contenido est\u00e1 cortado en trozos grandes. Principalmente frito (a veces empanizado), tambi\u00e9n se puede hervir, asar a la parrilla o a la parrilla. La salchicha suele servirse con verduras (principalmente cebollas) en salsa de mostaza o vino tinto.<\/p>\n<p><strong>Ingredientes:<\/strong><br \/>\nChicharrones de Cerdo, Est\u00f3mago de Cerdo, Carne de Cerdo, Cebolla, Vino Tinto, Vinagre, Sal, Caldo de Verduras (Agua, Zanahoria, Cebolla, Sal, Tomillo, Romero, Laurel. Mostaza (Agua, Semillas de Mostaza, Vinagre, Sal, \u00c1cido C\u00edtrico, Azufre) Di\u00f3xido de carbono), perejil, gelatina, ajo, pimienta, especias (cilantro, alcaravea, pimienta de Jamaica), hierbas provenzales (albahaca, tomillo, hinojo, lavanda), nuez moscada. Envuelto en tripa natural de cerdo.<\/p>\n<p><strong>Servicio:<\/strong><br \/>\nLa andouillette se puede servir fr\u00eda o caliente: frita, hervida, a la parrilla o a la parrilla.<\/p>","protected":false},"excerpt":{"rendered":"<p>La andouillette es una salchicha de grano grueso elaborada con carne de cerdo (u ocasionalmente ternera), intestinos o menudencias, pimienta, vino, cebolla y condimentos. Los callos, que son el revestimiento del est\u00f3mago de una vaca, son a veces un ingrediente del relleno de una andouillette, pero no son la tripa ni la clave para su fabricaci\u00f3n. La verdadera andouillette ser\u00e1 un tubo alargado.<\/p>\n<p>\u2013 All Natural: sin ingredientes artificiales, m\u00ednimamente procesados<br \/>\n- Completamente cocinado<br \/>\n- Sin gluten<\/p>","protected":false},"featured_media":135,"template":"","meta":[],"product_brand":[],"product_cat":[32],"product_tag":[],"class_list":{"0":"post-94","1":"product","2":"type-product","3":"status-publish","4":"has-post-thumbnail","6":"product_cat-delicatessen","7":"product_shipping_class-frozen","9":"first","10":"instock","11":"sale","12":"taxable","13":"shipping-taxable","14":"purchasable","15":"product-type-simple"},"yoast_head":"<!-- This site is optimized with the Yoast SEO plugin v27.5 - https:\/\/yoast.com\/product\/yoast-seo-wordpress\/ -->\n<title>Andouillette Dijonnaise - bag of 4 pcs - 450g\/1lb - Le Petit Epicurien<\/title>\n<meta name=\"description\" content=\"Andouillette is French specialty from Troyes. It&#039;s a coarse-grained sausage made with pork. It&#039;s not like any other sausage and a French favorite dish.\" \/>\n<meta name=\"robots\" content=\"index, follow, max-snippet:-1, max-image-preview:large, max-video-preview:-1\" \/>\n<link rel=\"canonical\" href=\"https:\/\/www.lepetitepicurien.com\/es\/producto\/\/\" \/>\n<meta property=\"og:locale\" content=\"es_ES\" \/>\n<meta property=\"og:type\" content=\"article\" \/>\n<meta property=\"og:title\" content=\"Andouillette Dijonnaise - bag of 4 pcs - 450g\/1lb - Le Petit Epicurien\" \/>\n<meta property=\"og:description\" content=\"Andouillette is French specialty from Troyes. It&#039;s a coarse-grained sausage made with pork. It&#039;s not like any other sausage and a French favorite dish.\" \/>\n<meta property=\"og:url\" content=\"https:\/\/www.lepetitepicurien.com\/es\/producto\/\/\" \/>\n<meta property=\"og:site_name\" content=\"Le Petit Epicurien\" \/>\n<meta property=\"article:modified_time\" content=\"2025-12-23T06:21:46+00:00\" \/>\n<meta property=\"og:image\" content=\"https:\/\/www.lepetitepicurien.com\/wp-content\/uploads\/2024\/03\/MEA0020-2.jpg\" \/>\n\t<meta property=\"og:image:width\" content=\"600\" \/>\n\t<meta property=\"og:image:height\" content=\"600\" \/>\n\t<meta property=\"og:image:type\" content=\"image\/jpeg\" \/>\n<meta name=\"twitter:card\" content=\"summary_large_image\" \/>\n<meta name=\"twitter:label1\" content=\"Tiempo de lectura\" \/>\n\t<meta name=\"twitter:data1\" content=\"1 minuto\" \/>\n<script type=\"application\/ld+json\" class=\"yoast-schema-graph\">{\"@context\":\"https:\\\/\\\/schema.org\",\"@graph\":[{\"@type\":\"WebPage\",\"@id\":\"https:\\\/\\\/www.lepetitepicurien.com\\\/product\\\/andouillette-dijonnaise-bag-of-4-pcs-450g\\\/\",\"url\":\"https:\\\/\\\/www.lepetitepicurien.com\\\/product\\\/andouillette-dijonnaise-bag-of-4-pcs-450g\\\/\",\"name\":\"Andouillette Dijonnaise - bag of 4 pcs - 450g\\\/1lb - Le Petit Epicurien\",\"isPartOf\":{\"@id\":\"https:\\\/\\\/www.lepetitepicurien.com\\\/#website\"},\"primaryImageOfPage\":{\"@id\":\"https:\\\/\\\/www.lepetitepicurien.com\\\/product\\\/andouillette-dijonnaise-bag-of-4-pcs-450g\\\/#primaryimage\"},\"image\":{\"@id\":\"https:\\\/\\\/www.lepetitepicurien.com\\\/product\\\/andouillette-dijonnaise-bag-of-4-pcs-450g\\\/#primaryimage\"},\"thumbnailUrl\":\"https:\\\/\\\/www.lepetitepicurien.com\\\/wp-content\\\/uploads\\\/2024\\\/03\\\/MEA0020-2.jpg\",\"datePublished\":\"2024-03-09T05:57:03+00:00\",\"dateModified\":\"2025-12-23T06:21:46+00:00\",\"description\":\"Andouillette is French specialty from Troyes. It's a coarse-grained sausage made with pork. It's not like any other sausage and a French favorite dish.\",\"breadcrumb\":{\"@id\":\"https:\\\/\\\/www.lepetitepicurien.com\\\/product\\\/andouillette-dijonnaise-bag-of-4-pcs-450g\\\/#breadcrumb\"},\"inLanguage\":\"es\",\"potentialAction\":[{\"@type\":\"ReadAction\",\"target\":[\"https:\\\/\\\/www.lepetitepicurien.com\\\/product\\\/andouillette-dijonnaise-bag-of-4-pcs-450g\\\/\"]}]},{\"@type\":\"ImageObject\",\"inLanguage\":\"es\",\"@id\":\"https:\\\/\\\/www.lepetitepicurien.com\\\/product\\\/andouillette-dijonnaise-bag-of-4-pcs-450g\\\/#primaryimage\",\"url\":\"https:\\\/\\\/www.lepetitepicurien.com\\\/wp-content\\\/uploads\\\/2024\\\/03\\\/MEA0020-2.jpg\",\"contentUrl\":\"https:\\\/\\\/www.lepetitepicurien.com\\\/wp-content\\\/uploads\\\/2024\\\/03\\\/MEA0020-2.jpg\",\"width\":600,\"height\":600},{\"@type\":\"BreadcrumbList\",\"@id\":\"https:\\\/\\\/www.lepetitepicurien.com\\\/product\\\/andouillette-dijonnaise-bag-of-4-pcs-450g\\\/#breadcrumb\",\"itemListElement\":[{\"@type\":\"ListItem\",\"position\":1,\"name\":\"Home\",\"item\":\"https:\\\/\\\/www.lepetitepicurien.com\\\/\"},{\"@type\":\"ListItem\",\"position\":2,\"name\":\"Shop\",\"item\":\"https:\\\/\\\/www.lepetitepicurien.com\\\/shop\\\/\"},{\"@type\":\"ListItem\",\"position\":3,\"name\":\"Andouillette Dijonnaise &#8211; bag of 4 pcs &#8211; 450g\\\/1lb\"}]},{\"@type\":\"WebSite\",\"@id\":\"https:\\\/\\\/www.lepetitepicurien.com\\\/#website\",\"url\":\"https:\\\/\\\/www.lepetitepicurien.com\\\/\",\"name\":\"Le Petit Epicurien\",\"description\":\"Online Grocery for European Gourmet Food\",\"publisher\":{\"@id\":\"https:\\\/\\\/www.lepetitepicurien.com\\\/#organization\"},\"potentialAction\":[{\"@type\":\"SearchAction\",\"target\":{\"@type\":\"EntryPoint\",\"urlTemplate\":\"https:\\\/\\\/www.lepetitepicurien.com\\\/?s={search_term_string}\"},\"query-input\":{\"@type\":\"PropertyValueSpecification\",\"valueRequired\":true,\"valueName\":\"search_term_string\"}}],\"inLanguage\":\"es\"},{\"@type\":\"Organization\",\"@id\":\"https:\\\/\\\/www.lepetitepicurien.com\\\/#organization\",\"name\":\"Le Petit Epicurien\",\"url\":\"https:\\\/\\\/www.lepetitepicurien.com\\\/\",\"logo\":{\"@type\":\"ImageObject\",\"inLanguage\":\"es\",\"@id\":\"https:\\\/\\\/www.lepetitepicurien.com\\\/#\\\/schema\\\/logo\\\/image\\\/\",\"url\":\"https:\\\/\\\/www.lepetitepicurien.com\\\/wp-content\\\/uploads\\\/2024\\\/03\\\/logo.png\",\"contentUrl\":\"https:\\\/\\\/www.lepetitepicurien.com\\\/wp-content\\\/uploads\\\/2024\\\/03\\\/logo.png\",\"width\":1024,\"height\":1024,\"caption\":\"Le Petit Epicurien\"},\"image\":{\"@id\":\"https:\\\/\\\/www.lepetitepicurien.com\\\/#\\\/schema\\\/logo\\\/image\\\/\"}}]}<\/script>\n<!-- \/ Yoast SEO plugin. -->","yoast_head_json":{"title":"Andouillette Dijonnaise - bolsa de 4 piezas - 450g\/1lb - Le Petit Epicurien","description":"Andouillette es una especialidad francesa de Troyes. Es una salchicha de grano grueso elaborada con carne de cerdo. No es como cualquier otra salchicha y es un plato favorito de los franceses.","robots":{"index":"index","follow":"follow","max-snippet":"max-snippet:-1","max-image-preview":"max-image-preview:large","max-video-preview":"max-video-preview:-1"},"canonical":"https:\/\/www.lepetitepicurien.com\/es\/producto\/\/","og_locale":"es_ES","og_type":"article","og_title":"Andouillette Dijonnaise - bag of 4 pcs - 450g\/1lb - Le Petit Epicurien","og_description":"Andouillette is French specialty from Troyes. It's a coarse-grained sausage made with pork. It's not like any other sausage and a French favorite dish.","og_url":"https:\/\/www.lepetitepicurien.com\/es\/producto\/\/","og_site_name":"Le Petit Epicurien","article_modified_time":"2025-12-23T06:21:46+00:00","og_image":[{"width":600,"height":600,"url":"https:\/\/www.lepetitepicurien.com\/wp-content\/uploads\/2024\/03\/MEA0020-2.jpg","type":"image\/jpeg"}],"twitter_card":"summary_large_image","twitter_misc":{"Tiempo de lectura":"1 minuto"},"schema":{"@context":"https:\/\/schema.org","@graph":[{"@type":"WebPage","@id":"https:\/\/www.lepetitepicurien.com\/product\/andouillette-dijonnaise-bag-of-4-pcs-450g\/","url":"https:\/\/www.lepetitepicurien.com\/product\/andouillette-dijonnaise-bag-of-4-pcs-450g\/","name":"Andouillette Dijonnaise - bolsa de 4 piezas - 450g\/1lb - Le Petit Epicurien","isPartOf":{"@id":"https:\/\/www.lepetitepicurien.com\/#website"},"primaryImageOfPage":{"@id":"https:\/\/www.lepetitepicurien.com\/product\/andouillette-dijonnaise-bag-of-4-pcs-450g\/#primaryimage"},"image":{"@id":"https:\/\/www.lepetitepicurien.com\/product\/andouillette-dijonnaise-bag-of-4-pcs-450g\/#primaryimage"},"thumbnailUrl":"https:\/\/www.lepetitepicurien.com\/wp-content\/uploads\/2024\/03\/MEA0020-2.jpg","datePublished":"2024-03-09T05:57:03+00:00","dateModified":"2025-12-23T06:21:46+00:00","description":"Andouillette es una especialidad francesa de Troyes. Es una salchicha de grano grueso elaborada con carne de cerdo. No es como cualquier otra salchicha y es un plato favorito de los franceses.","breadcrumb":{"@id":"https:\/\/www.lepetitepicurien.com\/product\/andouillette-dijonnaise-bag-of-4-pcs-450g\/#breadcrumb"},"inLanguage":"es","potentialAction":[{"@type":"ReadAction","target":["https:\/\/www.lepetitepicurien.com\/product\/andouillette-dijonnaise-bag-of-4-pcs-450g\/"]}]},{"@type":"ImageObject","inLanguage":"es","@id":"https:\/\/www.lepetitepicurien.com\/product\/andouillette-dijonnaise-bag-of-4-pcs-450g\/#primaryimage","url":"https:\/\/www.lepetitepicurien.com\/wp-content\/uploads\/2024\/03\/MEA0020-2.jpg","contentUrl":"https:\/\/www.lepetitepicurien.com\/wp-content\/uploads\/2024\/03\/MEA0020-2.jpg","width":600,"height":600},{"@type":"BreadcrumbList","@id":"https:\/\/www.lepetitepicurien.com\/product\/andouillette-dijonnaise-bag-of-4-pcs-450g\/#breadcrumb","itemListElement":[{"@type":"ListItem","position":1,"name":"Home","item":"https:\/\/www.lepetitepicurien.com\/"},{"@type":"ListItem","position":2,"name":"Shop","item":"https:\/\/www.lepetitepicurien.com\/shop\/"},{"@type":"ListItem","position":3,"name":"Andouillette Dijonnaise &#8211; bag of 4 pcs &#8211; 450g\/1lb"}]},{"@type":"WebSite","@id":"https:\/\/www.lepetitepicurien.com\/#website","url":"https:\/\/www.lepetitepicurien.com\/","name":"El peque\u00f1o epicurien","description":"Tienda de alimentaci\u00f3n online de comida gourmet europea","publisher":{"@id":"https:\/\/www.lepetitepicurien.com\/#organization"},"potentialAction":[{"@type":"SearchAction","target":{"@type":"EntryPoint","urlTemplate":"https:\/\/www.lepetitepicurien.com\/?s={search_term_string}"},"query-input":{"@type":"PropertyValueSpecification","valueRequired":true,"valueName":"search_term_string"}}],"inLanguage":"es"},{"@type":"Organization","@id":"https:\/\/www.lepetitepicurien.com\/#organization","name":"El peque\u00f1o epicurien","url":"https:\/\/www.lepetitepicurien.com\/","logo":{"@type":"ImageObject","inLanguage":"es","@id":"https:\/\/www.lepetitepicurien.com\/#\/schema\/logo\/image\/","url":"https:\/\/www.lepetitepicurien.com\/wp-content\/uploads\/2024\/03\/logo.png","contentUrl":"https:\/\/www.lepetitepicurien.com\/wp-content\/uploads\/2024\/03\/logo.png","width":1024,"height":1024,"caption":"Le Petit Epicurien"},"image":{"@id":"https:\/\/www.lepetitepicurien.com\/#\/schema\/logo\/image\/"}}]}},"jetpack_sharing_enabled":true,"_links":{"self":[{"href":"http:\/\/www.lepetitepicurien.com\/es\/wp-json\/wp\/v2\/product\/94","targetHints":{"allow":["GET"]}}],"collection":[{"href":"http:\/\/www.lepetitepicurien.com\/es\/wp-json\/wp\/v2\/product"}],"about":[{"href":"http:\/\/www.lepetitepicurien.com\/es\/wp-json\/wp\/v2\/types\/product"}],"wp:featuredmedia":[{"embeddable":true,"href":"http:\/\/www.lepetitepicurien.com\/es\/wp-json\/wp\/v2\/media\/135"}],"wp:attachment":[{"href":"http:\/\/www.lepetitepicurien.com\/es\/wp-json\/wp\/v2\/media?parent=94"}],"wp:term":[{"taxonomy":"product_brand","embeddable":true,"href":"http:\/\/www.lepetitepicurien.com\/es\/wp-json\/wp\/v2\/product_brand?post=94"},{"taxonomy":"product_cat","embeddable":true,"href":"http:\/\/www.lepetitepicurien.com\/es\/wp-json\/wp\/v2\/product_cat?post=94"},{"taxonomy":"product_tag","embeddable":true,"href":"http:\/\/www.lepetitepicurien.com\/es\/wp-json\/wp\/v2\/product_tag?post=94"}],"curies":[{"name":"wp","href":"https:\/\/api.w.org\/{rel}","templated":true}]}}