{"id":18,"date":"2024-03-08T22:28:34","date_gmt":"2024-03-09T03:28:34","guid":{"rendered":"https:\/\/www.lepetitepicurien.com\/?page_id=18"},"modified":"2024-03-08T22:31:15","modified_gmt":"2024-03-09T03:31:15","slug":"privacy-policy","status":"publish","type":"page","link":"http:\/\/www.lepetitepicurien.com\/fr\/privacy-policy\/","title":{"rendered":"politique de confidentialit\u00e9"},"content":{"rendered":"<p>Date d&#039;entr\u00e9e en vigueur : 1er mars 2024<\/p>\n\n\n\n<p>\u00c0 <strong>Le Petit Epicurien SARL<\/strong>, nous accordons une grande importance \u00e0 votre vie priv\u00e9e et nous engageons \u00e0 prot\u00e9ger vos informations personnelles. Cette politique de confidentialit\u00e9 d\u00e9crit la mani\u00e8re dont nous collectons, utilisons et prot\u00e9geons les informations que vous fournissez lorsque vous visitez notre site Web ou effectuez un achat sur notre boutique en ligne.<\/p>\n\n\n\n<h2 class=\"wp-block-heading\">Informations que nous collectons<\/h2>\n\n\n\n<p>Lorsque vous effectuez un achat ou cr\u00e9ez un compte sur notre site Web, nous collectons des informations personnelles telles que votre nom, votre adresse e-mail, vos adresses de livraison et de facturation, votre num\u00e9ro de t\u00e9l\u00e9phone et vos informations de paiement. Nous collectons \u00e9galement automatiquement certaines informations techniques, telles que votre adresse IP, votre type de navigateur et votre syst\u00e8me d&#039;exploitation, pour am\u00e9liorer les fonctionnalit\u00e9s de notre site Web et am\u00e9liorer votre exp\u00e9rience d&#039;achat.<\/p>\n\n\n\n<p>Nous utilisons vos informations personnelles pour traiter et ex\u00e9cuter vos commandes, communiquer avec vous au sujet de vos achats et vous fournir des mises \u00e0 jour et des promotions li\u00e9es \u00e0 nos produits et services. Nous pouvons \u00e9galement utiliser vos informations \u00e0 des fins internes, telles que l&#039;analyse et l&#039;optimisation du site Web.<\/p>\n\n\n\n<h2 class=\"wp-block-heading\">Quels sont vos droits sur vos donn\u00e9es<\/h2>\n\n\n\n<p>Si vous avez un compte sur ce site ou si vous avez laiss\u00e9 des commentaires, vous pouvez demander \u00e0 recevoir un fichier export\u00e9 des donn\u00e9es personnelles que nous d\u00e9tenons \u00e0 votre sujet, y compris toutes les donn\u00e9es que vous nous avez fournies. Vous pouvez \u00e9galement demander que nous supprimions toutes les donn\u00e9es personnelles que nous d\u00e9tenons \u00e0 votre sujet. Cela n&#039;inclut pas les donn\u00e9es que nous sommes oblig\u00e9s de conserver \u00e0 des fins administratives, juridiques ou de s\u00e9curit\u00e9.<\/p>\n\n\n\n<h2 class=\"wp-block-heading\">Partager vos informations<\/h2>\n\n\n\n<p>Nous ne vendons, n\u2019\u00e9changeons ni ne louons vos informations personnelles \u00e0 des tiers. Cependant, nous pouvons partager vos informations avec des prestataires de services tiers de confiance qui nous aident \u00e0 exploiter notre site Web, \u00e0 mener nos activit\u00e9s ou \u00e0 vous servir, tels que des transporteurs maritimes et des processeurs de paiement. Ces tiers sont tenus de garder vos informations confidentielles et s\u00e9curis\u00e9es.<\/p>\n\n\n\n<h2 class=\"wp-block-heading\">S\u00e9curit\u00e9 des donn\u00e9es<\/h2>\n\n\n\n<p>Nous mettons en \u0153uvre des mesures de protection physiques, administratives et techniques raisonnables pour prot\u00e9ger vos informations personnelles contre tout acc\u00e8s, utilisation ou divulgation non autoris\u00e9s. Cependant, aucune m\u00e9thode de transmission sur Internet ou de stockage \u00e9lectronique n&#039;est s\u00e9curis\u00e9e 100% et nous ne pouvons pas garantir une s\u00e9curit\u00e9 absolue.<\/p>\n\n\n\n<h2 class=\"wp-block-heading\">Cookies et technologies de suivi<\/h2>\n\n\n\n<p>Notre site Web utilise des cookies et des technologies de suivi similaires pour am\u00e9liorer votre exp\u00e9rience de navigation, analyser le trafic du site Web et diffuser des publicit\u00e9s cibl\u00e9es. Vous pouvez contr\u00f4ler et g\u00e9rer les cookies via les param\u00e8tres de votre navigateur.<\/p>\n\n\n\n<h2 class=\"wp-block-heading\">Confidentialit\u00e9 des enfants<\/h2>\n\n\n\n<p>Notre site Web n&#039;est pas destin\u00e9 aux enfants de moins de 13 ans. Nous ne collectons pas sciemment d&#039;informations personnelles aupr\u00e8s des enfants. Si vous \u00eates un parent ou un tuteur et pensez que nous avons collect\u00e9 des informations sur votre enfant, veuillez nous contacter.<\/p>\n\n\n\n<h2 class=\"wp-block-heading\">Liens vers des sites Web tiers<\/h2>\n\n\n\n<p>Notre site Web peut contenir des liens vers des sites Web ou des services tiers qui ne sont pas exploit\u00e9s par nous. Nous ne sommes pas responsables des pratiques de confidentialit\u00e9 ou du contenu de ces sites Web tiers.<\/p>\n\n\n\n<h2 class=\"wp-block-heading\">Modifications de notre politique de confidentialit\u00e9<\/h2>\n\n\n\n<p>Nous pouvons mettre \u00e0 jour cette politique de confidentialit\u00e9 de temps \u00e0 autre pour refl\u00e9ter des changements dans nos pratiques ou pour d&#039;autres raisons op\u00e9rationnelles, juridiques ou r\u00e9glementaires. Nous vous encourageons \u00e0 consulter p\u00e9riodiquement cette politique de confidentialit\u00e9 pour tout changement.<\/p>\n\n\n\n<h2 class=\"wp-block-heading\">Protection contre les mauvais acteurs<\/h2>\n\n\n\n<p>Pour nous prot\u00e9ger contre les mauvais acteurs qui pourraient tenter d&#039;abuser de notre plateforme de commerce \u00e9lectronique, nous avons mis en \u0153uvre les mesures de protection suivantes\u00a0:<\/p>\n\n\n\n<ul class=\"wp-block-list\">\n<li>Nous utilisons des passerelles de paiement s\u00e9curis\u00e9es et des technologies de cryptage pour prot\u00e9ger vos informations financi\u00e8res lors des transactions.<\/li>\n\n\n\n<li>Nous surveillons et filtrons l&#039;activit\u00e9 des utilisateurs pour d\u00e9celer les comportements suspects, tels que des tentatives de connexion infructueuses, des mod\u00e8les d&#039;achat inhabituels ou des tentatives d&#039;exploitation de notre syst\u00e8me.<\/li>\n\n\n\n<li>Nous collaborons avec les forces de l&#039;ordre et d&#039;autres autorit\u00e9s comp\u00e9tentes pour enqu\u00eater et prendre les mesures appropri\u00e9es contre les personnes qui se livrent \u00e0 des activit\u00e9s frauduleuses ou ill\u00e9gales sur notre site Web.<\/li>\n\n\n\n<li>Nous nous r\u00e9servons le droit de suspendre ou de r\u00e9silier des comptes et de refuser le service aux personnes qui violent nos conditions de service ou se livrent \u00e0 des activit\u00e9s susceptibles de nuire \u00e0 nos clients ou \u00e0 notre entreprise.<\/li>\n<\/ul>\n\n\n\n<p>En utilisant notre site Web et en fournissant vos informations personnelles, vous consentez aux pratiques d\u00e9crites dans la pr\u00e9sente politique de confidentialit\u00e9. Si vous avez d&#039;autres questions ou pr\u00e9occupations, veuillez nous contacter \u00e0 <strong>contact@lepetitepicurien.com<\/strong>.<\/p>\n\n\n\n<h2 class=\"wp-block-heading\">Protection des droits d&#039;auteur sur les images<\/h2>\n\n\n\n<p>Toutes les images, logos et autres contenus visuels affich\u00e9s sur notre site Web sont la propri\u00e9t\u00e9 de <strong>Le Petit Epicurien SARL<\/strong> ou nos partenaires et fournisseurs respectifs. L&#039;utilisation, la reproduction ou la distribution non autoris\u00e9e de ces images est strictement interdite et peut enfreindre les lois applicables sur les droits d&#039;auteur. Si vous pensez qu&#039;un contenu de notre site Web porte atteinte \u00e0 vos droits d&#039;auteur, veuillez nous contacter imm\u00e9diatement avec les informations pertinentes et nous prendrons les mesures appropri\u00e9es.<\/p>\n\n\n\n<h2 class=\"wp-block-heading\">Diff\u00e9rences entre les produits<\/h2>\n\n\n\n<p>Bien que nous nous efforcions de fournir des informations pr\u00e9cises et \u00e0 jour sur nos produits, notamment des descriptions, des images, des prix et la disponibilit\u00e9, il peut y avoir des divergences ou des erreurs occasionnelles. En cas de divergence entre les informations affich\u00e9es sur notre site Internet et le produit r\u00e9el re\u00e7u, ce dernier pr\u00e9vaudra. Nous nous r\u00e9servons le droit de corriger toute erreur, inexactitude ou omission et de modifier ou mettre \u00e0 jour les informations sur les produits \u00e0 tout moment et sans pr\u00e9avis. Si vous rencontrez des probl\u00e8mes ou des divergences avec votre commande, veuillez contacter notre \u00e9quipe de service client pour obtenir de l&#039;aide.<\/p>\n\n\n\n<h2 class=\"wp-block-heading\"><strong>Livraison et exp\u00e9dition<\/strong><\/h2>\n\n\n\n<p>Nous prenons grand soin \u00e0 emballer et \u00e0 exp\u00e9dier vos commandes afin de garantir qu\u2019elles arrivent dans les d\u00e9lais et en toute s\u00e9curit\u00e9. Cependant, en raison de facteurs ind\u00e9pendants de notre volont\u00e9, tels que les retards du transporteur, des conditions m\u00e9t\u00e9orologiques d\u00e9favorables ou des circonstances impr\u00e9vues, il peut arriver que votre livraison soit retard\u00e9e ou compromise. Dans de tels cas, nous ferons tout notre possible pour r\u00e9soudre le probl\u00e8me rapidement et vous tiendrons inform\u00e9 de l&#039;\u00e9tat de votre commande. Veuillez noter que nous ne pouvons \u00eatre tenus responsables de tout dommage, d\u00e9givrage, expiration ou perte r\u00e9sultant de livraisons retard\u00e9es ou \u00e9chou\u00e9es caus\u00e9es par des circonstances ind\u00e9pendantes de notre volont\u00e9. Si vous rencontrez des probl\u00e8mes avec votre livraison, veuillez contacter notre service client d\u00e8s que possible et nous nous efforcerons de r\u00e9soudre le probl\u00e8me de mani\u00e8re satisfaisante.<\/p>\n\n\n\n<h2 class=\"wp-block-heading\">Contactez-nous<\/h2>\n\n\n\n<p>Si vous avez des questions ou des pr\u00e9occupations concernant notre politique de confidentialit\u00e9 ou la fa\u00e7on dont nous traitons vos informations personnelles, veuillez nous contacter \u00e0 <strong>contact@lepetitepicurien.com<\/strong>.<\/p>","protected":false},"excerpt":{"rendered":"<p>Effective Date: March 1, 2024 At Le Petit Epicurien LLC, we value your privacy and are committed to protecting your personal information. This Privacy Policy outlines how we collect, use, and safeguard the information you provide when you visit our website or make a purchase from our online store. Information We Collect When you make [&hellip;]<\/p>\n","protected":false},"author":1,"featured_media":0,"parent":0,"menu_order":0,"comment_status":"closed","ping_status":"closed","template":"","meta":{"footnotes":""},"class_list":["post-18","page","type-page","status-publish","hentry"],"yoast_head":"<!-- This site is optimized with the Yoast SEO plugin v27.5 - https:\/\/yoast.com\/product\/yoast-seo-wordpress\/ -->\n<title>Privacy Policy - Le Petit Epicurien<\/title>\n<meta name=\"robots\" content=\"index, follow, max-snippet:-1, max-image-preview:large, max-video-preview:-1\" \/>\n<link rel=\"canonical\" href=\"https:\/\/www.lepetitepicurien.com\/fr\/politique-de-confidentialite\/\" \/>\n<meta property=\"og:locale\" content=\"fr_FR\" \/>\n<meta property=\"og:type\" content=\"article\" \/>\n<meta property=\"og:title\" content=\"Privacy Policy - Le Petit Epicurien\" \/>\n<meta property=\"og:description\" content=\"Effective Date: March 1, 2024 At Le Petit Epicurien LLC, we value your privacy and are committed to protecting your personal information. This Privacy Policy outlines how we collect, use, and safeguard the information you provide when you visit our website or make a purchase from our online store. Information We Collect When you make [&hellip;]\" \/>\n<meta property=\"og:url\" content=\"https:\/\/www.lepetitepicurien.com\/fr\/politique-de-confidentialite\/\" \/>\n<meta property=\"og:site_name\" content=\"Le Petit Epicurien\" \/>\n<meta property=\"article:modified_time\" content=\"2024-03-09T03:31:15+00:00\" \/>\n<meta name=\"twitter:card\" content=\"summary_large_image\" \/>\n<meta name=\"twitter:label1\" content=\"Dur\u00e9e de lecture estim\u00e9e\" \/>\n\t<meta name=\"twitter:data1\" content=\"5 minutes\" \/>\n<script type=\"application\/ld+json\" class=\"yoast-schema-graph\">{\"@context\":\"https:\\\/\\\/schema.org\",\"@graph\":[{\"@type\":\"WebPage\",\"@id\":\"https:\\\/\\\/www.lepetitepicurien.com\\\/privacy-policy\\\/\",\"url\":\"https:\\\/\\\/www.lepetitepicurien.com\\\/privacy-policy\\\/\",\"name\":\"Privacy Policy - Le Petit Epicurien\",\"isPartOf\":{\"@id\":\"https:\\\/\\\/www.lepetitepicurien.com\\\/#website\"},\"datePublished\":\"2024-03-09T03:28:34+00:00\",\"dateModified\":\"2024-03-09T03:31:15+00:00\",\"breadcrumb\":{\"@id\":\"https:\\\/\\\/www.lepetitepicurien.com\\\/privacy-policy\\\/#breadcrumb\"},\"inLanguage\":\"fr-FR\",\"potentialAction\":[{\"@type\":\"ReadAction\",\"target\":[\"https:\\\/\\\/www.lepetitepicurien.com\\\/privacy-policy\\\/\"]}]},{\"@type\":\"BreadcrumbList\",\"@id\":\"https:\\\/\\\/www.lepetitepicurien.com\\\/privacy-policy\\\/#breadcrumb\",\"itemListElement\":[{\"@type\":\"ListItem\",\"position\":1,\"name\":\"Home\",\"item\":\"https:\\\/\\\/www.lepetitepicurien.com\\\/\"},{\"@type\":\"ListItem\",\"position\":2,\"name\":\"Privacy Policy\"}]},{\"@type\":\"WebSite\",\"@id\":\"https:\\\/\\\/www.lepetitepicurien.com\\\/#website\",\"url\":\"https:\\\/\\\/www.lepetitepicurien.com\\\/\",\"name\":\"Le Petit Epicurien\",\"description\":\"Online Grocery for European Gourmet Food\",\"publisher\":{\"@id\":\"https:\\\/\\\/www.lepetitepicurien.com\\\/#organization\"},\"potentialAction\":[{\"@type\":\"SearchAction\",\"target\":{\"@type\":\"EntryPoint\",\"urlTemplate\":\"https:\\\/\\\/www.lepetitepicurien.com\\\/?s={search_term_string}\"},\"query-input\":{\"@type\":\"PropertyValueSpecification\",\"valueRequired\":true,\"valueName\":\"search_term_string\"}}],\"inLanguage\":\"fr-FR\"},{\"@type\":\"Organization\",\"@id\":\"https:\\\/\\\/www.lepetitepicurien.com\\\/#organization\",\"name\":\"Le Petit Epicurien\",\"url\":\"https:\\\/\\\/www.lepetitepicurien.com\\\/\",\"logo\":{\"@type\":\"ImageObject\",\"inLanguage\":\"fr-FR\",\"@id\":\"https:\\\/\\\/www.lepetitepicurien.com\\\/#\\\/schema\\\/logo\\\/image\\\/\",\"url\":\"https:\\\/\\\/www.lepetitepicurien.com\\\/wp-content\\\/uploads\\\/2024\\\/03\\\/logo.png\",\"contentUrl\":\"https:\\\/\\\/www.lepetitepicurien.com\\\/wp-content\\\/uploads\\\/2024\\\/03\\\/logo.png\",\"width\":1024,\"height\":1024,\"caption\":\"Le Petit Epicurien\"},\"image\":{\"@id\":\"https:\\\/\\\/www.lepetitepicurien.com\\\/#\\\/schema\\\/logo\\\/image\\\/\"}}]}<\/script>\n<!-- \/ Yoast SEO plugin. -->","yoast_head_json":{"title":"Politique de confidentialit\u00e9 - Le Petit Epicurien","robots":{"index":"index","follow":"follow","max-snippet":"max-snippet:-1","max-image-preview":"max-image-preview:large","max-video-preview":"max-video-preview:-1"},"canonical":"https:\/\/www.lepetitepicurien.com\/fr\/politique-de-confidentialite\/","og_locale":"fr_FR","og_type":"article","og_title":"Privacy Policy - Le Petit Epicurien","og_description":"Effective Date: March 1, 2024 At Le Petit Epicurien LLC, we value your privacy and are committed to protecting your personal information. This Privacy Policy outlines how we collect, use, and safeguard the information you provide when you visit our website or make a purchase from our online store. Information We Collect When you make [&hellip;]","og_url":"https:\/\/www.lepetitepicurien.com\/fr\/politique-de-confidentialite\/","og_site_name":"Le Petit Epicurien","article_modified_time":"2024-03-09T03:31:15+00:00","twitter_card":"summary_large_image","twitter_misc":{"Dur\u00e9e de lecture estim\u00e9e":"5 minutes"},"schema":{"@context":"https:\/\/schema.org","@graph":[{"@type":"WebPage","@id":"https:\/\/www.lepetitepicurien.com\/privacy-policy\/","url":"https:\/\/www.lepetitepicurien.com\/privacy-policy\/","name":"Politique de confidentialit\u00e9 - Le Petit Epicurien","isPartOf":{"@id":"https:\/\/www.lepetitepicurien.com\/#website"},"datePublished":"2024-03-09T03:28:34+00:00","dateModified":"2024-03-09T03:31:15+00:00","breadcrumb":{"@id":"https:\/\/www.lepetitepicurien.com\/privacy-policy\/#breadcrumb"},"inLanguage":"fr-FR","potentialAction":[{"@type":"ReadAction","target":["https:\/\/www.lepetitepicurien.com\/privacy-policy\/"]}]},{"@type":"BreadcrumbList","@id":"https:\/\/www.lepetitepicurien.com\/privacy-policy\/#breadcrumb","itemListElement":[{"@type":"ListItem","position":1,"name":"Home","item":"https:\/\/www.lepetitepicurien.com\/"},{"@type":"ListItem","position":2,"name":"Privacy Policy"}]},{"@type":"WebSite","@id":"https:\/\/www.lepetitepicurien.com\/#website","url":"https:\/\/www.lepetitepicurien.com\/","name":"Le Petit \u00c9picurien","description":"\u00c9picerie en ligne pour la gastronomie europ\u00e9enne","publisher":{"@id":"https:\/\/www.lepetitepicurien.com\/#organization"},"potentialAction":[{"@type":"SearchAction","target":{"@type":"EntryPoint","urlTemplate":"https:\/\/www.lepetitepicurien.com\/?s={search_term_string}"},"query-input":{"@type":"PropertyValueSpecification","valueRequired":true,"valueName":"search_term_string"}}],"inLanguage":"fr-FR"},{"@type":"Organization","@id":"https:\/\/www.lepetitepicurien.com\/#organization","name":"Le Petit \u00c9picurien","url":"https:\/\/www.lepetitepicurien.com\/","logo":{"@type":"ImageObject","inLanguage":"fr-FR","@id":"https:\/\/www.lepetitepicurien.com\/#\/schema\/logo\/image\/","url":"https:\/\/www.lepetitepicurien.com\/wp-content\/uploads\/2024\/03\/logo.png","contentUrl":"https:\/\/www.lepetitepicurien.com\/wp-content\/uploads\/2024\/03\/logo.png","width":1024,"height":1024,"caption":"Le Petit Epicurien"},"image":{"@id":"https:\/\/www.lepetitepicurien.com\/#\/schema\/logo\/image\/"}}]}},"jetpack_sharing_enabled":true,"_links":{"self":[{"href":"http:\/\/www.lepetitepicurien.com\/fr\/wp-json\/wp\/v2\/pages\/18","targetHints":{"allow":["GET"]}}],"collection":[{"href":"http:\/\/www.lepetitepicurien.com\/fr\/wp-json\/wp\/v2\/pages"}],"about":[{"href":"http:\/\/www.lepetitepicurien.com\/fr\/wp-json\/wp\/v2\/types\/page"}],"author":[{"embeddable":true,"href":"http:\/\/www.lepetitepicurien.com\/fr\/wp-json\/wp\/v2\/users\/1"}],"replies":[{"embeddable":true,"href":"http:\/\/www.lepetitepicurien.com\/fr\/wp-json\/wp\/v2\/comments?post=18"}],"version-history":[{"count":2,"href":"http:\/\/www.lepetitepicurien.com\/fr\/wp-json\/wp\/v2\/pages\/18\/revisions"}],"predecessor-version":[{"id":21,"href":"http:\/\/www.lepetitepicurien.com\/fr\/wp-json\/wp\/v2\/pages\/18\/revisions\/21"}],"wp:attachment":[{"href":"http:\/\/www.lepetitepicurien.com\/fr\/wp-json\/wp\/v2\/media?parent=18"}],"curies":[{"name":"wp","href":"https:\/\/api.w.org\/{rel}","templated":true}]}}