{"id":108,"date":"2024-03-09T00:57:05","date_gmt":"2024-03-09T05:57:05","guid":{"rendered":"https:\/\/www.lepetitepicurien.com\/?post_type=product&#038;p=108"},"modified":"2026-01-28T19:47:07","modified_gmt":"2026-01-29T00:47:07","slug":"raw-duck-foie-gras-lobe-deveined-450gr","status":"publish","type":"product","link":"http:\/\/www.lepetitepicurien.com\/fr\/product\/raw-duck-foie-gras-lobe-deveined-450gr\/","title":{"rendered":"Foie gras de canard cru d\u00e9vein\u00e9 \u2013 450 g"},"content":{"rendered":"<p>&#8211; French-style foie gras: corn-fed, distinctive nutty and sweet flavor<br \/>\n\u2013 R\u00e9colt\u00e9 id\u00e9alement ti\u00e8de et d\u00e9vein\u00e9<br \/>\n&#8211; <strong>Flash frozen<\/strong> to guaranty optimal freshness, up to 2 years.<br \/>\n\u2013 Foie gras IQF = fra\u00eecheur pr\u00e9serv\u00e9e, structure cellulaire conserv\u00e9e intacte, gestion des stocks facilit\u00e9e<br \/>\n&#8211; \u200bThaw overnight in refrigerator OR under running cold water for 1 \u00bd hour\u200b \u200b<\/p>\n<p>&nbsp;<\/p>\n<p>&nbsp;<\/p>","protected":false},"excerpt":{"rendered":"<p>Lobes de foie gras crus d\u00e9j\u00e0 d\u00e9vein\u00e9s imm\u00e9diatement apr\u00e8s la r\u00e9colte, parfaits pour pr\u00e9parer toutes les recettes de foie gras comme les terrines, les torchons, le mi-cuit ou le poel\u00e9.<\/p>\n<p>Ce beau foie gras dor\u00e9 est s\u00e9lectionn\u00e9 manuellement selon sa texture (ferme \u00e0 mi-ferme) et son aspect (pas de meurtrissures).<\/p>","protected":false},"featured_media":162,"template":"","meta":[],"product_brand":[],"product_cat":[31],"product_tag":[],"class_list":{"0":"post-108","1":"product","2":"type-product","3":"status-publish","4":"has-post-thumbnail","6":"product_cat-duck-foie-gras","7":"product_shipping_class-frozen","9":"first","10":"instock","11":"sale","12":"taxable","13":"shipping-taxable","14":"purchasable","15":"product-type-simple"},"yoast_head":"<!-- This site is optimized with the Yoast SEO plugin v27.5 - https:\/\/yoast.com\/product\/yoast-seo-wordpress\/ -->\n<title>Raw Duck Foie Gras Lobe Deveined - 450g\/1lb - Le Petit Epicurien<\/title>\n<meta name=\"description\" content=\"Raw french foie gras already deveined, flash frozen, ideal for searing or make your own terrine mi-cuit.\" \/>\n<meta name=\"robots\" content=\"index, follow, max-snippet:-1, max-image-preview:large, max-video-preview:-1\" \/>\n<link rel=\"canonical\" href=\"https:\/\/www.lepetitepicurien.com\/fr\/produit\/\/\" \/>\n<meta property=\"og:locale\" content=\"fr_FR\" \/>\n<meta property=\"og:type\" content=\"article\" \/>\n<meta property=\"og:title\" content=\"Raw Duck Foie Gras Lobe Deveined - 450g\/1lb - Le Petit Epicurien\" \/>\n<meta property=\"og:description\" content=\"Raw french foie gras already deveined, flash frozen, ideal for searing or make your own terrine mi-cuit.\" \/>\n<meta property=\"og:url\" content=\"https:\/\/www.lepetitepicurien.com\/fr\/produit\/\/\" \/>\n<meta property=\"og:site_name\" content=\"Le Petit Epicurien\" \/>\n<meta property=\"article:modified_time\" content=\"2026-01-29T00:47:07+00:00\" \/>\n<meta property=\"og:image\" content=\"https:\/\/www.lepetitepicurien.com\/wp-content\/uploads\/2024\/03\/FG0004-2.jpg\" \/>\n\t<meta property=\"og:image:width\" content=\"600\" \/>\n\t<meta property=\"og:image:height\" content=\"600\" \/>\n\t<meta property=\"og:image:type\" content=\"image\/jpeg\" \/>\n<meta name=\"twitter:card\" content=\"summary_large_image\" \/>\n<meta name=\"twitter:label1\" content=\"Dur\u00e9e de lecture estim\u00e9e\" \/>\n\t<meta name=\"twitter:data1\" content=\"1 minute\" \/>\n<script type=\"application\/ld+json\" class=\"yoast-schema-graph\">{\"@context\":\"https:\\\/\\\/schema.org\",\"@graph\":[{\"@type\":\"WebPage\",\"@id\":\"https:\\\/\\\/www.lepetitepicurien.com\\\/product\\\/raw-duck-foie-gras-lobe-deveined-450gr\\\/\",\"url\":\"https:\\\/\\\/www.lepetitepicurien.com\\\/product\\\/raw-duck-foie-gras-lobe-deveined-450gr\\\/\",\"name\":\"Raw Duck Foie Gras Lobe Deveined - 450g\\\/1lb - Le Petit Epicurien\",\"isPartOf\":{\"@id\":\"https:\\\/\\\/www.lepetitepicurien.com\\\/#website\"},\"primaryImageOfPage\":{\"@id\":\"https:\\\/\\\/www.lepetitepicurien.com\\\/product\\\/raw-duck-foie-gras-lobe-deveined-450gr\\\/#primaryimage\"},\"image\":{\"@id\":\"https:\\\/\\\/www.lepetitepicurien.com\\\/product\\\/raw-duck-foie-gras-lobe-deveined-450gr\\\/#primaryimage\"},\"thumbnailUrl\":\"https:\\\/\\\/www.lepetitepicurien.com\\\/wp-content\\\/uploads\\\/2024\\\/03\\\/FG0004-2.jpg\",\"datePublished\":\"2024-03-09T05:57:05+00:00\",\"dateModified\":\"2026-01-29T00:47:07+00:00\",\"description\":\"Raw french foie gras already deveined, flash frozen, ideal for searing or make your own terrine mi-cuit.\",\"breadcrumb\":{\"@id\":\"https:\\\/\\\/www.lepetitepicurien.com\\\/product\\\/raw-duck-foie-gras-lobe-deveined-450gr\\\/#breadcrumb\"},\"inLanguage\":\"fr-FR\",\"potentialAction\":[{\"@type\":\"ReadAction\",\"target\":[\"https:\\\/\\\/www.lepetitepicurien.com\\\/product\\\/raw-duck-foie-gras-lobe-deveined-450gr\\\/\"]}]},{\"@type\":\"ImageObject\",\"inLanguage\":\"fr-FR\",\"@id\":\"https:\\\/\\\/www.lepetitepicurien.com\\\/product\\\/raw-duck-foie-gras-lobe-deveined-450gr\\\/#primaryimage\",\"url\":\"https:\\\/\\\/www.lepetitepicurien.com\\\/wp-content\\\/uploads\\\/2024\\\/03\\\/FG0004-2.jpg\",\"contentUrl\":\"https:\\\/\\\/www.lepetitepicurien.com\\\/wp-content\\\/uploads\\\/2024\\\/03\\\/FG0004-2.jpg\",\"width\":600,\"height\":600},{\"@type\":\"BreadcrumbList\",\"@id\":\"https:\\\/\\\/www.lepetitepicurien.com\\\/product\\\/raw-duck-foie-gras-lobe-deveined-450gr\\\/#breadcrumb\",\"itemListElement\":[{\"@type\":\"ListItem\",\"position\":1,\"name\":\"Home\",\"item\":\"https:\\\/\\\/www.lepetitepicurien.com\\\/\"},{\"@type\":\"ListItem\",\"position\":2,\"name\":\"Shop\",\"item\":\"https:\\\/\\\/www.lepetitepicurien.com\\\/shop\\\/\"},{\"@type\":\"ListItem\",\"position\":3,\"name\":\"Raw Duck Foie Gras Lobe Deveined &#8211; 450g\\\/1lb\"}]},{\"@type\":\"WebSite\",\"@id\":\"https:\\\/\\\/www.lepetitepicurien.com\\\/#website\",\"url\":\"https:\\\/\\\/www.lepetitepicurien.com\\\/\",\"name\":\"Le Petit Epicurien\",\"description\":\"Online Grocery for European Gourmet Food\",\"publisher\":{\"@id\":\"https:\\\/\\\/www.lepetitepicurien.com\\\/#organization\"},\"potentialAction\":[{\"@type\":\"SearchAction\",\"target\":{\"@type\":\"EntryPoint\",\"urlTemplate\":\"https:\\\/\\\/www.lepetitepicurien.com\\\/?s={search_term_string}\"},\"query-input\":{\"@type\":\"PropertyValueSpecification\",\"valueRequired\":true,\"valueName\":\"search_term_string\"}}],\"inLanguage\":\"fr-FR\"},{\"@type\":\"Organization\",\"@id\":\"https:\\\/\\\/www.lepetitepicurien.com\\\/#organization\",\"name\":\"Le Petit Epicurien\",\"url\":\"https:\\\/\\\/www.lepetitepicurien.com\\\/\",\"logo\":{\"@type\":\"ImageObject\",\"inLanguage\":\"fr-FR\",\"@id\":\"https:\\\/\\\/www.lepetitepicurien.com\\\/#\\\/schema\\\/logo\\\/image\\\/\",\"url\":\"https:\\\/\\\/www.lepetitepicurien.com\\\/wp-content\\\/uploads\\\/2024\\\/03\\\/logo.png\",\"contentUrl\":\"https:\\\/\\\/www.lepetitepicurien.com\\\/wp-content\\\/uploads\\\/2024\\\/03\\\/logo.png\",\"width\":1024,\"height\":1024,\"caption\":\"Le Petit Epicurien\"},\"image\":{\"@id\":\"https:\\\/\\\/www.lepetitepicurien.com\\\/#\\\/schema\\\/logo\\\/image\\\/\"}}]}<\/script>\n<!-- \/ Yoast SEO plugin. -->","yoast_head_json":{"title":"Foie gras de canard cru d\u00e9vein\u00e9 - 450g - Le Petit Epicurien","description":"Foie gras fran\u00e7ais cru d\u00e9j\u00e0 d\u00e9vein\u00e9, surgel\u00e9, id\u00e9al pour saisir ou r\u00e9aliser votre propre terrine mi-cuit.","robots":{"index":"index","follow":"follow","max-snippet":"max-snippet:-1","max-image-preview":"max-image-preview:large","max-video-preview":"max-video-preview:-1"},"canonical":"https:\/\/www.lepetitepicurien.com\/fr\/produit\/\/","og_locale":"fr_FR","og_type":"article","og_title":"Raw Duck Foie Gras Lobe Deveined - 450g\/1lb - Le Petit Epicurien","og_description":"Raw french foie gras already deveined, flash frozen, ideal for searing or make your own terrine mi-cuit.","og_url":"https:\/\/www.lepetitepicurien.com\/fr\/produit\/\/","og_site_name":"Le Petit Epicurien","article_modified_time":"2026-01-29T00:47:07+00:00","og_image":[{"width":600,"height":600,"url":"https:\/\/www.lepetitepicurien.com\/wp-content\/uploads\/2024\/03\/FG0004-2.jpg","type":"image\/jpeg"}],"twitter_card":"summary_large_image","twitter_misc":{"Dur\u00e9e de lecture estim\u00e9e":"1 minute"},"schema":{"@context":"https:\/\/schema.org","@graph":[{"@type":"WebPage","@id":"https:\/\/www.lepetitepicurien.com\/product\/raw-duck-foie-gras-lobe-deveined-450gr\/","url":"https:\/\/www.lepetitepicurien.com\/product\/raw-duck-foie-gras-lobe-deveined-450gr\/","name":"Foie gras de canard cru d\u00e9vein\u00e9 - 450g - Le Petit Epicurien","isPartOf":{"@id":"https:\/\/www.lepetitepicurien.com\/#website"},"primaryImageOfPage":{"@id":"https:\/\/www.lepetitepicurien.com\/product\/raw-duck-foie-gras-lobe-deveined-450gr\/#primaryimage"},"image":{"@id":"https:\/\/www.lepetitepicurien.com\/product\/raw-duck-foie-gras-lobe-deveined-450gr\/#primaryimage"},"thumbnailUrl":"https:\/\/www.lepetitepicurien.com\/wp-content\/uploads\/2024\/03\/FG0004-2.jpg","datePublished":"2024-03-09T05:57:05+00:00","dateModified":"2026-01-29T00:47:07+00:00","description":"Foie gras fran\u00e7ais cru d\u00e9j\u00e0 d\u00e9vein\u00e9, surgel\u00e9, id\u00e9al pour saisir ou r\u00e9aliser votre propre terrine mi-cuit.","breadcrumb":{"@id":"https:\/\/www.lepetitepicurien.com\/product\/raw-duck-foie-gras-lobe-deveined-450gr\/#breadcrumb"},"inLanguage":"fr-FR","potentialAction":[{"@type":"ReadAction","target":["https:\/\/www.lepetitepicurien.com\/product\/raw-duck-foie-gras-lobe-deveined-450gr\/"]}]},{"@type":"ImageObject","inLanguage":"fr-FR","@id":"https:\/\/www.lepetitepicurien.com\/product\/raw-duck-foie-gras-lobe-deveined-450gr\/#primaryimage","url":"https:\/\/www.lepetitepicurien.com\/wp-content\/uploads\/2024\/03\/FG0004-2.jpg","contentUrl":"https:\/\/www.lepetitepicurien.com\/wp-content\/uploads\/2024\/03\/FG0004-2.jpg","width":600,"height":600},{"@type":"BreadcrumbList","@id":"https:\/\/www.lepetitepicurien.com\/product\/raw-duck-foie-gras-lobe-deveined-450gr\/#breadcrumb","itemListElement":[{"@type":"ListItem","position":1,"name":"Home","item":"https:\/\/www.lepetitepicurien.com\/"},{"@type":"ListItem","position":2,"name":"Shop","item":"https:\/\/www.lepetitepicurien.com\/shop\/"},{"@type":"ListItem","position":3,"name":"Raw Duck Foie Gras Lobe Deveined &#8211; 450g\/1lb"}]},{"@type":"WebSite","@id":"https:\/\/www.lepetitepicurien.com\/#website","url":"https:\/\/www.lepetitepicurien.com\/","name":"Le Petit \u00c9picurien","description":"\u00c9picerie en ligne pour la gastronomie europ\u00e9enne","publisher":{"@id":"https:\/\/www.lepetitepicurien.com\/#organization"},"potentialAction":[{"@type":"SearchAction","target":{"@type":"EntryPoint","urlTemplate":"https:\/\/www.lepetitepicurien.com\/?s={search_term_string}"},"query-input":{"@type":"PropertyValueSpecification","valueRequired":true,"valueName":"search_term_string"}}],"inLanguage":"fr-FR"},{"@type":"Organization","@id":"https:\/\/www.lepetitepicurien.com\/#organization","name":"Le Petit \u00c9picurien","url":"https:\/\/www.lepetitepicurien.com\/","logo":{"@type":"ImageObject","inLanguage":"fr-FR","@id":"https:\/\/www.lepetitepicurien.com\/#\/schema\/logo\/image\/","url":"https:\/\/www.lepetitepicurien.com\/wp-content\/uploads\/2024\/03\/logo.png","contentUrl":"https:\/\/www.lepetitepicurien.com\/wp-content\/uploads\/2024\/03\/logo.png","width":1024,"height":1024,"caption":"Le Petit Epicurien"},"image":{"@id":"https:\/\/www.lepetitepicurien.com\/#\/schema\/logo\/image\/"}}]}},"jetpack_sharing_enabled":true,"_links":{"self":[{"href":"http:\/\/www.lepetitepicurien.com\/fr\/wp-json\/wp\/v2\/product\/108","targetHints":{"allow":["GET"]}}],"collection":[{"href":"http:\/\/www.lepetitepicurien.com\/fr\/wp-json\/wp\/v2\/product"}],"about":[{"href":"http:\/\/www.lepetitepicurien.com\/fr\/wp-json\/wp\/v2\/types\/product"}],"wp:featuredmedia":[{"embeddable":true,"href":"http:\/\/www.lepetitepicurien.com\/fr\/wp-json\/wp\/v2\/media\/162"}],"wp:attachment":[{"href":"http:\/\/www.lepetitepicurien.com\/fr\/wp-json\/wp\/v2\/media?parent=108"}],"wp:term":[{"taxonomy":"product_brand","embeddable":true,"href":"http:\/\/www.lepetitepicurien.com\/fr\/wp-json\/wp\/v2\/product_brand?post=108"},{"taxonomy":"product_cat","embeddable":true,"href":"http:\/\/www.lepetitepicurien.com\/fr\/wp-json\/wp\/v2\/product_cat?post=108"},{"taxonomy":"product_tag","embeddable":true,"href":"http:\/\/www.lepetitepicurien.com\/fr\/wp-json\/wp\/v2\/product_tag?post=108"}],"curies":[{"name":"wp","href":"https:\/\/api.w.org\/{rel}","templated":true}]}}