{"id":285,"date":"2024-08-14T22:46:33","date_gmt":"2024-08-15T02:46:33","guid":{"rendered":"https:\/\/www.lepetitepicurien.com\/?post_type=product&#038;p=285"},"modified":"2025-04-02T21:31:02","modified_gmt":"2025-04-03T01:31:02","slug":"flying-fish-roe-tobico-orange-green-black-yellow-500g-1-1lb","status":"publish","type":"product","link":"http:\/\/www.lepetitepicurien.com\/fr\/product\/flying-fish-roe-tobico-orange-green-black-yellow-500g-1-1lb\/","title":{"rendered":"\u0152ufs de poisson volant Tobico Orange\/Vert\/Noir\/Jaune \u2013 500 g\/1,1 lb"},"content":{"rendered":"","protected":false},"excerpt":{"rendered":"<p>Notre Tobico provient de poissons volants de la plus haute qualit\u00e9, ce qui garantit un \u00e9clat croustillant et fum\u00e9 \u00e0 chaque bouch\u00e9e. Les couleurs vives ne sont pas seulement attrayantes visuellement, mais rehaussent \u00e9galement le profil gustatif de chaque \u0153uf. Le Tobico orange a une douceur subtile, le vert est teint\u00e9 de wasabi pour une touche \u00e9pic\u00e9e, le noir offre une nuance audacieuse et fum\u00e9e, et le jaune \u00e9clate avec un zeste l\u00e9ger et citronn\u00e9.<br \/>\nL\u00e9g\u00e8rement plus gros mais moins poissonneux que le Masago (poisson capelan), c&#039;est la r\u00e9f\u00e9rence pour les recettes de cuisine fusion asiatique.<\/p>","protected":false},"featured_media":744,"template":"","meta":[],"product_brand":[],"product_cat":[39],"product_tag":[],"class_list":{"0":"post-285","1":"product","2":"type-product","3":"status-publish","4":"has-post-thumbnail","6":"product_cat-caviar","8":"first","9":"instock","10":"taxable","11":"shipping-taxable","12":"purchasable","13":"product-type-simple"},"yoast_head":"<!-- This site is optimized with the Yoast SEO plugin v27.4 - https:\/\/yoast.com\/product\/yoast-seo-wordpress\/ -->\n<title>Flying Fish Roe Tobico Orange\/Green\/Black\/Yellow - 500g\/1.1lb - Le Petit Epicurien<\/title>\n<meta name=\"description\" content=\"Discover the vibrant and flavorful Flying Fish Roe Tobico in Orange, Green, Black, and Yellow. Perfect for sushi and culinary garnishes.\" \/>\n<meta name=\"robots\" content=\"index, follow, max-snippet:-1, max-image-preview:large, max-video-preview:-1\" \/>\n<link rel=\"canonical\" href=\"https:\/\/www.lepetitepicurien.com\/fr\/produit\/oeufs-de-poisson-volant-tobico-orange-vert-noir-jaune-500g-1-1lb\/\" \/>\n<meta property=\"og:locale\" content=\"fr_FR\" \/>\n<meta property=\"og:type\" content=\"article\" \/>\n<meta property=\"og:title\" content=\"Flying Fish Roe Tobico Orange\/Green\/Black\/Yellow - 500g\/1.1lb - Le Petit Epicurien\" \/>\n<meta property=\"og:description\" content=\"Discover the vibrant and flavorful Flying Fish Roe Tobico in Orange, Green, Black, and Yellow. Perfect for sushi and culinary garnishes.\" \/>\n<meta property=\"og:url\" content=\"https:\/\/www.lepetitepicurien.com\/fr\/produit\/oeufs-de-poisson-volant-tobico-orange-vert-noir-jaune-500g-1-1lb\/\" \/>\n<meta property=\"og:site_name\" content=\"Le Petit Epicurien\" \/>\n<meta property=\"article:modified_time\" content=\"2025-04-03T01:31:02+00:00\" \/>\n<meta property=\"og:image\" content=\"https:\/\/www.lepetitepicurien.com\/wp-content\/uploads\/2024\/08\/tobiko.jpg\" \/>\n\t<meta property=\"og:image:width\" content=\"800\" \/>\n\t<meta property=\"og:image:height\" content=\"800\" \/>\n\t<meta property=\"og:image:type\" content=\"image\/jpeg\" \/>\n<meta name=\"twitter:card\" content=\"summary_large_image\" \/>\n<meta name=\"twitter:label1\" content=\"Dur\u00e9e de lecture estim\u00e9e\" \/>\n\t<meta name=\"twitter:data1\" content=\"1 minute\" \/>\n<script type=\"application\/ld+json\" class=\"yoast-schema-graph\">{\"@context\":\"https:\\\/\\\/schema.org\",\"@graph\":[{\"@type\":\"WebPage\",\"@id\":\"https:\\\/\\\/www.lepetitepicurien.com\\\/product\\\/flying-fish-roe-tobico-orange-green-black-yellow-500g-1-1lb\\\/\",\"url\":\"https:\\\/\\\/www.lepetitepicurien.com\\\/product\\\/flying-fish-roe-tobico-orange-green-black-yellow-500g-1-1lb\\\/\",\"name\":\"Flying Fish Roe Tobico Orange\\\/Green\\\/Black\\\/Yellow - 500g\\\/1.1lb - Le Petit Epicurien\",\"isPartOf\":{\"@id\":\"https:\\\/\\\/www.lepetitepicurien.com\\\/#website\"},\"primaryImageOfPage\":{\"@id\":\"https:\\\/\\\/www.lepetitepicurien.com\\\/product\\\/flying-fish-roe-tobico-orange-green-black-yellow-500g-1-1lb\\\/#primaryimage\"},\"image\":{\"@id\":\"https:\\\/\\\/www.lepetitepicurien.com\\\/product\\\/flying-fish-roe-tobico-orange-green-black-yellow-500g-1-1lb\\\/#primaryimage\"},\"thumbnailUrl\":\"https:\\\/\\\/www.lepetitepicurien.com\\\/wp-content\\\/uploads\\\/2024\\\/08\\\/tobiko.jpg\",\"datePublished\":\"2024-08-15T02:46:33+00:00\",\"dateModified\":\"2025-04-03T01:31:02+00:00\",\"description\":\"Discover the vibrant and flavorful Flying Fish Roe Tobico in Orange, Green, Black, and Yellow. Perfect for sushi and culinary garnishes.\",\"breadcrumb\":{\"@id\":\"https:\\\/\\\/www.lepetitepicurien.com\\\/product\\\/flying-fish-roe-tobico-orange-green-black-yellow-500g-1-1lb\\\/#breadcrumb\"},\"inLanguage\":\"fr-FR\",\"potentialAction\":[{\"@type\":\"ReadAction\",\"target\":[\"https:\\\/\\\/www.lepetitepicurien.com\\\/product\\\/flying-fish-roe-tobico-orange-green-black-yellow-500g-1-1lb\\\/\"]}]},{\"@type\":\"ImageObject\",\"inLanguage\":\"fr-FR\",\"@id\":\"https:\\\/\\\/www.lepetitepicurien.com\\\/product\\\/flying-fish-roe-tobico-orange-green-black-yellow-500g-1-1lb\\\/#primaryimage\",\"url\":\"https:\\\/\\\/www.lepetitepicurien.com\\\/wp-content\\\/uploads\\\/2024\\\/08\\\/tobiko.jpg\",\"contentUrl\":\"https:\\\/\\\/www.lepetitepicurien.com\\\/wp-content\\\/uploads\\\/2024\\\/08\\\/tobiko.jpg\",\"width\":800,\"height\":800},{\"@type\":\"BreadcrumbList\",\"@id\":\"https:\\\/\\\/www.lepetitepicurien.com\\\/product\\\/flying-fish-roe-tobico-orange-green-black-yellow-500g-1-1lb\\\/#breadcrumb\",\"itemListElement\":[{\"@type\":\"ListItem\",\"position\":1,\"name\":\"Home\",\"item\":\"https:\\\/\\\/www.lepetitepicurien.com\\\/\"},{\"@type\":\"ListItem\",\"position\":2,\"name\":\"Shop\",\"item\":\"https:\\\/\\\/www.lepetitepicurien.com\\\/shop\\\/\"},{\"@type\":\"ListItem\",\"position\":3,\"name\":\"Flying Fish Roe Tobico Orange\\\/Green\\\/Black\\\/Yellow &#8211; 500g\\\/1.1lb\"}]},{\"@type\":\"WebSite\",\"@id\":\"https:\\\/\\\/www.lepetitepicurien.com\\\/#website\",\"url\":\"https:\\\/\\\/www.lepetitepicurien.com\\\/\",\"name\":\"Le Petit Epicurien\",\"description\":\"Online Grocery for European Gourmet Food\",\"publisher\":{\"@id\":\"https:\\\/\\\/www.lepetitepicurien.com\\\/#organization\"},\"potentialAction\":[{\"@type\":\"SearchAction\",\"target\":{\"@type\":\"EntryPoint\",\"urlTemplate\":\"https:\\\/\\\/www.lepetitepicurien.com\\\/?s={search_term_string}\"},\"query-input\":{\"@type\":\"PropertyValueSpecification\",\"valueRequired\":true,\"valueName\":\"search_term_string\"}}],\"inLanguage\":\"fr-FR\"},{\"@type\":\"Organization\",\"@id\":\"https:\\\/\\\/www.lepetitepicurien.com\\\/#organization\",\"name\":\"Le Petit Epicurien\",\"url\":\"https:\\\/\\\/www.lepetitepicurien.com\\\/\",\"logo\":{\"@type\":\"ImageObject\",\"inLanguage\":\"fr-FR\",\"@id\":\"https:\\\/\\\/www.lepetitepicurien.com\\\/#\\\/schema\\\/logo\\\/image\\\/\",\"url\":\"https:\\\/\\\/www.lepetitepicurien.com\\\/wp-content\\\/uploads\\\/2024\\\/03\\\/logo.png\",\"contentUrl\":\"https:\\\/\\\/www.lepetitepicurien.com\\\/wp-content\\\/uploads\\\/2024\\\/03\\\/logo.png\",\"width\":1024,\"height\":1024,\"caption\":\"Le Petit Epicurien\"},\"image\":{\"@id\":\"https:\\\/\\\/www.lepetitepicurien.com\\\/#\\\/schema\\\/logo\\\/image\\\/\"}}]}<\/script>\n<!-- \/ Yoast SEO plugin. -->","yoast_head_json":{"title":"\u0152ufs de Poisson Volant Tobico Orange\/Vert\/Noir\/Jaune - 500g\/1.1lb - Le Petit Epicurien","description":"D\u00e9couvrez les \u0153ufs de poisson volant Tobico vibrants et savoureux en orange, vert, noir et jaune. Parfait pour les sushis et les garnitures culinaires.","robots":{"index":"index","follow":"follow","max-snippet":"max-snippet:-1","max-image-preview":"max-image-preview:large","max-video-preview":"max-video-preview:-1"},"canonical":"https:\/\/www.lepetitepicurien.com\/fr\/produit\/oeufs-de-poisson-volant-tobico-orange-vert-noir-jaune-500g-1-1lb\/","og_locale":"fr_FR","og_type":"article","og_title":"Flying Fish Roe Tobico Orange\/Green\/Black\/Yellow - 500g\/1.1lb - Le Petit Epicurien","og_description":"Discover the vibrant and flavorful Flying Fish Roe Tobico in Orange, Green, Black, and Yellow. Perfect for sushi and culinary garnishes.","og_url":"https:\/\/www.lepetitepicurien.com\/fr\/produit\/oeufs-de-poisson-volant-tobico-orange-vert-noir-jaune-500g-1-1lb\/","og_site_name":"Le Petit Epicurien","article_modified_time":"2025-04-03T01:31:02+00:00","og_image":[{"width":800,"height":800,"url":"https:\/\/www.lepetitepicurien.com\/wp-content\/uploads\/2024\/08\/tobiko.jpg","type":"image\/jpeg"}],"twitter_card":"summary_large_image","twitter_misc":{"Dur\u00e9e de lecture estim\u00e9e":"1 minute"},"schema":{"@context":"https:\/\/schema.org","@graph":[{"@type":"WebPage","@id":"https:\/\/www.lepetitepicurien.com\/product\/flying-fish-roe-tobico-orange-green-black-yellow-500g-1-1lb\/","url":"https:\/\/www.lepetitepicurien.com\/product\/flying-fish-roe-tobico-orange-green-black-yellow-500g-1-1lb\/","name":"\u0152ufs de Poisson Volant Tobico Orange\/Vert\/Noir\/Jaune - 500g\/1.1lb - Le Petit Epicurien","isPartOf":{"@id":"https:\/\/www.lepetitepicurien.com\/#website"},"primaryImageOfPage":{"@id":"https:\/\/www.lepetitepicurien.com\/product\/flying-fish-roe-tobico-orange-green-black-yellow-500g-1-1lb\/#primaryimage"},"image":{"@id":"https:\/\/www.lepetitepicurien.com\/product\/flying-fish-roe-tobico-orange-green-black-yellow-500g-1-1lb\/#primaryimage"},"thumbnailUrl":"https:\/\/www.lepetitepicurien.com\/wp-content\/uploads\/2024\/08\/tobiko.jpg","datePublished":"2024-08-15T02:46:33+00:00","dateModified":"2025-04-03T01:31:02+00:00","description":"D\u00e9couvrez les \u0153ufs de poisson volant Tobico vibrants et savoureux en orange, vert, noir et jaune. Parfait pour les sushis et les garnitures culinaires.","breadcrumb":{"@id":"https:\/\/www.lepetitepicurien.com\/product\/flying-fish-roe-tobico-orange-green-black-yellow-500g-1-1lb\/#breadcrumb"},"inLanguage":"fr-FR","potentialAction":[{"@type":"ReadAction","target":["https:\/\/www.lepetitepicurien.com\/product\/flying-fish-roe-tobico-orange-green-black-yellow-500g-1-1lb\/"]}]},{"@type":"ImageObject","inLanguage":"fr-FR","@id":"https:\/\/www.lepetitepicurien.com\/product\/flying-fish-roe-tobico-orange-green-black-yellow-500g-1-1lb\/#primaryimage","url":"https:\/\/www.lepetitepicurien.com\/wp-content\/uploads\/2024\/08\/tobiko.jpg","contentUrl":"https:\/\/www.lepetitepicurien.com\/wp-content\/uploads\/2024\/08\/tobiko.jpg","width":800,"height":800},{"@type":"BreadcrumbList","@id":"https:\/\/www.lepetitepicurien.com\/product\/flying-fish-roe-tobico-orange-green-black-yellow-500g-1-1lb\/#breadcrumb","itemListElement":[{"@type":"ListItem","position":1,"name":"Home","item":"https:\/\/www.lepetitepicurien.com\/"},{"@type":"ListItem","position":2,"name":"Shop","item":"https:\/\/www.lepetitepicurien.com\/shop\/"},{"@type":"ListItem","position":3,"name":"Flying Fish Roe Tobico Orange\/Green\/Black\/Yellow &#8211; 500g\/1.1lb"}]},{"@type":"WebSite","@id":"https:\/\/www.lepetitepicurien.com\/#website","url":"https:\/\/www.lepetitepicurien.com\/","name":"Le Petit \u00c9picurien","description":"\u00c9picerie en ligne pour la gastronomie europ\u00e9enne","publisher":{"@id":"https:\/\/www.lepetitepicurien.com\/#organization"},"potentialAction":[{"@type":"SearchAction","target":{"@type":"EntryPoint","urlTemplate":"https:\/\/www.lepetitepicurien.com\/?s={search_term_string}"},"query-input":{"@type":"PropertyValueSpecification","valueRequired":true,"valueName":"search_term_string"}}],"inLanguage":"fr-FR"},{"@type":"Organization","@id":"https:\/\/www.lepetitepicurien.com\/#organization","name":"Le Petit \u00c9picurien","url":"https:\/\/www.lepetitepicurien.com\/","logo":{"@type":"ImageObject","inLanguage":"fr-FR","@id":"https:\/\/www.lepetitepicurien.com\/#\/schema\/logo\/image\/","url":"https:\/\/www.lepetitepicurien.com\/wp-content\/uploads\/2024\/03\/logo.png","contentUrl":"https:\/\/www.lepetitepicurien.com\/wp-content\/uploads\/2024\/03\/logo.png","width":1024,"height":1024,"caption":"Le Petit Epicurien"},"image":{"@id":"https:\/\/www.lepetitepicurien.com\/#\/schema\/logo\/image\/"}}]}},"jetpack_sharing_enabled":true,"_links":{"self":[{"href":"http:\/\/www.lepetitepicurien.com\/fr\/wp-json\/wp\/v2\/product\/285","targetHints":{"allow":["GET"]}}],"collection":[{"href":"http:\/\/www.lepetitepicurien.com\/fr\/wp-json\/wp\/v2\/product"}],"about":[{"href":"http:\/\/www.lepetitepicurien.com\/fr\/wp-json\/wp\/v2\/types\/product"}],"wp:featuredmedia":[{"embeddable":true,"href":"http:\/\/www.lepetitepicurien.com\/fr\/wp-json\/wp\/v2\/media\/744"}],"wp:attachment":[{"href":"http:\/\/www.lepetitepicurien.com\/fr\/wp-json\/wp\/v2\/media?parent=285"}],"wp:term":[{"taxonomy":"product_brand","embeddable":true,"href":"http:\/\/www.lepetitepicurien.com\/fr\/wp-json\/wp\/v2\/product_brand?post=285"},{"taxonomy":"product_cat","embeddable":true,"href":"http:\/\/www.lepetitepicurien.com\/fr\/wp-json\/wp\/v2\/product_cat?post=285"},{"taxonomy":"product_tag","embeddable":true,"href":"http:\/\/www.lepetitepicurien.com\/fr\/wp-json\/wp\/v2\/product_tag?post=285"}],"curies":[{"name":"wp","href":"https:\/\/api.w.org\/{rel}","templated":true}]}}