{"id":293,"date":"2024-08-14T22:46:34","date_gmt":"2024-08-15T02:46:34","guid":{"rendered":"https:\/\/www.lepetitepicurien.com\/?post_type=product&#038;p=293"},"modified":"2025-12-08T19:25:42","modified_gmt":"2025-12-09T00:25:42","slug":"caviar-sturia-baerii-vintage-with-mother-of-pearl-spoon-100g-3-53oz","status":"publish","type":"product","link":"http:\/\/www.lepetitepicurien.com\/fr\/product\/caviar-sturia-baerii-vintage-with-mother-of-pearl-spoon-100g-3-53oz\/","title":{"rendered":"Caviar STURIA Baerii Vintage avec cuill\u00e8re en nacre \u2013 100g\/3.53oz"},"content":{"rendered":"<div class=\"accordion__body\">\n<p>Pr\u00e9sentation du caviar Sturia Baerii Vintage, meilleur ambassadeur de Sturia. Issu d&#039;un processus d&#039;affinage minutieux dans nos salles de maturation d\u00e9di\u00e9es pendant 3 \u00e0 8 mois, ce caviar aux \u0153ufs brillants associe une fermet\u00e9 ronde et une explosion en bouche de saveurs harmonieusement fruit\u00e9es et iod\u00e9es.<\/p>\n<\/div>\n<div class=\"accordion__body\">\n<p>Pr\u00e9parez-vous \u00e0 une exp\u00e9rience gastronomique sans pareille lorsque les \u0153ufs tendres du caviar Sturia Baerii Vintage \u00e9clatent dans votre bouche, lib\u00e9rant des saveurs audacieuses et affirm\u00e9es rappelant le meilleur caviar sauvage d&#039;autrefois. Chaque bouch\u00e9e renferme l&#039;essence du caviar mature, vous emmenant dans un voyage de go\u00fbt sublime et de plaisir exquis.<\/p>\n<p>&nbsp;<\/p>\n<\/div>","protected":false},"excerpt":{"rendered":"<p>Le caviar Sturia Baerii Vintage est un caviar fruit\u00e9 et brillant qui a \u00e9t\u00e9 affin\u00e9 3 \u00e0 8 mois dans nos chambres d&#039;affinage.<br \/>\nEn m\u00fbrissant, ce caviar brillant ajoute des saveurs harmonieusement fruit\u00e9es et iod\u00e9es.<\/p>\n<p><strong>Esp\u00e8ces:<\/strong> Acipenser baerii<\/p>","protected":false},"featured_media":323,"template":"","meta":[],"product_brand":[],"product_cat":[39],"product_tag":[40,41],"class_list":{"0":"post-293","1":"product","2":"type-product","3":"status-publish","4":"has-post-thumbnail","6":"product_cat-caviar","7":"product_tag-gluten-free","8":"product_tag-michelin-star","9":"product_shipping_class-cooler","11":"first","12":"instock","13":"sale","14":"taxable","15":"shipping-taxable","16":"purchasable","17":"product-type-simple"},"yoast_head":"<!-- This site is optimized with the Yoast SEO plugin v27.4 - https:\/\/yoast.com\/product\/yoast-seo-wordpress\/ -->\n<title>Caviar STURIA Baerii Vintage with mother of pearl spoon - 100g\/3.53oz - Le Petit Epicurien<\/title>\n<meta name=\"robots\" content=\"index, follow, max-snippet:-1, max-image-preview:large, max-video-preview:-1\" \/>\n<link rel=\"canonical\" href=\"https:\/\/www.lepetitepicurien.com\/fr\/produit\/caviar-sturia-baerii-vintage-avec-cuillere-en-nacre-100g-3-53oz\/\" \/>\n<meta property=\"og:locale\" content=\"fr_FR\" \/>\n<meta property=\"og:type\" content=\"article\" \/>\n<meta property=\"og:title\" content=\"Caviar STURIA Baerii Vintage with mother of pearl spoon - 100g\/3.53oz - Le Petit Epicurien\" \/>\n<meta property=\"og:description\" content=\"Sturia Baerii Vintage caviar is a shiny fruity caviar which has been refined 3 to 8 months in our maturing rooms. As it matures, this shiny caviar add an harmoniously fruity and iodized flavors.  Species: Acipenser Baerii\" \/>\n<meta property=\"og:url\" content=\"https:\/\/www.lepetitepicurien.com\/fr\/produit\/caviar-sturia-baerii-vintage-avec-cuillere-en-nacre-100g-3-53oz\/\" \/>\n<meta property=\"og:site_name\" content=\"Le Petit Epicurien\" \/>\n<meta property=\"article:modified_time\" content=\"2025-12-09T00:25:42+00:00\" \/>\n<meta property=\"og:image\" content=\"https:\/\/www.lepetitepicurien.com\/wp-content\/uploads\/2024\/08\/sturia-caviar-baerii-vintage-1.jpg\" \/>\n\t<meta property=\"og:image:width\" content=\"800\" \/>\n\t<meta property=\"og:image:height\" content=\"800\" \/>\n\t<meta property=\"og:image:type\" content=\"image\/jpeg\" \/>\n<meta name=\"twitter:card\" content=\"summary_large_image\" \/>\n<script type=\"application\/ld+json\" class=\"yoast-schema-graph\">{\"@context\":\"https:\\\/\\\/schema.org\",\"@graph\":[{\"@type\":\"WebPage\",\"@id\":\"https:\\\/\\\/www.lepetitepicurien.com\\\/product\\\/caviar-sturia-baerii-vintage-with-mother-of-pearl-spoon-100g-3-53oz\\\/\",\"url\":\"https:\\\/\\\/www.lepetitepicurien.com\\\/product\\\/caviar-sturia-baerii-vintage-with-mother-of-pearl-spoon-100g-3-53oz\\\/\",\"name\":\"Caviar STURIA Baerii Vintage with mother of pearl spoon - 100g\\\/3.53oz - Le Petit Epicurien\",\"isPartOf\":{\"@id\":\"https:\\\/\\\/www.lepetitepicurien.com\\\/#website\"},\"primaryImageOfPage\":{\"@id\":\"https:\\\/\\\/www.lepetitepicurien.com\\\/product\\\/caviar-sturia-baerii-vintage-with-mother-of-pearl-spoon-100g-3-53oz\\\/#primaryimage\"},\"image\":{\"@id\":\"https:\\\/\\\/www.lepetitepicurien.com\\\/product\\\/caviar-sturia-baerii-vintage-with-mother-of-pearl-spoon-100g-3-53oz\\\/#primaryimage\"},\"thumbnailUrl\":\"https:\\\/\\\/www.lepetitepicurien.com\\\/wp-content\\\/uploads\\\/2024\\\/08\\\/sturia-caviar-baerii-vintage-1.jpg\",\"datePublished\":\"2024-08-15T02:46:34+00:00\",\"dateModified\":\"2025-12-09T00:25:42+00:00\",\"breadcrumb\":{\"@id\":\"https:\\\/\\\/www.lepetitepicurien.com\\\/product\\\/caviar-sturia-baerii-vintage-with-mother-of-pearl-spoon-100g-3-53oz\\\/#breadcrumb\"},\"inLanguage\":\"fr-FR\",\"potentialAction\":[{\"@type\":\"ReadAction\",\"target\":[\"https:\\\/\\\/www.lepetitepicurien.com\\\/product\\\/caviar-sturia-baerii-vintage-with-mother-of-pearl-spoon-100g-3-53oz\\\/\"]}]},{\"@type\":\"ImageObject\",\"inLanguage\":\"fr-FR\",\"@id\":\"https:\\\/\\\/www.lepetitepicurien.com\\\/product\\\/caviar-sturia-baerii-vintage-with-mother-of-pearl-spoon-100g-3-53oz\\\/#primaryimage\",\"url\":\"https:\\\/\\\/www.lepetitepicurien.com\\\/wp-content\\\/uploads\\\/2024\\\/08\\\/sturia-caviar-baerii-vintage-1.jpg\",\"contentUrl\":\"https:\\\/\\\/www.lepetitepicurien.com\\\/wp-content\\\/uploads\\\/2024\\\/08\\\/sturia-caviar-baerii-vintage-1.jpg\",\"width\":800,\"height\":800},{\"@type\":\"BreadcrumbList\",\"@id\":\"https:\\\/\\\/www.lepetitepicurien.com\\\/product\\\/caviar-sturia-baerii-vintage-with-mother-of-pearl-spoon-100g-3-53oz\\\/#breadcrumb\",\"itemListElement\":[{\"@type\":\"ListItem\",\"position\":1,\"name\":\"Home\",\"item\":\"https:\\\/\\\/www.lepetitepicurien.com\\\/\"},{\"@type\":\"ListItem\",\"position\":2,\"name\":\"Shop\",\"item\":\"https:\\\/\\\/www.lepetitepicurien.com\\\/shop\\\/\"},{\"@type\":\"ListItem\",\"position\":3,\"name\":\"Caviar STURIA Baerii Vintage with mother of pearl spoon &#8211; 100g\\\/3.53oz\"}]},{\"@type\":\"WebSite\",\"@id\":\"https:\\\/\\\/www.lepetitepicurien.com\\\/#website\",\"url\":\"https:\\\/\\\/www.lepetitepicurien.com\\\/\",\"name\":\"Le Petit Epicurien\",\"description\":\"Online Grocery for European Gourmet Food\",\"publisher\":{\"@id\":\"https:\\\/\\\/www.lepetitepicurien.com\\\/#organization\"},\"potentialAction\":[{\"@type\":\"SearchAction\",\"target\":{\"@type\":\"EntryPoint\",\"urlTemplate\":\"https:\\\/\\\/www.lepetitepicurien.com\\\/?s={search_term_string}\"},\"query-input\":{\"@type\":\"PropertyValueSpecification\",\"valueRequired\":true,\"valueName\":\"search_term_string\"}}],\"inLanguage\":\"fr-FR\"},{\"@type\":\"Organization\",\"@id\":\"https:\\\/\\\/www.lepetitepicurien.com\\\/#organization\",\"name\":\"Le Petit Epicurien\",\"url\":\"https:\\\/\\\/www.lepetitepicurien.com\\\/\",\"logo\":{\"@type\":\"ImageObject\",\"inLanguage\":\"fr-FR\",\"@id\":\"https:\\\/\\\/www.lepetitepicurien.com\\\/#\\\/schema\\\/logo\\\/image\\\/\",\"url\":\"https:\\\/\\\/www.lepetitepicurien.com\\\/wp-content\\\/uploads\\\/2024\\\/03\\\/logo.png\",\"contentUrl\":\"https:\\\/\\\/www.lepetitepicurien.com\\\/wp-content\\\/uploads\\\/2024\\\/03\\\/logo.png\",\"width\":1024,\"height\":1024,\"caption\":\"Le Petit Epicurien\"},\"image\":{\"@id\":\"https:\\\/\\\/www.lepetitepicurien.com\\\/#\\\/schema\\\/logo\\\/image\\\/\"}}]}<\/script>\n<!-- \/ Yoast SEO plugin. -->","yoast_head_json":{"title":"Caviar STURIA Baerii Vintage avec cuill\u00e8re en nacre - 100g - Le Petit Epicurien","robots":{"index":"index","follow":"follow","max-snippet":"max-snippet:-1","max-image-preview":"max-image-preview:large","max-video-preview":"max-video-preview:-1"},"canonical":"https:\/\/www.lepetitepicurien.com\/fr\/produit\/caviar-sturia-baerii-vintage-avec-cuillere-en-nacre-100g-3-53oz\/","og_locale":"fr_FR","og_type":"article","og_title":"Caviar STURIA Baerii Vintage with mother of pearl spoon - 100g\/3.53oz - Le Petit Epicurien","og_description":"Sturia Baerii Vintage caviar is a shiny fruity caviar which has been refined 3 to 8 months in our maturing rooms. As it matures, this shiny caviar add an harmoniously fruity and iodized flavors.  Species: Acipenser Baerii","og_url":"https:\/\/www.lepetitepicurien.com\/fr\/produit\/caviar-sturia-baerii-vintage-avec-cuillere-en-nacre-100g-3-53oz\/","og_site_name":"Le Petit Epicurien","article_modified_time":"2025-12-09T00:25:42+00:00","og_image":[{"width":800,"height":800,"url":"https:\/\/www.lepetitepicurien.com\/wp-content\/uploads\/2024\/08\/sturia-caviar-baerii-vintage-1.jpg","type":"image\/jpeg"}],"twitter_card":"summary_large_image","schema":{"@context":"https:\/\/schema.org","@graph":[{"@type":"WebPage","@id":"https:\/\/www.lepetitepicurien.com\/product\/caviar-sturia-baerii-vintage-with-mother-of-pearl-spoon-100g-3-53oz\/","url":"https:\/\/www.lepetitepicurien.com\/product\/caviar-sturia-baerii-vintage-with-mother-of-pearl-spoon-100g-3-53oz\/","name":"Caviar STURIA Baerii Vintage avec cuill\u00e8re en nacre - 100g - Le Petit Epicurien","isPartOf":{"@id":"https:\/\/www.lepetitepicurien.com\/#website"},"primaryImageOfPage":{"@id":"https:\/\/www.lepetitepicurien.com\/product\/caviar-sturia-baerii-vintage-with-mother-of-pearl-spoon-100g-3-53oz\/#primaryimage"},"image":{"@id":"https:\/\/www.lepetitepicurien.com\/product\/caviar-sturia-baerii-vintage-with-mother-of-pearl-spoon-100g-3-53oz\/#primaryimage"},"thumbnailUrl":"https:\/\/www.lepetitepicurien.com\/wp-content\/uploads\/2024\/08\/sturia-caviar-baerii-vintage-1.jpg","datePublished":"2024-08-15T02:46:34+00:00","dateModified":"2025-12-09T00:25:42+00:00","breadcrumb":{"@id":"https:\/\/www.lepetitepicurien.com\/product\/caviar-sturia-baerii-vintage-with-mother-of-pearl-spoon-100g-3-53oz\/#breadcrumb"},"inLanguage":"fr-FR","potentialAction":[{"@type":"ReadAction","target":["https:\/\/www.lepetitepicurien.com\/product\/caviar-sturia-baerii-vintage-with-mother-of-pearl-spoon-100g-3-53oz\/"]}]},{"@type":"ImageObject","inLanguage":"fr-FR","@id":"https:\/\/www.lepetitepicurien.com\/product\/caviar-sturia-baerii-vintage-with-mother-of-pearl-spoon-100g-3-53oz\/#primaryimage","url":"https:\/\/www.lepetitepicurien.com\/wp-content\/uploads\/2024\/08\/sturia-caviar-baerii-vintage-1.jpg","contentUrl":"https:\/\/www.lepetitepicurien.com\/wp-content\/uploads\/2024\/08\/sturia-caviar-baerii-vintage-1.jpg","width":800,"height":800},{"@type":"BreadcrumbList","@id":"https:\/\/www.lepetitepicurien.com\/product\/caviar-sturia-baerii-vintage-with-mother-of-pearl-spoon-100g-3-53oz\/#breadcrumb","itemListElement":[{"@type":"ListItem","position":1,"name":"Home","item":"https:\/\/www.lepetitepicurien.com\/"},{"@type":"ListItem","position":2,"name":"Shop","item":"https:\/\/www.lepetitepicurien.com\/shop\/"},{"@type":"ListItem","position":3,"name":"Caviar STURIA Baerii Vintage with mother of pearl spoon &#8211; 100g\/3.53oz"}]},{"@type":"WebSite","@id":"https:\/\/www.lepetitepicurien.com\/#website","url":"https:\/\/www.lepetitepicurien.com\/","name":"Le Petit \u00c9picurien","description":"\u00c9picerie en ligne pour la gastronomie europ\u00e9enne","publisher":{"@id":"https:\/\/www.lepetitepicurien.com\/#organization"},"potentialAction":[{"@type":"SearchAction","target":{"@type":"EntryPoint","urlTemplate":"https:\/\/www.lepetitepicurien.com\/?s={search_term_string}"},"query-input":{"@type":"PropertyValueSpecification","valueRequired":true,"valueName":"search_term_string"}}],"inLanguage":"fr-FR"},{"@type":"Organization","@id":"https:\/\/www.lepetitepicurien.com\/#organization","name":"Le Petit \u00c9picurien","url":"https:\/\/www.lepetitepicurien.com\/","logo":{"@type":"ImageObject","inLanguage":"fr-FR","@id":"https:\/\/www.lepetitepicurien.com\/#\/schema\/logo\/image\/","url":"https:\/\/www.lepetitepicurien.com\/wp-content\/uploads\/2024\/03\/logo.png","contentUrl":"https:\/\/www.lepetitepicurien.com\/wp-content\/uploads\/2024\/03\/logo.png","width":1024,"height":1024,"caption":"Le Petit Epicurien"},"image":{"@id":"https:\/\/www.lepetitepicurien.com\/#\/schema\/logo\/image\/"}}]}},"jetpack_sharing_enabled":true,"_links":{"self":[{"href":"http:\/\/www.lepetitepicurien.com\/fr\/wp-json\/wp\/v2\/product\/293","targetHints":{"allow":["GET"]}}],"collection":[{"href":"http:\/\/www.lepetitepicurien.com\/fr\/wp-json\/wp\/v2\/product"}],"about":[{"href":"http:\/\/www.lepetitepicurien.com\/fr\/wp-json\/wp\/v2\/types\/product"}],"wp:featuredmedia":[{"embeddable":true,"href":"http:\/\/www.lepetitepicurien.com\/fr\/wp-json\/wp\/v2\/media\/323"}],"wp:attachment":[{"href":"http:\/\/www.lepetitepicurien.com\/fr\/wp-json\/wp\/v2\/media?parent=293"}],"wp:term":[{"taxonomy":"product_brand","embeddable":true,"href":"http:\/\/www.lepetitepicurien.com\/fr\/wp-json\/wp\/v2\/product_brand?post=293"},{"taxonomy":"product_cat","embeddable":true,"href":"http:\/\/www.lepetitepicurien.com\/fr\/wp-json\/wp\/v2\/product_cat?post=293"},{"taxonomy":"product_tag","embeddable":true,"href":"http:\/\/www.lepetitepicurien.com\/fr\/wp-json\/wp\/v2\/product_tag?post=293"}],"curies":[{"name":"wp","href":"https:\/\/api.w.org\/{rel}","templated":true}]}}