{"id":305,"date":"2024-08-14T22:46:35","date_gmt":"2024-08-15T02:46:35","guid":{"rendered":"https:\/\/www.lepetitepicurien.com\/?post_type=product&#038;p=305"},"modified":"2025-04-02T21:31:05","modified_gmt":"2025-04-03T01:31:05","slug":"orange-peel-confit-strips-1kg-2-2lbs","status":"publish","type":"product","link":"https:\/\/www.lepetitepicurien.com\/fr\/product\/orange-peel-confit-strips-1kg-2-2lbs\/","title":{"rendered":"Lani\u00e8res d\u2019\u00e9corces d\u2019orange confites \u2013 1 kg\/2,2 lb"},"content":{"rendered":"","protected":false},"excerpt":{"rendered":"<p>Rehaussez vos plats avec la saveur riche et la couleur vibrante de nos lani\u00e8res d&#039;\u00e9corces d&#039;orange confites. Ces \u00e9corces d&#039;orange magnifiquement confites offrent un m\u00e9lange parfait de saveurs sucr\u00e9es et acidul\u00e9es, capturant l&#039;essence des oranges fra\u00eeches avec une d\u00e9licieuse touche sucr\u00e9e. Id\u00e9ales pour la p\u00e2tisserie, nos lani\u00e8res d&#039;\u00e9corces d&#039;orange confites peuvent \u00eatre incorpor\u00e9es dans des g\u00e2teaux, des biscuits et des p\u00e2tisseries pour ajouter une touche piquante.<\/p>","protected":false},"featured_media":754,"template":"","meta":[],"product_brand":[],"product_cat":[96],"product_tag":[],"class_list":{"0":"post-305","1":"product","2":"type-product","3":"status-publish","4":"has-post-thumbnail","6":"product_cat-chef-products","7":"product_shipping_class-dry","9":"first","10":"instock","11":"taxable","12":"shipping-taxable","13":"purchasable","14":"product-type-simple"},"yoast_head":"<!-- This site is optimized with the Yoast SEO plugin v27.5 - https:\/\/yoast.com\/product\/yoast-seo-wordpress\/ -->\n<title>Orange Peel Confit Strips - 1kg\/2.2lbs - Le Petit Epicurien<\/title>\n<meta name=\"description\" content=\"Add a touch of citrus elegance to your culinary creations with our Orange Peel Confit Strips, perfect for enhancing desserts, cocktails, and savory dishes.\" \/>\n<meta name=\"robots\" content=\"index, follow, max-snippet:-1, max-image-preview:large, max-video-preview:-1\" \/>\n<link rel=\"canonical\" href=\"https:\/\/www.lepetitepicurien.com\/fr\/produit\/ecorces-dorange-confites-en-lanieres-1kg-2-2lbs\/\" \/>\n<meta property=\"og:locale\" content=\"fr_FR\" \/>\n<meta property=\"og:type\" content=\"article\" \/>\n<meta property=\"og:title\" content=\"Orange Peel Confit Strips - 1kg\/2.2lbs - Le Petit Epicurien\" \/>\n<meta property=\"og:description\" content=\"Add a touch of citrus elegance to your culinary creations with our Orange Peel Confit Strips, perfect for enhancing desserts, cocktails, and savory dishes.\" \/>\n<meta property=\"og:url\" content=\"https:\/\/www.lepetitepicurien.com\/fr\/produit\/ecorces-dorange-confites-en-lanieres-1kg-2-2lbs\/\" \/>\n<meta property=\"og:site_name\" content=\"Le Petit Epicurien\" \/>\n<meta property=\"article:modified_time\" content=\"2025-04-03T01:31:05+00:00\" \/>\n<meta property=\"og:image\" content=\"https:\/\/www.lepetitepicurien.com\/wp-content\/uploads\/2024\/08\/BAK1625-2.jpg\" \/>\n\t<meta property=\"og:image:width\" content=\"1652\" \/>\n\t<meta property=\"og:image:height\" content=\"1652\" \/>\n\t<meta property=\"og:image:type\" content=\"image\/jpeg\" \/>\n<meta name=\"twitter:card\" content=\"summary_large_image\" \/>\n<meta name=\"twitter:label1\" content=\"Dur\u00e9e de lecture estim\u00e9e\" \/>\n\t<meta name=\"twitter:data1\" content=\"1 minute\" \/>\n<script type=\"application\/ld+json\" class=\"yoast-schema-graph\">{\"@context\":\"https:\\\/\\\/schema.org\",\"@graph\":[{\"@type\":\"WebPage\",\"@id\":\"https:\\\/\\\/www.lepetitepicurien.com\\\/product\\\/orange-peel-confit-strips-1kg-2-2lbs\\\/\",\"url\":\"https:\\\/\\\/www.lepetitepicurien.com\\\/product\\\/orange-peel-confit-strips-1kg-2-2lbs\\\/\",\"name\":\"Orange Peel Confit Strips - 1kg\\\/2.2lbs - Le Petit Epicurien\",\"isPartOf\":{\"@id\":\"https:\\\/\\\/www.lepetitepicurien.com\\\/#website\"},\"primaryImageOfPage\":{\"@id\":\"https:\\\/\\\/www.lepetitepicurien.com\\\/product\\\/orange-peel-confit-strips-1kg-2-2lbs\\\/#primaryimage\"},\"image\":{\"@id\":\"https:\\\/\\\/www.lepetitepicurien.com\\\/product\\\/orange-peel-confit-strips-1kg-2-2lbs\\\/#primaryimage\"},\"thumbnailUrl\":\"https:\\\/\\\/www.lepetitepicurien.com\\\/wp-content\\\/uploads\\\/2024\\\/08\\\/BAK1625-2.jpg\",\"datePublished\":\"2024-08-15T02:46:35+00:00\",\"dateModified\":\"2025-04-03T01:31:05+00:00\",\"description\":\"Add a touch of citrus elegance to your culinary creations with our Orange Peel Confit Strips, perfect for enhancing desserts, cocktails, and savory dishes.\",\"breadcrumb\":{\"@id\":\"https:\\\/\\\/www.lepetitepicurien.com\\\/product\\\/orange-peel-confit-strips-1kg-2-2lbs\\\/#breadcrumb\"},\"inLanguage\":\"fr-FR\",\"potentialAction\":[{\"@type\":\"ReadAction\",\"target\":[\"https:\\\/\\\/www.lepetitepicurien.com\\\/product\\\/orange-peel-confit-strips-1kg-2-2lbs\\\/\"]}]},{\"@type\":\"ImageObject\",\"inLanguage\":\"fr-FR\",\"@id\":\"https:\\\/\\\/www.lepetitepicurien.com\\\/product\\\/orange-peel-confit-strips-1kg-2-2lbs\\\/#primaryimage\",\"url\":\"https:\\\/\\\/www.lepetitepicurien.com\\\/wp-content\\\/uploads\\\/2024\\\/08\\\/BAK1625-2.jpg\",\"contentUrl\":\"https:\\\/\\\/www.lepetitepicurien.com\\\/wp-content\\\/uploads\\\/2024\\\/08\\\/BAK1625-2.jpg\",\"width\":1652,\"height\":1652},{\"@type\":\"BreadcrumbList\",\"@id\":\"https:\\\/\\\/www.lepetitepicurien.com\\\/product\\\/orange-peel-confit-strips-1kg-2-2lbs\\\/#breadcrumb\",\"itemListElement\":[{\"@type\":\"ListItem\",\"position\":1,\"name\":\"Home\",\"item\":\"https:\\\/\\\/www.lepetitepicurien.com\\\/\"},{\"@type\":\"ListItem\",\"position\":2,\"name\":\"Shop\",\"item\":\"https:\\\/\\\/www.lepetitepicurien.com\\\/shop\\\/\"},{\"@type\":\"ListItem\",\"position\":3,\"name\":\"Orange Peel Confit Strips &#8211; 1kg\\\/2.2lbs\"}]},{\"@type\":\"WebSite\",\"@id\":\"https:\\\/\\\/www.lepetitepicurien.com\\\/#website\",\"url\":\"https:\\\/\\\/www.lepetitepicurien.com\\\/\",\"name\":\"Le Petit Epicurien\",\"description\":\"Online Grocery for European Gourmet Food\",\"publisher\":{\"@id\":\"https:\\\/\\\/www.lepetitepicurien.com\\\/#organization\"},\"potentialAction\":[{\"@type\":\"SearchAction\",\"target\":{\"@type\":\"EntryPoint\",\"urlTemplate\":\"https:\\\/\\\/www.lepetitepicurien.com\\\/?s={search_term_string}\"},\"query-input\":{\"@type\":\"PropertyValueSpecification\",\"valueRequired\":true,\"valueName\":\"search_term_string\"}}],\"inLanguage\":\"fr-FR\"},{\"@type\":\"Organization\",\"@id\":\"https:\\\/\\\/www.lepetitepicurien.com\\\/#organization\",\"name\":\"Le Petit Epicurien\",\"url\":\"https:\\\/\\\/www.lepetitepicurien.com\\\/\",\"logo\":{\"@type\":\"ImageObject\",\"inLanguage\":\"fr-FR\",\"@id\":\"https:\\\/\\\/www.lepetitepicurien.com\\\/#\\\/schema\\\/logo\\\/image\\\/\",\"url\":\"https:\\\/\\\/www.lepetitepicurien.com\\\/wp-content\\\/uploads\\\/2024\\\/03\\\/logo.png\",\"contentUrl\":\"https:\\\/\\\/www.lepetitepicurien.com\\\/wp-content\\\/uploads\\\/2024\\\/03\\\/logo.png\",\"width\":1024,\"height\":1024,\"caption\":\"Le Petit Epicurien\"},\"image\":{\"@id\":\"https:\\\/\\\/www.lepetitepicurien.com\\\/#\\\/schema\\\/logo\\\/image\\\/\"}}]}<\/script>\n<!-- \/ Yoast SEO plugin. -->","yoast_head_json":{"title":"Lani\u00e8res d&#039;\u00e9corces d&#039;orange confites - 1kg\/2.2lbs - Le Petit Epicurien","description":"Ajoutez une touche d&#039;\u00e9l\u00e9gance d&#039;agrumes \u00e0 vos cr\u00e9ations culinaires avec nos lani\u00e8res d&#039;\u00e9corces d&#039;orange confites, parfaites pour rehausser les desserts, les cocktails et les plats sal\u00e9s.","robots":{"index":"index","follow":"follow","max-snippet":"max-snippet:-1","max-image-preview":"max-image-preview:large","max-video-preview":"max-video-preview:-1"},"canonical":"https:\/\/www.lepetitepicurien.com\/fr\/produit\/ecorces-dorange-confites-en-lanieres-1kg-2-2lbs\/","og_locale":"fr_FR","og_type":"article","og_title":"Orange Peel Confit Strips - 1kg\/2.2lbs - Le Petit Epicurien","og_description":"Add a touch of citrus elegance to your culinary creations with our Orange Peel Confit Strips, perfect for enhancing desserts, cocktails, and savory dishes.","og_url":"https:\/\/www.lepetitepicurien.com\/fr\/produit\/ecorces-dorange-confites-en-lanieres-1kg-2-2lbs\/","og_site_name":"Le Petit Epicurien","article_modified_time":"2025-04-03T01:31:05+00:00","og_image":[{"width":1652,"height":1652,"url":"https:\/\/www.lepetitepicurien.com\/wp-content\/uploads\/2024\/08\/BAK1625-2.jpg","type":"image\/jpeg"}],"twitter_card":"summary_large_image","twitter_misc":{"Dur\u00e9e de lecture estim\u00e9e":"1 minute"},"schema":{"@context":"https:\/\/schema.org","@graph":[{"@type":"WebPage","@id":"https:\/\/www.lepetitepicurien.com\/product\/orange-peel-confit-strips-1kg-2-2lbs\/","url":"https:\/\/www.lepetitepicurien.com\/product\/orange-peel-confit-strips-1kg-2-2lbs\/","name":"Lani\u00e8res d&#039;\u00e9corces d&#039;orange confites - 1kg\/2.2lbs - Le Petit Epicurien","isPartOf":{"@id":"https:\/\/www.lepetitepicurien.com\/#website"},"primaryImageOfPage":{"@id":"https:\/\/www.lepetitepicurien.com\/product\/orange-peel-confit-strips-1kg-2-2lbs\/#primaryimage"},"image":{"@id":"https:\/\/www.lepetitepicurien.com\/product\/orange-peel-confit-strips-1kg-2-2lbs\/#primaryimage"},"thumbnailUrl":"https:\/\/www.lepetitepicurien.com\/wp-content\/uploads\/2024\/08\/BAK1625-2.jpg","datePublished":"2024-08-15T02:46:35+00:00","dateModified":"2025-04-03T01:31:05+00:00","description":"Ajoutez une touche d&#039;\u00e9l\u00e9gance d&#039;agrumes \u00e0 vos cr\u00e9ations culinaires avec nos lani\u00e8res d&#039;\u00e9corces d&#039;orange confites, parfaites pour rehausser les desserts, les cocktails et les plats sal\u00e9s.","breadcrumb":{"@id":"https:\/\/www.lepetitepicurien.com\/product\/orange-peel-confit-strips-1kg-2-2lbs\/#breadcrumb"},"inLanguage":"fr-FR","potentialAction":[{"@type":"ReadAction","target":["https:\/\/www.lepetitepicurien.com\/product\/orange-peel-confit-strips-1kg-2-2lbs\/"]}]},{"@type":"ImageObject","inLanguage":"fr-FR","@id":"https:\/\/www.lepetitepicurien.com\/product\/orange-peel-confit-strips-1kg-2-2lbs\/#primaryimage","url":"https:\/\/www.lepetitepicurien.com\/wp-content\/uploads\/2024\/08\/BAK1625-2.jpg","contentUrl":"https:\/\/www.lepetitepicurien.com\/wp-content\/uploads\/2024\/08\/BAK1625-2.jpg","width":1652,"height":1652},{"@type":"BreadcrumbList","@id":"https:\/\/www.lepetitepicurien.com\/product\/orange-peel-confit-strips-1kg-2-2lbs\/#breadcrumb","itemListElement":[{"@type":"ListItem","position":1,"name":"Home","item":"https:\/\/www.lepetitepicurien.com\/"},{"@type":"ListItem","position":2,"name":"Shop","item":"https:\/\/www.lepetitepicurien.com\/shop\/"},{"@type":"ListItem","position":3,"name":"Orange Peel Confit Strips &#8211; 1kg\/2.2lbs"}]},{"@type":"WebSite","@id":"https:\/\/www.lepetitepicurien.com\/#website","url":"https:\/\/www.lepetitepicurien.com\/","name":"Le Petit \u00c9picurien","description":"\u00c9picerie en ligne pour la gastronomie europ\u00e9enne","publisher":{"@id":"https:\/\/www.lepetitepicurien.com\/#organization"},"potentialAction":[{"@type":"SearchAction","target":{"@type":"EntryPoint","urlTemplate":"https:\/\/www.lepetitepicurien.com\/?s={search_term_string}"},"query-input":{"@type":"PropertyValueSpecification","valueRequired":true,"valueName":"search_term_string"}}],"inLanguage":"fr-FR"},{"@type":"Organization","@id":"https:\/\/www.lepetitepicurien.com\/#organization","name":"Le Petit \u00c9picurien","url":"https:\/\/www.lepetitepicurien.com\/","logo":{"@type":"ImageObject","inLanguage":"fr-FR","@id":"https:\/\/www.lepetitepicurien.com\/#\/schema\/logo\/image\/","url":"https:\/\/www.lepetitepicurien.com\/wp-content\/uploads\/2024\/03\/logo.png","contentUrl":"https:\/\/www.lepetitepicurien.com\/wp-content\/uploads\/2024\/03\/logo.png","width":1024,"height":1024,"caption":"Le Petit Epicurien"},"image":{"@id":"https:\/\/www.lepetitepicurien.com\/#\/schema\/logo\/image\/"}}]}},"jetpack_sharing_enabled":true,"_links":{"self":[{"href":"https:\/\/www.lepetitepicurien.com\/fr\/wp-json\/wp\/v2\/product\/305","targetHints":{"allow":["GET"]}}],"collection":[{"href":"https:\/\/www.lepetitepicurien.com\/fr\/wp-json\/wp\/v2\/product"}],"about":[{"href":"https:\/\/www.lepetitepicurien.com\/fr\/wp-json\/wp\/v2\/types\/product"}],"wp:featuredmedia":[{"embeddable":true,"href":"https:\/\/www.lepetitepicurien.com\/fr\/wp-json\/wp\/v2\/media\/754"}],"wp:attachment":[{"href":"https:\/\/www.lepetitepicurien.com\/fr\/wp-json\/wp\/v2\/media?parent=305"}],"wp:term":[{"taxonomy":"product_brand","embeddable":true,"href":"https:\/\/www.lepetitepicurien.com\/fr\/wp-json\/wp\/v2\/product_brand?post=305"},{"taxonomy":"product_cat","embeddable":true,"href":"https:\/\/www.lepetitepicurien.com\/fr\/wp-json\/wp\/v2\/product_cat?post=305"},{"taxonomy":"product_tag","embeddable":true,"href":"https:\/\/www.lepetitepicurien.com\/fr\/wp-json\/wp\/v2\/product_tag?post=305"}],"curies":[{"name":"wp","href":"https:\/\/api.w.org\/{rel}","templated":true}]}}