{"id":307,"date":"2024-08-14T22:46:36","date_gmt":"2024-08-15T02:46:36","guid":{"rendered":"https:\/\/www.lepetitepicurien.com\/?post_type=product&#038;p=307"},"modified":"2025-04-02T21:31:05","modified_gmt":"2025-04-03T01:31:05","slug":"almond-essence-oil-500ml-16-90fl-oz","status":"publish","type":"product","link":"https:\/\/www.lepetitepicurien.com\/fr\/product\/almond-essence-oil-500ml-16-90fl-oz\/","title":{"rendered":"Huile essentielle d&#039;amande \u2013 500 ml"},"content":{"rendered":"","protected":false},"excerpt":{"rendered":"<p>Notre huile essentielle d&#039;amande est parfaite pour infuser des g\u00e2teaux, des biscuits, des p\u00e2tisseries et m\u00eame des plats sal\u00e9s avec une saveur profonde de noisette. Quelques gouttes suffisent pour transformer vos recettes en cr\u00e9ations gastronomiques. La formulation puissante et pure de l&#039;huile garantit que sa pr\u00e9sence est prononc\u00e9e m\u00eame lorsqu&#039;elle est utilis\u00e9e avec parcimonie, ce qui en fait un ajout \u00e9conomique et puissant \u00e0 toute cuisine.<\/p>","protected":false},"featured_media":752,"template":"","meta":[],"product_brand":[],"product_cat":[96],"product_tag":[],"class_list":{"0":"post-307","1":"product","2":"type-product","3":"status-publish","4":"has-post-thumbnail","6":"product_cat-chef-products","7":"product_shipping_class-dry","9":"first","10":"instock","11":"taxable","12":"shipping-taxable","13":"purchasable","14":"product-type-simple"},"yoast_head":"<!-- This site is optimized with the Yoast SEO plugin v27.5 - https:\/\/yoast.com\/product\/yoast-seo-wordpress\/ -->\n<title>Almond Essence Oil - 500ml\/16.90fl oz - Le Petit Epicurien<\/title>\n<meta name=\"description\" content=\"Enhance your culinary creations with our Almond Essence Oil, perfect for adding a rich, nutty flavor to sweets and baked goods.\" \/>\n<meta name=\"robots\" content=\"index, follow, max-snippet:-1, max-image-preview:large, max-video-preview:-1\" \/>\n<link rel=\"canonical\" href=\"https:\/\/www.lepetitepicurien.com\/fr\/produit\/huile-essentielle-damande-500-ml-16-90-fl-oz\/\" \/>\n<meta property=\"og:locale\" content=\"fr_FR\" \/>\n<meta property=\"og:type\" content=\"article\" \/>\n<meta property=\"og:title\" content=\"Almond Essence Oil - 500ml\/16.90fl oz - Le Petit Epicurien\" \/>\n<meta property=\"og:description\" content=\"Enhance your culinary creations with our Almond Essence Oil, perfect for adding a rich, nutty flavor to sweets and baked goods.\" \/>\n<meta property=\"og:url\" content=\"https:\/\/www.lepetitepicurien.com\/fr\/produit\/huile-essentielle-damande-500-ml-16-90-fl-oz\/\" \/>\n<meta property=\"og:site_name\" content=\"Le Petit Epicurien\" \/>\n<meta property=\"article:modified_time\" content=\"2025-04-03T01:31:05+00:00\" \/>\n<meta property=\"og:image\" content=\"https:\/\/www.lepetitepicurien.com\/wp-content\/uploads\/2024\/08\/BAK5001-1.jpg\" \/>\n\t<meta property=\"og:image:width\" content=\"640\" \/>\n\t<meta property=\"og:image:height\" content=\"640\" \/>\n\t<meta property=\"og:image:type\" content=\"image\/jpeg\" \/>\n<meta name=\"twitter:card\" content=\"summary_large_image\" \/>\n<meta name=\"twitter:label1\" content=\"Dur\u00e9e de lecture estim\u00e9e\" \/>\n\t<meta name=\"twitter:data1\" content=\"1 minute\" \/>\n<script type=\"application\/ld+json\" class=\"yoast-schema-graph\">{\"@context\":\"https:\\\/\\\/schema.org\",\"@graph\":[{\"@type\":\"WebPage\",\"@id\":\"https:\\\/\\\/www.lepetitepicurien.com\\\/product\\\/almond-essence-oil-500ml-16-90fl-oz\\\/\",\"url\":\"https:\\\/\\\/www.lepetitepicurien.com\\\/product\\\/almond-essence-oil-500ml-16-90fl-oz\\\/\",\"name\":\"Almond Essence Oil - 500ml\\\/16.90fl oz - Le Petit Epicurien\",\"isPartOf\":{\"@id\":\"https:\\\/\\\/www.lepetitepicurien.com\\\/#website\"},\"primaryImageOfPage\":{\"@id\":\"https:\\\/\\\/www.lepetitepicurien.com\\\/product\\\/almond-essence-oil-500ml-16-90fl-oz\\\/#primaryimage\"},\"image\":{\"@id\":\"https:\\\/\\\/www.lepetitepicurien.com\\\/product\\\/almond-essence-oil-500ml-16-90fl-oz\\\/#primaryimage\"},\"thumbnailUrl\":\"https:\\\/\\\/www.lepetitepicurien.com\\\/wp-content\\\/uploads\\\/2024\\\/08\\\/BAK5001-1.jpg\",\"datePublished\":\"2024-08-15T02:46:36+00:00\",\"dateModified\":\"2025-04-03T01:31:05+00:00\",\"description\":\"Enhance your culinary creations with our Almond Essence Oil, perfect for adding a rich, nutty flavor to sweets and baked goods.\",\"breadcrumb\":{\"@id\":\"https:\\\/\\\/www.lepetitepicurien.com\\\/product\\\/almond-essence-oil-500ml-16-90fl-oz\\\/#breadcrumb\"},\"inLanguage\":\"fr-FR\",\"potentialAction\":[{\"@type\":\"ReadAction\",\"target\":[\"https:\\\/\\\/www.lepetitepicurien.com\\\/product\\\/almond-essence-oil-500ml-16-90fl-oz\\\/\"]}]},{\"@type\":\"ImageObject\",\"inLanguage\":\"fr-FR\",\"@id\":\"https:\\\/\\\/www.lepetitepicurien.com\\\/product\\\/almond-essence-oil-500ml-16-90fl-oz\\\/#primaryimage\",\"url\":\"https:\\\/\\\/www.lepetitepicurien.com\\\/wp-content\\\/uploads\\\/2024\\\/08\\\/BAK5001-1.jpg\",\"contentUrl\":\"https:\\\/\\\/www.lepetitepicurien.com\\\/wp-content\\\/uploads\\\/2024\\\/08\\\/BAK5001-1.jpg\",\"width\":640,\"height\":640},{\"@type\":\"BreadcrumbList\",\"@id\":\"https:\\\/\\\/www.lepetitepicurien.com\\\/product\\\/almond-essence-oil-500ml-16-90fl-oz\\\/#breadcrumb\",\"itemListElement\":[{\"@type\":\"ListItem\",\"position\":1,\"name\":\"Home\",\"item\":\"https:\\\/\\\/www.lepetitepicurien.com\\\/\"},{\"@type\":\"ListItem\",\"position\":2,\"name\":\"Shop\",\"item\":\"https:\\\/\\\/www.lepetitepicurien.com\\\/shop\\\/\"},{\"@type\":\"ListItem\",\"position\":3,\"name\":\"Almond Essence Oil &#8211; 500ml\\\/16.90fl oz\"}]},{\"@type\":\"WebSite\",\"@id\":\"https:\\\/\\\/www.lepetitepicurien.com\\\/#website\",\"url\":\"https:\\\/\\\/www.lepetitepicurien.com\\\/\",\"name\":\"Le Petit Epicurien\",\"description\":\"Online Grocery for European Gourmet Food\",\"publisher\":{\"@id\":\"https:\\\/\\\/www.lepetitepicurien.com\\\/#organization\"},\"potentialAction\":[{\"@type\":\"SearchAction\",\"target\":{\"@type\":\"EntryPoint\",\"urlTemplate\":\"https:\\\/\\\/www.lepetitepicurien.com\\\/?s={search_term_string}\"},\"query-input\":{\"@type\":\"PropertyValueSpecification\",\"valueRequired\":true,\"valueName\":\"search_term_string\"}}],\"inLanguage\":\"fr-FR\"},{\"@type\":\"Organization\",\"@id\":\"https:\\\/\\\/www.lepetitepicurien.com\\\/#organization\",\"name\":\"Le Petit Epicurien\",\"url\":\"https:\\\/\\\/www.lepetitepicurien.com\\\/\",\"logo\":{\"@type\":\"ImageObject\",\"inLanguage\":\"fr-FR\",\"@id\":\"https:\\\/\\\/www.lepetitepicurien.com\\\/#\\\/schema\\\/logo\\\/image\\\/\",\"url\":\"https:\\\/\\\/www.lepetitepicurien.com\\\/wp-content\\\/uploads\\\/2024\\\/03\\\/logo.png\",\"contentUrl\":\"https:\\\/\\\/www.lepetitepicurien.com\\\/wp-content\\\/uploads\\\/2024\\\/03\\\/logo.png\",\"width\":1024,\"height\":1024,\"caption\":\"Le Petit Epicurien\"},\"image\":{\"@id\":\"https:\\\/\\\/www.lepetitepicurien.com\\\/#\\\/schema\\\/logo\\\/image\\\/\"}}]}<\/script>\n<!-- \/ Yoast SEO plugin. -->","yoast_head_json":{"title":"Huile essentielle d&#039;amande douce - 500 ml - Le Petit Epicurien","description":"Rehaussez vos cr\u00e9ations culinaires avec notre huile d\u2019essence d\u2019amande, parfaite pour ajouter une saveur riche et noiset\u00e9e aux bonbons et aux produits de boulangerie.","robots":{"index":"index","follow":"follow","max-snippet":"max-snippet:-1","max-image-preview":"max-image-preview:large","max-video-preview":"max-video-preview:-1"},"canonical":"https:\/\/www.lepetitepicurien.com\/fr\/produit\/huile-essentielle-damande-500-ml-16-90-fl-oz\/","og_locale":"fr_FR","og_type":"article","og_title":"Almond Essence Oil - 500ml\/16.90fl oz - Le Petit Epicurien","og_description":"Enhance your culinary creations with our Almond Essence Oil, perfect for adding a rich, nutty flavor to sweets and baked goods.","og_url":"https:\/\/www.lepetitepicurien.com\/fr\/produit\/huile-essentielle-damande-500-ml-16-90-fl-oz\/","og_site_name":"Le Petit Epicurien","article_modified_time":"2025-04-03T01:31:05+00:00","og_image":[{"width":640,"height":640,"url":"https:\/\/www.lepetitepicurien.com\/wp-content\/uploads\/2024\/08\/BAK5001-1.jpg","type":"image\/jpeg"}],"twitter_card":"summary_large_image","twitter_misc":{"Dur\u00e9e de lecture estim\u00e9e":"1 minute"},"schema":{"@context":"https:\/\/schema.org","@graph":[{"@type":"WebPage","@id":"https:\/\/www.lepetitepicurien.com\/product\/almond-essence-oil-500ml-16-90fl-oz\/","url":"https:\/\/www.lepetitepicurien.com\/product\/almond-essence-oil-500ml-16-90fl-oz\/","name":"Huile essentielle d&#039;amande douce - 500 ml - Le Petit Epicurien","isPartOf":{"@id":"https:\/\/www.lepetitepicurien.com\/#website"},"primaryImageOfPage":{"@id":"https:\/\/www.lepetitepicurien.com\/product\/almond-essence-oil-500ml-16-90fl-oz\/#primaryimage"},"image":{"@id":"https:\/\/www.lepetitepicurien.com\/product\/almond-essence-oil-500ml-16-90fl-oz\/#primaryimage"},"thumbnailUrl":"https:\/\/www.lepetitepicurien.com\/wp-content\/uploads\/2024\/08\/BAK5001-1.jpg","datePublished":"2024-08-15T02:46:36+00:00","dateModified":"2025-04-03T01:31:05+00:00","description":"Rehaussez vos cr\u00e9ations culinaires avec notre huile d\u2019essence d\u2019amande, parfaite pour ajouter une saveur riche et noiset\u00e9e aux bonbons et aux produits de boulangerie.","breadcrumb":{"@id":"https:\/\/www.lepetitepicurien.com\/product\/almond-essence-oil-500ml-16-90fl-oz\/#breadcrumb"},"inLanguage":"fr-FR","potentialAction":[{"@type":"ReadAction","target":["https:\/\/www.lepetitepicurien.com\/product\/almond-essence-oil-500ml-16-90fl-oz\/"]}]},{"@type":"ImageObject","inLanguage":"fr-FR","@id":"https:\/\/www.lepetitepicurien.com\/product\/almond-essence-oil-500ml-16-90fl-oz\/#primaryimage","url":"https:\/\/www.lepetitepicurien.com\/wp-content\/uploads\/2024\/08\/BAK5001-1.jpg","contentUrl":"https:\/\/www.lepetitepicurien.com\/wp-content\/uploads\/2024\/08\/BAK5001-1.jpg","width":640,"height":640},{"@type":"BreadcrumbList","@id":"https:\/\/www.lepetitepicurien.com\/product\/almond-essence-oil-500ml-16-90fl-oz\/#breadcrumb","itemListElement":[{"@type":"ListItem","position":1,"name":"Home","item":"https:\/\/www.lepetitepicurien.com\/"},{"@type":"ListItem","position":2,"name":"Shop","item":"https:\/\/www.lepetitepicurien.com\/shop\/"},{"@type":"ListItem","position":3,"name":"Almond Essence Oil &#8211; 500ml\/16.90fl oz"}]},{"@type":"WebSite","@id":"https:\/\/www.lepetitepicurien.com\/#website","url":"https:\/\/www.lepetitepicurien.com\/","name":"Le Petit \u00c9picurien","description":"\u00c9picerie en ligne pour la gastronomie europ\u00e9enne","publisher":{"@id":"https:\/\/www.lepetitepicurien.com\/#organization"},"potentialAction":[{"@type":"SearchAction","target":{"@type":"EntryPoint","urlTemplate":"https:\/\/www.lepetitepicurien.com\/?s={search_term_string}"},"query-input":{"@type":"PropertyValueSpecification","valueRequired":true,"valueName":"search_term_string"}}],"inLanguage":"fr-FR"},{"@type":"Organization","@id":"https:\/\/www.lepetitepicurien.com\/#organization","name":"Le Petit \u00c9picurien","url":"https:\/\/www.lepetitepicurien.com\/","logo":{"@type":"ImageObject","inLanguage":"fr-FR","@id":"https:\/\/www.lepetitepicurien.com\/#\/schema\/logo\/image\/","url":"https:\/\/www.lepetitepicurien.com\/wp-content\/uploads\/2024\/03\/logo.png","contentUrl":"https:\/\/www.lepetitepicurien.com\/wp-content\/uploads\/2024\/03\/logo.png","width":1024,"height":1024,"caption":"Le Petit Epicurien"},"image":{"@id":"https:\/\/www.lepetitepicurien.com\/#\/schema\/logo\/image\/"}}]}},"jetpack_sharing_enabled":true,"_links":{"self":[{"href":"https:\/\/www.lepetitepicurien.com\/fr\/wp-json\/wp\/v2\/product\/307","targetHints":{"allow":["GET"]}}],"collection":[{"href":"https:\/\/www.lepetitepicurien.com\/fr\/wp-json\/wp\/v2\/product"}],"about":[{"href":"https:\/\/www.lepetitepicurien.com\/fr\/wp-json\/wp\/v2\/types\/product"}],"wp:featuredmedia":[{"embeddable":true,"href":"https:\/\/www.lepetitepicurien.com\/fr\/wp-json\/wp\/v2\/media\/752"}],"wp:attachment":[{"href":"https:\/\/www.lepetitepicurien.com\/fr\/wp-json\/wp\/v2\/media?parent=307"}],"wp:term":[{"taxonomy":"product_brand","embeddable":true,"href":"https:\/\/www.lepetitepicurien.com\/fr\/wp-json\/wp\/v2\/product_brand?post=307"},{"taxonomy":"product_cat","embeddable":true,"href":"https:\/\/www.lepetitepicurien.com\/fr\/wp-json\/wp\/v2\/product_cat?post=307"},{"taxonomy":"product_tag","embeddable":true,"href":"https:\/\/www.lepetitepicurien.com\/fr\/wp-json\/wp\/v2\/product_tag?post=307"}],"curies":[{"name":"wp","href":"https:\/\/api.w.org\/{rel}","templated":true}]}}