{"id":347,"date":"2024-08-14T22:47:00","date_gmt":"2024-08-15T02:47:00","guid":{"rendered":"https:\/\/www.lepetitepicurien.com\/?post_type=product&#038;p=347"},"modified":"2025-04-02T21:31:07","modified_gmt":"2025-04-03T01:31:07","slug":"walnut-olive-oil-500ml-1-01lb","status":"publish","type":"product","link":"https:\/\/www.lepetitepicurien.com\/fr\/product\/walnut-olive-oil-500ml-1-01lb\/","title":{"rendered":"Huile d&#039;olive aux noix \u2013 500 ml\/1,01 lb"},"content":{"rendered":"<p>Les noix et leurs huiles sont d\u2019excellentes sources d\u2019acides gras om\u00e9ga-3. La plupart des recherches sur les bienfaits des noix pour la sant\u00e9 se sont concentr\u00e9es sur la consommation de la noix elle-m\u00eame, bien que l\u2019int\u00e9r\u00eat pour l\u2019huile de noix ait augment\u00e9 au cours de la derni\u00e8re d\u00e9cennie. Les bienfaits pour la sant\u00e9 des noix et de l\u2019huile de noix sont similaires si l\u2019huile est non raffin\u00e9e, fra\u00eeche (dur\u00e9e de conservation de 6 mois) et non cuite. Cependant, la portion d\u2019huile de noix est inf\u00e9rieure \u00e0 la quantit\u00e9 de noix n\u00e9cessaire pour obtenir le m\u00eame avantage nutritionnel.<\/p>\n<p>Une portion de 35 grammes d\u2019huile de noix offre les m\u00eames avantages nutritionnels que 50 grammes de noix.<\/p>\n<p>Les noix sont riches en phytonutriments et constituent une excellente source de s\u00e9l\u00e9nium, de phosphore, de magn\u00e9sium, de zinc, de fer et de calcium.<\/p>\n<p>Les noix et\/ou l\u2019huile de noix fournissent des niveaux \u00e9lev\u00e9s de vitamines B-1, B-2 et B-3, associ\u00e9es \u00e0 de la vitamine E et de la niacine.<\/p>","protected":false},"excerpt":{"rendered":"<p>L&#039;huile de noix est une huile extraite de la noix Juglans regia. Chaque 100 g d&#039;huile fournit environ 63,3 g d&#039;acides gras polyinsatur\u00e9s, 22,8 g de graisses monoinsatur\u00e9es et 9,1 g de graisses satur\u00e9es. Elle ne contient pas de cholest\u00e9rol.<\/p>","protected":false},"featured_media":371,"template":"","meta":[],"product_brand":[],"product_cat":[96],"product_tag":[],"class_list":{"0":"post-347","1":"product","2":"type-product","3":"status-publish","4":"has-post-thumbnail","6":"product_cat-chef-products","7":"product_shipping_class-dry","9":"first","10":"instock","11":"taxable","12":"shipping-taxable","13":"purchasable","14":"product-type-simple"},"yoast_head":"<!-- This site is optimized with the Yoast SEO plugin v27.5 - https:\/\/yoast.com\/product\/yoast-seo-wordpress\/ -->\n<title>Walnut Olive Oil - 500ml\/1.01lb - Le Petit Epicurien<\/title>\n<meta name=\"robots\" content=\"index, follow, max-snippet:-1, max-image-preview:large, max-video-preview:-1\" \/>\n<link rel=\"canonical\" href=\"https:\/\/www.lepetitepicurien.com\/fr\/produit\/huile-dolive-aux-noix-500-ml-1-01-lb\/\" \/>\n<meta property=\"og:locale\" content=\"fr_FR\" \/>\n<meta property=\"og:type\" content=\"article\" \/>\n<meta property=\"og:title\" content=\"Walnut Olive Oil - 500ml\/1.01lb - Le Petit Epicurien\" \/>\n<meta property=\"og:description\" content=\"Walnut oil is oil extracted from walnuts Juglans regia. Each 100 g of oil provides about 63.3 g polyunsaturated fatty acids, 22.8 g monounsaturated fats, and 9.1 g saturated fats. It contains no cholesterol.\" \/>\n<meta property=\"og:url\" content=\"https:\/\/www.lepetitepicurien.com\/fr\/produit\/huile-dolive-aux-noix-500-ml-1-01-lb\/\" \/>\n<meta property=\"og:site_name\" content=\"Le Petit Epicurien\" \/>\n<meta property=\"article:modified_time\" content=\"2025-04-03T01:31:07+00:00\" \/>\n<meta name=\"twitter:card\" content=\"summary_large_image\" \/>\n<meta name=\"twitter:label1\" content=\"Dur\u00e9e de lecture estim\u00e9e\" \/>\n\t<meta name=\"twitter:data1\" content=\"1 minute\" \/>\n<script type=\"application\/ld+json\" class=\"yoast-schema-graph\">{\"@context\":\"https:\\\/\\\/schema.org\",\"@graph\":[{\"@type\":\"WebPage\",\"@id\":\"https:\\\/\\\/www.lepetitepicurien.com\\\/product\\\/walnut-olive-oil-500ml-1-01lb\\\/\",\"url\":\"https:\\\/\\\/www.lepetitepicurien.com\\\/product\\\/walnut-olive-oil-500ml-1-01lb\\\/\",\"name\":\"Walnut Olive Oil - 500ml\\\/1.01lb - Le Petit Epicurien\",\"isPartOf\":{\"@id\":\"https:\\\/\\\/www.lepetitepicurien.com\\\/#website\"},\"primaryImageOfPage\":{\"@id\":\"https:\\\/\\\/www.lepetitepicurien.com\\\/product\\\/walnut-olive-oil-500ml-1-01lb\\\/#primaryimage\"},\"image\":{\"@id\":\"https:\\\/\\\/www.lepetitepicurien.com\\\/product\\\/walnut-olive-oil-500ml-1-01lb\\\/#primaryimage\"},\"thumbnailUrl\":\"https:\\\/\\\/www.lepetitepicurien.com\\\/wp-content\\\/uploads\\\/2024\\\/08\\\/OIL0001-2-1.jpg\",\"datePublished\":\"2024-08-15T02:47:00+00:00\",\"dateModified\":\"2025-04-03T01:31:07+00:00\",\"breadcrumb\":{\"@id\":\"https:\\\/\\\/www.lepetitepicurien.com\\\/product\\\/walnut-olive-oil-500ml-1-01lb\\\/#breadcrumb\"},\"inLanguage\":\"fr-FR\",\"potentialAction\":[{\"@type\":\"ReadAction\",\"target\":[\"https:\\\/\\\/www.lepetitepicurien.com\\\/product\\\/walnut-olive-oil-500ml-1-01lb\\\/\"]}]},{\"@type\":\"ImageObject\",\"inLanguage\":\"fr-FR\",\"@id\":\"https:\\\/\\\/www.lepetitepicurien.com\\\/product\\\/walnut-olive-oil-500ml-1-01lb\\\/#primaryimage\",\"url\":\"https:\\\/\\\/www.lepetitepicurien.com\\\/wp-content\\\/uploads\\\/2024\\\/08\\\/OIL0001-2-1.jpg\",\"contentUrl\":\"https:\\\/\\\/www.lepetitepicurien.com\\\/wp-content\\\/uploads\\\/2024\\\/08\\\/OIL0001-2-1.jpg\",\"width\":600,\"height\":600},{\"@type\":\"BreadcrumbList\",\"@id\":\"https:\\\/\\\/www.lepetitepicurien.com\\\/product\\\/walnut-olive-oil-500ml-1-01lb\\\/#breadcrumb\",\"itemListElement\":[{\"@type\":\"ListItem\",\"position\":1,\"name\":\"Home\",\"item\":\"https:\\\/\\\/www.lepetitepicurien.com\\\/\"},{\"@type\":\"ListItem\",\"position\":2,\"name\":\"Shop\",\"item\":\"https:\\\/\\\/www.lepetitepicurien.com\\\/shop\\\/\"},{\"@type\":\"ListItem\",\"position\":3,\"name\":\"Walnut Olive Oil &#8211; 500ml\\\/1.01lb\"}]},{\"@type\":\"WebSite\",\"@id\":\"https:\\\/\\\/www.lepetitepicurien.com\\\/#website\",\"url\":\"https:\\\/\\\/www.lepetitepicurien.com\\\/\",\"name\":\"Le Petit Epicurien\",\"description\":\"Online Grocery for European Gourmet Food\",\"publisher\":{\"@id\":\"https:\\\/\\\/www.lepetitepicurien.com\\\/#organization\"},\"potentialAction\":[{\"@type\":\"SearchAction\",\"target\":{\"@type\":\"EntryPoint\",\"urlTemplate\":\"https:\\\/\\\/www.lepetitepicurien.com\\\/?s={search_term_string}\"},\"query-input\":{\"@type\":\"PropertyValueSpecification\",\"valueRequired\":true,\"valueName\":\"search_term_string\"}}],\"inLanguage\":\"fr-FR\"},{\"@type\":\"Organization\",\"@id\":\"https:\\\/\\\/www.lepetitepicurien.com\\\/#organization\",\"name\":\"Le Petit Epicurien\",\"url\":\"https:\\\/\\\/www.lepetitepicurien.com\\\/\",\"logo\":{\"@type\":\"ImageObject\",\"inLanguage\":\"fr-FR\",\"@id\":\"https:\\\/\\\/www.lepetitepicurien.com\\\/#\\\/schema\\\/logo\\\/image\\\/\",\"url\":\"https:\\\/\\\/www.lepetitepicurien.com\\\/wp-content\\\/uploads\\\/2024\\\/03\\\/logo.png\",\"contentUrl\":\"https:\\\/\\\/www.lepetitepicurien.com\\\/wp-content\\\/uploads\\\/2024\\\/03\\\/logo.png\",\"width\":1024,\"height\":1024,\"caption\":\"Le Petit Epicurien\"},\"image\":{\"@id\":\"https:\\\/\\\/www.lepetitepicurien.com\\\/#\\\/schema\\\/logo\\\/image\\\/\"}}]}<\/script>\n<!-- \/ Yoast SEO plugin. -->","yoast_head_json":{"title":"Huile d&#039;olive aux noix - 500 ml - Le Petit Epicurien","robots":{"index":"index","follow":"follow","max-snippet":"max-snippet:-1","max-image-preview":"max-image-preview:large","max-video-preview":"max-video-preview:-1"},"canonical":"https:\/\/www.lepetitepicurien.com\/fr\/produit\/huile-dolive-aux-noix-500-ml-1-01-lb\/","og_locale":"fr_FR","og_type":"article","og_title":"Walnut Olive Oil - 500ml\/1.01lb - Le Petit Epicurien","og_description":"Walnut oil is oil extracted from walnuts Juglans regia. Each 100 g of oil provides about 63.3 g polyunsaturated fatty acids, 22.8 g monounsaturated fats, and 9.1 g saturated fats. It contains no cholesterol.","og_url":"https:\/\/www.lepetitepicurien.com\/fr\/produit\/huile-dolive-aux-noix-500-ml-1-01-lb\/","og_site_name":"Le Petit Epicurien","article_modified_time":"2025-04-03T01:31:07+00:00","twitter_card":"summary_large_image","twitter_misc":{"Dur\u00e9e de lecture estim\u00e9e":"1 minute"},"schema":{"@context":"https:\/\/schema.org","@graph":[{"@type":"WebPage","@id":"https:\/\/www.lepetitepicurien.com\/product\/walnut-olive-oil-500ml-1-01lb\/","url":"https:\/\/www.lepetitepicurien.com\/product\/walnut-olive-oil-500ml-1-01lb\/","name":"Huile d&#039;olive aux noix - 500 ml - Le Petit Epicurien","isPartOf":{"@id":"https:\/\/www.lepetitepicurien.com\/#website"},"primaryImageOfPage":{"@id":"https:\/\/www.lepetitepicurien.com\/product\/walnut-olive-oil-500ml-1-01lb\/#primaryimage"},"image":{"@id":"https:\/\/www.lepetitepicurien.com\/product\/walnut-olive-oil-500ml-1-01lb\/#primaryimage"},"thumbnailUrl":"https:\/\/www.lepetitepicurien.com\/wp-content\/uploads\/2024\/08\/OIL0001-2-1.jpg","datePublished":"2024-08-15T02:47:00+00:00","dateModified":"2025-04-03T01:31:07+00:00","breadcrumb":{"@id":"https:\/\/www.lepetitepicurien.com\/product\/walnut-olive-oil-500ml-1-01lb\/#breadcrumb"},"inLanguage":"fr-FR","potentialAction":[{"@type":"ReadAction","target":["https:\/\/www.lepetitepicurien.com\/product\/walnut-olive-oil-500ml-1-01lb\/"]}]},{"@type":"ImageObject","inLanguage":"fr-FR","@id":"https:\/\/www.lepetitepicurien.com\/product\/walnut-olive-oil-500ml-1-01lb\/#primaryimage","url":"https:\/\/www.lepetitepicurien.com\/wp-content\/uploads\/2024\/08\/OIL0001-2-1.jpg","contentUrl":"https:\/\/www.lepetitepicurien.com\/wp-content\/uploads\/2024\/08\/OIL0001-2-1.jpg","width":600,"height":600},{"@type":"BreadcrumbList","@id":"https:\/\/www.lepetitepicurien.com\/product\/walnut-olive-oil-500ml-1-01lb\/#breadcrumb","itemListElement":[{"@type":"ListItem","position":1,"name":"Home","item":"https:\/\/www.lepetitepicurien.com\/"},{"@type":"ListItem","position":2,"name":"Shop","item":"https:\/\/www.lepetitepicurien.com\/shop\/"},{"@type":"ListItem","position":3,"name":"Walnut Olive Oil &#8211; 500ml\/1.01lb"}]},{"@type":"WebSite","@id":"https:\/\/www.lepetitepicurien.com\/#website","url":"https:\/\/www.lepetitepicurien.com\/","name":"Le Petit \u00c9picurien","description":"\u00c9picerie en ligne pour la gastronomie europ\u00e9enne","publisher":{"@id":"https:\/\/www.lepetitepicurien.com\/#organization"},"potentialAction":[{"@type":"SearchAction","target":{"@type":"EntryPoint","urlTemplate":"https:\/\/www.lepetitepicurien.com\/?s={search_term_string}"},"query-input":{"@type":"PropertyValueSpecification","valueRequired":true,"valueName":"search_term_string"}}],"inLanguage":"fr-FR"},{"@type":"Organization","@id":"https:\/\/www.lepetitepicurien.com\/#organization","name":"Le Petit \u00c9picurien","url":"https:\/\/www.lepetitepicurien.com\/","logo":{"@type":"ImageObject","inLanguage":"fr-FR","@id":"https:\/\/www.lepetitepicurien.com\/#\/schema\/logo\/image\/","url":"https:\/\/www.lepetitepicurien.com\/wp-content\/uploads\/2024\/03\/logo.png","contentUrl":"https:\/\/www.lepetitepicurien.com\/wp-content\/uploads\/2024\/03\/logo.png","width":1024,"height":1024,"caption":"Le Petit Epicurien"},"image":{"@id":"https:\/\/www.lepetitepicurien.com\/#\/schema\/logo\/image\/"}}]}},"jetpack_sharing_enabled":true,"_links":{"self":[{"href":"https:\/\/www.lepetitepicurien.com\/fr\/wp-json\/wp\/v2\/product\/347","targetHints":{"allow":["GET"]}}],"collection":[{"href":"https:\/\/www.lepetitepicurien.com\/fr\/wp-json\/wp\/v2\/product"}],"about":[{"href":"https:\/\/www.lepetitepicurien.com\/fr\/wp-json\/wp\/v2\/types\/product"}],"wp:featuredmedia":[{"embeddable":true,"href":"https:\/\/www.lepetitepicurien.com\/fr\/wp-json\/wp\/v2\/media\/371"}],"wp:attachment":[{"href":"https:\/\/www.lepetitepicurien.com\/fr\/wp-json\/wp\/v2\/media?parent=347"}],"wp:term":[{"taxonomy":"product_brand","embeddable":true,"href":"https:\/\/www.lepetitepicurien.com\/fr\/wp-json\/wp\/v2\/product_brand?post=347"},{"taxonomy":"product_cat","embeddable":true,"href":"https:\/\/www.lepetitepicurien.com\/fr\/wp-json\/wp\/v2\/product_cat?post=347"},{"taxonomy":"product_tag","embeddable":true,"href":"https:\/\/www.lepetitepicurien.com\/fr\/wp-json\/wp\/v2\/product_tag?post=347"}],"curies":[{"name":"wp","href":"https:\/\/api.w.org\/{rel}","templated":true}]}}