{"id":349,"date":"2024-08-14T22:47:00","date_gmt":"2024-08-15T02:47:00","guid":{"rendered":"https:\/\/www.lepetitepicurien.com\/?post_type=product&#038;p=349"},"modified":"2025-04-02T21:31:08","modified_gmt":"2025-04-03T01:31:08","slug":"olive-oil-organic-extra-virgin-premium-atlas-500ml-1-01lb","status":"publish","type":"product","link":"https:\/\/www.lepetitepicurien.com\/fr\/product\/olive-oil-organic-extra-virgin-premium-atlas-500ml-1-01lb\/","title":{"rendered":"Huile d&#039;olive extra vierge biologique de qualit\u00e9 sup\u00e9rieure ATLAS \u2013 500 ml\/1,01 lb"},"content":{"rendered":"<p>L&#039;huile d&#039;olive douce et fruit\u00e9e Atlas poss\u00e8de des caract\u00e9ristiques exceptionnelles qui la rendent adapt\u00e9e \u00e0 tous les plats.<\/p>\n<p>Le go\u00fbt est plus celui des herbes culinaires en bouche avec de l&#039;oseille, du concombre, de la pomme rouge et des noix. L&#039;amertume tr\u00e8s l\u00e9g\u00e8re mais progressive du poivre augmente puis s&#039;estompe, permettant aux noix et aux fruits sucr\u00e9s de revenir. L&#039;arri\u00e8re-go\u00fbt int\u00e9ressant comprend du caramel et des bananes sucr\u00e9es avec juste une touche de truffe. Son style est doux et d\u00e9licat, une huile bien \u00e9quilibr\u00e9e avec une touche de poivre charmant. C&#039;est une tr\u00e8s bonne huile qui soutient la comparaison avec des styles d&#039;huile similaires partout ailleurs dans le monde. C&#039;est une huile pour un bon nombre d&#039;applications culinaires pour les salades, la viande et le poisson. Elle peut \u00e9galement \u00eatre utilis\u00e9e de mani\u00e8re int\u00e9ressante pour les desserts tels que les g\u00e2teaux et les puddings.<\/p>\n<p>ATLAS est disponible dans d&#039;\u00e9l\u00e9gantes bouteilles en verre de 500 ml ou dans une \u00e9l\u00e9gante bo\u00eete de 3 litres.<\/p>","protected":false},"excerpt":{"rendered":"<p>L&#039;huile d&#039;olive Atlas est le produit biologique pr\u00e9f\u00e9r\u00e9 des chefs \u00e9toil\u00e9s Michelin du monde entier<\/p>","protected":false},"featured_media":373,"template":"","meta":[],"product_brand":[],"product_cat":[96],"product_tag":[],"class_list":{"0":"post-349","1":"product","2":"type-product","3":"status-publish","4":"has-post-thumbnail","6":"product_cat-chef-products","7":"product_shipping_class-dry","9":"first","10":"instock","11":"taxable","12":"shipping-taxable","13":"purchasable","14":"product-type-simple"},"yoast_head":"<!-- This site is optimized with the Yoast SEO plugin v27.5 - https:\/\/yoast.com\/product\/yoast-seo-wordpress\/ -->\n<title>Olive Oil Organic Extra Virgin Premium ATLAS - 500ml\/1.01lb - Le Petit Epicurien<\/title>\n<meta name=\"robots\" content=\"index, follow, max-snippet:-1, max-image-preview:large, max-video-preview:-1\" \/>\n<link rel=\"canonical\" href=\"https:\/\/www.lepetitepicurien.com\/fr\/produit\/huile-dolive-extra-vierge-biologique-de-qualite-superieure-atlas-500-ml-1-01-lb\/\" \/>\n<meta property=\"og:locale\" content=\"fr_FR\" \/>\n<meta property=\"og:type\" content=\"article\" \/>\n<meta property=\"og:title\" content=\"Olive Oil Organic Extra Virgin Premium ATLAS - 500ml\/1.01lb - Le Petit Epicurien\" \/>\n<meta property=\"og:description\" content=\"Atlas Olive Oil is the organic product preferred by Michelin-starred chefs all around the world\" \/>\n<meta property=\"og:url\" content=\"https:\/\/www.lepetitepicurien.com\/fr\/produit\/huile-dolive-extra-vierge-biologique-de-qualite-superieure-atlas-500-ml-1-01-lb\/\" \/>\n<meta property=\"og:site_name\" content=\"Le Petit Epicurien\" \/>\n<meta property=\"article:modified_time\" content=\"2025-04-03T01:31:08+00:00\" \/>\n<meta name=\"twitter:card\" content=\"summary_large_image\" \/>\n<meta name=\"twitter:label1\" content=\"Dur\u00e9e de lecture estim\u00e9e\" \/>\n\t<meta name=\"twitter:data1\" content=\"1 minute\" \/>\n<script type=\"application\/ld+json\" class=\"yoast-schema-graph\">{\"@context\":\"https:\\\/\\\/schema.org\",\"@graph\":[{\"@type\":\"WebPage\",\"@id\":\"https:\\\/\\\/www.lepetitepicurien.com\\\/product\\\/olive-oil-organic-extra-virgin-premium-atlas-500ml-1-01lb\\\/\",\"url\":\"https:\\\/\\\/www.lepetitepicurien.com\\\/product\\\/olive-oil-organic-extra-virgin-premium-atlas-500ml-1-01lb\\\/\",\"name\":\"Olive Oil Organic Extra Virgin Premium ATLAS - 500ml\\\/1.01lb - Le Petit Epicurien\",\"isPartOf\":{\"@id\":\"https:\\\/\\\/www.lepetitepicurien.com\\\/#website\"},\"primaryImageOfPage\":{\"@id\":\"https:\\\/\\\/www.lepetitepicurien.com\\\/product\\\/olive-oil-organic-extra-virgin-premium-atlas-500ml-1-01lb\\\/#primaryimage\"},\"image\":{\"@id\":\"https:\\\/\\\/www.lepetitepicurien.com\\\/product\\\/olive-oil-organic-extra-virgin-premium-atlas-500ml-1-01lb\\\/#primaryimage\"},\"thumbnailUrl\":\"https:\\\/\\\/www.lepetitepicurien.com\\\/wp-content\\\/uploads\\\/2024\\\/08\\\/pgal-grill1-1.png\",\"datePublished\":\"2024-08-15T02:47:00+00:00\",\"dateModified\":\"2025-04-03T01:31:08+00:00\",\"breadcrumb\":{\"@id\":\"https:\\\/\\\/www.lepetitepicurien.com\\\/product\\\/olive-oil-organic-extra-virgin-premium-atlas-500ml-1-01lb\\\/#breadcrumb\"},\"inLanguage\":\"fr-FR\",\"potentialAction\":[{\"@type\":\"ReadAction\",\"target\":[\"https:\\\/\\\/www.lepetitepicurien.com\\\/product\\\/olive-oil-organic-extra-virgin-premium-atlas-500ml-1-01lb\\\/\"]}]},{\"@type\":\"ImageObject\",\"inLanguage\":\"fr-FR\",\"@id\":\"https:\\\/\\\/www.lepetitepicurien.com\\\/product\\\/olive-oil-organic-extra-virgin-premium-atlas-500ml-1-01lb\\\/#primaryimage\",\"url\":\"https:\\\/\\\/www.lepetitepicurien.com\\\/wp-content\\\/uploads\\\/2024\\\/08\\\/pgal-grill1-1.png\",\"contentUrl\":\"https:\\\/\\\/www.lepetitepicurien.com\\\/wp-content\\\/uploads\\\/2024\\\/08\\\/pgal-grill1-1.png\",\"width\":376,\"height\":371},{\"@type\":\"BreadcrumbList\",\"@id\":\"https:\\\/\\\/www.lepetitepicurien.com\\\/product\\\/olive-oil-organic-extra-virgin-premium-atlas-500ml-1-01lb\\\/#breadcrumb\",\"itemListElement\":[{\"@type\":\"ListItem\",\"position\":1,\"name\":\"Home\",\"item\":\"https:\\\/\\\/www.lepetitepicurien.com\\\/\"},{\"@type\":\"ListItem\",\"position\":2,\"name\":\"Shop\",\"item\":\"https:\\\/\\\/www.lepetitepicurien.com\\\/shop\\\/\"},{\"@type\":\"ListItem\",\"position\":3,\"name\":\"Olive Oil Organic Extra Virgin Premium ATLAS &#8211; 500ml\\\/1.01lb\"}]},{\"@type\":\"WebSite\",\"@id\":\"https:\\\/\\\/www.lepetitepicurien.com\\\/#website\",\"url\":\"https:\\\/\\\/www.lepetitepicurien.com\\\/\",\"name\":\"Le Petit Epicurien\",\"description\":\"Online Grocery for European Gourmet Food\",\"publisher\":{\"@id\":\"https:\\\/\\\/www.lepetitepicurien.com\\\/#organization\"},\"potentialAction\":[{\"@type\":\"SearchAction\",\"target\":{\"@type\":\"EntryPoint\",\"urlTemplate\":\"https:\\\/\\\/www.lepetitepicurien.com\\\/?s={search_term_string}\"},\"query-input\":{\"@type\":\"PropertyValueSpecification\",\"valueRequired\":true,\"valueName\":\"search_term_string\"}}],\"inLanguage\":\"fr-FR\"},{\"@type\":\"Organization\",\"@id\":\"https:\\\/\\\/www.lepetitepicurien.com\\\/#organization\",\"name\":\"Le Petit Epicurien\",\"url\":\"https:\\\/\\\/www.lepetitepicurien.com\\\/\",\"logo\":{\"@type\":\"ImageObject\",\"inLanguage\":\"fr-FR\",\"@id\":\"https:\\\/\\\/www.lepetitepicurien.com\\\/#\\\/schema\\\/logo\\\/image\\\/\",\"url\":\"https:\\\/\\\/www.lepetitepicurien.com\\\/wp-content\\\/uploads\\\/2024\\\/03\\\/logo.png\",\"contentUrl\":\"https:\\\/\\\/www.lepetitepicurien.com\\\/wp-content\\\/uploads\\\/2024\\\/03\\\/logo.png\",\"width\":1024,\"height\":1024,\"caption\":\"Le Petit Epicurien\"},\"image\":{\"@id\":\"https:\\\/\\\/www.lepetitepicurien.com\\\/#\\\/schema\\\/logo\\\/image\\\/\"}}]}<\/script>\n<!-- \/ Yoast SEO plugin. -->","yoast_head_json":{"title":"Huile d&#039;Olive Extra Vierge Premium ATLAS Bio - 500ml\/1.01lb - Le Petit Epicurien","robots":{"index":"index","follow":"follow","max-snippet":"max-snippet:-1","max-image-preview":"max-image-preview:large","max-video-preview":"max-video-preview:-1"},"canonical":"https:\/\/www.lepetitepicurien.com\/fr\/produit\/huile-dolive-extra-vierge-biologique-de-qualite-superieure-atlas-500-ml-1-01-lb\/","og_locale":"fr_FR","og_type":"article","og_title":"Olive Oil Organic Extra Virgin Premium ATLAS - 500ml\/1.01lb - Le Petit Epicurien","og_description":"Atlas Olive Oil is the organic product preferred by Michelin-starred chefs all around the world","og_url":"https:\/\/www.lepetitepicurien.com\/fr\/produit\/huile-dolive-extra-vierge-biologique-de-qualite-superieure-atlas-500-ml-1-01-lb\/","og_site_name":"Le Petit Epicurien","article_modified_time":"2025-04-03T01:31:08+00:00","twitter_card":"summary_large_image","twitter_misc":{"Dur\u00e9e de lecture estim\u00e9e":"1 minute"},"schema":{"@context":"https:\/\/schema.org","@graph":[{"@type":"WebPage","@id":"https:\/\/www.lepetitepicurien.com\/product\/olive-oil-organic-extra-virgin-premium-atlas-500ml-1-01lb\/","url":"https:\/\/www.lepetitepicurien.com\/product\/olive-oil-organic-extra-virgin-premium-atlas-500ml-1-01lb\/","name":"Huile d&#039;Olive Extra Vierge Premium ATLAS Bio - 500ml\/1.01lb - Le Petit Epicurien","isPartOf":{"@id":"https:\/\/www.lepetitepicurien.com\/#website"},"primaryImageOfPage":{"@id":"https:\/\/www.lepetitepicurien.com\/product\/olive-oil-organic-extra-virgin-premium-atlas-500ml-1-01lb\/#primaryimage"},"image":{"@id":"https:\/\/www.lepetitepicurien.com\/product\/olive-oil-organic-extra-virgin-premium-atlas-500ml-1-01lb\/#primaryimage"},"thumbnailUrl":"https:\/\/www.lepetitepicurien.com\/wp-content\/uploads\/2024\/08\/pgal-grill1-1.png","datePublished":"2024-08-15T02:47:00+00:00","dateModified":"2025-04-03T01:31:08+00:00","breadcrumb":{"@id":"https:\/\/www.lepetitepicurien.com\/product\/olive-oil-organic-extra-virgin-premium-atlas-500ml-1-01lb\/#breadcrumb"},"inLanguage":"fr-FR","potentialAction":[{"@type":"ReadAction","target":["https:\/\/www.lepetitepicurien.com\/product\/olive-oil-organic-extra-virgin-premium-atlas-500ml-1-01lb\/"]}]},{"@type":"ImageObject","inLanguage":"fr-FR","@id":"https:\/\/www.lepetitepicurien.com\/product\/olive-oil-organic-extra-virgin-premium-atlas-500ml-1-01lb\/#primaryimage","url":"https:\/\/www.lepetitepicurien.com\/wp-content\/uploads\/2024\/08\/pgal-grill1-1.png","contentUrl":"https:\/\/www.lepetitepicurien.com\/wp-content\/uploads\/2024\/08\/pgal-grill1-1.png","width":376,"height":371},{"@type":"BreadcrumbList","@id":"https:\/\/www.lepetitepicurien.com\/product\/olive-oil-organic-extra-virgin-premium-atlas-500ml-1-01lb\/#breadcrumb","itemListElement":[{"@type":"ListItem","position":1,"name":"Home","item":"https:\/\/www.lepetitepicurien.com\/"},{"@type":"ListItem","position":2,"name":"Shop","item":"https:\/\/www.lepetitepicurien.com\/shop\/"},{"@type":"ListItem","position":3,"name":"Olive Oil Organic Extra Virgin Premium ATLAS &#8211; 500ml\/1.01lb"}]},{"@type":"WebSite","@id":"https:\/\/www.lepetitepicurien.com\/#website","url":"https:\/\/www.lepetitepicurien.com\/","name":"Le Petit \u00c9picurien","description":"\u00c9picerie en ligne pour la gastronomie europ\u00e9enne","publisher":{"@id":"https:\/\/www.lepetitepicurien.com\/#organization"},"potentialAction":[{"@type":"SearchAction","target":{"@type":"EntryPoint","urlTemplate":"https:\/\/www.lepetitepicurien.com\/?s={search_term_string}"},"query-input":{"@type":"PropertyValueSpecification","valueRequired":true,"valueName":"search_term_string"}}],"inLanguage":"fr-FR"},{"@type":"Organization","@id":"https:\/\/www.lepetitepicurien.com\/#organization","name":"Le Petit \u00c9picurien","url":"https:\/\/www.lepetitepicurien.com\/","logo":{"@type":"ImageObject","inLanguage":"fr-FR","@id":"https:\/\/www.lepetitepicurien.com\/#\/schema\/logo\/image\/","url":"https:\/\/www.lepetitepicurien.com\/wp-content\/uploads\/2024\/03\/logo.png","contentUrl":"https:\/\/www.lepetitepicurien.com\/wp-content\/uploads\/2024\/03\/logo.png","width":1024,"height":1024,"caption":"Le Petit Epicurien"},"image":{"@id":"https:\/\/www.lepetitepicurien.com\/#\/schema\/logo\/image\/"}}]}},"jetpack_sharing_enabled":true,"_links":{"self":[{"href":"https:\/\/www.lepetitepicurien.com\/fr\/wp-json\/wp\/v2\/product\/349","targetHints":{"allow":["GET"]}}],"collection":[{"href":"https:\/\/www.lepetitepicurien.com\/fr\/wp-json\/wp\/v2\/product"}],"about":[{"href":"https:\/\/www.lepetitepicurien.com\/fr\/wp-json\/wp\/v2\/types\/product"}],"wp:featuredmedia":[{"embeddable":true,"href":"https:\/\/www.lepetitepicurien.com\/fr\/wp-json\/wp\/v2\/media\/373"}],"wp:attachment":[{"href":"https:\/\/www.lepetitepicurien.com\/fr\/wp-json\/wp\/v2\/media?parent=349"}],"wp:term":[{"taxonomy":"product_brand","embeddable":true,"href":"https:\/\/www.lepetitepicurien.com\/fr\/wp-json\/wp\/v2\/product_brand?post=349"},{"taxonomy":"product_cat","embeddable":true,"href":"https:\/\/www.lepetitepicurien.com\/fr\/wp-json\/wp\/v2\/product_cat?post=349"},{"taxonomy":"product_tag","embeddable":true,"href":"https:\/\/www.lepetitepicurien.com\/fr\/wp-json\/wp\/v2\/product_tag?post=349"}],"curies":[{"name":"wp","href":"https:\/\/api.w.org\/{rel}","templated":true}]}}