{"id":352,"date":"2024-08-14T22:47:01","date_gmt":"2024-08-15T02:47:01","guid":{"rendered":"https:\/\/www.lepetitepicurien.com\/?post_type=product&#038;p=352"},"modified":"2025-04-02T21:31:08","modified_gmt":"2025-04-03T01:31:08","slug":"curry-madras-style-vadouvan-565g-1-25lb","status":"publish","type":"product","link":"http:\/\/www.lepetitepicurien.com\/fr\/product\/curry-madras-style-vadouvan-565g-1-25lb\/","title":{"rendered":"Curry Madras fa\u00e7on Vadouvan \u2013 565 g\/1,25 lb"},"content":{"rendered":"","protected":false},"excerpt":{"rendered":"<p>D\u00e9couvrez la richesse aromatique de notre curry Vadouvan fa\u00e7on Madras. Ce m\u00e9lange d&#039;\u00e9pices sophistiqu\u00e9 associe les saveurs traditionnelles de l&#039;Inde du Sud aux influences culinaires fran\u00e7aises, cr\u00e9ant une poudre de curry polyvalente et profond\u00e9ment savoureuse.<\/p>\n<p>Le vadouvan est un d\u00e9riv\u00e9 fran\u00e7ais d&#039;un masala indien traditionnel, connu pour son m\u00e9lange exceptionnel d&#039;\u00e9pices grill\u00e9es, notamment du curcuma, du fenugrec, des graines de moutarde et d&#039;autres \u00e9l\u00e9ments comme des \u00e9chalotes et de l&#039;ail, souvent s\u00e9ch\u00e9s et m\u00e9lang\u00e9s au m\u00e9lange. Il en r\u00e9sulte une poudre de curry \u00e0 la fois aromatique et complexe, avec une nuance l\u00e9g\u00e8rement fum\u00e9e et sucr\u00e9e.<\/p>","protected":false},"featured_media":755,"template":"","meta":[],"product_brand":[],"product_cat":[96],"product_tag":[],"class_list":{"0":"post-352","1":"product","2":"type-product","3":"status-publish","4":"has-post-thumbnail","6":"product_cat-chef-products","7":"product_shipping_class-dry","9":"first","10":"instock","11":"taxable","12":"shipping-taxable","13":"purchasable","14":"product-type-simple"},"yoast_head":"<!-- This site is optimized with the Yoast SEO plugin v27.4 - https:\/\/yoast.com\/product\/yoast-seo-wordpress\/ -->\n<title>Curry Madras Style Vadouvan - 565g\/1.25lb - Le Petit Epicurien<\/title>\n<meta name=\"description\" content=\"Discover the rich, complex flavors of our Madras Style Vadouvan Curry - French Masala, a unique blend perfect for adding depth to any dish.\" \/>\n<meta name=\"robots\" content=\"index, follow, max-snippet:-1, max-image-preview:large, max-video-preview:-1\" \/>\n<link rel=\"canonical\" href=\"https:\/\/www.lepetitepicurien.com\/fr\/produit\/curry-madras-style-vadouvan-565g-1-25lb\/\" \/>\n<meta property=\"og:locale\" content=\"fr_FR\" \/>\n<meta property=\"og:type\" content=\"article\" \/>\n<meta property=\"og:title\" content=\"Curry Madras Style Vadouvan - 565g\/1.25lb - Le Petit Epicurien\" \/>\n<meta property=\"og:description\" content=\"Discover the rich, complex flavors of our Madras Style Vadouvan Curry - French Masala, a unique blend perfect for adding depth to any dish.\" \/>\n<meta property=\"og:url\" content=\"https:\/\/www.lepetitepicurien.com\/fr\/produit\/curry-madras-style-vadouvan-565g-1-25lb\/\" \/>\n<meta property=\"og:site_name\" content=\"Le Petit Epicurien\" \/>\n<meta property=\"article:modified_time\" content=\"2025-04-03T01:31:08+00:00\" \/>\n<meta property=\"og:image\" content=\"https:\/\/www.lepetitepicurien.com\/wp-content\/uploads\/2024\/08\/curry-vadouvan.jpg\" \/>\n\t<meta property=\"og:image:width\" content=\"1652\" \/>\n\t<meta property=\"og:image:height\" content=\"1652\" \/>\n\t<meta property=\"og:image:type\" content=\"image\/jpeg\" \/>\n<meta name=\"twitter:card\" content=\"summary_large_image\" \/>\n<meta name=\"twitter:label1\" content=\"Dur\u00e9e de lecture estim\u00e9e\" \/>\n\t<meta name=\"twitter:data1\" content=\"1 minute\" \/>\n<script type=\"application\/ld+json\" class=\"yoast-schema-graph\">{\"@context\":\"https:\\\/\\\/schema.org\",\"@graph\":[{\"@type\":\"WebPage\",\"@id\":\"https:\\\/\\\/www.lepetitepicurien.com\\\/product\\\/curry-madras-style-vadouvan-565g-1-25lb\\\/\",\"url\":\"https:\\\/\\\/www.lepetitepicurien.com\\\/product\\\/curry-madras-style-vadouvan-565g-1-25lb\\\/\",\"name\":\"Curry Madras Style Vadouvan - 565g\\\/1.25lb - Le Petit Epicurien\",\"isPartOf\":{\"@id\":\"https:\\\/\\\/www.lepetitepicurien.com\\\/#website\"},\"primaryImageOfPage\":{\"@id\":\"https:\\\/\\\/www.lepetitepicurien.com\\\/product\\\/curry-madras-style-vadouvan-565g-1-25lb\\\/#primaryimage\"},\"image\":{\"@id\":\"https:\\\/\\\/www.lepetitepicurien.com\\\/product\\\/curry-madras-style-vadouvan-565g-1-25lb\\\/#primaryimage\"},\"thumbnailUrl\":\"https:\\\/\\\/www.lepetitepicurien.com\\\/wp-content\\\/uploads\\\/2024\\\/08\\\/curry-vadouvan.jpg\",\"datePublished\":\"2024-08-15T02:47:01+00:00\",\"dateModified\":\"2025-04-03T01:31:08+00:00\",\"description\":\"Discover the rich, complex flavors of our Madras Style Vadouvan Curry - French Masala, a unique blend perfect for adding depth to any dish.\",\"breadcrumb\":{\"@id\":\"https:\\\/\\\/www.lepetitepicurien.com\\\/product\\\/curry-madras-style-vadouvan-565g-1-25lb\\\/#breadcrumb\"},\"inLanguage\":\"fr-FR\",\"potentialAction\":[{\"@type\":\"ReadAction\",\"target\":[\"https:\\\/\\\/www.lepetitepicurien.com\\\/product\\\/curry-madras-style-vadouvan-565g-1-25lb\\\/\"]}]},{\"@type\":\"ImageObject\",\"inLanguage\":\"fr-FR\",\"@id\":\"https:\\\/\\\/www.lepetitepicurien.com\\\/product\\\/curry-madras-style-vadouvan-565g-1-25lb\\\/#primaryimage\",\"url\":\"https:\\\/\\\/www.lepetitepicurien.com\\\/wp-content\\\/uploads\\\/2024\\\/08\\\/curry-vadouvan.jpg\",\"contentUrl\":\"https:\\\/\\\/www.lepetitepicurien.com\\\/wp-content\\\/uploads\\\/2024\\\/08\\\/curry-vadouvan.jpg\",\"width\":1652,\"height\":1652},{\"@type\":\"BreadcrumbList\",\"@id\":\"https:\\\/\\\/www.lepetitepicurien.com\\\/product\\\/curry-madras-style-vadouvan-565g-1-25lb\\\/#breadcrumb\",\"itemListElement\":[{\"@type\":\"ListItem\",\"position\":1,\"name\":\"Home\",\"item\":\"https:\\\/\\\/www.lepetitepicurien.com\\\/\"},{\"@type\":\"ListItem\",\"position\":2,\"name\":\"Shop\",\"item\":\"https:\\\/\\\/www.lepetitepicurien.com\\\/shop\\\/\"},{\"@type\":\"ListItem\",\"position\":3,\"name\":\"Curry Madras Style Vadouvan &#8211; 565g\\\/1.25lb\"}]},{\"@type\":\"WebSite\",\"@id\":\"https:\\\/\\\/www.lepetitepicurien.com\\\/#website\",\"url\":\"https:\\\/\\\/www.lepetitepicurien.com\\\/\",\"name\":\"Le Petit Epicurien\",\"description\":\"Online Grocery for European Gourmet Food\",\"publisher\":{\"@id\":\"https:\\\/\\\/www.lepetitepicurien.com\\\/#organization\"},\"potentialAction\":[{\"@type\":\"SearchAction\",\"target\":{\"@type\":\"EntryPoint\",\"urlTemplate\":\"https:\\\/\\\/www.lepetitepicurien.com\\\/?s={search_term_string}\"},\"query-input\":{\"@type\":\"PropertyValueSpecification\",\"valueRequired\":true,\"valueName\":\"search_term_string\"}}],\"inLanguage\":\"fr-FR\"},{\"@type\":\"Organization\",\"@id\":\"https:\\\/\\\/www.lepetitepicurien.com\\\/#organization\",\"name\":\"Le Petit Epicurien\",\"url\":\"https:\\\/\\\/www.lepetitepicurien.com\\\/\",\"logo\":{\"@type\":\"ImageObject\",\"inLanguage\":\"fr-FR\",\"@id\":\"https:\\\/\\\/www.lepetitepicurien.com\\\/#\\\/schema\\\/logo\\\/image\\\/\",\"url\":\"https:\\\/\\\/www.lepetitepicurien.com\\\/wp-content\\\/uploads\\\/2024\\\/03\\\/logo.png\",\"contentUrl\":\"https:\\\/\\\/www.lepetitepicurien.com\\\/wp-content\\\/uploads\\\/2024\\\/03\\\/logo.png\",\"width\":1024,\"height\":1024,\"caption\":\"Le Petit Epicurien\"},\"image\":{\"@id\":\"https:\\\/\\\/www.lepetitepicurien.com\\\/#\\\/schema\\\/logo\\\/image\\\/\"}}]}<\/script>\n<!-- \/ Yoast SEO plugin. -->","yoast_head_json":{"title":"Curry Madras Style Vadouvan - 565g - Le Petit Epicurien","description":"D\u00e9couvrez les saveurs riches et complexes de notre curry Vadouvan style Madras - Masala fran\u00e7ais, un m\u00e9lange unique parfait pour ajouter de la profondeur \u00e0 n&#039;importe quel plat.","robots":{"index":"index","follow":"follow","max-snippet":"max-snippet:-1","max-image-preview":"max-image-preview:large","max-video-preview":"max-video-preview:-1"},"canonical":"https:\/\/www.lepetitepicurien.com\/fr\/produit\/curry-madras-style-vadouvan-565g-1-25lb\/","og_locale":"fr_FR","og_type":"article","og_title":"Curry Madras Style Vadouvan - 565g\/1.25lb - Le Petit Epicurien","og_description":"Discover the rich, complex flavors of our Madras Style Vadouvan Curry - French Masala, a unique blend perfect for adding depth to any dish.","og_url":"https:\/\/www.lepetitepicurien.com\/fr\/produit\/curry-madras-style-vadouvan-565g-1-25lb\/","og_site_name":"Le Petit Epicurien","article_modified_time":"2025-04-03T01:31:08+00:00","og_image":[{"width":1652,"height":1652,"url":"https:\/\/www.lepetitepicurien.com\/wp-content\/uploads\/2024\/08\/curry-vadouvan.jpg","type":"image\/jpeg"}],"twitter_card":"summary_large_image","twitter_misc":{"Dur\u00e9e de lecture estim\u00e9e":"1 minute"},"schema":{"@context":"https:\/\/schema.org","@graph":[{"@type":"WebPage","@id":"https:\/\/www.lepetitepicurien.com\/product\/curry-madras-style-vadouvan-565g-1-25lb\/","url":"https:\/\/www.lepetitepicurien.com\/product\/curry-madras-style-vadouvan-565g-1-25lb\/","name":"Curry Madras Style Vadouvan - 565g - Le Petit Epicurien","isPartOf":{"@id":"https:\/\/www.lepetitepicurien.com\/#website"},"primaryImageOfPage":{"@id":"https:\/\/www.lepetitepicurien.com\/product\/curry-madras-style-vadouvan-565g-1-25lb\/#primaryimage"},"image":{"@id":"https:\/\/www.lepetitepicurien.com\/product\/curry-madras-style-vadouvan-565g-1-25lb\/#primaryimage"},"thumbnailUrl":"https:\/\/www.lepetitepicurien.com\/wp-content\/uploads\/2024\/08\/curry-vadouvan.jpg","datePublished":"2024-08-15T02:47:01+00:00","dateModified":"2025-04-03T01:31:08+00:00","description":"D\u00e9couvrez les saveurs riches et complexes de notre curry Vadouvan style Madras - Masala fran\u00e7ais, un m\u00e9lange unique parfait pour ajouter de la profondeur \u00e0 n&#039;importe quel plat.","breadcrumb":{"@id":"https:\/\/www.lepetitepicurien.com\/product\/curry-madras-style-vadouvan-565g-1-25lb\/#breadcrumb"},"inLanguage":"fr-FR","potentialAction":[{"@type":"ReadAction","target":["https:\/\/www.lepetitepicurien.com\/product\/curry-madras-style-vadouvan-565g-1-25lb\/"]}]},{"@type":"ImageObject","inLanguage":"fr-FR","@id":"https:\/\/www.lepetitepicurien.com\/product\/curry-madras-style-vadouvan-565g-1-25lb\/#primaryimage","url":"https:\/\/www.lepetitepicurien.com\/wp-content\/uploads\/2024\/08\/curry-vadouvan.jpg","contentUrl":"https:\/\/www.lepetitepicurien.com\/wp-content\/uploads\/2024\/08\/curry-vadouvan.jpg","width":1652,"height":1652},{"@type":"BreadcrumbList","@id":"https:\/\/www.lepetitepicurien.com\/product\/curry-madras-style-vadouvan-565g-1-25lb\/#breadcrumb","itemListElement":[{"@type":"ListItem","position":1,"name":"Home","item":"https:\/\/www.lepetitepicurien.com\/"},{"@type":"ListItem","position":2,"name":"Shop","item":"https:\/\/www.lepetitepicurien.com\/shop\/"},{"@type":"ListItem","position":3,"name":"Curry Madras Style Vadouvan &#8211; 565g\/1.25lb"}]},{"@type":"WebSite","@id":"https:\/\/www.lepetitepicurien.com\/#website","url":"https:\/\/www.lepetitepicurien.com\/","name":"Le Petit \u00c9picurien","description":"\u00c9picerie en ligne pour la gastronomie europ\u00e9enne","publisher":{"@id":"https:\/\/www.lepetitepicurien.com\/#organization"},"potentialAction":[{"@type":"SearchAction","target":{"@type":"EntryPoint","urlTemplate":"https:\/\/www.lepetitepicurien.com\/?s={search_term_string}"},"query-input":{"@type":"PropertyValueSpecification","valueRequired":true,"valueName":"search_term_string"}}],"inLanguage":"fr-FR"},{"@type":"Organization","@id":"https:\/\/www.lepetitepicurien.com\/#organization","name":"Le Petit \u00c9picurien","url":"https:\/\/www.lepetitepicurien.com\/","logo":{"@type":"ImageObject","inLanguage":"fr-FR","@id":"https:\/\/www.lepetitepicurien.com\/#\/schema\/logo\/image\/","url":"https:\/\/www.lepetitepicurien.com\/wp-content\/uploads\/2024\/03\/logo.png","contentUrl":"https:\/\/www.lepetitepicurien.com\/wp-content\/uploads\/2024\/03\/logo.png","width":1024,"height":1024,"caption":"Le Petit Epicurien"},"image":{"@id":"https:\/\/www.lepetitepicurien.com\/#\/schema\/logo\/image\/"}}]}},"jetpack_sharing_enabled":true,"_links":{"self":[{"href":"http:\/\/www.lepetitepicurien.com\/fr\/wp-json\/wp\/v2\/product\/352","targetHints":{"allow":["GET"]}}],"collection":[{"href":"http:\/\/www.lepetitepicurien.com\/fr\/wp-json\/wp\/v2\/product"}],"about":[{"href":"http:\/\/www.lepetitepicurien.com\/fr\/wp-json\/wp\/v2\/types\/product"}],"wp:featuredmedia":[{"embeddable":true,"href":"http:\/\/www.lepetitepicurien.com\/fr\/wp-json\/wp\/v2\/media\/755"}],"wp:attachment":[{"href":"http:\/\/www.lepetitepicurien.com\/fr\/wp-json\/wp\/v2\/media?parent=352"}],"wp:term":[{"taxonomy":"product_brand","embeddable":true,"href":"http:\/\/www.lepetitepicurien.com\/fr\/wp-json\/wp\/v2\/product_brand?post=352"},{"taxonomy":"product_cat","embeddable":true,"href":"http:\/\/www.lepetitepicurien.com\/fr\/wp-json\/wp\/v2\/product_cat?post=352"},{"taxonomy":"product_tag","embeddable":true,"href":"http:\/\/www.lepetitepicurien.com\/fr\/wp-json\/wp\/v2\/product_tag?post=352"}],"curies":[{"name":"wp","href":"https:\/\/api.w.org\/{rel}","templated":true}]}}