{"id":405,"date":"2024-08-14T22:47:23","date_gmt":"2024-08-15T02:47:23","guid":{"rendered":"https:\/\/www.lepetitepicurien.com\/?post_type=product&#038;p=405"},"modified":"2025-11-17T12:47:31","modified_gmt":"2025-11-17T17:47:31","slug":"flavor-pearls-balsamic-vinegar-200g-7-06oz","status":"publish","type":"product","link":"http:\/\/www.lepetitepicurien.com\/fr\/product\/flavor-pearls-balsamic-vinegar-200g-7-06oz\/","title":{"rendered":"Perles de saveur Vinaigre balsamique \u2013 200 g\/7,06 oz"},"content":{"rendered":"<p>Savourez la perfection du vinaigre balsamique vieilli avec les perles de saveur au vinaigre balsamique de Christine Le Tennier. Chaque perle est un tr\u00e9sor de nuances complexes, acidul\u00e9es et sucr\u00e9es du vinaigre balsamique traditionnel, offrant une explosion concentr\u00e9e de magie m\u00e9diterran\u00e9enne. \u00c9l\u00e9gamment pr\u00e9sent\u00e9es dans un pot \u00e9l\u00e9gant, ces perles repr\u00e9sentent une fusion de la tradition italienne s\u00e9culaire avec l&#039;art culinaire d&#039;avant-garde. Elles sont parfaites pour orner les salades, les fromages, les viandes ou m\u00eame les fraises, introduisant des couches de saveur et de texture dans vos plats. Plongez dans un ballet culinaire de go\u00fbt et de tradition avec ces perles de vinaigre balsamique captivantes.<\/p>","protected":false},"excerpt":{"rendered":"<p>Savor the depth of aged perfection with Christine Le Tennier&#8217;s Balsamic Vinegar Flavor Pearls. Each pearl is a treasure trove of the complex, tangy-sweet nuances of traditional balsamic vinegar, offering a concentrated burst of Mediterranean magic. Elegantly presented in a stylish jar, these pearls represent a fusion of age-old Italian tradition with avant-garde culinary artistry. [&hellip;]<\/p>\n","protected":false},"featured_media":435,"template":"","meta":[],"product_brand":[],"product_cat":[36],"product_tag":[],"class_list":{"0":"post-405","1":"product","2":"type-product","3":"status-publish","4":"has-post-thumbnail","6":"product_cat-flavor-pearls","7":"product_shipping_class-cooler","9":"first","10":"instock","11":"taxable","12":"shipping-taxable","13":"purchasable","14":"product-type-simple"},"yoast_head":"<!-- This site is optimized with the Yoast SEO plugin v27.5 - https:\/\/yoast.com\/product\/yoast-seo-wordpress\/ -->\n<title>Flavor Pearls Balsamic Vinegar - 200g\/7.06oz - Le Petit Epicurien<\/title>\n<meta name=\"robots\" content=\"index, follow, max-snippet:-1, max-image-preview:large, max-video-preview:-1\" \/>\n<link rel=\"canonical\" href=\"https:\/\/www.lepetitepicurien.com\/fr\/produit\/perles-de-saveur-vinaigre-balsamique-200g-7-06oz\/\" \/>\n<meta property=\"og:locale\" content=\"fr_FR\" \/>\n<meta property=\"og:type\" content=\"article\" \/>\n<meta property=\"og:title\" content=\"Flavor Pearls Balsamic Vinegar - 200g\/7.06oz - Le Petit Epicurien\" \/>\n<meta property=\"og:description\" content=\"Savor the depth of aged perfection with Christine Le Tennier&#8217;s Balsamic Vinegar Flavor Pearls. Each pearl is a treasure trove of the complex, tangy-sweet nuances of traditional balsamic vinegar, offering a concentrated burst of Mediterranean magic. Elegantly presented in a stylish jar, these pearls represent a fusion of age-old Italian tradition with avant-garde culinary artistry. [&hellip;]\" \/>\n<meta property=\"og:url\" content=\"https:\/\/www.lepetitepicurien.com\/fr\/produit\/perles-de-saveur-vinaigre-balsamique-200g-7-06oz\/\" \/>\n<meta property=\"og:site_name\" content=\"Le Petit Epicurien\" \/>\n<meta property=\"article:modified_time\" content=\"2025-11-17T17:47:31+00:00\" \/>\n<meta property=\"og:image\" content=\"https:\/\/www.lepetitepicurien.com\/wp-content\/uploads\/2024\/08\/P45609-2-1.jpg\" \/>\n\t<meta property=\"og:image:width\" content=\"600\" \/>\n\t<meta property=\"og:image:height\" content=\"600\" \/>\n\t<meta property=\"og:image:type\" content=\"image\/jpeg\" \/>\n<meta name=\"twitter:card\" content=\"summary_large_image\" \/>\n<script type=\"application\/ld+json\" class=\"yoast-schema-graph\">{\"@context\":\"https:\\\/\\\/schema.org\",\"@graph\":[{\"@type\":\"WebPage\",\"@id\":\"https:\\\/\\\/www.lepetitepicurien.com\\\/product\\\/flavor-pearls-balsamic-vinegar-200g-7-06oz\\\/\",\"url\":\"https:\\\/\\\/www.lepetitepicurien.com\\\/product\\\/flavor-pearls-balsamic-vinegar-200g-7-06oz\\\/\",\"name\":\"Flavor Pearls Balsamic Vinegar - 200g\\\/7.06oz - Le Petit Epicurien\",\"isPartOf\":{\"@id\":\"https:\\\/\\\/www.lepetitepicurien.com\\\/#website\"},\"primaryImageOfPage\":{\"@id\":\"https:\\\/\\\/www.lepetitepicurien.com\\\/product\\\/flavor-pearls-balsamic-vinegar-200g-7-06oz\\\/#primaryimage\"},\"image\":{\"@id\":\"https:\\\/\\\/www.lepetitepicurien.com\\\/product\\\/flavor-pearls-balsamic-vinegar-200g-7-06oz\\\/#primaryimage\"},\"thumbnailUrl\":\"https:\\\/\\\/www.lepetitepicurien.com\\\/wp-content\\\/uploads\\\/2024\\\/08\\\/P45609-2-1.jpg\",\"datePublished\":\"2024-08-15T02:47:23+00:00\",\"dateModified\":\"2025-11-17T17:47:31+00:00\",\"breadcrumb\":{\"@id\":\"https:\\\/\\\/www.lepetitepicurien.com\\\/product\\\/flavor-pearls-balsamic-vinegar-200g-7-06oz\\\/#breadcrumb\"},\"inLanguage\":\"fr-FR\",\"potentialAction\":[{\"@type\":\"ReadAction\",\"target\":[\"https:\\\/\\\/www.lepetitepicurien.com\\\/product\\\/flavor-pearls-balsamic-vinegar-200g-7-06oz\\\/\"]}]},{\"@type\":\"ImageObject\",\"inLanguage\":\"fr-FR\",\"@id\":\"https:\\\/\\\/www.lepetitepicurien.com\\\/product\\\/flavor-pearls-balsamic-vinegar-200g-7-06oz\\\/#primaryimage\",\"url\":\"https:\\\/\\\/www.lepetitepicurien.com\\\/wp-content\\\/uploads\\\/2024\\\/08\\\/P45609-2-1.jpg\",\"contentUrl\":\"https:\\\/\\\/www.lepetitepicurien.com\\\/wp-content\\\/uploads\\\/2024\\\/08\\\/P45609-2-1.jpg\",\"width\":600,\"height\":600},{\"@type\":\"BreadcrumbList\",\"@id\":\"https:\\\/\\\/www.lepetitepicurien.com\\\/product\\\/flavor-pearls-balsamic-vinegar-200g-7-06oz\\\/#breadcrumb\",\"itemListElement\":[{\"@type\":\"ListItem\",\"position\":1,\"name\":\"Home\",\"item\":\"https:\\\/\\\/www.lepetitepicurien.com\\\/\"},{\"@type\":\"ListItem\",\"position\":2,\"name\":\"Shop\",\"item\":\"https:\\\/\\\/www.lepetitepicurien.com\\\/shop\\\/\"},{\"@type\":\"ListItem\",\"position\":3,\"name\":\"Flavor Pearls Balsamic Vinegar &#8211; 200g\\\/7.06oz\"}]},{\"@type\":\"WebSite\",\"@id\":\"https:\\\/\\\/www.lepetitepicurien.com\\\/#website\",\"url\":\"https:\\\/\\\/www.lepetitepicurien.com\\\/\",\"name\":\"Le Petit Epicurien\",\"description\":\"Online Grocery for European Gourmet Food\",\"publisher\":{\"@id\":\"https:\\\/\\\/www.lepetitepicurien.com\\\/#organization\"},\"potentialAction\":[{\"@type\":\"SearchAction\",\"target\":{\"@type\":\"EntryPoint\",\"urlTemplate\":\"https:\\\/\\\/www.lepetitepicurien.com\\\/?s={search_term_string}\"},\"query-input\":{\"@type\":\"PropertyValueSpecification\",\"valueRequired\":true,\"valueName\":\"search_term_string\"}}],\"inLanguage\":\"fr-FR\"},{\"@type\":\"Organization\",\"@id\":\"https:\\\/\\\/www.lepetitepicurien.com\\\/#organization\",\"name\":\"Le Petit Epicurien\",\"url\":\"https:\\\/\\\/www.lepetitepicurien.com\\\/\",\"logo\":{\"@type\":\"ImageObject\",\"inLanguage\":\"fr-FR\",\"@id\":\"https:\\\/\\\/www.lepetitepicurien.com\\\/#\\\/schema\\\/logo\\\/image\\\/\",\"url\":\"https:\\\/\\\/www.lepetitepicurien.com\\\/wp-content\\\/uploads\\\/2024\\\/03\\\/logo.png\",\"contentUrl\":\"https:\\\/\\\/www.lepetitepicurien.com\\\/wp-content\\\/uploads\\\/2024\\\/03\\\/logo.png\",\"width\":1024,\"height\":1024,\"caption\":\"Le Petit Epicurien\"},\"image\":{\"@id\":\"https:\\\/\\\/www.lepetitepicurien.com\\\/#\\\/schema\\\/logo\\\/image\\\/\"}}]}<\/script>\n<!-- \/ Yoast SEO plugin. -->","yoast_head_json":{"title":"Perles de saveur Vinaigre balsamique - 200g\/7.06oz - Le Petit Epicurien","robots":{"index":"index","follow":"follow","max-snippet":"max-snippet:-1","max-image-preview":"max-image-preview:large","max-video-preview":"max-video-preview:-1"},"canonical":"https:\/\/www.lepetitepicurien.com\/fr\/produit\/perles-de-saveur-vinaigre-balsamique-200g-7-06oz\/","og_locale":"fr_FR","og_type":"article","og_title":"Flavor Pearls Balsamic Vinegar - 200g\/7.06oz - Le Petit Epicurien","og_description":"Savor the depth of aged perfection with Christine Le Tennier&#8217;s Balsamic Vinegar Flavor Pearls. Each pearl is a treasure trove of the complex, tangy-sweet nuances of traditional balsamic vinegar, offering a concentrated burst of Mediterranean magic. Elegantly presented in a stylish jar, these pearls represent a fusion of age-old Italian tradition with avant-garde culinary artistry. [&hellip;]","og_url":"https:\/\/www.lepetitepicurien.com\/fr\/produit\/perles-de-saveur-vinaigre-balsamique-200g-7-06oz\/","og_site_name":"Le Petit Epicurien","article_modified_time":"2025-11-17T17:47:31+00:00","og_image":[{"width":600,"height":600,"url":"https:\/\/www.lepetitepicurien.com\/wp-content\/uploads\/2024\/08\/P45609-2-1.jpg","type":"image\/jpeg"}],"twitter_card":"summary_large_image","schema":{"@context":"https:\/\/schema.org","@graph":[{"@type":"WebPage","@id":"https:\/\/www.lepetitepicurien.com\/product\/flavor-pearls-balsamic-vinegar-200g-7-06oz\/","url":"https:\/\/www.lepetitepicurien.com\/product\/flavor-pearls-balsamic-vinegar-200g-7-06oz\/","name":"Perles de saveur Vinaigre balsamique - 200g\/7.06oz - Le Petit Epicurien","isPartOf":{"@id":"https:\/\/www.lepetitepicurien.com\/#website"},"primaryImageOfPage":{"@id":"https:\/\/www.lepetitepicurien.com\/product\/flavor-pearls-balsamic-vinegar-200g-7-06oz\/#primaryimage"},"image":{"@id":"https:\/\/www.lepetitepicurien.com\/product\/flavor-pearls-balsamic-vinegar-200g-7-06oz\/#primaryimage"},"thumbnailUrl":"https:\/\/www.lepetitepicurien.com\/wp-content\/uploads\/2024\/08\/P45609-2-1.jpg","datePublished":"2024-08-15T02:47:23+00:00","dateModified":"2025-11-17T17:47:31+00:00","breadcrumb":{"@id":"https:\/\/www.lepetitepicurien.com\/product\/flavor-pearls-balsamic-vinegar-200g-7-06oz\/#breadcrumb"},"inLanguage":"fr-FR","potentialAction":[{"@type":"ReadAction","target":["https:\/\/www.lepetitepicurien.com\/product\/flavor-pearls-balsamic-vinegar-200g-7-06oz\/"]}]},{"@type":"ImageObject","inLanguage":"fr-FR","@id":"https:\/\/www.lepetitepicurien.com\/product\/flavor-pearls-balsamic-vinegar-200g-7-06oz\/#primaryimage","url":"https:\/\/www.lepetitepicurien.com\/wp-content\/uploads\/2024\/08\/P45609-2-1.jpg","contentUrl":"https:\/\/www.lepetitepicurien.com\/wp-content\/uploads\/2024\/08\/P45609-2-1.jpg","width":600,"height":600},{"@type":"BreadcrumbList","@id":"https:\/\/www.lepetitepicurien.com\/product\/flavor-pearls-balsamic-vinegar-200g-7-06oz\/#breadcrumb","itemListElement":[{"@type":"ListItem","position":1,"name":"Home","item":"https:\/\/www.lepetitepicurien.com\/"},{"@type":"ListItem","position":2,"name":"Shop","item":"https:\/\/www.lepetitepicurien.com\/shop\/"},{"@type":"ListItem","position":3,"name":"Flavor Pearls Balsamic Vinegar &#8211; 200g\/7.06oz"}]},{"@type":"WebSite","@id":"https:\/\/www.lepetitepicurien.com\/#website","url":"https:\/\/www.lepetitepicurien.com\/","name":"Le Petit \u00c9picurien","description":"\u00c9picerie en ligne pour la gastronomie europ\u00e9enne","publisher":{"@id":"https:\/\/www.lepetitepicurien.com\/#organization"},"potentialAction":[{"@type":"SearchAction","target":{"@type":"EntryPoint","urlTemplate":"https:\/\/www.lepetitepicurien.com\/?s={search_term_string}"},"query-input":{"@type":"PropertyValueSpecification","valueRequired":true,"valueName":"search_term_string"}}],"inLanguage":"fr-FR"},{"@type":"Organization","@id":"https:\/\/www.lepetitepicurien.com\/#organization","name":"Le Petit \u00c9picurien","url":"https:\/\/www.lepetitepicurien.com\/","logo":{"@type":"ImageObject","inLanguage":"fr-FR","@id":"https:\/\/www.lepetitepicurien.com\/#\/schema\/logo\/image\/","url":"https:\/\/www.lepetitepicurien.com\/wp-content\/uploads\/2024\/03\/logo.png","contentUrl":"https:\/\/www.lepetitepicurien.com\/wp-content\/uploads\/2024\/03\/logo.png","width":1024,"height":1024,"caption":"Le Petit Epicurien"},"image":{"@id":"https:\/\/www.lepetitepicurien.com\/#\/schema\/logo\/image\/"}}]}},"jetpack_sharing_enabled":true,"_links":{"self":[{"href":"http:\/\/www.lepetitepicurien.com\/fr\/wp-json\/wp\/v2\/product\/405","targetHints":{"allow":["GET"]}}],"collection":[{"href":"http:\/\/www.lepetitepicurien.com\/fr\/wp-json\/wp\/v2\/product"}],"about":[{"href":"http:\/\/www.lepetitepicurien.com\/fr\/wp-json\/wp\/v2\/types\/product"}],"wp:featuredmedia":[{"embeddable":true,"href":"http:\/\/www.lepetitepicurien.com\/fr\/wp-json\/wp\/v2\/media\/435"}],"wp:attachment":[{"href":"http:\/\/www.lepetitepicurien.com\/fr\/wp-json\/wp\/v2\/media?parent=405"}],"wp:term":[{"taxonomy":"product_brand","embeddable":true,"href":"http:\/\/www.lepetitepicurien.com\/fr\/wp-json\/wp\/v2\/product_brand?post=405"},{"taxonomy":"product_cat","embeddable":true,"href":"http:\/\/www.lepetitepicurien.com\/fr\/wp-json\/wp\/v2\/product_cat?post=405"},{"taxonomy":"product_tag","embeddable":true,"href":"http:\/\/www.lepetitepicurien.com\/fr\/wp-json\/wp\/v2\/product_tag?post=405"}],"curies":[{"name":"wp","href":"https:\/\/api.w.org\/{rel}","templated":true}]}}