{"id":410,"date":"2024-08-14T22:47:24","date_gmt":"2024-08-15T02:47:24","guid":{"rendered":"https:\/\/www.lepetitepicurien.com\/?post_type=product&#038;p=410"},"modified":"2025-04-02T21:31:12","modified_gmt":"2025-04-03T01:31:12","slug":"apricot-preserves-bonne-maman-370g-13-05oz","status":"publish","type":"product","link":"http:\/\/www.lepetitepicurien.com\/fr\/product\/apricot-preserves-bonne-maman-370g-13-05oz\/","title":{"rendered":"Confiture d&#039;abricots Bonne Maman \u2013 370g\/13.05oz"},"content":{"rendered":"<p>Savourez la saveur authentique des abricots gorg\u00e9s de soleil avec les conserves d&#039;abricots de Bonne Maman. Dans ce g\u00e9n\u00e9reux pot de 370 g, l&#039;essence de l&#039;\u00e9t\u00e9 est captur\u00e9e et pr\u00e9serv\u00e9e \u00e0 l&#039;aide de recettes fran\u00e7aises traditionnelles. Fabriqu\u00e9es avec les meilleurs abricots et des ingr\u00e9dients simples et naturels, ces conserves d\u00e9gagent une couleur dor\u00e9e \u00e9clatante et contiennent de d\u00e9licieux morceaux de fruits, garantissant une v\u00e9ritable exp\u00e9rience d&#039;abricot \u00e0 chaque cuiller\u00e9e. Qu&#039;elles soient \u00e9tal\u00e9es sur une baguette croustillante, m\u00e9lang\u00e9es \u00e0 du yaourt ou utilis\u00e9es comme gla\u00e7age pour les p\u00e2tisseries, Bonne Maman vous transporte directement dans les cuisines rustiques de la France. D\u00e9couvrez la chaleur de la perfection faite maison !<\/p>","protected":false},"excerpt":{"rendered":"<p>Savor the authentic flavor of sun-kissed apricots with Bonne Maman&#8217;s Apricot Preserves. In this generous 370g jar, the essence of summer is captured and preserved using traditional French recipes. Made with the finest apricots and simple, natural ingredients, these preserves exude a radiant golden color and contain delightful chunks of fruit, ensuring a genuine apricot [&hellip;]<\/p>\n","protected":false},"featured_media":440,"template":"","meta":[],"product_brand":[],"product_cat":[97],"product_tag":[],"class_list":{"0":"post-410","1":"product","2":"type-product","3":"status-publish","4":"has-post-thumbnail","6":"product_cat-jams","7":"product_shipping_class-dry","9":"first","10":"instock","11":"taxable","12":"shipping-taxable","13":"purchasable","14":"product-type-simple"},"yoast_head":"<!-- This site is optimized with the Yoast SEO plugin v27.4 - https:\/\/yoast.com\/product\/yoast-seo-wordpress\/ -->\n<title>Apricot Preserves Bonne Maman - 370g\/13.05oz - Le Petit Epicurien<\/title>\n<meta name=\"robots\" content=\"index, follow, max-snippet:-1, max-image-preview:large, max-video-preview:-1\" \/>\n<link rel=\"canonical\" href=\"https:\/\/www.lepetitepicurien.com\/fr\/produit\/confiture-dabricots-bonne-maman-370g\/\" \/>\n<meta property=\"og:locale\" content=\"fr_FR\" \/>\n<meta property=\"og:type\" content=\"article\" \/>\n<meta property=\"og:title\" content=\"Apricot Preserves Bonne Maman - 370g\/13.05oz - Le Petit Epicurien\" \/>\n<meta property=\"og:description\" content=\"Savor the authentic flavor of sun-kissed apricots with Bonne Maman&#8217;s Apricot Preserves. In this generous 370g jar, the essence of summer is captured and preserved using traditional French recipes. Made with the finest apricots and simple, natural ingredients, these preserves exude a radiant golden color and contain delightful chunks of fruit, ensuring a genuine apricot [&hellip;]\" \/>\n<meta property=\"og:url\" content=\"https:\/\/www.lepetitepicurien.com\/fr\/produit\/confiture-dabricots-bonne-maman-370g\/\" \/>\n<meta property=\"og:site_name\" content=\"Le Petit Epicurien\" \/>\n<meta property=\"article:modified_time\" content=\"2025-04-03T01:31:12+00:00\" \/>\n<meta name=\"twitter:card\" content=\"summary_large_image\" \/>\n<script type=\"application\/ld+json\" class=\"yoast-schema-graph\">{\"@context\":\"https:\\\/\\\/schema.org\",\"@graph\":[{\"@type\":\"WebPage\",\"@id\":\"https:\\\/\\\/www.lepetitepicurien.com\\\/product\\\/apricot-preserves-bonne-maman-370g-13-05oz\\\/\",\"url\":\"https:\\\/\\\/www.lepetitepicurien.com\\\/product\\\/apricot-preserves-bonne-maman-370g-13-05oz\\\/\",\"name\":\"Apricot Preserves Bonne Maman - 370g\\\/13.05oz - Le Petit Epicurien\",\"isPartOf\":{\"@id\":\"https:\\\/\\\/www.lepetitepicurien.com\\\/#website\"},\"primaryImageOfPage\":{\"@id\":\"https:\\\/\\\/www.lepetitepicurien.com\\\/product\\\/apricot-preserves-bonne-maman-370g-13-05oz\\\/#primaryimage\"},\"image\":{\"@id\":\"https:\\\/\\\/www.lepetitepicurien.com\\\/product\\\/apricot-preserves-bonne-maman-370g-13-05oz\\\/#primaryimage\"},\"thumbnailUrl\":\"https:\\\/\\\/www.lepetitepicurien.com\\\/wp-content\\\/uploads\\\/2024\\\/08\\\/BAKAPRI-1.jpg\",\"datePublished\":\"2024-08-15T02:47:24+00:00\",\"dateModified\":\"2025-04-03T01:31:12+00:00\",\"breadcrumb\":{\"@id\":\"https:\\\/\\\/www.lepetitepicurien.com\\\/product\\\/apricot-preserves-bonne-maman-370g-13-05oz\\\/#breadcrumb\"},\"inLanguage\":\"fr-FR\",\"potentialAction\":[{\"@type\":\"ReadAction\",\"target\":[\"https:\\\/\\\/www.lepetitepicurien.com\\\/product\\\/apricot-preserves-bonne-maman-370g-13-05oz\\\/\"]}]},{\"@type\":\"ImageObject\",\"inLanguage\":\"fr-FR\",\"@id\":\"https:\\\/\\\/www.lepetitepicurien.com\\\/product\\\/apricot-preserves-bonne-maman-370g-13-05oz\\\/#primaryimage\",\"url\":\"https:\\\/\\\/www.lepetitepicurien.com\\\/wp-content\\\/uploads\\\/2024\\\/08\\\/BAKAPRI-1.jpg\",\"contentUrl\":\"https:\\\/\\\/www.lepetitepicurien.com\\\/wp-content\\\/uploads\\\/2024\\\/08\\\/BAKAPRI-1.jpg\",\"width\":600,\"height\":600},{\"@type\":\"BreadcrumbList\",\"@id\":\"https:\\\/\\\/www.lepetitepicurien.com\\\/product\\\/apricot-preserves-bonne-maman-370g-13-05oz\\\/#breadcrumb\",\"itemListElement\":[{\"@type\":\"ListItem\",\"position\":1,\"name\":\"Home\",\"item\":\"https:\\\/\\\/www.lepetitepicurien.com\\\/\"},{\"@type\":\"ListItem\",\"position\":2,\"name\":\"Shop\",\"item\":\"https:\\\/\\\/www.lepetitepicurien.com\\\/shop\\\/\"},{\"@type\":\"ListItem\",\"position\":3,\"name\":\"Apricot Preserves Bonne Maman &#8211; 370g\\\/13.05oz\"}]},{\"@type\":\"WebSite\",\"@id\":\"https:\\\/\\\/www.lepetitepicurien.com\\\/#website\",\"url\":\"https:\\\/\\\/www.lepetitepicurien.com\\\/\",\"name\":\"Le Petit Epicurien\",\"description\":\"Online Grocery for European Gourmet Food\",\"publisher\":{\"@id\":\"https:\\\/\\\/www.lepetitepicurien.com\\\/#organization\"},\"potentialAction\":[{\"@type\":\"SearchAction\",\"target\":{\"@type\":\"EntryPoint\",\"urlTemplate\":\"https:\\\/\\\/www.lepetitepicurien.com\\\/?s={search_term_string}\"},\"query-input\":{\"@type\":\"PropertyValueSpecification\",\"valueRequired\":true,\"valueName\":\"search_term_string\"}}],\"inLanguage\":\"fr-FR\"},{\"@type\":\"Organization\",\"@id\":\"https:\\\/\\\/www.lepetitepicurien.com\\\/#organization\",\"name\":\"Le Petit Epicurien\",\"url\":\"https:\\\/\\\/www.lepetitepicurien.com\\\/\",\"logo\":{\"@type\":\"ImageObject\",\"inLanguage\":\"fr-FR\",\"@id\":\"https:\\\/\\\/www.lepetitepicurien.com\\\/#\\\/schema\\\/logo\\\/image\\\/\",\"url\":\"https:\\\/\\\/www.lepetitepicurien.com\\\/wp-content\\\/uploads\\\/2024\\\/03\\\/logo.png\",\"contentUrl\":\"https:\\\/\\\/www.lepetitepicurien.com\\\/wp-content\\\/uploads\\\/2024\\\/03\\\/logo.png\",\"width\":1024,\"height\":1024,\"caption\":\"Le Petit Epicurien\"},\"image\":{\"@id\":\"https:\\\/\\\/www.lepetitepicurien.com\\\/#\\\/schema\\\/logo\\\/image\\\/\"}}]}<\/script>\n<!-- \/ Yoast SEO plugin. -->","yoast_head_json":{"title":"Confiture d&#039;abricots Bonne Maman - 370g - Le Petit Epicurien","robots":{"index":"index","follow":"follow","max-snippet":"max-snippet:-1","max-image-preview":"max-image-preview:large","max-video-preview":"max-video-preview:-1"},"canonical":"https:\/\/www.lepetitepicurien.com\/fr\/produit\/confiture-dabricots-bonne-maman-370g\/","og_locale":"fr_FR","og_type":"article","og_title":"Apricot Preserves Bonne Maman - 370g\/13.05oz - Le Petit Epicurien","og_description":"Savor the authentic flavor of sun-kissed apricots with Bonne Maman&#8217;s Apricot Preserves. In this generous 370g jar, the essence of summer is captured and preserved using traditional French recipes. Made with the finest apricots and simple, natural ingredients, these preserves exude a radiant golden color and contain delightful chunks of fruit, ensuring a genuine apricot [&hellip;]","og_url":"https:\/\/www.lepetitepicurien.com\/fr\/produit\/confiture-dabricots-bonne-maman-370g\/","og_site_name":"Le Petit Epicurien","article_modified_time":"2025-04-03T01:31:12+00:00","twitter_card":"summary_large_image","schema":{"@context":"https:\/\/schema.org","@graph":[{"@type":"WebPage","@id":"https:\/\/www.lepetitepicurien.com\/product\/apricot-preserves-bonne-maman-370g-13-05oz\/","url":"https:\/\/www.lepetitepicurien.com\/product\/apricot-preserves-bonne-maman-370g-13-05oz\/","name":"Confiture d&#039;abricots Bonne Maman - 370g - Le Petit Epicurien","isPartOf":{"@id":"https:\/\/www.lepetitepicurien.com\/#website"},"primaryImageOfPage":{"@id":"https:\/\/www.lepetitepicurien.com\/product\/apricot-preserves-bonne-maman-370g-13-05oz\/#primaryimage"},"image":{"@id":"https:\/\/www.lepetitepicurien.com\/product\/apricot-preserves-bonne-maman-370g-13-05oz\/#primaryimage"},"thumbnailUrl":"https:\/\/www.lepetitepicurien.com\/wp-content\/uploads\/2024\/08\/BAKAPRI-1.jpg","datePublished":"2024-08-15T02:47:24+00:00","dateModified":"2025-04-03T01:31:12+00:00","breadcrumb":{"@id":"https:\/\/www.lepetitepicurien.com\/product\/apricot-preserves-bonne-maman-370g-13-05oz\/#breadcrumb"},"inLanguage":"fr-FR","potentialAction":[{"@type":"ReadAction","target":["https:\/\/www.lepetitepicurien.com\/product\/apricot-preserves-bonne-maman-370g-13-05oz\/"]}]},{"@type":"ImageObject","inLanguage":"fr-FR","@id":"https:\/\/www.lepetitepicurien.com\/product\/apricot-preserves-bonne-maman-370g-13-05oz\/#primaryimage","url":"https:\/\/www.lepetitepicurien.com\/wp-content\/uploads\/2024\/08\/BAKAPRI-1.jpg","contentUrl":"https:\/\/www.lepetitepicurien.com\/wp-content\/uploads\/2024\/08\/BAKAPRI-1.jpg","width":600,"height":600},{"@type":"BreadcrumbList","@id":"https:\/\/www.lepetitepicurien.com\/product\/apricot-preserves-bonne-maman-370g-13-05oz\/#breadcrumb","itemListElement":[{"@type":"ListItem","position":1,"name":"Home","item":"https:\/\/www.lepetitepicurien.com\/"},{"@type":"ListItem","position":2,"name":"Shop","item":"https:\/\/www.lepetitepicurien.com\/shop\/"},{"@type":"ListItem","position":3,"name":"Apricot Preserves Bonne Maman &#8211; 370g\/13.05oz"}]},{"@type":"WebSite","@id":"https:\/\/www.lepetitepicurien.com\/#website","url":"https:\/\/www.lepetitepicurien.com\/","name":"Le Petit \u00c9picurien","description":"\u00c9picerie en ligne pour la gastronomie europ\u00e9enne","publisher":{"@id":"https:\/\/www.lepetitepicurien.com\/#organization"},"potentialAction":[{"@type":"SearchAction","target":{"@type":"EntryPoint","urlTemplate":"https:\/\/www.lepetitepicurien.com\/?s={search_term_string}"},"query-input":{"@type":"PropertyValueSpecification","valueRequired":true,"valueName":"search_term_string"}}],"inLanguage":"fr-FR"},{"@type":"Organization","@id":"https:\/\/www.lepetitepicurien.com\/#organization","name":"Le Petit \u00c9picurien","url":"https:\/\/www.lepetitepicurien.com\/","logo":{"@type":"ImageObject","inLanguage":"fr-FR","@id":"https:\/\/www.lepetitepicurien.com\/#\/schema\/logo\/image\/","url":"https:\/\/www.lepetitepicurien.com\/wp-content\/uploads\/2024\/03\/logo.png","contentUrl":"https:\/\/www.lepetitepicurien.com\/wp-content\/uploads\/2024\/03\/logo.png","width":1024,"height":1024,"caption":"Le Petit Epicurien"},"image":{"@id":"https:\/\/www.lepetitepicurien.com\/#\/schema\/logo\/image\/"}}]}},"jetpack_sharing_enabled":true,"_links":{"self":[{"href":"http:\/\/www.lepetitepicurien.com\/fr\/wp-json\/wp\/v2\/product\/410","targetHints":{"allow":["GET"]}}],"collection":[{"href":"http:\/\/www.lepetitepicurien.com\/fr\/wp-json\/wp\/v2\/product"}],"about":[{"href":"http:\/\/www.lepetitepicurien.com\/fr\/wp-json\/wp\/v2\/types\/product"}],"wp:featuredmedia":[{"embeddable":true,"href":"http:\/\/www.lepetitepicurien.com\/fr\/wp-json\/wp\/v2\/media\/440"}],"wp:attachment":[{"href":"http:\/\/www.lepetitepicurien.com\/fr\/wp-json\/wp\/v2\/media?parent=410"}],"wp:term":[{"taxonomy":"product_brand","embeddable":true,"href":"http:\/\/www.lepetitepicurien.com\/fr\/wp-json\/wp\/v2\/product_brand?post=410"},{"taxonomy":"product_cat","embeddable":true,"href":"http:\/\/www.lepetitepicurien.com\/fr\/wp-json\/wp\/v2\/product_cat?post=410"},{"taxonomy":"product_tag","embeddable":true,"href":"http:\/\/www.lepetitepicurien.com\/fr\/wp-json\/wp\/v2\/product_tag?post=410"}],"curies":[{"name":"wp","href":"https:\/\/api.w.org\/{rel}","templated":true}]}}