{"id":448,"date":"2024-08-14T22:47:46","date_gmt":"2024-08-15T02:47:46","guid":{"rendered":"https:\/\/www.lepetitepicurien.com\/?post_type=product&#038;p=448"},"modified":"2025-04-02T21:31:13","modified_gmt":"2025-04-03T01:31:13","slug":"apricot-preserves-bonne-maman-28g-1oz-pack-of-15","status":"publish","type":"product","link":"http:\/\/www.lepetitepicurien.com\/fr\/product\/apricot-preserves-bonne-maman-28g-1oz-pack-of-15\/","title":{"rendered":"Confiture d&#039;abricots Bonne Maman \u2013 28g\/1oz \u2013 paquet de 15"},"content":{"rendered":"<p>Laissez-vous tenter par le go\u00fbt intemporel des abricots m\u00fbris au soleil avec les conserves d&#039;abricots de Bonne Maman. Issu d&#039;une marque de confiance dans les conserves traditionnelles fran\u00e7aises, ce pot de 1,0 oz capture l&#039;essence de l&#039;\u00e9t\u00e9 dans chaque tartinade. Fabriqu\u00e9es avec des ingr\u00e9dients simples et naturels, les conserves pr\u00e9sentent une teinte riche et dor\u00e9e et des morceaux de fruits \u00e9pais, garantissant une exp\u00e9rience authentique d&#039;abricot \u00e0 chaque bouch\u00e9e. Parfait pour vos toasts du matin, vos p\u00e2tisseries ou comme garniture gastronomique, Bonne Maman apporte une touche de charme de la campagne fran\u00e7aise \u00e0 votre table. Savourez la douce nostalgie des d\u00e9lices faits maison !<\/p>","protected":false},"excerpt":{"rendered":"<p>Indulge in the timeless taste of sun-ripened apricots with Bonne Maman&#8217;s Apricot Preserves. Hailing from a trusted name in traditional French preserves, this 1.0 oz jar captures the essence of summer in every spread. Crafted with simple, natural ingredients, the preserves boast a rich, golden hue and chunky fruit pieces, ensuring an authentic apricot experience [&hellip;]<\/p>\n","protected":false},"featured_media":478,"template":"","meta":[],"product_brand":[],"product_cat":[97],"product_tag":[],"class_list":{"0":"post-448","1":"product","2":"type-product","3":"status-publish","4":"has-post-thumbnail","6":"product_cat-jams","7":"product_shipping_class-dry","9":"first","10":"instock","11":"taxable","12":"shipping-taxable","13":"purchasable","14":"product-type-simple"},"yoast_head":"<!-- This site is optimized with the Yoast SEO plugin v27.4 - https:\/\/yoast.com\/product\/yoast-seo-wordpress\/ -->\n<title>Apricot Preserves Bonne Maman - 28g\/1oz - pack of 15 - Le Petit Epicurien<\/title>\n<meta name=\"robots\" content=\"index, follow, max-snippet:-1, max-image-preview:large, max-video-preview:-1\" \/>\n<link rel=\"canonical\" href=\"https:\/\/www.lepetitepicurien.com\/fr\/produit\/confiture-dabricots-bonne-maman-28g-1oz-paquet-de-15\/\" \/>\n<meta property=\"og:locale\" content=\"fr_FR\" \/>\n<meta property=\"og:type\" content=\"article\" \/>\n<meta property=\"og:title\" content=\"Apricot Preserves Bonne Maman - 28g\/1oz - pack of 15 - Le Petit Epicurien\" \/>\n<meta property=\"og:description\" content=\"Indulge in the timeless taste of sun-ripened apricots with Bonne Maman&#8217;s Apricot Preserves. Hailing from a trusted name in traditional French preserves, this 1.0 oz jar captures the essence of summer in every spread. Crafted with simple, natural ingredients, the preserves boast a rich, golden hue and chunky fruit pieces, ensuring an authentic apricot experience [&hellip;]\" \/>\n<meta property=\"og:url\" content=\"https:\/\/www.lepetitepicurien.com\/fr\/produit\/confiture-dabricots-bonne-maman-28g-1oz-paquet-de-15\/\" \/>\n<meta property=\"og:site_name\" content=\"Le Petit Epicurien\" \/>\n<meta property=\"article:modified_time\" content=\"2025-04-03T01:31:13+00:00\" \/>\n<meta name=\"twitter:card\" content=\"summary_large_image\" \/>\n<script type=\"application\/ld+json\" class=\"yoast-schema-graph\">{\"@context\":\"https:\\\/\\\/schema.org\",\"@graph\":[{\"@type\":\"WebPage\",\"@id\":\"https:\\\/\\\/www.lepetitepicurien.com\\\/product\\\/apricot-preserves-bonne-maman-28g-1oz-pack-of-15\\\/\",\"url\":\"https:\\\/\\\/www.lepetitepicurien.com\\\/product\\\/apricot-preserves-bonne-maman-28g-1oz-pack-of-15\\\/\",\"name\":\"Apricot Preserves Bonne Maman - 28g\\\/1oz - pack of 15 - Le Petit Epicurien\",\"isPartOf\":{\"@id\":\"https:\\\/\\\/www.lepetitepicurien.com\\\/#website\"},\"primaryImageOfPage\":{\"@id\":\"https:\\\/\\\/www.lepetitepicurien.com\\\/product\\\/apricot-preserves-bonne-maman-28g-1oz-pack-of-15\\\/#primaryimage\"},\"image\":{\"@id\":\"https:\\\/\\\/www.lepetitepicurien.com\\\/product\\\/apricot-preserves-bonne-maman-28g-1oz-pack-of-15\\\/#primaryimage\"},\"thumbnailUrl\":\"https:\\\/\\\/www.lepetitepicurien.com\\\/wp-content\\\/uploads\\\/2024\\\/08\\\/BAKW003-2-1.jpg\",\"datePublished\":\"2024-08-15T02:47:46+00:00\",\"dateModified\":\"2025-04-03T01:31:13+00:00\",\"breadcrumb\":{\"@id\":\"https:\\\/\\\/www.lepetitepicurien.com\\\/product\\\/apricot-preserves-bonne-maman-28g-1oz-pack-of-15\\\/#breadcrumb\"},\"inLanguage\":\"fr-FR\",\"potentialAction\":[{\"@type\":\"ReadAction\",\"target\":[\"https:\\\/\\\/www.lepetitepicurien.com\\\/product\\\/apricot-preserves-bonne-maman-28g-1oz-pack-of-15\\\/\"]}]},{\"@type\":\"ImageObject\",\"inLanguage\":\"fr-FR\",\"@id\":\"https:\\\/\\\/www.lepetitepicurien.com\\\/product\\\/apricot-preserves-bonne-maman-28g-1oz-pack-of-15\\\/#primaryimage\",\"url\":\"https:\\\/\\\/www.lepetitepicurien.com\\\/wp-content\\\/uploads\\\/2024\\\/08\\\/BAKW003-2-1.jpg\",\"contentUrl\":\"https:\\\/\\\/www.lepetitepicurien.com\\\/wp-content\\\/uploads\\\/2024\\\/08\\\/BAKW003-2-1.jpg\",\"width\":600,\"height\":600},{\"@type\":\"BreadcrumbList\",\"@id\":\"https:\\\/\\\/www.lepetitepicurien.com\\\/product\\\/apricot-preserves-bonne-maman-28g-1oz-pack-of-15\\\/#breadcrumb\",\"itemListElement\":[{\"@type\":\"ListItem\",\"position\":1,\"name\":\"Home\",\"item\":\"https:\\\/\\\/www.lepetitepicurien.com\\\/\"},{\"@type\":\"ListItem\",\"position\":2,\"name\":\"Shop\",\"item\":\"https:\\\/\\\/www.lepetitepicurien.com\\\/shop\\\/\"},{\"@type\":\"ListItem\",\"position\":3,\"name\":\"Apricot Preserves Bonne Maman &#8211; 28g\\\/1oz &#8211; pack of 15\"}]},{\"@type\":\"WebSite\",\"@id\":\"https:\\\/\\\/www.lepetitepicurien.com\\\/#website\",\"url\":\"https:\\\/\\\/www.lepetitepicurien.com\\\/\",\"name\":\"Le Petit Epicurien\",\"description\":\"Online Grocery for European Gourmet Food\",\"publisher\":{\"@id\":\"https:\\\/\\\/www.lepetitepicurien.com\\\/#organization\"},\"potentialAction\":[{\"@type\":\"SearchAction\",\"target\":{\"@type\":\"EntryPoint\",\"urlTemplate\":\"https:\\\/\\\/www.lepetitepicurien.com\\\/?s={search_term_string}\"},\"query-input\":{\"@type\":\"PropertyValueSpecification\",\"valueRequired\":true,\"valueName\":\"search_term_string\"}}],\"inLanguage\":\"fr-FR\"},{\"@type\":\"Organization\",\"@id\":\"https:\\\/\\\/www.lepetitepicurien.com\\\/#organization\",\"name\":\"Le Petit Epicurien\",\"url\":\"https:\\\/\\\/www.lepetitepicurien.com\\\/\",\"logo\":{\"@type\":\"ImageObject\",\"inLanguage\":\"fr-FR\",\"@id\":\"https:\\\/\\\/www.lepetitepicurien.com\\\/#\\\/schema\\\/logo\\\/image\\\/\",\"url\":\"https:\\\/\\\/www.lepetitepicurien.com\\\/wp-content\\\/uploads\\\/2024\\\/03\\\/logo.png\",\"contentUrl\":\"https:\\\/\\\/www.lepetitepicurien.com\\\/wp-content\\\/uploads\\\/2024\\\/03\\\/logo.png\",\"width\":1024,\"height\":1024,\"caption\":\"Le Petit Epicurien\"},\"image\":{\"@id\":\"https:\\\/\\\/www.lepetitepicurien.com\\\/#\\\/schema\\\/logo\\\/image\\\/\"}}]}<\/script>\n<!-- \/ Yoast SEO plugin. -->","yoast_head_json":{"title":"Confitures d&#039;abricots Bonne Maman - 28 g - paquet de 15 - Le Petit Epicurien","robots":{"index":"index","follow":"follow","max-snippet":"max-snippet:-1","max-image-preview":"max-image-preview:large","max-video-preview":"max-video-preview:-1"},"canonical":"https:\/\/www.lepetitepicurien.com\/fr\/produit\/confiture-dabricots-bonne-maman-28g-1oz-paquet-de-15\/","og_locale":"fr_FR","og_type":"article","og_title":"Apricot Preserves Bonne Maman - 28g\/1oz - pack of 15 - Le Petit Epicurien","og_description":"Indulge in the timeless taste of sun-ripened apricots with Bonne Maman&#8217;s Apricot Preserves. Hailing from a trusted name in traditional French preserves, this 1.0 oz jar captures the essence of summer in every spread. Crafted with simple, natural ingredients, the preserves boast a rich, golden hue and chunky fruit pieces, ensuring an authentic apricot experience [&hellip;]","og_url":"https:\/\/www.lepetitepicurien.com\/fr\/produit\/confiture-dabricots-bonne-maman-28g-1oz-paquet-de-15\/","og_site_name":"Le Petit Epicurien","article_modified_time":"2025-04-03T01:31:13+00:00","twitter_card":"summary_large_image","schema":{"@context":"https:\/\/schema.org","@graph":[{"@type":"WebPage","@id":"https:\/\/www.lepetitepicurien.com\/product\/apricot-preserves-bonne-maman-28g-1oz-pack-of-15\/","url":"https:\/\/www.lepetitepicurien.com\/product\/apricot-preserves-bonne-maman-28g-1oz-pack-of-15\/","name":"Confitures d&#039;abricots Bonne Maman - 28 g - paquet de 15 - Le Petit Epicurien","isPartOf":{"@id":"https:\/\/www.lepetitepicurien.com\/#website"},"primaryImageOfPage":{"@id":"https:\/\/www.lepetitepicurien.com\/product\/apricot-preserves-bonne-maman-28g-1oz-pack-of-15\/#primaryimage"},"image":{"@id":"https:\/\/www.lepetitepicurien.com\/product\/apricot-preserves-bonne-maman-28g-1oz-pack-of-15\/#primaryimage"},"thumbnailUrl":"https:\/\/www.lepetitepicurien.com\/wp-content\/uploads\/2024\/08\/BAKW003-2-1.jpg","datePublished":"2024-08-15T02:47:46+00:00","dateModified":"2025-04-03T01:31:13+00:00","breadcrumb":{"@id":"https:\/\/www.lepetitepicurien.com\/product\/apricot-preserves-bonne-maman-28g-1oz-pack-of-15\/#breadcrumb"},"inLanguage":"fr-FR","potentialAction":[{"@type":"ReadAction","target":["https:\/\/www.lepetitepicurien.com\/product\/apricot-preserves-bonne-maman-28g-1oz-pack-of-15\/"]}]},{"@type":"ImageObject","inLanguage":"fr-FR","@id":"https:\/\/www.lepetitepicurien.com\/product\/apricot-preserves-bonne-maman-28g-1oz-pack-of-15\/#primaryimage","url":"https:\/\/www.lepetitepicurien.com\/wp-content\/uploads\/2024\/08\/BAKW003-2-1.jpg","contentUrl":"https:\/\/www.lepetitepicurien.com\/wp-content\/uploads\/2024\/08\/BAKW003-2-1.jpg","width":600,"height":600},{"@type":"BreadcrumbList","@id":"https:\/\/www.lepetitepicurien.com\/product\/apricot-preserves-bonne-maman-28g-1oz-pack-of-15\/#breadcrumb","itemListElement":[{"@type":"ListItem","position":1,"name":"Home","item":"https:\/\/www.lepetitepicurien.com\/"},{"@type":"ListItem","position":2,"name":"Shop","item":"https:\/\/www.lepetitepicurien.com\/shop\/"},{"@type":"ListItem","position":3,"name":"Apricot Preserves Bonne Maman &#8211; 28g\/1oz &#8211; pack of 15"}]},{"@type":"WebSite","@id":"https:\/\/www.lepetitepicurien.com\/#website","url":"https:\/\/www.lepetitepicurien.com\/","name":"Le Petit \u00c9picurien","description":"\u00c9picerie en ligne pour la gastronomie europ\u00e9enne","publisher":{"@id":"https:\/\/www.lepetitepicurien.com\/#organization"},"potentialAction":[{"@type":"SearchAction","target":{"@type":"EntryPoint","urlTemplate":"https:\/\/www.lepetitepicurien.com\/?s={search_term_string}"},"query-input":{"@type":"PropertyValueSpecification","valueRequired":true,"valueName":"search_term_string"}}],"inLanguage":"fr-FR"},{"@type":"Organization","@id":"https:\/\/www.lepetitepicurien.com\/#organization","name":"Le Petit \u00c9picurien","url":"https:\/\/www.lepetitepicurien.com\/","logo":{"@type":"ImageObject","inLanguage":"fr-FR","@id":"https:\/\/www.lepetitepicurien.com\/#\/schema\/logo\/image\/","url":"https:\/\/www.lepetitepicurien.com\/wp-content\/uploads\/2024\/03\/logo.png","contentUrl":"https:\/\/www.lepetitepicurien.com\/wp-content\/uploads\/2024\/03\/logo.png","width":1024,"height":1024,"caption":"Le Petit Epicurien"},"image":{"@id":"https:\/\/www.lepetitepicurien.com\/#\/schema\/logo\/image\/"}}]}},"jetpack_sharing_enabled":true,"_links":{"self":[{"href":"http:\/\/www.lepetitepicurien.com\/fr\/wp-json\/wp\/v2\/product\/448","targetHints":{"allow":["GET"]}}],"collection":[{"href":"http:\/\/www.lepetitepicurien.com\/fr\/wp-json\/wp\/v2\/product"}],"about":[{"href":"http:\/\/www.lepetitepicurien.com\/fr\/wp-json\/wp\/v2\/types\/product"}],"wp:featuredmedia":[{"embeddable":true,"href":"http:\/\/www.lepetitepicurien.com\/fr\/wp-json\/wp\/v2\/media\/478"}],"wp:attachment":[{"href":"http:\/\/www.lepetitepicurien.com\/fr\/wp-json\/wp\/v2\/media?parent=448"}],"wp:term":[{"taxonomy":"product_brand","embeddable":true,"href":"http:\/\/www.lepetitepicurien.com\/fr\/wp-json\/wp\/v2\/product_brand?post=448"},{"taxonomy":"product_cat","embeddable":true,"href":"http:\/\/www.lepetitepicurien.com\/fr\/wp-json\/wp\/v2\/product_cat?post=448"},{"taxonomy":"product_tag","embeddable":true,"href":"http:\/\/www.lepetitepicurien.com\/fr\/wp-json\/wp\/v2\/product_tag?post=448"}],"curies":[{"name":"wp","href":"https:\/\/api.w.org\/{rel}","templated":true}]}}